{"id":413,"date":"2024-02-18T01:53:02","date_gmt":"2024-02-18T00:53:02","guid":{"rendered":"https:\/\/www.nordshark.com\/?post_type=product&#038;p=413"},"modified":"2024-03-04T14:03:20","modified_gmt":"2024-03-04T13:03:20","slug":"buy-german-instagram-story-views","status":"publish","type":"product","link":"https:\/\/www.nordshark.com\/it\/product\/comprare-visualizzazioni-storia-instagram-tedeschi\/","title":{"rendered":"Visualizzazioni delle storie di Instagram in tedesco"},"content":{"rendered":"<div id=\"fws_69fb6030d215d\"  data-column-margin=\"default\" data-midnight=\"dark\" data-top-percent=\"8%\"  class=\"wpb_row vc_row-fluid vc_row full-width-section  right_padding_10pct left_padding_10pct\"  style=\"padding-top: calc(100vw * 0.08); padding-bottom: 0px; \"><div class=\"row-bg-wrap\" data-bg-animation=\"none\" data-bg-animation-delay=\"\" data-bg-overlay=\"false\"><div class=\"inner-wrap row-bg-layer\" ><div class=\"row-bg viewport-desktop\"  style=\"\"><\/div><\/div><\/div><div class=\"row_col_wrap_12 col span_12 dark left\">\n\t<div  class=\"vc_col-sm-12 wpb_column column_container vc_column_container col no-extra-padding inherit_tablet inherit_phone\"  data-padding-pos=\"all\" data-has-bg-color=\"false\" data-bg-color=\"\" data-bg-opacity=\"1\" data-animation=\"\" data-delay=\"0\" >\n\t\t<div class=\"vc_column-inner\" >\n\t\t\t<div class=\"wpb_wrapper\">\n\t\t\t\t<div id=\"fws_69fb6030d2249\" data-midnight=\"\" data-column-margin=\"default\" class=\"wpb_row vc_row-fluid vc_row inner_row\"  style=\"padding-bottom: 4%; \"><div class=\"row-bg-wrap\"> <div class=\"row-bg\" ><\/div> <\/div><div class=\"row_col_wrap_12_inner col span_12  left\">\n\t<div  class=\"vc_col-sm-12 wpb_column column_container vc_column_container col child_column centered-text no-extra-padding inherit_tablet inherit_phone\"   data-padding-pos=\"all\" data-has-bg-color=\"false\" data-bg-color=\"\" data-bg-opacity=\"1\" data-animation=\"\" data-delay=\"0\" >\n\t\t<div class=\"vc_column-inner\" >\n\t\t<div class=\"wpb_wrapper\">\n\t\t\t<div class=\"nectar-highlighted-text font_size_2vw font_size_tablet_6vw font_line_height_1-0\" data-style=\"none\" data-exp=\"default\" data-using-custom-color=\"false\" data-animation-delay=\"false\" data-color=\"\" data-color-gradient=\"\" style=\"\"><h3>Domande frequenti<\/h3>\n<\/div>\n\t\t<\/div> \n\t<\/div>\n\t<\/div> \n<\/div><\/div>\n\t\t\t<\/div> \n\t\t<\/div>\n\t<\/div> \n<\/div><\/div>\n\t\t<div id=\"fws_69fb6030d2354\"  data-column-margin=\"custom\" data-midnight=\"dark\" data-top-percent=\"3%\" data-bottom-percent=\"3%\"  class=\"wpb_row vc_row-fluid vc_row full-width-content vc_row-o-equal-height vc_row-flex vc_row-o-content-middle  right_padding_7vw left_padding_7vw column-margin-7vw top_padding_phone_10pct bottom_padding_phone_10pct\"  style=\"padding-top: calc(100vw * 0.03); padding-bottom: calc(100vw * 0.03); \"><div class=\"row-bg-wrap\" data-bg-animation=\"none\" data-bg-animation-delay=\"\" data-bg-overlay=\"false\"><div class=\"inner-wrap row-bg-layer\" ><div class=\"row-bg viewport-desktop using-bg-color\"  style=\"background-color: #f8f8f8; \"><\/div><\/div><\/div><div class=\"row_col_wrap_12 col span_12 dark left\">\n\t<div  class=\"vc_col-sm-6 wpb_column column_container vc_column_container col left_padding_desktop_2vw\"  data-padding-pos=\"all\" data-has-bg-color=\"false\" data-bg-color=\"\" data-bg-opacity=\"1\" data-animation=\"\" data-delay=\"0\" >\n\t\t<div class=\"vc_column-inner\" >\n\t\t\t<div class=\"wpb_wrapper\">\n\t\t\t\t<div class=\"toggles accordion\" data-br=\"\" data-starting=\"default\" data-style=\"minimal\"><div class=\"toggle accent-color\" data-inner-wrap=\"true\"><h3 class=\"toggle-title\"><a href=\"#\" role=\"button\" class=\"nectar-inherit-h4 toggle-heading\"><i role=\"presentation\" class=\"fa fa-plus-circle\"><\/i>Quanto tempo ci vuole per la consegna dei Visualizzatori di Storia su Instagram in tedesco?<\/a><\/h3><div><div class=\"inner-toggle-wrap\">\n<div class=\"wpb_text_column wpb_content_element\" >\n\t<div class=\"wpb_wrapper\">\n\t\t<p>La consegna delle visualizzazioni delle storie di Instagram tedesche di solito inizia entro 1 ora dall'ordine, e la durata esatta pu\u00f2 variare a seconda del pacchetto scelto e della quantit\u00e0 dell'ordine.<\/p>\n\t<\/div>\n<\/div>\n\n\n\n<\/div><\/div><\/div><div class=\"toggle accent-color\" data-inner-wrap=\"true\"><h3 class=\"toggle-title\"><a href=\"#\" role=\"button\" class=\"nectar-inherit-h4 toggle-heading\"><i role=\"presentation\" class=\"fa fa-plus-circle\"><\/i>Perch\u00e9 dovresti comprare visualizzazioni per le storie su Instagram in lingua tedesca?<\/a><\/h3><div><div class=\"inner-toggle-wrap\">\n<div class=\"wpb_text_column wpb_content_element\" >\n\t<div class=\"wpb_wrapper\">\n\t\t<p>Acquistare visualizzazioni delle storie su Instagram tedesche pu\u00f2 aumentare la tua visibilit\u00e0 e attirare pi\u00f9 attenzione al tuo profilo, soprattutto se stai mirando a un pubblico tedesco.<\/p>\n\t<\/div>\n<\/div>\n\n\n\n<\/div><\/div><\/div><div class=\"toggle accent-color\" data-inner-wrap=\"true\"><h3 class=\"toggle-title\"><a href=\"#\" role=\"button\" class=\"nectar-inherit-h4 toggle-heading\"><i role=\"presentation\" class=\"fa fa-plus-circle\"><\/i>Le visualizzazioni delle storie su Instagram provengono da utenti reali?<\/a><\/h3><div><div class=\"inner-toggle-wrap\">\n<div class=\"wpb_text_column wpb_content_element\" >\n\t<div class=\"wpb_wrapper\">\n\t\t<p>S\u00ec, da Nordshark ci assicuriamo che le visualizzazioni delle storie su Instagram che ricevi siano da utenti reali e attivi. Crediamo nel fornire un coinvolgimento autentico per i nostri clienti.<\/p>\n\t<\/div>\n<\/div>\n\n\n\n<\/div><\/div><\/div><\/div>\n\n\n\n\n\n\n\n\n\n\n\n\n\n\n\n\n\n\n\n\n\t\t\t<\/div> \n\t\t<\/div>\n\t<\/div> \n\n\t<div  class=\"vc_col-sm-6 vc_hidden-sm vc_hidden-xs wpb_column column_container vc_column_container col top_margin_tablet_10pct right_padding_desktop_2vw\"  data-padding-pos=\"all\" data-has-bg-color=\"false\" data-bg-color=\"\" data-bg-opacity=\"1\" data-animation=\"\" data-delay=\"0\" >\n\t\t<div class=\"vc_column-inner\" >\n\t\t\t<div class=\"wpb_wrapper\">\n\t\t\t\t<div id=\"fws_69fb6030d253c\" data-midnight=\"\" data-column-margin=\"default\" class=\"wpb_row vc_row-fluid vc_row inner_row\"  style=\"\"><div class=\"row-bg-wrap\"> <div class=\"row-bg\" ><\/div> <\/div><div class=\"row_col_wrap_12_inner col span_12  left\">\n\t<div  class=\"vc_col-sm-12 wpb_column column_container vc_column_container col child_column col-overflow-hidden mask_shape_circle-rect mask_size_contain top_padding_desktop_20pct bottom_padding_desktop_20pct\"   data-border-radius=\"15px\" data-video-bg=\"true\" data-overlay-color=\"true\" data-padding-pos=\"all\" data-has-bg-color=\"false\" data-bg-color=\"\" data-bg-opacity=\"1\" data-animation=\"\" data-delay=\"0\" >\n\t\t<div class=\"vc_column-inner\" >\n  <div class=\"nectar-video-wrap column-bg-layer column-video\">\n        <video class=\"nectar-video-bg\" width=\"1800\" height=\"700\" preload=\"auto\" loop autoplay muted playsinline><source src=\"https:\/\/www.nordshark.com\/wp-content\/uploads\/2024\/02\/faq2.mp4\"  type=\"video\/mp4\"><\/video><\/div><div class=\"column-bg-overlay-wrap column-bg-layer\" data-bg-animation=\"none\"><div class=\"column-bg-overlay\"><\/div><div class=\"column-overlay-layer\" style=\"\"><\/div><\/div>\n\t\t<div class=\"wpb_wrapper\">\n\t\t\t\n\t\t<\/div> \n\t<\/div>\n\t<\/div> \n<\/div><\/div>\n\t\t\t<\/div> \n\t\t<\/div>\n\t<\/div> \n<\/div><\/div>\n\t\t<div id=\"fws_69fb6030d25ce\"  data-column-margin=\"default\" data-midnight=\"dark\" data-top-percent=\"5%\" data-bottom-percent=\"5%\"  class=\"wpb_row vc_row-fluid vc_row  right_padding_5pct left_padding_5pct\"  style=\"padding-top: calc(100vw * 0.05); padding-bottom: calc(100vw * 0.05); \"><div class=\"row-bg-wrap\" data-bg-animation=\"none\" data-bg-animation-delay=\"\" data-bg-overlay=\"false\"><div class=\"inner-wrap row-bg-layer\" ><div class=\"row-bg viewport-desktop\"  style=\"\"><\/div><\/div><\/div><div class=\"row_col_wrap_12 col span_12 dark left\">\n\t<div  class=\"vc_col-sm-12 wpb_column column_container vc_column_container col no-extra-padding inherit_tablet inherit_phone\"  data-padding-pos=\"all\" data-has-bg-color=\"false\" data-bg-color=\"\" data-bg-opacity=\"1\" data-animation=\"\" data-delay=\"0\" >\n\t\t<div class=\"vc_column-inner\" >\n\t\t\t<div class=\"wpb_wrapper\">\n\t\t\t\t\n<div class=\"wpb_text_column wpb_content_element\" >\n\t<div class=\"wpb_wrapper\">\n\t\t<h1>Benvenuto su Nordshark - Il posto migliore per acquistare visualizzazioni delle storie su Instagram in Germania.<\/h1>\n<h2>Perch\u00e9 comprare visualizzazioni per le storie di Instagram tedesche?<\/h2>\n<p>Sei un influencer o un'azienda alla ricerca di aumentare la tua presenza su Instagram in Germania? Non cercare oltre! Nordshark offre la soluzione migliore per acquistare visualizzazioni delle Storie su Instagram in Germania. Con le nostre visualizzazioni di alta qualit\u00e0, puoi aumentare la tua visibilit\u00e0 e coinvolgimento, raggiungendo un pubblico pi\u00f9 ampio in tutta la Germania.<\/p>\n<h2>Fatti notare dalla folla<\/h2>\n<p>Nel mondo sempre pi\u00f9 vasto dei social media, \u00e8 importante distinguersi dalla massa. Acquistando visualizzazioni tedesche nelle storie di Instagram, puoi rendere il tuo marchio pi\u00f9 visibile a un pubblico di lingua tedesca. Che tu sia un'attivit\u00e0 locale che mira ai clienti in Germania o un'influencer internazionale che desidera ampliare la propria visibilit\u00e0, Nordshark ha ci\u00f2 che fa al caso tuo.<\/p>\n<h2>Vantaggi dell'acquisto di visualizzazioni delle storie su Instagram da Nordshark.<\/h2>\n<ul>\n<li><strong>Visualizzazioni tedesche di alta qualit\u00e0.<\/strong>\u00a0Offriamo visualizzazioni reali e autentiche da utenti Instagram tedeschi, garantendo massimo coinvolgimento e credibilit\u00e0.<\/li>\n<li><strong>Aumento di coinvolgimento:<\/strong>\u00a0Comprare visualizzazioni per le storie di Instagram pu\u00f2 aiutare a migliorare l'interazione sui tuoi post, rendendo il tuo profilo pi\u00f9 attraente per potenziali follower.<\/li>\n<li><strong>Prova sociale migliorata.<\/strong>\u00a0Quando gli altri vedono che le tue Storie su Instagram hanno un alto numero di visualizzazioni, percepiscono il tuo contenuto come pi\u00f9 prezioso e affidabile.<\/li>\n<li><strong>Pubblico interessato:<\/strong>\u00a0Acquistando visualizzazioni per le storie di Instagram in lingua tedesca, puoi puntare specificamente ad un pubblico di lingua tedesca, aumentando cos\u00ec le possibilit\u00e0 che il tuo contenuto risuoni con loro.<\/li>\n<li><strong>Visibilit\u00e0 potenziata:<\/strong>\u00a0Pi\u00f9 visualizzazioni sulle tue Storie di Instagram possono portare a una maggiore visibilit\u00e0 ed esposizione, aiutandoti a far crescere il tuo pubblico in modo naturale.<\/li>\n<\/ul>\n<h2>Perch\u00e9 scegliere Nordshark?<\/h2>\n<p>Da Nordshark, abbiamo come priorit\u00e0 la soddisfazione del cliente e offriamo un servizio affidabile e di alta qualit\u00e0. Ecco perch\u00e9 dovresti sceglierci:<\/p>\n<h3>1. Visioni tedesche reali<\/h3>\n<p>Consegniamo vere e autentiche Visualizzazioni delle Storie su Instagram tedesche. Le nostre visualizzazioni provengono da utenti attivi che sono genuinamente interessati al tuo contenuto.<\/p>\n<h3>2. Spedizione veloce<\/h3>\n<p>Quando acquisti visualizzazioni delle storie di Instagram da noi, puoi aspettarti una consegna veloce. Capiamo l'importanza di risultati tempestivi per le tue campagne di marketing.<\/p>\n<h3>Protezione della privacy<\/h3>\n<p>La tua privacy \u00e8 la nostra massima priorit\u00e0. Utilizziamo gateway di pagamento sicuri e non condividiamo mai le tue informazioni con terze parti. Tutte le transazioni sono crittografate per una sicurezza massima.<\/p>\n<h3>Prezzi competitivi<\/h3>\n<p>Offriamo opzioni di prezzi competitivi senza compromettere la qualit\u00e0. I nostri pacchetti sono progettati per adattarsi a vari budget e requisiti.<\/p>\n<h3>Assistenza clienti 24\/7<\/h3>\n<p>Il nostro team di supporto dedicato \u00e8 disponibile 24\/7 per aiutarti con qualsiasi domanda o preoccupazione che potresti avere. Cerchiamo di fornire un'esperienza cliente senza interruzioni.<\/p>\n<h2>Pronto a comprare visualizzazioni per le storie di Instagram in tedesco?<\/h2>\n<p>Non perderti l'opportunit\u00e0 di coinvolgere un pubblico di lingua tedesca e aumentare la tua visibilit\u00e0 su Instagram. Scegli Nordshark come tuo affidabile fornitore per l'acquisto di visualizzazioni di alta qualit\u00e0 per le Storie di Instagram in tedesco. Effettua il tuo ordine oggi stesso e porta il tuo gioco su Instagram al livello successivo!<\/p>\n\t<\/div>\n<\/div>\n\n\n\n\n\t\t\t<\/div> \n\t\t<\/div>\n\t<\/div> \n<\/div><\/div>\n\t\t<div id=\"fws_69fb6030d26c2\"  data-column-margin=\"default\" data-midnight=\"light\" data-top-percent=\"10%\" data-bottom-percent=\"10%\"  class=\"wpb_row vc_row-fluid vc_row full-width-content vc_row-o-equal-height vc_row-flex vc_row-o-content-top  zindex-set mobile-disable-bg-image-animation right_padding_8pct left_padding_8pct nectar-overflow-hidden top_padding_phone_25pct bottom_padding_phone_25pct\"  style=\"padding-top: calc(100vw * 0.10); padding-bottom: calc(100vw * 0.10);  z-index: 100;\"><div class=\"row-bg-wrap\" data-bg-animation=\"fade-in\" data-bg-animation-delay=\"\" data-bg-overlay=\"true\"><div class=\"inner-wrap row-bg-layer\" style=\"background-color: #2b323a;\" ><div class=\"row-bg viewport-desktop using-bg-color\"  style=\"background-color: #2b323a; \"><\/div><\/div><div class=\"row-bg-overlay row-bg-layer\" style=\"background-color:rgba(0,0,0,0.78);  opacity: 0.8; \"><\/div><\/div>\n\t\t\t<div class=\"video-color-overlay row-bg-layer\" data-color=\"\"><\/div>\n\t\t\t\n\t\t\t<div class=\"nectar-video-wrap row-bg-layer\" data-bg-alignment=\"\">\n\t\t\t\t<div class=\"nectar-video-inner\">\n\t\t\t\t<video class=\"nectar-video-bg\" width=\"1800\" height=\"700\" preload=\"auto\" loop autoplay muted playsinline><source src=\"https:\/\/www.nordshark.com\/wp-content\/uploads\/2024\/02\/AdobeStock_454354002.mp4\"  type=\"video\/mp4\"><\/video>    \t\t<\/div>\n\t\t\t <\/div>\n\n\t\t\t<div class=\"row_col_wrap_12 col span_12 light left\">\n\t<div  class=\"vc_col-sm-12 wpb_column column_container vc_column_container col no-extra-padding column_position_static el_spacing_0px inherit_tablet inherit_phone\"  data-padding-pos=\"top-bottom\" data-has-bg-color=\"false\" data-bg-color=\"\" data-bg-opacity=\"1\" data-animation=\"\" data-delay=\"0\" >\n\t\t<div class=\"vc_column-inner\" >\n\t\t\t<div class=\"wpb_wrapper\">\n\t\t\t\t<div id=\"fws_69fb6030d2732\" data-midnight=\"\" data-column-margin=\"none\" class=\"wpb_row vc_row-fluid vc_row inner_row  right_padding_13vw left_padding_13vw\"  style=\" z-index: 10;\"><div class=\"row-bg-wrap\"> <div class=\"row-bg\" ><\/div> <\/div><div class=\"row_col_wrap_12_inner col span_12  left\">\n\t<div  class=\"vc_col-sm-12 wpb_column column_container vc_column_container col child_column centered-text no-extra-padding inherit_tablet inherit_phone\"   data-padding-pos=\"all\" data-has-bg-color=\"false\" data-bg-color=\"\" data-bg-opacity=\"1\" data-animation=\"\" data-delay=\"0\" >\n\t\t<div class=\"vc_column-inner\" >\n\t\t<div class=\"wpb_wrapper\">\n\t\t\t<div class=\"nectar-split-heading  font_size_9vw font_size_tablet_10vw font_line_height_0-95\" data-align=\"left\" data-m-align=\"inherit\" data-text-effect=\"letter-reveal-bottom\" data-animation-type=\"line-reveal-by-space\" data-animation-delay=\"150\" data-animation-offset=\"\" data-m-rm-animation=\"true\" data-stagger=\"true\" data-custom-font-size=\"true\" style=\"font-size: 9vw; line-height: 9.9vw;\"><h1 >Il Migliore.<\/h1><\/div>\n\t\t<\/div> \n\t<\/div>\n\t<\/div> \n<\/div><\/div>\n\t\t\t<\/div> \n\t\t<\/div>\n\t<\/div> \n<\/div><\/div>","protected":false},"excerpt":{"rendered":"<p>\u2714 Account di alta qualit\u00e0 e veri<br \/>\n\u2714 Ora di inizio: 0-1 ora (principalmente istantanea)<br \/>\n\u2714 Miglior servizio sul mercato<br \/>\n\u2714 Pagamenti una tantum - Nessuna sottoscrizione<\/p>\n<p>Per <strong>Internazionale<\/strong> Story Views <strong><span style=\"color: #0000ff;\"><a style=\"color: #0000ff;\" href=\"\/it\/product\/comprare-visualizzazioni-storia-instagram\/\">Clicca qui<\/a><\/span><\/strong><\/p>","protected":false},"featured_media":804,"comment_status":"open","ping_status":"closed","template":"","meta":{"inline_featured_image":false},"product_cat":[29,44,32],"product_tag":[38,33],"class_list":{"0":"post-413","1":"product","2":"type-product","3":"status-publish","4":"has-post-thumbnail","6":"product_cat-instagram","7":"product_cat-instagram-story-views","8":"product_cat-social-store","9":"product_tag-country-related-instagram-story-views","10":"product_tag-instagram-link","12":"first","13":"instock","14":"sale","15":"sold-individually","16":"shipping-taxable","17":"purchasable","18":"product-type-variable","19":"has-default-attributes"},"yoast_head":"<!-- This site is optimized with the Yoast SEO Premium plugin v23.6 (Yoast SEO v24.1) - https:\/\/yoast.com\/wordpress\/plugins\/seo\/ -->\n<title>Buy German Instagram Story Views | Boost Engagement<\/title>\n<meta name=\"description\" content=\"Enhance your stories with real German views. Increase your Instagram engagement and visibility. Fast and reliable service.\" \/>\n<meta name=\"robots\" content=\"index, follow, max-snippet:-1, max-image-preview:large, max-video-preview:-1\" \/>\n<link rel=\"canonical\" href=\"https:\/\/www.nordshark.com\/it\/product\/comprare-visualizzazioni-storia-instagram-tedeschi\/\" \/>\n<meta property=\"og:locale\" content=\"it_IT\" \/>\n<meta property=\"og:type\" content=\"article\" \/>\n<meta property=\"og:title\" content=\"German Instagram Story Views\" \/>\n<meta property=\"og:description\" content=\"Enhance your stories with real German views. Increase your Instagram engagement and visibility. Fast and reliable service.\" \/>\n<meta property=\"og:url\" content=\"https:\/\/www.nordshark.com\/it\/product\/comprare-visualizzazioni-storia-instagram-tedeschi\/\" \/>\n<meta property=\"og:site_name\" content=\"Nordshark\" \/>\n<meta property=\"article:modified_time\" content=\"2024-03-04T13:03:20+00:00\" \/>\n<meta property=\"og:image\" content=\"https:\/\/www.nordshark.com\/wp-content\/uploads\/2024\/02\/German.Storyviews.jpg\" \/>\n\t<meta property=\"og:image:width\" content=\"800\" \/>\n\t<meta property=\"og:image:height\" content=\"800\" \/>\n\t<meta property=\"og:image:type\" content=\"image\/jpeg\" \/>\n<meta name=\"twitter:card\" content=\"summary_large_image\" \/>\n<meta name=\"twitter:label1\" content=\"Disponibilit\u00e0\" \/>\n\t<meta name=\"twitter:data1\" content=\"In stock\" \/>\n<script type=\"application\/ld+json\" class=\"yoast-schema-graph\">{\"@context\":\"https:\/\/schema.org\",\"@graph\":[{\"@type\":\"WebPage\",\"@id\":\"https:\/\/www.nordshark.com\/product\/buy-german-instagram-story-views\/\",\"url\":\"https:\/\/www.nordshark.com\/product\/buy-german-instagram-story-views\/\",\"name\":\"Buy German Instagram Story Views | Boost Engagement\",\"isPartOf\":{\"@id\":\"https:\/\/www.nordshark.com\/#website\"},\"primaryImageOfPage\":{\"@id\":\"https:\/\/www.nordshark.com\/product\/buy-german-instagram-story-views\/#primaryimage\"},\"image\":{\"@id\":\"https:\/\/www.nordshark.com\/product\/buy-german-instagram-story-views\/#primaryimage\"},\"thumbnailUrl\":\"https:\/\/www.nordshark.com\/wp-content\/uploads\/2024\/02\/German.Storyviews.jpg\",\"datePublished\":\"2024-02-18T00:53:02+00:00\",\"dateModified\":\"2024-03-04T13:03:20+00:00\",\"description\":\"Enhance your stories with real German views. Increase your Instagram engagement and visibility. Fast and reliable service.\",\"breadcrumb\":{\"@id\":\"https:\/\/www.nordshark.com\/product\/buy-german-instagram-story-views\/#breadcrumb\"},\"inLanguage\":\"it-IT\",\"potentialAction\":[{\"@type\":\"ReadAction\",\"target\":[\"https:\/\/www.nordshark.com\/product\/buy-german-instagram-story-views\/\"]}]},{\"@type\":\"ImageObject\",\"inLanguage\":\"it-IT\",\"@id\":\"https:\/\/www.nordshark.com\/product\/buy-german-instagram-story-views\/#primaryimage\",\"url\":\"https:\/\/www.nordshark.com\/wp-content\/uploads\/2024\/02\/German.Storyviews.jpg\",\"contentUrl\":\"https:\/\/www.nordshark.com\/wp-content\/uploads\/2024\/02\/German.Storyviews.jpg\",\"width\":800,\"height\":800,\"caption\":\"Buy German Instagram Story Views\"},{\"@type\":\"BreadcrumbList\",\"@id\":\"https:\/\/www.nordshark.com\/product\/buy-german-instagram-story-views\/#breadcrumb\",\"itemListElement\":[{\"@type\":\"ListItem\",\"position\":1,\"name\":\"Home\",\"item\":\"https:\/\/www.nordshark.com\/\"},{\"@type\":\"ListItem\",\"position\":2,\"name\":\"Shop\",\"item\":\"https:\/\/www.nordshark.com\/shop\/\"},{\"@type\":\"ListItem\",\"position\":3,\"name\":\"German Instagram Story Views\"}]},{\"@type\":\"WebSite\",\"@id\":\"https:\/\/www.nordshark.com\/#website\",\"url\":\"https:\/\/www.nordshark.com\/\",\"name\":\"Nordshark\",\"description\":\"\",\"potentialAction\":[{\"@type\":\"SearchAction\",\"target\":{\"@type\":\"EntryPoint\",\"urlTemplate\":\"https:\/\/www.nordshark.com\/?s={search_term_string}\"},\"query-input\":{\"@type\":\"PropertyValueSpecification\",\"valueRequired\":true,\"valueName\":\"search_term_string\"}}],\"inLanguage\":\"it-IT\"}]}<\/script>\n<meta property=\"og:availability\" content=\"instock\" \/>\n<meta property=\"product:availability\" content=\"instock\" \/>\n<meta property=\"product:condition\" content=\"new\" \/>\n<!-- \/ Yoast SEO Premium plugin. -->","yoast_head_json":{"title":"Buy German Instagram Story Views | Boost Engagement","description":"Enhance your stories with real German views. Increase your Instagram engagement and visibility. Fast and reliable service.","robots":{"index":"index","follow":"follow","max-snippet":"max-snippet:-1","max-image-preview":"max-image-preview:large","max-video-preview":"max-video-preview:-1"},"canonical":"https:\/\/www.nordshark.com\/it\/product\/comprare-visualizzazioni-storia-instagram-tedeschi\/","og_locale":"it_IT","og_type":"article","og_title":"German Instagram Story Views","og_description":"Enhance your stories with real German views. Increase your Instagram engagement and visibility. Fast and reliable service.","og_url":"https:\/\/www.nordshark.com\/it\/product\/comprare-visualizzazioni-storia-instagram-tedeschi\/","og_site_name":"Nordshark","article_modified_time":"2024-03-04T13:03:20+00:00","og_image":[{"width":800,"height":800,"url":"https:\/\/www.nordshark.com\/wp-content\/uploads\/2024\/02\/German.Storyviews.jpg","type":"image\/jpeg"}],"twitter_card":"summary_large_image","twitter_misc":{"Disponibilit\u00e0":"In stock"},"schema":{"@context":"https:\/\/schema.org","@graph":[{"@type":"WebPage","@id":"https:\/\/www.nordshark.com\/product\/buy-german-instagram-story-views\/","url":"https:\/\/www.nordshark.com\/product\/buy-german-instagram-story-views\/","name":"Buy German Instagram Story Views | Boost Engagement","isPartOf":{"@id":"https:\/\/www.nordshark.com\/#website"},"primaryImageOfPage":{"@id":"https:\/\/www.nordshark.com\/product\/buy-german-instagram-story-views\/#primaryimage"},"image":{"@id":"https:\/\/www.nordshark.com\/product\/buy-german-instagram-story-views\/#primaryimage"},"thumbnailUrl":"https:\/\/www.nordshark.com\/wp-content\/uploads\/2024\/02\/German.Storyviews.jpg","datePublished":"2024-02-18T00:53:02+00:00","dateModified":"2024-03-04T13:03:20+00:00","description":"Enhance your stories with real German views. Increase your Instagram engagement and visibility. Fast and reliable service.","breadcrumb":{"@id":"https:\/\/www.nordshark.com\/product\/buy-german-instagram-story-views\/#breadcrumb"},"inLanguage":"it-IT","potentialAction":[{"@type":"ReadAction","target":["https:\/\/www.nordshark.com\/product\/buy-german-instagram-story-views\/"]}]},{"@type":"ImageObject","inLanguage":"it-IT","@id":"https:\/\/www.nordshark.com\/product\/buy-german-instagram-story-views\/#primaryimage","url":"https:\/\/www.nordshark.com\/wp-content\/uploads\/2024\/02\/German.Storyviews.jpg","contentUrl":"https:\/\/www.nordshark.com\/wp-content\/uploads\/2024\/02\/German.Storyviews.jpg","width":800,"height":800,"caption":"Buy German Instagram Story Views"},{"@type":"BreadcrumbList","@id":"https:\/\/www.nordshark.com\/product\/buy-german-instagram-story-views\/#breadcrumb","itemListElement":[{"@type":"ListItem","position":1,"name":"Home","item":"https:\/\/www.nordshark.com\/"},{"@type":"ListItem","position":2,"name":"Shop","item":"https:\/\/www.nordshark.com\/shop\/"},{"@type":"ListItem","position":3,"name":"German Instagram Story Views"}]},{"@type":"WebSite","@id":"https:\/\/www.nordshark.com\/#website","url":"https:\/\/www.nordshark.com\/","name":"Nordshark","description":"","potentialAction":[{"@type":"SearchAction","target":{"@type":"EntryPoint","urlTemplate":"https:\/\/www.nordshark.com\/?s={search_term_string}"},"query-input":{"@type":"PropertyValueSpecification","valueRequired":true,"valueName":"search_term_string"}}],"inLanguage":"it-IT"}]},"og_availability":"instock","product_availability":"instock","product_condition":"new"},"_links":{"self":[{"href":"https:\/\/www.nordshark.com\/it\/wp-json\/wp\/v2\/product\/413","targetHints":{"allow":["GET"]}}],"collection":[{"href":"https:\/\/www.nordshark.com\/it\/wp-json\/wp\/v2\/product"}],"about":[{"href":"https:\/\/www.nordshark.com\/it\/wp-json\/wp\/v2\/types\/product"}],"replies":[{"embeddable":true,"href":"https:\/\/www.nordshark.com\/it\/wp-json\/wp\/v2\/comments?post=413"}],"wp:featuredmedia":[{"embeddable":true,"href":"https:\/\/www.nordshark.com\/it\/wp-json\/wp\/v2\/media\/804"}],"wp:attachment":[{"href":"https:\/\/www.nordshark.com\/it\/wp-json\/wp\/v2\/media?parent=413"}],"wp:term":[{"taxonomy":"product_cat","embeddable":true,"href":"https:\/\/www.nordshark.com\/it\/wp-json\/wp\/v2\/product_cat?post=413"},{"taxonomy":"product_tag","embeddable":true,"href":"https:\/\/www.nordshark.com\/it\/wp-json\/wp\/v2\/product_tag?post=413"}],"curies":[{"name":"wp","href":"https:\/\/api.w.org\/{rel}","templated":true}]}}