{"id":384,"date":"2024-02-17T23:21:57","date_gmt":"2024-02-17T22:21:57","guid":{"rendered":"https:\/\/www.nordshark.com\/?post_type=product&#038;p=384"},"modified":"2024-03-04T14:06:36","modified_gmt":"2024-03-04T13:06:36","slug":"buy-dutch-instagram-views","status":"publish","type":"product","link":"https:\/\/www.nordshark.com\/it\/product\/comprare-visualizzazioni-instagram-olandesi\/","title":{"rendered":"Visualizzazioni di Instagram olandesi"},"content":{"rendered":"<div id=\"fws_69fb60499b756\"  data-column-margin=\"default\" data-midnight=\"dark\" data-top-percent=\"8%\"  class=\"wpb_row vc_row-fluid vc_row full-width-section  right_padding_10pct left_padding_10pct\"  style=\"padding-top: calc(100vw * 0.08); padding-bottom: 0px; \"><div class=\"row-bg-wrap\" data-bg-animation=\"none\" data-bg-animation-delay=\"\" data-bg-overlay=\"false\"><div class=\"inner-wrap row-bg-layer\" ><div class=\"row-bg viewport-desktop\"  style=\"\"><\/div><\/div><\/div><div class=\"row_col_wrap_12 col span_12 dark left\">\n\t<div  class=\"vc_col-sm-12 wpb_column column_container vc_column_container col no-extra-padding inherit_tablet inherit_phone\"  data-padding-pos=\"all\" data-has-bg-color=\"false\" data-bg-color=\"\" data-bg-opacity=\"1\" data-animation=\"\" data-delay=\"0\" >\n\t\t<div class=\"vc_column-inner\" >\n\t\t\t<div class=\"wpb_wrapper\">\n\t\t\t\t<div id=\"fws_69fb60499b840\" data-midnight=\"\" data-column-margin=\"default\" class=\"wpb_row vc_row-fluid vc_row inner_row\"  style=\"padding-bottom: 4%; \"><div class=\"row-bg-wrap\"> <div class=\"row-bg\" ><\/div> <\/div><div class=\"row_col_wrap_12_inner col span_12  left\">\n\t<div  class=\"vc_col-sm-12 wpb_column column_container vc_column_container col child_column centered-text no-extra-padding inherit_tablet inherit_phone\"   data-padding-pos=\"all\" data-has-bg-color=\"false\" data-bg-color=\"\" data-bg-opacity=\"1\" data-animation=\"\" data-delay=\"0\" >\n\t\t<div class=\"vc_column-inner\" >\n\t\t<div class=\"wpb_wrapper\">\n\t\t\t<div class=\"nectar-highlighted-text font_size_2vw font_size_tablet_6vw font_line_height_1-0\" data-style=\"none\" data-exp=\"default\" data-using-custom-color=\"false\" data-animation-delay=\"false\" data-color=\"\" data-color-gradient=\"\" style=\"\"><h3>Domande frequenti<\/h3>\n<\/div>\n\t\t<\/div> \n\t<\/div>\n\t<\/div> \n<\/div><\/div>\n\t\t\t<\/div> \n\t\t<\/div>\n\t<\/div> \n<\/div><\/div>\n\t\t<div id=\"fws_69fb60499b948\"  data-column-margin=\"custom\" data-midnight=\"dark\" data-top-percent=\"3%\" data-bottom-percent=\"3%\"  class=\"wpb_row vc_row-fluid vc_row full-width-content vc_row-o-equal-height vc_row-flex vc_row-o-content-middle  right_padding_7vw left_padding_7vw column-margin-7vw top_padding_phone_10pct bottom_padding_phone_10pct\"  style=\"padding-top: calc(100vw * 0.03); padding-bottom: calc(100vw * 0.03); \"><div class=\"row-bg-wrap\" data-bg-animation=\"none\" data-bg-animation-delay=\"\" data-bg-overlay=\"false\"><div class=\"inner-wrap row-bg-layer\" ><div class=\"row-bg viewport-desktop using-bg-color\"  style=\"background-color: #f8f8f8; \"><\/div><\/div><\/div><div class=\"row_col_wrap_12 col span_12 dark left\">\n\t<div  class=\"vc_col-sm-6 wpb_column column_container vc_column_container col left_padding_desktop_2vw\"  data-padding-pos=\"all\" data-has-bg-color=\"false\" data-bg-color=\"\" data-bg-opacity=\"1\" data-animation=\"\" data-delay=\"0\" >\n\t\t<div class=\"vc_column-inner\" >\n\t\t\t<div class=\"wpb_wrapper\">\n\t\t\t\t<div class=\"toggles accordion\" data-br=\"\" data-starting=\"default\" data-style=\"minimal\"><div class=\"toggle accent-color\" data-inner-wrap=\"true\"><h3 class=\"toggle-title\"><a href=\"#\" role=\"button\" class=\"nectar-inherit-h4 toggle-heading\"><i role=\"presentation\" class=\"fa fa-plus-circle\"><\/i>Quanto tempo ci vuole per la consegna delle visualizzazioni di Instagram olandesi?<\/a><\/h3><div><div class=\"inner-toggle-wrap\">\n<div class=\"wpb_text_column wpb_content_element\" >\n\t<div class=\"wpb_wrapper\">\n\t\t<p>La consegna delle Visualizzazioni Instagram olandesi di solito inizia entro 0-10 minuti dopo che il tuo ordine \u00e8 stato elaborato. La consegna completa pu\u00f2 richiedere da alcune ore a diversi giorni, a seconda del pacchetto scelto.<\/p>\n\t<\/div>\n<\/div>\n\n\n\n<\/div><\/div><\/div><div class=\"toggle accent-color\" data-inner-wrap=\"true\"><h3 class=\"toggle-title\"><a href=\"#\" role=\"button\" class=\"nectar-inherit-h4 toggle-heading\"><i role=\"presentation\" class=\"fa fa-plus-circle\"><\/i>Perch\u00e9 dovresti comprare visualizzazioni olandesi su Instagram?<\/a><\/h3><div><div class=\"inner-toggle-wrap\">\n<div class=\"wpb_text_column wpb_content_element\" >\n\t<div class=\"wpb_wrapper\">\n\t\t<p>Acquistare visualizzazioni di Instagram olandesi pu\u00f2 aumentare la visibilit\u00e0 e la portata dei tuoi post sul mercato olandese. Pu\u00f2 anche aiutare ad aumentare l'interazione e la credibilit\u00e0 del tuo profilo.<\/p>\n\t<\/div>\n<\/div>\n\n\n\n<\/div><\/div><\/div><div class=\"toggle accent-color\" data-inner-wrap=\"true\"><h3 class=\"toggle-title\"><a href=\"#\" role=\"button\" class=\"nectar-inherit-h4 toggle-heading\"><i role=\"presentation\" class=\"fa fa-plus-circle\"><\/i>Come appaiono gli account che visualizzano i miei post?<\/a><\/h3><div><div class=\"inner-toggle-wrap\">\n<div class=\"wpb_text_column wpb_content_element\" >\n\t<div class=\"wpb_wrapper\">\n\t\t<p>Gli account che visualizzano i tuoi post sono generalmente profili che sembrano autentici, con i loro post e follower. Sono progettati per simulare un'interazione naturale e organica.<\/p>\n\t<\/div>\n<\/div>\n\n\n\n<\/div><\/div><\/div><\/div>\n\n\n\n\n\n\n\n\n\n\n\n\n\n\n\n\n\n\n\n\n\t\t\t<\/div> \n\t\t<\/div>\n\t<\/div> \n\n\t<div  class=\"vc_col-sm-6 vc_hidden-sm vc_hidden-xs wpb_column column_container vc_column_container col top_margin_tablet_10pct right_padding_desktop_2vw\"  data-padding-pos=\"all\" data-has-bg-color=\"false\" data-bg-color=\"\" data-bg-opacity=\"1\" data-animation=\"\" data-delay=\"0\" >\n\t\t<div class=\"vc_column-inner\" >\n\t\t\t<div class=\"wpb_wrapper\">\n\t\t\t\t<div id=\"fws_69fb60499bb25\" data-midnight=\"\" data-column-margin=\"default\" class=\"wpb_row vc_row-fluid vc_row inner_row\"  style=\"\"><div class=\"row-bg-wrap\"> <div class=\"row-bg\" ><\/div> <\/div><div class=\"row_col_wrap_12_inner col span_12  left\">\n\t<div  class=\"vc_col-sm-12 wpb_column column_container vc_column_container col child_column col-overflow-hidden mask_shape_circle-rect mask_size_contain top_padding_desktop_20pct bottom_padding_desktop_20pct\"   data-border-radius=\"15px\" data-video-bg=\"true\" data-overlay-color=\"true\" data-padding-pos=\"all\" data-has-bg-color=\"false\" data-bg-color=\"\" data-bg-opacity=\"1\" data-animation=\"\" data-delay=\"0\" >\n\t\t<div class=\"vc_column-inner\" >\n  <div class=\"nectar-video-wrap column-bg-layer column-video\">\n        <video class=\"nectar-video-bg\" width=\"1800\" height=\"700\" preload=\"auto\" loop autoplay muted playsinline><source src=\"https:\/\/www.nordshark.com\/wp-content\/uploads\/2024\/02\/faq2.mp4\"  type=\"video\/mp4\"><\/video><\/div><div class=\"column-bg-overlay-wrap column-bg-layer\" data-bg-animation=\"none\"><div class=\"column-bg-overlay\"><\/div><div class=\"column-overlay-layer\" style=\"\"><\/div><\/div>\n\t\t<div class=\"wpb_wrapper\">\n\t\t\t\n\t\t<\/div> \n\t<\/div>\n\t<\/div> \n<\/div><\/div>\n\t\t\t<\/div> \n\t\t<\/div>\n\t<\/div> \n<\/div><\/div>\n\t\t<div id=\"fws_69fb60499bbb8\"  data-column-margin=\"default\" data-midnight=\"dark\" data-top-percent=\"5%\" data-bottom-percent=\"5%\"  class=\"wpb_row vc_row-fluid vc_row  right_padding_5pct left_padding_5pct\"  style=\"padding-top: calc(100vw * 0.05); padding-bottom: calc(100vw * 0.05); \"><div class=\"row-bg-wrap\" data-bg-animation=\"none\" data-bg-animation-delay=\"\" data-bg-overlay=\"false\"><div class=\"inner-wrap row-bg-layer\" ><div class=\"row-bg viewport-desktop\"  style=\"\"><\/div><\/div><\/div><div class=\"row_col_wrap_12 col span_12 dark left\">\n\t<div  class=\"vc_col-sm-12 wpb_column column_container vc_column_container col no-extra-padding inherit_tablet inherit_phone\"  data-padding-pos=\"all\" data-has-bg-color=\"false\" data-bg-color=\"\" data-bg-opacity=\"1\" data-animation=\"\" data-delay=\"0\" >\n\t\t<div class=\"vc_column-inner\" >\n\t\t\t<div class=\"wpb_wrapper\">\n\t\t\t\t\n<div class=\"wpb_text_column wpb_content_element\" >\n\t<div class=\"wpb_wrapper\">\n\t\t<h1>Acquista visualizzazioni su Instagram olandesi su Nordshark<\/h1>\n<p>Se stai cercando di aumentare la tua visibilit\u00e0 su Instagram, allora Nordshark \u00e8 la piattaforma perfetta per te. Con il nostro servizio unico e affidabile, puoi acquistare visualizzazioni olandesi su Instagram e potenziare la tua presenza online in poco tempo.<\/p>\n<h2>Perch\u00e9 scegliere Nordshark?<\/h2>\n<p>A Nordshark, capiamo l'importanza del marketing sui social media nell'era digitale di oggi. Con oltre un decennio di esperienza nel settore, abbiamo padroneggiato l'arte di fornire visualizzazioni di alta qualit\u00e0 su Instagram ai nostri clienti.<\/p>\n<p>Ecco alcuni motivi per cui dovresti scegliere Nordshark:<\/p>\n<ul>\n<li><strong>Punti di vista autentici Olandesi<\/strong>\u00a0Offriamo visualizzazioni reali e di alta qualit\u00e0 su Instagram da utenti residenti nei Paesi Bassi. In questo modo, il tuo account rimane autentico e i tuoi tassi di coinvolgimento aumentano.<\/li>\n<li><strong>Consegna Veloce:<\/strong>\u00a0Capisco la necessit\u00e0 di risultati immediati. Una volta effettuato l'acquisto, iniziamo immediatamente a elaborare il tuo ordine e consegniamo le visualizzazioni entro il tempo specificato.<\/li>\n<li><strong>Pagamento sicuro:<\/strong>\u00a0La tua privacy e sicurezza sono le nostre principali priorit\u00e0. Offriamo una via di pagamento sicura, garantendo che le tue informazioni personali e finanziarie rimangano confidenziali.<\/li>\n<li><strong>Supporto Clienti 24\/7:<\/strong>\u00a0Il nostro team di assistenza clienti \u00e8 sempre disponibile per affrontare eventuali domande o preoccupazioni che potresti avere. Siamo impegnati a offrire un servizio clienti eccellente.<\/li>\n<\/ul>\n<h2>Come funziona<\/h2>\n<p>Comprare visualizzazioni Instagram olandesi da Nordshark \u00e8 un processo semplice e diretto.<\/p>\n<ol>\n<li><strong>Seleziona il tuo pacchetto:<\/strong>\u00a0Scegli il pacchetto che soddisfa le tue esigenze. Offriamo una serie di opzioni per accontentare diversi budget e esigenze.<\/li>\n<li><strong>Fornisci i tuoi dettagli Instagram:<\/strong>\u00a0Durante il processo di checkout, ti chiederemo il tuo nome utente o il link di Instagram. Assicurati di fornire le informazioni corrette per garantire una consegna senza intoppi.<\/li>\n<li><strong>Pagamento completato<\/strong>\u00a0Puoi effettuare il pagamento in modo sicuro utilizzando il tuo metodo di pagamento preferito. Una volta confermato il pagamento, il tuo ordine sar\u00e0 elaborato.<\/li>\n<li><strong>Rilassati e goditi il momento:<\/strong>\u00a0Il nostro team inizier\u00e0 a consegnare le visualizzazioni di Instagram olandesi al tuo account. Puoi seguire l'avanzamento del tuo ordine tramite il nostro intuitivo pannello di controllo.<\/li>\n<\/ol>\n<h2>I vantaggi di acquistare visualizzazioni su Instagram olandesi.<\/h2>\n<p>Ecco alcuni vantaggi dell'acquisto di visualizzazioni di Instagram olandesi:<\/p>\n<ul>\n<li><strong>Aumentare credibilit\u00e0<\/strong>\u00a0Avere un alto numero di visualizzazioni aumenta la tua credibilit\u00e0 su Instagram. Dimostra che il tuo contenuto \u00e8 prezioso e merita di essere guardato.<\/li>\n<li><strong>Aumenta l'interazione:<\/strong>\u00a0Pi\u00f9 visualizzazioni portano a un maggiore coinvolgimento sui tuoi post, come like, commenti e condivisioni. Questo, a sua volta, aiuta a far crescere la tua base di follower.<\/li>\n<li><strong>Migliora la visibilit\u00e0.<\/strong>\u00a0Con un numero maggiore di visualizzazioni, \u00e8 pi\u00f9 probabile che il tuo contenuto appaia nella sezione \"Esplora\" e guadagni visibilit\u00e0 a un pubblico pi\u00f9 ampio.<\/li>\n<li><strong>Aumenta il traffico:<\/strong>\u00a0Una maggiore visibilit\u00e0 e coinvolgimento possono aumentare il traffico verso il tuo sito web o altri canali di social media, aiutandoti a promuovere in modo efficace i tuoi prodotti o servizi.<\/li>\n<\/ul>\n<p>Allora, perch\u00e9 aspettare? Porta il tuo gioco su Instagram al livello successivo con le visualizzazioni olandesi di Nordshark.<\/p>\n\t<\/div>\n<\/div>\n\n\n\n\n\t\t\t<\/div> \n\t\t<\/div>\n\t<\/div> \n<\/div><\/div>\n\t\t<div id=\"fws_69fb60499bcb8\"  data-column-margin=\"default\" data-midnight=\"light\" data-top-percent=\"10%\" data-bottom-percent=\"10%\"  class=\"wpb_row vc_row-fluid vc_row full-width-content vc_row-o-equal-height vc_row-flex vc_row-o-content-top  zindex-set mobile-disable-bg-image-animation right_padding_8pct left_padding_8pct nectar-overflow-hidden top_padding_phone_25pct bottom_padding_phone_25pct\"  style=\"padding-top: calc(100vw * 0.10); padding-bottom: calc(100vw * 0.10);  z-index: 100;\"><div class=\"row-bg-wrap\" data-bg-animation=\"fade-in\" data-bg-animation-delay=\"\" data-bg-overlay=\"true\"><div class=\"inner-wrap row-bg-layer\" style=\"background-color: #2b323a;\" ><div class=\"row-bg viewport-desktop using-bg-color\"  style=\"background-color: #2b323a; \"><\/div><\/div><div class=\"row-bg-overlay row-bg-layer\" style=\"background-color:rgba(0,0,0,0.78);  opacity: 0.8; \"><\/div><\/div>\n\t\t\t<div class=\"video-color-overlay row-bg-layer\" data-color=\"\"><\/div>\n\t\t\t\n\t\t\t<div class=\"nectar-video-wrap row-bg-layer\" data-bg-alignment=\"\">\n\t\t\t\t<div class=\"nectar-video-inner\">\n\t\t\t\t<video class=\"nectar-video-bg\" width=\"1800\" height=\"700\" preload=\"auto\" loop autoplay muted playsinline><source src=\"https:\/\/www.nordshark.com\/wp-content\/uploads\/2024\/02\/AdobeStock_454354002.mp4\"  type=\"video\/mp4\"><\/video>    \t\t<\/div>\n\t\t\t <\/div>\n\n\t\t\t<div class=\"row_col_wrap_12 col span_12 light left\">\n\t<div  class=\"vc_col-sm-12 wpb_column column_container vc_column_container col no-extra-padding column_position_static el_spacing_0px inherit_tablet inherit_phone\"  data-padding-pos=\"top-bottom\" data-has-bg-color=\"false\" data-bg-color=\"\" data-bg-opacity=\"1\" data-animation=\"\" data-delay=\"0\" >\n\t\t<div class=\"vc_column-inner\" >\n\t\t\t<div class=\"wpb_wrapper\">\n\t\t\t\t<div id=\"fws_69fb60499bd24\" data-midnight=\"\" data-column-margin=\"none\" class=\"wpb_row vc_row-fluid vc_row inner_row  right_padding_13vw left_padding_13vw\"  style=\" z-index: 10;\"><div class=\"row-bg-wrap\"> <div class=\"row-bg\" ><\/div> <\/div><div class=\"row_col_wrap_12_inner col span_12  left\">\n\t<div  class=\"vc_col-sm-12 wpb_column column_container vc_column_container col child_column centered-text no-extra-padding inherit_tablet inherit_phone\"   data-padding-pos=\"all\" data-has-bg-color=\"false\" data-bg-color=\"\" data-bg-opacity=\"1\" data-animation=\"\" data-delay=\"0\" >\n\t\t<div class=\"vc_column-inner\" >\n\t\t<div class=\"wpb_wrapper\">\n\t\t\t<div class=\"nectar-split-heading  font_size_9vw font_size_tablet_10vw font_line_height_0-95\" data-align=\"left\" data-m-align=\"inherit\" data-text-effect=\"letter-reveal-bottom\" data-animation-type=\"line-reveal-by-space\" data-animation-delay=\"150\" data-animation-offset=\"\" data-m-rm-animation=\"true\" data-stagger=\"true\" data-custom-font-size=\"true\" style=\"font-size: 9vw; line-height: 9.9vw;\"><h1 >Il Migliore.<\/h1><\/div>\n\t\t<\/div> \n\t<\/div>\n\t<\/div> \n<\/div><\/div>\n\t\t\t<\/div> \n\t\t<\/div>\n\t<\/div> \n<\/div><\/div>","protected":false},"excerpt":{"rendered":"<p>\u2714 Visualizzazioni olandesi di alta qualit\u00e0 vere<br \/>\n\u2714 Ora di inizio: 0-1 ora (principalmente istantanea)<br \/>\n\u2714 Miglior servizio sul mercato<br \/>\n\u2714 Pagamenti una tantum - Nessuna sottoscrizione<\/p>\n<p>Per <strong>Internazionale<\/strong> Viste <strong><span style=\"color: #0000ff;\"><a style=\"color: #0000ff;\" href=\"\/it\/product\/comprare-visualizzazioni-instagram\/\">Clicca qui<\/a><\/span><\/strong><\/p>\n<p>&nbsp;<\/p>","protected":false},"featured_media":801,"comment_status":"open","ping_status":"closed","template":"","meta":{"inline_featured_image":false},"product_cat":[29,43,32],"product_tag":[37,33],"class_list":{"0":"post-384","1":"product","2":"type-product","3":"status-publish","4":"has-post-thumbnail","6":"product_cat-instagram","7":"product_cat-instagram-views","8":"product_cat-social-store","9":"product_tag-country-related-instagram-views","10":"product_tag-instagram-link","12":"first","13":"instock","14":"sale","15":"sold-individually","16":"shipping-taxable","17":"purchasable","18":"product-type-variable","19":"has-default-attributes"},"yoast_head":"<!-- This site is optimized with the Yoast SEO Premium plugin v23.6 (Yoast SEO v24.1) - https:\/\/yoast.com\/wordpress\/plugins\/seo\/ -->\n<title>Buy Dutch Instagram Views | Boost Your Profile Today<\/title>\n<meta name=\"description\" content=\"Enhance your Instagram with genuine Dutch views. Fast, reliable service to increase your visibility and engagement. Order now!\" \/>\n<meta name=\"robots\" content=\"index, follow, max-snippet:-1, max-image-preview:large, max-video-preview:-1\" \/>\n<link rel=\"canonical\" href=\"https:\/\/www.nordshark.com\/it\/product\/comprare-visualizzazioni-instagram-olandesi\/\" \/>\n<meta property=\"og:locale\" content=\"it_IT\" \/>\n<meta property=\"og:type\" content=\"article\" \/>\n<meta property=\"og:title\" content=\"Dutch Instagram Views\" \/>\n<meta property=\"og:description\" content=\"Enhance your Instagram with genuine Dutch views. Fast, reliable service to increase your visibility and engagement. Order now!\" \/>\n<meta property=\"og:url\" content=\"https:\/\/www.nordshark.com\/it\/product\/comprare-visualizzazioni-instagram-olandesi\/\" \/>\n<meta property=\"og:site_name\" content=\"Nordshark\" \/>\n<meta property=\"article:modified_time\" content=\"2024-03-04T13:06:36+00:00\" \/>\n<meta property=\"og:image\" content=\"https:\/\/www.nordshark.com\/wp-content\/uploads\/2024\/02\/Dutch.Views_.jpg\" \/>\n\t<meta property=\"og:image:width\" content=\"800\" \/>\n\t<meta property=\"og:image:height\" content=\"800\" \/>\n\t<meta property=\"og:image:type\" content=\"image\/jpeg\" \/>\n<meta name=\"twitter:card\" content=\"summary_large_image\" \/>\n<meta name=\"twitter:label1\" content=\"Disponibilit\u00e0\" \/>\n\t<meta name=\"twitter:data1\" content=\"In stock\" \/>\n<script type=\"application\/ld+json\" class=\"yoast-schema-graph\">{\"@context\":\"https:\/\/schema.org\",\"@graph\":[{\"@type\":\"WebPage\",\"@id\":\"https:\/\/www.nordshark.com\/product\/buy-dutch-instagram-views\/\",\"url\":\"https:\/\/www.nordshark.com\/product\/buy-dutch-instagram-views\/\",\"name\":\"Buy Dutch Instagram Views | Boost Your Profile Today\",\"isPartOf\":{\"@id\":\"https:\/\/www.nordshark.com\/#website\"},\"primaryImageOfPage\":{\"@id\":\"https:\/\/www.nordshark.com\/product\/buy-dutch-instagram-views\/#primaryimage\"},\"image\":{\"@id\":\"https:\/\/www.nordshark.com\/product\/buy-dutch-instagram-views\/#primaryimage\"},\"thumbnailUrl\":\"https:\/\/www.nordshark.com\/wp-content\/uploads\/2024\/02\/Dutch.Views_.jpg\",\"datePublished\":\"2024-02-17T22:21:57+00:00\",\"dateModified\":\"2024-03-04T13:06:36+00:00\",\"description\":\"Enhance your Instagram with genuine Dutch views. Fast, reliable service to increase your visibility and engagement. Order now!\",\"breadcrumb\":{\"@id\":\"https:\/\/www.nordshark.com\/product\/buy-dutch-instagram-views\/#breadcrumb\"},\"inLanguage\":\"it-IT\",\"potentialAction\":[{\"@type\":\"ReadAction\",\"target\":[\"https:\/\/www.nordshark.com\/product\/buy-dutch-instagram-views\/\"]}]},{\"@type\":\"ImageObject\",\"inLanguage\":\"it-IT\",\"@id\":\"https:\/\/www.nordshark.com\/product\/buy-dutch-instagram-views\/#primaryimage\",\"url\":\"https:\/\/www.nordshark.com\/wp-content\/uploads\/2024\/02\/Dutch.Views_.jpg\",\"contentUrl\":\"https:\/\/www.nordshark.com\/wp-content\/uploads\/2024\/02\/Dutch.Views_.jpg\",\"width\":800,\"height\":800,\"caption\":\"Buy Dutch Instagram Views\"},{\"@type\":\"BreadcrumbList\",\"@id\":\"https:\/\/www.nordshark.com\/product\/buy-dutch-instagram-views\/#breadcrumb\",\"itemListElement\":[{\"@type\":\"ListItem\",\"position\":1,\"name\":\"Home\",\"item\":\"https:\/\/www.nordshark.com\/\"},{\"@type\":\"ListItem\",\"position\":2,\"name\":\"Shop\",\"item\":\"https:\/\/www.nordshark.com\/shop\/\"},{\"@type\":\"ListItem\",\"position\":3,\"name\":\"Dutch Instagram Views\"}]},{\"@type\":\"WebSite\",\"@id\":\"https:\/\/www.nordshark.com\/#website\",\"url\":\"https:\/\/www.nordshark.com\/\",\"name\":\"Nordshark\",\"description\":\"\",\"potentialAction\":[{\"@type\":\"SearchAction\",\"target\":{\"@type\":\"EntryPoint\",\"urlTemplate\":\"https:\/\/www.nordshark.com\/?s={search_term_string}\"},\"query-input\":{\"@type\":\"PropertyValueSpecification\",\"valueRequired\":true,\"valueName\":\"search_term_string\"}}],\"inLanguage\":\"it-IT\"}]}<\/script>\n<meta property=\"og:availability\" content=\"instock\" \/>\n<meta property=\"product:availability\" content=\"instock\" \/>\n<meta property=\"product:condition\" content=\"new\" \/>\n<!-- \/ Yoast SEO Premium plugin. -->","yoast_head_json":{"title":"Buy Dutch Instagram Views | Boost Your Profile Today","description":"Enhance your Instagram with genuine Dutch views. Fast, reliable service to increase your visibility and engagement. Order now!","robots":{"index":"index","follow":"follow","max-snippet":"max-snippet:-1","max-image-preview":"max-image-preview:large","max-video-preview":"max-video-preview:-1"},"canonical":"https:\/\/www.nordshark.com\/it\/product\/comprare-visualizzazioni-instagram-olandesi\/","og_locale":"it_IT","og_type":"article","og_title":"Dutch Instagram Views","og_description":"Enhance your Instagram with genuine Dutch views. Fast, reliable service to increase your visibility and engagement. Order now!","og_url":"https:\/\/www.nordshark.com\/it\/product\/comprare-visualizzazioni-instagram-olandesi\/","og_site_name":"Nordshark","article_modified_time":"2024-03-04T13:06:36+00:00","og_image":[{"width":800,"height":800,"url":"https:\/\/www.nordshark.com\/wp-content\/uploads\/2024\/02\/Dutch.Views_.jpg","type":"image\/jpeg"}],"twitter_card":"summary_large_image","twitter_misc":{"Disponibilit\u00e0":"In stock"},"schema":{"@context":"https:\/\/schema.org","@graph":[{"@type":"WebPage","@id":"https:\/\/www.nordshark.com\/product\/buy-dutch-instagram-views\/","url":"https:\/\/www.nordshark.com\/product\/buy-dutch-instagram-views\/","name":"Buy Dutch Instagram Views | Boost Your Profile Today","isPartOf":{"@id":"https:\/\/www.nordshark.com\/#website"},"primaryImageOfPage":{"@id":"https:\/\/www.nordshark.com\/product\/buy-dutch-instagram-views\/#primaryimage"},"image":{"@id":"https:\/\/www.nordshark.com\/product\/buy-dutch-instagram-views\/#primaryimage"},"thumbnailUrl":"https:\/\/www.nordshark.com\/wp-content\/uploads\/2024\/02\/Dutch.Views_.jpg","datePublished":"2024-02-17T22:21:57+00:00","dateModified":"2024-03-04T13:06:36+00:00","description":"Enhance your Instagram with genuine Dutch views. Fast, reliable service to increase your visibility and engagement. Order now!","breadcrumb":{"@id":"https:\/\/www.nordshark.com\/product\/buy-dutch-instagram-views\/#breadcrumb"},"inLanguage":"it-IT","potentialAction":[{"@type":"ReadAction","target":["https:\/\/www.nordshark.com\/product\/buy-dutch-instagram-views\/"]}]},{"@type":"ImageObject","inLanguage":"it-IT","@id":"https:\/\/www.nordshark.com\/product\/buy-dutch-instagram-views\/#primaryimage","url":"https:\/\/www.nordshark.com\/wp-content\/uploads\/2024\/02\/Dutch.Views_.jpg","contentUrl":"https:\/\/www.nordshark.com\/wp-content\/uploads\/2024\/02\/Dutch.Views_.jpg","width":800,"height":800,"caption":"Buy Dutch Instagram Views"},{"@type":"BreadcrumbList","@id":"https:\/\/www.nordshark.com\/product\/buy-dutch-instagram-views\/#breadcrumb","itemListElement":[{"@type":"ListItem","position":1,"name":"Home","item":"https:\/\/www.nordshark.com\/"},{"@type":"ListItem","position":2,"name":"Shop","item":"https:\/\/www.nordshark.com\/shop\/"},{"@type":"ListItem","position":3,"name":"Dutch Instagram Views"}]},{"@type":"WebSite","@id":"https:\/\/www.nordshark.com\/#website","url":"https:\/\/www.nordshark.com\/","name":"Nordshark","description":"","potentialAction":[{"@type":"SearchAction","target":{"@type":"EntryPoint","urlTemplate":"https:\/\/www.nordshark.com\/?s={search_term_string}"},"query-input":{"@type":"PropertyValueSpecification","valueRequired":true,"valueName":"search_term_string"}}],"inLanguage":"it-IT"}]},"og_availability":"instock","product_availability":"instock","product_condition":"new"},"_links":{"self":[{"href":"https:\/\/www.nordshark.com\/it\/wp-json\/wp\/v2\/product\/384","targetHints":{"allow":["GET"]}}],"collection":[{"href":"https:\/\/www.nordshark.com\/it\/wp-json\/wp\/v2\/product"}],"about":[{"href":"https:\/\/www.nordshark.com\/it\/wp-json\/wp\/v2\/types\/product"}],"replies":[{"embeddable":true,"href":"https:\/\/www.nordshark.com\/it\/wp-json\/wp\/v2\/comments?post=384"}],"wp:featuredmedia":[{"embeddable":true,"href":"https:\/\/www.nordshark.com\/it\/wp-json\/wp\/v2\/media\/801"}],"wp:attachment":[{"href":"https:\/\/www.nordshark.com\/it\/wp-json\/wp\/v2\/media?parent=384"}],"wp:term":[{"taxonomy":"product_cat","embeddable":true,"href":"https:\/\/www.nordshark.com\/it\/wp-json\/wp\/v2\/product_cat?post=384"},{"taxonomy":"product_tag","embeddable":true,"href":"https:\/\/www.nordshark.com\/it\/wp-json\/wp\/v2\/product_tag?post=384"}],"curies":[{"name":"wp","href":"https:\/\/api.w.org\/{rel}","templated":true}]}}