{"id":329,"date":"2024-02-17T20:52:04","date_gmt":"2024-02-17T19:52:04","guid":{"rendered":"https:\/\/www.nordshark.com\/?post_type=product&#038;p=329"},"modified":"2025-04-23T12:35:46","modified_gmt":"2025-04-23T11:35:46","slug":"buy-dutch-instagram-comments","status":"publish","type":"product","link":"https:\/\/www.nordshark.com\/it\/product\/comprare-commenti-instagram-olandesi\/","title":{"rendered":"Commenti olandesi su Instagram"},"content":{"rendered":"<div id=\"fws_69fb608d67d41\"  data-column-margin=\"default\" data-midnight=\"dark\" data-top-percent=\"8%\"  class=\"wpb_row vc_row-fluid vc_row full-width-section  right_padding_10pct left_padding_10pct\"  style=\"padding-top: calc(100vw * 0.08); padding-bottom: 0px; \"><div class=\"row-bg-wrap\" data-bg-animation=\"none\" data-bg-animation-delay=\"\" data-bg-overlay=\"false\"><div class=\"inner-wrap row-bg-layer\" ><div class=\"row-bg viewport-desktop\"  style=\"\"><\/div><\/div><\/div><div class=\"row_col_wrap_12 col span_12 dark left\">\n\t<div  class=\"vc_col-sm-12 wpb_column column_container vc_column_container col no-extra-padding inherit_tablet inherit_phone\"  data-padding-pos=\"all\" data-has-bg-color=\"false\" data-bg-color=\"\" data-bg-opacity=\"1\" data-animation=\"\" data-delay=\"0\" >\n\t\t<div class=\"vc_column-inner\" >\n\t\t\t<div class=\"wpb_wrapper\">\n\t\t\t\t<div id=\"fws_69fb608d67e34\" data-midnight=\"\" data-column-margin=\"default\" class=\"wpb_row vc_row-fluid vc_row inner_row\"  style=\"padding-bottom: 4%; \"><div class=\"row-bg-wrap\"> <div class=\"row-bg\" ><\/div> <\/div><div class=\"row_col_wrap_12_inner col span_12  left\">\n\t<div  class=\"vc_col-sm-12 wpb_column column_container vc_column_container col child_column centered-text no-extra-padding inherit_tablet inherit_phone\"   data-padding-pos=\"all\" data-has-bg-color=\"false\" data-bg-color=\"\" data-bg-opacity=\"1\" data-animation=\"\" data-delay=\"0\" >\n\t\t<div class=\"vc_column-inner\" >\n\t\t<div class=\"wpb_wrapper\">\n\t\t\t<div class=\"nectar-highlighted-text font_size_2vw font_size_tablet_6vw font_line_height_1-0\" data-style=\"none\" data-exp=\"default\" data-using-custom-color=\"false\" data-animation-delay=\"false\" data-color=\"\" data-color-gradient=\"\" style=\"\"><h3>Domande frequenti<\/h3>\n<\/div>\n\t\t<\/div> \n\t<\/div>\n\t<\/div> \n<\/div><\/div>\n\t\t\t<\/div> \n\t\t<\/div>\n\t<\/div> \n<\/div><\/div>\n\t\t<div id=\"fws_69fb608d67f63\"  data-column-margin=\"custom\" data-midnight=\"dark\" data-top-percent=\"3%\" data-bottom-percent=\"3%\"  class=\"wpb_row vc_row-fluid vc_row full-width-content vc_row-o-equal-height vc_row-flex vc_row-o-content-middle  right_padding_7vw left_padding_7vw column-margin-7vw top_padding_phone_10pct bottom_padding_phone_10pct\"  style=\"padding-top: calc(100vw * 0.03); padding-bottom: calc(100vw * 0.03); \"><div class=\"row-bg-wrap\" data-bg-animation=\"none\" data-bg-animation-delay=\"\" data-bg-overlay=\"false\"><div class=\"inner-wrap row-bg-layer\" ><div class=\"row-bg viewport-desktop using-bg-color\"  style=\"background-color: #f8f8f8; \"><\/div><\/div><\/div><div class=\"row_col_wrap_12 col span_12 dark left\">\n\t<div  class=\"vc_col-sm-6 wpb_column column_container vc_column_container col left_padding_desktop_2vw\"  data-padding-pos=\"all\" data-has-bg-color=\"false\" data-bg-color=\"\" data-bg-opacity=\"1\" data-animation=\"\" data-delay=\"0\" >\n\t\t<div class=\"vc_column-inner\" >\n\t\t\t<div class=\"wpb_wrapper\">\n\t\t\t\t<div class=\"toggles accordion\" data-br=\"\" data-starting=\"default\" data-style=\"minimal\"><div class=\"toggle accent-color\" data-inner-wrap=\"true\"><h3 class=\"toggle-title\"><a href=\"#\" role=\"button\" class=\"nectar-inherit-h4 toggle-heading\"><i role=\"presentation\" class=\"fa fa-plus-circle\"><\/i>Quanto ci vuole per ricevere i commenti olandesi acquistati?<\/a><\/h3><div><div class=\"inner-toggle-wrap\">\n<div class=\"wpb_text_column wpb_content_element\" >\n\t<div class=\"wpb_wrapper\">\n\t\t<p>La consegna dei commenti acquistati di solito inizia entro 0-1 ore dopo l'acquisto. Tuttavia, il completamento dell'ordine pu\u00f2 variare a seconda della quantit\u00e0 di commenti acquistati. Ci impegniamo a completare tutti gli ordini il pi\u00f9 velocemente possibile, garantendo al contempo la qualit\u00e0 dei commenti.<\/p>\n\t<\/div>\n<\/div>\n\n\n\n<\/div><\/div><\/div><div class=\"toggle accent-color\" data-inner-wrap=\"true\"><h3 class=\"toggle-title\"><a href=\"#\" role=\"button\" class=\"nectar-inherit-h4 toggle-heading\"><i role=\"presentation\" class=\"fa fa-plus-circle\"><\/i>Che tipo di commenti olandesi posso aspettarmi quando acquisto il tuo servizio?<\/a><\/h3><div><div class=\"inner-toggle-wrap\">\n<div class=\"wpb_text_column wpb_content_element\" >\n\t<div class=\"wpb_wrapper\">\n\t\t<p>Commenti positivi correlati all'argomento che corrispondono al tuo post e promuovono interazione.<\/p>\n\t<\/div>\n<\/div>\n\n\n\n<\/div><\/div><\/div><div class=\"toggle accent-color\" data-inner-wrap=\"true\"><h3 class=\"toggle-title\"><a href=\"#\" role=\"button\" class=\"nectar-inherit-h4 toggle-heading\"><i role=\"presentation\" class=\"fa fa-plus-circle\"><\/i>Qualit\u00e0 dei commenti su Instagram in Olandese?<\/a><\/h3><div><div class=\"inner-toggle-wrap\">\n<div class=\"wpb_text_column wpb_content_element\" >\n\t<div class=\"wpb_wrapper\">\n\t\t<p>Commenti di alta qualit\u00e0 da parte di veri e attivi utenti di Instagram olandesi che siano naturali e pertinenti.<\/p>\n\t<\/div>\n<\/div>\n\n\n\n<\/div><\/div><\/div><\/div>\n\n\n\n\n\n\n\n\n\n\n\n\n\n\n\n\n\n\n\n\n\t\t\t<\/div> \n\t\t<\/div>\n\t<\/div> \n\n\t<div  class=\"vc_col-sm-6 vc_hidden-sm vc_hidden-xs wpb_column column_container vc_column_container col top_margin_tablet_10pct right_padding_desktop_2vw\"  data-padding-pos=\"all\" data-has-bg-color=\"false\" data-bg-color=\"\" data-bg-opacity=\"1\" data-animation=\"\" data-delay=\"0\" >\n\t\t<div class=\"vc_column-inner\" >\n\t\t\t<div class=\"wpb_wrapper\">\n\t\t\t\t<div id=\"fws_69fb608d68145\" data-midnight=\"\" data-column-margin=\"default\" class=\"wpb_row vc_row-fluid vc_row inner_row\"  style=\"\"><div class=\"row-bg-wrap\"> <div class=\"row-bg\" ><\/div> <\/div><div class=\"row_col_wrap_12_inner col span_12  left\">\n\t<div  class=\"vc_col-sm-12 wpb_column column_container vc_column_container col child_column col-overflow-hidden mask_shape_circle-rect mask_size_contain top_padding_desktop_20pct bottom_padding_desktop_20pct\"   data-border-radius=\"15px\" data-video-bg=\"true\" data-overlay-color=\"true\" data-padding-pos=\"all\" data-has-bg-color=\"false\" data-bg-color=\"\" data-bg-opacity=\"1\" data-animation=\"\" data-delay=\"0\" >\n\t\t<div class=\"vc_column-inner\" >\n  <div class=\"nectar-video-wrap column-bg-layer column-video\">\n        <video class=\"nectar-video-bg\" width=\"1800\" height=\"700\" preload=\"auto\" loop autoplay muted playsinline><source src=\"https:\/\/www.nordshark.com\/wp-content\/uploads\/2024\/02\/faq2.mp4\"  type=\"video\/mp4\"><\/video><\/div><div class=\"column-bg-overlay-wrap column-bg-layer\" data-bg-animation=\"none\"><div class=\"column-bg-overlay\"><\/div><div class=\"column-overlay-layer\" style=\"\"><\/div><\/div>\n\t\t<div class=\"wpb_wrapper\">\n\t\t\t\n\t\t<\/div> \n\t<\/div>\n\t<\/div> \n<\/div><\/div>\n\t\t\t<\/div> \n\t\t<\/div>\n\t<\/div> \n<\/div><\/div>\n\t\t<div id=\"fws_69fb608d681da\"  data-column-margin=\"default\" data-midnight=\"dark\" data-top-percent=\"5%\" data-bottom-percent=\"5%\"  class=\"wpb_row vc_row-fluid vc_row  right_padding_5pct left_padding_5pct\"  style=\"padding-top: calc(100vw * 0.05); padding-bottom: calc(100vw * 0.05); \"><div class=\"row-bg-wrap\" data-bg-animation=\"none\" data-bg-animation-delay=\"\" data-bg-overlay=\"false\"><div class=\"inner-wrap row-bg-layer\" ><div class=\"row-bg viewport-desktop\"  style=\"\"><\/div><\/div><\/div><div class=\"row_col_wrap_12 col span_12 dark left\">\n\t<div  class=\"vc_col-sm-12 wpb_column column_container vc_column_container col no-extra-padding inherit_tablet inherit_phone\"  data-padding-pos=\"all\" data-has-bg-color=\"false\" data-bg-color=\"\" data-bg-opacity=\"1\" data-animation=\"\" data-delay=\"0\" >\n\t\t<div class=\"vc_column-inner\" >\n\t\t\t<div class=\"wpb_wrapper\">\n\t\t\t\t\n<div class=\"wpb_text_column wpb_content_element\" >\n\t<div class=\"wpb_wrapper\">\n\t\t<h1>Benvenuto su Nordshark - il posto migliore per acquistare commenti olandesi su Instagram.<\/h1>\n<p>Stai cercando di aumentare il coinvolgimento su Instagram con commenti autentici in olandese? Non cercare oltre! Nordshark \u00e8 il principale fornitore di commenti di alta qualit\u00e0 in olandese su Instagram che ti aiuteranno a aumentare la tua visibilit\u00e0, attirare pi\u00f9 follower e migliorare la tua presenza sui social media.<\/p>\n<h2>Perch\u00e9 scegliere Nordshark?<\/h2>\n<p>Quando si tratta di acquistare commenti su Instagram, Nordshark si distingue dalla massa. Ecco alcune ragioni per cui dovresti sceglierci:<\/p>\n<ul>\n<li>Commenti olandesi di alta qualit\u00e0: Il nostro team di esperti di social media assicura che tutti i commenti siano scritti in un olandese naturale e fluente, rendendoli autentici e aumentando l'autenticit\u00e0 del tuo profilo Instagram.<\/li>\n<li>Consegna rapida: Capiamo l'importanza di un servizio veloce. Una volta effettuato l'ordine, ci impegniamo a consegnare i tuoi commenti in olandese nel minor tempo possibile.<\/li>\n<li>Account veri e attivi: Forniamo solo commenti da account Instagram reali e attivi, garantendo che il tuo coinvolgimento sembri autentico e eviti qualsiasi sospetto dall'algoritmo di Instagram.<\/li>\n<li>Prezzi convenienti: Da Nordshark, crediamo che aumentare il coinvolgimento su Instagram non debba svuotare il portafoglio. I nostri piani di prezzi sono progettati per essere accessibili a individui e aziende di tutte le dimensioni.<\/li>\n<\/ul>\n<h2>Come Funziona<\/h2>\n<p>Compra commenti olandesi su Instagram da Nordshark \u00e8 un processo semplice e senza problemi. Ecco una guida passo-passo:<\/p>\n<ol>\n<li>Scegli il numero di commenti: Scegli il pacchetto che si adatta alle tue esigenze. Offriamo una gamma di opzioni per adattarsi a diversi budget e obiettivi di coinvolgimento.<\/li>\n<li>Una volta selezionato il pacchetto, inserisci l'URL del post su cui desideri ricevere commenti in olandese.<\/li>\n<li>Effettua un pagamento sicuro: Abbiamo implementato misure di sicurezza di alto livello per garantire la protezione dei tuoi dati di pagamento. Scegli il tuo metodo di pagamento preferito e completa l'acquisto.<\/li>\n<li>Goditi l'aumento dell'interazione: rilassati mentre iniziamo a fornire commenti in olandese di alta qualit\u00e0 al tuo post su Instagram. Guarda la tua interazione volare e la tua visibilit\u00e0 aumentare!<\/li>\n<\/ol>\n<h2>I vantaggi di acquistare commenti olandesi su Instagram.<\/h2>\n<p>Investire nei commenti Instagram olandesi pu\u00f2 avere numerosi vantaggi per il tuo account Instagram personale o aziendale. Alcuni vantaggi includono:<\/p>\n<ul>\n<li>Maggiore coinvolgimento: Commenti autentici e coinvolgenti da utenti olandesi possono attirare maggiore attenzione ai tuoi post, incoraggiando altri utenti a interagire e seguire il tuo account.<\/li>\n<li>Migliorata Social Proof: Avere un elevato numero di commenti rende il tuo profilo Instagram popolare e affidabile, aumentando la tua credibilit\u00e0 e attirando pi\u00f9 follower organici.<\/li>\n<li>Visibilit\u00e0 aumentata: L'algoritmo di Instagram tiene conto dell'interazione quando decide quali post mostrare agli utenti. Aumentando il numero di commenti, i tuoi post hanno pi\u00f9 probabilit\u00e0 di apparire nei feed dei potenziali follower.<\/li>\n<li>Audiencia espec\u00edfica: Comprando commenti olandesi su Instagram ti permette di raggiungere un pubblico specifico nei Paesi Bassi, aumentando le possibilit\u00e0 di attirare follower rilevanti e potenziali clienti.<\/li>\n<\/ul>\n<h2>Inizia con Nordshark oggi stesso!<\/h2>\n<p>Pronto per aumentare l'interazione sul tuo account Instagram con commenti in olandese? Visita Nordshark ora e scegli il pacchetto che meglio si adatta alle tue esigenze. Aumenta la tua visibilit\u00e0, attira pi\u00f9 follower e porta il tuo account Instagram al livello successivo!<\/p>\n\t<\/div>\n<\/div>\n\n\n\n\n\t\t\t<\/div> \n\t\t<\/div>\n\t<\/div> \n<\/div><\/div>\n\t\t<div id=\"fws_69fb608d682d9\"  data-column-margin=\"default\" data-midnight=\"light\" data-top-percent=\"10%\" data-bottom-percent=\"10%\"  class=\"wpb_row vc_row-fluid vc_row full-width-content vc_row-o-equal-height vc_row-flex vc_row-o-content-top  zindex-set mobile-disable-bg-image-animation right_padding_8pct left_padding_8pct nectar-overflow-hidden top_padding_phone_25pct bottom_padding_phone_25pct\"  style=\"padding-top: calc(100vw * 0.10); padding-bottom: calc(100vw * 0.10);  z-index: 100;\"><div class=\"row-bg-wrap\" data-bg-animation=\"fade-in\" data-bg-animation-delay=\"\" data-bg-overlay=\"true\"><div class=\"inner-wrap row-bg-layer\" style=\"background-color: #2b323a;\" ><div class=\"row-bg viewport-desktop using-bg-color\"  style=\"background-color: #2b323a; \"><\/div><\/div><div class=\"row-bg-overlay row-bg-layer\" style=\"background-color:rgba(0,0,0,0.78);  opacity: 0.8; \"><\/div><\/div>\n\t\t\t<div class=\"video-color-overlay row-bg-layer\" data-color=\"\"><\/div>\n\t\t\t\n\t\t\t<div class=\"nectar-video-wrap row-bg-layer\" data-bg-alignment=\"\">\n\t\t\t\t<div class=\"nectar-video-inner\">\n\t\t\t\t<video class=\"nectar-video-bg\" width=\"1800\" height=\"700\" preload=\"auto\" loop autoplay muted playsinline><source src=\"https:\/\/www.nordshark.com\/wp-content\/uploads\/2024\/02\/AdobeStock_454354002.mp4\"  type=\"video\/mp4\"><\/video>    \t\t<\/div>\n\t\t\t <\/div>\n\n\t\t\t<div class=\"row_col_wrap_12 col span_12 light left\">\n\t<div  class=\"vc_col-sm-12 wpb_column column_container vc_column_container col no-extra-padding column_position_static el_spacing_0px inherit_tablet inherit_phone\"  data-padding-pos=\"top-bottom\" data-has-bg-color=\"false\" data-bg-color=\"\" data-bg-opacity=\"1\" data-animation=\"\" data-delay=\"0\" >\n\t\t<div class=\"vc_column-inner\" >\n\t\t\t<div class=\"wpb_wrapper\">\n\t\t\t\t<div id=\"fws_69fb608d68344\" data-midnight=\"\" data-column-margin=\"none\" class=\"wpb_row vc_row-fluid vc_row inner_row  right_padding_13vw left_padding_13vw\"  style=\" z-index: 10;\"><div class=\"row-bg-wrap\"> <div class=\"row-bg\" ><\/div> <\/div><div class=\"row_col_wrap_12_inner col span_12  left\">\n\t<div  class=\"vc_col-sm-12 wpb_column column_container vc_column_container col child_column centered-text no-extra-padding inherit_tablet inherit_phone\"   data-padding-pos=\"all\" data-has-bg-color=\"false\" data-bg-color=\"\" data-bg-opacity=\"1\" data-animation=\"\" data-delay=\"0\" >\n\t\t<div class=\"vc_column-inner\" >\n\t\t<div class=\"wpb_wrapper\">\n\t\t\t<div class=\"nectar-split-heading  font_size_9vw font_size_tablet_10vw font_line_height_0-95\" data-align=\"left\" data-m-align=\"inherit\" data-text-effect=\"letter-reveal-bottom\" data-animation-type=\"line-reveal-by-space\" data-animation-delay=\"150\" data-animation-offset=\"\" data-m-rm-animation=\"true\" data-stagger=\"true\" data-custom-font-size=\"true\" style=\"font-size: 9vw; line-height: 9.9vw;\"><h1 >Il Migliore.<\/h1><\/div>\n\t\t<\/div> \n\t<\/div>\n\t<\/div> \n<\/div><\/div>\n\t\t\t<\/div> \n\t\t<\/div>\n\t<\/div> \n<\/div><\/div>","protected":false},"excerpt":{"rendered":"<p>Commenti olandesi di alta qualit\u00e0 al top!<br \/>\n\u2714 Ora di inizio: 0-4 ore (Generalmente immediato)<br \/>\n\u2714 Miglior servizio sul mercato<br \/>\n\u2714 Non-Drop<br \/>\n\u2714 Pagamenti una tantum - Nessuna sottoscrizione<\/p>\n<p>Per <strong>Internazionale<\/strong> Commenti <strong><span style=\"color: #0000ff;\"><a style=\"color: #0000ff;\" href=\"\/it\/product\/comprare-commenti-instagram\/\">Clicca qui<\/a><\/span><\/strong><\/p>\n<p>&nbsp;<\/p>","protected":false},"featured_media":796,"comment_status":"open","ping_status":"closed","template":"","meta":{"inline_featured_image":false},"product_cat":[29,42,32],"product_tag":[39,34],"class_list":{"0":"post-329","1":"product","2":"type-product","3":"status-publish","4":"has-post-thumbnail","6":"product_cat-instagram","7":"product_cat-instagram-comments","8":"product_cat-social-store","9":"product_tag-country-related-instagram-comments","10":"product_tag-instagram-comments","12":"first","13":"instock","14":"sale","15":"sold-individually","16":"shipping-taxable","17":"purchasable","18":"product-type-variable","19":"has-default-attributes"},"yoast_head":"<!-- This site is optimized with the Yoast SEO Premium plugin v23.6 (Yoast SEO v24.1) - https:\/\/yoast.com\/wordpress\/plugins\/seo\/ -->\n<title>Buy Dutch Instagram Comments - Engagement by Nordshark<\/title>\n<meta name=\"description\" content=\"Boost your Instagram presence with Dutch comments. Buy real and authentic Dutch Instagram comments for genuine engagement.\" \/>\n<meta name=\"robots\" content=\"index, follow, max-snippet:-1, max-image-preview:large, max-video-preview:-1\" \/>\n<link rel=\"canonical\" href=\"https:\/\/www.nordshark.com\/it\/product\/comprare-commenti-instagram-olandesi\/\" \/>\n<meta property=\"og:locale\" content=\"it_IT\" \/>\n<meta property=\"og:type\" content=\"article\" \/>\n<meta property=\"og:title\" content=\"Dutch Instagram Comments\" \/>\n<meta property=\"og:description\" content=\"Boost your Instagram presence with Dutch comments. Buy real and authentic Dutch Instagram comments for genuine engagement.\" \/>\n<meta property=\"og:url\" content=\"https:\/\/www.nordshark.com\/it\/product\/comprare-commenti-instagram-olandesi\/\" \/>\n<meta property=\"og:site_name\" content=\"Nordshark\" \/>\n<meta property=\"article:modified_time\" content=\"2025-04-23T11:35:46+00:00\" \/>\n<meta property=\"og:image\" content=\"https:\/\/www.nordshark.com\/wp-content\/uploads\/2024\/02\/Dutch.Comments.jpg\" \/>\n\t<meta property=\"og:image:width\" content=\"800\" \/>\n\t<meta property=\"og:image:height\" content=\"800\" \/>\n\t<meta property=\"og:image:type\" content=\"image\/jpeg\" \/>\n<meta name=\"twitter:card\" content=\"summary_large_image\" \/>\n<meta name=\"twitter:label1\" content=\"Disponibilit\u00e0\" \/>\n\t<meta name=\"twitter:data1\" content=\"In stock\" \/>\n<script type=\"application\/ld+json\" class=\"yoast-schema-graph\">{\"@context\":\"https:\/\/schema.org\",\"@graph\":[{\"@type\":\"WebPage\",\"@id\":\"https:\/\/www.nordshark.com\/product\/buy-dutch-instagram-comments\/\",\"url\":\"https:\/\/www.nordshark.com\/product\/buy-dutch-instagram-comments\/\",\"name\":\"Buy Dutch Instagram Comments - Engagement by Nordshark\",\"isPartOf\":{\"@id\":\"https:\/\/www.nordshark.com\/#website\"},\"primaryImageOfPage\":{\"@id\":\"https:\/\/www.nordshark.com\/product\/buy-dutch-instagram-comments\/#primaryimage\"},\"image\":{\"@id\":\"https:\/\/www.nordshark.com\/product\/buy-dutch-instagram-comments\/#primaryimage\"},\"thumbnailUrl\":\"https:\/\/www.nordshark.com\/wp-content\/uploads\/2024\/02\/Dutch.Comments.jpg\",\"datePublished\":\"2024-02-17T19:52:04+00:00\",\"dateModified\":\"2025-04-23T11:35:46+00:00\",\"description\":\"Boost your Instagram presence with Dutch comments. Buy real and authentic Dutch Instagram comments for genuine engagement.\",\"breadcrumb\":{\"@id\":\"https:\/\/www.nordshark.com\/product\/buy-dutch-instagram-comments\/#breadcrumb\"},\"inLanguage\":\"it-IT\",\"potentialAction\":[{\"@type\":\"ReadAction\",\"target\":[\"https:\/\/www.nordshark.com\/product\/buy-dutch-instagram-comments\/\"]}]},{\"@type\":\"ImageObject\",\"inLanguage\":\"it-IT\",\"@id\":\"https:\/\/www.nordshark.com\/product\/buy-dutch-instagram-comments\/#primaryimage\",\"url\":\"https:\/\/www.nordshark.com\/wp-content\/uploads\/2024\/02\/Dutch.Comments.jpg\",\"contentUrl\":\"https:\/\/www.nordshark.com\/wp-content\/uploads\/2024\/02\/Dutch.Comments.jpg\",\"width\":800,\"height\":800,\"caption\":\"Buy Dutch Instagram Comments\"},{\"@type\":\"BreadcrumbList\",\"@id\":\"https:\/\/www.nordshark.com\/product\/buy-dutch-instagram-comments\/#breadcrumb\",\"itemListElement\":[{\"@type\":\"ListItem\",\"position\":1,\"name\":\"Home\",\"item\":\"https:\/\/www.nordshark.com\/\"},{\"@type\":\"ListItem\",\"position\":2,\"name\":\"Shop\",\"item\":\"https:\/\/www.nordshark.com\/shop\/\"},{\"@type\":\"ListItem\",\"position\":3,\"name\":\"Dutch Instagram Comments\"}]},{\"@type\":\"WebSite\",\"@id\":\"https:\/\/www.nordshark.com\/#website\",\"url\":\"https:\/\/www.nordshark.com\/\",\"name\":\"Nordshark\",\"description\":\"\",\"potentialAction\":[{\"@type\":\"SearchAction\",\"target\":{\"@type\":\"EntryPoint\",\"urlTemplate\":\"https:\/\/www.nordshark.com\/?s={search_term_string}\"},\"query-input\":{\"@type\":\"PropertyValueSpecification\",\"valueRequired\":true,\"valueName\":\"search_term_string\"}}],\"inLanguage\":\"it-IT\"}]}<\/script>\n<meta property=\"og:availability\" content=\"instock\" \/>\n<meta property=\"product:availability\" content=\"instock\" \/>\n<meta property=\"product:condition\" content=\"new\" \/>\n<!-- \/ Yoast SEO Premium plugin. -->","yoast_head_json":{"title":"Buy Dutch Instagram Comments - Engagement by Nordshark","description":"Boost your Instagram presence with Dutch comments. Buy real and authentic Dutch Instagram comments for genuine engagement.","robots":{"index":"index","follow":"follow","max-snippet":"max-snippet:-1","max-image-preview":"max-image-preview:large","max-video-preview":"max-video-preview:-1"},"canonical":"https:\/\/www.nordshark.com\/it\/product\/comprare-commenti-instagram-olandesi\/","og_locale":"it_IT","og_type":"article","og_title":"Dutch Instagram Comments","og_description":"Boost your Instagram presence with Dutch comments. Buy real and authentic Dutch Instagram comments for genuine engagement.","og_url":"https:\/\/www.nordshark.com\/it\/product\/comprare-commenti-instagram-olandesi\/","og_site_name":"Nordshark","article_modified_time":"2025-04-23T11:35:46+00:00","og_image":[{"width":800,"height":800,"url":"https:\/\/www.nordshark.com\/wp-content\/uploads\/2024\/02\/Dutch.Comments.jpg","type":"image\/jpeg"}],"twitter_card":"summary_large_image","twitter_misc":{"Disponibilit\u00e0":"In stock"},"schema":{"@context":"https:\/\/schema.org","@graph":[{"@type":"WebPage","@id":"https:\/\/www.nordshark.com\/product\/buy-dutch-instagram-comments\/","url":"https:\/\/www.nordshark.com\/product\/buy-dutch-instagram-comments\/","name":"Buy Dutch Instagram Comments - Engagement by Nordshark","isPartOf":{"@id":"https:\/\/www.nordshark.com\/#website"},"primaryImageOfPage":{"@id":"https:\/\/www.nordshark.com\/product\/buy-dutch-instagram-comments\/#primaryimage"},"image":{"@id":"https:\/\/www.nordshark.com\/product\/buy-dutch-instagram-comments\/#primaryimage"},"thumbnailUrl":"https:\/\/www.nordshark.com\/wp-content\/uploads\/2024\/02\/Dutch.Comments.jpg","datePublished":"2024-02-17T19:52:04+00:00","dateModified":"2025-04-23T11:35:46+00:00","description":"Boost your Instagram presence with Dutch comments. Buy real and authentic Dutch Instagram comments for genuine engagement.","breadcrumb":{"@id":"https:\/\/www.nordshark.com\/product\/buy-dutch-instagram-comments\/#breadcrumb"},"inLanguage":"it-IT","potentialAction":[{"@type":"ReadAction","target":["https:\/\/www.nordshark.com\/product\/buy-dutch-instagram-comments\/"]}]},{"@type":"ImageObject","inLanguage":"it-IT","@id":"https:\/\/www.nordshark.com\/product\/buy-dutch-instagram-comments\/#primaryimage","url":"https:\/\/www.nordshark.com\/wp-content\/uploads\/2024\/02\/Dutch.Comments.jpg","contentUrl":"https:\/\/www.nordshark.com\/wp-content\/uploads\/2024\/02\/Dutch.Comments.jpg","width":800,"height":800,"caption":"Buy Dutch Instagram Comments"},{"@type":"BreadcrumbList","@id":"https:\/\/www.nordshark.com\/product\/buy-dutch-instagram-comments\/#breadcrumb","itemListElement":[{"@type":"ListItem","position":1,"name":"Home","item":"https:\/\/www.nordshark.com\/"},{"@type":"ListItem","position":2,"name":"Shop","item":"https:\/\/www.nordshark.com\/shop\/"},{"@type":"ListItem","position":3,"name":"Dutch Instagram Comments"}]},{"@type":"WebSite","@id":"https:\/\/www.nordshark.com\/#website","url":"https:\/\/www.nordshark.com\/","name":"Nordshark","description":"","potentialAction":[{"@type":"SearchAction","target":{"@type":"EntryPoint","urlTemplate":"https:\/\/www.nordshark.com\/?s={search_term_string}"},"query-input":{"@type":"PropertyValueSpecification","valueRequired":true,"valueName":"search_term_string"}}],"inLanguage":"it-IT"}]},"og_availability":"instock","product_availability":"instock","product_condition":"new"},"_links":{"self":[{"href":"https:\/\/www.nordshark.com\/it\/wp-json\/wp\/v2\/product\/329","targetHints":{"allow":["GET"]}}],"collection":[{"href":"https:\/\/www.nordshark.com\/it\/wp-json\/wp\/v2\/product"}],"about":[{"href":"https:\/\/www.nordshark.com\/it\/wp-json\/wp\/v2\/types\/product"}],"replies":[{"embeddable":true,"href":"https:\/\/www.nordshark.com\/it\/wp-json\/wp\/v2\/comments?post=329"}],"wp:featuredmedia":[{"embeddable":true,"href":"https:\/\/www.nordshark.com\/it\/wp-json\/wp\/v2\/media\/796"}],"wp:attachment":[{"href":"https:\/\/www.nordshark.com\/it\/wp-json\/wp\/v2\/media?parent=329"}],"wp:term":[{"taxonomy":"product_cat","embeddable":true,"href":"https:\/\/www.nordshark.com\/it\/wp-json\/wp\/v2\/product_cat?post=329"},{"taxonomy":"product_tag","embeddable":true,"href":"https:\/\/www.nordshark.com\/it\/wp-json\/wp\/v2\/product_tag?post=329"}],"curies":[{"name":"wp","href":"https:\/\/api.w.org\/{rel}","templated":true}]}}