{"id":286,"date":"2024-02-17T17:57:51","date_gmt":"2024-02-17T16:57:51","guid":{"rendered":"https:\/\/www.nordshark.com\/?post_type=product&#038;p=286"},"modified":"2024-02-27T20:21:35","modified_gmt":"2024-02-27T19:21:35","slug":"buy-dutch-instagram-likes","status":"publish","type":"product","link":"https:\/\/www.nordshark.com\/it\/product\/comprare-likes-instagram-olandesi\/","title":{"rendered":"Mi piace su Instagram olandesi"},"content":{"rendered":"<div id=\"fws_69fb604cd89e9\"  data-column-margin=\"default\" data-midnight=\"dark\" data-top-percent=\"8%\"  class=\"wpb_row vc_row-fluid vc_row full-width-section  right_padding_10pct left_padding_10pct\"  style=\"padding-top: calc(100vw * 0.08); padding-bottom: 0px; \"><div class=\"row-bg-wrap\" data-bg-animation=\"none\" data-bg-animation-delay=\"\" data-bg-overlay=\"false\"><div class=\"inner-wrap row-bg-layer\" ><div class=\"row-bg viewport-desktop\"  style=\"\"><\/div><\/div><\/div><div class=\"row_col_wrap_12 col span_12 dark left\">\n\t<div  class=\"vc_col-sm-12 wpb_column column_container vc_column_container col no-extra-padding inherit_tablet inherit_phone\"  data-padding-pos=\"all\" data-has-bg-color=\"false\" data-bg-color=\"\" data-bg-opacity=\"1\" data-animation=\"\" data-delay=\"0\" >\n\t\t<div class=\"vc_column-inner\" >\n\t\t\t<div class=\"wpb_wrapper\">\n\t\t\t\t<div id=\"fws_69fb604cd8ac6\" data-midnight=\"\" data-column-margin=\"default\" class=\"wpb_row vc_row-fluid vc_row inner_row\"  style=\"padding-bottom: 4%; \"><div class=\"row-bg-wrap\"> <div class=\"row-bg\" ><\/div> <\/div><div class=\"row_col_wrap_12_inner col span_12  left\">\n\t<div  class=\"vc_col-sm-12 wpb_column column_container vc_column_container col child_column centered-text no-extra-padding inherit_tablet inherit_phone\"   data-padding-pos=\"all\" data-has-bg-color=\"false\" data-bg-color=\"\" data-bg-opacity=\"1\" data-animation=\"\" data-delay=\"0\" >\n\t\t<div class=\"vc_column-inner\" >\n\t\t<div class=\"wpb_wrapper\">\n\t\t\t<div class=\"nectar-highlighted-text font_size_2vw font_size_tablet_6vw font_line_height_1-0\" data-style=\"none\" data-exp=\"default\" data-using-custom-color=\"false\" data-animation-delay=\"false\" data-color=\"\" data-color-gradient=\"\" style=\"\"><h3>Domande frequenti<\/h3>\n<\/div>\n\t\t<\/div> \n\t<\/div>\n\t<\/div> \n<\/div><\/div>\n\t\t\t<\/div> \n\t\t<\/div>\n\t<\/div> \n<\/div><\/div>\n\t\t<div id=\"fws_69fb604cd8bf5\"  data-column-margin=\"custom\" data-midnight=\"dark\" data-top-percent=\"3%\" data-bottom-percent=\"3%\"  class=\"wpb_row vc_row-fluid vc_row full-width-content vc_row-o-equal-height vc_row-flex vc_row-o-content-middle  right_padding_7vw left_padding_7vw column-margin-7vw top_padding_phone_10pct bottom_padding_phone_10pct\"  style=\"padding-top: calc(100vw * 0.03); padding-bottom: calc(100vw * 0.03); \"><div class=\"row-bg-wrap\" data-bg-animation=\"none\" data-bg-animation-delay=\"\" data-bg-overlay=\"false\"><div class=\"inner-wrap row-bg-layer\" ><div class=\"row-bg viewport-desktop using-bg-color\"  style=\"background-color: #f8f8f8; \"><\/div><\/div><\/div><div class=\"row_col_wrap_12 col span_12 dark left\">\n\t<div  class=\"vc_col-sm-6 wpb_column column_container vc_column_container col left_padding_desktop_2vw\"  data-padding-pos=\"all\" data-has-bg-color=\"false\" data-bg-color=\"\" data-bg-opacity=\"1\" data-animation=\"\" data-delay=\"0\" >\n\t\t<div class=\"vc_column-inner\" >\n\t\t\t<div class=\"wpb_wrapper\">\n\t\t\t\t<div class=\"toggles accordion\" data-br=\"\" data-starting=\"default\" data-style=\"minimal\"><div class=\"toggle accent-color\" data-inner-wrap=\"true\"><h3 class=\"toggle-title\"><a href=\"#\" role=\"button\" class=\"nectar-inherit-h4 toggle-heading\"><i role=\"presentation\" class=\"fa fa-plus-circle\"><\/i>Perch\u00e9 uno dovrebbe comprare Like olandesi su Instagram?<\/a><\/h3><div><div class=\"inner-toggle-wrap\">\n<div class=\"wpb_text_column wpb_content_element\" >\n\t<div class=\"wpb_wrapper\">\n\t\t<p>Comprare Mi Piace su Instagram olandesi pu\u00f2 migliorare la tua presenza, costruire credibilit\u00e0 e aumentare la visibilit\u00e0 tra un pubblico di madrelingua olandese.<\/p>\n\t<\/div>\n<\/div>\n\n\n\n<\/div><\/div><\/div><div class=\"toggle accent-color\" data-inner-wrap=\"true\"><h3 class=\"toggle-title\"><a href=\"#\" role=\"button\" class=\"nectar-inherit-h4 toggle-heading\"><i role=\"presentation\" class=\"fa fa-plus-circle\"><\/i>Quanto tempo ci vuole per la consegna dei Like olandesi su Instagram?<\/a><\/h3><div><div class=\"inner-toggle-wrap\">\n<div class=\"wpb_text_column wpb_content_element\" >\n\t<div class=\"wpb_wrapper\">\n\t\t<p>La consegna di Like olandesi su Instagram di solito \u00e8 veloce, con la maggior parte dei clienti che vedono un aumento entro poche ore. Il tempo esatto pu\u00f2 variare a seconda della dimensione dell'ordine e della domanda.<\/p>\n\t<\/div>\n<\/div>\n\n\n\n<\/div><\/div><\/div><div class=\"toggle accent-color\" data-inner-wrap=\"true\"><h3 class=\"toggle-title\"><a href=\"#\" role=\"button\" class=\"nectar-inherit-h4 toggle-heading\"><i role=\"presentation\" class=\"fa fa-plus-circle\"><\/i>Qual \u00e8 la qualit\u00e0 degli account che forniscono i mi piace?<\/a><\/h3><div><div class=\"inner-toggle-wrap\">\n<div class=\"wpb_text_column wpb_content_element\" >\n\t<div class=\"wpb_wrapper\">\n\t\t<p>Ci assicuriamo che i \"mi piace\" provengano da account olandesi autentici e attivi su Instagram. Il nostro servizio si concentra nel fornire \"mi piace\" di alta qualit\u00e0 da utenti reali, ci\u00f2 non solo migliora l'autenticit\u00e0 del tuo coinvolgimento ma aiuta anche a mantenere l'integrit\u00e0 del tuo account Instagram. Evitiamo rigorosamente di utilizzare bot o account falsi per fornire \"mi piace\".<\/p>\n\t<\/div>\n<\/div>\n\n\n\n<\/div><\/div><\/div><\/div>\n\n\n\n\n\n\n\n\n\n\n\n\n\n\n\n\n\n\n\n\n\t\t\t<\/div> \n\t\t<\/div>\n\t<\/div> \n\n\t<div  class=\"vc_col-sm-6 vc_hidden-sm vc_hidden-xs wpb_column column_container vc_column_container col top_margin_tablet_10pct right_padding_desktop_2vw\"  data-padding-pos=\"all\" data-has-bg-color=\"false\" data-bg-color=\"\" data-bg-opacity=\"1\" data-animation=\"\" data-delay=\"0\" >\n\t\t<div class=\"vc_column-inner\" >\n\t\t\t<div class=\"wpb_wrapper\">\n\t\t\t\t<div id=\"fws_69fb604cd8dd8\" data-midnight=\"\" data-column-margin=\"default\" class=\"wpb_row vc_row-fluid vc_row inner_row\"  style=\"\"><div class=\"row-bg-wrap\"> <div class=\"row-bg\" ><\/div> <\/div><div class=\"row_col_wrap_12_inner col span_12  left\">\n\t<div  class=\"vc_col-sm-12 wpb_column column_container vc_column_container col child_column col-overflow-hidden mask_shape_circle-rect mask_size_contain top_padding_desktop_20pct bottom_padding_desktop_20pct\"   data-border-radius=\"15px\" data-video-bg=\"true\" data-overlay-color=\"true\" data-padding-pos=\"all\" data-has-bg-color=\"false\" data-bg-color=\"\" data-bg-opacity=\"1\" data-animation=\"\" data-delay=\"0\" >\n\t\t<div class=\"vc_column-inner\" >\n  <div class=\"nectar-video-wrap column-bg-layer column-video\">\n        <video class=\"nectar-video-bg\" width=\"1800\" height=\"700\" preload=\"auto\" loop autoplay muted playsinline><source src=\"https:\/\/www.nordshark.com\/wp-content\/uploads\/2024\/02\/faq2.mp4\"  type=\"video\/mp4\"><\/video><\/div><div class=\"column-bg-overlay-wrap column-bg-layer\" data-bg-animation=\"none\"><div class=\"column-bg-overlay\"><\/div><div class=\"column-overlay-layer\" style=\"\"><\/div><\/div>\n\t\t<div class=\"wpb_wrapper\">\n\t\t\t\n\t\t<\/div> \n\t<\/div>\n\t<\/div> \n<\/div><\/div>\n\t\t\t<\/div> \n\t\t<\/div>\n\t<\/div> \n<\/div><\/div>\n\t\t<div id=\"fws_69fb604cd8e69\"  data-column-margin=\"default\" data-midnight=\"dark\" data-top-percent=\"5%\" data-bottom-percent=\"5%\"  class=\"wpb_row vc_row-fluid vc_row  right_padding_5pct left_padding_5pct\"  style=\"padding-top: calc(100vw * 0.05); padding-bottom: calc(100vw * 0.05); \"><div class=\"row-bg-wrap\" data-bg-animation=\"none\" data-bg-animation-delay=\"\" data-bg-overlay=\"false\"><div class=\"inner-wrap row-bg-layer\" ><div class=\"row-bg viewport-desktop\"  style=\"\"><\/div><\/div><\/div><div class=\"row_col_wrap_12 col span_12 dark left\">\n\t<div  class=\"vc_col-sm-12 wpb_column column_container vc_column_container col no-extra-padding inherit_tablet inherit_phone\"  data-padding-pos=\"all\" data-has-bg-color=\"false\" data-bg-color=\"\" data-bg-opacity=\"1\" data-animation=\"\" data-delay=\"0\" >\n\t\t<div class=\"vc_column-inner\" >\n\t\t\t<div class=\"wpb_wrapper\">\n\t\t\t\t\n<div class=\"wpb_text_column wpb_content_element\" >\n\t<div class=\"wpb_wrapper\">\n\t\t<h1>Compra Mi Piace Instagram olandesi<\/h1>\n<p>Benvenuto su Nordshark, il punto di riferimento per soddisfare tutte le tue esigenze di crescita su Instagram. Hai intenzione di dare una spinta al tuo profilo di Instagram con dei mi piace provenienti da una posizione specifica? Non cercare altrove!<\/p>\n<h2>Perch\u00e9 scegliere Nordshark?<\/h2>\n<p>Da Nordshark, ci specializziamo nel fornire mi piace autentici e di alta qualit\u00e0 su Instagram da account olandesi. A differenza di altri servizi che si affidano a mi piace falsi o bot, garantiamo un coinvolgimento genuino da parte di utenti reali con sede nei Paesi Bassi.<\/p>\n<p>Ecco alcuni motivi per cui dovresti scegliere Nordshark:<\/p>\n<ul>\n<li><strong>Pubblico mirato<\/strong>Comprare like olandesi su Instagram ti permette di raggiungere un pubblico specifico nei Paesi Bassi. Se sei un'attivit\u00e0 locale, un influencer o un creatore di contenuti che mira al mercato olandese, questa \u00e8 un'ottimo modo per aumentare la tua visibilit\u00e0 e credibilit\u00e0 all'interno della comunit\u00e0.<\/li>\n<li><strong>Migliorato Coinvolgimento<\/strong>L'algoritmo di Instagram tiene conto dell'interazione quando determina la visibilit\u00e0 dei tuoi post. Aumentando i like da parte degli utenti olandesi, \u00e8 probabile che tu possa ottenere un notevole aumento dell'interazione, portando a una maggiore visibilit\u00e0 e crescita.<\/li>\n<li><strong>Svelto e facile<\/strong>Il nostro processo \u00e8 semplice e diretto. Scegli semplicemente il pacchetto che fa al caso tuo, forniscici il link del tuo post su Instagram e lascia che ci occupiamo del resto. Ti garantiamo una consegna veloce e un supporto clienti eccellente durante tutto il processo.<\/li>\n<li><strong>Sicuro e protetto<\/strong>Prendiamo sul serio la sicurezza e la privacy del tuo account. I nostri metodi sono conformi alle condizioni di servizio di Instagram, assicurando che il tuo account mantenga un buon stato. Puoi fidarti di noi per fornire un servizio sicuro e affidabile.<\/li>\n<\/ul>\n<h2>Come Funziona<\/h2>\n<p>Ottenere mi piace olandesi su Instagram da Nordshark \u00e8 facilissimo, basta seguire questi 1-2-3:<\/p>\n<ol>\n<li><strong>Seleziona un Pacchetto:<\/strong>\u00a0Scegli tra la nostra selezione di pacchetti in base al numero di Mi Piace olandesi che desideri. Offriamo varie opzioni per adattarsi al tuo budget e obiettivi.<\/li>\n<li><strong>Fornisci il link del tuo post:<\/strong>\u00a0Condividi il link al post di Instagram che vuoi far crescere con i like olandesi. Non preoccuparti, rispettiamo la tua privacy e garantiamo la sicurezza di tutte le informazioni.<\/li>\n<li><strong>Rilassati e goditi il momento:<\/strong>\u00a0Una volta ricevuto il tuo ordine, il nostro team inizia a consegnare like olandesi al tuo post. Presto noterai il cambiamento nell'interazione e nella visibilit\u00e0.<\/li>\n<\/ol>\n<h2>La nostra promessa<\/h2>\n<p>La soddisfazione del cliente \u00e8 la nostra massima priorit\u00e0 qui a Nordshark. Ti garantiamo:<\/p>\n<ul>\n<li><strong>Like reali su Instagram olandesi<\/strong>Forniamo like autentici da veri utenti olandesi di Instagram per garantire autenticit\u00e0 e coinvolgimento.<\/li>\n<li><strong>Consegna Veloce<\/strong>Capisco l'importanza dei risultati tempestivi. Il nostro team lavora in modo efficiente per consegnare i like olandesi in tempi brevi.<\/li>\n<li><strong>Assistenza clienti 24\/7<\/strong>Hai domande o dubbi? Il nostro team di supporto dedicato \u00e8 disponibile 24 ore su 24 per assisterti.<\/li>\n<li><strong>Non serve la password<\/strong>Per acquistare like olandesi su Instagram da Nordshark, non \u00e8 necessario condividere la password del tuo account Instagram. Il tuo account rimane sicuro.<\/li>\n<\/ul>\n<h2>Migliora il tuo profilo Instagram oggi!<\/h2>\n<p>Pronto a migliorare la tua presenza su Instagram con mi piace olandesi? Acquista mi piace olandesi su Instagram da Nordshark e porta il tuo profilo a nuove vette. Aumenta la tua visibilit\u00e0, stimola l'interazione e stabilisci la tua autorit\u00e0 tra il pubblico olandese.<\/p>\n<p>Non perderti questa occasione per far crescere il tuo account Instagram. Inizia oggi stesso!<\/p>\n\t<\/div>\n<\/div>\n\n\n\n\n\t\t\t<\/div> \n\t\t<\/div>\n\t<\/div> \n<\/div><\/div>\n\t\t<div id=\"fws_69fb604cd8f6a\"  data-column-margin=\"default\" data-midnight=\"light\" data-top-percent=\"10%\" data-bottom-percent=\"10%\"  class=\"wpb_row vc_row-fluid vc_row full-width-content vc_row-o-equal-height vc_row-flex vc_row-o-content-top  zindex-set mobile-disable-bg-image-animation right_padding_8pct left_padding_8pct nectar-overflow-hidden top_padding_phone_25pct bottom_padding_phone_25pct\"  style=\"padding-top: calc(100vw * 0.10); padding-bottom: calc(100vw * 0.10);  z-index: 100;\"><div class=\"row-bg-wrap\" data-bg-animation=\"fade-in\" data-bg-animation-delay=\"\" data-bg-overlay=\"true\"><div class=\"inner-wrap row-bg-layer\" style=\"background-color: #2b323a;\" ><div class=\"row-bg viewport-desktop using-bg-color\"  style=\"background-color: #2b323a; \"><\/div><\/div><div class=\"row-bg-overlay row-bg-layer\" style=\"background-color:rgba(0,0,0,0.78);  opacity: 0.8; \"><\/div><\/div>\n\t\t\t<div class=\"video-color-overlay row-bg-layer\" data-color=\"\"><\/div>\n\t\t\t\n\t\t\t<div class=\"nectar-video-wrap row-bg-layer\" data-bg-alignment=\"\">\n\t\t\t\t<div class=\"nectar-video-inner\">\n\t\t\t\t<video class=\"nectar-video-bg\" width=\"1800\" height=\"700\" preload=\"auto\" loop autoplay muted playsinline><source src=\"https:\/\/www.nordshark.com\/wp-content\/uploads\/2024\/02\/AdobeStock_454354002.mp4\"  type=\"video\/mp4\"><\/video>    \t\t<\/div>\n\t\t\t <\/div>\n\n\t\t\t<div class=\"row_col_wrap_12 col span_12 light left\">\n\t<div  class=\"vc_col-sm-12 wpb_column column_container vc_column_container col no-extra-padding column_position_static el_spacing_0px inherit_tablet inherit_phone\"  data-padding-pos=\"top-bottom\" data-has-bg-color=\"false\" data-bg-color=\"\" data-bg-opacity=\"1\" data-animation=\"\" data-delay=\"0\" >\n\t\t<div class=\"vc_column-inner\" >\n\t\t\t<div class=\"wpb_wrapper\">\n\t\t\t\t<div id=\"fws_69fb604cd8fd7\" data-midnight=\"\" data-column-margin=\"none\" class=\"wpb_row vc_row-fluid vc_row inner_row  right_padding_13vw left_padding_13vw\"  style=\" z-index: 10;\"><div class=\"row-bg-wrap\"> <div class=\"row-bg\" ><\/div> <\/div><div class=\"row_col_wrap_12_inner col span_12  left\">\n\t<div  class=\"vc_col-sm-12 wpb_column column_container vc_column_container col child_column centered-text no-extra-padding inherit_tablet inherit_phone\"   data-padding-pos=\"all\" data-has-bg-color=\"false\" data-bg-color=\"\" data-bg-opacity=\"1\" data-animation=\"\" data-delay=\"0\" >\n\t\t<div class=\"vc_column-inner\" >\n\t\t<div class=\"wpb_wrapper\">\n\t\t\t<div class=\"nectar-split-heading  font_size_9vw font_size_tablet_10vw font_line_height_0-95\" data-align=\"left\" data-m-align=\"inherit\" data-text-effect=\"letter-reveal-bottom\" data-animation-type=\"line-reveal-by-space\" data-animation-delay=\"150\" data-animation-offset=\"\" data-m-rm-animation=\"true\" data-stagger=\"true\" data-custom-font-size=\"true\" style=\"font-size: 9vw; line-height: 9.9vw;\"><h1 >Il Migliore.<\/h1><\/div>\n\t\t<\/div> \n\t<\/div>\n\t<\/div> \n<\/div><\/div>\n\t\t\t<\/div> \n\t\t<\/div>\n\t<\/div> \n<\/div><\/div>","protected":false},"excerpt":{"rendered":"<p>\u2714 Mi Piace Olandesi di Alta Qualit\u00e0 Reali<br \/>\n\u2714 Ora di inizio: 0-4 ore (Generalmente immediato)<br \/>\n\u2714 Miglior servizio sul mercato<br \/>\n\u2714 Non-Drop<br \/>\n\u2714 Pagamenti una tantum - Nessuna sottoscrizione<\/p>\n<p>Per <strong>Internazionale<\/strong> Piace. <strong><span style=\"color: #0000ff;\"><a style=\"color: #0000ff;\" href=\"\/it\/product\/comprare-likes-instagram\/\">Clicca qui<\/a><\/span><\/strong><\/p>\n<p>&nbsp;<\/p>","protected":false},"featured_media":790,"comment_status":"open","ping_status":"closed","template":"","meta":{"inline_featured_image":false},"product_cat":[29,41,32],"product_tag":[36,33],"class_list":{"0":"post-286","1":"product","2":"type-product","3":"status-publish","4":"has-post-thumbnail","6":"product_cat-instagram","7":"product_cat-instagram-likes","8":"product_cat-social-store","9":"product_tag-country-related-instagram-likes","10":"product_tag-instagram-link","12":"first","13":"instock","14":"sale","15":"sold-individually","16":"shipping-taxable","17":"purchasable","18":"product-type-variable","19":"has-default-attributes"},"yoast_head":"<!-- This site is optimized with the Yoast SEO Premium plugin v23.6 (Yoast SEO v24.1) - https:\/\/yoast.com\/wordpress\/plugins\/seo\/ -->\n<title>Buy Dutch Instagram Likes - Boost Your Social Presence Today<\/title>\n<meta name=\"description\" content=\"Buy Dutch Instagram likes to enhance your social media presence. Get real likes from Dutch users. Instant delivery. Secure payment. Buy now!\" \/>\n<meta name=\"robots\" content=\"index, follow, max-snippet:-1, max-image-preview:large, max-video-preview:-1\" \/>\n<link rel=\"canonical\" href=\"https:\/\/www.nordshark.com\/it\/product\/comprare-likes-instagram-olandesi\/\" \/>\n<meta property=\"og:locale\" content=\"it_IT\" \/>\n<meta property=\"og:type\" content=\"article\" \/>\n<meta property=\"og:title\" content=\"Dutch Instagram Likes\" \/>\n<meta property=\"og:description\" content=\"Buy Dutch Instagram likes to enhance your social media presence. Get real likes from Dutch users. Instant delivery. Secure payment. Buy now!\" \/>\n<meta property=\"og:url\" content=\"https:\/\/www.nordshark.com\/it\/product\/comprare-likes-instagram-olandesi\/\" \/>\n<meta property=\"og:site_name\" content=\"Nordshark\" \/>\n<meta property=\"article:modified_time\" content=\"2024-02-27T19:21:35+00:00\" \/>\n<meta property=\"og:image\" content=\"https:\/\/www.nordshark.com\/wp-content\/uploads\/2024\/02\/Dutch.Likes_.jpg\" \/>\n\t<meta property=\"og:image:width\" content=\"800\" \/>\n\t<meta property=\"og:image:height\" content=\"800\" \/>\n\t<meta property=\"og:image:type\" content=\"image\/jpeg\" \/>\n<meta name=\"twitter:card\" content=\"summary_large_image\" \/>\n<meta name=\"twitter:label1\" content=\"Disponibilit\u00e0\" \/>\n\t<meta name=\"twitter:data1\" content=\"In stock\" \/>\n<script type=\"application\/ld+json\" class=\"yoast-schema-graph\">{\"@context\":\"https:\/\/schema.org\",\"@graph\":[{\"@type\":\"WebPage\",\"@id\":\"https:\/\/www.nordshark.com\/product\/buy-dutch-instagram-likes\/\",\"url\":\"https:\/\/www.nordshark.com\/product\/buy-dutch-instagram-likes\/\",\"name\":\"Buy Dutch Instagram Likes - Boost Your Social Presence Today\",\"isPartOf\":{\"@id\":\"https:\/\/www.nordshark.com\/#website\"},\"primaryImageOfPage\":{\"@id\":\"https:\/\/www.nordshark.com\/product\/buy-dutch-instagram-likes\/#primaryimage\"},\"image\":{\"@id\":\"https:\/\/www.nordshark.com\/product\/buy-dutch-instagram-likes\/#primaryimage\"},\"thumbnailUrl\":\"https:\/\/www.nordshark.com\/wp-content\/uploads\/2024\/02\/Dutch.Likes_.jpg\",\"datePublished\":\"2024-02-17T16:57:51+00:00\",\"dateModified\":\"2024-02-27T19:21:35+00:00\",\"description\":\"Buy Dutch Instagram likes to enhance your social media presence. Get real likes from Dutch users. Instant delivery. Secure payment. Buy now!\",\"breadcrumb\":{\"@id\":\"https:\/\/www.nordshark.com\/product\/buy-dutch-instagram-likes\/#breadcrumb\"},\"inLanguage\":\"it-IT\",\"potentialAction\":[{\"@type\":\"ReadAction\",\"target\":[\"https:\/\/www.nordshark.com\/product\/buy-dutch-instagram-likes\/\"]}]},{\"@type\":\"ImageObject\",\"inLanguage\":\"it-IT\",\"@id\":\"https:\/\/www.nordshark.com\/product\/buy-dutch-instagram-likes\/#primaryimage\",\"url\":\"https:\/\/www.nordshark.com\/wp-content\/uploads\/2024\/02\/Dutch.Likes_.jpg\",\"contentUrl\":\"https:\/\/www.nordshark.com\/wp-content\/uploads\/2024\/02\/Dutch.Likes_.jpg\",\"width\":800,\"height\":800,\"caption\":\"Buy Dutch Instagram Likes\"},{\"@type\":\"BreadcrumbList\",\"@id\":\"https:\/\/www.nordshark.com\/product\/buy-dutch-instagram-likes\/#breadcrumb\",\"itemListElement\":[{\"@type\":\"ListItem\",\"position\":1,\"name\":\"Home\",\"item\":\"https:\/\/www.nordshark.com\/\"},{\"@type\":\"ListItem\",\"position\":2,\"name\":\"Shop\",\"item\":\"https:\/\/www.nordshark.com\/shop\/\"},{\"@type\":\"ListItem\",\"position\":3,\"name\":\"Dutch Instagram Likes\"}]},{\"@type\":\"WebSite\",\"@id\":\"https:\/\/www.nordshark.com\/#website\",\"url\":\"https:\/\/www.nordshark.com\/\",\"name\":\"Nordshark\",\"description\":\"\",\"potentialAction\":[{\"@type\":\"SearchAction\",\"target\":{\"@type\":\"EntryPoint\",\"urlTemplate\":\"https:\/\/www.nordshark.com\/?s={search_term_string}\"},\"query-input\":{\"@type\":\"PropertyValueSpecification\",\"valueRequired\":true,\"valueName\":\"search_term_string\"}}],\"inLanguage\":\"it-IT\"}]}<\/script>\n<meta property=\"og:availability\" content=\"instock\" \/>\n<meta property=\"product:availability\" content=\"instock\" \/>\n<meta property=\"product:condition\" content=\"new\" \/>\n<!-- \/ Yoast SEO Premium plugin. -->","yoast_head_json":{"title":"Buy Dutch Instagram Likes - Boost Your Social Presence Today","description":"Buy Dutch Instagram likes to enhance your social media presence. Get real likes from Dutch users. Instant delivery. Secure payment. Buy now!","robots":{"index":"index","follow":"follow","max-snippet":"max-snippet:-1","max-image-preview":"max-image-preview:large","max-video-preview":"max-video-preview:-1"},"canonical":"https:\/\/www.nordshark.com\/it\/product\/comprare-likes-instagram-olandesi\/","og_locale":"it_IT","og_type":"article","og_title":"Dutch Instagram Likes","og_description":"Buy Dutch Instagram likes to enhance your social media presence. Get real likes from Dutch users. Instant delivery. Secure payment. Buy now!","og_url":"https:\/\/www.nordshark.com\/it\/product\/comprare-likes-instagram-olandesi\/","og_site_name":"Nordshark","article_modified_time":"2024-02-27T19:21:35+00:00","og_image":[{"width":800,"height":800,"url":"https:\/\/www.nordshark.com\/wp-content\/uploads\/2024\/02\/Dutch.Likes_.jpg","type":"image\/jpeg"}],"twitter_card":"summary_large_image","twitter_misc":{"Disponibilit\u00e0":"In stock"},"schema":{"@context":"https:\/\/schema.org","@graph":[{"@type":"WebPage","@id":"https:\/\/www.nordshark.com\/product\/buy-dutch-instagram-likes\/","url":"https:\/\/www.nordshark.com\/product\/buy-dutch-instagram-likes\/","name":"Buy Dutch Instagram Likes - Boost Your Social Presence Today","isPartOf":{"@id":"https:\/\/www.nordshark.com\/#website"},"primaryImageOfPage":{"@id":"https:\/\/www.nordshark.com\/product\/buy-dutch-instagram-likes\/#primaryimage"},"image":{"@id":"https:\/\/www.nordshark.com\/product\/buy-dutch-instagram-likes\/#primaryimage"},"thumbnailUrl":"https:\/\/www.nordshark.com\/wp-content\/uploads\/2024\/02\/Dutch.Likes_.jpg","datePublished":"2024-02-17T16:57:51+00:00","dateModified":"2024-02-27T19:21:35+00:00","description":"Buy Dutch Instagram likes to enhance your social media presence. Get real likes from Dutch users. Instant delivery. Secure payment. Buy now!","breadcrumb":{"@id":"https:\/\/www.nordshark.com\/product\/buy-dutch-instagram-likes\/#breadcrumb"},"inLanguage":"it-IT","potentialAction":[{"@type":"ReadAction","target":["https:\/\/www.nordshark.com\/product\/buy-dutch-instagram-likes\/"]}]},{"@type":"ImageObject","inLanguage":"it-IT","@id":"https:\/\/www.nordshark.com\/product\/buy-dutch-instagram-likes\/#primaryimage","url":"https:\/\/www.nordshark.com\/wp-content\/uploads\/2024\/02\/Dutch.Likes_.jpg","contentUrl":"https:\/\/www.nordshark.com\/wp-content\/uploads\/2024\/02\/Dutch.Likes_.jpg","width":800,"height":800,"caption":"Buy Dutch Instagram Likes"},{"@type":"BreadcrumbList","@id":"https:\/\/www.nordshark.com\/product\/buy-dutch-instagram-likes\/#breadcrumb","itemListElement":[{"@type":"ListItem","position":1,"name":"Home","item":"https:\/\/www.nordshark.com\/"},{"@type":"ListItem","position":2,"name":"Shop","item":"https:\/\/www.nordshark.com\/shop\/"},{"@type":"ListItem","position":3,"name":"Dutch Instagram Likes"}]},{"@type":"WebSite","@id":"https:\/\/www.nordshark.com\/#website","url":"https:\/\/www.nordshark.com\/","name":"Nordshark","description":"","potentialAction":[{"@type":"SearchAction","target":{"@type":"EntryPoint","urlTemplate":"https:\/\/www.nordshark.com\/?s={search_term_string}"},"query-input":{"@type":"PropertyValueSpecification","valueRequired":true,"valueName":"search_term_string"}}],"inLanguage":"it-IT"}]},"og_availability":"instock","product_availability":"instock","product_condition":"new"},"_links":{"self":[{"href":"https:\/\/www.nordshark.com\/it\/wp-json\/wp\/v2\/product\/286","targetHints":{"allow":["GET"]}}],"collection":[{"href":"https:\/\/www.nordshark.com\/it\/wp-json\/wp\/v2\/product"}],"about":[{"href":"https:\/\/www.nordshark.com\/it\/wp-json\/wp\/v2\/types\/product"}],"replies":[{"embeddable":true,"href":"https:\/\/www.nordshark.com\/it\/wp-json\/wp\/v2\/comments?post=286"}],"wp:featuredmedia":[{"embeddable":true,"href":"https:\/\/www.nordshark.com\/it\/wp-json\/wp\/v2\/media\/790"}],"wp:attachment":[{"href":"https:\/\/www.nordshark.com\/it\/wp-json\/wp\/v2\/media?parent=286"}],"wp:term":[{"taxonomy":"product_cat","embeddable":true,"href":"https:\/\/www.nordshark.com\/it\/wp-json\/wp\/v2\/product_cat?post=286"},{"taxonomy":"product_tag","embeddable":true,"href":"https:\/\/www.nordshark.com\/it\/wp-json\/wp\/v2\/product_tag?post=286"}],"curies":[{"name":"wp","href":"https:\/\/api.w.org\/{rel}","templated":true}]}}