{"id":278,"date":"2024-02-17T17:54:04","date_gmt":"2024-02-17T16:54:04","guid":{"rendered":"https:\/\/www.nordshark.com\/?post_type=product&#038;p=278"},"modified":"2024-02-27T20:21:24","modified_gmt":"2024-02-27T19:21:24","slug":"buy-italian-instagram-likes","status":"publish","type":"product","link":"https:\/\/www.nordshark.com\/it\/product\/comprare-likes-instagram-italiani\/","title":{"rendered":"Mi piace su Instagram italiani"},"content":{"rendered":"<div id=\"fws_69fb609c23e23\"  data-column-margin=\"default\" data-midnight=\"dark\" data-top-percent=\"8%\"  class=\"wpb_row vc_row-fluid vc_row full-width-section  right_padding_10pct left_padding_10pct\"  style=\"padding-top: calc(100vw * 0.08); padding-bottom: 0px; \"><div class=\"row-bg-wrap\" data-bg-animation=\"none\" data-bg-animation-delay=\"\" data-bg-overlay=\"false\"><div class=\"inner-wrap row-bg-layer\" ><div class=\"row-bg viewport-desktop\"  style=\"\"><\/div><\/div><\/div><div class=\"row_col_wrap_12 col span_12 dark left\">\n\t<div  class=\"vc_col-sm-12 wpb_column column_container vc_column_container col no-extra-padding inherit_tablet inherit_phone\"  data-padding-pos=\"all\" data-has-bg-color=\"false\" data-bg-color=\"\" data-bg-opacity=\"1\" data-animation=\"\" data-delay=\"0\" >\n\t\t<div class=\"vc_column-inner\" >\n\t\t\t<div class=\"wpb_wrapper\">\n\t\t\t\t<div id=\"fws_69fb609c23f08\" data-midnight=\"\" data-column-margin=\"default\" class=\"wpb_row vc_row-fluid vc_row inner_row\"  style=\"padding-bottom: 4%; \"><div class=\"row-bg-wrap\"> <div class=\"row-bg\" ><\/div> <\/div><div class=\"row_col_wrap_12_inner col span_12  left\">\n\t<div  class=\"vc_col-sm-12 wpb_column column_container vc_column_container col child_column centered-text no-extra-padding inherit_tablet inherit_phone\"   data-padding-pos=\"all\" data-has-bg-color=\"false\" data-bg-color=\"\" data-bg-opacity=\"1\" data-animation=\"\" data-delay=\"0\" >\n\t\t<div class=\"vc_column-inner\" >\n\t\t<div class=\"wpb_wrapper\">\n\t\t\t<div class=\"nectar-highlighted-text font_size_2vw font_size_tablet_6vw font_line_height_1-0\" data-style=\"none\" data-exp=\"default\" data-using-custom-color=\"false\" data-animation-delay=\"false\" data-color=\"\" data-color-gradient=\"\" style=\"\"><h3>Domande frequenti<\/h3>\n<\/div>\n\t\t<\/div> \n\t<\/div>\n\t<\/div> \n<\/div><\/div>\n\t\t\t<\/div> \n\t\t<\/div>\n\t<\/div> \n<\/div><\/div>\n\t\t<div id=\"fws_69fb609c24022\"  data-column-margin=\"custom\" data-midnight=\"dark\" data-top-percent=\"3%\" data-bottom-percent=\"3%\"  class=\"wpb_row vc_row-fluid vc_row full-width-content vc_row-o-equal-height vc_row-flex vc_row-o-content-middle  right_padding_7vw left_padding_7vw column-margin-7vw top_padding_phone_10pct bottom_padding_phone_10pct\"  style=\"padding-top: calc(100vw * 0.03); padding-bottom: calc(100vw * 0.03); \"><div class=\"row-bg-wrap\" data-bg-animation=\"none\" data-bg-animation-delay=\"\" data-bg-overlay=\"false\"><div class=\"inner-wrap row-bg-layer\" ><div class=\"row-bg viewport-desktop using-bg-color\"  style=\"background-color: #f8f8f8; \"><\/div><\/div><\/div><div class=\"row_col_wrap_12 col span_12 dark left\">\n\t<div  class=\"vc_col-sm-6 wpb_column column_container vc_column_container col left_padding_desktop_2vw\"  data-padding-pos=\"all\" data-has-bg-color=\"false\" data-bg-color=\"\" data-bg-opacity=\"1\" data-animation=\"\" data-delay=\"0\" >\n\t\t<div class=\"vc_column-inner\" >\n\t\t\t<div class=\"wpb_wrapper\">\n\t\t\t\t<div class=\"toggles accordion\" data-br=\"\" data-starting=\"default\" data-style=\"minimal\"><div class=\"toggle accent-color\" data-inner-wrap=\"true\"><h3 class=\"toggle-title\"><a href=\"#\" role=\"button\" class=\"nectar-inherit-h4 toggle-heading\"><i role=\"presentation\" class=\"fa fa-plus-circle\"><\/i>Perch\u00e9 bisognerebbe comprare Mi Piace su Instagram italiani?<\/a><\/h3><div><div class=\"inner-toggle-wrap\">\n<div class=\"wpb_text_column wpb_content_element\" >\n\t<div class=\"wpb_wrapper\">\n\t\t<p>Comprare Mi Piace su Instagram italiani pu\u00f2 migliorare la tua presenza, costruire credibilit\u00e0 e aumentare la visibilit\u00e0 tra il pubblico di lingua italiana.<\/p>\n\t<\/div>\n<\/div>\n\n\n\n<\/div><\/div><\/div><div class=\"toggle accent-color\" data-inner-wrap=\"true\"><h3 class=\"toggle-title\"><a href=\"#\" role=\"button\" class=\"nectar-inherit-h4 toggle-heading\"><i role=\"presentation\" class=\"fa fa-plus-circle\"><\/i>Quanto tempo ci vuole per la consegna dei \"Mi piace\" su Instagram in italiano?<\/a><\/h3><div><div class=\"inner-toggle-wrap\">\n<div class=\"wpb_text_column wpb_content_element\" >\n\t<div class=\"wpb_wrapper\">\n\t\t<p>La consegna dei Mi Piace su Instagram italiani di solito \u00e8 veloce, con la maggior parte dei clienti che vedono un aumento entro poche ore. Il tempo esatto pu\u00f2 variare a seconda delle dimensioni dell'ordine e della domanda.<\/p>\n\t<\/div>\n<\/div>\n\n\n\n<\/div><\/div><\/div><div class=\"toggle accent-color\" data-inner-wrap=\"true\"><h3 class=\"toggle-title\"><a href=\"#\" role=\"button\" class=\"nectar-inherit-h4 toggle-heading\"><i role=\"presentation\" class=\"fa fa-plus-circle\"><\/i>Qual \u00e8 la qualit\u00e0 degli account che forniscono i mi piace?<\/a><\/h3><div><div class=\"inner-toggle-wrap\">\n<div class=\"wpb_text_column wpb_content_element\" >\n\t<div class=\"wpb_wrapper\">\n\t\t<p>Ci assicuriamo che i mi piace provengano da account Instagram italiani autentici e attivi. Il nostro servizio si concentra sulla consegna di mi piace di alta qualit\u00e0 da parte di utenti reali, il che non solo aumenta l'autenticit\u00e0 del tuo coinvolgimento, ma aiuta anche a mantenere l'integrit\u00e0 del tuo account Instagram. Evitiamo rigorosamente di utilizzare bot o account falsi per fornire mi piace.<\/p>\n\t<\/div>\n<\/div>\n\n\n\n<\/div><\/div><\/div><\/div>\n\n\n\n\n\n\n\n\n\n\n\n\n\n\n\n\n\n\n\n\n\t\t\t<\/div> \n\t\t<\/div>\n\t<\/div> \n\n\t<div  class=\"vc_col-sm-6 vc_hidden-sm vc_hidden-xs wpb_column column_container vc_column_container col top_margin_tablet_10pct right_padding_desktop_2vw\"  data-padding-pos=\"all\" data-has-bg-color=\"false\" data-bg-color=\"\" data-bg-opacity=\"1\" data-animation=\"\" data-delay=\"0\" >\n\t\t<div class=\"vc_column-inner\" >\n\t\t\t<div class=\"wpb_wrapper\">\n\t\t\t\t<div id=\"fws_69fb609c24215\" data-midnight=\"\" data-column-margin=\"default\" class=\"wpb_row vc_row-fluid vc_row inner_row\"  style=\"\"><div class=\"row-bg-wrap\"> <div class=\"row-bg\" ><\/div> <\/div><div class=\"row_col_wrap_12_inner col span_12  left\">\n\t<div  class=\"vc_col-sm-12 wpb_column column_container vc_column_container col child_column col-overflow-hidden mask_shape_circle-rect mask_size_contain top_padding_desktop_20pct bottom_padding_desktop_20pct\"   data-border-radius=\"15px\" data-video-bg=\"true\" data-overlay-color=\"true\" data-padding-pos=\"all\" data-has-bg-color=\"false\" data-bg-color=\"\" data-bg-opacity=\"1\" data-animation=\"\" data-delay=\"0\" >\n\t\t<div class=\"vc_column-inner\" >\n  <div class=\"nectar-video-wrap column-bg-layer column-video\">\n        <video class=\"nectar-video-bg\" width=\"1800\" height=\"700\" preload=\"auto\" loop autoplay muted playsinline><source src=\"https:\/\/www.nordshark.com\/wp-content\/uploads\/2024\/02\/faq2.mp4\"  type=\"video\/mp4\"><\/video><\/div><div class=\"column-bg-overlay-wrap column-bg-layer\" data-bg-animation=\"none\"><div class=\"column-bg-overlay\"><\/div><div class=\"column-overlay-layer\" style=\"\"><\/div><\/div>\n\t\t<div class=\"wpb_wrapper\">\n\t\t\t\n\t\t<\/div> \n\t<\/div>\n\t<\/div> \n<\/div><\/div>\n\t\t\t<\/div> \n\t\t<\/div>\n\t<\/div> \n<\/div><\/div>\n\t\t<div id=\"fws_69fb609c242a3\"  data-column-margin=\"default\" data-midnight=\"dark\" data-top-percent=\"5%\" data-bottom-percent=\"5%\"  class=\"wpb_row vc_row-fluid vc_row  right_padding_5pct left_padding_5pct\"  style=\"padding-top: calc(100vw * 0.05); padding-bottom: calc(100vw * 0.05); \"><div class=\"row-bg-wrap\" data-bg-animation=\"none\" data-bg-animation-delay=\"\" data-bg-overlay=\"false\"><div class=\"inner-wrap row-bg-layer\" ><div class=\"row-bg viewport-desktop\"  style=\"\"><\/div><\/div><\/div><div class=\"row_col_wrap_12 col span_12 dark left\">\n\t<div  class=\"vc_col-sm-12 wpb_column column_container vc_column_container col no-extra-padding inherit_tablet inherit_phone\"  data-padding-pos=\"all\" data-has-bg-color=\"false\" data-bg-color=\"\" data-bg-opacity=\"1\" data-animation=\"\" data-delay=\"0\" >\n\t\t<div class=\"vc_column-inner\" >\n\t\t\t<div class=\"wpb_wrapper\">\n\t\t\t\t\n<div class=\"wpb_text_column wpb_content_element\" >\n\t<div class=\"wpb_wrapper\">\n\t\t<h1>Aumenta la tua presenza su Instagram con Mi Piaces italiani.<\/h1>\n<h2>Ciao!<\/h2>\n<p>Benvenuto\/a su Nordshark, il principale fornitore di like di alta qualit\u00e0 su Instagram. Sei alla ricerca di una strategia efficace per migliorare il tuo gioco su Instagram? Non cercare oltre! La nostra offerta esclusiva di acquistare like italiani su Instagram \u00e8 creata per aiutarti a ottenere l'esposizione che meriti.<\/p>\n<h2>Il potere dei mi piace su Instagram<\/h2>\n<p>I like su Instagram giocano un ruolo cruciale nel determinare la popolarit\u00e0 e la credibilit\u00e0 di un account. Essi agiscono come un voto di fiducia da parte di utenti reali, incoraggiando gli altri a interagire con i tuoi profili. Nell'era digitale di oggi, avere una forte presenza online \u00e8 pi\u00f9 importante che mai, specialmente per le imprese e gli influencer.<\/p>\n<h2>Perch\u00e9 scegliere i Mi Piace italiani su Instagram?<\/h2>\n<p>L'Italia \u00e8 conosciuta per la sua ricca cultura, paesaggi mozzafiato e comunit\u00e0 appassionata. Quando acquisti like italiani su Instagram, entri a far parte del supporto di questa vivace comunit\u00e0, aumentando la visibilit\u00e0 del tuo account tra gli utenti italiani. Questa strategia localizzata pu\u00f2 avere un impatto significativo sul numero di follower, l'interazione e, in ultima analisi, il tuo successo sulla piattaforma.<\/p>\n<h2>Vantaggi di acquistare Mi Piace su Instagram italiani da Nordshark.<\/h2>\n<ul>\n<li>Piace autentico italiano: I nostri piace sono generati da veri utenti italiani di Instagram che sono genuinamente interessati al tuo contenuto.<\/li>\n<li>Coinvolgimento aumentato: I like italiani attraggono naturalmente maggior coinvolgimento e interazione da parte degli altri utenti, portando a una crescita organica.<\/li>\n<li>Un'alta quantit\u00e0 di mi piace da un pubblico italiano aumenter\u00e0 la tua credibilit\u00e0 e ti render\u00e0 una fonte affidabile e influente.<\/li>\n<li>Raggiungimento mirato: Concentrandoti sugli utenti italiani, puoi adattare il tuo contenuto per connettere meglio con questo pubblico specifico, ottenendo cos\u00ec tassi di conversione pi\u00f9 elevati.<\/li>\n<li>Miglioramento del Ranking dell'Algoritmo: L'algoritmo di Instagram tiene conto del tasso di interazione dei tuoi post. I like italiani possono aiutarti a migliorare il tuo ranking, portando a una maggiore visibilit\u00e0 sulla piattaforma.<\/li>\n<\/ul>\n<h2>Come Funziona<\/h2>\n<p>Comprare like italiani su Instagram da Nordshark \u00e8 un processo semplice:<\/p>\n<ol>\n<li>Scegli il pacchetto che meglio si adatta alle tue necessit\u00e0.<\/li>\n<li>Fornisci il tuo nome utente di Instagram e specifica che desideri \"mi piace\" italiani.<\/li>\n<li>Completa il processo di pagamento sicuro.<\/li>\n<li>Siediti comodo, rilassati e guarda i tuoi like italiani arrivare!<\/li>\n<\/ol>\n<h2>Perch\u00e9 Nordshark?<\/h2>\n<p>Da Nordshark, siamo orgogliosi di offrire un servizio eccezionale e risultati imbattibili. Ecco perch\u00e9 migliaia di clienti soddisfatti ci scelgono:<\/p>\n<ul>\n<li>Like veri: Non utilizziamo mai like falsi o generati da bot. Ogni like che ricevi proviene da un vero utente italiano.<\/li>\n<li>Consegna veloce: Il nostro sistema garantisce la consegna tempestiva dei tuoi Mi piace italiani, offrendoti risultati immediati.<\/li>\n<li>Sicuro e protetto: La tua privacy \u00e8 la nostra massima priorit\u00e0. Utilizziamo l'encryption di standard del settore per proteggere le tue informazioni.<\/li>\n<li>Assistenza clienti 24\/7: Il nostro team amichevole e competente \u00e8 sempre disponibile per aiutarti con qualsiasi domanda o preoccupazione.<\/li>\n<li>Soddisfazione garantita: Siamo fiduciosi nei nostri servizi e offriamo una garanzia di soddisfazione. Se non sei contento dei risultati, risolveremo il problema.<\/li>\n<\/ul>\n<h2>Conclusione<\/h2>\n<p>Non perdere l'occasione di accelerare la crescita del tuo profilo Instagram. Acquista oggi stesso like italiani su Instagram da Nordshark e vedrai la differenza che pu\u00f2 fare nell'espandere la tua visibilit\u00e0, aumentare il coinvolgimento e stabilire la tua presenza online. Fai il primo passo verso il successo su Instagram!<\/p>\n\t<\/div>\n<\/div>\n\n\n\n\n\t\t\t<\/div> \n\t\t<\/div>\n\t<\/div> \n<\/div><\/div>\n\t\t<div id=\"fws_69fb609c2439a\"  data-column-margin=\"default\" data-midnight=\"light\" data-top-percent=\"10%\" data-bottom-percent=\"10%\"  class=\"wpb_row vc_row-fluid vc_row full-width-content vc_row-o-equal-height vc_row-flex vc_row-o-content-top  zindex-set mobile-disable-bg-image-animation right_padding_8pct left_padding_8pct nectar-overflow-hidden top_padding_phone_25pct bottom_padding_phone_25pct\"  style=\"padding-top: calc(100vw * 0.10); padding-bottom: calc(100vw * 0.10);  z-index: 100;\"><div class=\"row-bg-wrap\" data-bg-animation=\"fade-in\" data-bg-animation-delay=\"\" data-bg-overlay=\"true\"><div class=\"inner-wrap row-bg-layer\" style=\"background-color: #2b323a;\" ><div class=\"row-bg viewport-desktop using-bg-color\"  style=\"background-color: #2b323a; \"><\/div><\/div><div class=\"row-bg-overlay row-bg-layer\" style=\"background-color:rgba(0,0,0,0.78);  opacity: 0.8; \"><\/div><\/div>\n\t\t\t<div class=\"video-color-overlay row-bg-layer\" data-color=\"\"><\/div>\n\t\t\t\n\t\t\t<div class=\"nectar-video-wrap row-bg-layer\" data-bg-alignment=\"\">\n\t\t\t\t<div class=\"nectar-video-inner\">\n\t\t\t\t<video class=\"nectar-video-bg\" width=\"1800\" height=\"700\" preload=\"auto\" loop autoplay muted playsinline><source src=\"https:\/\/www.nordshark.com\/wp-content\/uploads\/2024\/02\/AdobeStock_454354002.mp4\"  type=\"video\/mp4\"><\/video>    \t\t<\/div>\n\t\t\t <\/div>\n\n\t\t\t<div class=\"row_col_wrap_12 col span_12 light left\">\n\t<div  class=\"vc_col-sm-12 wpb_column column_container vc_column_container col no-extra-padding column_position_static el_spacing_0px inherit_tablet inherit_phone\"  data-padding-pos=\"top-bottom\" data-has-bg-color=\"false\" data-bg-color=\"\" data-bg-opacity=\"1\" data-animation=\"\" data-delay=\"0\" >\n\t\t<div class=\"vc_column-inner\" >\n\t\t\t<div class=\"wpb_wrapper\">\n\t\t\t\t<div id=\"fws_69fb609c24406\" data-midnight=\"\" data-column-margin=\"none\" class=\"wpb_row vc_row-fluid vc_row inner_row  right_padding_13vw left_padding_13vw\"  style=\" z-index: 10;\"><div class=\"row-bg-wrap\"> <div class=\"row-bg\" ><\/div> <\/div><div class=\"row_col_wrap_12_inner col span_12  left\">\n\t<div  class=\"vc_col-sm-12 wpb_column column_container vc_column_container col child_column centered-text no-extra-padding inherit_tablet inherit_phone\"   data-padding-pos=\"all\" data-has-bg-color=\"false\" data-bg-color=\"\" data-bg-opacity=\"1\" data-animation=\"\" data-delay=\"0\" >\n\t\t<div class=\"vc_column-inner\" >\n\t\t<div class=\"wpb_wrapper\">\n\t\t\t<div class=\"nectar-split-heading  font_size_9vw font_size_tablet_10vw font_line_height_0-95\" data-align=\"left\" data-m-align=\"inherit\" data-text-effect=\"letter-reveal-bottom\" data-animation-type=\"line-reveal-by-space\" data-animation-delay=\"150\" data-animation-offset=\"\" data-m-rm-animation=\"true\" data-stagger=\"true\" data-custom-font-size=\"true\" style=\"font-size: 9vw; line-height: 9.9vw;\"><h1 >Il Migliore.<\/h1><\/div>\n\t\t<\/div> \n\t<\/div>\n\t<\/div> \n<\/div><\/div>\n\t\t\t<\/div> \n\t\t<\/div>\n\t<\/div> \n<\/div><\/div>","protected":false},"excerpt":{"rendered":"<p>\u2714 Veri Mi Piace di alta qualit\u00e0 in italiano<br \/>\n\u2714 Ora di inizio: 0-4 ore (Generalmente immediato)<br \/>\n\u2714 Miglior servizio sul mercato<br \/>\n\u2714 Non-Drop<br \/>\n\u2714 Pagamenti una tantum - Nessuna sottoscrizione<\/p>\n<p>Per <strong>Internazionale<\/strong> Piace. <strong><span style=\"color: #0000ff;\"><a style=\"color: #0000ff;\" href=\"\/it\/product\/comprare-likes-instagram\/\">Clicca qui<\/a><\/span><\/strong><\/p>\n<p>&nbsp;<\/p>","protected":false},"featured_media":789,"comment_status":"open","ping_status":"closed","template":"","meta":{"inline_featured_image":false},"product_cat":[29,41,32],"product_tag":[36,33],"class_list":{"0":"post-278","1":"product","2":"type-product","3":"status-publish","4":"has-post-thumbnail","6":"product_cat-instagram","7":"product_cat-instagram-likes","8":"product_cat-social-store","9":"product_tag-country-related-instagram-likes","10":"product_tag-instagram-link","12":"first","13":"instock","14":"sale","15":"sold-individually","16":"shipping-taxable","17":"purchasable","18":"product-type-variable","19":"has-default-attributes"},"yoast_head":"<!-- This site is optimized with the Yoast SEO Premium plugin v23.6 (Yoast SEO v24.1) - https:\/\/yoast.com\/wordpress\/plugins\/seo\/ -->\n<title>Buy Italian Instagram Likes - Boost Your Social Presence Today<\/title>\n<meta name=\"description\" content=\"Buy Italian Instagram likes to enhance your social media presence. Get real likes from Italian users. Instant delivery. Secure payment. Buy now!\" \/>\n<meta name=\"robots\" content=\"index, follow, max-snippet:-1, max-image-preview:large, max-video-preview:-1\" \/>\n<link rel=\"canonical\" href=\"https:\/\/www.nordshark.com\/it\/product\/comprare-likes-instagram-italiani\/\" \/>\n<meta property=\"og:locale\" content=\"it_IT\" \/>\n<meta property=\"og:type\" content=\"article\" \/>\n<meta property=\"og:title\" content=\"Italian Instagram Likes\" \/>\n<meta property=\"og:description\" content=\"Buy Italian Instagram likes to enhance your social media presence. Get real likes from Italian users. Instant delivery. Secure payment. Buy now!\" \/>\n<meta property=\"og:url\" content=\"https:\/\/www.nordshark.com\/it\/product\/comprare-likes-instagram-italiani\/\" \/>\n<meta property=\"og:site_name\" content=\"Nordshark\" \/>\n<meta property=\"article:modified_time\" content=\"2024-02-27T19:21:24+00:00\" \/>\n<meta property=\"og:image\" content=\"https:\/\/www.nordshark.com\/wp-content\/uploads\/2024\/02\/Italian.Likes_.jpg\" \/>\n\t<meta property=\"og:image:width\" content=\"800\" \/>\n\t<meta property=\"og:image:height\" content=\"800\" \/>\n\t<meta property=\"og:image:type\" content=\"image\/jpeg\" \/>\n<meta name=\"twitter:card\" content=\"summary_large_image\" \/>\n<meta name=\"twitter:label1\" content=\"Disponibilit\u00e0\" \/>\n\t<meta name=\"twitter:data1\" content=\"In stock\" \/>\n<script type=\"application\/ld+json\" class=\"yoast-schema-graph\">{\"@context\":\"https:\/\/schema.org\",\"@graph\":[{\"@type\":\"WebPage\",\"@id\":\"https:\/\/www.nordshark.com\/product\/buy-italian-instagram-likes\/\",\"url\":\"https:\/\/www.nordshark.com\/product\/buy-italian-instagram-likes\/\",\"name\":\"Buy Italian Instagram Likes - Boost Your Social Presence Today\",\"isPartOf\":{\"@id\":\"https:\/\/www.nordshark.com\/#website\"},\"primaryImageOfPage\":{\"@id\":\"https:\/\/www.nordshark.com\/product\/buy-italian-instagram-likes\/#primaryimage\"},\"image\":{\"@id\":\"https:\/\/www.nordshark.com\/product\/buy-italian-instagram-likes\/#primaryimage\"},\"thumbnailUrl\":\"https:\/\/www.nordshark.com\/wp-content\/uploads\/2024\/02\/Italian.Likes_.jpg\",\"datePublished\":\"2024-02-17T16:54:04+00:00\",\"dateModified\":\"2024-02-27T19:21:24+00:00\",\"description\":\"Buy Italian Instagram likes to enhance your social media presence. Get real likes from Italian users. Instant delivery. Secure payment. Buy now!\",\"breadcrumb\":{\"@id\":\"https:\/\/www.nordshark.com\/product\/buy-italian-instagram-likes\/#breadcrumb\"},\"inLanguage\":\"it-IT\",\"potentialAction\":[{\"@type\":\"ReadAction\",\"target\":[\"https:\/\/www.nordshark.com\/product\/buy-italian-instagram-likes\/\"]}]},{\"@type\":\"ImageObject\",\"inLanguage\":\"it-IT\",\"@id\":\"https:\/\/www.nordshark.com\/product\/buy-italian-instagram-likes\/#primaryimage\",\"url\":\"https:\/\/www.nordshark.com\/wp-content\/uploads\/2024\/02\/Italian.Likes_.jpg\",\"contentUrl\":\"https:\/\/www.nordshark.com\/wp-content\/uploads\/2024\/02\/Italian.Likes_.jpg\",\"width\":800,\"height\":800,\"caption\":\"Buy Italian Instagram Likes\"},{\"@type\":\"BreadcrumbList\",\"@id\":\"https:\/\/www.nordshark.com\/product\/buy-italian-instagram-likes\/#breadcrumb\",\"itemListElement\":[{\"@type\":\"ListItem\",\"position\":1,\"name\":\"Home\",\"item\":\"https:\/\/www.nordshark.com\/\"},{\"@type\":\"ListItem\",\"position\":2,\"name\":\"Shop\",\"item\":\"https:\/\/www.nordshark.com\/shop\/\"},{\"@type\":\"ListItem\",\"position\":3,\"name\":\"Italian Instagram Likes\"}]},{\"@type\":\"WebSite\",\"@id\":\"https:\/\/www.nordshark.com\/#website\",\"url\":\"https:\/\/www.nordshark.com\/\",\"name\":\"Nordshark\",\"description\":\"\",\"potentialAction\":[{\"@type\":\"SearchAction\",\"target\":{\"@type\":\"EntryPoint\",\"urlTemplate\":\"https:\/\/www.nordshark.com\/?s={search_term_string}\"},\"query-input\":{\"@type\":\"PropertyValueSpecification\",\"valueRequired\":true,\"valueName\":\"search_term_string\"}}],\"inLanguage\":\"it-IT\"}]}<\/script>\n<meta property=\"og:availability\" content=\"instock\" \/>\n<meta property=\"product:availability\" content=\"instock\" \/>\n<meta property=\"product:condition\" content=\"new\" \/>\n<!-- \/ Yoast SEO Premium plugin. -->","yoast_head_json":{"title":"Buy Italian Instagram Likes - Boost Your Social Presence Today","description":"Buy Italian Instagram likes to enhance your social media presence. Get real likes from Italian users. Instant delivery. Secure payment. Buy now!","robots":{"index":"index","follow":"follow","max-snippet":"max-snippet:-1","max-image-preview":"max-image-preview:large","max-video-preview":"max-video-preview:-1"},"canonical":"https:\/\/www.nordshark.com\/it\/product\/comprare-likes-instagram-italiani\/","og_locale":"it_IT","og_type":"article","og_title":"Italian Instagram Likes","og_description":"Buy Italian Instagram likes to enhance your social media presence. Get real likes from Italian users. Instant delivery. Secure payment. Buy now!","og_url":"https:\/\/www.nordshark.com\/it\/product\/comprare-likes-instagram-italiani\/","og_site_name":"Nordshark","article_modified_time":"2024-02-27T19:21:24+00:00","og_image":[{"width":800,"height":800,"url":"https:\/\/www.nordshark.com\/wp-content\/uploads\/2024\/02\/Italian.Likes_.jpg","type":"image\/jpeg"}],"twitter_card":"summary_large_image","twitter_misc":{"Disponibilit\u00e0":"In stock"},"schema":{"@context":"https:\/\/schema.org","@graph":[{"@type":"WebPage","@id":"https:\/\/www.nordshark.com\/product\/buy-italian-instagram-likes\/","url":"https:\/\/www.nordshark.com\/product\/buy-italian-instagram-likes\/","name":"Buy Italian Instagram Likes - Boost Your Social Presence Today","isPartOf":{"@id":"https:\/\/www.nordshark.com\/#website"},"primaryImageOfPage":{"@id":"https:\/\/www.nordshark.com\/product\/buy-italian-instagram-likes\/#primaryimage"},"image":{"@id":"https:\/\/www.nordshark.com\/product\/buy-italian-instagram-likes\/#primaryimage"},"thumbnailUrl":"https:\/\/www.nordshark.com\/wp-content\/uploads\/2024\/02\/Italian.Likes_.jpg","datePublished":"2024-02-17T16:54:04+00:00","dateModified":"2024-02-27T19:21:24+00:00","description":"Buy Italian Instagram likes to enhance your social media presence. Get real likes from Italian users. Instant delivery. Secure payment. Buy now!","breadcrumb":{"@id":"https:\/\/www.nordshark.com\/product\/buy-italian-instagram-likes\/#breadcrumb"},"inLanguage":"it-IT","potentialAction":[{"@type":"ReadAction","target":["https:\/\/www.nordshark.com\/product\/buy-italian-instagram-likes\/"]}]},{"@type":"ImageObject","inLanguage":"it-IT","@id":"https:\/\/www.nordshark.com\/product\/buy-italian-instagram-likes\/#primaryimage","url":"https:\/\/www.nordshark.com\/wp-content\/uploads\/2024\/02\/Italian.Likes_.jpg","contentUrl":"https:\/\/www.nordshark.com\/wp-content\/uploads\/2024\/02\/Italian.Likes_.jpg","width":800,"height":800,"caption":"Buy Italian Instagram Likes"},{"@type":"BreadcrumbList","@id":"https:\/\/www.nordshark.com\/product\/buy-italian-instagram-likes\/#breadcrumb","itemListElement":[{"@type":"ListItem","position":1,"name":"Home","item":"https:\/\/www.nordshark.com\/"},{"@type":"ListItem","position":2,"name":"Shop","item":"https:\/\/www.nordshark.com\/shop\/"},{"@type":"ListItem","position":3,"name":"Italian Instagram Likes"}]},{"@type":"WebSite","@id":"https:\/\/www.nordshark.com\/#website","url":"https:\/\/www.nordshark.com\/","name":"Nordshark","description":"","potentialAction":[{"@type":"SearchAction","target":{"@type":"EntryPoint","urlTemplate":"https:\/\/www.nordshark.com\/?s={search_term_string}"},"query-input":{"@type":"PropertyValueSpecification","valueRequired":true,"valueName":"search_term_string"}}],"inLanguage":"it-IT"}]},"og_availability":"instock","product_availability":"instock","product_condition":"new"},"_links":{"self":[{"href":"https:\/\/www.nordshark.com\/it\/wp-json\/wp\/v2\/product\/278","targetHints":{"allow":["GET"]}}],"collection":[{"href":"https:\/\/www.nordshark.com\/it\/wp-json\/wp\/v2\/product"}],"about":[{"href":"https:\/\/www.nordshark.com\/it\/wp-json\/wp\/v2\/types\/product"}],"replies":[{"embeddable":true,"href":"https:\/\/www.nordshark.com\/it\/wp-json\/wp\/v2\/comments?post=278"}],"wp:featuredmedia":[{"embeddable":true,"href":"https:\/\/www.nordshark.com\/it\/wp-json\/wp\/v2\/media\/789"}],"wp:attachment":[{"href":"https:\/\/www.nordshark.com\/it\/wp-json\/wp\/v2\/media?parent=278"}],"wp:term":[{"taxonomy":"product_cat","embeddable":true,"href":"https:\/\/www.nordshark.com\/it\/wp-json\/wp\/v2\/product_cat?post=278"},{"taxonomy":"product_tag","embeddable":true,"href":"https:\/\/www.nordshark.com\/it\/wp-json\/wp\/v2\/product_tag?post=278"}],"curies":[{"name":"wp","href":"https:\/\/api.w.org\/{rel}","templated":true}]}}