{"id":1994,"date":"2024-02-28T20:45:13","date_gmt":"2024-02-28T19:45:13","guid":{"rendered":"https:\/\/www.nordshark.com\/?post_type=product&#038;p=1994"},"modified":"2024-03-04T14:00:08","modified_gmt":"2024-03-04T13:00:08","slug":"buy-italian-instagram-impressions","status":"publish","type":"product","link":"https:\/\/www.nordshark.com\/it\/product\/buy-italian-instagram-impressions\/","title":{"rendered":"Impression su Instagram in italiano"},"content":{"rendered":"<div id=\"fws_69fb6dd579daa\"  data-column-margin=\"default\" data-midnight=\"dark\" data-top-percent=\"4%\"  class=\"wpb_row vc_row-fluid vc_row full-width-section  right_padding_10pct left_padding_10pct\"  style=\"padding-top: calc(100vw * 0.04); padding-bottom: 0px; \"><div class=\"row-bg-wrap\" data-bg-animation=\"none\" data-bg-animation-delay=\"\" data-bg-overlay=\"false\"><div class=\"inner-wrap row-bg-layer\" ><div class=\"row-bg viewport-desktop\"  style=\"\"><\/div><\/div><\/div><div class=\"row_col_wrap_12 col span_12 dark left\">\n\t<div  class=\"vc_col-sm-12 wpb_column column_container vc_column_container col no-extra-padding inherit_tablet inherit_phone\"  data-padding-pos=\"all\" data-has-bg-color=\"false\" data-bg-color=\"\" data-bg-opacity=\"1\" data-animation=\"\" data-delay=\"0\" >\n\t\t<div class=\"vc_column-inner\" >\n\t\t\t<div class=\"wpb_wrapper\">\n\t\t\t\t<div id=\"fws_69fb6dd579e8e\" data-midnight=\"\" data-column-margin=\"default\" class=\"wpb_row vc_row-fluid vc_row inner_row\"  style=\"padding-bottom: 4%; \"><div class=\"row-bg-wrap\"> <div class=\"row-bg\" ><\/div> <\/div><div class=\"row_col_wrap_12_inner col span_12  left\">\n\t<div  class=\"vc_col-sm-12 wpb_column column_container vc_column_container col child_column centered-text no-extra-padding inherit_tablet inherit_phone\"   data-padding-pos=\"all\" data-has-bg-color=\"false\" data-bg-color=\"\" data-bg-opacity=\"1\" data-animation=\"\" data-delay=\"0\" >\n\t\t<div class=\"vc_column-inner\" >\n\t\t<div class=\"wpb_wrapper\">\n\t\t\t<div class=\"nectar-highlighted-text font_size_2vw font_size_tablet_6vw font_line_height_1-0\" data-style=\"none\" data-exp=\"default\" data-using-custom-color=\"false\" data-animation-delay=\"false\" data-color=\"\" data-color-gradient=\"\" style=\"\"><h3>Domande frequenti<\/h3>\n<\/div>\n\t\t<\/div> \n\t<\/div>\n\t<\/div> \n<\/div><\/div>\n\t\t\t<\/div> \n\t\t<\/div>\n\t<\/div> \n<\/div><\/div>\n\t\t<div id=\"fws_69fb6dd579fbd\"  data-column-margin=\"custom\" data-midnight=\"dark\" data-top-percent=\"3%\" data-bottom-percent=\"3%\"  class=\"wpb_row vc_row-fluid vc_row full-width-content vc_row-o-equal-height vc_row-flex vc_row-o-content-middle  right_padding_7vw left_padding_7vw column-margin-7vw top_padding_phone_10pct bottom_padding_phone_10pct\"  style=\"padding-top: calc(100vw * 0.03); padding-bottom: calc(100vw * 0.03); \"><div class=\"row-bg-wrap\" data-bg-animation=\"none\" data-bg-animation-delay=\"\" data-bg-overlay=\"false\"><div class=\"inner-wrap row-bg-layer\" ><div class=\"row-bg viewport-desktop using-bg-color\"  style=\"background-color: #f8f8f8; \"><\/div><\/div><\/div><div class=\"row_col_wrap_12 col span_12 dark left\">\n\t<div  class=\"vc_col-sm-6 wpb_column column_container vc_column_container col left_padding_desktop_2vw\"  data-padding-pos=\"all\" data-has-bg-color=\"false\" data-bg-color=\"\" data-bg-opacity=\"1\" data-animation=\"\" data-delay=\"0\" >\n\t\t<div class=\"vc_column-inner\" >\n\t\t\t<div class=\"wpb_wrapper\">\n\t\t\t\t<div class=\"toggles accordion\" data-br=\"\" data-starting=\"default\" data-style=\"minimal\"><div class=\"toggle accent-color\" data-inner-wrap=\"true\"><h3 class=\"toggle-title\"><a href=\"#\" role=\"button\" class=\"nectar-inherit-h4 toggle-heading\"><i role=\"presentation\" class=\"fa fa-plus-circle\"><\/i>Cosa sono le impression su Instagram in italiano e perch\u00e9 dovrei comprarle?<\/a><\/h3><div><div class=\"inner-toggle-wrap\">\n<div class=\"wpb_text_column wpb_content_element\" >\n\t<div class=\"wpb_wrapper\">\n\t\t<p>Le impression italiane su Instagram si riferiscono al numero di volte in cui il tuo contenuto viene visualizzato dagli utenti in Italia. Acquistare impression italiane pu\u00f2 aiutare a aumentare la visibilit\u00e0 e l'interazione all'interno del pubblico italiano, rendendolo una strategia vincente per le aziende o gli influencer che mirano a questo target demografico.<\/p>\n\t<\/div>\n<\/div>\n\n\n\n<\/div><\/div><\/div><div class=\"toggle accent-color\" data-inner-wrap=\"true\"><h3 class=\"toggle-title\"><a href=\"#\" role=\"button\" class=\"nectar-inherit-h4 toggle-heading\"><i role=\"presentation\" class=\"fa fa-plus-circle\"><\/i>Quanto tempo ci vuole per consegnare impression su Instagram in italiano?<\/a><\/h3><div><div class=\"inner-toggle-wrap\">\n<div class=\"wpb_text_column wpb_content_element\" >\n\t<div class=\"wpb_wrapper\">\n\t\t<div class=\"flex-1 overflow-hidden\">\n<div class=\"react-scroll-to-bottom--css-lhaha-79elbk h-full\">\n<div class=\"react-scroll-to-bottom--css-lhaha-1n7m0yu\">\n<div class=\"flex flex-col pb-9 text-sm\">\n<div class=\"w-full text-token-text-primary\" data-testid=\"conversation-turn-13\">\n<div class=\"px-4 py-2 justify-center text-base md:gap-6 m-auto\">\n<div class=\"flex flex-1 text-base mx-auto gap-3 md:px-5 lg:px-1 xl:px-5 md:max-w-3xl lg:max-w-&#091;40rem&#093; xl:max-w-&#091;48rem&#093; group final-completion\">\n<div class=\"relative flex w-full flex-col agent-turn\">\n<div class=\"flex-col gap-1 md:gap-3\">\n<div class=\"flex flex-grow flex-col max-w-full\">\n<div class=\"min-h-&#091;20px&#093; text-message flex flex-col items-start gap-3 whitespace-pre-wrap break-words &#091;.text-message+&amp;&#093;:mt-5 overflow-x-auto\" data-message-author-role=\"assistant\" data-message-id=\"8fb90d07-19f8-49de-af5d-36cb03ef4a83\">\n<div class=\"markdown prose w-full break-words dark:prose-invert light\">\n<p>Il tempo di consegna per le Impressions di Instagram italiane varia a seconda del pacchetto che scegli. Di solito, pu\u00f2 avvenire entro 10-30 minuti dopo aver effettuato l'ordine.<\/p>\n<\/div>\n<\/div>\n<\/div>\n<\/div>\n<\/div>\n<\/div>\n<\/div>\n<\/div>\n<\/div>\n<\/div>\n<\/div>\n<\/div>\n\t<\/div>\n<\/div>\n\n\n\n<\/div><\/div><\/div><div class=\"toggle accent-color\" data-inner-wrap=\"true\"><h3 class=\"toggle-title\"><a href=\"#\" role=\"button\" class=\"nectar-inherit-h4 toggle-heading\"><i role=\"presentation\" class=\"fa fa-plus-circle\"><\/i>Comprare impression su Instagram italiano aumenta le mie possibilit\u00e0 di comparire nella pagina Esplora?<\/a><\/h3><div><div class=\"inner-toggle-wrap\">\n<div class=\"wpb_text_column wpb_content_element\" >\n\t<div class=\"wpb_wrapper\">\n\t\t<p>Mentre acquistare Impressions su Instagram italiani pu\u00f2 aumentare la tua visibilit\u00e0 e interazione, \u00e8 solo uno dei molti fattori che contribuiscono al posizionamento nella pagina Esplora. Contenuto di qualit\u00e0 costante e interazione attiva con il tuo pubblico sono anche cruciali per migliorare le tue possibilit\u00e0 di essere presentato.<\/p>\n\t<\/div>\n<\/div>\n\n\n\n<\/div><\/div><\/div><\/div>\n\n\n\n\n\n\n\n\n\n\n\n\n\n\n\n\n\n\n\n\n\t\t\t<\/div> \n\t\t<\/div>\n\t<\/div> \n\n\t<div  class=\"vc_col-sm-6 vc_hidden-sm vc_hidden-xs wpb_column column_container vc_column_container col top_margin_tablet_10pct right_padding_desktop_2vw\"  data-padding-pos=\"all\" data-has-bg-color=\"false\" data-bg-color=\"\" data-bg-opacity=\"1\" data-animation=\"\" data-delay=\"0\" >\n\t\t<div class=\"vc_column-inner\" >\n\t\t\t<div class=\"wpb_wrapper\">\n\t\t\t\t<div id=\"fws_69fb6dd57a2cf\" data-midnight=\"\" data-column-margin=\"default\" class=\"wpb_row vc_row-fluid vc_row inner_row\"  style=\"\"><div class=\"row-bg-wrap\"> <div class=\"row-bg\" ><\/div> <\/div><div class=\"row_col_wrap_12_inner col span_12  left\">\n\t<div  class=\"vc_col-sm-12 wpb_column column_container vc_column_container col child_column col-overflow-hidden mask_shape_circle-rect mask_size_contain top_padding_desktop_20pct bottom_padding_desktop_20pct\"   data-border-radius=\"15px\" data-video-bg=\"true\" data-overlay-color=\"true\" data-padding-pos=\"all\" data-has-bg-color=\"false\" data-bg-color=\"\" data-bg-opacity=\"1\" data-animation=\"\" data-delay=\"0\" >\n\t\t<div class=\"vc_column-inner\" >\n  <div class=\"nectar-video-wrap column-bg-layer column-video\">\n        <video class=\"nectar-video-bg\" width=\"1800\" height=\"700\" preload=\"auto\" loop autoplay muted playsinline><source src=\"https:\/\/www.nordshark.com\/wp-content\/uploads\/2024\/02\/faq2.mp4\"  type=\"video\/mp4\"><\/video><\/div><div class=\"column-bg-overlay-wrap column-bg-layer\" data-bg-animation=\"none\"><div class=\"column-bg-overlay\"><\/div><div class=\"column-overlay-layer\" style=\"\"><\/div><\/div>\n\t\t<div class=\"wpb_wrapper\">\n\t\t\t\n\t\t<\/div> \n\t<\/div>\n\t<\/div> \n<\/div><\/div>\n\t\t\t<\/div> \n\t\t<\/div>\n\t<\/div> \n<\/div><\/div>\n\t\t<div id=\"fws_69fb6dd57a365\"  data-column-margin=\"default\" data-midnight=\"dark\" data-top-percent=\"5%\" data-bottom-percent=\"5%\"  class=\"wpb_row vc_row-fluid vc_row  right_padding_5pct left_padding_5pct\"  style=\"padding-top: calc(100vw * 0.05); padding-bottom: calc(100vw * 0.05); \"><div class=\"row-bg-wrap\" data-bg-animation=\"none\" data-bg-animation-delay=\"\" data-bg-overlay=\"false\"><div class=\"inner-wrap row-bg-layer\" ><div class=\"row-bg viewport-desktop\"  style=\"\"><\/div><\/div><\/div><div class=\"row_col_wrap_12 col span_12 dark left\">\n\t<div  class=\"vc_col-sm-12 wpb_column column_container vc_column_container col no-extra-padding inherit_tablet inherit_phone\"  data-padding-pos=\"all\" data-has-bg-color=\"false\" data-bg-color=\"\" data-bg-opacity=\"1\" data-animation=\"\" data-delay=\"0\" >\n\t\t<div class=\"vc_column-inner\" >\n\t\t\t<div class=\"wpb_wrapper\">\n\t\t\t\t\n<div class=\"wpb_text_column wpb_content_element\" >\n\t<div class=\"wpb_wrapper\">\n\t\t<h1>Benvenuto\/a su Nordshark<\/h1>\n<h2>Aumenta la tua presenza su Instagram con impressioni italiane.<\/h2>\n<p>Vuoi migliorare il tuo profilo Instagram? Vuoi fare una impressione duratura sui tuoi follower? Non cercare oltre! Da Nordshark, offriamo impressioni premium su Instagram in italiano per aiutarti a far decollare la tua presenza online e aumentare i tuoi livelli di coinvolgimento.<\/p>\n<h3>Perch\u00e9 scegliere Nordshark?<\/h3>\n<p>Con una miriade di opzioni disponibili sul mercato, potresti chiederti perch\u00e9 dovresti scegliere Nordshark. Beh, lascia che ti diciamo il perch\u00e9:<\/p>\n<ul>\n<li>Impressioni italiane di alta qualit\u00e0: Il nostro team di esperti garantisce che tutte le impressioni che ricevi provengano da utenti italiani reali e attivi su Instagram.<\/li>\n<li>Aumento dell'interazione: Acquistando le nostre impressioni italiane, puoi aumentare l'interazione dei tuoi post, ottenere pi\u00f9 mi piace, commenti e follower.<\/li>\n<li>Processo Veloce e Semplice: La nostra piattaforma facile da usare ti permette di acquistare impressioni su Instagram italiane con pochi semplici clic.<\/li>\n<li>Prezzi convenienti: offriamo prezzi competitivi senza compromettere la qualit\u00e0 del nostro servizio.<\/li>\n<li>Sicuro e affidabile: la tua privacy e sicurezza sono le nostre priorit\u00e0 principali. Utilizziamo misure di sicurezza avanzate per proteggere il tuo account.<\/li>\n<li>Supporto clienti 24\/7: Hai una domanda? Hai bisogno di assistenza? Il nostro team dedicato al supporto clienti \u00e8 disponibile in qualsiasi momento per aiutarti.<\/li>\n<\/ul>\n<h3>Come Funziona<\/h3>\n<p>Ottenere impression italiane su Instagram da Nordshark \u00e8 facile. Basta seguire questi semplici passaggi:<\/p>\n<ol>\n<li>Scegli Pacchetto: Seleziona il pacchetto che meglio si adatta alle tue esigenze. Offriamo una gamma di opzioni per soddisfare diversi budget e obiettivi.<\/li>\n<li>Fornisci i dettagli: inserisci il tuo username di Instagram e seleziona i post su cui desideri le impressioni italiane.<\/li>\n<li>Effettua un pagamento: Vai al checkout e fai un pagamento sicuro utilizzando il tuo metodo preferito.<\/li>\n<li>Vedi crescere il tuo profilo: Rilassati mentre il nostro team offre impressioni italiane di alta qualit\u00e0 ai tuoi post selezionati.<\/li>\n<\/ol>\n<h3>Perch\u00e9 comprare impressioni italiane?<\/h3>\n<p>L'Italia \u00e8 conosciuta per la sua ricca cultura, panorami mozzafiato e persone appassionate. Acquistando impression su Instagram in italiano, puoi entrare in questo vibrante mercato e connetterti con utenti che apprezzano autenticit\u00e0 e creativit\u00e0.<\/p>\n<p>Inoltre, comprare stampe italiane pu\u00f2 esserti d'aiuto:<\/p>\n<ul>\n<li>Aumenta la credibilit\u00e0: Quando i tuoi post ricevono interazioni da utenti italiani, ci\u00f2 aggiunge credibilit\u00e0 e affidabilit\u00e0 al tuo profilo.<\/li>\n<li>Espandi la tua portata: Le impressioni italiane possono far conoscere il tuo contenuto a un pubblico pi\u00f9 ampio, attirando potenzialmente pi\u00f9 follower e clienti.<\/li>\n<li>Mostra la tua marca: Mirando al mercato italiano, puoi mostrare efficacemente i valori della tua marca, i tuoi prodotti e i tuoi servizi.<\/li>\n<li>Dominare nel tuo settore: Emergere in un mercato saturato di Instagram pu\u00f2 essere sfidante. Con le nostre impressioni italiane, puoi ottenere un vantaggio competitivo nella tua nicchia.<\/li>\n<\/ul>\n<h3>Inizia oggi stesso!<\/h3>\n<p>Perch\u00e9 aspettare? Inizia a potenziare la tua presenza su Instagram con le nostre impressioni italiane di alta qualit\u00e0. Porta il tuo gioco su Instagram al livello successivo e aumenta la tua influenza online.<\/p>\n<p>Ricorda, da Nordshark, la tua soddisfazione \u00e8 la nostra priorit\u00e0. Garantiamo risultati e offriamo un'esperienza senza problemi dall'inizio alla fine.<\/p>\n<p>Non lasciarti sfuggire questa opportunit\u00e0! Acquista subito le tue impressioni italiane su Instagram!<\/p>\n\t<\/div>\n<\/div>\n\n\n\n\n\t\t\t<\/div> \n\t\t<\/div>\n\t<\/div> \n<\/div><\/div>\n\t\t<div id=\"fws_69fb6dd57a456\"  data-column-margin=\"default\" data-midnight=\"light\" data-top-percent=\"10%\" data-bottom-percent=\"10%\"  class=\"wpb_row vc_row-fluid vc_row full-width-content vc_row-o-equal-height vc_row-flex vc_row-o-content-top  zindex-set mobile-disable-bg-image-animation right_padding_8pct left_padding_8pct nectar-overflow-hidden top_padding_phone_25pct bottom_padding_phone_25pct\"  style=\"padding-top: calc(100vw * 0.10); padding-bottom: calc(100vw * 0.10);  z-index: 100;\"><div class=\"row-bg-wrap\" data-bg-animation=\"fade-in\" data-bg-animation-delay=\"\" data-bg-overlay=\"true\"><div class=\"inner-wrap row-bg-layer\" style=\"background-color: #2b323a;\" ><div class=\"row-bg viewport-desktop using-bg-color\"  style=\"background-color: #2b323a; \"><\/div><\/div><div class=\"row-bg-overlay row-bg-layer\" style=\"background-color:rgba(0,0,0,0.78);  opacity: 0.8; \"><\/div><\/div>\n\t\t\t<div class=\"video-color-overlay row-bg-layer\" data-color=\"\"><\/div>\n\t\t\t\n\t\t\t<div class=\"nectar-video-wrap row-bg-layer\" data-bg-alignment=\"\">\n\t\t\t\t<div class=\"nectar-video-inner\">\n\t\t\t\t<video class=\"nectar-video-bg\" width=\"1800\" height=\"700\" preload=\"auto\" loop autoplay muted playsinline><source src=\"https:\/\/www.nordshark.com\/wp-content\/uploads\/2024\/02\/AdobeStock_454354002.mp4\"  type=\"video\/mp4\"><\/video>    \t\t<\/div>\n\t\t\t <\/div>\n\n\t\t\t<div class=\"row_col_wrap_12 col span_12 light left\">\n\t<div  class=\"vc_col-sm-12 wpb_column column_container vc_column_container col no-extra-padding column_position_static el_spacing_0px inherit_tablet inherit_phone\"  data-padding-pos=\"top-bottom\" data-has-bg-color=\"false\" data-bg-color=\"\" data-bg-opacity=\"1\" data-animation=\"\" data-delay=\"0\" >\n\t\t<div class=\"vc_column-inner\" >\n\t\t\t<div class=\"wpb_wrapper\">\n\t\t\t\t<div id=\"fws_69fb6dd57a4bf\" data-midnight=\"\" data-column-margin=\"none\" class=\"wpb_row vc_row-fluid vc_row inner_row  right_padding_13vw left_padding_13vw\"  style=\" z-index: 10;\"><div class=\"row-bg-wrap\"> <div class=\"row-bg\" ><\/div> <\/div><div class=\"row_col_wrap_12_inner col span_12  left\">\n\t<div  class=\"vc_col-sm-12 wpb_column column_container vc_column_container col child_column centered-text no-extra-padding inherit_tablet inherit_phone\"   data-padding-pos=\"all\" data-has-bg-color=\"false\" data-bg-color=\"\" data-bg-opacity=\"1\" data-animation=\"\" data-delay=\"0\" >\n\t\t<div class=\"vc_column-inner\" >\n\t\t<div class=\"wpb_wrapper\">\n\t\t\t<div class=\"nectar-split-heading  font_size_9vw font_size_tablet_10vw font_line_height_0-95\" data-align=\"left\" data-m-align=\"inherit\" data-text-effect=\"letter-reveal-bottom\" data-animation-type=\"line-reveal-by-space\" data-animation-delay=\"150\" data-animation-offset=\"\" data-m-rm-animation=\"true\" data-stagger=\"true\" data-custom-font-size=\"true\" style=\"font-size: 9vw; line-height: 9.9vw;\"><h1 >Il Migliore.<\/h1><\/div>\n\t\t<\/div> \n\t<\/div>\n\t<\/div> \n<\/div><\/div>\n\t\t\t<\/div> \n\t\t<\/div>\n\t<\/div> \n<\/div><\/div>","protected":false},"excerpt":{"rendered":"<p>Dalle testimonianze autentiche<br \/>\n\u2714 Miglior servizio sul mercato<br \/>\n\u2714 Pagamenti una tantum - Nessuna sottoscrizione<\/p>\n<p>Per <strong>Internazionale <\/strong>Impressioni\u00a0<a href=\"\/it\/product\/instagram-impressions\/\"><strong><span style=\"color: #0000ff;\">Clicca qui<\/span><\/strong><\/a><\/p>","protected":false},"featured_media":2012,"comment_status":"open","ping_status":"closed","template":"","meta":{"inline_featured_image":false},"product_cat":[29,53,32],"product_tag":[60,33],"class_list":{"0":"post-1994","1":"product","2":"type-product","3":"status-publish","4":"has-post-thumbnail","6":"product_cat-instagram","7":"product_cat-instagram-impressions","8":"product_cat-social-store","9":"product_tag-country-related-instagram-impressions","10":"product_tag-instagram-link","12":"first","13":"instock","14":"sale","15":"sold-individually","16":"shipping-taxable","17":"purchasable","18":"product-type-variable","19":"has-default-attributes"},"yoast_head":"<!-- This site is optimized with the Yoast SEO Premium plugin v23.6 (Yoast SEO v24.1) - https:\/\/yoast.com\/wordpress\/plugins\/seo\/ -->\n<title>Buy Italian Instagram Impressions - Boost Your Visibility<\/title>\n<meta name=\"description\" content=\"Get authentic Italian Instagram Impressions to enhance your profile&#039;s credibility and reach. Fast delivery and guaranteed satisfaction.\" \/>\n<meta name=\"robots\" content=\"index, follow, max-snippet:-1, max-image-preview:large, max-video-preview:-1\" \/>\n<link rel=\"canonical\" href=\"https:\/\/www.nordshark.com\/it\/product\/buy-italian-instagram-impressions\/\" \/>\n<meta property=\"og:locale\" content=\"it_IT\" \/>\n<meta property=\"og:type\" content=\"article\" \/>\n<meta property=\"og:title\" content=\"Italian Instagram Impressions\" \/>\n<meta property=\"og:description\" content=\"Get authentic Italian Instagram Impressions to enhance your profile&#039;s credibility and reach. Fast delivery and guaranteed satisfaction.\" \/>\n<meta property=\"og:url\" content=\"https:\/\/www.nordshark.com\/it\/product\/buy-italian-instagram-impressions\/\" \/>\n<meta property=\"og:site_name\" content=\"Nordshark\" \/>\n<meta property=\"article:modified_time\" content=\"2024-03-04T13:00:08+00:00\" \/>\n<meta property=\"og:image\" content=\"https:\/\/www.nordshark.com\/wp-content\/uploads\/2024\/02\/Italian.Impressions.jpg\" \/>\n\t<meta property=\"og:image:width\" content=\"800\" \/>\n\t<meta property=\"og:image:height\" content=\"800\" \/>\n\t<meta property=\"og:image:type\" content=\"image\/jpeg\" \/>\n<meta name=\"twitter:card\" content=\"summary_large_image\" \/>\n<meta name=\"twitter:label1\" content=\"Disponibilit\u00e0\" \/>\n\t<meta name=\"twitter:data1\" content=\"In stock\" \/>\n<script type=\"application\/ld+json\" class=\"yoast-schema-graph\">{\"@context\":\"https:\/\/schema.org\",\"@graph\":[{\"@type\":\"WebPage\",\"@id\":\"https:\/\/www.nordshark.com\/product\/buy-italian-instagram-impressions\/\",\"url\":\"https:\/\/www.nordshark.com\/product\/buy-italian-instagram-impressions\/\",\"name\":\"Buy Italian Instagram Impressions - Boost Your Visibility\",\"isPartOf\":{\"@id\":\"https:\/\/www.nordshark.com\/#website\"},\"primaryImageOfPage\":{\"@id\":\"https:\/\/www.nordshark.com\/product\/buy-italian-instagram-impressions\/#primaryimage\"},\"image\":{\"@id\":\"https:\/\/www.nordshark.com\/product\/buy-italian-instagram-impressions\/#primaryimage\"},\"thumbnailUrl\":\"https:\/\/www.nordshark.com\/wp-content\/uploads\/2024\/02\/Italian.Impressions.jpg\",\"datePublished\":\"2024-02-28T19:45:13+00:00\",\"dateModified\":\"2024-03-04T13:00:08+00:00\",\"description\":\"Get authentic Italian Instagram Impressions to enhance your profile's credibility and reach. Fast delivery and guaranteed satisfaction.\",\"breadcrumb\":{\"@id\":\"https:\/\/www.nordshark.com\/product\/buy-italian-instagram-impressions\/#breadcrumb\"},\"inLanguage\":\"it-IT\",\"potentialAction\":[{\"@type\":\"ReadAction\",\"target\":[\"https:\/\/www.nordshark.com\/product\/buy-italian-instagram-impressions\/\"]}]},{\"@type\":\"ImageObject\",\"inLanguage\":\"it-IT\",\"@id\":\"https:\/\/www.nordshark.com\/product\/buy-italian-instagram-impressions\/#primaryimage\",\"url\":\"https:\/\/www.nordshark.com\/wp-content\/uploads\/2024\/02\/Italian.Impressions.jpg\",\"contentUrl\":\"https:\/\/www.nordshark.com\/wp-content\/uploads\/2024\/02\/Italian.Impressions.jpg\",\"width\":800,\"height\":800,\"caption\":\"Buy Italian Instagram Impressions\"},{\"@type\":\"BreadcrumbList\",\"@id\":\"https:\/\/www.nordshark.com\/product\/buy-italian-instagram-impressions\/#breadcrumb\",\"itemListElement\":[{\"@type\":\"ListItem\",\"position\":1,\"name\":\"Home\",\"item\":\"https:\/\/www.nordshark.com\/\"},{\"@type\":\"ListItem\",\"position\":2,\"name\":\"Shop\",\"item\":\"https:\/\/www.nordshark.com\/shop\/\"},{\"@type\":\"ListItem\",\"position\":3,\"name\":\"Italian Instagram Impressions\"}]},{\"@type\":\"WebSite\",\"@id\":\"https:\/\/www.nordshark.com\/#website\",\"url\":\"https:\/\/www.nordshark.com\/\",\"name\":\"Nordshark\",\"description\":\"\",\"potentialAction\":[{\"@type\":\"SearchAction\",\"target\":{\"@type\":\"EntryPoint\",\"urlTemplate\":\"https:\/\/www.nordshark.com\/?s={search_term_string}\"},\"query-input\":{\"@type\":\"PropertyValueSpecification\",\"valueRequired\":true,\"valueName\":\"search_term_string\"}}],\"inLanguage\":\"it-IT\"}]}<\/script>\n<meta property=\"og:availability\" content=\"instock\" \/>\n<meta property=\"product:availability\" content=\"instock\" \/>\n<meta property=\"product:condition\" content=\"new\" \/>\n<!-- \/ Yoast SEO Premium plugin. -->","yoast_head_json":{"title":"Buy Italian Instagram Impressions - Boost Your Visibility","description":"Get authentic Italian Instagram Impressions to enhance your profile's credibility and reach. Fast delivery and guaranteed satisfaction.","robots":{"index":"index","follow":"follow","max-snippet":"max-snippet:-1","max-image-preview":"max-image-preview:large","max-video-preview":"max-video-preview:-1"},"canonical":"https:\/\/www.nordshark.com\/it\/product\/buy-italian-instagram-impressions\/","og_locale":"it_IT","og_type":"article","og_title":"Italian Instagram Impressions","og_description":"Get authentic Italian Instagram Impressions to enhance your profile's credibility and reach. Fast delivery and guaranteed satisfaction.","og_url":"https:\/\/www.nordshark.com\/it\/product\/buy-italian-instagram-impressions\/","og_site_name":"Nordshark","article_modified_time":"2024-03-04T13:00:08+00:00","og_image":[{"width":800,"height":800,"url":"https:\/\/www.nordshark.com\/wp-content\/uploads\/2024\/02\/Italian.Impressions.jpg","type":"image\/jpeg"}],"twitter_card":"summary_large_image","twitter_misc":{"Disponibilit\u00e0":"In stock"},"schema":{"@context":"https:\/\/schema.org","@graph":[{"@type":"WebPage","@id":"https:\/\/www.nordshark.com\/product\/buy-italian-instagram-impressions\/","url":"https:\/\/www.nordshark.com\/product\/buy-italian-instagram-impressions\/","name":"Buy Italian Instagram Impressions - Boost Your Visibility","isPartOf":{"@id":"https:\/\/www.nordshark.com\/#website"},"primaryImageOfPage":{"@id":"https:\/\/www.nordshark.com\/product\/buy-italian-instagram-impressions\/#primaryimage"},"image":{"@id":"https:\/\/www.nordshark.com\/product\/buy-italian-instagram-impressions\/#primaryimage"},"thumbnailUrl":"https:\/\/www.nordshark.com\/wp-content\/uploads\/2024\/02\/Italian.Impressions.jpg","datePublished":"2024-02-28T19:45:13+00:00","dateModified":"2024-03-04T13:00:08+00:00","description":"Get authentic Italian Instagram Impressions to enhance your profile's credibility and reach. Fast delivery and guaranteed satisfaction.","breadcrumb":{"@id":"https:\/\/www.nordshark.com\/product\/buy-italian-instagram-impressions\/#breadcrumb"},"inLanguage":"it-IT","potentialAction":[{"@type":"ReadAction","target":["https:\/\/www.nordshark.com\/product\/buy-italian-instagram-impressions\/"]}]},{"@type":"ImageObject","inLanguage":"it-IT","@id":"https:\/\/www.nordshark.com\/product\/buy-italian-instagram-impressions\/#primaryimage","url":"https:\/\/www.nordshark.com\/wp-content\/uploads\/2024\/02\/Italian.Impressions.jpg","contentUrl":"https:\/\/www.nordshark.com\/wp-content\/uploads\/2024\/02\/Italian.Impressions.jpg","width":800,"height":800,"caption":"Buy Italian Instagram Impressions"},{"@type":"BreadcrumbList","@id":"https:\/\/www.nordshark.com\/product\/buy-italian-instagram-impressions\/#breadcrumb","itemListElement":[{"@type":"ListItem","position":1,"name":"Home","item":"https:\/\/www.nordshark.com\/"},{"@type":"ListItem","position":2,"name":"Shop","item":"https:\/\/www.nordshark.com\/shop\/"},{"@type":"ListItem","position":3,"name":"Italian Instagram Impressions"}]},{"@type":"WebSite","@id":"https:\/\/www.nordshark.com\/#website","url":"https:\/\/www.nordshark.com\/","name":"Nordshark","description":"","potentialAction":[{"@type":"SearchAction","target":{"@type":"EntryPoint","urlTemplate":"https:\/\/www.nordshark.com\/?s={search_term_string}"},"query-input":{"@type":"PropertyValueSpecification","valueRequired":true,"valueName":"search_term_string"}}],"inLanguage":"it-IT"}]},"og_availability":"instock","product_availability":"instock","product_condition":"new"},"_links":{"self":[{"href":"https:\/\/www.nordshark.com\/it\/wp-json\/wp\/v2\/product\/1994","targetHints":{"allow":["GET"]}}],"collection":[{"href":"https:\/\/www.nordshark.com\/it\/wp-json\/wp\/v2\/product"}],"about":[{"href":"https:\/\/www.nordshark.com\/it\/wp-json\/wp\/v2\/types\/product"}],"replies":[{"embeddable":true,"href":"https:\/\/www.nordshark.com\/it\/wp-json\/wp\/v2\/comments?post=1994"}],"wp:featuredmedia":[{"embeddable":true,"href":"https:\/\/www.nordshark.com\/it\/wp-json\/wp\/v2\/media\/2012"}],"wp:attachment":[{"href":"https:\/\/www.nordshark.com\/it\/wp-json\/wp\/v2\/media?parent=1994"}],"wp:term":[{"taxonomy":"product_cat","embeddable":true,"href":"https:\/\/www.nordshark.com\/it\/wp-json\/wp\/v2\/product_cat?post=1994"},{"taxonomy":"product_tag","embeddable":true,"href":"https:\/\/www.nordshark.com\/it\/wp-json\/wp\/v2\/product_tag?post=1994"}],"curies":[{"name":"wp","href":"https:\/\/api.w.org\/{rel}","templated":true}]}}