{"id":1330,"date":"2024-02-22T22:51:22","date_gmt":"2024-02-22T21:51:22","guid":{"rendered":"https:\/\/www.nordshark.com\/?page_id=1330"},"modified":"2024-02-22T23:27:31","modified_gmt":"2024-02-22T22:27:31","slug":"cookie-policy","status":"publish","type":"page","link":"https:\/\/www.nordshark.com\/it\/policies\/cookie-policy\/","title":{"rendered":"Cookie Policy"},"content":{"rendered":"<div id=\"fws_69fb415674dad\"  data-column-margin=\"default\" data-midnight=\"dark\" data-nectar-animated-gradient-settings=\"{&quot;color_1&quot;:&quot;#000000&quot;,&quot;color_2&quot;:&quot;#080035&quot;,&quot;speed&quot;:&quot;850&quot;,&quot;blending_mode&quot;:&quot;organic&quot;}\"  class=\"wpb_row vc_row-fluid vc_row full-width-content vc_row-o-equal-height vc_row-flex vc_row-o-content-middle  clip-path-start-desktop-0-0-0-0-0 clip-path-end-desktop-0-0-0-0-0 clip-path-start-tablet-0-0-0-0-0 clip-path-end-tablet-0-0-0-0-0 clip-path-start-phone-0-0-0-0-0 clip-path-end-phone-50px-24px-24px-24px-0 clip-path-entire-row nectar-overflow-hidden\"  style=\"padding-top: 0px; padding-bottom: 0px; \"><div class=\"row-bg-wrap has-animated-gradient\" data-bg-animation=\"clip-path\" data-bg-animation-delay=\"1000\" data-bg-overlay=\"false\"><div class=\"inner-wrap row-bg-layer\" style=\"background-color: #0a0a0a;\" ><div class=\"row-bg viewport-desktop using-bg-color\"  style=\"background-color: #0a0a0a; \"><\/div><\/div><\/div><div class=\"row_col_wrap_12 col span_12 dark left\">\n\t<div  class=\"vc_col-sm-12 wpb_column column_container vc_column_container col no-extra-padding column_position_static el_spacing_0px inherit_tablet inherit_phone\"  data-padding-pos=\"all\" data-has-bg-color=\"false\" data-bg-color=\"\" data-bg-opacity=\"1\" data-animation=\"\" data-delay=\"0\" data-scroll-animation=\"true\" data-scroll-animation-movement=\"default\" data-scroll-animation-mobile=\"\" data-scroll-animation-intensity=\"-4\" >\n\t\t<div class=\"vc_column-inner\" >\n\t\t\t<div class=\"wpb_wrapper\">\n\t\t\t\t<div id=\"fws_69fb415674f0f\" data-midnight=\"\" data-column-margin=\"default\" class=\"wpb_row vc_row-fluid vc_row inner_row  right_padding_phone_14pct left_padding_phone_14pct\"  style=\"padding-top: 10%; padding-bottom: 10%; \"><div class=\"row-bg-wrap\"> <div class=\"row-bg\" ><\/div> <\/div><div class=\"row_col_wrap_12_inner col span_12  left\">\n\t<div style=\" color: #ffffff;\" class=\"vc_col-sm-12 wpb_column column_container vc_column_container col child_column centered-text has-animation\" data-cfc=\"true\"  data-padding-pos=\"all\" data-has-bg-color=\"false\" data-bg-color=\"\" data-bg-opacity=\"1\" data-animation=\"slight-twist\" data-delay=\"200\" data-animation-easing=\"easeInOutCubic\" >\n\t\t<div class=\"vc_column-inner\" >\n\t\t<div class=\"wpb_wrapper\">\n\t\t\t<div class=\"nectar-highlighted-text font_size_6vw font_size_tablet_6vw font_size_phone_10vw font_line_height_1-1 ease_out\" data-style=\"scribble\" data-exp=\"default\" data-using-custom-color=\"false\" data-animation-delay=\"1000\" data-color=\"\" data-color-gradient=\"\" style=\"\"><h1><strong><em>Cookie Policy<svg class=\"nectar-scribble basic-underline\" role=\"presentation\" viewbox=\"-400 -55 730 60\" preserveaspectratio=\"none\"><path style=\"animation-duration: 1.8s;\" d=\"m -383.25 -6 c 55.25 -22 130.75 -33.5 293.25 -38 c 54.5 -0.5 195 -2.5 401 15\" stroke=\"#ffffff\" pathlength=\"1\" stroke-width=\"8\" fill=\"none\"\/><\/svg><\/em><\/strong><\/h1>\n<\/div>\n\t\t<\/div> \n\t<\/div>\n\t<\/div> \n<\/div><\/div><div id=\"fws_69fb41567501b\" data-midnight=\"\" data-column-margin=\"none\" class=\"wpb_row vc_row-fluid vc_row inner_row  row_position_absolute bottom_position_desktop_60px right_position_desktop_60px\"  style=\" z-index: 10;\"><div class=\"row-bg-wrap\"> <div class=\"row-bg\" ><\/div> <\/div><div class=\"row_col_wrap_12_inner col span_12  left\">\n\t<div style=\" color: #ffffff;\" class=\"vc_col-sm-12 vc_hidden-sm vc_hidden-xs wpb_column column_container vc_column_container col child_column centered-text has-animation no-extra-padding el_spacing_0px inherit_tablet inherit_phone\" data-cfc=\"true\"  data-padding-pos=\"all\" data-has-bg-color=\"false\" data-bg-color=\"\" data-bg-opacity=\"1\" data-animation=\"fade-in\" data-delay=\"1300\" data-animation-offset=\"100%\" >\n\t\t<div class=\"vc_column-inner\" >\n\t\t<div class=\"wpb_wrapper\">\n\t\t\t<div class=\"nectar-lottie-wrap width_desktop_55px alignment_center\"><div class=\"nectar-lottie\" data-lottie-settings=\"{&quot;trigger_type&quot;:&quot;play&quot;,&quot;mobile_func&quot;:&quot;default&quot;,&quot;loop&quot;:&quot;true&quot;,&quot;trigger_offset&quot;:&quot;0.00,100.00&quot;,&quot;frame_constraint&quot;:&quot;0.00,100.00&quot;,&quot;speed&quot;:&quot;0.8&quot;,&quot;width_desktop&quot;:&quot;55px&quot;,&quot;alignment&quot;:&quot;center&quot;,&quot;preserve_aspect_ratio&quot;:&quot;xMidYMid meet&quot;,&quot;json_url&quot;:&quot;https:\\\/\\\/assets1.lottiefiles.com\\\/packages\\\/lf20_9r65d17y.json&quot;,&quot;box_shadow_method&quot;:&quot;filter&quot;}\"><\/div><\/div><div class=\"nectar-responsive-text font_line_height_1-3 nectar-link-underline-effect\"><p><strong>Nordshark<\/strong><\/p>\n<\/div><div class=\"nectar-responsive-text font_size_desktop_0-9em font_line_height_1-3 nectar-link-underline-effect\"><p><i>Ultimo aggiornamento: <strong>12.12.2023<\/strong><\/i><\/p>\n<\/div>\n\t\t<\/div> \n\t<\/div>\n\t<\/div> \n<\/div><\/div>\n\t\t\t<\/div> \n\t\t<\/div>\n\t<\/div> \n<\/div><\/div>\n\t\t<div id=\"fws_69fb4156751e0\"  data-column-margin=\"default\" data-midnight=\"dark\"  class=\"wpb_row vc_row-fluid vc_row full-width-section\"  style=\"padding-top: 0px; padding-bottom: 0px; \"><div class=\"row-bg-wrap\" data-bg-animation=\"none\" data-bg-animation-delay=\"\" data-bg-overlay=\"false\"><div class=\"inner-wrap row-bg-layer\" ><div class=\"row-bg viewport-desktop using-bg-color\"  style=\"background-color: #000000; \"><\/div><\/div><\/div><div class=\"row_col_wrap_12 col span_12 dark left\">\n\t<div style=\" color: #ffffff;\" class=\"vc_col-sm-12 wpb_column column_container vc_column_container col no-extra-padding inherit_tablet inherit_phone\" data-cfc=\"true\"  data-padding-pos=\"all\" data-has-bg-color=\"false\" data-bg-color=\"\" data-bg-opacity=\"1\" data-animation=\"\" data-delay=\"0\" >\n\t\t<div class=\"vc_column-inner\" >\n\t\t\t<div class=\"wpb_wrapper\">\n\t\t\t\t<div id=\"fws_69fb415675304\" data-midnight=\"\" data-column-margin=\"default\" class=\"wpb_row vc_row-fluid vc_row inner_row  right_padding_10pct left_padding_10pct\"  style=\"padding-top: 5%; padding-bottom: 5%; \"><div class=\"row-bg-wrap\"> <div class=\"row-bg\" ><\/div> <\/div><div class=\"row_col_wrap_12_inner col span_12  left\">\n\t<div  class=\"vc_col-sm-12 wpb_column column_container vc_column_container col child_column no-extra-padding inherit_tablet inherit_phone\"   data-padding-pos=\"all\" data-has-bg-color=\"false\" data-bg-color=\"\" data-bg-opacity=\"1\" data-animation=\"\" data-delay=\"0\" >\n\t\t<div class=\"vc_column-inner\" >\n\t\t<div class=\"wpb_wrapper\">\n\t\t\t\n<div class=\"wpb_text_column wpb_content_element\" >\n\t<div class=\"wpb_wrapper\">\n\t\t<div data-custom-class=\"body\">\n<div><strong><span data-custom-class=\"subtitle\">Aggiornato l'ultima volta il 28 dicembre 2023<\/span><\/strong><\/div>\n<div><\/div>\n<div><span data-custom-class=\"body_text\">La presente Cookie Policy spiega come funziona NordShark (&#8220;<strong>Azienda<\/strong>,&#8221; &#8220;<strong>noi<\/strong>,&#8221; &#8220;<strong>noi<\/strong>,\" e \"<strong>noi<\/strong>Usa i cookie e tecnologie simili per riconoscerti quando visiti il nostro sito web presso \u00a0<\/span><span data-custom-class=\"body_text\">https:\/\/www.NordShark.com<\/span><span data-custom-class=\"body_text\"> (&#8220;<strong>Sito web<\/strong>Spiega cosa sono queste tecnologie e perch\u00e9 le usiamo, oltre ai tuoi diritti di controllare il nostro utilizzo di esse.<\/span><\/div>\n<div><\/div>\n<div><span data-custom-class=\"body_text\">In alcuni casi potremmo utilizzare i cookie per raccogliere informazioni personali, o che diventano informazioni personali se le combiniamo con altre informazioni.<\/span><\/div>\n<div><\/div>\n<div><strong><span data-custom-class=\"heading_1\">Cosa sono i cookies?<\/span><\/strong><\/div>\n<div><\/div>\n<div><span data-custom-class=\"body_text\">I cookies sono dei piccoli file di dati che vengono inseriti sul tuo computer o dispositivo mobile quando visiti un sito web. I cookies sono ampiamente utilizzati dai proprietari dei siti web per far funzionare i loro siti o per farli funzionare in modo pi\u00f9 efficiente, cos\u00ec come per fornire informazioni di reportistica.<\/span><\/div>\n<div><\/div>\n<div><span data-custom-class=\"body_text\">I cookie impostati dal proprietario del sito web (in questo caso, NordShark) vengono chiamati \"cookie di prima parte\". I cookie impostati da parti diverse dal proprietario del sito web vengono chiamati \"cookie di terze parti\". I cookie di terze parti consentono di fornire funzionalit\u00e0 o funzionalit\u00e0 di terze parti sul sito web (ad esempio, pubblicit\u00e0, contenuti interattivi e analisi). Le parti che impostano questi cookie di terze parti possono riconoscere il tuo computer sia quando visiti il sito web in questione, sia quando visiti determinati altri siti web.<\/span><\/div>\n<div><\/div>\n<div><strong><span data-custom-class=\"heading_1\">Perch\u00e9 usiamo i cookie?<\/span><\/strong><\/div>\n<div><\/div>\n<div><span data-custom-class=\"body_text\">Usiamo i cookie di prima e terza parte per diverse ragioni. Alcuni cookie sono necessari per motivi tecnici affinch\u00e9 il nostro sito Web possa funzionare e li chiamiamo \"essenziali\" o \"strettamente necessari\". Altri cookie ci consentono anche di tracciare e indirizzare gli interessi dei nostri utenti per migliorare l'esperienza sulle nostre propriet\u00e0 online. Terze parti servono cookie tramite il nostro sito Web per scopi pubblicitari, analitici e altri scopi. Questo viene descritto in dettaglio di seguito.<\/span><\/div>\n<div><\/div>\n<div><span id=\"control\"><strong><span data-custom-class=\"heading_1\">Come posso controllare i cookie?<\/span><\/strong><\/span><\/div>\n<div><\/div>\n<div><span data-custom-class=\"body_text\">Hai il diritto di decidere se accettare o rifiutare i cookie. Puoi esercitare i tuoi diritti sui cookie impostando le tue preferenze nel Gestore del Consenso dei Cookie. Il Gestore del Consenso dei Cookie ti permette di selezionare quali categorie di cookie accettare o rifiutare. I cookie essenziali non possono essere rifiutati in quanto sono strettamente necessari per fornirti i servizi.<\/span><\/div>\n<div><\/div>\n<div><span data-custom-class=\"body_text\">Il Gestore dei Cookie si trova nel banner di notifica e sul nostro sito web. Se decidi di rifiutare i cookie, puoi comunque utilizzare il nostro sito web, anche se alcune funzionalit\u00e0 e aree potrebbero essere limitate. Puoi anche impostare o modificare i controlli del tuo browser per accettare o rifiutare i cookie.<\/span><\/div>\n<div><\/div>\n<div><span data-custom-class=\"body_text\">I tipi specifici di cookie di prima e terza parte serviti attraverso il nostro Sito web e gli scopi che svolgono sono descritti nella tabella qui sotto (ti prego di notare che i dettagli specifici...\u00a0<\/span><span data-custom-class=\"body_text\">I biscotti serviti possono variare a seconda delle specifiche propriet\u00e0 online che visiti.<\/span><\/div>\n<div><span data-custom-class=\"heading_2\"><strong><u><br \/>\nCookie pubblicitari:<\/u><\/strong><\/span><\/div>\n<div>\n<p><span data-custom-class=\"body_text\">Questi cookie servono per rendere gli annunci pubblicitari pi\u00f9 pertinenti per te. Svolgono funzioni come evitare che lo stesso annuncio riapparisse continuamente, assicurarsi che gli annunci siano visualizzati correttamente per gli inserzionisti e, in alcuni casi, selezionare annunci basati sui tuoi interessi.<\/span><\/p>\n<div><\/div>\n<\/div>\n<div><span data-custom-class=\"heading_2\"><strong><u>Trackers non categorizzati:<\/u><\/strong><\/span><\/div>\n<div>\n<p><span data-custom-class=\"body_text\">Questi sono biscotti che non sono ancora stati categorizzati. Siamo nel processo di classificazione di questi biscotti con l'aiuto dei loro fornitori.<\/span><\/p>\n<\/div>\n<div><strong><span data-custom-class=\"heading_1\">Come posso controllare i cookie sul mio browser?<\/span><\/strong><\/div>\n<div><\/div>\n<div><span data-custom-class=\"body_text\">Poich\u00e9 i modi per rifiutare i cookie attraverso i controlli del tuo browser web variano da browser a browser, dovresti visitare il menu di aiuto del tuo browser per ulteriori informazioni. Di seguito trovi informazioni su come gestire i cookie sui browser pi\u00f9 popolari:<\/span><\/div>\n<ul>\n<li><span data-custom-class=\"link\">Chrome<\/span><\/li>\n<li><span data-custom-class=\"link\">Internet Explorer<\/span><\/li>\n<li><span data-custom-class=\"link\">Firefox<\/span><\/li>\n<li><span data-custom-class=\"link\">Safari<\/span><\/li>\n<li><span data-custom-class=\"link\">Orlo<\/span><\/li>\n<li><span data-custom-class=\"link\">Opere<\/span><\/li>\n<\/ul>\n<div><span data-custom-class=\"body_text\">Inoltre, la maggior parte delle reti pubblicitarie ti offre la possibilit\u00e0 di scegliere di non ricevere pubblicit\u00e0 mirata. Se desideri maggiori informazioni, visita il seguente sito:<\/span><\/div>\n<ul>\n<li><span data-custom-class=\"link\">Alleanza pubblicitaria digitale<\/span><\/li>\n<li><span data-custom-class=\"link\">Digital Advertising Alliance of Canada - Alleanza Pubblicitaria Digitale del Canada<\/span><\/li>\n<li><span data-custom-class=\"body_text\">European Interactive Digital Advertising Alliance<\/span><\/li>\n<\/ul>\n<div><\/div>\n<div><strong><span data-custom-class=\"heading_1\">E per altre tecnologie di tracciamento, tipo i web beacon?<\/span><\/strong><\/div>\n<div><\/div>\n<div><span data-custom-class=\"body_text\">I biscotti non sono l'unico modo.\u00a0<\/span><span data-custom-class=\"body_text\">riconoscere o tracciare i visitatori di un sito web. Di tanto in tanto potremmo utilizzare altre tecnologie simili, come i web beacon (talvolta chiamati \"pixel di tracciamento\" o \"gifs trasparenti\"). Questi sono file grafici piccoli che contengono un identificatore unico che ci permette di riconoscere quando qualcuno ha visitato il nostro sito web o aperto una email che li include. Questo ci consente, ad esempio, di monitorare\u00a0<\/span><span data-custom-class=\"body_text\">I modelli di traffico degli utenti da una pagina all'altra all'interno di un sito web, per inviare o comunicare con i cookie, per capire se sei arrivato al sito da una pubblicit\u00e0 online visualizzata su un sito web di terze parti, per migliorare le prestazioni del sito e per misurare il successo delle campagne di marketing via email. In molti casi, queste tecnologie sono dipendenti dai cookie per funzionare correttamente, quindi rifiutare i cookie ne comprometter\u00e0 il funzionamento.<\/span><\/div>\n<div><\/div>\n<div><strong><span data-custom-class=\"heading_1\">Usi i cookie Flash o gli oggetti condivisi localmente?<\/span><\/strong><\/div>\n<div><\/div>\n<div><span data-custom-class=\"body_text\">I siti web potrebbero utilizzare anche i cosiddetti \"Flash Cookies\" (noti anche come Local Shared Objects o \"LSOs\") per, tra le altre cose, raccogliere e memorizzare informazioni sull'utilizzo dei nostri servizi, prevenire frodi e per altre operazioni del sito.<\/span><\/div>\n<div><\/div>\n<div><span data-custom-class=\"body_text\">Se non vuoi che vengano memorizzati i Flash Cookies sul tuo computer, puoi impostare il tuo Flash player per bloccare la memorizzazione dei Flash Cookies utilizzando gli strumenti contenuti nel\u00a0<\/span><span data-custom-class=\"body_text\">Pannello delle impostazioni di archiviazione del sito web. Puoi anche controllare i Flash Cookies andando al Pannello delle impostazioni di archiviazione globali.<\/span><span data-custom-class=\"body_text\">\u00a0e\u00a0<\/span><span data-custom-class=\"body_text\">Seguendo le istruzioni (che possono includere istruzioni che spiegano, ad esempio, come eliminare i Flash Cookies esistenti (denominati \"informazioni\" sul sito Macromedia), come evitare che i Flash LSO vengano posizionati sul tuo computer senza che te lo chiedano e (per Flash Player 8 e versioni successive) come bloccare i Flash Cookies che non vengono inviati dall'operatore della pagina su cui ti trovi al momento).<\/span><\/div>\n<div><\/div>\n<div><span data-custom-class=\"body_text\">Per favore, tieni presente che impostare il Flash Player per limitare o impedire l'accettazione dei Flash Cookies potrebbe ridurre o compromettere la funzionalit\u00e0 di alcune applicazioni Flash, comprese eventualmente quelle utilizzate in connessione con i nostri servizi o contenuti online.<\/span><\/div>\n<div><\/div>\n<div><strong><span data-custom-class=\"heading_1\">Fai pubblicit\u00e0 mirata?<\/span><\/strong><\/div>\n<div><\/div>\n<div><span data-custom-class=\"body_text\">Terze parti potrebbero servire cookie sul tuo computer o dispositivo mobile per offrire la pubblicit\u00e0 attraverso il nostro sito web. Queste aziende possono utilizzare informazioni sulle tue visite a questo e altri siti web al fine di fornire pubblicit\u00e0 pertinenti su beni e servizi di tuo interesse. Potrebbero inoltre utilizzare tecnologie per misurare l'efficacia delle pubblicit\u00e0, come i cookie o i beacon web, per raccogliere informazioni sulle tue visite a questo e altri siti al fine di fornire pubblicit\u00e0 pertinenti su beni e servizi di potenziale interesse per te. Le informazioni raccolte attraverso questo processo non ci consentono n\u00e9 a loro di identificare il tuo nome, i tuoi contatti o altri dettagli che ti identifichino direttamente, a meno che tu non decida di fornirli.<\/span><\/div>\n<div><\/div>\n<div><strong><span data-custom-class=\"heading_1\">Quanto spesso aggiornerai questa Cookie Policy?<\/span><\/strong><\/div>\n<div><\/div>\n<div><span data-custom-class=\"body_text\">Potremmo aggiornare\u00a0<\/span><span data-custom-class=\"body_text\">Questa politica sui cookie viene aggiornata di tanto in tanto al fine di riflettere, ad esempio, le modifiche ai cookie che utilizziamo o per altre ragioni operative, legali o regolamentari. Ti invitiamo quindi a tornare regolarmente su questa politica sui cookie per rimanere informato sul nostro utilizzo di cookie e tecnologie correlate.<\/span><\/div>\n<div><\/div>\n<div><span data-custom-class=\"body_text\">La data in alto di questa Politica sui Cookie indica quando \u00e8 stata aggiornata l'ultima volta.<\/span><\/div>\n<div><\/div>\n<div><strong><span data-custom-class=\"heading_1\">Dove posso trovare ulteriori informazioni?<\/span><\/strong><\/div>\n<div><\/div>\n<div><span data-custom-class=\"body_text\">Se hai domande riguardo al nostro utilizzo dei cookie o altre tecnologie, per favore scrivici una email a supporto@NordShark.com o tramite posta a:<\/span><\/div>\n<div><span data-custom-class=\"body_text\">\u00a0<\/span><\/div>\n<div>NordShark<\/div>\n<div><span data-custom-class=\"body_text\">An d. Welle 4, 60322 Frankfurt am Main, Germany<\/span><\/div>\n<div><span data-custom-class=\"body_text\">Frankfurt am Main, Hessen 60322<\/span><\/div>\n<div><span data-custom-class=\"body_text\">Germania<\/span><\/div>\n<div><span data-custom-class=\"body_text\">Telefono: (+49)69 2044 6662<\/span><\/div>\n<div><span data-custom-class=\"body_text\">Fax: (+49)69 2044 6662<\/span><\/div>\n<\/div>\n\t<\/div>\n<\/div>\n\n\n\n\n\t\t<\/div> \n\t<\/div>\n\t<\/div> \n<\/div><\/div>\n\t\t\t<\/div> \n\t\t<\/div>\n\t<\/div> \n<\/div><\/div>","protected":false},"excerpt":{"rendered":"Cookie Policy Nordshark Last Update: 12.12.2023 Last updated December 28, 2023 This Cookie Policy explains how NordShark (\"Company,\" \"we,\" \"us,\" and \"our\") uses cookies and similar technologies to recognize you...","protected":false},"author":1,"featured_media":0,"parent":1304,"menu_order":0,"comment_status":"closed","ping_status":"closed","template":"","meta":{"inline_featured_image":false,"footnotes":""},"class_list":["post-1330","page","type-page","status-publish"],"yoast_head":"<!-- This site is optimized with the Yoast SEO Premium plugin v23.6 (Yoast SEO v24.1) - https:\/\/yoast.com\/wordpress\/plugins\/seo\/ -->\n<title>Cookie Policy - Nordshark<\/title>\n<meta name=\"robots\" content=\"index, follow, max-snippet:-1, max-image-preview:large, max-video-preview:-1\" \/>\n<link rel=\"canonical\" href=\"https:\/\/www.nordshark.com\/it\/policies\/cookie-policy\/\" \/>\n<meta property=\"og:locale\" content=\"it_IT\" \/>\n<meta property=\"og:type\" content=\"article\" \/>\n<meta property=\"og:title\" content=\"Cookie Policy\" \/>\n<meta property=\"og:url\" content=\"https:\/\/www.nordshark.com\/it\/policies\/cookie-policy\/\" \/>\n<meta property=\"og:site_name\" content=\"Nordshark\" \/>\n<meta property=\"article:modified_time\" content=\"2024-02-22T22:27:31+00:00\" \/>\n<meta name=\"twitter:card\" content=\"summary_large_image\" \/>\n<meta name=\"twitter:label1\" content=\"Tempo di lettura stimato\" \/>\n\t<meta name=\"twitter:data1\" content=\"7 minuti\" \/>\n<script type=\"application\/ld+json\" class=\"yoast-schema-graph\">{\"@context\":\"https:\/\/schema.org\",\"@graph\":[{\"@type\":\"WebPage\",\"@id\":\"https:\/\/www.nordshark.com\/policies\/cookie-policy\/\",\"url\":\"https:\/\/www.nordshark.com\/policies\/cookie-policy\/\",\"name\":\"Cookie Policy - Nordshark\",\"isPartOf\":{\"@id\":\"https:\/\/www.nordshark.com\/#website\"},\"datePublished\":\"2024-02-22T21:51:22+00:00\",\"dateModified\":\"2024-02-22T22:27:31+00:00\",\"breadcrumb\":{\"@id\":\"https:\/\/www.nordshark.com\/policies\/cookie-policy\/#breadcrumb\"},\"inLanguage\":\"it-IT\",\"potentialAction\":[{\"@type\":\"ReadAction\",\"target\":[\"https:\/\/www.nordshark.com\/policies\/cookie-policy\/\"]}]},{\"@type\":\"BreadcrumbList\",\"@id\":\"https:\/\/www.nordshark.com\/policies\/cookie-policy\/#breadcrumb\",\"itemListElement\":[{\"@type\":\"ListItem\",\"position\":1,\"name\":\"Home\",\"item\":\"https:\/\/www.nordshark.com\/\"},{\"@type\":\"ListItem\",\"position\":2,\"name\":\"Policies\",\"item\":\"https:\/\/www.nordshark.com\/policies\/\"},{\"@type\":\"ListItem\",\"position\":3,\"name\":\"Cookie Policy\"}]},{\"@type\":\"WebSite\",\"@id\":\"https:\/\/www.nordshark.com\/#website\",\"url\":\"https:\/\/www.nordshark.com\/\",\"name\":\"Nordshark\",\"description\":\"\",\"potentialAction\":[{\"@type\":\"SearchAction\",\"target\":{\"@type\":\"EntryPoint\",\"urlTemplate\":\"https:\/\/www.nordshark.com\/?s={search_term_string}\"},\"query-input\":{\"@type\":\"PropertyValueSpecification\",\"valueRequired\":true,\"valueName\":\"search_term_string\"}}],\"inLanguage\":\"it-IT\"}]}<\/script>\n<!-- \/ Yoast SEO Premium plugin. -->","yoast_head_json":{"title":"Cookie Policy - Nordshark","robots":{"index":"index","follow":"follow","max-snippet":"max-snippet:-1","max-image-preview":"max-image-preview:large","max-video-preview":"max-video-preview:-1"},"canonical":"https:\/\/www.nordshark.com\/it\/policies\/cookie-policy\/","og_locale":"it_IT","og_type":"article","og_title":"Cookie Policy","og_url":"https:\/\/www.nordshark.com\/it\/policies\/cookie-policy\/","og_site_name":"Nordshark","article_modified_time":"2024-02-22T22:27:31+00:00","twitter_card":"summary_large_image","twitter_misc":{"Tempo di lettura stimato":"7 minuti"},"schema":{"@context":"https:\/\/schema.org","@graph":[{"@type":"WebPage","@id":"https:\/\/www.nordshark.com\/policies\/cookie-policy\/","url":"https:\/\/www.nordshark.com\/policies\/cookie-policy\/","name":"Cookie Policy - Nordshark","isPartOf":{"@id":"https:\/\/www.nordshark.com\/#website"},"datePublished":"2024-02-22T21:51:22+00:00","dateModified":"2024-02-22T22:27:31+00:00","breadcrumb":{"@id":"https:\/\/www.nordshark.com\/policies\/cookie-policy\/#breadcrumb"},"inLanguage":"it-IT","potentialAction":[{"@type":"ReadAction","target":["https:\/\/www.nordshark.com\/policies\/cookie-policy\/"]}]},{"@type":"BreadcrumbList","@id":"https:\/\/www.nordshark.com\/policies\/cookie-policy\/#breadcrumb","itemListElement":[{"@type":"ListItem","position":1,"name":"Home","item":"https:\/\/www.nordshark.com\/"},{"@type":"ListItem","position":2,"name":"Policies","item":"https:\/\/www.nordshark.com\/policies\/"},{"@type":"ListItem","position":3,"name":"Cookie Policy"}]},{"@type":"WebSite","@id":"https:\/\/www.nordshark.com\/#website","url":"https:\/\/www.nordshark.com\/","name":"Nordshark","description":"","potentialAction":[{"@type":"SearchAction","target":{"@type":"EntryPoint","urlTemplate":"https:\/\/www.nordshark.com\/?s={search_term_string}"},"query-input":{"@type":"PropertyValueSpecification","valueRequired":true,"valueName":"search_term_string"}}],"inLanguage":"it-IT"}]}},"_links":{"self":[{"href":"https:\/\/www.nordshark.com\/it\/wp-json\/wp\/v2\/pages\/1330","targetHints":{"allow":["GET"]}}],"collection":[{"href":"https:\/\/www.nordshark.com\/it\/wp-json\/wp\/v2\/pages"}],"about":[{"href":"https:\/\/www.nordshark.com\/it\/wp-json\/wp\/v2\/types\/page"}],"author":[{"embeddable":true,"href":"https:\/\/www.nordshark.com\/it\/wp-json\/wp\/v2\/users\/1"}],"replies":[{"embeddable":true,"href":"https:\/\/www.nordshark.com\/it\/wp-json\/wp\/v2\/comments?post=1330"}],"version-history":[{"count":8,"href":"https:\/\/www.nordshark.com\/it\/wp-json\/wp\/v2\/pages\/1330\/revisions"}],"predecessor-version":[{"id":1358,"href":"https:\/\/www.nordshark.com\/it\/wp-json\/wp\/v2\/pages\/1330\/revisions\/1358"}],"up":[{"embeddable":true,"href":"https:\/\/www.nordshark.com\/it\/wp-json\/wp\/v2\/pages\/1304"}],"wp:attachment":[{"href":"https:\/\/www.nordshark.com\/it\/wp-json\/wp\/v2\/media?parent=1330"}],"curies":[{"name":"wp","href":"https:\/\/api.w.org\/{rel}","templated":true}]}}