{"id":1306,"date":"2024-02-22T22:04:24","date_gmt":"2024-02-22T21:04:24","guid":{"rendered":"https:\/\/www.nordshark.com\/?page_id=1306"},"modified":"2024-02-22T22:22:55","modified_gmt":"2024-02-22T21:22:55","slug":"imprint","status":"publish","type":"page","link":"https:\/\/www.nordshark.com\/it\/policies\/imprint\/","title":{"rendered":"Impronta"},"content":{"rendered":"<div id=\"fws_69fb4339a9dfb\"  data-column-margin=\"default\" data-midnight=\"dark\" data-nectar-animated-gradient-settings=\"{&quot;color_1&quot;:&quot;#000000&quot;,&quot;color_2&quot;:&quot;#080035&quot;,&quot;speed&quot;:&quot;850&quot;,&quot;blending_mode&quot;:&quot;organic&quot;}\"  class=\"wpb_row vc_row-fluid vc_row full-width-content vc_row-o-equal-height vc_row-flex vc_row-o-content-middle  clip-path-start-desktop-0-0-0-0-0 clip-path-end-desktop-0-0-0-0-0 clip-path-start-tablet-0-0-0-0-0 clip-path-end-tablet-0-0-0-0-0 clip-path-start-phone-0-0-0-0-0 clip-path-end-phone-50px-24px-24px-24px-0 clip-path-entire-row nectar-overflow-hidden\"  style=\"padding-top: 0px; padding-bottom: 0px; \"><div class=\"row-bg-wrap has-animated-gradient\" data-bg-animation=\"clip-path\" data-bg-animation-delay=\"1000\" data-bg-overlay=\"false\"><div class=\"inner-wrap row-bg-layer\" style=\"background-color: #0a0a0a;\" ><div class=\"row-bg viewport-desktop using-bg-color\"  style=\"background-color: #0a0a0a; \"><\/div><\/div><\/div><div class=\"row_col_wrap_12 col span_12 dark left\">\n\t<div  class=\"vc_col-sm-12 wpb_column column_container vc_column_container col no-extra-padding column_position_static el_spacing_0px inherit_tablet inherit_phone\"  data-padding-pos=\"all\" data-has-bg-color=\"false\" data-bg-color=\"\" data-bg-opacity=\"1\" data-animation=\"\" data-delay=\"0\" data-scroll-animation=\"true\" data-scroll-animation-movement=\"default\" data-scroll-animation-mobile=\"\" data-scroll-animation-intensity=\"-4\" >\n\t\t<div class=\"vc_column-inner\" >\n\t\t\t<div class=\"wpb_wrapper\">\n\t\t\t\t<div id=\"fws_69fb4339a9fa4\" data-midnight=\"\" data-column-margin=\"default\" class=\"wpb_row vc_row-fluid vc_row inner_row  right_padding_phone_14pct left_padding_phone_14pct\"  style=\"padding-top: 10%; padding-bottom: 10%; \"><div class=\"row-bg-wrap\"> <div class=\"row-bg\" ><\/div> <\/div><div class=\"row_col_wrap_12_inner col span_12  left\">\n\t<div style=\" color: #ffffff;\" class=\"vc_col-sm-12 wpb_column column_container vc_column_container col child_column centered-text has-animation\" data-cfc=\"true\"  data-padding-pos=\"all\" data-has-bg-color=\"false\" data-bg-color=\"\" data-bg-opacity=\"1\" data-animation=\"slight-twist\" data-delay=\"200\" data-animation-easing=\"easeInOutCubic\" >\n\t\t<div class=\"vc_column-inner\" >\n\t\t<div class=\"wpb_wrapper\">\n\t\t\t<div class=\"nectar-highlighted-text font_size_6vw font_size_tablet_6vw font_size_phone_10vw font_line_height_1-1 ease_out\" data-style=\"scribble\" data-exp=\"default\" data-using-custom-color=\"false\" data-animation-delay=\"1000\" data-color=\"\" data-color-gradient=\"\" style=\"\"><h1><strong><em>Impronta<svg class=\"nectar-scribble basic-underline\" role=\"presentation\" viewbox=\"-400 -55 730 60\" preserveaspectratio=\"none\"><path style=\"animation-duration: 1.8s;\" d=\"m -383.25 -6 c 55.25 -22 130.75 -33.5 293.25 -38 c 54.5 -0.5 195 -2.5 401 15\" stroke=\"#ffffff\" pathlength=\"1\" stroke-width=\"8\" fill=\"none\"\/><\/svg><\/em><\/strong><\/h1>\n<\/div>\n\t\t<\/div> \n\t<\/div>\n\t<\/div> \n<\/div><\/div><div id=\"fws_69fb4339aa130\" data-midnight=\"\" data-column-margin=\"none\" class=\"wpb_row vc_row-fluid vc_row inner_row  row_position_absolute bottom_position_desktop_60px right_position_desktop_60px\"  style=\" z-index: 10;\"><div class=\"row-bg-wrap\"> <div class=\"row-bg\" ><\/div> <\/div><div class=\"row_col_wrap_12_inner col span_12  left\">\n\t<div style=\" color: #ffffff;\" class=\"vc_col-sm-12 vc_hidden-sm vc_hidden-xs wpb_column column_container vc_column_container col child_column centered-text has-animation no-extra-padding el_spacing_0px inherit_tablet inherit_phone\" data-cfc=\"true\"  data-padding-pos=\"all\" data-has-bg-color=\"false\" data-bg-color=\"\" data-bg-opacity=\"1\" data-animation=\"fade-in\" data-delay=\"1300\" data-animation-offset=\"100%\" >\n\t\t<div class=\"vc_column-inner\" >\n\t\t<div class=\"wpb_wrapper\">\n\t\t\t<div class=\"nectar-lottie-wrap width_desktop_55px alignment_center\"><div class=\"nectar-lottie\" data-lottie-settings=\"{&quot;trigger_type&quot;:&quot;play&quot;,&quot;mobile_func&quot;:&quot;default&quot;,&quot;loop&quot;:&quot;true&quot;,&quot;trigger_offset&quot;:&quot;0.00,100.00&quot;,&quot;frame_constraint&quot;:&quot;0.00,100.00&quot;,&quot;speed&quot;:&quot;0.8&quot;,&quot;width_desktop&quot;:&quot;55px&quot;,&quot;alignment&quot;:&quot;center&quot;,&quot;preserve_aspect_ratio&quot;:&quot;xMidYMid meet&quot;,&quot;json_url&quot;:&quot;https:\\\/\\\/assets1.lottiefiles.com\\\/packages\\\/lf20_9r65d17y.json&quot;,&quot;box_shadow_method&quot;:&quot;filter&quot;}\"><\/div><\/div><div class=\"nectar-responsive-text font_line_height_1-3 nectar-link-underline-effect\"><p><strong>Nordshark<\/strong><\/p>\n<\/div><div class=\"nectar-responsive-text font_size_desktop_0-9em font_line_height_1-3 nectar-link-underline-effect\"><p><i>Ultimo aggiornamento: <strong>05.01.2024<\/strong><\/i><\/p>\n<\/div>\n\t\t<\/div> \n\t<\/div>\n\t<\/div> \n<\/div><\/div>\n\t\t\t<\/div> \n\t\t<\/div>\n\t<\/div> \n<\/div><\/div>\n\t\t<div id=\"fws_69fb4339aa2ed\"  data-column-margin=\"default\" data-midnight=\"dark\"  class=\"wpb_row vc_row-fluid vc_row full-width-section\"  style=\"padding-top: 0px; padding-bottom: 0px; \"><div class=\"row-bg-wrap\" data-bg-animation=\"none\" data-bg-animation-delay=\"\" data-bg-overlay=\"false\"><div class=\"inner-wrap row-bg-layer\" ><div class=\"row-bg viewport-desktop using-bg-color\"  style=\"background-color: #000000; \"><\/div><\/div><\/div><div class=\"row_col_wrap_12 col span_12 dark left\">\n\t<div style=\" color: #ffffff;\" class=\"vc_col-sm-12 wpb_column column_container vc_column_container col no-extra-padding inherit_tablet inherit_phone\" data-cfc=\"true\"  data-padding-pos=\"all\" data-has-bg-color=\"false\" data-bg-color=\"\" data-bg-opacity=\"1\" data-animation=\"\" data-delay=\"0\" >\n\t\t<div class=\"vc_column-inner\" >\n\t\t\t<div class=\"wpb_wrapper\">\n\t\t\t\t<div id=\"fws_69fb4339aa3cf\" data-midnight=\"\" data-column-margin=\"default\" class=\"wpb_row vc_row-fluid vc_row inner_row  right_padding_10pct left_padding_10pct\"  style=\"padding-top: 5%; padding-bottom: 5%; \"><div class=\"row-bg-wrap\"> <div class=\"row-bg\" ><\/div> <\/div><div class=\"row_col_wrap_12_inner col span_12  left\">\n\t<div  class=\"vc_col-sm-12 wpb_column column_container vc_column_container col child_column no-extra-padding inherit_tablet inherit_phone\"   data-padding-pos=\"all\" data-has-bg-color=\"false\" data-bg-color=\"\" data-bg-opacity=\"1\" data-animation=\"\" data-delay=\"0\" >\n\t\t<div class=\"vc_column-inner\" >\n\t\t<div class=\"wpb_wrapper\">\n\t\t\t\n<div class=\"wpb_text_column wpb_content_element\" >\n\t<div class=\"wpb_wrapper\">\n\t\t<div class=\"imprint\">\n<h2><strong>Informazioni in conformit\u00e0 all'articolo 5 del TMG<\/strong><\/h2>\n<p><strong>NordShark<\/strong><br \/>\nAn der Welle 4<br \/>\n60322 Frankfurt am Main<\/p>\n<p><strong>Rappresentato da: <\/strong><br \/>\nNordShark Company<\/p>\n<p><strong>Contatto:<\/strong><br \/>\nTelefono: 0800-5555555<br \/>\nEmail: info \"at\" NordShark.com<\/p>\n<p><strong>Avviso: <\/strong><\/p>\n<p><strong>Responsabilit\u00e0 dei Contenuti<\/strong><\/p>\n<p>I contenuti delle nostre pagine sono stati creati con la massima cura. Tuttavia, non possiamo assumerci alcuna responsabilit\u00e0 per la correttezza, completezza e tempestivit\u00e0 dei contenuti. Come provider di servizi, siamo responsabili, secondo l'art. 7, paragrafo 1 della TMG, per i nostri contenuti su queste pagine in base alle leggi generali. Tuttavia, secondo gli artt. 8-10 della TMG, come provider di servizi, non siamo obbligati a monitorare informazioni di terze parti trasmesse o memorizzate o a indagare su circostanze che indicano attivit\u00e0 illegali. Gli obblighi di rimuovere o bloccare l'uso delle informazioni in base alle leggi generali rimangono inalterati. Tuttavia, una responsabilit\u00e0 in tal senso \u00e8 possibile solo a partire dal momento in cui si acquisisce conoscenza di una specifica violazione. All'atto di notifica di tali violazioni, rimuoveremo immediatamente i contenuti in questione.<\/p>\n<p><strong>Responsabilit\u00e0 per i collegamenti<\/strong><\/p>\n<p>La nostra offerta contiene collegamenti a siti web esterni di terze parti, sulla cui contenuto non abbiamo alcuna influenza. Pertanto, non possiamo assumerci alcuna responsabilit\u00e0 per questi contenuti esterni. Il fornitore o l'operatore delle pagine \u00e8 sempre responsabile dei contenuti delle pagine collegate. Le pagine collegate sono state verificate per possibili violazioni legali al momento del collegamento. Al momento del collegamento non era riconoscibile alcun contenuto illegale. Il monitoraggio continuo dei contenuti delle pagine collegate non \u00e8 ragionevole senza prove concrete di un'infrazione. Alla notifica di violazioni, rimuoveremo immediatamente tali collegamenti.<\/p>\n<p><strong>Diritti d'autore<\/strong><\/p>\n<p>Il contenuto e le opere create dagli operatori del sito su queste pagine sono soggetti alla legge sul diritto d'autore tedesco. La duplicazione, l'elaborazione, la distribuzione e qualsiasi tipo di sfruttamento al di fuori dei limiti del copyright richiedono il consenso scritto dell'autore o del creatore rispettivo. Il download e la copia di questa pagina sono consentiti solo per uso privato, non commerciale. Per quanto riguarda i contenuti presenti su questa pagina che non sono stati creati dall'operatore, si rispettano i diritti d'autore di terzi. In particolare, i contenuti di terze parti sono identificati come tali. Nel caso in cui doveste comunque essere a conoscenza di una violazione del copyright, vi preghiamo di comunicarcelo. Ricevuta la notifica di violazioni, rimuoveremo immediatamente tali contenuti.<\/p>\n<p><strong>Protezione dei dati<\/strong><\/p>\n<p>L'uso del nostro sito web \u00e8 in generale possibile senza fornire dati personali. Per quanto riguarda i dati personali (come nome, indirizzo o indirizzo email) raccolti nelle nostre pagine, ci\u00f2 avviene sempre su base volontaria nella misura del possibile. Questi dati non saranno comunicati a terzi senza il tuo esplicito consenso.<br \/>\nTi facciamo notare che la trasmissione dei dati su Internet (ad esempio, la comunicazione via email) pu\u00f2 presentare delle falle di sicurezza. Non \u00e8 possibile garantire una protezione totale dei dati dall'accesso di terze parti.<br \/>\nL'uso dei dati di contatto pubblicati nel contesto dell'obbligo di impressum da parte di terze parti per inviare pubblicit\u00e0 non richiesta e materiale informativo \u00e8 qui esplicitamente escluso. Gli operatori delle pagine si riservano espressamente il diritto di intraprendere azioni legali in caso di invio non richiesto di informazioni pubblicitarie, come email di spam.<\/p>\n<p><strong>Google Analytics<\/strong><\/p>\n<p>Questo sito web utilizza Google Analytics, un servizio di analisi web fornito da Google Inc. Google Analytics utilizza dei cosiddetti \"cookies\", file di testo che vengono memorizzati sul tuo computer e che consentono un'analisi dell'utilizzo del sito web da parte tua. Le informazioni generate dal cookie sull'utilizzo di questo sito web (compreso il tuo indirizzo IP) vengono trasmesse a Google e memorizzate su server negli Stati Uniti. Google utilizzer\u00e0 queste informazioni al fine di valutare l'utilizzo del sito web, compilare report sull'attivit\u00e0 del sito web per gli operatori del sito e fornire altri servizi relativi all'attivit\u00e0 del sito web e all'utilizzo di Internet. Google potrebbe anche trasferire queste informazioni a terze parti ove richiesto per legge, oppure ove tali terze parti trattino le informazioni per conto di Google. Google non assocer\u00e0 il tuo indirizzo IP a nessun altro dato posseduto da Google. Puoi rifiutare l'utilizzo dei cookie selezionando le impostazioni appropriate sul tuo browser; tuttavia, ti preghiamo di notare che in questo caso potresti non essere in grado di utilizzare tutte le funzionalit\u00e0 di questo sito web. Utilizzando questo sito web, acconsenti al trattamento dei tuoi dati da parte di Google secondo le modalit\u00e0 e per le finalit\u00e0 sopra indicate.<\/p>\n<p><strong>Google AdSense<\/strong><\/p>\n<p>Questo sito web utilizza Google Adsense, un servizio di pubblicit\u00e0 online di Google Inc., USA (\"Google\"). Google Adsense utilizza i cosiddetti \"cookie\" (file di testo) che vengono memorizzati sul tuo computer e consentono un'analisi dell'utilizzo del sito web. Google Adsense utilizza anche i cosiddetti \"Web Beacon\" (piccole grafiche invisibili) per raccogliere informazioni. L'uso del Web Beacon consente di registrare e raccogliere informazioni sul traffico dei visitatori del sito web. Le informazioni generate dal cookie e\/o dal Web Beacon sull'utilizzo di questo sito web (compreso il tuo indirizzo IP) verranno trasmesse e memorizzate da Google su server negli Stati Uniti. Google utilizzer\u00e0 queste informazioni per valutare il tuo utilizzo del sito web in termini di annunci pubblicitari, compilare rapporti sull'attivit\u00e0 del sito web e sugli annunci per gli operatori di siti web, nonch\u00e9 per fornire altri servizi correlati all'utilizzo del sito web e all'utilizzo di Internet. Google potrebbe anche trasferire queste informazioni a terzi se richiesto dalla legge o se tali terzi elaborano le informazioni per conto di Google. Google non assocer\u00e0 il tuo indirizzo IP ad altri dati detenuti da Google. Puoi impedire la memorizzazione dei cookie sul tuo disco rigido e la visualizzazione dei Web Beacon scegliendo \"non accettare i cookie\" nelle impostazioni del tuo browser (\"Extra &gt; Opzioni Internet &gt; Privacy &gt; Impostazioni\"; in Firefox sotto \"Extra &gt; Impostazioni &gt; Privacy &gt; Cookie\"); tuttavia, tieni presente che in tal caso potresti non essere in grado di utilizzare tutte le funzionalit\u00e0 di questo sito web. Utilizzando questo sito web, acconsenti al trattamento dei dati che ti riguardano da parte di Google secondo le modalit\u00e0 e per le finalit\u00e0 indicate sopra.<\/p>\n<\/div>\n\t<\/div>\n<\/div>\n\n\n\n\n\t\t<\/div> \n\t<\/div>\n\t<\/div> \n<\/div><\/div>\n\t\t\t<\/div> \n\t\t<\/div>\n\t<\/div> \n<\/div><\/div>","protected":false},"excerpt":{"rendered":"Imprint Nordshark Last Update: 05.01.2024 Information in accordance with \u00a7 5 TMG NordShark An der Welle 4 60322 Frankfurt am Main Represented by: NordShark Company Contact: Phone: 0800-5555555 Email: info...","protected":false},"author":1,"featured_media":0,"parent":1304,"menu_order":0,"comment_status":"closed","ping_status":"closed","template":"","meta":{"inline_featured_image":false,"footnotes":""},"class_list":["post-1306","page","type-page","status-publish"],"yoast_head":"<!-- This site is optimized with the Yoast SEO Premium plugin v23.6 (Yoast SEO v24.1) - https:\/\/yoast.com\/wordpress\/plugins\/seo\/ -->\n<title>Imprint - Nordshark<\/title>\n<meta name=\"robots\" content=\"index, follow, max-snippet:-1, max-image-preview:large, max-video-preview:-1\" \/>\n<link rel=\"canonical\" href=\"https:\/\/www.nordshark.com\/it\/policies\/imprint\/\" \/>\n<meta property=\"og:locale\" content=\"it_IT\" \/>\n<meta property=\"og:type\" content=\"article\" \/>\n<meta property=\"og:title\" content=\"Imprint\" \/>\n<meta property=\"og:url\" content=\"https:\/\/www.nordshark.com\/it\/policies\/imprint\/\" \/>\n<meta property=\"og:site_name\" content=\"Nordshark\" \/>\n<meta property=\"article:modified_time\" content=\"2024-02-22T21:22:55+00:00\" \/>\n<meta name=\"twitter:card\" content=\"summary_large_image\" \/>\n<meta name=\"twitter:label1\" content=\"Tempo di lettura stimato\" \/>\n\t<meta name=\"twitter:data1\" content=\"6 minuti\" \/>\n<script type=\"application\/ld+json\" class=\"yoast-schema-graph\">{\"@context\":\"https:\/\/schema.org\",\"@graph\":[{\"@type\":\"WebPage\",\"@id\":\"https:\/\/www.nordshark.com\/policies\/imprint\/\",\"url\":\"https:\/\/www.nordshark.com\/policies\/imprint\/\",\"name\":\"Imprint - Nordshark\",\"isPartOf\":{\"@id\":\"https:\/\/www.nordshark.com\/#website\"},\"datePublished\":\"2024-02-22T21:04:24+00:00\",\"dateModified\":\"2024-02-22T21:22:55+00:00\",\"breadcrumb\":{\"@id\":\"https:\/\/www.nordshark.com\/policies\/imprint\/#breadcrumb\"},\"inLanguage\":\"it-IT\",\"potentialAction\":[{\"@type\":\"ReadAction\",\"target\":[\"https:\/\/www.nordshark.com\/policies\/imprint\/\"]}]},{\"@type\":\"BreadcrumbList\",\"@id\":\"https:\/\/www.nordshark.com\/policies\/imprint\/#breadcrumb\",\"itemListElement\":[{\"@type\":\"ListItem\",\"position\":1,\"name\":\"Home\",\"item\":\"https:\/\/www.nordshark.com\/\"},{\"@type\":\"ListItem\",\"position\":2,\"name\":\"Policies\",\"item\":\"https:\/\/www.nordshark.com\/policies\/\"},{\"@type\":\"ListItem\",\"position\":3,\"name\":\"Imprint\"}]},{\"@type\":\"WebSite\",\"@id\":\"https:\/\/www.nordshark.com\/#website\",\"url\":\"https:\/\/www.nordshark.com\/\",\"name\":\"Nordshark\",\"description\":\"\",\"potentialAction\":[{\"@type\":\"SearchAction\",\"target\":{\"@type\":\"EntryPoint\",\"urlTemplate\":\"https:\/\/www.nordshark.com\/?s={search_term_string}\"},\"query-input\":{\"@type\":\"PropertyValueSpecification\",\"valueRequired\":true,\"valueName\":\"search_term_string\"}}],\"inLanguage\":\"it-IT\"}]}<\/script>\n<!-- \/ Yoast SEO Premium plugin. -->","yoast_head_json":{"title":"Imprint - Nordshark","robots":{"index":"index","follow":"follow","max-snippet":"max-snippet:-1","max-image-preview":"max-image-preview:large","max-video-preview":"max-video-preview:-1"},"canonical":"https:\/\/www.nordshark.com\/it\/policies\/imprint\/","og_locale":"it_IT","og_type":"article","og_title":"Imprint","og_url":"https:\/\/www.nordshark.com\/it\/policies\/imprint\/","og_site_name":"Nordshark","article_modified_time":"2024-02-22T21:22:55+00:00","twitter_card":"summary_large_image","twitter_misc":{"Tempo di lettura stimato":"6 minuti"},"schema":{"@context":"https:\/\/schema.org","@graph":[{"@type":"WebPage","@id":"https:\/\/www.nordshark.com\/policies\/imprint\/","url":"https:\/\/www.nordshark.com\/policies\/imprint\/","name":"Imprint - Nordshark","isPartOf":{"@id":"https:\/\/www.nordshark.com\/#website"},"datePublished":"2024-02-22T21:04:24+00:00","dateModified":"2024-02-22T21:22:55+00:00","breadcrumb":{"@id":"https:\/\/www.nordshark.com\/policies\/imprint\/#breadcrumb"},"inLanguage":"it-IT","potentialAction":[{"@type":"ReadAction","target":["https:\/\/www.nordshark.com\/policies\/imprint\/"]}]},{"@type":"BreadcrumbList","@id":"https:\/\/www.nordshark.com\/policies\/imprint\/#breadcrumb","itemListElement":[{"@type":"ListItem","position":1,"name":"Home","item":"https:\/\/www.nordshark.com\/"},{"@type":"ListItem","position":2,"name":"Policies","item":"https:\/\/www.nordshark.com\/policies\/"},{"@type":"ListItem","position":3,"name":"Imprint"}]},{"@type":"WebSite","@id":"https:\/\/www.nordshark.com\/#website","url":"https:\/\/www.nordshark.com\/","name":"Nordshark","description":"","potentialAction":[{"@type":"SearchAction","target":{"@type":"EntryPoint","urlTemplate":"https:\/\/www.nordshark.com\/?s={search_term_string}"},"query-input":{"@type":"PropertyValueSpecification","valueRequired":true,"valueName":"search_term_string"}}],"inLanguage":"it-IT"}]}},"_links":{"self":[{"href":"https:\/\/www.nordshark.com\/it\/wp-json\/wp\/v2\/pages\/1306","targetHints":{"allow":["GET"]}}],"collection":[{"href":"https:\/\/www.nordshark.com\/it\/wp-json\/wp\/v2\/pages"}],"about":[{"href":"https:\/\/www.nordshark.com\/it\/wp-json\/wp\/v2\/types\/page"}],"author":[{"embeddable":true,"href":"https:\/\/www.nordshark.com\/it\/wp-json\/wp\/v2\/users\/1"}],"replies":[{"embeddable":true,"href":"https:\/\/www.nordshark.com\/it\/wp-json\/wp\/v2\/comments?post=1306"}],"version-history":[{"count":21,"href":"https:\/\/www.nordshark.com\/it\/wp-json\/wp\/v2\/pages\/1306\/revisions"}],"predecessor-version":[{"id":1329,"href":"https:\/\/www.nordshark.com\/it\/wp-json\/wp\/v2\/pages\/1306\/revisions\/1329"}],"up":[{"embeddable":true,"href":"https:\/\/www.nordshark.com\/it\/wp-json\/wp\/v2\/pages\/1304"}],"wp:attachment":[{"href":"https:\/\/www.nordshark.com\/it\/wp-json\/wp\/v2\/media?parent=1306"}],"curies":[{"name":"wp","href":"https:\/\/api.w.org\/{rel}","templated":true}]}}