{"id":439,"date":"2024-02-18T02:06:13","date_gmt":"2024-02-18T01:06:13","guid":{"rendered":"https:\/\/www.nordshark.com\/?post_type=product&#038;p=439"},"modified":"2024-03-04T14:03:43","modified_gmt":"2024-03-04T13:03:43","slug":"buy-dutch-instagram-story-views","status":"publish","type":"product","link":"https:\/\/www.nordshark.com\/fr\/product\/acheter-des-vues-story-instagram-neerlandais\/","title":{"rendered":"Vues de l'histoire Instagram en n\u00e9erlandais."},"content":{"rendered":"<div id=\"fws_69fb66c778674\"  data-column-margin=\"default\" data-midnight=\"dark\" data-top-percent=\"8%\"  class=\"wpb_row vc_row-fluid vc_row full-width-section  right_padding_10pct left_padding_10pct\"  style=\"padding-top: calc(100vw * 0.08); padding-bottom: 0px; \"><div class=\"row-bg-wrap\" data-bg-animation=\"none\" data-bg-animation-delay=\"\" data-bg-overlay=\"false\"><div class=\"inner-wrap row-bg-layer\" ><div class=\"row-bg viewport-desktop\"  style=\"\"><\/div><\/div><\/div><div class=\"row_col_wrap_12 col span_12 dark left\">\n\t<div  class=\"vc_col-sm-12 wpb_column column_container vc_column_container col no-extra-padding inherit_tablet inherit_phone\"  data-padding-pos=\"all\" data-has-bg-color=\"false\" data-bg-color=\"\" data-bg-opacity=\"1\" data-animation=\"\" data-delay=\"0\" >\n\t\t<div class=\"vc_column-inner\" >\n\t\t\t<div class=\"wpb_wrapper\">\n\t\t\t\t<div id=\"fws_69fb66c7787f4\" data-midnight=\"\" data-column-margin=\"default\" class=\"wpb_row vc_row-fluid vc_row inner_row\"  style=\"padding-bottom: 4%; \"><div class=\"row-bg-wrap\"> <div class=\"row-bg\" ><\/div> <\/div><div class=\"row_col_wrap_12_inner col span_12  left\">\n\t<div  class=\"vc_col-sm-12 wpb_column column_container vc_column_container col child_column centered-text no-extra-padding inherit_tablet inherit_phone\"   data-padding-pos=\"all\" data-has-bg-color=\"false\" data-bg-color=\"\" data-bg-opacity=\"1\" data-animation=\"\" data-delay=\"0\" >\n\t\t<div class=\"vc_column-inner\" >\n\t\t<div class=\"wpb_wrapper\">\n\t\t\t<div class=\"nectar-highlighted-text font_size_2vw font_size_tablet_6vw font_line_height_1-0\" data-style=\"none\" data-exp=\"default\" data-using-custom-color=\"false\" data-animation-delay=\"false\" data-color=\"\" data-color-gradient=\"\" style=\"\"><h3>Questions fr\u00e9quemment pos\u00e9es<\/h3>\n<\/div>\n\t\t<\/div> \n\t<\/div>\n\t<\/div> \n<\/div><\/div>\n\t\t\t<\/div> \n\t\t<\/div>\n\t<\/div> \n<\/div><\/div>\n\t\t<div id=\"fws_69fb66c77898e\"  data-column-margin=\"custom\" data-midnight=\"dark\" data-top-percent=\"3%\" data-bottom-percent=\"3%\"  class=\"wpb_row vc_row-fluid vc_row full-width-content vc_row-o-equal-height vc_row-flex vc_row-o-content-middle  right_padding_7vw left_padding_7vw column-margin-7vw top_padding_phone_10pct bottom_padding_phone_10pct\"  style=\"padding-top: calc(100vw * 0.03); padding-bottom: calc(100vw * 0.03); \"><div class=\"row-bg-wrap\" data-bg-animation=\"none\" data-bg-animation-delay=\"\" data-bg-overlay=\"false\"><div class=\"inner-wrap row-bg-layer\" ><div class=\"row-bg viewport-desktop using-bg-color\"  style=\"background-color: #f8f8f8; \"><\/div><\/div><\/div><div class=\"row_col_wrap_12 col span_12 dark left\">\n\t<div  class=\"vc_col-sm-6 wpb_column column_container vc_column_container col left_padding_desktop_2vw\"  data-padding-pos=\"all\" data-has-bg-color=\"false\" data-bg-color=\"\" data-bg-opacity=\"1\" data-animation=\"\" data-delay=\"0\" >\n\t\t<div class=\"vc_column-inner\" >\n\t\t\t<div class=\"wpb_wrapper\">\n\t\t\t\t<div class=\"toggles accordion\" data-br=\"\" data-starting=\"default\" data-style=\"minimal\"><div class=\"toggle accent-color\" data-inner-wrap=\"true\"><h3 class=\"toggle-title\"><a href=\"#\" role=\"button\" class=\"nectar-inherit-h4 toggle-heading\"><i role=\"presentation\" class=\"fa fa-plus-circle\"><\/i>Combien de temps faut-il pour recevoir des vues sur les stories Instagram en n\u00e9erlandais ?<\/a><\/h3><div><div class=\"inner-toggle-wrap\">\n<div class=\"wpb_text_column wpb_content_element\" >\n\t<div class=\"wpb_wrapper\">\n\t\t<p>La livraison des vues d'histoires Instagram n\u00e9erlandaises commence g\u00e9n\u00e9ralement dans l'heure qui suit la commande et la dur\u00e9e exacte peut varier en fonction du forfait choisi et de la quantit\u00e9 command\u00e9e.<\/p>\n\t<\/div>\n<\/div>\n\n\n\n<\/div><\/div><\/div><div class=\"toggle accent-color\" data-inner-wrap=\"true\"><h3 class=\"toggle-title\"><a href=\"#\" role=\"button\" class=\"nectar-inherit-h4 toggle-heading\"><i role=\"presentation\" class=\"fa fa-plus-circle\"><\/i>Pourquoi devrais-tu acheter des vues pour les Stories Instagram en n\u00e9erlandais ?<\/a><\/h3><div><div class=\"inner-toggle-wrap\">\n<div class=\"wpb_text_column wpb_content_element\" >\n\t<div class=\"wpb_wrapper\">\n\t\t<p>L'achat de vues pour les stories Instagram n\u00e9erlandaises peut augmenter votre visibilit\u00e9 et attirer davantage l'attention sur votre profil, surtout si vous visez un public n\u00e9erlandais.<\/p>\n\t<\/div>\n<\/div>\n\n\n\n<\/div><\/div><\/div><div class=\"toggle accent-color\" data-inner-wrap=\"true\"><h3 class=\"toggle-title\"><a href=\"#\" role=\"button\" class=\"nectar-inherit-h4 toggle-heading\"><i role=\"presentation\" class=\"fa fa-plus-circle\"><\/i>Est-ce que les vues des stories Instagram proviennent de vrais utilisateurs ?<\/a><\/h3><div><div class=\"inner-toggle-wrap\">\n<div class=\"wpb_text_column wpb_content_element\" >\n\t<div class=\"wpb_wrapper\">\n\t\t<p>Oui, chez Nordshark, on s'assure que les vues de vos histoires sur Instagram proviennent d'utilisateurs r\u00e9els et actifs. On tient \u00e0 offrir une interaction authentique \u00e0 nos clients.<\/p>\n\t<\/div>\n<\/div>\n\n\n\n<\/div><\/div><\/div><\/div>\n\n\n\n\n\n\n\n\n\n\n\n\n\n\n\n\n\n\n\n\n\t\t\t<\/div> \n\t\t<\/div>\n\t<\/div> \n\n\t<div  class=\"vc_col-sm-6 vc_hidden-sm vc_hidden-xs wpb_column column_container vc_column_container col top_margin_tablet_10pct right_padding_desktop_2vw\"  data-padding-pos=\"all\" data-has-bg-color=\"false\" data-bg-color=\"\" data-bg-opacity=\"1\" data-animation=\"\" data-delay=\"0\" >\n\t\t<div class=\"vc_column-inner\" >\n\t\t\t<div class=\"wpb_wrapper\">\n\t\t\t\t<div id=\"fws_69fb66c778c3b\" data-midnight=\"\" data-column-margin=\"default\" class=\"wpb_row vc_row-fluid vc_row inner_row\"  style=\"\"><div class=\"row-bg-wrap\"> <div class=\"row-bg\" ><\/div> <\/div><div class=\"row_col_wrap_12_inner col span_12  left\">\n\t<div  class=\"vc_col-sm-12 wpb_column column_container vc_column_container col child_column col-overflow-hidden mask_shape_circle-rect mask_size_contain top_padding_desktop_20pct bottom_padding_desktop_20pct\"   data-border-radius=\"15px\" data-video-bg=\"true\" data-overlay-color=\"true\" data-padding-pos=\"all\" data-has-bg-color=\"false\" data-bg-color=\"\" data-bg-opacity=\"1\" data-animation=\"\" data-delay=\"0\" >\n\t\t<div class=\"vc_column-inner\" >\n  <div class=\"nectar-video-wrap column-bg-layer column-video\">\n        <video class=\"nectar-video-bg\" width=\"1800\" height=\"700\" preload=\"auto\" loop autoplay muted playsinline><source src=\"https:\/\/www.nordshark.com\/wp-content\/uploads\/2024\/02\/faq2.mp4\"  type=\"video\/mp4\"><\/video><\/div><div class=\"column-bg-overlay-wrap column-bg-layer\" data-bg-animation=\"none\"><div class=\"column-bg-overlay\"><\/div><div class=\"column-overlay-layer\" style=\"\"><\/div><\/div>\n\t\t<div class=\"wpb_wrapper\">\n\t\t\t\n\t\t<\/div> \n\t<\/div>\n\t<\/div> \n<\/div><\/div>\n\t\t\t<\/div> \n\t\t<\/div>\n\t<\/div> \n<\/div><\/div>\n\t\t<div id=\"fws_69fb66c778cf2\"  data-column-margin=\"default\" data-midnight=\"dark\" data-top-percent=\"5%\" data-bottom-percent=\"5%\"  class=\"wpb_row vc_row-fluid vc_row  right_padding_5pct left_padding_5pct\"  style=\"padding-top: calc(100vw * 0.05); padding-bottom: calc(100vw * 0.05); \"><div class=\"row-bg-wrap\" data-bg-animation=\"none\" data-bg-animation-delay=\"\" data-bg-overlay=\"false\"><div class=\"inner-wrap row-bg-layer\" ><div class=\"row-bg viewport-desktop\"  style=\"\"><\/div><\/div><\/div><div class=\"row_col_wrap_12 col span_12 dark left\">\n\t<div  class=\"vc_col-sm-12 wpb_column column_container vc_column_container col no-extra-padding inherit_tablet inherit_phone\"  data-padding-pos=\"all\" data-has-bg-color=\"false\" data-bg-color=\"\" data-bg-opacity=\"1\" data-animation=\"\" data-delay=\"0\" >\n\t\t<div class=\"vc_column-inner\" >\n\t\t\t<div class=\"wpb_wrapper\">\n\t\t\t\t\n<div class=\"wpb_text_column wpb_content_element\" >\n\t<div class=\"wpb_wrapper\">\n\t\t<h1>Bienvenue chez Nordshark : Achetez des vues pour vos histoires Instagram n\u00e9erlandaises<\/h1>\n<p>Tu cherches \u00e0 rendre tes stories Instagram plus attrayantes et \u00e0 toucher un public plus large aux Pays-Bas ? Ne cherche pas plus loin ! Chez Nordshark, nous proposons une solution pratique et efficace pour augmenter le nombre de vues de tes stories Instagram aupr\u00e8s du public n\u00e9erlandais. Gr\u00e2ce \u00e0 nos services de qualit\u00e9, tu peux facilement accro\u00eetre ta visibilit\u00e9 et d\u00e9velopper ta pr\u00e9sence sur Instagram.<\/p>\n<h2>Pourquoi acheter des vues d'histoire Instagram n\u00e9erlandaises ?<\/h2>\n<p>Le pouvoir des stories Instagram ne peut pas \u00eatre sous-estim\u00e9. Elles vous permettent de partager des moments de votre vie quotidienne, de vous connecter avec votre audience et de promouvoir votre marque de mani\u00e8re plus personnelle et authentique. Cependant, si vous avez du mal \u00e0 obtenir suffisamment de vues sur vos stories Instagram, vos efforts peuvent passer inaper\u00e7us. C'est l\u00e0 que l'achat de vues sur les stories Instagram n\u00e9erlandaises peut faire une diff\u00e9rence significative.<\/p>\n<p>Acheter des vues pour les stories Instagram chez Nordshark t'aide \u00e0 am\u00e9liorer ton jeu sur Instagram et garantit que tes histoires sont vues par plus de personnes aux Pays-Bas. Lorsque tes histoires ont un plus grand nombre de vues, cela am\u00e9liore non seulement ta cr\u00e9dibilit\u00e9, mais augmente aussi les chances d'attirer de nouveaux abonn\u00e9s et des clients potentiels.<\/p>\n<h3>Les avantages d'acheter des vues d'histoires Instagram aupr\u00e8s de Nordshark.<\/h3>\n<ul>\n<li><strong>Visibilit\u00e9 accrue<\/strong>\u00a0En achetant des vues d'histoires Instagram n\u00e9erlandaises, tu augmentes la visibilit\u00e9 de ton contenu aupr\u00e8s de ton public cible. Cela peut entra\u00eener une meilleure interaction et des taux de conversion plus \u00e9lev\u00e9s.<\/li>\n<li><strong>Gagne du temps et de l'effort:<\/strong>\u00a0Au lieu de passer d'innombrables heures \u00e0 essayer d'augmenter naturellement le nombre de vues de votre histoire, gagnez du temps et des efforts en achetant des vues chez Nordshark. Nous vous offrons une solution rapide et sans tracas pour vous aider \u00e0 atteindre vos objectifs.<\/li>\n<li><strong>Vues r\u00e9elles et de haute qualit\u00e9:<\/strong>\u00a0Nous garantissons que les vues que vous recevez proviennent de comptes r\u00e9els, ce qui garantit l'authenticit\u00e9 de votre engagement. Nos vues de haute qualit\u00e9 sont livr\u00e9es de mani\u00e8re naturelle et organique.<\/li>\n<li><strong>Confidentiel et s\u00e9curis\u00e9 :<\/strong>\u00a0Chez Nordshark, on met la confidentialit\u00e9 et la s\u00e9curit\u00e9 de nos clients en priorit\u00e9. Tes informations sont en s\u00e9curit\u00e9 avec nous, et on ne te demandera jamais ton mot de passe de compte.<\/li>\n<li><strong>Support client :<\/strong>\u00a0Notre \u00e9quipe de support client d\u00e9vou\u00e9e est l\u00e0 pour t'aider avec toutes les questions ou pr\u00e9occupations que tu pourrais avoir. On fait tout notre possible pour offrir la meilleure exp\u00e9rience possible \u00e0 nos clients.<\/li>\n<\/ul>\n<h4>Comment \u00e7a marche<\/h4>\n<p>Acheter des vues d'histoires Instagram n\u00e9erlandaises chez Nordshark, c'est incroyablement simple.<\/p>\n<ol>\n<li>Choisissez le forfait qui correspond \u00e0 vos besoins et cliquez sur le bouton \"Acheter maintenant\".<\/li>\n<li>Donne-nous ton nom d'utilisateur Instagram ou l'URL de ton profil Instagram.<\/li>\n<li>Finalise le processus de paiement en toute s\u00e9curit\u00e9.<\/li>\n<li>Installe-toi confortablement et d\u00e9tends-toi pendant que nous t'apportons tes vues d'histoire dans le d\u00e9lai sp\u00e9cifi\u00e9.<\/li>\n<li>Regarde tes vues d'histoires sur Instagram d\u00e9coller et profite de l'engagement accru avec ton public!<\/li>\n<\/ol>\n<p>N'oublie pas, acheter des vues d'histoire Instagram n\u00e9erlandaises devrait compl\u00e9ter tes strat\u00e9gies de croissance organique. Il est essentiel de continuer \u00e0 cr\u00e9er du contenu captivant, d'utiliser des hashtags pertinents et d'interagir avec tes abonn\u00e9s pour construire une communaut\u00e9 fid\u00e8le.<\/p>\n<h5>Pourquoi choisir Nordshark ?<\/h5>\n<p>Nordshark est une plateforme de confiance sp\u00e9cialis\u00e9e dans l'am\u00e9lioration de votre pr\u00e9sence sur les r\u00e9seaux sociaux. Voici pourquoi vous devriez nous choisir :<\/p>\n<ul>\n<li><strong>Exp\u00e9rience:<\/strong>\u00a0Avec des ann\u00e9es d'exp\u00e9rience dans l'industrie, on comprend comment marchent les plateformes de m\u00e9dias sociaux et on sait ce qu'il faut faire pour am\u00e9liorer ta visibilit\u00e9.<\/li>\n<li><strong>Assurance qualit\u00e9:<\/strong>\u00a0Notre \u00e9quipe travaille dur pour s'assurer que vous recevez un service de haute qualit\u00e9. Nous visons l'excellence et tenons toujours nos promesses.<\/li>\n<li><strong>Abordabilit\u00e9 :<\/strong>\u00a0Nous proposons des prix comp\u00e9titifs sans compromettre la qualit\u00e9 de nos services. Nous pensons que d\u00e9velopper votre pr\u00e9sence sur Instagram devrait \u00eatre accessible \u00e0 tous.<\/li>\n<li><strong>Satisfaction client:<\/strong>\u00a0Nos clients satisfaits sont nos plus grands supporters. Nous nous engageons \u00e0 fournir un service client exceptionnel et \u00e0 vous aider \u00e0 atteindre vos objectifs.<\/li>\n<\/ul>\n<p>Pr\u00eat \u00e0 faire d\u00e9coller tes stories Instagram aux Pays-Bas ? Ach\u00e8te des vues pour tes stories Instagram n\u00e9erlandaises chez Nordshark aujourd'hui et tu verras l'impact remarquable que cela peut avoir sur ta pr\u00e9sence sur les r\u00e9seaux sociaux !<\/p>\n\t<\/div>\n<\/div>\n\n\n\n\n\t\t\t<\/div> \n\t\t<\/div>\n\t<\/div> \n<\/div><\/div>\n\t\t<div id=\"fws_69fb66c778e3c\"  data-column-margin=\"default\" data-midnight=\"light\" data-top-percent=\"10%\" data-bottom-percent=\"10%\"  class=\"wpb_row vc_row-fluid vc_row full-width-content vc_row-o-equal-height vc_row-flex vc_row-o-content-top  zindex-set mobile-disable-bg-image-animation right_padding_8pct left_padding_8pct nectar-overflow-hidden top_padding_phone_25pct bottom_padding_phone_25pct\"  style=\"padding-top: calc(100vw * 0.10); padding-bottom: calc(100vw * 0.10);  z-index: 100;\"><div class=\"row-bg-wrap\" data-bg-animation=\"fade-in\" data-bg-animation-delay=\"\" data-bg-overlay=\"true\"><div class=\"inner-wrap row-bg-layer\" style=\"background-color: #2b323a;\" ><div class=\"row-bg viewport-desktop using-bg-color\"  style=\"background-color: #2b323a; \"><\/div><\/div><div class=\"row-bg-overlay row-bg-layer\" style=\"background-color:rgba(0,0,0,0.78);  opacity: 0.8; \"><\/div><\/div>\n\t\t\t<div class=\"video-color-overlay row-bg-layer\" data-color=\"\"><\/div>\n\t\t\t\n\t\t\t<div class=\"nectar-video-wrap row-bg-layer\" data-bg-alignment=\"\">\n\t\t\t\t<div class=\"nectar-video-inner\">\n\t\t\t\t<video class=\"nectar-video-bg\" width=\"1800\" height=\"700\" preload=\"auto\" loop autoplay muted playsinline><source src=\"https:\/\/www.nordshark.com\/wp-content\/uploads\/2024\/02\/AdobeStock_454354002.mp4\"  type=\"video\/mp4\"><\/video>    \t\t<\/div>\n\t\t\t <\/div>\n\n\t\t\t<div class=\"row_col_wrap_12 col span_12 light left\">\n\t<div  class=\"vc_col-sm-12 wpb_column column_container vc_column_container col no-extra-padding column_position_static el_spacing_0px inherit_tablet inherit_phone\"  data-padding-pos=\"top-bottom\" data-has-bg-color=\"false\" data-bg-color=\"\" data-bg-opacity=\"1\" data-animation=\"\" data-delay=\"0\" >\n\t\t<div class=\"vc_column-inner\" >\n\t\t\t<div class=\"wpb_wrapper\">\n\t\t\t\t<div id=\"fws_69fb66c778eee\" data-midnight=\"\" data-column-margin=\"none\" class=\"wpb_row vc_row-fluid vc_row inner_row  right_padding_13vw left_padding_13vw\"  style=\" z-index: 10;\"><div class=\"row-bg-wrap\"> <div class=\"row-bg\" ><\/div> <\/div><div class=\"row_col_wrap_12_inner col span_12  left\">\n\t<div  class=\"vc_col-sm-12 wpb_column column_container vc_column_container col child_column centered-text no-extra-padding inherit_tablet inherit_phone\"   data-padding-pos=\"all\" data-has-bg-color=\"false\" data-bg-color=\"\" data-bg-opacity=\"1\" data-animation=\"\" data-delay=\"0\" >\n\t\t<div class=\"vc_column-inner\" >\n\t\t<div class=\"wpb_wrapper\">\n\t\t\t<div class=\"nectar-split-heading  font_size_9vw font_size_tablet_10vw font_line_height_0-95\" data-align=\"left\" data-m-align=\"inherit\" data-text-effect=\"letter-reveal-bottom\" data-animation-type=\"line-reveal-by-space\" data-animation-delay=\"150\" data-animation-offset=\"\" data-m-rm-animation=\"true\" data-stagger=\"true\" data-custom-font-size=\"true\" style=\"font-size: 9vw; line-height: 9.9vw;\"><h1 >Le meilleur.<\/h1><\/div>\n\t\t<\/div> \n\t<\/div>\n\t<\/div> \n<\/div><\/div>\n\t\t\t<\/div> \n\t\t<\/div>\n\t<\/div> \n<\/div><\/div>","protected":false},"excerpt":{"rendered":"<p>Comptes de haute qualit\u00e9 r\u00e9els.<br \/>\n\u2714 Heure de d\u00e9but : 0-1 heure (Principalement instantan\u00e9e)<br \/>\n\u2714 Meilleur service sur le march\u00e9.<br \/>\n\u2714 Paiements uniques - Pas d'abonnement<\/p>\n<p>Pour <strong>International \n\nFrench translation: International<\/strong> Story Views <strong><span style=\"color: #0000ff;\"><a style=\"color: #0000ff;\" href=\"\/fr\/product\/acheter-des-vues-story-instagram\/\">Clique ici<\/a><\/span><\/strong><\/p>\n<p>&nbsp;<\/p>","protected":false},"featured_media":806,"comment_status":"open","ping_status":"closed","template":"","meta":{"inline_featured_image":false},"product_cat":[29,44,32],"product_tag":[38,33],"class_list":{"0":"post-439","1":"product","2":"type-product","3":"status-publish","4":"has-post-thumbnail","6":"product_cat-instagram","7":"product_cat-instagram-story-views","8":"product_cat-social-store","9":"product_tag-country-related-instagram-story-views","10":"product_tag-instagram-link","12":"first","13":"instock","14":"sale","15":"sold-individually","16":"shipping-taxable","17":"purchasable","18":"product-type-variable","19":"has-default-attributes"},"yoast_head":"<!-- This site is optimized with the Yoast SEO Premium plugin v23.6 (Yoast SEO v24.1) - https:\/\/yoast.com\/wordpress\/plugins\/seo\/ -->\n<title>Buy Dutch Instagram Story Views - Increase Your Reach Today!<\/title>\n<meta name=\"description\" content=\"Buy real Dutch Instagram story views to boost your reach and engagement. Fast and reliable service. Order now for instant delivery!\" \/>\n<meta name=\"robots\" content=\"index, follow, max-snippet:-1, max-image-preview:large, max-video-preview:-1\" \/>\n<link rel=\"canonical\" href=\"https:\/\/www.nordshark.com\/fr\/product\/acheter-des-vues-story-instagram-neerlandais\/\" \/>\n<meta property=\"og:locale\" content=\"fr_FR\" \/>\n<meta property=\"og:type\" content=\"article\" \/>\n<meta property=\"og:title\" content=\"Dutch Instagram Story Views\" \/>\n<meta property=\"og:description\" content=\"Buy real Dutch Instagram story views to boost your reach and engagement. Fast and reliable service. Order now for instant delivery!\" \/>\n<meta property=\"og:url\" content=\"https:\/\/www.nordshark.com\/fr\/product\/acheter-des-vues-story-instagram-neerlandais\/\" \/>\n<meta property=\"og:site_name\" content=\"Nordshark\" \/>\n<meta property=\"article:modified_time\" content=\"2024-03-04T13:03:43+00:00\" \/>\n<meta property=\"og:image\" content=\"https:\/\/www.nordshark.com\/wp-content\/uploads\/2024\/02\/Dutch.Storyviews.jpg\" \/>\n\t<meta property=\"og:image:width\" content=\"800\" \/>\n\t<meta property=\"og:image:height\" content=\"800\" \/>\n\t<meta property=\"og:image:type\" content=\"image\/jpeg\" \/>\n<meta name=\"twitter:card\" content=\"summary_large_image\" \/>\n<meta name=\"twitter:label1\" content=\"Disponibilit\u00e9\" \/>\n\t<meta name=\"twitter:data1\" content=\"En stock\" \/>\n<script type=\"application\/ld+json\" class=\"yoast-schema-graph\">{\"@context\":\"https:\/\/schema.org\",\"@graph\":[{\"@type\":\"WebPage\",\"@id\":\"https:\/\/www.nordshark.com\/product\/buy-dutch-instagram-story-views\/\",\"url\":\"https:\/\/www.nordshark.com\/product\/buy-dutch-instagram-story-views\/\",\"name\":\"Buy Dutch Instagram Story Views - Increase Your Reach Today!\",\"isPartOf\":{\"@id\":\"https:\/\/www.nordshark.com\/#website\"},\"primaryImageOfPage\":{\"@id\":\"https:\/\/www.nordshark.com\/product\/buy-dutch-instagram-story-views\/#primaryimage\"},\"image\":{\"@id\":\"https:\/\/www.nordshark.com\/product\/buy-dutch-instagram-story-views\/#primaryimage\"},\"thumbnailUrl\":\"https:\/\/www.nordshark.com\/wp-content\/uploads\/2024\/02\/Dutch.Storyviews.jpg\",\"datePublished\":\"2024-02-18T01:06:13+00:00\",\"dateModified\":\"2024-03-04T13:03:43+00:00\",\"description\":\"Buy real Dutch Instagram story views to boost your reach and engagement. Fast and reliable service. Order now for instant delivery!\",\"breadcrumb\":{\"@id\":\"https:\/\/www.nordshark.com\/product\/buy-dutch-instagram-story-views\/#breadcrumb\"},\"inLanguage\":\"fr-FR\",\"potentialAction\":[{\"@type\":\"ReadAction\",\"target\":[\"https:\/\/www.nordshark.com\/product\/buy-dutch-instagram-story-views\/\"]}]},{\"@type\":\"ImageObject\",\"inLanguage\":\"fr-FR\",\"@id\":\"https:\/\/www.nordshark.com\/product\/buy-dutch-instagram-story-views\/#primaryimage\",\"url\":\"https:\/\/www.nordshark.com\/wp-content\/uploads\/2024\/02\/Dutch.Storyviews.jpg\",\"contentUrl\":\"https:\/\/www.nordshark.com\/wp-content\/uploads\/2024\/02\/Dutch.Storyviews.jpg\",\"width\":800,\"height\":800,\"caption\":\"Buy Dutch Instagram Story Views\"},{\"@type\":\"BreadcrumbList\",\"@id\":\"https:\/\/www.nordshark.com\/product\/buy-dutch-instagram-story-views\/#breadcrumb\",\"itemListElement\":[{\"@type\":\"ListItem\",\"position\":1,\"name\":\"Home\",\"item\":\"https:\/\/www.nordshark.com\/\"},{\"@type\":\"ListItem\",\"position\":2,\"name\":\"Shop\",\"item\":\"https:\/\/www.nordshark.com\/shop\/\"},{\"@type\":\"ListItem\",\"position\":3,\"name\":\"Dutch Instagram Story Views\"}]},{\"@type\":\"WebSite\",\"@id\":\"https:\/\/www.nordshark.com\/#website\",\"url\":\"https:\/\/www.nordshark.com\/\",\"name\":\"Nordshark\",\"description\":\"\",\"potentialAction\":[{\"@type\":\"SearchAction\",\"target\":{\"@type\":\"EntryPoint\",\"urlTemplate\":\"https:\/\/www.nordshark.com\/?s={search_term_string}\"},\"query-input\":{\"@type\":\"PropertyValueSpecification\",\"valueRequired\":true,\"valueName\":\"search_term_string\"}}],\"inLanguage\":\"fr-FR\"}]}<\/script>\n<meta property=\"og:availability\" content=\"instock\" \/>\n<meta property=\"product:availability\" content=\"instock\" \/>\n<meta property=\"product:condition\" content=\"new\" \/>\n<!-- \/ Yoast SEO Premium plugin. -->","yoast_head_json":{"title":"Buy Dutch Instagram Story Views - Increase Your Reach Today!","description":"Buy real Dutch Instagram story views to boost your reach and engagement. Fast and reliable service. Order now for instant delivery!","robots":{"index":"index","follow":"follow","max-snippet":"max-snippet:-1","max-image-preview":"max-image-preview:large","max-video-preview":"max-video-preview:-1"},"canonical":"https:\/\/www.nordshark.com\/fr\/product\/acheter-des-vues-story-instagram-neerlandais\/","og_locale":"fr_FR","og_type":"article","og_title":"Dutch Instagram Story Views","og_description":"Buy real Dutch Instagram story views to boost your reach and engagement. Fast and reliable service. Order now for instant delivery!","og_url":"https:\/\/www.nordshark.com\/fr\/product\/acheter-des-vues-story-instagram-neerlandais\/","og_site_name":"Nordshark","article_modified_time":"2024-03-04T13:03:43+00:00","og_image":[{"width":800,"height":800,"url":"https:\/\/www.nordshark.com\/wp-content\/uploads\/2024\/02\/Dutch.Storyviews.jpg","type":"image\/jpeg"}],"twitter_card":"summary_large_image","twitter_misc":{"Disponibilit\u00e9":"En stock"},"schema":{"@context":"https:\/\/schema.org","@graph":[{"@type":"WebPage","@id":"https:\/\/www.nordshark.com\/product\/buy-dutch-instagram-story-views\/","url":"https:\/\/www.nordshark.com\/product\/buy-dutch-instagram-story-views\/","name":"Buy Dutch Instagram Story Views - Increase Your Reach Today!","isPartOf":{"@id":"https:\/\/www.nordshark.com\/#website"},"primaryImageOfPage":{"@id":"https:\/\/www.nordshark.com\/product\/buy-dutch-instagram-story-views\/#primaryimage"},"image":{"@id":"https:\/\/www.nordshark.com\/product\/buy-dutch-instagram-story-views\/#primaryimage"},"thumbnailUrl":"https:\/\/www.nordshark.com\/wp-content\/uploads\/2024\/02\/Dutch.Storyviews.jpg","datePublished":"2024-02-18T01:06:13+00:00","dateModified":"2024-03-04T13:03:43+00:00","description":"Buy real Dutch Instagram story views to boost your reach and engagement. Fast and reliable service. Order now for instant delivery!","breadcrumb":{"@id":"https:\/\/www.nordshark.com\/product\/buy-dutch-instagram-story-views\/#breadcrumb"},"inLanguage":"fr-FR","potentialAction":[{"@type":"ReadAction","target":["https:\/\/www.nordshark.com\/product\/buy-dutch-instagram-story-views\/"]}]},{"@type":"ImageObject","inLanguage":"fr-FR","@id":"https:\/\/www.nordshark.com\/product\/buy-dutch-instagram-story-views\/#primaryimage","url":"https:\/\/www.nordshark.com\/wp-content\/uploads\/2024\/02\/Dutch.Storyviews.jpg","contentUrl":"https:\/\/www.nordshark.com\/wp-content\/uploads\/2024\/02\/Dutch.Storyviews.jpg","width":800,"height":800,"caption":"Buy Dutch Instagram Story Views"},{"@type":"BreadcrumbList","@id":"https:\/\/www.nordshark.com\/product\/buy-dutch-instagram-story-views\/#breadcrumb","itemListElement":[{"@type":"ListItem","position":1,"name":"Home","item":"https:\/\/www.nordshark.com\/"},{"@type":"ListItem","position":2,"name":"Shop","item":"https:\/\/www.nordshark.com\/shop\/"},{"@type":"ListItem","position":3,"name":"Dutch Instagram Story Views"}]},{"@type":"WebSite","@id":"https:\/\/www.nordshark.com\/#website","url":"https:\/\/www.nordshark.com\/","name":"Nordshark","description":"","potentialAction":[{"@type":"SearchAction","target":{"@type":"EntryPoint","urlTemplate":"https:\/\/www.nordshark.com\/?s={search_term_string}"},"query-input":{"@type":"PropertyValueSpecification","valueRequired":true,"valueName":"search_term_string"}}],"inLanguage":"fr-FR"}]},"og_availability":"instock","product_availability":"instock","product_condition":"new"},"_links":{"self":[{"href":"https:\/\/www.nordshark.com\/fr\/wp-json\/wp\/v2\/product\/439","targetHints":{"allow":["GET"]}}],"collection":[{"href":"https:\/\/www.nordshark.com\/fr\/wp-json\/wp\/v2\/product"}],"about":[{"href":"https:\/\/www.nordshark.com\/fr\/wp-json\/wp\/v2\/types\/product"}],"replies":[{"embeddable":true,"href":"https:\/\/www.nordshark.com\/fr\/wp-json\/wp\/v2\/comments?post=439"}],"wp:featuredmedia":[{"embeddable":true,"href":"https:\/\/www.nordshark.com\/fr\/wp-json\/wp\/v2\/media\/806"}],"wp:attachment":[{"href":"https:\/\/www.nordshark.com\/fr\/wp-json\/wp\/v2\/media?parent=439"}],"wp:term":[{"taxonomy":"product_cat","embeddable":true,"href":"https:\/\/www.nordshark.com\/fr\/wp-json\/wp\/v2\/product_cat?post=439"},{"taxonomy":"product_tag","embeddable":true,"href":"https:\/\/www.nordshark.com\/fr\/wp-json\/wp\/v2\/product_tag?post=439"}],"curies":[{"name":"wp","href":"https:\/\/api.w.org\/{rel}","templated":true}]}}