{"id":358,"date":"2024-02-17T22:55:02","date_gmt":"2024-02-17T21:55:02","guid":{"rendered":"https:\/\/www.nordshark.com\/?post_type=product&#038;p=358"},"modified":"2024-03-04T14:06:19","modified_gmt":"2024-03-04T13:06:19","slug":"buy-german-instagram-views","status":"publish","type":"product","link":"https:\/\/www.nordshark.com\/fr\/product\/acheter-des-vues-instagram-allemand\/","title":{"rendered":"Vues allemandes sur Instagram"},"content":{"rendered":"<div id=\"fws_69fb66c75d9da\"  data-column-margin=\"default\" data-midnight=\"dark\" data-top-percent=\"8%\"  class=\"wpb_row vc_row-fluid vc_row full-width-section  right_padding_10pct left_padding_10pct\"  style=\"padding-top: calc(100vw * 0.08); padding-bottom: 0px; \"><div class=\"row-bg-wrap\" data-bg-animation=\"none\" data-bg-animation-delay=\"\" data-bg-overlay=\"false\"><div class=\"inner-wrap row-bg-layer\" ><div class=\"row-bg viewport-desktop\"  style=\"\"><\/div><\/div><\/div><div class=\"row_col_wrap_12 col span_12 dark left\">\n\t<div  class=\"vc_col-sm-12 wpb_column column_container vc_column_container col no-extra-padding inherit_tablet inherit_phone\"  data-padding-pos=\"all\" data-has-bg-color=\"false\" data-bg-color=\"\" data-bg-opacity=\"1\" data-animation=\"\" data-delay=\"0\" >\n\t\t<div class=\"vc_column-inner\" >\n\t\t\t<div class=\"wpb_wrapper\">\n\t\t\t\t<div id=\"fws_69fb66c75db58\" data-midnight=\"\" data-column-margin=\"default\" class=\"wpb_row vc_row-fluid vc_row inner_row\"  style=\"padding-bottom: 4%; \"><div class=\"row-bg-wrap\"> <div class=\"row-bg\" ><\/div> <\/div><div class=\"row_col_wrap_12_inner col span_12  left\">\n\t<div  class=\"vc_col-sm-12 wpb_column column_container vc_column_container col child_column centered-text no-extra-padding inherit_tablet inherit_phone\"   data-padding-pos=\"all\" data-has-bg-color=\"false\" data-bg-color=\"\" data-bg-opacity=\"1\" data-animation=\"\" data-delay=\"0\" >\n\t\t<div class=\"vc_column-inner\" >\n\t\t<div class=\"wpb_wrapper\">\n\t\t\t<div class=\"nectar-highlighted-text font_size_2vw font_size_tablet_6vw font_line_height_1-0\" data-style=\"none\" data-exp=\"default\" data-using-custom-color=\"false\" data-animation-delay=\"false\" data-color=\"\" data-color-gradient=\"\" style=\"\"><h3>Questions fr\u00e9quemment pos\u00e9es<\/h3>\n<\/div>\n\t\t<\/div> \n\t<\/div>\n\t<\/div> \n<\/div><\/div>\n\t\t\t<\/div> \n\t\t<\/div>\n\t<\/div> \n<\/div><\/div>\n\t\t<div id=\"fws_69fb66c75dce7\"  data-column-margin=\"custom\" data-midnight=\"dark\" data-top-percent=\"3%\" data-bottom-percent=\"3%\"  class=\"wpb_row vc_row-fluid vc_row full-width-content vc_row-o-equal-height vc_row-flex vc_row-o-content-middle  right_padding_7vw left_padding_7vw column-margin-7vw top_padding_phone_10pct bottom_padding_phone_10pct\"  style=\"padding-top: calc(100vw * 0.03); padding-bottom: calc(100vw * 0.03); \"><div class=\"row-bg-wrap\" data-bg-animation=\"none\" data-bg-animation-delay=\"\" data-bg-overlay=\"false\"><div class=\"inner-wrap row-bg-layer\" ><div class=\"row-bg viewport-desktop using-bg-color\"  style=\"background-color: #f8f8f8; \"><\/div><\/div><\/div><div class=\"row_col_wrap_12 col span_12 dark left\">\n\t<div  class=\"vc_col-sm-6 wpb_column column_container vc_column_container col left_padding_desktop_2vw\"  data-padding-pos=\"all\" data-has-bg-color=\"false\" data-bg-color=\"\" data-bg-opacity=\"1\" data-animation=\"\" data-delay=\"0\" >\n\t\t<div class=\"vc_column-inner\" >\n\t\t\t<div class=\"wpb_wrapper\">\n\t\t\t\t<div class=\"toggles accordion\" data-br=\"\" data-starting=\"default\" data-style=\"minimal\"><div class=\"toggle accent-color\" data-inner-wrap=\"true\"><h3 class=\"toggle-title\"><a href=\"#\" role=\"button\" class=\"nectar-inherit-h4 toggle-heading\"><i role=\"presentation\" class=\"fa fa-plus-circle\"><\/i>Combien de temps faut-il pour la livraison de vues Instagram allemandes ?<\/a><\/h3><div><div class=\"inner-toggle-wrap\">\n<div class=\"wpb_text_column wpb_content_element\" >\n\t<div class=\"wpb_wrapper\">\n\t\t<p>La livraison de vues Instagram allemandes d\u00e9bute g\u00e9n\u00e9ralement dans les 0 \u00e0 10 minutes suivant le traitement de votre commande. La livraison compl\u00e8te peut prendre quelques heures \u00e0 plusieurs jours, en fonction du forfait choisi.<\/p>\n\t<\/div>\n<\/div>\n\n\n\n<\/div><\/div><\/div><div class=\"toggle accent-color\" data-inner-wrap=\"true\"><h3 class=\"toggle-title\"><a href=\"#\" role=\"button\" class=\"nectar-inherit-h4 toggle-heading\"><i role=\"presentation\" class=\"fa fa-plus-circle\"><\/i>Pourquoi devrais-tu acheter des vues Instagram allemandes ?<\/a><\/h3><div><div class=\"inner-toggle-wrap\">\n<div class=\"wpb_text_column wpb_content_element\" >\n\t<div class=\"wpb_wrapper\">\n\t\t<p>Acheter des vues Instagram allemandes peut augmenter la visibilit\u00e9 et la port\u00e9e de vos publications sur le march\u00e9 allemand. Cela peut \u00e9galement contribuer \u00e0 am\u00e9liorer l'engagement et la cr\u00e9dibilit\u00e9 de votre profil.<\/p>\n\t<\/div>\n<\/div>\n\n\n\n<\/div><\/div><\/div><div class=\"toggle accent-color\" data-inner-wrap=\"true\"><h3 class=\"toggle-title\"><a href=\"#\" role=\"button\" class=\"nectar-inherit-h4 toggle-heading\"><i role=\"presentation\" class=\"fa fa-plus-circle\"><\/i>\u00c0 quoi ressemblent les comptes qui voient mes publications ?<\/a><\/h3><div><div class=\"inner-toggle-wrap\">\n<div class=\"wpb_text_column wpb_content_element\" >\n\t<div class=\"wpb_wrapper\">\n\t\t<p>Les comptes qui consultent vos publications sont g\u00e9n\u00e9ralement des profils qui ont l'air authentiques, avec leurs propres publications et leurs propres followers. Ils sont con\u00e7us pour simuler une interaction naturelle et organique.<\/p>\n\t<\/div>\n<\/div>\n\n\n\n<\/div><\/div><\/div><\/div>\n\n\n\n\n\n\n\n\n\n\n\n\n\n\n\n\n\n\n\n\n\t\t\t<\/div> \n\t\t<\/div>\n\t<\/div> \n\n\t<div  class=\"vc_col-sm-6 vc_hidden-sm vc_hidden-xs wpb_column column_container vc_column_container col top_margin_tablet_10pct right_padding_desktop_2vw\"  data-padding-pos=\"all\" data-has-bg-color=\"false\" data-bg-color=\"\" data-bg-opacity=\"1\" data-animation=\"\" data-delay=\"0\" >\n\t\t<div class=\"vc_column-inner\" >\n\t\t\t<div class=\"wpb_wrapper\">\n\t\t\t\t<div id=\"fws_69fb66c75df79\" data-midnight=\"\" data-column-margin=\"default\" class=\"wpb_row vc_row-fluid vc_row inner_row\"  style=\"\"><div class=\"row-bg-wrap\"> <div class=\"row-bg\" ><\/div> <\/div><div class=\"row_col_wrap_12_inner col span_12  left\">\n\t<div  class=\"vc_col-sm-12 wpb_column column_container vc_column_container col child_column col-overflow-hidden mask_shape_circle-rect mask_size_contain top_padding_desktop_20pct bottom_padding_desktop_20pct\"   data-border-radius=\"15px\" data-video-bg=\"true\" data-overlay-color=\"true\" data-padding-pos=\"all\" data-has-bg-color=\"false\" data-bg-color=\"\" data-bg-opacity=\"1\" data-animation=\"\" data-delay=\"0\" >\n\t\t<div class=\"vc_column-inner\" >\n  <div class=\"nectar-video-wrap column-bg-layer column-video\">\n        <video class=\"nectar-video-bg\" width=\"1800\" height=\"700\" preload=\"auto\" loop autoplay muted playsinline><source src=\"https:\/\/www.nordshark.com\/wp-content\/uploads\/2024\/02\/faq2.mp4\"  type=\"video\/mp4\"><\/video><\/div><div class=\"column-bg-overlay-wrap column-bg-layer\" data-bg-animation=\"none\"><div class=\"column-bg-overlay\"><\/div><div class=\"column-overlay-layer\" style=\"\"><\/div><\/div>\n\t\t<div class=\"wpb_wrapper\">\n\t\t\t\n\t\t<\/div> \n\t<\/div>\n\t<\/div> \n<\/div><\/div>\n\t\t\t<\/div> \n\t\t<\/div>\n\t<\/div> \n<\/div><\/div>\n\t\t<div id=\"fws_69fb66c75e02e\"  data-column-margin=\"default\" data-midnight=\"dark\" data-top-percent=\"5%\" data-bottom-percent=\"5%\"  class=\"wpb_row vc_row-fluid vc_row  right_padding_5pct left_padding_5pct\"  style=\"padding-top: calc(100vw * 0.05); padding-bottom: calc(100vw * 0.05); \"><div class=\"row-bg-wrap\" data-bg-animation=\"none\" data-bg-animation-delay=\"\" data-bg-overlay=\"false\"><div class=\"inner-wrap row-bg-layer\" ><div class=\"row-bg viewport-desktop\"  style=\"\"><\/div><\/div><\/div><div class=\"row_col_wrap_12 col span_12 dark left\">\n\t<div  class=\"vc_col-sm-12 wpb_column column_container vc_column_container col no-extra-padding inherit_tablet inherit_phone\"  data-padding-pos=\"all\" data-has-bg-color=\"false\" data-bg-color=\"\" data-bg-opacity=\"1\" data-animation=\"\" data-delay=\"0\" >\n\t\t<div class=\"vc_column-inner\" >\n\t\t\t<div class=\"wpb_wrapper\">\n\t\t\t\t\n<div class=\"wpb_text_column wpb_content_element\" >\n\t<div class=\"wpb_wrapper\">\n\t\t<h1>Obtiens des vues Instagram allemandes de Nordshark.<\/h1>\n<p>Tu cherches \u00e0 booster ta pr\u00e9sence sur Instagram en Allemagne ? Ne cherche pas plus loin ! Nordshark propose des vues de haute qualit\u00e9 pour Instagram en allemand qui peuvent t'aider \u00e0 augmenter ton engagement et atteindre un public plus large. Avec nos services, tu peux am\u00e9liorer ton jeu sur Instagram.<\/p>\n<h2>Pourquoi acheter des vues Instagram allemandes ?<\/h2>\n<p>L'Allemagne est l'un des march\u00e9s les plus importants et influents en Europe. En ciblant les utilisateurs allemands d'Instagram, vous pouvez atteindre une audience tr\u00e8s engag\u00e9e qui peut avoir un impact significatif sur la visibilit\u00e9 et la croissance de votre marque. Voici quelques raisons pour lesquelles vous devriez envisager d'acheter des vues Instagram allemandes.<\/p>\n<ul>\n<li>Visibilit\u00e9 accrue : Lorsque tu ach\u00e8tes des vues allemandes sur Instagram, ton contenu sera expos\u00e9 \u00e0 un public allemand plus large. Cette visibilit\u00e9 accrue peut entra\u00eener plus de likes, de commentaires et de followers.<\/li>\n<li>Gagner la confiance et la cr\u00e9dibilit\u00e9 : Avoir un grand nombre de vues sur vos vid\u00e9os Instagram peut contribuer \u00e0 \u00e9tablir une relation de confiance et de cr\u00e9dibilit\u00e9 aupr\u00e8s de vos abonn\u00e9s allemands. Cela montre que votre contenu vaut la peine d'\u00eatre regard\u00e9 et peut attirer plus d'engagement organique.<\/li>\n<li>Atteindre un public cibl\u00e9 : Si votre entreprise s'adresse au march\u00e9 allemand, atteindre un public cibl\u00e9 est crucial. Acheter des vues Instagram allemandes garantit que votre contenu est vu par les bonnes personnes, augmentant ainsi les chances de conversion et de croissance commerciale.<\/li>\n<li>Restez en avance sur les concurrents : Dans un paysage concurrentiel des r\u00e9seaux sociaux, rester en avance sur vos concurrents est essentiel. Acheter des vues allemandes sur Instagram vous donne un avantage en augmentant votre visibilit\u00e9 et en surpassant vos concurrents.<\/li>\n<\/ul>\n<h2>Pourquoi choisir Nordshark ?<\/h2>\n<p>Chez Nordshark, nous sommes sp\u00e9cialis\u00e9s dans la fourniture de services Instagram de haute qualit\u00e9 adapt\u00e9s \u00e0 vos besoins sp\u00e9cifiques. Voici pourquoi notre service de vues Instagram allemand se distingue :<\/p>\n<ol>\n<li>Vues allemandes r\u00e9elles : Nous offrons de vraies vues Instagram allemandes, garantissant que votre contenu atteint de vrais utilisateurs en Allemagne. Cette authenticit\u00e9 est essentielle pour maintenir la cr\u00e9dibilit\u00e9 et l'engagement.<\/li>\n<li>Processus rapide et facile : Acheter des vues Instagram allemandes chez Nordshark est un processus facile. Il vous suffit de choisir le nombre de vues que vous souhaitez, de fournir le lien de votre vid\u00e9o Instagram et d'observer l'arriv\u00e9e des vues.<\/li>\n<li>S\u00e9curis\u00e9 et confidentiel : Votre vie priv\u00e9e est importante pour nous. Nous utilisons des passerelles de paiement s\u00e9curis\u00e9es et ne partageons jamais vos informations avec des tiers.<\/li>\n<li>Assistance client\u00e8le 24h\/24, 7j\/7 : Notre \u00e9quipe d'assistance d\u00e9di\u00e9e est disponible en tout temps pour vous aider avec toutes vos questions ou pr\u00e9occupations. Nous nous engageons \u00e0 vous offrir une exp\u00e9rience client exceptionnelle.<\/li>\n<li>Prix comp\u00e9titifs: Nous proposons des plans tarifaires comp\u00e9titifs qui r\u00e9pondent aux besoins des entreprises de toutes tailles. Nos forfaits abordables garantissent que vous obtenez la meilleure valeur pour votre investissement.<\/li>\n<\/ol>\n<h2>Comment acheter des vues Instagram allemandes chez Nordshark<\/h2>\n<p>Pr\u00eat \u00e0 augmenter votre pr\u00e9sence sur Instagram en Allemagne ? Voici comment vous pouvez acheter des vues Instagram allemandes aupr\u00e8s de Nordshark :<\/p>\n<ol>\n<li>Visite notre site web \u00e0 www.nordshark.com et rends-toi sur notre page des services.<\/li>\n<li>S\u00e9lectionne l'option \"Vues Instagram en allemand\" dans la liste des services.<\/li>\n<li>Choisis le nombre de vues que tu souhaites acheter en fonction de tes besoins.<\/li>\n<li>Donne moi le lien de ta vid\u00e9o Instagram sur laquelle tu veux avoir des vues.<\/li>\n<li>Rends-toi \u00e0 la page de paiement et effectue le paiement.<\/li>\n<li>Installe-toi et d\u00e9tends-toi pendant que ta vid\u00e9o Instagram commence \u00e0 obtenir des vues r\u00e9elles et organiques provenant d'Allemagne.<\/li>\n<\/ol>\n<p>Avec Nordshark, acheter des vues Instagram allemandes n'a jamais \u00e9t\u00e9 aussi simple. Rehaussez votre jeu Instagram et atteignez le public allemand qui compte. Ne manquez pas l'occasion de faire cro\u00eetre votre pr\u00e9sence et d'augmenter votre engagement. Commencez d\u00e8s aujourd'hui avec Nordshark !<\/p>\n\t<\/div>\n<\/div>\n\n\n\n\n\t\t\t<\/div> \n\t\t<\/div>\n\t<\/div> \n<\/div><\/div>\n\t\t<div id=\"fws_69fb66c75e14e\"  data-column-margin=\"default\" data-midnight=\"light\" data-top-percent=\"10%\" data-bottom-percent=\"10%\"  class=\"wpb_row vc_row-fluid vc_row full-width-content vc_row-o-equal-height vc_row-flex vc_row-o-content-top  zindex-set mobile-disable-bg-image-animation right_padding_8pct left_padding_8pct nectar-overflow-hidden top_padding_phone_25pct bottom_padding_phone_25pct\"  style=\"padding-top: calc(100vw * 0.10); padding-bottom: calc(100vw * 0.10);  z-index: 100;\"><div class=\"row-bg-wrap\" data-bg-animation=\"fade-in\" data-bg-animation-delay=\"\" data-bg-overlay=\"true\"><div class=\"inner-wrap row-bg-layer\" style=\"background-color: #2b323a;\" ><div class=\"row-bg viewport-desktop using-bg-color\"  style=\"background-color: #2b323a; \"><\/div><\/div><div class=\"row-bg-overlay row-bg-layer\" style=\"background-color:rgba(0,0,0,0.78);  opacity: 0.8; \"><\/div><\/div>\n\t\t\t<div class=\"video-color-overlay row-bg-layer\" data-color=\"\"><\/div>\n\t\t\t\n\t\t\t<div class=\"nectar-video-wrap row-bg-layer\" data-bg-alignment=\"\">\n\t\t\t\t<div class=\"nectar-video-inner\">\n\t\t\t\t<video class=\"nectar-video-bg\" width=\"1800\" height=\"700\" preload=\"auto\" loop autoplay muted playsinline><source src=\"https:\/\/www.nordshark.com\/wp-content\/uploads\/2024\/02\/AdobeStock_454354002.mp4\"  type=\"video\/mp4\"><\/video>    \t\t<\/div>\n\t\t\t <\/div>\n\n\t\t\t<div class=\"row_col_wrap_12 col span_12 light left\">\n\t<div  class=\"vc_col-sm-12 wpb_column column_container vc_column_container col no-extra-padding column_position_static el_spacing_0px inherit_tablet inherit_phone\"  data-padding-pos=\"top-bottom\" data-has-bg-color=\"false\" data-bg-color=\"\" data-bg-opacity=\"1\" data-animation=\"\" data-delay=\"0\" >\n\t\t<div class=\"vc_column-inner\" >\n\t\t\t<div class=\"wpb_wrapper\">\n\t\t\t\t<div id=\"fws_69fb66c75e1fc\" data-midnight=\"\" data-column-margin=\"none\" class=\"wpb_row vc_row-fluid vc_row inner_row  right_padding_13vw left_padding_13vw\"  style=\" z-index: 10;\"><div class=\"row-bg-wrap\"> <div class=\"row-bg\" ><\/div> <\/div><div class=\"row_col_wrap_12_inner col span_12  left\">\n\t<div  class=\"vc_col-sm-12 wpb_column column_container vc_column_container col child_column centered-text no-extra-padding inherit_tablet inherit_phone\"   data-padding-pos=\"all\" data-has-bg-color=\"false\" data-bg-color=\"\" data-bg-opacity=\"1\" data-animation=\"\" data-delay=\"0\" >\n\t\t<div class=\"vc_column-inner\" >\n\t\t<div class=\"wpb_wrapper\">\n\t\t\t<div class=\"nectar-split-heading  font_size_9vw font_size_tablet_10vw font_line_height_0-95\" data-align=\"left\" data-m-align=\"inherit\" data-text-effect=\"letter-reveal-bottom\" data-animation-type=\"line-reveal-by-space\" data-animation-delay=\"150\" data-animation-offset=\"\" data-m-rm-animation=\"true\" data-stagger=\"true\" data-custom-font-size=\"true\" style=\"font-size: 9vw; line-height: 9.9vw;\"><h1 >Le meilleur.<\/h1><\/div>\n\t\t<\/div> \n\t<\/div>\n\t<\/div> \n<\/div><\/div>\n\t\t\t<\/div> \n\t\t<\/div>\n\t<\/div> \n<\/div><\/div>","protected":false},"excerpt":{"rendered":"<p>\u2714 Vues Allemandes de haute qualit\u00e9 r\u00e9elles<br \/>\n\u2714 Heure de d\u00e9but : 0-1 heure (Principalement instantan\u00e9e)<br \/>\n\u2714 Meilleur service sur le march\u00e9.<br \/>\n\u2714 Paiements uniques - Pas d'abonnement<\/p>\n<p>Pour <strong>International \n\nFrench translation: International<\/strong> Vues <strong><span style=\"color: #0000ff;\"><a style=\"color: #0000ff;\" href=\"\/fr\/product\/acheter-des-vues-instagram\/\">Clique ici<\/a><\/span><\/strong><\/p>\n<p>&nbsp;<\/p>","protected":false},"featured_media":799,"comment_status":"open","ping_status":"closed","template":"","meta":{"inline_featured_image":false},"product_cat":[29,43,32],"product_tag":[37,33],"class_list":{"0":"post-358","1":"product","2":"type-product","3":"status-publish","4":"has-post-thumbnail","6":"product_cat-instagram","7":"product_cat-instagram-views","8":"product_cat-social-store","9":"product_tag-country-related-instagram-views","10":"product_tag-instagram-link","12":"first","13":"instock","14":"sale","15":"sold-individually","16":"shipping-taxable","17":"purchasable","18":"product-type-variable","19":"has-default-attributes"},"yoast_head":"<!-- This site is optimized with the Yoast SEO Premium plugin v23.6 (Yoast SEO v24.1) - https:\/\/yoast.com\/wordpress\/plugins\/seo\/ -->\n<title>Buy German Instagram Views | Boost Your Profile Now<\/title>\n<meta name=\"description\" content=\"Get authentic German Instagram views to enhance your social presence. Fast delivery, high quality, and secure service. Boost your profile today!\" \/>\n<meta name=\"robots\" content=\"index, follow, max-snippet:-1, max-image-preview:large, max-video-preview:-1\" \/>\n<link rel=\"canonical\" href=\"https:\/\/www.nordshark.com\/fr\/product\/acheter-des-vues-instagram-allemand\/\" \/>\n<meta property=\"og:locale\" content=\"fr_FR\" \/>\n<meta property=\"og:type\" content=\"article\" \/>\n<meta property=\"og:title\" content=\"German Instagram Views\" \/>\n<meta property=\"og:description\" content=\"Get authentic German Instagram views to enhance your social presence. Fast delivery, high quality, and secure service. Boost your profile today!\" \/>\n<meta property=\"og:url\" content=\"https:\/\/www.nordshark.com\/fr\/product\/acheter-des-vues-instagram-allemand\/\" \/>\n<meta property=\"og:site_name\" content=\"Nordshark\" \/>\n<meta property=\"article:modified_time\" content=\"2024-03-04T13:06:19+00:00\" \/>\n<meta property=\"og:image\" content=\"https:\/\/www.nordshark.com\/wp-content\/uploads\/2024\/02\/German.Views_.jpg\" \/>\n\t<meta property=\"og:image:width\" content=\"800\" \/>\n\t<meta property=\"og:image:height\" content=\"800\" \/>\n\t<meta property=\"og:image:type\" content=\"image\/jpeg\" \/>\n<meta name=\"twitter:card\" content=\"summary_large_image\" \/>\n<meta name=\"twitter:label1\" content=\"Disponibilit\u00e9\" \/>\n\t<meta name=\"twitter:data1\" content=\"En stock\" \/>\n<script type=\"application\/ld+json\" class=\"yoast-schema-graph\">{\"@context\":\"https:\/\/schema.org\",\"@graph\":[{\"@type\":\"WebPage\",\"@id\":\"https:\/\/www.nordshark.com\/product\/buy-german-instagram-views\/\",\"url\":\"https:\/\/www.nordshark.com\/product\/buy-german-instagram-views\/\",\"name\":\"Buy German Instagram Views | Boost Your Profile Now\",\"isPartOf\":{\"@id\":\"https:\/\/www.nordshark.com\/#website\"},\"primaryImageOfPage\":{\"@id\":\"https:\/\/www.nordshark.com\/product\/buy-german-instagram-views\/#primaryimage\"},\"image\":{\"@id\":\"https:\/\/www.nordshark.com\/product\/buy-german-instagram-views\/#primaryimage\"},\"thumbnailUrl\":\"https:\/\/www.nordshark.com\/wp-content\/uploads\/2024\/02\/German.Views_.jpg\",\"datePublished\":\"2024-02-17T21:55:02+00:00\",\"dateModified\":\"2024-03-04T13:06:19+00:00\",\"description\":\"Get authentic German Instagram views to enhance your social presence. Fast delivery, high quality, and secure service. Boost your profile today!\",\"breadcrumb\":{\"@id\":\"https:\/\/www.nordshark.com\/product\/buy-german-instagram-views\/#breadcrumb\"},\"inLanguage\":\"fr-FR\",\"potentialAction\":[{\"@type\":\"ReadAction\",\"target\":[\"https:\/\/www.nordshark.com\/product\/buy-german-instagram-views\/\"]}]},{\"@type\":\"ImageObject\",\"inLanguage\":\"fr-FR\",\"@id\":\"https:\/\/www.nordshark.com\/product\/buy-german-instagram-views\/#primaryimage\",\"url\":\"https:\/\/www.nordshark.com\/wp-content\/uploads\/2024\/02\/German.Views_.jpg\",\"contentUrl\":\"https:\/\/www.nordshark.com\/wp-content\/uploads\/2024\/02\/German.Views_.jpg\",\"width\":800,\"height\":800,\"caption\":\"Buy German Instagram Views\"},{\"@type\":\"BreadcrumbList\",\"@id\":\"https:\/\/www.nordshark.com\/product\/buy-german-instagram-views\/#breadcrumb\",\"itemListElement\":[{\"@type\":\"ListItem\",\"position\":1,\"name\":\"Home\",\"item\":\"https:\/\/www.nordshark.com\/\"},{\"@type\":\"ListItem\",\"position\":2,\"name\":\"Shop\",\"item\":\"https:\/\/www.nordshark.com\/shop\/\"},{\"@type\":\"ListItem\",\"position\":3,\"name\":\"German Instagram Views\"}]},{\"@type\":\"WebSite\",\"@id\":\"https:\/\/www.nordshark.com\/#website\",\"url\":\"https:\/\/www.nordshark.com\/\",\"name\":\"Nordshark\",\"description\":\"\",\"potentialAction\":[{\"@type\":\"SearchAction\",\"target\":{\"@type\":\"EntryPoint\",\"urlTemplate\":\"https:\/\/www.nordshark.com\/?s={search_term_string}\"},\"query-input\":{\"@type\":\"PropertyValueSpecification\",\"valueRequired\":true,\"valueName\":\"search_term_string\"}}],\"inLanguage\":\"fr-FR\"}]}<\/script>\n<meta property=\"og:availability\" content=\"instock\" \/>\n<meta property=\"product:availability\" content=\"instock\" \/>\n<meta property=\"product:condition\" content=\"new\" \/>\n<!-- \/ Yoast SEO Premium plugin. -->","yoast_head_json":{"title":"Buy German Instagram Views | Boost Your Profile Now","description":"Get authentic German Instagram views to enhance your social presence. Fast delivery, high quality, and secure service. Boost your profile today!","robots":{"index":"index","follow":"follow","max-snippet":"max-snippet:-1","max-image-preview":"max-image-preview:large","max-video-preview":"max-video-preview:-1"},"canonical":"https:\/\/www.nordshark.com\/fr\/product\/acheter-des-vues-instagram-allemand\/","og_locale":"fr_FR","og_type":"article","og_title":"German Instagram Views","og_description":"Get authentic German Instagram views to enhance your social presence. Fast delivery, high quality, and secure service. Boost your profile today!","og_url":"https:\/\/www.nordshark.com\/fr\/product\/acheter-des-vues-instagram-allemand\/","og_site_name":"Nordshark","article_modified_time":"2024-03-04T13:06:19+00:00","og_image":[{"width":800,"height":800,"url":"https:\/\/www.nordshark.com\/wp-content\/uploads\/2024\/02\/German.Views_.jpg","type":"image\/jpeg"}],"twitter_card":"summary_large_image","twitter_misc":{"Disponibilit\u00e9":"En stock"},"schema":{"@context":"https:\/\/schema.org","@graph":[{"@type":"WebPage","@id":"https:\/\/www.nordshark.com\/product\/buy-german-instagram-views\/","url":"https:\/\/www.nordshark.com\/product\/buy-german-instagram-views\/","name":"Buy German Instagram Views | Boost Your Profile Now","isPartOf":{"@id":"https:\/\/www.nordshark.com\/#website"},"primaryImageOfPage":{"@id":"https:\/\/www.nordshark.com\/product\/buy-german-instagram-views\/#primaryimage"},"image":{"@id":"https:\/\/www.nordshark.com\/product\/buy-german-instagram-views\/#primaryimage"},"thumbnailUrl":"https:\/\/www.nordshark.com\/wp-content\/uploads\/2024\/02\/German.Views_.jpg","datePublished":"2024-02-17T21:55:02+00:00","dateModified":"2024-03-04T13:06:19+00:00","description":"Get authentic German Instagram views to enhance your social presence. Fast delivery, high quality, and secure service. Boost your profile today!","breadcrumb":{"@id":"https:\/\/www.nordshark.com\/product\/buy-german-instagram-views\/#breadcrumb"},"inLanguage":"fr-FR","potentialAction":[{"@type":"ReadAction","target":["https:\/\/www.nordshark.com\/product\/buy-german-instagram-views\/"]}]},{"@type":"ImageObject","inLanguage":"fr-FR","@id":"https:\/\/www.nordshark.com\/product\/buy-german-instagram-views\/#primaryimage","url":"https:\/\/www.nordshark.com\/wp-content\/uploads\/2024\/02\/German.Views_.jpg","contentUrl":"https:\/\/www.nordshark.com\/wp-content\/uploads\/2024\/02\/German.Views_.jpg","width":800,"height":800,"caption":"Buy German Instagram Views"},{"@type":"BreadcrumbList","@id":"https:\/\/www.nordshark.com\/product\/buy-german-instagram-views\/#breadcrumb","itemListElement":[{"@type":"ListItem","position":1,"name":"Home","item":"https:\/\/www.nordshark.com\/"},{"@type":"ListItem","position":2,"name":"Shop","item":"https:\/\/www.nordshark.com\/shop\/"},{"@type":"ListItem","position":3,"name":"German Instagram Views"}]},{"@type":"WebSite","@id":"https:\/\/www.nordshark.com\/#website","url":"https:\/\/www.nordshark.com\/","name":"Nordshark","description":"","potentialAction":[{"@type":"SearchAction","target":{"@type":"EntryPoint","urlTemplate":"https:\/\/www.nordshark.com\/?s={search_term_string}"},"query-input":{"@type":"PropertyValueSpecification","valueRequired":true,"valueName":"search_term_string"}}],"inLanguage":"fr-FR"}]},"og_availability":"instock","product_availability":"instock","product_condition":"new"},"_links":{"self":[{"href":"https:\/\/www.nordshark.com\/fr\/wp-json\/wp\/v2\/product\/358","targetHints":{"allow":["GET"]}}],"collection":[{"href":"https:\/\/www.nordshark.com\/fr\/wp-json\/wp\/v2\/product"}],"about":[{"href":"https:\/\/www.nordshark.com\/fr\/wp-json\/wp\/v2\/types\/product"}],"replies":[{"embeddable":true,"href":"https:\/\/www.nordshark.com\/fr\/wp-json\/wp\/v2\/comments?post=358"}],"wp:featuredmedia":[{"embeddable":true,"href":"https:\/\/www.nordshark.com\/fr\/wp-json\/wp\/v2\/media\/799"}],"wp:attachment":[{"href":"https:\/\/www.nordshark.com\/fr\/wp-json\/wp\/v2\/media?parent=358"}],"wp:term":[{"taxonomy":"product_cat","embeddable":true,"href":"https:\/\/www.nordshark.com\/fr\/wp-json\/wp\/v2\/product_cat?post=358"},{"taxonomy":"product_tag","embeddable":true,"href":"https:\/\/www.nordshark.com\/fr\/wp-json\/wp\/v2\/product_tag?post=358"}],"curies":[{"name":"wp","href":"https:\/\/api.w.org\/{rel}","templated":true}]}}