{"id":345,"date":"2024-02-17T21:02:56","date_gmt":"2024-02-17T20:02:56","guid":{"rendered":"https:\/\/www.nordshark.com\/?post_type=product&#038;p=345"},"modified":"2024-03-04T14:05:35","modified_gmt":"2024-03-04T13:05:35","slug":"buy-instagram-views","status":"publish","type":"product","link":"https:\/\/www.nordshark.com\/fr\/product\/acheter-des-vues-instagram\/","title":{"rendered":"Vues Instagram"},"content":{"rendered":"<div id=\"fws_69fb60b12619e\"  data-column-margin=\"default\" data-midnight=\"dark\" data-top-percent=\"8%\"  class=\"wpb_row vc_row-fluid vc_row full-width-section  right_padding_10pct left_padding_10pct\"  style=\"padding-top: calc(100vw * 0.08); padding-bottom: 0px; \"><div class=\"row-bg-wrap\" data-bg-animation=\"none\" data-bg-animation-delay=\"\" data-bg-overlay=\"false\"><div class=\"inner-wrap row-bg-layer\" ><div class=\"row-bg viewport-desktop\"  style=\"\"><\/div><\/div><\/div><div class=\"row_col_wrap_12 col span_12 dark left\">\n\t<div  class=\"vc_col-sm-12 wpb_column column_container vc_column_container col no-extra-padding inherit_tablet inherit_phone\"  data-padding-pos=\"all\" data-has-bg-color=\"false\" data-bg-color=\"\" data-bg-opacity=\"1\" data-animation=\"\" data-delay=\"0\" >\n\t\t<div class=\"vc_column-inner\" >\n\t\t\t<div class=\"wpb_wrapper\">\n\t\t\t\t<div id=\"fws_69fb60b12628d\" data-midnight=\"\" data-column-margin=\"default\" class=\"wpb_row vc_row-fluid vc_row inner_row\"  style=\"padding-bottom: 4%; \"><div class=\"row-bg-wrap\"> <div class=\"row-bg\" ><\/div> <\/div><div class=\"row_col_wrap_12_inner col span_12  left\">\n\t<div  class=\"vc_col-sm-12 wpb_column column_container vc_column_container col child_column centered-text no-extra-padding inherit_tablet inherit_phone\"   data-padding-pos=\"all\" data-has-bg-color=\"false\" data-bg-color=\"\" data-bg-opacity=\"1\" data-animation=\"\" data-delay=\"0\" >\n\t\t<div class=\"vc_column-inner\" >\n\t\t<div class=\"wpb_wrapper\">\n\t\t\t<div class=\"nectar-highlighted-text font_size_2vw font_size_tablet_6vw font_line_height_1-0\" data-style=\"none\" data-exp=\"default\" data-using-custom-color=\"false\" data-animation-delay=\"false\" data-color=\"\" data-color-gradient=\"\" style=\"\"><h3>Questions fr\u00e9quemment pos\u00e9es<\/h3>\n<\/div>\n\t\t<\/div> \n\t<\/div>\n\t<\/div> \n<\/div><\/div>\n\t\t\t<\/div> \n\t\t<\/div>\n\t<\/div> \n<\/div><\/div>\n\t\t<div id=\"fws_69fb60b1263b8\"  data-column-margin=\"custom\" data-midnight=\"dark\" data-top-percent=\"3%\" data-bottom-percent=\"3%\"  class=\"wpb_row vc_row-fluid vc_row full-width-content vc_row-o-equal-height vc_row-flex vc_row-o-content-middle  right_padding_7vw left_padding_7vw column-margin-7vw top_padding_phone_10pct bottom_padding_phone_10pct\"  style=\"padding-top: calc(100vw * 0.03); padding-bottom: calc(100vw * 0.03); \"><div class=\"row-bg-wrap\" data-bg-animation=\"none\" data-bg-animation-delay=\"\" data-bg-overlay=\"false\"><div class=\"inner-wrap row-bg-layer\" ><div class=\"row-bg viewport-desktop using-bg-color\"  style=\"background-color: #f8f8f8; \"><\/div><\/div><\/div><div class=\"row_col_wrap_12 col span_12 dark left\">\n\t<div  class=\"vc_col-sm-6 wpb_column column_container vc_column_container col left_padding_desktop_2vw\"  data-padding-pos=\"all\" data-has-bg-color=\"false\" data-bg-color=\"\" data-bg-opacity=\"1\" data-animation=\"\" data-delay=\"0\" >\n\t\t<div class=\"vc_column-inner\" >\n\t\t\t<div class=\"wpb_wrapper\">\n\t\t\t\t<div class=\"toggles accordion\" data-br=\"\" data-starting=\"default\" data-style=\"minimal\"><div class=\"toggle accent-color\" data-inner-wrap=\"true\"><h3 class=\"toggle-title\"><a href=\"#\" role=\"button\" class=\"nectar-inherit-h4 toggle-heading\"><i role=\"presentation\" class=\"fa fa-plus-circle\"><\/i>Combien de temps faut-il pour recevoir les vues achet\u00e9es?<\/a><\/h3><div><div class=\"inner-toggle-wrap\">\n<div class=\"wpb_text_column wpb_content_element\" >\n\t<div class=\"wpb_wrapper\">\n\t\t<p>La livraison des vues achet\u00e9es commence g\u00e9n\u00e9ralement dans les 0 \u00e0 10 minutes apr\u00e8s que votre commande a \u00e9t\u00e9 trait\u00e9e. On met l'accent sur l'authenticit\u00e9 et la qualit\u00e9 pour s'assurer que votre pr\u00e9sence sur les r\u00e9seaux sociaux est renforc\u00e9e avec un engagement r\u00e9el.<\/p>\n\t<\/div>\n<\/div>\n\n\n\n<\/div><\/div><\/div><div class=\"toggle accent-color\" data-inner-wrap=\"true\"><h3 class=\"toggle-title\"><a href=\"#\" role=\"button\" class=\"nectar-inherit-h4 toggle-heading\"><i role=\"presentation\" class=\"fa fa-plus-circle\"><\/i>Pourquoi est-ce avantageux d'acheter des vues sur Instagram ?<\/a><\/h3><div><div class=\"inner-toggle-wrap\">\n<div class=\"wpb_text_column wpb_content_element\" >\n\t<div class=\"wpb_wrapper\">\n\t\t<p>Acheter des vues sur Instagram peut aider \u00e0 d\u00e9velopper ta pr\u00e9sence sur la plateforme. Pour les influenceurs en devenir, avoir plus de vues peut am\u00e9liorer la visibilit\u00e9 de ton compte. Pour les entreprises ou les profils professionnels, cela facilite la promotion de tes produits ou services.<\/p>\n\t<\/div>\n<\/div>\n\n\n\n<\/div><\/div><\/div><div class=\"toggle accent-color\" data-inner-wrap=\"true\"><h3 class=\"toggle-title\"><a href=\"#\" role=\"button\" class=\"nectar-inherit-h4 toggle-heading\"><i role=\"presentation\" class=\"fa fa-plus-circle\"><\/i>Est-ce que les vues de NordShark proviennent de comptes r\u00e9els et authentiques ?<\/a><\/h3><div><div class=\"inner-toggle-wrap\">\n<div class=\"wpb_text_column wpb_content_element\" >\n\t<div class=\"wpb_wrapper\">\n\t\t<p>Oui, NordShark offre des vues de haute qualit\u00e9 provenant de comptes Instagram r\u00e9els et actifs. Leurs services ont fait leurs preuves et sont fiables, garantissant que vos vues proviennent de sources l\u00e9gitimes.<\/p>\n\t<\/div>\n<\/div>\n\n\n\n<\/div><\/div><\/div><\/div>\n\n\n\n\n\n\n\n\n\n\n\n\n\n\n\n\n\n\n\n\n\t\t\t<\/div> \n\t\t<\/div>\n\t<\/div> \n\n\t<div  class=\"vc_col-sm-6 vc_hidden-sm vc_hidden-xs wpb_column column_container vc_column_container col top_margin_tablet_10pct right_padding_desktop_2vw\"  data-padding-pos=\"all\" data-has-bg-color=\"false\" data-bg-color=\"\" data-bg-opacity=\"1\" data-animation=\"\" data-delay=\"0\" >\n\t\t<div class=\"vc_column-inner\" >\n\t\t\t<div class=\"wpb_wrapper\">\n\t\t\t\t<div id=\"fws_69fb60b1265aa\" data-midnight=\"\" data-column-margin=\"default\" class=\"wpb_row vc_row-fluid vc_row inner_row\"  style=\"\"><div class=\"row-bg-wrap\"> <div class=\"row-bg\" ><\/div> <\/div><div class=\"row_col_wrap_12_inner col span_12  left\">\n\t<div  class=\"vc_col-sm-12 wpb_column column_container vc_column_container col child_column col-overflow-hidden mask_shape_circle-rect mask_size_contain top_padding_desktop_20pct bottom_padding_desktop_20pct\"   data-border-radius=\"15px\" data-video-bg=\"true\" data-overlay-color=\"true\" data-padding-pos=\"all\" data-has-bg-color=\"false\" data-bg-color=\"\" data-bg-opacity=\"1\" data-animation=\"\" data-delay=\"0\" >\n\t\t<div class=\"vc_column-inner\" >\n  <div class=\"nectar-video-wrap column-bg-layer column-video\">\n        <video class=\"nectar-video-bg\" width=\"1800\" height=\"700\" preload=\"auto\" loop autoplay muted playsinline><source src=\"https:\/\/www.nordshark.com\/wp-content\/uploads\/2024\/02\/faq2.mp4\"  type=\"video\/mp4\"><\/video><\/div><div class=\"column-bg-overlay-wrap column-bg-layer\" data-bg-animation=\"none\"><div class=\"column-bg-overlay\"><\/div><div class=\"column-overlay-layer\" style=\"\"><\/div><\/div>\n\t\t<div class=\"wpb_wrapper\">\n\t\t\t\n\t\t<\/div> \n\t<\/div>\n\t<\/div> \n<\/div><\/div>\n\t\t\t<\/div> \n\t\t<\/div>\n\t<\/div> \n<\/div><\/div>\n\t\t<div id=\"fws_69fb60b12663c\"  data-column-margin=\"default\" data-midnight=\"dark\" data-top-percent=\"5%\" data-bottom-percent=\"5%\"  class=\"wpb_row vc_row-fluid vc_row  right_padding_5pct left_padding_5pct\"  style=\"padding-top: calc(100vw * 0.05); padding-bottom: calc(100vw * 0.05); \"><div class=\"row-bg-wrap\" data-bg-animation=\"none\" data-bg-animation-delay=\"\" data-bg-overlay=\"false\"><div class=\"inner-wrap row-bg-layer\" ><div class=\"row-bg viewport-desktop\"  style=\"\"><\/div><\/div><\/div><div class=\"row_col_wrap_12 col span_12 dark left\">\n\t<div  class=\"vc_col-sm-12 wpb_column column_container vc_column_container col no-extra-padding inherit_tablet inherit_phone\"  data-padding-pos=\"all\" data-has-bg-color=\"false\" data-bg-color=\"\" data-bg-opacity=\"1\" data-animation=\"\" data-delay=\"0\" >\n\t\t<div class=\"vc_column-inner\" >\n\t\t\t<div class=\"wpb_wrapper\">\n\t\t\t\t\n<div class=\"wpb_text_column wpb_content_element\" >\n\t<div class=\"wpb_wrapper\">\n\t\t<h1>Obtiens plus de visibilit\u00e9 sur Instagram : Ach\u00e8te des vues Instagram avec Nordshark<\/h1>\n<p>Bienvenue chez Nordshark, ta destination ultime pour booster ta pr\u00e9sence sur Instagram. Si tu veux augmenter ta visibilit\u00e9 et d\u00e9velopper ton nombre d'abonn\u00e9s sur Instagram, tu es au bon endroit. Avec nos services de qualit\u00e9 sup\u00e9rieure, tu peux acheter des vues Instagram et hisser ton profil vers de nouveaux sommets.<\/p>\n<h2>Pourquoi acheter des vues sur Instagram ?<\/h2>\n<p>Instagram est une plateforme de m\u00e9dias sociaux incroyablement populaire avec des millions d'utilisateurs \u00e0 travers le monde. Avec une concurrence aussi f\u00e9roce, il peut \u00eatre difficile de se d\u00e9marquer de la foule. C'est l\u00e0 qu'acheter des vues Instagram peut faire une diff\u00e9rence significative. Voici pourquoi :<\/p>\n<ul>\n<li><strong>Credibilit\u00e9 renforc\u00e9e:<\/strong>\u00a0Quand tes vid\u00e9os Instagram ont beaucoup de vues, \u00e7a donne l'impression que ton contenu est populaire et captivant. Les gens ont plus de chances de faire confiance et de suivre les comptes qui ont d\u00e9j\u00e0 un grand nombre de vues.<\/li>\n<li><strong>Augmentation de la port\u00e9e :<\/strong>\u00a0Le nombre de vues \u00e9lev\u00e9 peut aider \u00e0 booster la visibilit\u00e9 de votre publication sur l'algorithme Instagram, ce qui la rend plus susceptible d'appara\u00eetre sur la page Explorer ou dans les flux des utilisateurs. Cela peut entra\u00eener une croissance organique et attirer plus de followers.<\/li>\n<li><strong>Engagement Am\u00e9lior\u00e9:<\/strong>\u00a0Quand les utilisateurs voient de nombreux vues, ils sont plus susceptibles de regarder vos vid\u00e9os et de s'engager avec votre contenu. Cela peut se traduire par plus de mentions J'aime, de commentaires et de partages, ce qui augmente encore votre visibilit\u00e9 sur la plateforme.<\/li>\n<\/ul>\n<h2>Pourquoi choisir Nordshark ?<\/h2>\n<p>Chez Nordshark, nous mettons l'accent sur la qualit\u00e9 et la satisfaction des clients. Voici pourquoi vous devriez choisir nos services :<\/p>\n<ol>\n<li><strong>Vues r\u00e9elles:<\/strong>\u00a0Nous fournissons des vues authentiques et de haute qualit\u00e9 provenant de vrais utilisateurs d'Instagram. Tu peux \u00eatre s\u00fbr que tes vues proviennent de comptes r\u00e9els, ce qui ajoute de la cr\u00e9dibilit\u00e9 \u00e0 ton profil.<\/li>\n<li><strong>Livraison rapide :<\/strong>\u00a0Nous comprenons l'importance d'obtenir des r\u00e9sultats rapides. Notre d\u00e9lai de livraison est rapide, ce qui garantit que vous recevez vos vues Instagram en temps voulu.<\/li>\n<li><strong>Tarifs abordables:<\/strong>\u00a0Nos services sont propos\u00e9s \u00e0 des prix comp\u00e9titifs adapt\u00e9s \u00e0 diff\u00e9rents budgets. Nous proposons diff\u00e9rentes offres adapt\u00e9es \u00e0 vos besoins sp\u00e9cifiques, en veillant \u00e0 ce que vous obteniez le meilleur rapport qualit\u00e9-prix.<\/li>\n<li><strong>S\u00e9curis\u00e9 et confidentiel :<\/strong>\u00a0Nous accordons de l'importance \u00e0 votre vie priv\u00e9e. Vos informations et les d\u00e9tails de votre compte sont en s\u00e9curit\u00e9 avec nous. Nous ne demandons pas de donn\u00e9es de connexion, ce qui rend le processus sans tracas.<\/li>\n<li><strong>Assistance client disponible 24h\/24 et 7j\/7 :<\/strong>\u00a0Notre \u00e9quipe de support d\u00e9vou\u00e9e est disponible 24\/7 pour t'aider avec toutes tes questions ou pr\u00e9occupations. On s'efforce de t'offrir un service client excellent \u00e0 chaque \u00e9tape.<\/li>\n<\/ol>\n<h2>Comment acheter des vues Instagram avec Nordshark<\/h2>\n<p>Acheter des vues Instagram avec Nordshark est simple et sans tracas. Suivez ces \u00e9tapes pour am\u00e9liorer votre visibilit\u00e9 sur Instagram:<\/p>\n<ol>\n<li>Visitez notre site web sur\u00a0<a href=\"https:\/\/www.nordshark.com\/fr\/\">https:\/\/nordshark.com<\/a>\u00a0et acc\u00e9dez \u00e0 notre section Vues Instagram<\/li>\n<li>Choisissez le package qui correspond le mieux \u00e0 vos besoins. Nous proposons une gamme d'options qui vous permettent de choisir le nombre de vues dont vous avez besoin.<\/li>\n<li>Donne le lien de ta vid\u00e9o Instagram ou entre ton nom d'utilisateur de profil.<\/li>\n<li>Rends-toi \u00e0 la page de paiement et effectue le paiement.<\/li>\n<li>Asseyez-vous et regardez vos vues Instagram augmenter naturellement pendant que notre \u00e9quipe livre votre commande.<\/li>\n<\/ol>\n<p>Avec Nordshark, tu peux acheter des vues Instagram et amener ton profil Instagram \u00e0 de nouveaux sommets. Booste ta visibilit\u00e9, am\u00e9liore ta cr\u00e9dibilit\u00e9 et attire plus de followers avec nos services de haute qualit\u00e9. Ne rate pas cette opportunit\u00e9 de faire une impression durable sur la plus grande plateforme visuelle au monde. Lance-toi d\u00e8s aujourd'hui avec Nordshark !<\/p>\n\t<\/div>\n<\/div>\n\n\n\n\n\t\t\t<\/div> \n\t\t<\/div>\n\t<\/div> \n<\/div><\/div>\n\t\t<div id=\"fws_69fb60b126750\"  data-column-margin=\"default\" data-midnight=\"light\" data-top-percent=\"10%\" data-bottom-percent=\"10%\"  class=\"wpb_row vc_row-fluid vc_row full-width-content vc_row-o-equal-height vc_row-flex vc_row-o-content-top  zindex-set mobile-disable-bg-image-animation right_padding_8pct left_padding_8pct nectar-overflow-hidden top_padding_phone_25pct bottom_padding_phone_25pct\"  style=\"padding-top: calc(100vw * 0.10); padding-bottom: calc(100vw * 0.10);  z-index: 100;\"><div class=\"row-bg-wrap\" data-bg-animation=\"fade-in\" data-bg-animation-delay=\"\" data-bg-overlay=\"true\"><div class=\"inner-wrap row-bg-layer\" style=\"background-color: #2b323a;\" ><div class=\"row-bg viewport-desktop using-bg-color\"  style=\"background-color: #2b323a; \"><\/div><\/div><div class=\"row-bg-overlay row-bg-layer\" style=\"background-color:rgba(0,0,0,0.78);  opacity: 0.8; \"><\/div><\/div>\n\t\t\t<div class=\"video-color-overlay row-bg-layer\" data-color=\"\"><\/div>\n\t\t\t\n\t\t\t<div class=\"nectar-video-wrap row-bg-layer\" data-bg-alignment=\"\">\n\t\t\t\t<div class=\"nectar-video-inner\">\n\t\t\t\t<video class=\"nectar-video-bg\" width=\"1800\" height=\"700\" preload=\"auto\" loop autoplay muted playsinline><source src=\"https:\/\/www.nordshark.com\/wp-content\/uploads\/2024\/02\/AdobeStock_454354002.mp4\"  type=\"video\/mp4\"><\/video>    \t\t<\/div>\n\t\t\t <\/div>\n\n\t\t\t<div class=\"row_col_wrap_12 col span_12 light left\">\n\t<div  class=\"vc_col-sm-12 wpb_column column_container vc_column_container col no-extra-padding column_position_static el_spacing_0px inherit_tablet inherit_phone\"  data-padding-pos=\"top-bottom\" data-has-bg-color=\"false\" data-bg-color=\"\" data-bg-opacity=\"1\" data-animation=\"\" data-delay=\"0\" >\n\t\t<div class=\"vc_column-inner\" >\n\t\t\t<div class=\"wpb_wrapper\">\n\t\t\t\t<div id=\"fws_69fb60b1267bd\" data-midnight=\"\" data-column-margin=\"none\" class=\"wpb_row vc_row-fluid vc_row inner_row  right_padding_13vw left_padding_13vw\"  style=\" z-index: 10;\"><div class=\"row-bg-wrap\"> <div class=\"row-bg\" ><\/div> <\/div><div class=\"row_col_wrap_12_inner col span_12  left\">\n\t<div  class=\"vc_col-sm-12 wpb_column column_container vc_column_container col child_column centered-text no-extra-padding inherit_tablet inherit_phone\"   data-padding-pos=\"all\" data-has-bg-color=\"false\" data-bg-color=\"\" data-bg-opacity=\"1\" data-animation=\"\" data-delay=\"0\" >\n\t\t<div class=\"vc_column-inner\" >\n\t\t<div class=\"wpb_wrapper\">\n\t\t\t<div class=\"nectar-split-heading  font_size_9vw font_size_tablet_10vw font_line_height_0-95\" data-align=\"left\" data-m-align=\"inherit\" data-text-effect=\"letter-reveal-bottom\" data-animation-type=\"line-reveal-by-space\" data-animation-delay=\"150\" data-animation-offset=\"\" data-m-rm-animation=\"true\" data-stagger=\"true\" data-custom-font-size=\"true\" style=\"font-size: 9vw; line-height: 9.9vw;\"><h1 >Le meilleur.<\/h1><\/div>\n\t\t<\/div> \n\t<\/div>\n\t<\/div> \n<\/div><\/div>\n\t\t\t<\/div> \n\t\t<\/div>\n\t<\/div> \n<\/div><\/div>","protected":false},"excerpt":{"rendered":"<p>Comptes de haute qualit\u00e9 r\u00e9els.<br \/>\n\u2714 Livraison rapide !<br \/>\n\u2714 Paiements uniques - Pas d'abonnement<\/p>\n<p>Pour <strong>Pays li\u00e9<\/strong> Vues <strong><span style=\"color: #0000ff;\"><a style=\"color: #0000ff;\" href=\"\/fr\/product-tag\/country-related-instagram-Views\/\">Clique ici<\/a><\/span><\/strong><\/p>\n<p>&nbsp;<\/p>","protected":false},"featured_media":798,"comment_status":"open","ping_status":"closed","template":"","meta":{"inline_featured_image":false},"product_cat":[29,43,32],"product_tag":[33],"class_list":{"0":"post-345","1":"product","2":"type-product","3":"status-publish","4":"has-post-thumbnail","6":"product_cat-instagram","7":"product_cat-instagram-views","8":"product_cat-social-store","9":"product_tag-instagram-link","11":"first","12":"instock","13":"sale","14":"sold-individually","15":"shipping-taxable","16":"purchasable","17":"product-type-variable","18":"has-default-attributes"},"yoast_head":"<!-- This site is optimized with the Yoast SEO Premium plugin v23.6 (Yoast SEO v24.1) - https:\/\/yoast.com\/wordpress\/plugins\/seo\/ -->\n<title>Buy Instagram Views - Boost Your Video Visibility<\/title>\n<meta name=\"description\" content=\"Looking to buy Instagram views? Increase the visibility of your videos with real views. Explore our affordable packages now!\" \/>\n<meta name=\"robots\" content=\"index, follow, max-snippet:-1, max-image-preview:large, max-video-preview:-1\" \/>\n<link rel=\"canonical\" href=\"https:\/\/www.nordshark.com\/fr\/product\/acheter-des-vues-instagram\/\" \/>\n<meta property=\"og:locale\" content=\"fr_FR\" \/>\n<meta property=\"og:type\" content=\"article\" \/>\n<meta property=\"og:title\" content=\"Instagram Views\" \/>\n<meta property=\"og:description\" content=\"Looking to buy Instagram views? Increase the visibility of your videos with real views. Explore our affordable packages now!\" \/>\n<meta property=\"og:url\" content=\"https:\/\/www.nordshark.com\/fr\/product\/acheter-des-vues-instagram\/\" \/>\n<meta property=\"og:site_name\" content=\"Nordshark\" \/>\n<meta property=\"article:modified_time\" content=\"2024-03-04T13:05:35+00:00\" \/>\n<meta property=\"og:image\" content=\"https:\/\/www.nordshark.com\/wp-content\/uploads\/2024\/02\/International.View_.jpg\" \/>\n\t<meta property=\"og:image:width\" content=\"800\" \/>\n\t<meta property=\"og:image:height\" content=\"800\" \/>\n\t<meta property=\"og:image:type\" content=\"image\/jpeg\" \/>\n<meta name=\"twitter:card\" content=\"summary_large_image\" \/>\n<meta name=\"twitter:label1\" content=\"Disponibilit\u00e9\" \/>\n\t<meta name=\"twitter:data1\" content=\"En stock\" \/>\n<script type=\"application\/ld+json\" class=\"yoast-schema-graph\">{\"@context\":\"https:\/\/schema.org\",\"@graph\":[{\"@type\":\"WebPage\",\"@id\":\"https:\/\/www.nordshark.com\/product\/buy-instagram-views\/\",\"url\":\"https:\/\/www.nordshark.com\/product\/buy-instagram-views\/\",\"name\":\"Buy Instagram Views - Boost Your Video Visibility\",\"isPartOf\":{\"@id\":\"https:\/\/www.nordshark.com\/#website\"},\"primaryImageOfPage\":{\"@id\":\"https:\/\/www.nordshark.com\/product\/buy-instagram-views\/#primaryimage\"},\"image\":{\"@id\":\"https:\/\/www.nordshark.com\/product\/buy-instagram-views\/#primaryimage\"},\"thumbnailUrl\":\"https:\/\/www.nordshark.com\/wp-content\/uploads\/2024\/02\/International.View_.jpg\",\"datePublished\":\"2024-02-17T20:02:56+00:00\",\"dateModified\":\"2024-03-04T13:05:35+00:00\",\"description\":\"Looking to buy Instagram views? Increase the visibility of your videos with real views. Explore our affordable packages now!\",\"breadcrumb\":{\"@id\":\"https:\/\/www.nordshark.com\/product\/buy-instagram-views\/#breadcrumb\"},\"inLanguage\":\"fr-FR\",\"potentialAction\":[{\"@type\":\"ReadAction\",\"target\":[\"https:\/\/www.nordshark.com\/product\/buy-instagram-views\/\"]}]},{\"@type\":\"ImageObject\",\"inLanguage\":\"fr-FR\",\"@id\":\"https:\/\/www.nordshark.com\/product\/buy-instagram-views\/#primaryimage\",\"url\":\"https:\/\/www.nordshark.com\/wp-content\/uploads\/2024\/02\/International.View_.jpg\",\"contentUrl\":\"https:\/\/www.nordshark.com\/wp-content\/uploads\/2024\/02\/International.View_.jpg\",\"width\":800,\"height\":800,\"caption\":\"Buy Instagram Views\"},{\"@type\":\"BreadcrumbList\",\"@id\":\"https:\/\/www.nordshark.com\/product\/buy-instagram-views\/#breadcrumb\",\"itemListElement\":[{\"@type\":\"ListItem\",\"position\":1,\"name\":\"Home\",\"item\":\"https:\/\/www.nordshark.com\/\"},{\"@type\":\"ListItem\",\"position\":2,\"name\":\"Shop\",\"item\":\"https:\/\/www.nordshark.com\/shop\/\"},{\"@type\":\"ListItem\",\"position\":3,\"name\":\"Instagram Views\"}]},{\"@type\":\"WebSite\",\"@id\":\"https:\/\/www.nordshark.com\/#website\",\"url\":\"https:\/\/www.nordshark.com\/\",\"name\":\"Nordshark\",\"description\":\"\",\"potentialAction\":[{\"@type\":\"SearchAction\",\"target\":{\"@type\":\"EntryPoint\",\"urlTemplate\":\"https:\/\/www.nordshark.com\/?s={search_term_string}\"},\"query-input\":{\"@type\":\"PropertyValueSpecification\",\"valueRequired\":true,\"valueName\":\"search_term_string\"}}],\"inLanguage\":\"fr-FR\"}]}<\/script>\n<meta property=\"og:availability\" content=\"instock\" \/>\n<meta property=\"product:availability\" content=\"instock\" \/>\n<meta property=\"product:condition\" content=\"new\" \/>\n<!-- \/ Yoast SEO Premium plugin. -->","yoast_head_json":{"title":"Buy Instagram Views - Boost Your Video Visibility","description":"Looking to buy Instagram views? Increase the visibility of your videos with real views. Explore our affordable packages now!","robots":{"index":"index","follow":"follow","max-snippet":"max-snippet:-1","max-image-preview":"max-image-preview:large","max-video-preview":"max-video-preview:-1"},"canonical":"https:\/\/www.nordshark.com\/fr\/product\/acheter-des-vues-instagram\/","og_locale":"fr_FR","og_type":"article","og_title":"Instagram Views","og_description":"Looking to buy Instagram views? Increase the visibility of your videos with real views. Explore our affordable packages now!","og_url":"https:\/\/www.nordshark.com\/fr\/product\/acheter-des-vues-instagram\/","og_site_name":"Nordshark","article_modified_time":"2024-03-04T13:05:35+00:00","og_image":[{"width":800,"height":800,"url":"https:\/\/www.nordshark.com\/wp-content\/uploads\/2024\/02\/International.View_.jpg","type":"image\/jpeg"}],"twitter_card":"summary_large_image","twitter_misc":{"Disponibilit\u00e9":"En stock"},"schema":{"@context":"https:\/\/schema.org","@graph":[{"@type":"WebPage","@id":"https:\/\/www.nordshark.com\/product\/buy-instagram-views\/","url":"https:\/\/www.nordshark.com\/product\/buy-instagram-views\/","name":"Buy Instagram Views - Boost Your Video Visibility","isPartOf":{"@id":"https:\/\/www.nordshark.com\/#website"},"primaryImageOfPage":{"@id":"https:\/\/www.nordshark.com\/product\/buy-instagram-views\/#primaryimage"},"image":{"@id":"https:\/\/www.nordshark.com\/product\/buy-instagram-views\/#primaryimage"},"thumbnailUrl":"https:\/\/www.nordshark.com\/wp-content\/uploads\/2024\/02\/International.View_.jpg","datePublished":"2024-02-17T20:02:56+00:00","dateModified":"2024-03-04T13:05:35+00:00","description":"Looking to buy Instagram views? Increase the visibility of your videos with real views. Explore our affordable packages now!","breadcrumb":{"@id":"https:\/\/www.nordshark.com\/product\/buy-instagram-views\/#breadcrumb"},"inLanguage":"fr-FR","potentialAction":[{"@type":"ReadAction","target":["https:\/\/www.nordshark.com\/product\/buy-instagram-views\/"]}]},{"@type":"ImageObject","inLanguage":"fr-FR","@id":"https:\/\/www.nordshark.com\/product\/buy-instagram-views\/#primaryimage","url":"https:\/\/www.nordshark.com\/wp-content\/uploads\/2024\/02\/International.View_.jpg","contentUrl":"https:\/\/www.nordshark.com\/wp-content\/uploads\/2024\/02\/International.View_.jpg","width":800,"height":800,"caption":"Buy Instagram Views"},{"@type":"BreadcrumbList","@id":"https:\/\/www.nordshark.com\/product\/buy-instagram-views\/#breadcrumb","itemListElement":[{"@type":"ListItem","position":1,"name":"Home","item":"https:\/\/www.nordshark.com\/"},{"@type":"ListItem","position":2,"name":"Shop","item":"https:\/\/www.nordshark.com\/shop\/"},{"@type":"ListItem","position":3,"name":"Instagram Views"}]},{"@type":"WebSite","@id":"https:\/\/www.nordshark.com\/#website","url":"https:\/\/www.nordshark.com\/","name":"Nordshark","description":"","potentialAction":[{"@type":"SearchAction","target":{"@type":"EntryPoint","urlTemplate":"https:\/\/www.nordshark.com\/?s={search_term_string}"},"query-input":{"@type":"PropertyValueSpecification","valueRequired":true,"valueName":"search_term_string"}}],"inLanguage":"fr-FR"}]},"og_availability":"instock","product_availability":"instock","product_condition":"new"},"_links":{"self":[{"href":"https:\/\/www.nordshark.com\/fr\/wp-json\/wp\/v2\/product\/345","targetHints":{"allow":["GET"]}}],"collection":[{"href":"https:\/\/www.nordshark.com\/fr\/wp-json\/wp\/v2\/product"}],"about":[{"href":"https:\/\/www.nordshark.com\/fr\/wp-json\/wp\/v2\/types\/product"}],"replies":[{"embeddable":true,"href":"https:\/\/www.nordshark.com\/fr\/wp-json\/wp\/v2\/comments?post=345"}],"wp:featuredmedia":[{"embeddable":true,"href":"https:\/\/www.nordshark.com\/fr\/wp-json\/wp\/v2\/media\/798"}],"wp:attachment":[{"href":"https:\/\/www.nordshark.com\/fr\/wp-json\/wp\/v2\/media?parent=345"}],"wp:term":[{"taxonomy":"product_cat","embeddable":true,"href":"https:\/\/www.nordshark.com\/fr\/wp-json\/wp\/v2\/product_cat?post=345"},{"taxonomy":"product_tag","embeddable":true,"href":"https:\/\/www.nordshark.com\/fr\/wp-json\/wp\/v2\/product_tag?post=345"}],"curies":[{"name":"wp","href":"https:\/\/api.w.org\/{rel}","templated":true}]}}