{"id":321,"date":"2024-02-17T20:47:02","date_gmt":"2024-02-17T19:47:02","guid":{"rendered":"https:\/\/www.nordshark.com\/?post_type=product&#038;p=321"},"modified":"2024-03-04T14:08:37","modified_gmt":"2024-03-04T13:08:37","slug":"buy-italian-instagram-comments","status":"publish","type":"product","link":"https:\/\/www.nordshark.com\/fr\/product\/acheter-des-commentaires-instagram-italiens\/","title":{"rendered":"Commentaires Instagram italiens"},"content":{"rendered":"<div id=\"fws_69fb609deb40b\"  data-column-margin=\"default\" data-midnight=\"dark\" data-top-percent=\"8%\"  class=\"wpb_row vc_row-fluid vc_row full-width-section  right_padding_10pct left_padding_10pct\"  style=\"padding-top: calc(100vw * 0.08); padding-bottom: 0px; \"><div class=\"row-bg-wrap\" data-bg-animation=\"none\" data-bg-animation-delay=\"\" data-bg-overlay=\"false\"><div class=\"inner-wrap row-bg-layer\" ><div class=\"row-bg viewport-desktop\"  style=\"\"><\/div><\/div><\/div><div class=\"row_col_wrap_12 col span_12 dark left\">\n\t<div  class=\"vc_col-sm-12 wpb_column column_container vc_column_container col no-extra-padding inherit_tablet inherit_phone\"  data-padding-pos=\"all\" data-has-bg-color=\"false\" data-bg-color=\"\" data-bg-opacity=\"1\" data-animation=\"\" data-delay=\"0\" >\n\t\t<div class=\"vc_column-inner\" >\n\t\t\t<div class=\"wpb_wrapper\">\n\t\t\t\t<div id=\"fws_69fb609deb4f5\" data-midnight=\"\" data-column-margin=\"default\" class=\"wpb_row vc_row-fluid vc_row inner_row\"  style=\"padding-bottom: 4%; \"><div class=\"row-bg-wrap\"> <div class=\"row-bg\" ><\/div> <\/div><div class=\"row_col_wrap_12_inner col span_12  left\">\n\t<div  class=\"vc_col-sm-12 wpb_column column_container vc_column_container col child_column centered-text no-extra-padding inherit_tablet inherit_phone\"   data-padding-pos=\"all\" data-has-bg-color=\"false\" data-bg-color=\"\" data-bg-opacity=\"1\" data-animation=\"\" data-delay=\"0\" >\n\t\t<div class=\"vc_column-inner\" >\n\t\t<div class=\"wpb_wrapper\">\n\t\t\t<div class=\"nectar-highlighted-text font_size_2vw font_size_tablet_6vw font_line_height_1-0\" data-style=\"none\" data-exp=\"default\" data-using-custom-color=\"false\" data-animation-delay=\"false\" data-color=\"\" data-color-gradient=\"\" style=\"\"><h3>Questions fr\u00e9quemment pos\u00e9es<\/h3>\n<\/div>\n\t\t<\/div> \n\t<\/div>\n\t<\/div> \n<\/div><\/div>\n\t\t\t<\/div> \n\t\t<\/div>\n\t<\/div> \n<\/div><\/div>\n\t\t<div id=\"fws_69fb609deb618\"  data-column-margin=\"custom\" data-midnight=\"dark\" data-top-percent=\"3%\" data-bottom-percent=\"3%\"  class=\"wpb_row vc_row-fluid vc_row full-width-content vc_row-o-equal-height vc_row-flex vc_row-o-content-middle  right_padding_7vw left_padding_7vw column-margin-7vw top_padding_phone_10pct bottom_padding_phone_10pct\"  style=\"padding-top: calc(100vw * 0.03); padding-bottom: calc(100vw * 0.03); \"><div class=\"row-bg-wrap\" data-bg-animation=\"none\" data-bg-animation-delay=\"\" data-bg-overlay=\"false\"><div class=\"inner-wrap row-bg-layer\" ><div class=\"row-bg viewport-desktop using-bg-color\"  style=\"background-color: #f8f8f8; \"><\/div><\/div><\/div><div class=\"row_col_wrap_12 col span_12 dark left\">\n\t<div  class=\"vc_col-sm-6 wpb_column column_container vc_column_container col left_padding_desktop_2vw\"  data-padding-pos=\"all\" data-has-bg-color=\"false\" data-bg-color=\"\" data-bg-opacity=\"1\" data-animation=\"\" data-delay=\"0\" >\n\t\t<div class=\"vc_column-inner\" >\n\t\t\t<div class=\"wpb_wrapper\">\n\t\t\t\t<div class=\"toggles accordion\" data-br=\"\" data-starting=\"default\" data-style=\"minimal\"><div class=\"toggle accent-color\" data-inner-wrap=\"true\"><h3 class=\"toggle-title\"><a href=\"#\" role=\"button\" class=\"nectar-inherit-h4 toggle-heading\"><i role=\"presentation\" class=\"fa fa-plus-circle\"><\/i>Combien de temps faut-il pour recevoir les commentaires italiens achet\u00e9s ?<\/a><\/h3><div><div class=\"inner-toggle-wrap\">\n<div class=\"wpb_text_column wpb_content_element\" >\n\t<div class=\"wpb_wrapper\">\n\t\t<p>La livraison des commentaires achet\u00e9s commence g\u00e9n\u00e9ralement dans les 0 \u00e0 1 heures suivant l'achat. Cependant, l'ex\u00e9cution compl\u00e8te de la commande peut varier en fonction de la quantit\u00e9 de commentaires achet\u00e9s. Nous faisons tout notre possible pour compl\u00e9ter toutes les commandes le plus rapidement possible tout en garantissant la qualit\u00e9 des commentaires.<\/p>\n\t<\/div>\n<\/div>\n\n\n\n<\/div><\/div><\/div><div class=\"toggle accent-color\" data-inner-wrap=\"true\"><h3 class=\"toggle-title\"><a href=\"#\" role=\"button\" class=\"nectar-inherit-h4 toggle-heading\"><i role=\"presentation\" class=\"fa fa-plus-circle\"><\/i>Quels types de commentaires italiens puis-je m'attendre lorsque j'ach\u00e8te votre service ?<\/a><\/h3><div><div class=\"inner-toggle-wrap\">\n<div class=\"wpb_text_column wpb_content_element\" >\n\t<div class=\"wpb_wrapper\">\n\t\t<p>Commentaires positifs et en lien avec le sujet qui correspondent \u00e0 votre publication et encouragent l'interaction.<\/p>\n\t<\/div>\n<\/div>\n\n\n\n<\/div><\/div><\/div><div class=\"toggle accent-color\" data-inner-wrap=\"true\"><h3 class=\"toggle-title\"><a href=\"#\" role=\"button\" class=\"nectar-inherit-h4 toggle-heading\"><i role=\"presentation\" class=\"fa fa-plus-circle\"><\/i>Qualit\u00e9 des commentaires sur Instagram en italien ?<\/a><\/h3><div><div class=\"inner-toggle-wrap\">\n<div class=\"wpb_text_column wpb_content_element\" >\n\t<div class=\"wpb_wrapper\">\n\t\t<p>Commentaires de haute qualit\u00e9 provenant de v\u00e9ritables utilisateurs actifs d'Instagram italiens, qui sont naturels et pertinents.<\/p>\n\t<\/div>\n<\/div>\n\n\n\n<\/div><\/div><\/div><\/div>\n\n\n\n\n\n\n\n\n\n\n\n\n\n\n\n\n\n\n\n\n\t\t\t<\/div> \n\t\t<\/div>\n\t<\/div> \n\n\t<div  class=\"vc_col-sm-6 vc_hidden-sm vc_hidden-xs wpb_column column_container vc_column_container col top_margin_tablet_10pct right_padding_desktop_2vw\"  data-padding-pos=\"all\" data-has-bg-color=\"false\" data-bg-color=\"\" data-bg-opacity=\"1\" data-animation=\"\" data-delay=\"0\" >\n\t\t<div class=\"vc_column-inner\" >\n\t\t\t<div class=\"wpb_wrapper\">\n\t\t\t\t<div id=\"fws_69fb609deb7f1\" data-midnight=\"\" data-column-margin=\"default\" class=\"wpb_row vc_row-fluid vc_row inner_row\"  style=\"\"><div class=\"row-bg-wrap\"> <div class=\"row-bg\" ><\/div> <\/div><div class=\"row_col_wrap_12_inner col span_12  left\">\n\t<div  class=\"vc_col-sm-12 wpb_column column_container vc_column_container col child_column col-overflow-hidden mask_shape_circle-rect mask_size_contain top_padding_desktop_20pct bottom_padding_desktop_20pct\"   data-border-radius=\"15px\" data-video-bg=\"true\" data-overlay-color=\"true\" data-padding-pos=\"all\" data-has-bg-color=\"false\" data-bg-color=\"\" data-bg-opacity=\"1\" data-animation=\"\" data-delay=\"0\" >\n\t\t<div class=\"vc_column-inner\" >\n  <div class=\"nectar-video-wrap column-bg-layer column-video\">\n        <video class=\"nectar-video-bg\" width=\"1800\" height=\"700\" preload=\"auto\" loop autoplay muted playsinline><source src=\"https:\/\/www.nordshark.com\/wp-content\/uploads\/2024\/02\/faq2.mp4\"  type=\"video\/mp4\"><\/video><\/div><div class=\"column-bg-overlay-wrap column-bg-layer\" data-bg-animation=\"none\"><div class=\"column-bg-overlay\"><\/div><div class=\"column-overlay-layer\" style=\"\"><\/div><\/div>\n\t\t<div class=\"wpb_wrapper\">\n\t\t\t\n\t\t<\/div> \n\t<\/div>\n\t<\/div> \n<\/div><\/div>\n\t\t\t<\/div> \n\t\t<\/div>\n\t<\/div> \n<\/div><\/div>\n\t\t<div id=\"fws_69fb609deb882\"  data-column-margin=\"default\" data-midnight=\"dark\" data-top-percent=\"5%\" data-bottom-percent=\"5%\"  class=\"wpb_row vc_row-fluid vc_row  right_padding_5pct left_padding_5pct\"  style=\"padding-top: calc(100vw * 0.05); padding-bottom: calc(100vw * 0.05); \"><div class=\"row-bg-wrap\" data-bg-animation=\"none\" data-bg-animation-delay=\"\" data-bg-overlay=\"false\"><div class=\"inner-wrap row-bg-layer\" ><div class=\"row-bg viewport-desktop\"  style=\"\"><\/div><\/div><\/div><div class=\"row_col_wrap_12 col span_12 dark left\">\n\t<div  class=\"vc_col-sm-12 wpb_column column_container vc_column_container col no-extra-padding inherit_tablet inherit_phone\"  data-padding-pos=\"all\" data-has-bg-color=\"false\" data-bg-color=\"\" data-bg-opacity=\"1\" data-animation=\"\" data-delay=\"0\" >\n\t\t<div class=\"vc_column-inner\" >\n\t\t\t<div class=\"wpb_wrapper\">\n\t\t\t\t\n<div class=\"wpb_text_column wpb_content_element\" >\n\t<div class=\"wpb_wrapper\">\n\t\t<h1>Bienvenue chez Nordshark !<\/h1>\n<h2>Am\u00e9liorez votre engagement sur Instagram avec des commentaires italiens sur Instagram<\/h2>\n<p>Tu cherches \u00e0 augmenter ton engagement sur Instagram et d\u00e9velopper ta pr\u00e9sence en ligne ? Ne cherche plus ! Nordshark est l\u00e0 pour t'aider \u00e0 atteindre tes objectifs. Avec nos commentaires Instagram en italien de haute qualit\u00e9, tu peux faire passer ton jeu sur Instagram au niveau sup\u00e9rieur.<\/p>\n<h3>Pourquoi choisir des commentaires italiens sur Instagram ?<\/h3>\n<p>Les commentaires italiens sur Instagram sont un excellent moyen de cr\u00e9er du lien avec votre audience et de rendre vos publications plus interactives. Lorsque vous achetez des commentaires italiens sur Instagram chez Nordshark, vous obtenez de vrais commentaires authentiques et engageants de v\u00e9ritables utilisateurs italiens. Cela contribue \u00e0 cr\u00e9er un sentiment d'authenticit\u00e9 et de cr\u00e9dibilit\u00e9 pour votre compte Instagram.<\/p>\n<h3>Commentaires Instagram italiens: comment ils peuvent vous \u00eatre b\u00e9n\u00e9fiques<\/h3>\n<p>Les commentaires italiens sur Instagram offrent plusieurs avantages pour votre profil Instagram.<\/p>\n<ul>\n<li><strong>Augmentation de l'engagement :<\/strong>\u00a0Les commentaires italiens sur Instagram peuvent stimuler votre engagement en encourageant les conversations et les discussions sur vos publications.<\/li>\n<li><strong>Visibilit\u00e9 am\u00e9lior\u00e9e:<\/strong>\u00a0Quand vos publications re\u00e7oivent des commentaires en italien, cela attire davantage l'attention des utilisateurs en Italie et aide \u00e0 accro\u00eetre votre visibilit\u00e9 sur le march\u00e9 italien.<\/li>\n<li><strong>R\u00e9putation de marque am\u00e9lior\u00e9e.<\/strong>\u00a0Les commentaires italiens sinc\u00e8res d\u00e9montrent que votre marque est appr\u00e9ci\u00e9e et valoris\u00e9e par un public international.<\/li>\n<li><strong>Une preuve sociale plus grande.<\/strong>\u00a0Les commentaires italiens sur Instagram agissent comme une preuve sociale, montrant aux \u00e9ventuels abonn\u00e9s que votre contenu r\u00e9sonne avec un large public.<\/li>\n<\/ul>\n<h3>Comment Nordshark offre les meilleurs commentaires Instagram en italien<\/h3>\n<p>Chez Nordshark, on d\u00e9livre les meilleurs commentaires Instagram en italien de haute qualit\u00e9 pour nos clients. Voici ce qui nous distingue :<\/p>\n<ol>\n<li><strong>Vrais utilisateurs italiens:<\/strong>\u00a0Nous avons un r\u00e9seau d'utilisateurs italiens r\u00e9els qui laisseront des commentaires authentiques sur vos publications Instagram.<\/li>\n<li><strong>Commentaires personnalisables:<\/strong>\u00a0Tu peux choisir des commentaires sp\u00e9cifiques ou nous laisser te fournir une vari\u00e9t\u00e9 de commentaires pertinents et captivants en italien.<\/li>\n<li><strong>Livraison rapide:<\/strong>\u00a0Nos commentaires Instagram italiens sont livr\u00e9s rapidement afin que vous puissiez commencer \u00e0 profiter des avantages d\u00e8s maintenant.<\/li>\n<li><strong>S\u00fbr et s\u00e9curis\u00e9 :<\/strong>\u00a0Nous accordons la priorit\u00e9 \u00e0 la confidentialit\u00e9 et \u00e0 la s\u00e9curit\u00e9 de nos clients. Les d\u00e9tails de votre compte Instagram sont gard\u00e9s confidentiels.<\/li>\n<\/ol>\n<p>Ne rate pas l'occasion de renforcer ta pr\u00e9sence sur Instagram avec des commentaires en italien. Augmente ton engagement, am\u00e9liore ta visibilit\u00e9 et \u00e9tablis une solide r\u00e9putation de marque en Italie avec Nordshark.<\/p>\n<h2>Pourquoi choisir Nordshark ?<\/h2>\n<p>Avec de nombreux fournisseurs disponibles, vous pourriez vous demander pourquoi vous devriez choisir Nordshark. Voici quelques raisons:<\/p>\n<ul>\n<li><strong>Exp\u00e9rience:<\/strong>\u00a0Nous avons des ann\u00e9es d'exp\u00e9rience dans la fourniture de services de m\u00e9dias sociaux de haute qualit\u00e9.<\/li>\n<li><strong>Satisfaction client:<\/strong>\u00a0La satisfaction de nos clients est notre priorit\u00e9 absolue. Nous nous effor\u00e7ons de d\u00e9passer leurs attentes.<\/li>\n<li><strong>Prix abordables:<\/strong>\u00a0Nous proposons des prix comp\u00e9titifs pour nos commentaires Instagram italiens sans compromettre la qualit\u00e9.<\/li>\n<li><strong>Assistance client disponible 24h\/24 et 7j\/7 :<\/strong>\u00a0Notre \u00e9quipe de support sympathique et comp\u00e9tente est disponible \u00e0 toute heure pour t'aider.<\/li>\n<\/ul>\n<p>Pr\u00eat \u00e0 augmenter consid\u00e9rablement ton engagement sur Instagram ? Ach\u00e8te d\u00e8s maintenant des commentaires Instagram italiens de Nordshark et vois la diff\u00e9rence que \u00e7a fait !<\/p>\n\t<\/div>\n<\/div>\n\n\n\n\n\t\t\t<\/div> \n\t\t<\/div>\n\t<\/div> \n<\/div><\/div>\n\t\t<div id=\"fws_69fb609deb988\"  data-column-margin=\"default\" data-midnight=\"light\" data-top-percent=\"10%\" data-bottom-percent=\"10%\"  class=\"wpb_row vc_row-fluid vc_row full-width-content vc_row-o-equal-height vc_row-flex vc_row-o-content-top  zindex-set mobile-disable-bg-image-animation right_padding_8pct left_padding_8pct nectar-overflow-hidden top_padding_phone_25pct bottom_padding_phone_25pct\"  style=\"padding-top: calc(100vw * 0.10); padding-bottom: calc(100vw * 0.10);  z-index: 100;\"><div class=\"row-bg-wrap\" data-bg-animation=\"fade-in\" data-bg-animation-delay=\"\" data-bg-overlay=\"true\"><div class=\"inner-wrap row-bg-layer\" style=\"background-color: #2b323a;\" ><div class=\"row-bg viewport-desktop using-bg-color\"  style=\"background-color: #2b323a; \"><\/div><\/div><div class=\"row-bg-overlay row-bg-layer\" style=\"background-color:rgba(0,0,0,0.78);  opacity: 0.8; \"><\/div><\/div>\n\t\t\t<div class=\"video-color-overlay row-bg-layer\" data-color=\"\"><\/div>\n\t\t\t\n\t\t\t<div class=\"nectar-video-wrap row-bg-layer\" data-bg-alignment=\"\">\n\t\t\t\t<div class=\"nectar-video-inner\">\n\t\t\t\t<video class=\"nectar-video-bg\" width=\"1800\" height=\"700\" preload=\"auto\" loop autoplay muted playsinline><source src=\"https:\/\/www.nordshark.com\/wp-content\/uploads\/2024\/02\/AdobeStock_454354002.mp4\"  type=\"video\/mp4\"><\/video>    \t\t<\/div>\n\t\t\t <\/div>\n\n\t\t\t<div class=\"row_col_wrap_12 col span_12 light left\">\n\t<div  class=\"vc_col-sm-12 wpb_column column_container vc_column_container col no-extra-padding column_position_static el_spacing_0px inherit_tablet inherit_phone\"  data-padding-pos=\"top-bottom\" data-has-bg-color=\"false\" data-bg-color=\"\" data-bg-opacity=\"1\" data-animation=\"\" data-delay=\"0\" >\n\t\t<div class=\"vc_column-inner\" >\n\t\t\t<div class=\"wpb_wrapper\">\n\t\t\t\t<div id=\"fws_69fb609deb9f2\" data-midnight=\"\" data-column-margin=\"none\" class=\"wpb_row vc_row-fluid vc_row inner_row  right_padding_13vw left_padding_13vw\"  style=\" z-index: 10;\"><div class=\"row-bg-wrap\"> <div class=\"row-bg\" ><\/div> <\/div><div class=\"row_col_wrap_12_inner col span_12  left\">\n\t<div  class=\"vc_col-sm-12 wpb_column column_container vc_column_container col child_column centered-text no-extra-padding inherit_tablet inherit_phone\"   data-padding-pos=\"all\" data-has-bg-color=\"false\" data-bg-color=\"\" data-bg-opacity=\"1\" data-animation=\"\" data-delay=\"0\" >\n\t\t<div class=\"vc_column-inner\" >\n\t\t<div class=\"wpb_wrapper\">\n\t\t\t<div class=\"nectar-split-heading  font_size_9vw font_size_tablet_10vw font_line_height_0-95\" data-align=\"left\" data-m-align=\"inherit\" data-text-effect=\"letter-reveal-bottom\" data-animation-type=\"line-reveal-by-space\" data-animation-delay=\"150\" data-animation-offset=\"\" data-m-rm-animation=\"true\" data-stagger=\"true\" data-custom-font-size=\"true\" style=\"font-size: 9vw; line-height: 9.9vw;\"><h1 >Le meilleur.<\/h1><\/div>\n\t\t<\/div> \n\t<\/div>\n\t<\/div> \n<\/div><\/div>\n\t\t\t<\/div> \n\t\t<\/div>\n\t<\/div> \n<\/div><\/div>","protected":false},"excerpt":{"rendered":"<p>\u2714 Commentaires italiens de tr\u00e8s haute qualit\u00e9<br \/>\n\u2714 Heure de d\u00e9but : 0-4 heures (surtout instantan\u00e9ment)<br \/>\n\u2714 Meilleur service sur le march\u00e9.<br \/>\n\u2714 Non-Drop<br \/>\n\u2714 Paiements uniques - Pas d'abonnement<\/p>\n<p>Pour <strong>International \n\nFrench translation: International<\/strong> Commentaires <strong><span style=\"color: #0000ff;\"><a style=\"color: #0000ff;\" href=\"\/fr\/product\/acheter-des-commentaires-instagram\/\">Clique ici<\/a><\/span><\/strong><\/p>\n<p>&nbsp;<\/p>","protected":false},"featured_media":795,"comment_status":"open","ping_status":"closed","template":"","meta":{"inline_featured_image":false},"product_cat":[29,42,32],"product_tag":[39,34],"class_list":{"0":"post-321","1":"product","2":"type-product","3":"status-publish","4":"has-post-thumbnail","6":"product_cat-instagram","7":"product_cat-instagram-comments","8":"product_cat-social-store","9":"product_tag-country-related-instagram-comments","10":"product_tag-instagram-comments","12":"first","13":"instock","14":"sale","15":"sold-individually","16":"shipping-taxable","17":"purchasable","18":"product-type-variable","19":"has-default-attributes"},"yoast_head":"<!-- This site is optimized with the Yoast SEO Premium plugin v23.6 (Yoast SEO v24.1) - https:\/\/yoast.com\/wordpress\/plugins\/seo\/ -->\n<title>Buy Italian Instagram Comments - Boost Engagement<\/title>\n<meta name=\"description\" content=\"Enhance engagement with authentic Italian Instagram comments. Instant delivery, secure payment. Buy Italian Instagram comments now!\" \/>\n<meta name=\"robots\" content=\"index, follow, max-snippet:-1, max-image-preview:large, max-video-preview:-1\" \/>\n<link rel=\"canonical\" href=\"https:\/\/www.nordshark.com\/fr\/product\/acheter-des-commentaires-instagram-italiens\/\" \/>\n<meta property=\"og:locale\" content=\"fr_FR\" \/>\n<meta property=\"og:type\" content=\"article\" \/>\n<meta property=\"og:title\" content=\"Italian Instagram Comments\" \/>\n<meta property=\"og:description\" content=\"Enhance engagement with authentic Italian Instagram comments. Instant delivery, secure payment. Buy Italian Instagram comments now!\" \/>\n<meta property=\"og:url\" content=\"https:\/\/www.nordshark.com\/fr\/product\/acheter-des-commentaires-instagram-italiens\/\" \/>\n<meta property=\"og:site_name\" content=\"Nordshark\" \/>\n<meta property=\"article:modified_time\" content=\"2024-03-04T13:08:37+00:00\" \/>\n<meta property=\"og:image\" content=\"https:\/\/www.nordshark.com\/wp-content\/uploads\/2024\/02\/Italian.Comments.jpg\" \/>\n\t<meta property=\"og:image:width\" content=\"800\" \/>\n\t<meta property=\"og:image:height\" content=\"800\" \/>\n\t<meta property=\"og:image:type\" content=\"image\/jpeg\" \/>\n<meta name=\"twitter:card\" content=\"summary_large_image\" \/>\n<meta name=\"twitter:label1\" content=\"Disponibilit\u00e9\" \/>\n\t<meta name=\"twitter:data1\" content=\"En stock\" \/>\n<script type=\"application\/ld+json\" class=\"yoast-schema-graph\">{\"@context\":\"https:\/\/schema.org\",\"@graph\":[{\"@type\":\"WebPage\",\"@id\":\"https:\/\/www.nordshark.com\/product\/buy-italian-instagram-comments\/\",\"url\":\"https:\/\/www.nordshark.com\/product\/buy-italian-instagram-comments\/\",\"name\":\"Buy Italian Instagram Comments - Boost Engagement\",\"isPartOf\":{\"@id\":\"https:\/\/www.nordshark.com\/#website\"},\"primaryImageOfPage\":{\"@id\":\"https:\/\/www.nordshark.com\/product\/buy-italian-instagram-comments\/#primaryimage\"},\"image\":{\"@id\":\"https:\/\/www.nordshark.com\/product\/buy-italian-instagram-comments\/#primaryimage\"},\"thumbnailUrl\":\"https:\/\/www.nordshark.com\/wp-content\/uploads\/2024\/02\/Italian.Comments.jpg\",\"datePublished\":\"2024-02-17T19:47:02+00:00\",\"dateModified\":\"2024-03-04T13:08:37+00:00\",\"description\":\"Enhance engagement with authentic Italian Instagram comments. Instant delivery, secure payment. Buy Italian Instagram comments now!\",\"breadcrumb\":{\"@id\":\"https:\/\/www.nordshark.com\/product\/buy-italian-instagram-comments\/#breadcrumb\"},\"inLanguage\":\"fr-FR\",\"potentialAction\":[{\"@type\":\"ReadAction\",\"target\":[\"https:\/\/www.nordshark.com\/product\/buy-italian-instagram-comments\/\"]}]},{\"@type\":\"ImageObject\",\"inLanguage\":\"fr-FR\",\"@id\":\"https:\/\/www.nordshark.com\/product\/buy-italian-instagram-comments\/#primaryimage\",\"url\":\"https:\/\/www.nordshark.com\/wp-content\/uploads\/2024\/02\/Italian.Comments.jpg\",\"contentUrl\":\"https:\/\/www.nordshark.com\/wp-content\/uploads\/2024\/02\/Italian.Comments.jpg\",\"width\":800,\"height\":800,\"caption\":\"Buy Italian Instagram Comments\"},{\"@type\":\"BreadcrumbList\",\"@id\":\"https:\/\/www.nordshark.com\/product\/buy-italian-instagram-comments\/#breadcrumb\",\"itemListElement\":[{\"@type\":\"ListItem\",\"position\":1,\"name\":\"Home\",\"item\":\"https:\/\/www.nordshark.com\/\"},{\"@type\":\"ListItem\",\"position\":2,\"name\":\"Shop\",\"item\":\"https:\/\/www.nordshark.com\/shop\/\"},{\"@type\":\"ListItem\",\"position\":3,\"name\":\"Italian Instagram Comments\"}]},{\"@type\":\"WebSite\",\"@id\":\"https:\/\/www.nordshark.com\/#website\",\"url\":\"https:\/\/www.nordshark.com\/\",\"name\":\"Nordshark\",\"description\":\"\",\"potentialAction\":[{\"@type\":\"SearchAction\",\"target\":{\"@type\":\"EntryPoint\",\"urlTemplate\":\"https:\/\/www.nordshark.com\/?s={search_term_string}\"},\"query-input\":{\"@type\":\"PropertyValueSpecification\",\"valueRequired\":true,\"valueName\":\"search_term_string\"}}],\"inLanguage\":\"fr-FR\"}]}<\/script>\n<meta property=\"og:availability\" content=\"instock\" \/>\n<meta property=\"product:availability\" content=\"instock\" \/>\n<meta property=\"product:condition\" content=\"new\" \/>\n<!-- \/ Yoast SEO Premium plugin. -->","yoast_head_json":{"title":"Buy Italian Instagram Comments - Boost Engagement","description":"Enhance engagement with authentic Italian Instagram comments. Instant delivery, secure payment. Buy Italian Instagram comments now!","robots":{"index":"index","follow":"follow","max-snippet":"max-snippet:-1","max-image-preview":"max-image-preview:large","max-video-preview":"max-video-preview:-1"},"canonical":"https:\/\/www.nordshark.com\/fr\/product\/acheter-des-commentaires-instagram-italiens\/","og_locale":"fr_FR","og_type":"article","og_title":"Italian Instagram Comments","og_description":"Enhance engagement with authentic Italian Instagram comments. Instant delivery, secure payment. Buy Italian Instagram comments now!","og_url":"https:\/\/www.nordshark.com\/fr\/product\/acheter-des-commentaires-instagram-italiens\/","og_site_name":"Nordshark","article_modified_time":"2024-03-04T13:08:37+00:00","og_image":[{"width":800,"height":800,"url":"https:\/\/www.nordshark.com\/wp-content\/uploads\/2024\/02\/Italian.Comments.jpg","type":"image\/jpeg"}],"twitter_card":"summary_large_image","twitter_misc":{"Disponibilit\u00e9":"En stock"},"schema":{"@context":"https:\/\/schema.org","@graph":[{"@type":"WebPage","@id":"https:\/\/www.nordshark.com\/product\/buy-italian-instagram-comments\/","url":"https:\/\/www.nordshark.com\/product\/buy-italian-instagram-comments\/","name":"Buy Italian Instagram Comments - Boost Engagement","isPartOf":{"@id":"https:\/\/www.nordshark.com\/#website"},"primaryImageOfPage":{"@id":"https:\/\/www.nordshark.com\/product\/buy-italian-instagram-comments\/#primaryimage"},"image":{"@id":"https:\/\/www.nordshark.com\/product\/buy-italian-instagram-comments\/#primaryimage"},"thumbnailUrl":"https:\/\/www.nordshark.com\/wp-content\/uploads\/2024\/02\/Italian.Comments.jpg","datePublished":"2024-02-17T19:47:02+00:00","dateModified":"2024-03-04T13:08:37+00:00","description":"Enhance engagement with authentic Italian Instagram comments. Instant delivery, secure payment. Buy Italian Instagram comments now!","breadcrumb":{"@id":"https:\/\/www.nordshark.com\/product\/buy-italian-instagram-comments\/#breadcrumb"},"inLanguage":"fr-FR","potentialAction":[{"@type":"ReadAction","target":["https:\/\/www.nordshark.com\/product\/buy-italian-instagram-comments\/"]}]},{"@type":"ImageObject","inLanguage":"fr-FR","@id":"https:\/\/www.nordshark.com\/product\/buy-italian-instagram-comments\/#primaryimage","url":"https:\/\/www.nordshark.com\/wp-content\/uploads\/2024\/02\/Italian.Comments.jpg","contentUrl":"https:\/\/www.nordshark.com\/wp-content\/uploads\/2024\/02\/Italian.Comments.jpg","width":800,"height":800,"caption":"Buy Italian Instagram Comments"},{"@type":"BreadcrumbList","@id":"https:\/\/www.nordshark.com\/product\/buy-italian-instagram-comments\/#breadcrumb","itemListElement":[{"@type":"ListItem","position":1,"name":"Home","item":"https:\/\/www.nordshark.com\/"},{"@type":"ListItem","position":2,"name":"Shop","item":"https:\/\/www.nordshark.com\/shop\/"},{"@type":"ListItem","position":3,"name":"Italian Instagram Comments"}]},{"@type":"WebSite","@id":"https:\/\/www.nordshark.com\/#website","url":"https:\/\/www.nordshark.com\/","name":"Nordshark","description":"","potentialAction":[{"@type":"SearchAction","target":{"@type":"EntryPoint","urlTemplate":"https:\/\/www.nordshark.com\/?s={search_term_string}"},"query-input":{"@type":"PropertyValueSpecification","valueRequired":true,"valueName":"search_term_string"}}],"inLanguage":"fr-FR"}]},"og_availability":"instock","product_availability":"instock","product_condition":"new"},"_links":{"self":[{"href":"https:\/\/www.nordshark.com\/fr\/wp-json\/wp\/v2\/product\/321","targetHints":{"allow":["GET"]}}],"collection":[{"href":"https:\/\/www.nordshark.com\/fr\/wp-json\/wp\/v2\/product"}],"about":[{"href":"https:\/\/www.nordshark.com\/fr\/wp-json\/wp\/v2\/types\/product"}],"replies":[{"embeddable":true,"href":"https:\/\/www.nordshark.com\/fr\/wp-json\/wp\/v2\/comments?post=321"}],"wp:featuredmedia":[{"embeddable":true,"href":"https:\/\/www.nordshark.com\/fr\/wp-json\/wp\/v2\/media\/795"}],"wp:attachment":[{"href":"https:\/\/www.nordshark.com\/fr\/wp-json\/wp\/v2\/media?parent=321"}],"wp:term":[{"taxonomy":"product_cat","embeddable":true,"href":"https:\/\/www.nordshark.com\/fr\/wp-json\/wp\/v2\/product_cat?post=321"},{"taxonomy":"product_tag","embeddable":true,"href":"https:\/\/www.nordshark.com\/fr\/wp-json\/wp\/v2\/product_tag?post=321"}],"curies":[{"name":"wp","href":"https:\/\/api.w.org\/{rel}","templated":true}]}}