{"id":313,"date":"2024-02-17T20:38:51","date_gmt":"2024-02-17T19:38:51","guid":{"rendered":"https:\/\/www.nordshark.com\/?post_type=product&#038;p=313"},"modified":"2024-03-04T14:08:29","modified_gmt":"2024-03-04T13:08:29","slug":"buy-german-instagram-comments","status":"publish","type":"product","link":"https:\/\/www.nordshark.com\/fr\/product\/acheter-des-commentaires-instagram-allemand\/","title":{"rendered":"Commentaires allemands sur Instagram"},"content":{"rendered":"<div id=\"fws_69fb66697454b\"  data-column-margin=\"default\" data-midnight=\"dark\" data-top-percent=\"8%\"  class=\"wpb_row vc_row-fluid vc_row full-width-section  right_padding_10pct left_padding_10pct\"  style=\"padding-top: calc(100vw * 0.08); padding-bottom: 0px; \"><div class=\"row-bg-wrap\" data-bg-animation=\"none\" data-bg-animation-delay=\"\" data-bg-overlay=\"false\"><div class=\"inner-wrap row-bg-layer\" ><div class=\"row-bg viewport-desktop\"  style=\"\"><\/div><\/div><\/div><div class=\"row_col_wrap_12 col span_12 dark left\">\n\t<div  class=\"vc_col-sm-12 wpb_column column_container vc_column_container col no-extra-padding inherit_tablet inherit_phone\"  data-padding-pos=\"all\" data-has-bg-color=\"false\" data-bg-color=\"\" data-bg-opacity=\"1\" data-animation=\"\" data-delay=\"0\" >\n\t\t<div class=\"vc_column-inner\" >\n\t\t\t<div class=\"wpb_wrapper\">\n\t\t\t\t<div id=\"fws_69fb6669746bb\" data-midnight=\"\" data-column-margin=\"default\" class=\"wpb_row vc_row-fluid vc_row inner_row\"  style=\"padding-bottom: 4%; \"><div class=\"row-bg-wrap\"> <div class=\"row-bg\" ><\/div> <\/div><div class=\"row_col_wrap_12_inner col span_12  left\">\n\t<div  class=\"vc_col-sm-12 wpb_column column_container vc_column_container col child_column centered-text no-extra-padding inherit_tablet inherit_phone\"   data-padding-pos=\"all\" data-has-bg-color=\"false\" data-bg-color=\"\" data-bg-opacity=\"1\" data-animation=\"\" data-delay=\"0\" >\n\t\t<div class=\"vc_column-inner\" >\n\t\t<div class=\"wpb_wrapper\">\n\t\t\t<div class=\"nectar-highlighted-text font_size_2vw font_size_tablet_6vw font_line_height_1-0\" data-style=\"none\" data-exp=\"default\" data-using-custom-color=\"false\" data-animation-delay=\"false\" data-color=\"\" data-color-gradient=\"\" style=\"\"><h3>Questions fr\u00e9quemment pos\u00e9es<\/h3>\n<\/div>\n\t\t<\/div> \n\t<\/div>\n\t<\/div> \n<\/div><\/div>\n\t\t\t<\/div> \n\t\t<\/div>\n\t<\/div> \n<\/div><\/div>\n\t\t<div id=\"fws_69fb666974856\"  data-column-margin=\"custom\" data-midnight=\"dark\" data-top-percent=\"3%\" data-bottom-percent=\"3%\"  class=\"wpb_row vc_row-fluid vc_row full-width-content vc_row-o-equal-height vc_row-flex vc_row-o-content-middle  right_padding_7vw left_padding_7vw column-margin-7vw top_padding_phone_10pct bottom_padding_phone_10pct\"  style=\"padding-top: calc(100vw * 0.03); padding-bottom: calc(100vw * 0.03); \"><div class=\"row-bg-wrap\" data-bg-animation=\"none\" data-bg-animation-delay=\"\" data-bg-overlay=\"false\"><div class=\"inner-wrap row-bg-layer\" ><div class=\"row-bg viewport-desktop using-bg-color\"  style=\"background-color: #f8f8f8; \"><\/div><\/div><\/div><div class=\"row_col_wrap_12 col span_12 dark left\">\n\t<div  class=\"vc_col-sm-6 wpb_column column_container vc_column_container col left_padding_desktop_2vw\"  data-padding-pos=\"all\" data-has-bg-color=\"false\" data-bg-color=\"\" data-bg-opacity=\"1\" data-animation=\"\" data-delay=\"0\" >\n\t\t<div class=\"vc_column-inner\" >\n\t\t\t<div class=\"wpb_wrapper\">\n\t\t\t\t<div class=\"toggles accordion\" data-br=\"\" data-starting=\"default\" data-style=\"minimal\"><div class=\"toggle accent-color\" data-inner-wrap=\"true\"><h3 class=\"toggle-title\"><a href=\"#\" role=\"button\" class=\"nectar-inherit-h4 toggle-heading\"><i role=\"presentation\" class=\"fa fa-plus-circle\"><\/i>Combien de temps cela prend-il pour recevoir les commentaires allemands achet\u00e9s ?<\/a><\/h3><div><div class=\"inner-toggle-wrap\">\n<div class=\"wpb_text_column wpb_content_element\" >\n\t<div class=\"wpb_wrapper\">\n\t\t<p>La livraison des commentaires achet\u00e9s commence g\u00e9n\u00e9ralement dans les 0 \u00e0 1 heures suivant l'achat. Cependant, l'ex\u00e9cution compl\u00e8te de la commande peut varier en fonction de la quantit\u00e9 de commentaires achet\u00e9s. Nous faisons tout notre possible pour compl\u00e9ter toutes les commandes le plus rapidement possible tout en garantissant la qualit\u00e9 des commentaires.<\/p>\n\t<\/div>\n<\/div>\n\n\n\n<\/div><\/div><\/div><div class=\"toggle accent-color\" data-inner-wrap=\"true\"><h3 class=\"toggle-title\"><a href=\"#\" role=\"button\" class=\"nectar-inherit-h4 toggle-heading\"><i role=\"presentation\" class=\"fa fa-plus-circle\"><\/i>Quel genre de commentaires allemands puis-je m'attendre lorsque j'ach\u00e8te votre service ?<\/a><\/h3><div><div class=\"inner-toggle-wrap\">\n<div class=\"wpb_text_column wpb_content_element\" >\n\t<div class=\"wpb_wrapper\">\n\t\t<p>Commentaires positifs et en lien avec le sujet qui correspondent \u00e0 votre publication et encouragent l'interaction.<\/p>\n\t<\/div>\n<\/div>\n\n\n\n<\/div><\/div><\/div><div class=\"toggle accent-color\" data-inner-wrap=\"true\"><h3 class=\"toggle-title\"><a href=\"#\" role=\"button\" class=\"nectar-inherit-h4 toggle-heading\"><i role=\"presentation\" class=\"fa fa-plus-circle\"><\/i>Qualit\u00e9 des commentaires Instagram en allemand ?<\/a><\/h3><div><div class=\"inner-toggle-wrap\">\n<div class=\"wpb_text_column wpb_content_element\" >\n\t<div class=\"wpb_wrapper\">\n\t\t<p>Commentaires de haute qualit\u00e9 de vrais utilisateurs actifs d'Instagram allemands, naturels et pertinents.<\/p>\n\t<\/div>\n<\/div>\n\n\n\n<\/div><\/div><\/div><\/div>\n\n\n\n\n\n\n\n\n\n\n\n\n\n\n\n\n\n\n\n\n\t\t\t<\/div> \n\t\t<\/div>\n\t<\/div> \n\n\t<div  class=\"vc_col-sm-6 vc_hidden-sm vc_hidden-xs wpb_column column_container vc_column_container col top_margin_tablet_10pct right_padding_desktop_2vw\"  data-padding-pos=\"all\" data-has-bg-color=\"false\" data-bg-color=\"\" data-bg-opacity=\"1\" data-animation=\"\" data-delay=\"0\" >\n\t\t<div class=\"vc_column-inner\" >\n\t\t\t<div class=\"wpb_wrapper\">\n\t\t\t\t<div id=\"fws_69fb666974afd\" data-midnight=\"\" data-column-margin=\"default\" class=\"wpb_row vc_row-fluid vc_row inner_row\"  style=\"\"><div class=\"row-bg-wrap\"> <div class=\"row-bg\" ><\/div> <\/div><div class=\"row_col_wrap_12_inner col span_12  left\">\n\t<div  class=\"vc_col-sm-12 wpb_column column_container vc_column_container col child_column col-overflow-hidden mask_shape_circle-rect mask_size_contain top_padding_desktop_20pct bottom_padding_desktop_20pct\"   data-border-radius=\"15px\" data-video-bg=\"true\" data-overlay-color=\"true\" data-padding-pos=\"all\" data-has-bg-color=\"false\" data-bg-color=\"\" data-bg-opacity=\"1\" data-animation=\"\" data-delay=\"0\" >\n\t\t<div class=\"vc_column-inner\" >\n  <div class=\"nectar-video-wrap column-bg-layer column-video\">\n        <video class=\"nectar-video-bg\" width=\"1800\" height=\"700\" preload=\"auto\" loop autoplay muted playsinline><source src=\"https:\/\/www.nordshark.com\/wp-content\/uploads\/2024\/02\/faq2.mp4\"  type=\"video\/mp4\"><\/video><\/div><div class=\"column-bg-overlay-wrap column-bg-layer\" data-bg-animation=\"none\"><div class=\"column-bg-overlay\"><\/div><div class=\"column-overlay-layer\" style=\"\"><\/div><\/div>\n\t\t<div class=\"wpb_wrapper\">\n\t\t\t\n\t\t<\/div> \n\t<\/div>\n\t<\/div> \n<\/div><\/div>\n\t\t\t<\/div> \n\t\t<\/div>\n\t<\/div> \n<\/div><\/div>\n\t\t<div id=\"fws_69fb666974bb9\"  data-column-margin=\"default\" data-midnight=\"dark\" data-top-percent=\"5%\" data-bottom-percent=\"5%\"  class=\"wpb_row vc_row-fluid vc_row  right_padding_5pct left_padding_5pct\"  style=\"padding-top: calc(100vw * 0.05); padding-bottom: calc(100vw * 0.05); \"><div class=\"row-bg-wrap\" data-bg-animation=\"none\" data-bg-animation-delay=\"\" data-bg-overlay=\"false\"><div class=\"inner-wrap row-bg-layer\" ><div class=\"row-bg viewport-desktop\"  style=\"\"><\/div><\/div><\/div><div class=\"row_col_wrap_12 col span_12 dark left\">\n\t<div  class=\"vc_col-sm-12 wpb_column column_container vc_column_container col no-extra-padding inherit_tablet inherit_phone\"  data-padding-pos=\"all\" data-has-bg-color=\"false\" data-bg-color=\"\" data-bg-opacity=\"1\" data-animation=\"\" data-delay=\"0\" >\n\t\t<div class=\"vc_column-inner\" >\n\t\t\t<div class=\"wpb_wrapper\">\n\t\t\t\t\n<div class=\"wpb_text_column wpb_content_element\" >\n\t<div class=\"wpb_wrapper\">\n\t\t<h1>Ach\u00e8te des commentaires allemands sur Instagram - Booste ton engagement !<\/h1>\n<p>Tu recherches un moyen d'am\u00e9liorer ta pr\u00e9sence sur Instagram ? Tu veux augmenter ton engagement et toucher une audience plus large ? Ne cherche pas plus loin ! Nordshark propose un service unique qui te permet de...\u00a0<strong>Acheter des commentaires Instagram allemands<\/strong>\u00a0pour faire passer ton profil \u00e0 un niveau sup\u00e9rieur.<\/p>\n<h2>Pourquoi acheter des commentaires Instagram allemands ?<\/h2>\n<p>Instagram est l'une des plateformes de m\u00e9dias sociaux les plus populaires avec des millions d'utilisateurs dans le monde entier. C'est un outil puissant pour promouvoir votre marque, vos produits ou vos services. Cependant, avec la concurrence croissante, il peut \u00eatre difficile de se d\u00e9marquer de la foule. C'est l\u00e0 que\u00a0<strong>Nordshark.<\/strong>\u00a0Entre.<\/p>\n<p>En achetant\u00a0<strong>Commentaires Instagram en allemand<\/strong>, you can:<\/p>\n<ul>\n<li><strong>Augmente ton engagement:<\/strong>\u00a0Les commentaires jouent un r\u00f4le crucial dans le taux d'engagement. Lorsque vos publications re\u00e7oivent des commentaires, cela indique \u00e0 l'algorithme d'Instagram que votre contenu est int\u00e9ressant et pr\u00e9cieux. Cela peut entra\u00eener une visibilit\u00e9 et une port\u00e9e accrues pour votre profil.<\/li>\n<li><strong>Cr\u00e9er de la cr\u00e9dibilit\u00e9:<\/strong>\u00a0Avoir un grand nombre de commentaires en allemand montre que votre contenu r\u00e9sonne aupr\u00e8s d'un public international. Cela ajoute de la cr\u00e9dibilit\u00e9 \u00e0 votre marque et peut attirer plus de followers et de potentiels clients.<\/li>\n<li><strong>Cr\u00e9e une communaut\u00e9.<\/strong>\u00a0Les commentaires encourageants des locuteurs allemands aident \u00e0 cr\u00e9er une ambiance conviviale autour de votre marque. Cela favorise l'interaction et la conversation, rendant votre profil plus attractif et captivant.<\/li>\n<li><strong>Obtiens une preuve sociale :<\/strong>\u00a0Quand les clients potentiels voient que vos publications ont de nombreux commentaires en allemand, cela agit comme une preuve sociale que votre marque est fiable et digne de confiance. Cela peut entra\u00eener une augmentation des conversions et des ventes.<\/li>\n<\/ul>\n<h2>Pourquoi choisir Nordshark ?<\/h2>\n<p>Chez Nordshark, on comprend les d\u00e9fis auxquels les entreprises et les influenceurs sont confront\u00e9s pour d\u00e9velopper leur pr\u00e9sence sur Instagram. Nous sommes fiers de fournir un service excellent et de vrais commentaires allemands de haute qualit\u00e9 pour vos publications sur Instagram.<\/p>\n<p>Quand tu choisis Nordshark, tu peux t'attendre \u00e0 :<\/p>\n<ul>\n<li><strong>Commentaires authentiques en allemand.<\/strong>\u00a0Nous mettons \u00e0 votre disposition des commentaires sinc\u00e8res de v\u00e9ritables utilisateurs allemands. Notre r\u00e9seau est compos\u00e9 d'utilisateurs actifs sur Instagram qui s'int\u00e9ressent \u00e0 divers march\u00e9s de niche.<\/li>\n<li><strong>S\u00fbr et s\u00e9curis\u00e9.<\/strong>\u00a0Votre confidentialit\u00e9 et votre s\u00e9curit\u00e9 sont nos principales pr\u00e9occupations. Nous utilisons des passerelles de paiement crypt\u00e9es et veillons \u00e0 ce que vos informations restent confidentielles. Nos m\u00e9thodes sont conformes aux directives d'Instagram.<\/li>\n<li><strong>Livraison rapide:<\/strong>\u00a0On comprend l'importance d'\u00eatre livr\u00e9 rapidement. Une fois que tu as pass\u00e9 ta commande, notre \u00e9quipe commence tout de suite \u00e0 travailler pour obtenir tes commentaires allemands sur les publications que tu souhaites.<\/li>\n<li><strong>Support client 24\/7.<\/strong>\u00a0Nous sommes l\u00e0 pour t'aider \u00e0 chaque \u00e9tape. Si tu as des questions ou des probl\u00e8mes, notre \u00e9quipe sympathique du service client est disponible 24h\/24 pour t'assister.<\/li>\n<\/ul>\n<h2>Commence d\u00e8s aujourd'hui !<\/h2>\n<p>Pr\u00eat \u00e0 booster ta pr\u00e9sence sur Instagram et obtenir plus d'interaction ? Rends-toi sur Nordshark et ach\u00e8te d\u00e8s maintenant des commentaires Instagram en allemand ! Fais grimper ton profil et attire une audience germanophone.<\/p>\n<p>Ne laisse pas tes concurrents te faire de l'ombre. Fais-toi remarquer et impacte gr\u00e2ce au service haut de gamme de Nordshark. Commence \u00e0 acheter des commentaires allemands sur Instagram d\u00e8s aujourd'hui !<\/p>\n\t<\/div>\n<\/div>\n\n\n\n\n\t\t\t<\/div> \n\t\t<\/div>\n\t<\/div> \n<\/div><\/div>\n\t\t<div id=\"fws_69fb666974cee\"  data-column-margin=\"default\" data-midnight=\"light\" data-top-percent=\"10%\" data-bottom-percent=\"10%\"  class=\"wpb_row vc_row-fluid vc_row full-width-content vc_row-o-equal-height vc_row-flex vc_row-o-content-top  zindex-set mobile-disable-bg-image-animation right_padding_8pct left_padding_8pct nectar-overflow-hidden top_padding_phone_25pct bottom_padding_phone_25pct\"  style=\"padding-top: calc(100vw * 0.10); padding-bottom: calc(100vw * 0.10);  z-index: 100;\"><div class=\"row-bg-wrap\" data-bg-animation=\"fade-in\" data-bg-animation-delay=\"\" data-bg-overlay=\"true\"><div class=\"inner-wrap row-bg-layer\" style=\"background-color: #2b323a;\" ><div class=\"row-bg viewport-desktop using-bg-color\"  style=\"background-color: #2b323a; \"><\/div><\/div><div class=\"row-bg-overlay row-bg-layer\" style=\"background-color:rgba(0,0,0,0.78);  opacity: 0.8; \"><\/div><\/div>\n\t\t\t<div class=\"video-color-overlay row-bg-layer\" data-color=\"\"><\/div>\n\t\t\t\n\t\t\t<div class=\"nectar-video-wrap row-bg-layer\" data-bg-alignment=\"\">\n\t\t\t\t<div class=\"nectar-video-inner\">\n\t\t\t\t<video class=\"nectar-video-bg\" width=\"1800\" height=\"700\" preload=\"auto\" loop autoplay muted playsinline><source src=\"https:\/\/www.nordshark.com\/wp-content\/uploads\/2024\/02\/AdobeStock_454354002.mp4\"  type=\"video\/mp4\"><\/video>    \t\t<\/div>\n\t\t\t <\/div>\n\n\t\t\t<div class=\"row_col_wrap_12 col span_12 light left\">\n\t<div  class=\"vc_col-sm-12 wpb_column column_container vc_column_container col no-extra-padding column_position_static el_spacing_0px inherit_tablet inherit_phone\"  data-padding-pos=\"top-bottom\" data-has-bg-color=\"false\" data-bg-color=\"\" data-bg-opacity=\"1\" data-animation=\"\" data-delay=\"0\" >\n\t\t<div class=\"vc_column-inner\" >\n\t\t\t<div class=\"wpb_wrapper\">\n\t\t\t\t<div id=\"fws_69fb666974da2\" data-midnight=\"\" data-column-margin=\"none\" class=\"wpb_row vc_row-fluid vc_row inner_row  right_padding_13vw left_padding_13vw\"  style=\" z-index: 10;\"><div class=\"row-bg-wrap\"> <div class=\"row-bg\" ><\/div> <\/div><div class=\"row_col_wrap_12_inner col span_12  left\">\n\t<div  class=\"vc_col-sm-12 wpb_column column_container vc_column_container col child_column centered-text no-extra-padding inherit_tablet inherit_phone\"   data-padding-pos=\"all\" data-has-bg-color=\"false\" data-bg-color=\"\" data-bg-opacity=\"1\" data-animation=\"\" data-delay=\"0\" >\n\t\t<div class=\"vc_column-inner\" >\n\t\t<div class=\"wpb_wrapper\">\n\t\t\t<div class=\"nectar-split-heading  font_size_9vw font_size_tablet_10vw font_line_height_0-95\" data-align=\"left\" data-m-align=\"inherit\" data-text-effect=\"letter-reveal-bottom\" data-animation-type=\"line-reveal-by-space\" data-animation-delay=\"150\" data-animation-offset=\"\" data-m-rm-animation=\"true\" data-stagger=\"true\" data-custom-font-size=\"true\" style=\"font-size: 9vw; line-height: 9.9vw;\"><h1 >Le meilleur.<\/h1><\/div>\n\t\t<\/div> \n\t<\/div>\n\t<\/div> \n<\/div><\/div>\n\t\t\t<\/div> \n\t\t<\/div>\n\t<\/div> \n<\/div><\/div>","protected":false},"excerpt":{"rendered":"<p>\u2714 Commentaires allemands de haute qualit\u00e9 r\u00e9els<br \/>\n\u2714 Heure de d\u00e9but : 0-4 heures (surtout instantan\u00e9ment)<br \/>\n\u2714 Meilleur service sur le march\u00e9.<br \/>\n\u2714 Non-Drop<br \/>\n\u2714 Paiements uniques - Pas d'abonnement<\/p>\n<p>Pour <strong>International \n\nFrench translation: International<\/strong> Commentaires <strong><span style=\"color: #0000ff;\"><a style=\"color: #0000ff;\" href=\"\/fr\/product\/acheter-des-commentaires-instagram\/\">Clique ici<\/a><\/span><\/strong><\/p>\n<p>&nbsp;<\/p>","protected":false},"featured_media":794,"comment_status":"open","ping_status":"closed","template":"","meta":{"inline_featured_image":false},"product_cat":[29,42,32],"product_tag":[39,34],"class_list":{"0":"post-313","1":"product","2":"type-product","3":"status-publish","4":"has-post-thumbnail","6":"product_cat-instagram","7":"product_cat-instagram-comments","8":"product_cat-social-store","9":"product_tag-country-related-instagram-comments","10":"product_tag-instagram-comments","12":"first","13":"instock","14":"sale","15":"sold-individually","16":"shipping-taxable","17":"purchasable","18":"product-type-variable","19":"has-default-attributes"},"yoast_head":"<!-- This site is optimized with the Yoast SEO Premium plugin v23.6 (Yoast SEO v24.1) - https:\/\/yoast.com\/wordpress\/plugins\/seo\/ -->\n<title>Buy German Instagram Comments - Boost Your Engagement<\/title>\n<meta name=\"description\" content=\"Buy German Instagram comments to increase engagement. Get real comments from German users. Instant delivery, secure payment. Buy now!\" \/>\n<meta name=\"robots\" content=\"index, follow, max-snippet:-1, max-image-preview:large, max-video-preview:-1\" \/>\n<link rel=\"canonical\" href=\"https:\/\/www.nordshark.com\/fr\/product\/acheter-des-commentaires-instagram-allemand\/\" \/>\n<meta property=\"og:locale\" content=\"fr_FR\" \/>\n<meta property=\"og:type\" content=\"article\" \/>\n<meta property=\"og:title\" content=\"German Instagram Comments\" \/>\n<meta property=\"og:description\" content=\"Buy German Instagram comments to increase engagement. Get real comments from German users. Instant delivery, secure payment. Buy now!\" \/>\n<meta property=\"og:url\" content=\"https:\/\/www.nordshark.com\/fr\/product\/acheter-des-commentaires-instagram-allemand\/\" \/>\n<meta property=\"og:site_name\" content=\"Nordshark\" \/>\n<meta property=\"article:modified_time\" content=\"2024-03-04T13:08:29+00:00\" \/>\n<meta property=\"og:image\" content=\"https:\/\/www.nordshark.com\/wp-content\/uploads\/2024\/02\/German.Comments.jpg\" \/>\n\t<meta property=\"og:image:width\" content=\"800\" \/>\n\t<meta property=\"og:image:height\" content=\"800\" \/>\n\t<meta property=\"og:image:type\" content=\"image\/jpeg\" \/>\n<meta name=\"twitter:card\" content=\"summary_large_image\" \/>\n<meta name=\"twitter:label1\" content=\"Disponibilit\u00e9\" \/>\n\t<meta name=\"twitter:data1\" content=\"En stock\" \/>\n<script type=\"application\/ld+json\" class=\"yoast-schema-graph\">{\"@context\":\"https:\/\/schema.org\",\"@graph\":[{\"@type\":\"WebPage\",\"@id\":\"https:\/\/www.nordshark.com\/product\/buy-german-instagram-comments\/\",\"url\":\"https:\/\/www.nordshark.com\/product\/buy-german-instagram-comments\/\",\"name\":\"Buy German Instagram Comments - Boost Your Engagement\",\"isPartOf\":{\"@id\":\"https:\/\/www.nordshark.com\/#website\"},\"primaryImageOfPage\":{\"@id\":\"https:\/\/www.nordshark.com\/product\/buy-german-instagram-comments\/#primaryimage\"},\"image\":{\"@id\":\"https:\/\/www.nordshark.com\/product\/buy-german-instagram-comments\/#primaryimage\"},\"thumbnailUrl\":\"https:\/\/www.nordshark.com\/wp-content\/uploads\/2024\/02\/German.Comments.jpg\",\"datePublished\":\"2024-02-17T19:38:51+00:00\",\"dateModified\":\"2024-03-04T13:08:29+00:00\",\"description\":\"Buy German Instagram comments to increase engagement. Get real comments from German users. Instant delivery, secure payment. Buy now!\",\"breadcrumb\":{\"@id\":\"https:\/\/www.nordshark.com\/product\/buy-german-instagram-comments\/#breadcrumb\"},\"inLanguage\":\"fr-FR\",\"potentialAction\":[{\"@type\":\"ReadAction\",\"target\":[\"https:\/\/www.nordshark.com\/product\/buy-german-instagram-comments\/\"]}]},{\"@type\":\"ImageObject\",\"inLanguage\":\"fr-FR\",\"@id\":\"https:\/\/www.nordshark.com\/product\/buy-german-instagram-comments\/#primaryimage\",\"url\":\"https:\/\/www.nordshark.com\/wp-content\/uploads\/2024\/02\/German.Comments.jpg\",\"contentUrl\":\"https:\/\/www.nordshark.com\/wp-content\/uploads\/2024\/02\/German.Comments.jpg\",\"width\":800,\"height\":800,\"caption\":\"Buy German Instagram Comments\"},{\"@type\":\"BreadcrumbList\",\"@id\":\"https:\/\/www.nordshark.com\/product\/buy-german-instagram-comments\/#breadcrumb\",\"itemListElement\":[{\"@type\":\"ListItem\",\"position\":1,\"name\":\"Home\",\"item\":\"https:\/\/www.nordshark.com\/\"},{\"@type\":\"ListItem\",\"position\":2,\"name\":\"Shop\",\"item\":\"https:\/\/www.nordshark.com\/shop\/\"},{\"@type\":\"ListItem\",\"position\":3,\"name\":\"German Instagram Comments\"}]},{\"@type\":\"WebSite\",\"@id\":\"https:\/\/www.nordshark.com\/#website\",\"url\":\"https:\/\/www.nordshark.com\/\",\"name\":\"Nordshark\",\"description\":\"\",\"potentialAction\":[{\"@type\":\"SearchAction\",\"target\":{\"@type\":\"EntryPoint\",\"urlTemplate\":\"https:\/\/www.nordshark.com\/?s={search_term_string}\"},\"query-input\":{\"@type\":\"PropertyValueSpecification\",\"valueRequired\":true,\"valueName\":\"search_term_string\"}}],\"inLanguage\":\"fr-FR\"}]}<\/script>\n<meta property=\"og:availability\" content=\"instock\" \/>\n<meta property=\"product:availability\" content=\"instock\" \/>\n<meta property=\"product:condition\" content=\"new\" \/>\n<!-- \/ Yoast SEO Premium plugin. -->","yoast_head_json":{"title":"Buy German Instagram Comments - Boost Your Engagement","description":"Buy German Instagram comments to increase engagement. Get real comments from German users. Instant delivery, secure payment. Buy now!","robots":{"index":"index","follow":"follow","max-snippet":"max-snippet:-1","max-image-preview":"max-image-preview:large","max-video-preview":"max-video-preview:-1"},"canonical":"https:\/\/www.nordshark.com\/fr\/product\/acheter-des-commentaires-instagram-allemand\/","og_locale":"fr_FR","og_type":"article","og_title":"German Instagram Comments","og_description":"Buy German Instagram comments to increase engagement. Get real comments from German users. Instant delivery, secure payment. Buy now!","og_url":"https:\/\/www.nordshark.com\/fr\/product\/acheter-des-commentaires-instagram-allemand\/","og_site_name":"Nordshark","article_modified_time":"2024-03-04T13:08:29+00:00","og_image":[{"width":800,"height":800,"url":"https:\/\/www.nordshark.com\/wp-content\/uploads\/2024\/02\/German.Comments.jpg","type":"image\/jpeg"}],"twitter_card":"summary_large_image","twitter_misc":{"Disponibilit\u00e9":"En stock"},"schema":{"@context":"https:\/\/schema.org","@graph":[{"@type":"WebPage","@id":"https:\/\/www.nordshark.com\/product\/buy-german-instagram-comments\/","url":"https:\/\/www.nordshark.com\/product\/buy-german-instagram-comments\/","name":"Buy German Instagram Comments - Boost Your Engagement","isPartOf":{"@id":"https:\/\/www.nordshark.com\/#website"},"primaryImageOfPage":{"@id":"https:\/\/www.nordshark.com\/product\/buy-german-instagram-comments\/#primaryimage"},"image":{"@id":"https:\/\/www.nordshark.com\/product\/buy-german-instagram-comments\/#primaryimage"},"thumbnailUrl":"https:\/\/www.nordshark.com\/wp-content\/uploads\/2024\/02\/German.Comments.jpg","datePublished":"2024-02-17T19:38:51+00:00","dateModified":"2024-03-04T13:08:29+00:00","description":"Buy German Instagram comments to increase engagement. Get real comments from German users. Instant delivery, secure payment. Buy now!","breadcrumb":{"@id":"https:\/\/www.nordshark.com\/product\/buy-german-instagram-comments\/#breadcrumb"},"inLanguage":"fr-FR","potentialAction":[{"@type":"ReadAction","target":["https:\/\/www.nordshark.com\/product\/buy-german-instagram-comments\/"]}]},{"@type":"ImageObject","inLanguage":"fr-FR","@id":"https:\/\/www.nordshark.com\/product\/buy-german-instagram-comments\/#primaryimage","url":"https:\/\/www.nordshark.com\/wp-content\/uploads\/2024\/02\/German.Comments.jpg","contentUrl":"https:\/\/www.nordshark.com\/wp-content\/uploads\/2024\/02\/German.Comments.jpg","width":800,"height":800,"caption":"Buy German Instagram Comments"},{"@type":"BreadcrumbList","@id":"https:\/\/www.nordshark.com\/product\/buy-german-instagram-comments\/#breadcrumb","itemListElement":[{"@type":"ListItem","position":1,"name":"Home","item":"https:\/\/www.nordshark.com\/"},{"@type":"ListItem","position":2,"name":"Shop","item":"https:\/\/www.nordshark.com\/shop\/"},{"@type":"ListItem","position":3,"name":"German Instagram Comments"}]},{"@type":"WebSite","@id":"https:\/\/www.nordshark.com\/#website","url":"https:\/\/www.nordshark.com\/","name":"Nordshark","description":"","potentialAction":[{"@type":"SearchAction","target":{"@type":"EntryPoint","urlTemplate":"https:\/\/www.nordshark.com\/?s={search_term_string}"},"query-input":{"@type":"PropertyValueSpecification","valueRequired":true,"valueName":"search_term_string"}}],"inLanguage":"fr-FR"}]},"og_availability":"instock","product_availability":"instock","product_condition":"new"},"_links":{"self":[{"href":"https:\/\/www.nordshark.com\/fr\/wp-json\/wp\/v2\/product\/313","targetHints":{"allow":["GET"]}}],"collection":[{"href":"https:\/\/www.nordshark.com\/fr\/wp-json\/wp\/v2\/product"}],"about":[{"href":"https:\/\/www.nordshark.com\/fr\/wp-json\/wp\/v2\/types\/product"}],"replies":[{"embeddable":true,"href":"https:\/\/www.nordshark.com\/fr\/wp-json\/wp\/v2\/comments?post=313"}],"wp:featuredmedia":[{"embeddable":true,"href":"https:\/\/www.nordshark.com\/fr\/wp-json\/wp\/v2\/media\/794"}],"wp:attachment":[{"href":"https:\/\/www.nordshark.com\/fr\/wp-json\/wp\/v2\/media?parent=313"}],"wp:term":[{"taxonomy":"product_cat","embeddable":true,"href":"https:\/\/www.nordshark.com\/fr\/wp-json\/wp\/v2\/product_cat?post=313"},{"taxonomy":"product_tag","embeddable":true,"href":"https:\/\/www.nordshark.com\/fr\/wp-json\/wp\/v2\/product_tag?post=313"}],"curies":[{"name":"wp","href":"https:\/\/api.w.org\/{rel}","templated":true}]}}