{"id":2787,"date":"2024-03-12T12:40:28","date_gmt":"2024-03-12T11:40:28","guid":{"rendered":"https:\/\/www.nordshark.com\/?post_type=product&#038;p=2787"},"modified":"2024-03-12T12:49:45","modified_gmt":"2024-03-12T11:49:45","slug":"buy-french-instagram-engagement","status":"publish","type":"product","link":"https:\/\/www.nordshark.com\/fr\/product\/buy-french-instagram-engagement\/","title":{"rendered":"French Instagram Engagement"},"content":{"rendered":"<div id=\"fws_69fb74dd6bd51\"  data-column-margin=\"default\" data-midnight=\"dark\" data-top-percent=\"8%\"  class=\"wpb_row vc_row-fluid vc_row full-width-section  right_padding_10pct left_padding_10pct\"  style=\"padding-top: calc(100vw * 0.08); padding-bottom: 0px; \"><div class=\"row-bg-wrap\" data-bg-animation=\"none\" data-bg-animation-delay=\"\" data-bg-overlay=\"false\"><div class=\"inner-wrap row-bg-layer\" ><div class=\"row-bg viewport-desktop\"  style=\"\"><\/div><\/div><\/div><div class=\"row_col_wrap_12 col span_12 dark left\">\n\t<div  class=\"vc_col-sm-12 wpb_column column_container vc_column_container col no-extra-padding inherit_tablet inherit_phone\"  data-padding-pos=\"all\" data-has-bg-color=\"false\" data-bg-color=\"\" data-bg-opacity=\"1\" data-animation=\"\" data-delay=\"0\" >\n\t\t<div class=\"vc_column-inner\" >\n\t\t\t<div class=\"wpb_wrapper\">\n\t\t\t\t<div id=\"fws_69fb74dd6beb2\" data-midnight=\"\" data-column-margin=\"default\" class=\"wpb_row vc_row-fluid vc_row inner_row\"  style=\"padding-bottom: 4%; \"><div class=\"row-bg-wrap\"> <div class=\"row-bg\" ><\/div> <\/div><div class=\"row_col_wrap_12_inner col span_12  left\">\n\t<div  class=\"vc_col-sm-12 wpb_column column_container vc_column_container col child_column centered-text no-extra-padding inherit_tablet inherit_phone\"   data-padding-pos=\"all\" data-has-bg-color=\"false\" data-bg-color=\"\" data-bg-opacity=\"1\" data-animation=\"\" data-delay=\"0\" >\n\t\t<div class=\"vc_column-inner\" >\n\t\t<div class=\"wpb_wrapper\">\n\t\t\t<div class=\"nectar-highlighted-text font_size_2vw font_size_tablet_6vw font_line_height_1-0\" data-style=\"none\" data-exp=\"default\" data-using-custom-color=\"false\" data-animation-delay=\"false\" data-color=\"\" data-color-gradient=\"\" style=\"\"><h3>Questions fr\u00e9quemment pos\u00e9es<\/h3>\n<\/div>\n\t\t<\/div> \n\t<\/div>\n\t<\/div> \n<\/div><\/div>\n\t\t\t<\/div> \n\t\t<\/div>\n\t<\/div> \n<\/div><\/div>\n\t\t<div id=\"fws_69fb74dd6c045\"  data-column-margin=\"custom\" data-midnight=\"dark\" data-top-percent=\"3%\" data-bottom-percent=\"3%\"  class=\"wpb_row vc_row-fluid vc_row full-width-content vc_row-o-equal-height vc_row-flex vc_row-o-content-middle  right_padding_7vw left_padding_7vw column-margin-7vw\"  style=\"padding-top: calc(100vw * 0.03); padding-bottom: calc(100vw * 0.03); \"><div class=\"row-bg-wrap\" data-bg-animation=\"none\" data-bg-animation-delay=\"\" data-bg-overlay=\"false\"><div class=\"inner-wrap row-bg-layer\" ><div class=\"row-bg viewport-desktop using-bg-color\"  style=\"background-color: #f8f8f8; \"><\/div><\/div><\/div><div class=\"row_col_wrap_12 col span_12 dark left\">\n\t<div  class=\"vc_col-sm-6 wpb_column column_container vc_column_container col left_padding_desktop_2vw\"  data-padding-pos=\"all\" data-has-bg-color=\"false\" data-bg-color=\"\" data-bg-opacity=\"1\" data-animation=\"\" data-delay=\"0\" >\n\t\t<div class=\"vc_column-inner\" >\n\t\t\t<div class=\"wpb_wrapper\">\n\t\t\t\t<div class=\"toggles accordion\" data-br=\"\" data-starting=\"default\" data-style=\"minimal\"><div class=\"toggle accent-color\" data-inner-wrap=\"true\"><h3 class=\"toggle-title\"><a href=\"#\" role=\"button\" class=\"nectar-inherit-h4 toggle-heading\"><i role=\"presentation\" class=\"fa fa-plus-circle\"><\/i>Why should I buy French Instagram Engagement?<\/a><\/h3><div><div class=\"inner-toggle-wrap\">\n<div class=\"wpb_text_column wpb_content_element\" >\n\t<div class=\"wpb_wrapper\">\n\t\t<p>Purchasing French Instagram Engagement can enhance your visibility and credibility within the French market, making your content more attractive to this specific audience.<\/p>\n\t<\/div>\n<\/div>\n\n\n\n<\/div><\/div><\/div><div class=\"toggle accent-color\" data-inner-wrap=\"true\"><h3 class=\"toggle-title\"><a href=\"#\" role=\"button\" class=\"nectar-inherit-h4 toggle-heading\"><i role=\"presentation\" class=\"fa fa-plus-circle\"><\/i>Combien de temps prend la livraison ?<\/a><\/h3><div><div class=\"inner-toggle-wrap\">\n<div class=\"wpb_text_column wpb_content_element\" >\n\t<div class=\"wpb_wrapper\">\n\t\t<p>Delivery typically begins within 1-12 hours of your purchase, with full completion depending on the size of the order.<\/p>\n\t<\/div>\n<\/div>\n\n\n\n<\/div><\/div><\/div><div class=\"toggle accent-color\" data-inner-wrap=\"true\"><h3 class=\"toggle-title\"><a href=\"#\" role=\"button\" class=\"nectar-inherit-h4 toggle-heading\"><i role=\"presentation\" class=\"fa fa-plus-circle\"><\/i>Is it safe to buy French Instagram Engagement for my account?<\/a><\/h3><div><div class=\"inner-toggle-wrap\">\n<div class=\"wpb_text_column wpb_content_element\" >\n\t<div class=\"wpb_wrapper\">\n\t\t<p>Yes, it&#8217;s safe. We utilize genuine methods to boost engagement, ensuring your account remains compliant with Instagram&#8217;s policies.<\/p>\n\t<\/div>\n<\/div>\n\n\n\n<\/div><\/div><\/div><\/div>\n\n\n\n\n\n\n\n\n\n\n\n\n\n\n\n\n\n\n\n\n\t\t\t<\/div> \n\t\t<\/div>\n\t<\/div> \n\n\t<div  class=\"vc_col-sm-6 wpb_column column_container vc_column_container col top_margin_tablet_10pct right_padding_desktop_2vw\"  data-padding-pos=\"all\" data-has-bg-color=\"false\" data-bg-color=\"\" data-bg-opacity=\"1\" data-animation=\"\" data-delay=\"0\" >\n\t\t<div class=\"vc_column-inner\" >\n\t\t\t<div class=\"wpb_wrapper\">\n\t\t\t\t<div id=\"fws_69fb74dd6c2f2\" data-midnight=\"\" data-column-margin=\"default\" class=\"wpb_row vc_row-fluid vc_row inner_row\"  style=\"\"><div class=\"row-bg-wrap\"> <div class=\"row-bg\" ><\/div> <\/div><div class=\"row_col_wrap_12_inner col span_12  left\">\n\t<div  class=\"vc_col-sm-12 wpb_column column_container vc_column_container col child_column col-overflow-hidden mask_shape_circle-rect mask_size_contain top_padding_desktop_20pct bottom_padding_desktop_20pct\"   data-border-radius=\"15px\" data-video-bg=\"true\" data-overlay-color=\"true\" data-padding-pos=\"all\" data-has-bg-color=\"false\" data-bg-color=\"\" data-bg-opacity=\"1\" data-animation=\"\" data-delay=\"0\" >\n\t\t<div class=\"vc_column-inner\" >\n  <div class=\"nectar-video-wrap column-bg-layer column-video\">\n        <video class=\"nectar-video-bg\" width=\"1800\" height=\"700\" preload=\"auto\" loop autoplay muted playsinline><source src=\"https:\/\/www.nordshark.com\/wp-content\/uploads\/2024\/02\/faq2.mp4\"  type=\"video\/mp4\"><\/video><\/div><div class=\"column-bg-overlay-wrap column-bg-layer\" data-bg-animation=\"none\"><div class=\"column-bg-overlay\"><\/div><div class=\"column-overlay-layer\" style=\"\"><\/div><\/div>\n\t\t<div class=\"wpb_wrapper\">\n\t\t\t\n\t\t<\/div> \n\t<\/div>\n\t<\/div> \n<\/div><\/div>\n\t\t\t<\/div> \n\t\t<\/div>\n\t<\/div> \n<\/div><\/div>\n\t\t<div id=\"fws_69fb74dd6c3aa\"  data-column-margin=\"default\" data-midnight=\"dark\" data-top-percent=\"5%\" data-bottom-percent=\"5%\"  class=\"wpb_row vc_row-fluid vc_row  right_padding_5pct left_padding_5pct\"  style=\"padding-top: calc(100vw * 0.05); padding-bottom: calc(100vw * 0.05); \"><div class=\"row-bg-wrap\" data-bg-animation=\"none\" data-bg-animation-delay=\"\" data-bg-overlay=\"false\"><div class=\"inner-wrap row-bg-layer\" ><div class=\"row-bg viewport-desktop\"  style=\"\"><\/div><\/div><\/div><div class=\"row_col_wrap_12 col span_12 dark left\">\n\t<div  class=\"vc_col-sm-12 wpb_column column_container vc_column_container col no-extra-padding inherit_tablet inherit_phone\"  data-padding-pos=\"all\" data-has-bg-color=\"false\" data-bg-color=\"\" data-bg-opacity=\"1\" data-animation=\"\" data-delay=\"0\" >\n\t\t<div class=\"vc_column-inner\" >\n\t\t\t<div class=\"wpb_wrapper\">\n\t\t\t\t\n<div class=\"wpb_text_column wpb_content_element\" >\n\t<div class=\"wpb_wrapper\">\n\t\t<h1><span style=\"color: #333333;\">Am\u00e9liorez votre pr\u00e9sence Instagram avec Nordshark !<\/span><\/h1>\n<p><span style=\"color: #333333;\">Tu cherches \u00e0 augmenter le nombre de tes abonn\u00e9s Instagram ? Ne cherche pas plus loin ! Nordshark propose une solution sans tracas pour...\u00a0<strong>ach\u00e8te des abonn\u00e9s Instagram<\/strong>\u00a0et booste ta pr\u00e9sence sur les r\u00e9seaux sociaux.<\/span><\/p>\n<h2><span style=\"color: #333333;\">Pourquoi acheter des followers sur Instagram ?<\/span><\/h2>\n<p><span style=\"color: #333333;\">Faire grandir ta communaut\u00e9 Instagram de mani\u00e8re naturelle peut \u00eatre un processus lent et difficile. Mais en achetant des followers Instagram chez Nordshark, tu peux acc\u00e9l\u00e9rer ta croissance sur les r\u00e9seaux sociaux et atteindre plus efficacement ton audience cible.<\/span><\/p>\n<h3><span style=\"color: #333333;\">Avantages d'acheter des followers sur Instagram<\/span><\/h3>\n<ul>\n<li><span style=\"color: #333333;\">Boost instantan\u00e9 : Avec nos services, tu peux augmenter ton nombre de followers instantan\u00e9ment et am\u00e9liorer ta cr\u00e9dibilit\u00e9 sur Instagram.<\/span><\/li>\n<li><span style=\"color: #333333;\">Engagement accru : Plus de followers entra\u00eenent une visibilit\u00e9 accrue, des likes, des commentaires et une participation globale sur vos publications.<\/span><\/li>\n<li><span style=\"color: #333333;\">Preuve sociale \u00e9lev\u00e9e : Un nombre \u00e9lev\u00e9 de followers attire non seulement de nouveaux followers, mais impressionne \u00e9galement les potentiels partenaires de marque et les clients.<\/span><\/li>\n<li><span style=\"color: #333333;\">R\u00e9sultats rapides : Ne perds pas de temps \u00e0 attendre une croissance organique. Commence \u00e0 voir des r\u00e9sultats imm\u00e9diatement avec les packages de followers Instagram de Nordshark.<\/span><\/li>\n<li><span style=\"color: #333333;\">Avantage concurrentiel : D\u00e9marquez-vous de la foule et obtenez un avantage concurrentiel dans le jeu du marketing sur Instagram.<\/span><\/li>\n<\/ul>\n<h2><span style=\"color: #333333;\">Pourquoi choisir Nordshark ?<\/span><\/h2>\n<p><span style=\"color: #333333;\">Chez Nordshark, notre priorit\u00e9 est la satisfaction client et nous proposons des abonn\u00e9s Instagram de haute qualit\u00e9 qui sont r\u00e9els et actifs. Voici pourquoi vous devriez nous choisir :<\/span><\/p>\n<ul>\n<li><span style=\"color: #333333;\">Vrais followers Instagram : On se fie pas aux bots ou aux comptes faux. Tous nos followers sont authentiques et interagissent avec ton contenu.<\/span><\/li>\n<li><span style=\"color: #333333;\">S\u00e9curit\u00e9 assur\u00e9e : Nous utilisons des mesures de s\u00e9curit\u00e9 avanc\u00e9es pour garantir que votre compte Instagram ne soit jamais compromis.<\/span><\/li>\n<li><span style=\"color: #333333;\">Livraison rapide : D\u00e8s que tu ach\u00e8tes un pack, tu commences \u00e0 voir une am\u00e9lioration de ton nombre d'abonn\u00e9s.<\/span><\/li>\n<li><span style=\"color: #333333;\">Prix abordables : Nous proposons des tarifs comp\u00e9titifs, rendant ainsi notre offre accessible \u00e0 toutes les entreprises et influenceurs, quelles que soient leur taille.<\/span><\/li>\n<li><span style=\"color: #333333;\">Support client exceptionnel : Notre \u00e9quipe d\u00e9vou\u00e9e est disponible 24h\/24 et 7j\/7 pour t'aider avec toutes tes questions ou pr\u00e9occupations.<\/span><\/li>\n<\/ul>\n<h3><span style=\"color: #333333;\">Comment acheter des followers Instagram avec Nordshark<\/span><\/h3>\n<ol>\n<li><span style=\"color: #333333;\">Visite notre site web sur www.nordshark.com.<\/span><\/li>\n<li><span style=\"color: #333333;\">S\u00e9lectionne le package qui correspond \u00e0 tes besoins et ton budget.<\/span><\/li>\n<li><span style=\"color: #333333;\">Fournis-nous ton pseudo Instagram.<\/span><\/li>\n<li><span style=\"color: #333333;\">Choisissez un moyen de paiement appropri\u00e9 et finalisez votre achat.<\/span><\/li>\n<li><span style=\"color: #333333;\">Installe-toi et regarde le nombre de tes abonn\u00e9s augmenter !<\/span><\/li>\n<\/ol>\n<h2><span style=\"color: #333333;\">Commence d\u00e8s aujourd'hui !<\/span><\/h2>\n<p><span style=\"color: #333333;\">Ne manque pas les opportunit\u00e9s incroyables qui viennent avec une forte pr\u00e9sence sur Instagram. Donne un coup de boost \u00e0 ton jeu sur les r\u00e9seaux sociaux et ach\u00e8te des abonn\u00e9s Instagram chez Nordshark. Lance-toi d\u00e8s aujourd'hui et d\u00e9couvre la puissance de la croissance sur les m\u00e9dias sociaux !<\/span><\/p>\n<p><span style=\"color: #333333;\">Avertissement : Il est important de noter que l'achat de followers sur Instagram doit \u00eatre accompagn\u00e9 d'un contenu authentique et d'un engagement constant pour garantir un succ\u00e8s \u00e0 long terme.<\/span><\/p>\n\t<\/div>\n<\/div>\n\n\n\n\n\t\t\t<\/div> \n\t\t<\/div>\n\t<\/div> \n<\/div><\/div>\n\t\t<div id=\"fws_69fb74dd6c532\"  data-column-margin=\"default\" data-midnight=\"light\" data-top-percent=\"10%\" data-bottom-percent=\"10%\"  class=\"wpb_row vc_row-fluid vc_row full-width-content vc_row-o-equal-height vc_row-flex vc_row-o-content-top  zindex-set mobile-disable-bg-image-animation right_padding_8pct left_padding_8pct nectar-overflow-hidden top_padding_phone_25pct bottom_padding_phone_25pct\"  style=\"padding-top: calc(100vw * 0.10); padding-bottom: calc(100vw * 0.10);  z-index: 100;\"><div class=\"row-bg-wrap\" data-bg-animation=\"fade-in\" data-bg-animation-delay=\"\" data-bg-overlay=\"true\"><div class=\"inner-wrap row-bg-layer\" style=\"background-color: #2b323a;\" ><div class=\"row-bg viewport-desktop using-bg-color\"  style=\"background-color: #2b323a; \"><\/div><\/div><div class=\"row-bg-overlay row-bg-layer\" style=\"background-color:rgba(0,0,0,0.78);  opacity: 0.8; \"><\/div><\/div>\n\t\t\t<div class=\"video-color-overlay row-bg-layer\" data-color=\"\"><\/div>\n\t\t\t\n\t\t\t<div class=\"nectar-video-wrap row-bg-layer\" data-bg-alignment=\"\">\n\t\t\t\t<div class=\"nectar-video-inner\">\n\t\t\t\t<video class=\"nectar-video-bg\" width=\"1800\" height=\"700\" preload=\"auto\" loop autoplay muted playsinline><source src=\"https:\/\/www.nordshark.com\/wp-content\/uploads\/2024\/02\/AdobeStock_454354002.mp4\"  type=\"video\/mp4\"><\/video>    \t\t<\/div>\n\t\t\t <\/div>\n\n\t\t\t<div class=\"row_col_wrap_12 col span_12 light left\">\n\t<div  class=\"vc_col-sm-12 wpb_column column_container vc_column_container col no-extra-padding column_position_static el_spacing_0px inherit_tablet inherit_phone\"  data-padding-pos=\"top-bottom\" data-has-bg-color=\"false\" data-bg-color=\"\" data-bg-opacity=\"1\" data-animation=\"\" data-delay=\"0\" >\n\t\t<div class=\"vc_column-inner\" >\n\t\t\t<div class=\"wpb_wrapper\">\n\t\t\t\t<div id=\"fws_69fb74dd6c5fe\" data-midnight=\"\" data-column-margin=\"none\" class=\"wpb_row vc_row-fluid vc_row inner_row  right_padding_13vw left_padding_13vw\"  style=\" z-index: 10;\"><div class=\"row-bg-wrap\"> <div class=\"row-bg\" ><\/div> <\/div><div class=\"row_col_wrap_12_inner col span_12  left\">\n\t<div  class=\"vc_col-sm-12 wpb_column column_container vc_column_container col child_column centered-text no-extra-padding inherit_tablet inherit_phone\"   data-padding-pos=\"all\" data-has-bg-color=\"false\" data-bg-color=\"\" data-bg-opacity=\"1\" data-animation=\"\" data-delay=\"0\" >\n\t\t<div class=\"vc_column-inner\" >\n\t\t<div class=\"wpb_wrapper\">\n\t\t\t<div class=\"nectar-split-heading  font_size_9vw font_size_tablet_10vw font_line_height_0-95\" data-align=\"left\" data-m-align=\"inherit\" data-text-effect=\"letter-reveal-bottom\" data-animation-type=\"line-reveal-by-space\" data-animation-delay=\"150\" data-animation-offset=\"\" data-m-rm-animation=\"true\" data-stagger=\"true\" data-custom-font-size=\"true\" style=\"font-size: 9vw; line-height: 9.9vw;\"><h1 >Le meilleur.<\/h1><\/div>\n\t\t<\/div> \n\t<\/div>\n\t<\/div> \n<\/div><\/div>\n\t\t\t<\/div> \n\t\t<\/div>\n\t<\/div> \n<\/div><\/div>","protected":false},"excerpt":{"rendered":"<p>Comptes de haute qualit\u00e9 r\u00e9els.<br \/>\n\u2714 Start Time: Instant<br \/>\n\u2714 Paiements uniques - Pas d'abonnement<\/p>\n<p>Pour <strong>International \n\nFrench translation: International<\/strong>\u00a0Engagement <strong><span style=\"color: #0000ff;\"><a style=\"color: #0000ff;\" href=\"https:\/\/www.nordshark.com\/fr\/product\/buy-instagram-engagement\/\">Clique ici<\/a><\/span><\/strong><\/p>","protected":false},"featured_media":0,"comment_status":"open","ping_status":"closed","template":"","meta":{"inline_featured_image":false},"product_cat":[29,77,32],"product_tag":[74,33],"class_list":{"0":"post-2787","1":"product","2":"type-product","3":"status-publish","5":"product_cat-instagram","6":"product_cat-instagram-engagement","7":"product_cat-social-store","8":"product_tag-country-related-instagram-engagement","9":"product_tag-instagram-link","11":"first","12":"instock","13":"sale","14":"sold-individually","15":"shipping-taxable","16":"purchasable","17":"product-type-variable","18":"has-default-attributes"},"yoast_head":"<!-- This site is optimized with the Yoast SEO Premium plugin v23.6 (Yoast SEO v24.1) - https:\/\/yoast.com\/wordpress\/plugins\/seo\/ -->\n<title>Boost Your Profile with French Instagram Engagement<\/title>\n<meta name=\"description\" content=\"Elevate your Instagram with our French engagement services. Get more likes, comments, and followers to enhance your social media presence.\" \/>\n<meta name=\"robots\" content=\"index, follow, max-snippet:-1, max-image-preview:large, max-video-preview:-1\" \/>\n<link rel=\"canonical\" href=\"https:\/\/www.nordshark.com\/fr\/product\/buy-french-instagram-engagement\/\" \/>\n<meta property=\"og:locale\" content=\"fr_FR\" \/>\n<meta property=\"og:type\" content=\"article\" \/>\n<meta property=\"og:title\" content=\"French Instagram Engagement\" \/>\n<meta property=\"og:description\" content=\"Elevate your Instagram with our French engagement services. Get more likes, comments, and followers to enhance your social media presence.\" \/>\n<meta property=\"og:url\" content=\"https:\/\/www.nordshark.com\/fr\/product\/buy-french-instagram-engagement\/\" \/>\n<meta property=\"og:site_name\" content=\"Nordshark\" \/>\n<meta property=\"article:modified_time\" content=\"2024-03-12T11:49:45+00:00\" \/>\n<meta name=\"twitter:card\" content=\"summary_large_image\" \/>\n<meta name=\"twitter:label1\" content=\"Disponibilit\u00e9\" \/>\n\t<meta name=\"twitter:data1\" content=\"En stock\" \/>\n<script type=\"application\/ld+json\" class=\"yoast-schema-graph\">{\"@context\":\"https:\/\/schema.org\",\"@graph\":[{\"@type\":\"WebPage\",\"@id\":\"https:\/\/www.nordshark.com\/product\/buy-french-instagram-engagement\/\",\"url\":\"https:\/\/www.nordshark.com\/product\/buy-french-instagram-engagement\/\",\"name\":\"Boost Your Profile with French Instagram Engagement\",\"isPartOf\":{\"@id\":\"https:\/\/www.nordshark.com\/#website\"},\"datePublished\":\"2024-03-12T11:40:28+00:00\",\"dateModified\":\"2024-03-12T11:49:45+00:00\",\"description\":\"Elevate your Instagram with our French engagement services. Get more likes, comments, and followers to enhance your social media presence.\",\"breadcrumb\":{\"@id\":\"https:\/\/www.nordshark.com\/product\/buy-french-instagram-engagement\/#breadcrumb\"},\"inLanguage\":\"fr-FR\",\"potentialAction\":[{\"@type\":\"ReadAction\",\"target\":[\"https:\/\/www.nordshark.com\/product\/buy-french-instagram-engagement\/\"]}]},{\"@type\":\"BreadcrumbList\",\"@id\":\"https:\/\/www.nordshark.com\/product\/buy-french-instagram-engagement\/#breadcrumb\",\"itemListElement\":[{\"@type\":\"ListItem\",\"position\":1,\"name\":\"Home\",\"item\":\"https:\/\/www.nordshark.com\/\"},{\"@type\":\"ListItem\",\"position\":2,\"name\":\"Shop\",\"item\":\"https:\/\/www.nordshark.com\/shop\/\"},{\"@type\":\"ListItem\",\"position\":3,\"name\":\"French Instagram Engagement\"}]},{\"@type\":\"WebSite\",\"@id\":\"https:\/\/www.nordshark.com\/#website\",\"url\":\"https:\/\/www.nordshark.com\/\",\"name\":\"Nordshark\",\"description\":\"\",\"potentialAction\":[{\"@type\":\"SearchAction\",\"target\":{\"@type\":\"EntryPoint\",\"urlTemplate\":\"https:\/\/www.nordshark.com\/?s={search_term_string}\"},\"query-input\":{\"@type\":\"PropertyValueSpecification\",\"valueRequired\":true,\"valueName\":\"search_term_string\"}}],\"inLanguage\":\"fr-FR\"}]}<\/script>\n<meta property=\"og:availability\" content=\"instock\" \/>\n<meta property=\"product:availability\" content=\"instock\" \/>\n<meta property=\"product:condition\" content=\"new\" \/>\n<!-- \/ Yoast SEO Premium plugin. -->","yoast_head_json":{"title":"Boost Your Profile with French Instagram Engagement","description":"Elevate your Instagram with our French engagement services. Get more likes, comments, and followers to enhance your social media presence.","robots":{"index":"index","follow":"follow","max-snippet":"max-snippet:-1","max-image-preview":"max-image-preview:large","max-video-preview":"max-video-preview:-1"},"canonical":"https:\/\/www.nordshark.com\/fr\/product\/buy-french-instagram-engagement\/","og_locale":"fr_FR","og_type":"article","og_title":"French Instagram Engagement","og_description":"Elevate your Instagram with our French engagement services. Get more likes, comments, and followers to enhance your social media presence.","og_url":"https:\/\/www.nordshark.com\/fr\/product\/buy-french-instagram-engagement\/","og_site_name":"Nordshark","article_modified_time":"2024-03-12T11:49:45+00:00","twitter_card":"summary_large_image","twitter_misc":{"Disponibilit\u00e9":"En stock"},"schema":{"@context":"https:\/\/schema.org","@graph":[{"@type":"WebPage","@id":"https:\/\/www.nordshark.com\/product\/buy-french-instagram-engagement\/","url":"https:\/\/www.nordshark.com\/product\/buy-french-instagram-engagement\/","name":"Boost Your Profile with French Instagram Engagement","isPartOf":{"@id":"https:\/\/www.nordshark.com\/#website"},"datePublished":"2024-03-12T11:40:28+00:00","dateModified":"2024-03-12T11:49:45+00:00","description":"Elevate your Instagram with our French engagement services. Get more likes, comments, and followers to enhance your social media presence.","breadcrumb":{"@id":"https:\/\/www.nordshark.com\/product\/buy-french-instagram-engagement\/#breadcrumb"},"inLanguage":"fr-FR","potentialAction":[{"@type":"ReadAction","target":["https:\/\/www.nordshark.com\/product\/buy-french-instagram-engagement\/"]}]},{"@type":"BreadcrumbList","@id":"https:\/\/www.nordshark.com\/product\/buy-french-instagram-engagement\/#breadcrumb","itemListElement":[{"@type":"ListItem","position":1,"name":"Home","item":"https:\/\/www.nordshark.com\/"},{"@type":"ListItem","position":2,"name":"Shop","item":"https:\/\/www.nordshark.com\/shop\/"},{"@type":"ListItem","position":3,"name":"French Instagram Engagement"}]},{"@type":"WebSite","@id":"https:\/\/www.nordshark.com\/#website","url":"https:\/\/www.nordshark.com\/","name":"Nordshark","description":"","potentialAction":[{"@type":"SearchAction","target":{"@type":"EntryPoint","urlTemplate":"https:\/\/www.nordshark.com\/?s={search_term_string}"},"query-input":{"@type":"PropertyValueSpecification","valueRequired":true,"valueName":"search_term_string"}}],"inLanguage":"fr-FR"}]},"og_availability":"instock","product_availability":"instock","product_condition":"new"},"_links":{"self":[{"href":"https:\/\/www.nordshark.com\/fr\/wp-json\/wp\/v2\/product\/2787","targetHints":{"allow":["GET"]}}],"collection":[{"href":"https:\/\/www.nordshark.com\/fr\/wp-json\/wp\/v2\/product"}],"about":[{"href":"https:\/\/www.nordshark.com\/fr\/wp-json\/wp\/v2\/types\/product"}],"replies":[{"embeddable":true,"href":"https:\/\/www.nordshark.com\/fr\/wp-json\/wp\/v2\/comments?post=2787"}],"wp:attachment":[{"href":"https:\/\/www.nordshark.com\/fr\/wp-json\/wp\/v2\/media?parent=2787"}],"wp:term":[{"taxonomy":"product_cat","embeddable":true,"href":"https:\/\/www.nordshark.com\/fr\/wp-json\/wp\/v2\/product_cat?post=2787"},{"taxonomy":"product_tag","embeddable":true,"href":"https:\/\/www.nordshark.com\/fr\/wp-json\/wp\/v2\/product_tag?post=2787"}],"curies":[{"name":"wp","href":"https:\/\/api.w.org\/{rel}","templated":true}]}}