{"id":278,"date":"2024-02-17T17:54:04","date_gmt":"2024-02-17T16:54:04","guid":{"rendered":"https:\/\/www.nordshark.com\/?post_type=product&#038;p=278"},"modified":"2024-02-27T20:21:24","modified_gmt":"2024-02-27T19:21:24","slug":"buy-italian-instagram-likes","status":"publish","type":"product","link":"https:\/\/www.nordshark.com\/fr\/product\/acheter-des-likes-instagram-italiens\/","title":{"rendered":"Likes italiens sur Instagram"},"content":{"rendered":"<div id=\"fws_69fb60b9a6dbd\"  data-column-margin=\"default\" data-midnight=\"dark\" data-top-percent=\"8%\"  class=\"wpb_row vc_row-fluid vc_row full-width-section  right_padding_10pct left_padding_10pct\"  style=\"padding-top: calc(100vw * 0.08); padding-bottom: 0px; \"><div class=\"row-bg-wrap\" data-bg-animation=\"none\" data-bg-animation-delay=\"\" data-bg-overlay=\"false\"><div class=\"inner-wrap row-bg-layer\" ><div class=\"row-bg viewport-desktop\"  style=\"\"><\/div><\/div><\/div><div class=\"row_col_wrap_12 col span_12 dark left\">\n\t<div  class=\"vc_col-sm-12 wpb_column column_container vc_column_container col no-extra-padding inherit_tablet inherit_phone\"  data-padding-pos=\"all\" data-has-bg-color=\"false\" data-bg-color=\"\" data-bg-opacity=\"1\" data-animation=\"\" data-delay=\"0\" >\n\t\t<div class=\"vc_column-inner\" >\n\t\t\t<div class=\"wpb_wrapper\">\n\t\t\t\t<div id=\"fws_69fb60b9a6ea9\" data-midnight=\"\" data-column-margin=\"default\" class=\"wpb_row vc_row-fluid vc_row inner_row\"  style=\"padding-bottom: 4%; \"><div class=\"row-bg-wrap\"> <div class=\"row-bg\" ><\/div> <\/div><div class=\"row_col_wrap_12_inner col span_12  left\">\n\t<div  class=\"vc_col-sm-12 wpb_column column_container vc_column_container col child_column centered-text no-extra-padding inherit_tablet inherit_phone\"   data-padding-pos=\"all\" data-has-bg-color=\"false\" data-bg-color=\"\" data-bg-opacity=\"1\" data-animation=\"\" data-delay=\"0\" >\n\t\t<div class=\"vc_column-inner\" >\n\t\t<div class=\"wpb_wrapper\">\n\t\t\t<div class=\"nectar-highlighted-text font_size_2vw font_size_tablet_6vw font_line_height_1-0\" data-style=\"none\" data-exp=\"default\" data-using-custom-color=\"false\" data-animation-delay=\"false\" data-color=\"\" data-color-gradient=\"\" style=\"\"><h3>Questions fr\u00e9quemment pos\u00e9es<\/h3>\n<\/div>\n\t\t<\/div> \n\t<\/div>\n\t<\/div> \n<\/div><\/div>\n\t\t\t<\/div> \n\t\t<\/div>\n\t<\/div> \n<\/div><\/div>\n\t\t<div id=\"fws_69fb60b9a6fdc\"  data-column-margin=\"custom\" data-midnight=\"dark\" data-top-percent=\"3%\" data-bottom-percent=\"3%\"  class=\"wpb_row vc_row-fluid vc_row full-width-content vc_row-o-equal-height vc_row-flex vc_row-o-content-middle  right_padding_7vw left_padding_7vw column-margin-7vw top_padding_phone_10pct bottom_padding_phone_10pct\"  style=\"padding-top: calc(100vw * 0.03); padding-bottom: calc(100vw * 0.03); \"><div class=\"row-bg-wrap\" data-bg-animation=\"none\" data-bg-animation-delay=\"\" data-bg-overlay=\"false\"><div class=\"inner-wrap row-bg-layer\" ><div class=\"row-bg viewport-desktop using-bg-color\"  style=\"background-color: #f8f8f8; \"><\/div><\/div><\/div><div class=\"row_col_wrap_12 col span_12 dark left\">\n\t<div  class=\"vc_col-sm-6 wpb_column column_container vc_column_container col left_padding_desktop_2vw\"  data-padding-pos=\"all\" data-has-bg-color=\"false\" data-bg-color=\"\" data-bg-opacity=\"1\" data-animation=\"\" data-delay=\"0\" >\n\t\t<div class=\"vc_column-inner\" >\n\t\t\t<div class=\"wpb_wrapper\">\n\t\t\t\t<div class=\"toggles accordion\" data-br=\"\" data-starting=\"default\" data-style=\"minimal\"><div class=\"toggle accent-color\" data-inner-wrap=\"true\"><h3 class=\"toggle-title\"><a href=\"#\" role=\"button\" class=\"nectar-inherit-h4 toggle-heading\"><i role=\"presentation\" class=\"fa fa-plus-circle\"><\/i>Pourquoi acheter des likes italiens sur Instagram ?\n \nNote: Informal French may vary depending on regions and individuals.<\/a><\/h3><div><div class=\"inner-toggle-wrap\">\n<div class=\"wpb_text_column wpb_content_element\" >\n\t<div class=\"wpb_wrapper\">\n\t\t<p>Acheter des \"likes\" Instagram italiens peut am\u00e9liorer ta pr\u00e9sence, renforcer ta cr\u00e9dibilit\u00e9 et augmenter ta visibilit\u00e9 aupr\u00e8s d'un public italophone.<\/p>\n\t<\/div>\n<\/div>\n\n\n\n<\/div><\/div><\/div><div class=\"toggle accent-color\" data-inner-wrap=\"true\"><h3 class=\"toggle-title\"><a href=\"#\" role=\"button\" class=\"nectar-inherit-h4 toggle-heading\"><i role=\"presentation\" class=\"fa fa-plus-circle\"><\/i>Combien de temps faut-il pour la livraison des \"J'aime\" italiens sur Instagram ?<\/a><\/h3><div><div class=\"inner-toggle-wrap\">\n<div class=\"wpb_text_column wpb_content_element\" >\n\t<div class=\"wpb_wrapper\">\n\t\t<p>La livraison des Likes Instagram italiens est g\u00e9n\u00e9ralement rapide, avec la plupart des clients constatant une augmentation en quelques heures. Le d\u00e9lai exact peut varier en fonction de la taille de la commande et de la demande.<\/p>\n\t<\/div>\n<\/div>\n\n\n\n<\/div><\/div><\/div><div class=\"toggle accent-color\" data-inner-wrap=\"true\"><h3 class=\"toggle-title\"><a href=\"#\" role=\"button\" class=\"nectar-inherit-h4 toggle-heading\"><i role=\"presentation\" class=\"fa fa-plus-circle\"><\/i>Quelle est la qualit\u00e9 des comptes qui fournissent les likes ?<\/a><\/h3><div><div class=\"inner-toggle-wrap\">\n<div class=\"wpb_text_column wpb_content_element\" >\n\t<div class=\"wpb_wrapper\">\n\t\t<p>On s'assure que les likes proviennent de vrais comptes Instagram italiens authentiques et actifs. Notre service se concentre sur la fourniture de likes de haute qualit\u00e9 de la part d'utilisateurs r\u00e9els, ce qui non seulement am\u00e9liore l'authenticit\u00e9 de votre engagement, mais contribue \u00e9galement \u00e0 maintenir l'int\u00e9grit\u00e9 de votre compte Instagram. Nous \u00e9vitons strictement d'utiliser des robots ou de faux comptes pour fournir des likes.<\/p>\n\t<\/div>\n<\/div>\n\n\n\n<\/div><\/div><\/div><\/div>\n\n\n\n\n\n\n\n\n\n\n\n\n\n\n\n\n\n\n\n\n\t\t\t<\/div> \n\t\t<\/div>\n\t<\/div> \n\n\t<div  class=\"vc_col-sm-6 vc_hidden-sm vc_hidden-xs wpb_column column_container vc_column_container col top_margin_tablet_10pct right_padding_desktop_2vw\"  data-padding-pos=\"all\" data-has-bg-color=\"false\" data-bg-color=\"\" data-bg-opacity=\"1\" data-animation=\"\" data-delay=\"0\" >\n\t\t<div class=\"vc_column-inner\" >\n\t\t\t<div class=\"wpb_wrapper\">\n\t\t\t\t<div id=\"fws_69fb60b9a71bc\" data-midnight=\"\" data-column-margin=\"default\" class=\"wpb_row vc_row-fluid vc_row inner_row\"  style=\"\"><div class=\"row-bg-wrap\"> <div class=\"row-bg\" ><\/div> <\/div><div class=\"row_col_wrap_12_inner col span_12  left\">\n\t<div  class=\"vc_col-sm-12 wpb_column column_container vc_column_container col child_column col-overflow-hidden mask_shape_circle-rect mask_size_contain top_padding_desktop_20pct bottom_padding_desktop_20pct\"   data-border-radius=\"15px\" data-video-bg=\"true\" data-overlay-color=\"true\" data-padding-pos=\"all\" data-has-bg-color=\"false\" data-bg-color=\"\" data-bg-opacity=\"1\" data-animation=\"\" data-delay=\"0\" >\n\t\t<div class=\"vc_column-inner\" >\n  <div class=\"nectar-video-wrap column-bg-layer column-video\">\n        <video class=\"nectar-video-bg\" width=\"1800\" height=\"700\" preload=\"auto\" loop autoplay muted playsinline><source src=\"https:\/\/www.nordshark.com\/wp-content\/uploads\/2024\/02\/faq2.mp4\"  type=\"video\/mp4\"><\/video><\/div><div class=\"column-bg-overlay-wrap column-bg-layer\" data-bg-animation=\"none\"><div class=\"column-bg-overlay\"><\/div><div class=\"column-overlay-layer\" style=\"\"><\/div><\/div>\n\t\t<div class=\"wpb_wrapper\">\n\t\t\t\n\t\t<\/div> \n\t<\/div>\n\t<\/div> \n<\/div><\/div>\n\t\t\t<\/div> \n\t\t<\/div>\n\t<\/div> \n<\/div><\/div>\n\t\t<div id=\"fws_69fb60b9a7249\"  data-column-margin=\"default\" data-midnight=\"dark\" data-top-percent=\"5%\" data-bottom-percent=\"5%\"  class=\"wpb_row vc_row-fluid vc_row  right_padding_5pct left_padding_5pct\"  style=\"padding-top: calc(100vw * 0.05); padding-bottom: calc(100vw * 0.05); \"><div class=\"row-bg-wrap\" data-bg-animation=\"none\" data-bg-animation-delay=\"\" data-bg-overlay=\"false\"><div class=\"inner-wrap row-bg-layer\" ><div class=\"row-bg viewport-desktop\"  style=\"\"><\/div><\/div><\/div><div class=\"row_col_wrap_12 col span_12 dark left\">\n\t<div  class=\"vc_col-sm-12 wpb_column column_container vc_column_container col no-extra-padding inherit_tablet inherit_phone\"  data-padding-pos=\"all\" data-has-bg-color=\"false\" data-bg-color=\"\" data-bg-opacity=\"1\" data-animation=\"\" data-delay=\"0\" >\n\t\t<div class=\"vc_column-inner\" >\n\t\t\t<div class=\"wpb_wrapper\">\n\t\t\t\t\n<div class=\"wpb_text_column wpb_content_element\" >\n\t<div class=\"wpb_wrapper\">\n\t\t<h1>Booste ta pr\u00e9sence sur Instagram avec des likes italiens<\/h1>\n<h2>Salut!<\/h2>\n<p>Bienvenue chez Nordshark, le leader de la fourniture de likes Instagram de haute qualit\u00e9. \u00c0 la recherche d'une strat\u00e9gie efficace pour am\u00e9liorer ta pr\u00e9sence sur Instagram ? Ne cherche pas plus loin ! Notre offre exclusive d'achat de likes Instagram italiens est con\u00e7ue pour t'aider \u00e0 obtenir la visibilit\u00e9 que tu m\u00e9rites.<\/p>\n<h2>Le pouvoir des \"likes\" sur Instagram<\/h2>\n<p>Les likes sur Instagram jouent un r\u00f4le crucial pour d\u00e9terminer la popularit\u00e9 et la cr\u00e9dibilit\u00e9 d'un compte. Ils agissent comme un vote de confiance de la part de vrais utilisateurs, encourageant les autres \u00e0 interagir avec vos profils. \u00c0 l'\u00e8re num\u00e9rique d'aujourd'hui, avoir une forte pr\u00e9sence en ligne est plus important que jamais, surtout pour les entreprises et les influenceurs.<\/p>\n<h2>Pourquoi choisir des \"likes\" italiens sur Instagram ?<\/h2>\n<p>L'Italie est r\u00e9put\u00e9e pour sa riche culture, ses paysages magnifiques et sa communaut\u00e9 passionn\u00e9e. Lorsque vous achetez des likes italiens sur Instagram, vous b\u00e9n\u00e9ficiez du soutien de cette communaut\u00e9 dynamique, ce qui augmente la visibilit\u00e9 de votre compte parmi les utilisateurs italiens. Cette strat\u00e9gie localis\u00e9e peut avoir un impact significatif sur le nombre de vos abonn\u00e9s, votre taux d'engagement et, en fin de compte, votre succ\u00e8s sur la plateforme.<\/p>\n<h2>Avantages d'acheter des \"likes\" italiens pour Instagram chez Nordshark<\/h2>\n<ul>\n<li>J'aime italiens authentiques : Nos \"j'aime\" sont g\u00e9n\u00e9r\u00e9s par de vrais utilisateurs italiens d'Instagram qui sont vraiment int\u00e9ress\u00e9s par votre contenu.<\/li>\n<li>Engagement accru: Les j'aime italiens attirent naturellement plus d'interaction et d'engagement de la part des autres utilisateurs, ce qui entra\u00eene une croissance organique.<\/li>\n<li>Cr\u00e9dibilit\u00e9 accrue : Un nombre plus \u00e9lev\u00e9 de likes de la part d'un public italien \u00e9tablira votre compte en tant que source fiable et influente.<\/li>\n<li>Port\u00e9e cibl\u00e9e: En ciblant les utilisateurs italiens, vous pouvez personnaliser votre contenu afin qu'il r\u00e9sonne mieux avec ce public sp\u00e9cifique, ce qui entra\u00eene des taux de conversion plus \u00e9lev\u00e9s.<\/li>\n<li>Classement de l'algorithme am\u00e9lior\u00e9 : L'algorithme d'Instagram prend en compte le taux d'engagement de vos publications. Les likes italiens peuvent aider \u00e0 am\u00e9liorer votre classement, ce qui entra\u00eene une visibilit\u00e9 accrue sur la plateforme.<\/li>\n<\/ul>\n<h2>Comment \u00e7a marche<\/h2>\n<p>Acheter des likes italiens sur Instagram chez Nordshark est un processus simple :<\/p>\n<ol>\n<li>S\u00e9lectionne le forfait qui correspond le mieux \u00e0 tes besoins.<\/li>\n<li>Fournissez-nous votre nom d'utilisateur Instagram et pr\u00e9cisez que vous souhaitez des likes italiens.<\/li>\n<li>Termine le processus de paiement s\u00e9curis\u00e9.<\/li>\n<li>Installe-toi, d\u00e9tends-toi et regarde tes \"j'aime\" italiens affluer !<\/li>\n<\/ol>\n<h2>Pourquoi Nordshark ?<\/h2>\n<p>Chez Nordshark, nous sommes fiers de fournir un service exceptionnel et des r\u00e9sultats imbattables. Voici pourquoi des milliers de clients satisfaits nous choisissent :<\/p>\n<ul>\n<li>Vrais \"j'aime\" : Nous n'utilisons jamais de faux \"j'aime\" g\u00e9n\u00e9r\u00e9s par des robots. Chaque \"j'aime\" que vous recevez provient d'un v\u00e9ritable utilisateur italien.<\/li>\n<li>Livraison rapide : Notre syst\u00e8me garantit une livraison rapide de vos likes italiens, vous offrant des r\u00e9sultats instantan\u00e9s.<\/li>\n<li>S\u00fbr et s\u00e9curis\u00e9 : Ta vie priv\u00e9e est notre priorit\u00e9 absolue. Nous utilisons un cryptage de niveau industriel pour prot\u00e9ger tes informations.<\/li>\n<li>Support client 24\/7 : Notre \u00e9quipe sympathique et comp\u00e9tente est toujours disponible pour vous aider avec toutes vos questions ou pr\u00e9occupations.<\/li>\n<li>Satisfaction garantie : Nous avons confiance en nos services et offrons une garantie de satisfaction. Si vous n'\u00eates pas satisfait(e) des r\u00e9sultats, nous ferons en sorte de rem\u00e9dier \u00e0 la situation.<\/li>\n<\/ul>\n<h2>Conclusion<\/h2>\n<p>Ne rate pas l'occasion d'acc\u00e9l\u00e9rer ta croissance sur Instagram. Ach\u00e8te des likes italiens sur Instagram d\u00e8s aujourd'hui chez Nordshark et constate la diff\u00e9rence que cela peut faire pour \u00e9tendre ta port\u00e9e, augmenter ton engagement et \u00e9tablir ta pr\u00e9sence en ligne. Fais le premier pas vers le succ\u00e8s sur Instagram !<\/p>\n\t<\/div>\n<\/div>\n\n\n\n\n\t\t\t<\/div> \n\t\t<\/div>\n\t<\/div> \n<\/div><\/div>\n\t\t<div id=\"fws_69fb60b9a733e\"  data-column-margin=\"default\" data-midnight=\"light\" data-top-percent=\"10%\" data-bottom-percent=\"10%\"  class=\"wpb_row vc_row-fluid vc_row full-width-content vc_row-o-equal-height vc_row-flex vc_row-o-content-top  zindex-set mobile-disable-bg-image-animation right_padding_8pct left_padding_8pct nectar-overflow-hidden top_padding_phone_25pct bottom_padding_phone_25pct\"  style=\"padding-top: calc(100vw * 0.10); padding-bottom: calc(100vw * 0.10);  z-index: 100;\"><div class=\"row-bg-wrap\" data-bg-animation=\"fade-in\" data-bg-animation-delay=\"\" data-bg-overlay=\"true\"><div class=\"inner-wrap row-bg-layer\" style=\"background-color: #2b323a;\" ><div class=\"row-bg viewport-desktop using-bg-color\"  style=\"background-color: #2b323a; \"><\/div><\/div><div class=\"row-bg-overlay row-bg-layer\" style=\"background-color:rgba(0,0,0,0.78);  opacity: 0.8; \"><\/div><\/div>\n\t\t\t<div class=\"video-color-overlay row-bg-layer\" data-color=\"\"><\/div>\n\t\t\t\n\t\t\t<div class=\"nectar-video-wrap row-bg-layer\" data-bg-alignment=\"\">\n\t\t\t\t<div class=\"nectar-video-inner\">\n\t\t\t\t<video class=\"nectar-video-bg\" width=\"1800\" height=\"700\" preload=\"auto\" loop autoplay muted playsinline><source src=\"https:\/\/www.nordshark.com\/wp-content\/uploads\/2024\/02\/AdobeStock_454354002.mp4\"  type=\"video\/mp4\"><\/video>    \t\t<\/div>\n\t\t\t <\/div>\n\n\t\t\t<div class=\"row_col_wrap_12 col span_12 light left\">\n\t<div  class=\"vc_col-sm-12 wpb_column column_container vc_column_container col no-extra-padding column_position_static el_spacing_0px inherit_tablet inherit_phone\"  data-padding-pos=\"top-bottom\" data-has-bg-color=\"false\" data-bg-color=\"\" data-bg-opacity=\"1\" data-animation=\"\" data-delay=\"0\" >\n\t\t<div class=\"vc_column-inner\" >\n\t\t\t<div class=\"wpb_wrapper\">\n\t\t\t\t<div id=\"fws_69fb60b9a73a5\" data-midnight=\"\" data-column-margin=\"none\" class=\"wpb_row vc_row-fluid vc_row inner_row  right_padding_13vw left_padding_13vw\"  style=\" z-index: 10;\"><div class=\"row-bg-wrap\"> <div class=\"row-bg\" ><\/div> <\/div><div class=\"row_col_wrap_12_inner col span_12  left\">\n\t<div  class=\"vc_col-sm-12 wpb_column column_container vc_column_container col child_column centered-text no-extra-padding inherit_tablet inherit_phone\"   data-padding-pos=\"all\" data-has-bg-color=\"false\" data-bg-color=\"\" data-bg-opacity=\"1\" data-animation=\"\" data-delay=\"0\" >\n\t\t<div class=\"vc_column-inner\" >\n\t\t<div class=\"wpb_wrapper\">\n\t\t\t<div class=\"nectar-split-heading  font_size_9vw font_size_tablet_10vw font_line_height_0-95\" data-align=\"left\" data-m-align=\"inherit\" data-text-effect=\"letter-reveal-bottom\" data-animation-type=\"line-reveal-by-space\" data-animation-delay=\"150\" data-animation-offset=\"\" data-m-rm-animation=\"true\" data-stagger=\"true\" data-custom-font-size=\"true\" style=\"font-size: 9vw; line-height: 9.9vw;\"><h1 >Le meilleur.<\/h1><\/div>\n\t\t<\/div> \n\t<\/div>\n\t<\/div> \n<\/div><\/div>\n\t\t\t<\/div> \n\t\t<\/div>\n\t<\/div> \n<\/div><\/div>","protected":false},"excerpt":{"rendered":"<p>\u2714 De vrais J'aime italiens de haute qualit\u00e9<br \/>\n\u2714 Heure de d\u00e9but : 0-4 heures (surtout instantan\u00e9ment)<br \/>\n\u2714 Meilleur service sur le march\u00e9.<br \/>\n\u2714 Non-Drop<br \/>\n\u2714 Paiements uniques - Pas d'abonnement<\/p>\n<p>Pour <strong>International \n\nFrench translation: International<\/strong> Aime <strong><span style=\"color: #0000ff;\"><a style=\"color: #0000ff;\" href=\"\/fr\/product\/acheter-des-likes-instagram\/\">Clique ici<\/a><\/span><\/strong><\/p>\n<p>&nbsp;<\/p>","protected":false},"featured_media":789,"comment_status":"open","ping_status":"closed","template":"","meta":{"inline_featured_image":false},"product_cat":[29,41,32],"product_tag":[36,33],"class_list":{"0":"post-278","1":"product","2":"type-product","3":"status-publish","4":"has-post-thumbnail","6":"product_cat-instagram","7":"product_cat-instagram-likes","8":"product_cat-social-store","9":"product_tag-country-related-instagram-likes","10":"product_tag-instagram-link","12":"first","13":"instock","14":"sale","15":"sold-individually","16":"shipping-taxable","17":"purchasable","18":"product-type-variable","19":"has-default-attributes"},"yoast_head":"<!-- This site is optimized with the Yoast SEO Premium plugin v23.6 (Yoast SEO v24.1) - https:\/\/yoast.com\/wordpress\/plugins\/seo\/ -->\n<title>Buy Italian Instagram Likes - Boost Your Social Presence Today<\/title>\n<meta name=\"description\" content=\"Buy Italian Instagram likes to enhance your social media presence. Get real likes from Italian users. Instant delivery. Secure payment. Buy now!\" \/>\n<meta name=\"robots\" content=\"index, follow, max-snippet:-1, max-image-preview:large, max-video-preview:-1\" \/>\n<link rel=\"canonical\" href=\"https:\/\/www.nordshark.com\/fr\/product\/acheter-des-likes-instagram-italiens\/\" \/>\n<meta property=\"og:locale\" content=\"fr_FR\" \/>\n<meta property=\"og:type\" content=\"article\" \/>\n<meta property=\"og:title\" content=\"Italian Instagram Likes\" \/>\n<meta property=\"og:description\" content=\"Buy Italian Instagram likes to enhance your social media presence. Get real likes from Italian users. Instant delivery. Secure payment. Buy now!\" \/>\n<meta property=\"og:url\" content=\"https:\/\/www.nordshark.com\/fr\/product\/acheter-des-likes-instagram-italiens\/\" \/>\n<meta property=\"og:site_name\" content=\"Nordshark\" \/>\n<meta property=\"article:modified_time\" content=\"2024-02-27T19:21:24+00:00\" \/>\n<meta property=\"og:image\" content=\"https:\/\/www.nordshark.com\/wp-content\/uploads\/2024\/02\/Italian.Likes_.jpg\" \/>\n\t<meta property=\"og:image:width\" content=\"800\" \/>\n\t<meta property=\"og:image:height\" content=\"800\" \/>\n\t<meta property=\"og:image:type\" content=\"image\/jpeg\" \/>\n<meta name=\"twitter:card\" content=\"summary_large_image\" \/>\n<meta name=\"twitter:label1\" content=\"Disponibilit\u00e9\" \/>\n\t<meta name=\"twitter:data1\" content=\"En stock\" \/>\n<script type=\"application\/ld+json\" class=\"yoast-schema-graph\">{\"@context\":\"https:\/\/schema.org\",\"@graph\":[{\"@type\":\"WebPage\",\"@id\":\"https:\/\/www.nordshark.com\/product\/buy-italian-instagram-likes\/\",\"url\":\"https:\/\/www.nordshark.com\/product\/buy-italian-instagram-likes\/\",\"name\":\"Buy Italian Instagram Likes - Boost Your Social Presence Today\",\"isPartOf\":{\"@id\":\"https:\/\/www.nordshark.com\/#website\"},\"primaryImageOfPage\":{\"@id\":\"https:\/\/www.nordshark.com\/product\/buy-italian-instagram-likes\/#primaryimage\"},\"image\":{\"@id\":\"https:\/\/www.nordshark.com\/product\/buy-italian-instagram-likes\/#primaryimage\"},\"thumbnailUrl\":\"https:\/\/www.nordshark.com\/wp-content\/uploads\/2024\/02\/Italian.Likes_.jpg\",\"datePublished\":\"2024-02-17T16:54:04+00:00\",\"dateModified\":\"2024-02-27T19:21:24+00:00\",\"description\":\"Buy Italian Instagram likes to enhance your social media presence. Get real likes from Italian users. Instant delivery. Secure payment. Buy now!\",\"breadcrumb\":{\"@id\":\"https:\/\/www.nordshark.com\/product\/buy-italian-instagram-likes\/#breadcrumb\"},\"inLanguage\":\"fr-FR\",\"potentialAction\":[{\"@type\":\"ReadAction\",\"target\":[\"https:\/\/www.nordshark.com\/product\/buy-italian-instagram-likes\/\"]}]},{\"@type\":\"ImageObject\",\"inLanguage\":\"fr-FR\",\"@id\":\"https:\/\/www.nordshark.com\/product\/buy-italian-instagram-likes\/#primaryimage\",\"url\":\"https:\/\/www.nordshark.com\/wp-content\/uploads\/2024\/02\/Italian.Likes_.jpg\",\"contentUrl\":\"https:\/\/www.nordshark.com\/wp-content\/uploads\/2024\/02\/Italian.Likes_.jpg\",\"width\":800,\"height\":800,\"caption\":\"Buy Italian Instagram Likes\"},{\"@type\":\"BreadcrumbList\",\"@id\":\"https:\/\/www.nordshark.com\/product\/buy-italian-instagram-likes\/#breadcrumb\",\"itemListElement\":[{\"@type\":\"ListItem\",\"position\":1,\"name\":\"Home\",\"item\":\"https:\/\/www.nordshark.com\/\"},{\"@type\":\"ListItem\",\"position\":2,\"name\":\"Shop\",\"item\":\"https:\/\/www.nordshark.com\/shop\/\"},{\"@type\":\"ListItem\",\"position\":3,\"name\":\"Italian Instagram Likes\"}]},{\"@type\":\"WebSite\",\"@id\":\"https:\/\/www.nordshark.com\/#website\",\"url\":\"https:\/\/www.nordshark.com\/\",\"name\":\"Nordshark\",\"description\":\"\",\"potentialAction\":[{\"@type\":\"SearchAction\",\"target\":{\"@type\":\"EntryPoint\",\"urlTemplate\":\"https:\/\/www.nordshark.com\/?s={search_term_string}\"},\"query-input\":{\"@type\":\"PropertyValueSpecification\",\"valueRequired\":true,\"valueName\":\"search_term_string\"}}],\"inLanguage\":\"fr-FR\"}]}<\/script>\n<meta property=\"og:availability\" content=\"instock\" \/>\n<meta property=\"product:availability\" content=\"instock\" \/>\n<meta property=\"product:condition\" content=\"new\" \/>\n<!-- \/ Yoast SEO Premium plugin. -->","yoast_head_json":{"title":"Buy Italian Instagram Likes - Boost Your Social Presence Today","description":"Buy Italian Instagram likes to enhance your social media presence. Get real likes from Italian users. Instant delivery. Secure payment. Buy now!","robots":{"index":"index","follow":"follow","max-snippet":"max-snippet:-1","max-image-preview":"max-image-preview:large","max-video-preview":"max-video-preview:-1"},"canonical":"https:\/\/www.nordshark.com\/fr\/product\/acheter-des-likes-instagram-italiens\/","og_locale":"fr_FR","og_type":"article","og_title":"Italian Instagram Likes","og_description":"Buy Italian Instagram likes to enhance your social media presence. Get real likes from Italian users. Instant delivery. Secure payment. Buy now!","og_url":"https:\/\/www.nordshark.com\/fr\/product\/acheter-des-likes-instagram-italiens\/","og_site_name":"Nordshark","article_modified_time":"2024-02-27T19:21:24+00:00","og_image":[{"width":800,"height":800,"url":"https:\/\/www.nordshark.com\/wp-content\/uploads\/2024\/02\/Italian.Likes_.jpg","type":"image\/jpeg"}],"twitter_card":"summary_large_image","twitter_misc":{"Disponibilit\u00e9":"En stock"},"schema":{"@context":"https:\/\/schema.org","@graph":[{"@type":"WebPage","@id":"https:\/\/www.nordshark.com\/product\/buy-italian-instagram-likes\/","url":"https:\/\/www.nordshark.com\/product\/buy-italian-instagram-likes\/","name":"Buy Italian Instagram Likes - Boost Your Social Presence Today","isPartOf":{"@id":"https:\/\/www.nordshark.com\/#website"},"primaryImageOfPage":{"@id":"https:\/\/www.nordshark.com\/product\/buy-italian-instagram-likes\/#primaryimage"},"image":{"@id":"https:\/\/www.nordshark.com\/product\/buy-italian-instagram-likes\/#primaryimage"},"thumbnailUrl":"https:\/\/www.nordshark.com\/wp-content\/uploads\/2024\/02\/Italian.Likes_.jpg","datePublished":"2024-02-17T16:54:04+00:00","dateModified":"2024-02-27T19:21:24+00:00","description":"Buy Italian Instagram likes to enhance your social media presence. Get real likes from Italian users. Instant delivery. Secure payment. Buy now!","breadcrumb":{"@id":"https:\/\/www.nordshark.com\/product\/buy-italian-instagram-likes\/#breadcrumb"},"inLanguage":"fr-FR","potentialAction":[{"@type":"ReadAction","target":["https:\/\/www.nordshark.com\/product\/buy-italian-instagram-likes\/"]}]},{"@type":"ImageObject","inLanguage":"fr-FR","@id":"https:\/\/www.nordshark.com\/product\/buy-italian-instagram-likes\/#primaryimage","url":"https:\/\/www.nordshark.com\/wp-content\/uploads\/2024\/02\/Italian.Likes_.jpg","contentUrl":"https:\/\/www.nordshark.com\/wp-content\/uploads\/2024\/02\/Italian.Likes_.jpg","width":800,"height":800,"caption":"Buy Italian Instagram Likes"},{"@type":"BreadcrumbList","@id":"https:\/\/www.nordshark.com\/product\/buy-italian-instagram-likes\/#breadcrumb","itemListElement":[{"@type":"ListItem","position":1,"name":"Home","item":"https:\/\/www.nordshark.com\/"},{"@type":"ListItem","position":2,"name":"Shop","item":"https:\/\/www.nordshark.com\/shop\/"},{"@type":"ListItem","position":3,"name":"Italian Instagram Likes"}]},{"@type":"WebSite","@id":"https:\/\/www.nordshark.com\/#website","url":"https:\/\/www.nordshark.com\/","name":"Nordshark","description":"","potentialAction":[{"@type":"SearchAction","target":{"@type":"EntryPoint","urlTemplate":"https:\/\/www.nordshark.com\/?s={search_term_string}"},"query-input":{"@type":"PropertyValueSpecification","valueRequired":true,"valueName":"search_term_string"}}],"inLanguage":"fr-FR"}]},"og_availability":"instock","product_availability":"instock","product_condition":"new"},"_links":{"self":[{"href":"https:\/\/www.nordshark.com\/fr\/wp-json\/wp\/v2\/product\/278","targetHints":{"allow":["GET"]}}],"collection":[{"href":"https:\/\/www.nordshark.com\/fr\/wp-json\/wp\/v2\/product"}],"about":[{"href":"https:\/\/www.nordshark.com\/fr\/wp-json\/wp\/v2\/types\/product"}],"replies":[{"embeddable":true,"href":"https:\/\/www.nordshark.com\/fr\/wp-json\/wp\/v2\/comments?post=278"}],"wp:featuredmedia":[{"embeddable":true,"href":"https:\/\/www.nordshark.com\/fr\/wp-json\/wp\/v2\/media\/789"}],"wp:attachment":[{"href":"https:\/\/www.nordshark.com\/fr\/wp-json\/wp\/v2\/media?parent=278"}],"wp:term":[{"taxonomy":"product_cat","embeddable":true,"href":"https:\/\/www.nordshark.com\/fr\/wp-json\/wp\/v2\/product_cat?post=278"},{"taxonomy":"product_tag","embeddable":true,"href":"https:\/\/www.nordshark.com\/fr\/wp-json\/wp\/v2\/product_tag?post=278"}],"curies":[{"name":"wp","href":"https:\/\/api.w.org\/{rel}","templated":true}]}}