{"id":2447,"date":"2024-03-06T13:44:00","date_gmt":"2024-03-06T12:44:00","guid":{"rendered":"https:\/\/www.nordshark.com\/?post_type=product&#038;p=2447"},"modified":"2024-03-06T14:07:58","modified_gmt":"2024-03-06T13:07:58","slug":"buy-italian-instagram-highlights-views","status":"publish","type":"product","link":"https:\/\/www.nordshark.com\/fr\/product\/buy-italian-instagram-highlights-views\/","title":{"rendered":"Italian Instagram Highlights Views"},"content":{"rendered":"<div id=\"fws_69fb7507d970e\"  data-column-margin=\"default\" data-midnight=\"dark\" data-top-percent=\"8%\"  class=\"wpb_row vc_row-fluid vc_row full-width-section  right_padding_10pct left_padding_10pct\"  style=\"padding-top: calc(100vw * 0.08); padding-bottom: 0px; \"><div class=\"row-bg-wrap\" data-bg-animation=\"none\" data-bg-animation-delay=\"\" data-bg-overlay=\"false\"><div class=\"inner-wrap row-bg-layer\" ><div class=\"row-bg viewport-desktop\"  style=\"\"><\/div><\/div><\/div><div class=\"row_col_wrap_12 col span_12 dark left\">\n\t<div  class=\"vc_col-sm-12 wpb_column column_container vc_column_container col no-extra-padding inherit_tablet inherit_phone\"  data-padding-pos=\"all\" data-has-bg-color=\"false\" data-bg-color=\"\" data-bg-opacity=\"1\" data-animation=\"\" data-delay=\"0\" >\n\t\t<div class=\"vc_column-inner\" >\n\t\t\t<div class=\"wpb_wrapper\">\n\t\t\t\t<div id=\"fws_69fb7507d97f8\" data-midnight=\"\" data-column-margin=\"default\" class=\"wpb_row vc_row-fluid vc_row inner_row\"  style=\"padding-bottom: 4%; \"><div class=\"row-bg-wrap\"> <div class=\"row-bg\" ><\/div> <\/div><div class=\"row_col_wrap_12_inner col span_12  left\">\n\t<div  class=\"vc_col-sm-12 wpb_column column_container vc_column_container col child_column centered-text no-extra-padding inherit_tablet inherit_phone\"   data-padding-pos=\"all\" data-has-bg-color=\"false\" data-bg-color=\"\" data-bg-opacity=\"1\" data-animation=\"\" data-delay=\"0\" >\n\t\t<div class=\"vc_column-inner\" >\n\t\t<div class=\"wpb_wrapper\">\n\t\t\t<div class=\"nectar-highlighted-text font_size_2vw font_size_tablet_6vw font_line_height_1-0\" data-style=\"none\" data-exp=\"default\" data-using-custom-color=\"false\" data-animation-delay=\"false\" data-color=\"\" data-color-gradient=\"\" style=\"\"><h3>Questions fr\u00e9quemment pos\u00e9es<\/h3>\n<\/div>\n\t\t<\/div> \n\t<\/div>\n\t<\/div> \n<\/div><\/div>\n\t\t\t<\/div> \n\t\t<\/div>\n\t<\/div> \n<\/div><\/div>\n\t\t<div id=\"fws_69fb7507d9926\"  data-column-margin=\"custom\" data-midnight=\"dark\" data-top-percent=\"3%\" data-bottom-percent=\"3%\"  class=\"wpb_row vc_row-fluid vc_row full-width-content vc_row-o-equal-height vc_row-flex vc_row-o-content-middle  right_padding_7vw left_padding_7vw column-margin-7vw\"  style=\"padding-top: calc(100vw * 0.03); padding-bottom: calc(100vw * 0.03); \"><div class=\"row-bg-wrap\" data-bg-animation=\"none\" data-bg-animation-delay=\"\" data-bg-overlay=\"false\"><div class=\"inner-wrap row-bg-layer\" ><div class=\"row-bg viewport-desktop using-bg-color\"  style=\"background-color: #f8f8f8; \"><\/div><\/div><\/div><div class=\"row_col_wrap_12 col span_12 dark left\">\n\t<div  class=\"vc_col-sm-6 wpb_column column_container vc_column_container col left_padding_desktop_2vw\"  data-padding-pos=\"all\" data-has-bg-color=\"false\" data-bg-color=\"\" data-bg-opacity=\"1\" data-animation=\"\" data-delay=\"0\" >\n\t\t<div class=\"vc_column-inner\" >\n\t\t\t<div class=\"wpb_wrapper\">\n\t\t\t\t<div class=\"toggles accordion\" data-br=\"\" data-starting=\"default\" data-style=\"minimal\"><div class=\"toggle accent-color\" data-inner-wrap=\"true\"><h3 class=\"toggle-title\"><a href=\"#\" role=\"button\" class=\"nectar-inherit-h4 toggle-heading\"><i role=\"presentation\" class=\"fa fa-plus-circle\"><\/i>Why should one buy Italian Instagram Highlights Views?<\/a><\/h3><div><div class=\"inner-toggle-wrap\">\n<div class=\"wpb_text_column wpb_content_element\" >\n\t<div class=\"wpb_wrapper\">\n\t\t<p>Buying Italian Instagram Highlights Views can help you reach and engage with an Italian-speaking audience, making your content more relevant and appealing to users in Italy.<\/p>\n\t<\/div>\n<\/div>\n\n\n\n<\/div><\/div><\/div><div class=\"toggle accent-color\" data-inner-wrap=\"true\"><h3 class=\"toggle-title\"><a href=\"#\" role=\"button\" class=\"nectar-inherit-h4 toggle-heading\"><i role=\"presentation\" class=\"fa fa-plus-circle\"><\/i>Combien de temps prend la livraison ?<\/a><\/h3><div><div class=\"inner-toggle-wrap\">\n<div class=\"wpb_text_column wpb_content_element\" >\n\t<div class=\"wpb_wrapper\">\n\t\t<p>The delivery time for Italian Instagram Highlights Views typically ranges from 0 to 1 hours. The exact duration may vary depending on the service provider.<\/p>\n\t<\/div>\n<\/div>\n\n\n\n<\/div><\/div><\/div><div class=\"toggle accent-color\" data-inner-wrap=\"true\"><h3 class=\"toggle-title\"><a href=\"#\" role=\"button\" class=\"nectar-inherit-h4 toggle-heading\"><i role=\"presentation\" class=\"fa fa-plus-circle\"><\/i>Does buying Italian Instagram Highlights Views increase the chance of ranking on the Explore page?<\/a><\/h3><div><div class=\"inner-toggle-wrap\">\n<div class=\"wpb_text_column wpb_content_element\" >\n\t<div class=\"wpb_wrapper\">\n\t\t<p>While purchasing views can boost the visibility of your highlights, there&#8217;s no direct guarantee that it will lead to a higher ranking on the Explore page. The ranking is influenced by multiple factors, including the engagement and relevance of your content.<\/p>\n\t<\/div>\n<\/div>\n\n\n\n<\/div><\/div><\/div><\/div>\n\n\n\n\n\n\n\n\n\n\n\n\n\n\n\n\n\n\n\n\n\t\t\t<\/div> \n\t\t<\/div>\n\t<\/div> \n\n\t<div  class=\"vc_col-sm-6 wpb_column column_container vc_column_container col top_margin_tablet_10pct right_padding_desktop_2vw\"  data-padding-pos=\"all\" data-has-bg-color=\"false\" data-bg-color=\"\" data-bg-opacity=\"1\" data-animation=\"\" data-delay=\"0\" >\n\t\t<div class=\"vc_column-inner\" >\n\t\t\t<div class=\"wpb_wrapper\">\n\t\t\t\t<div id=\"fws_69fb7507d9b20\" data-midnight=\"\" data-column-margin=\"default\" class=\"wpb_row vc_row-fluid vc_row inner_row\"  style=\"\"><div class=\"row-bg-wrap\"> <div class=\"row-bg\" ><\/div> <\/div><div class=\"row_col_wrap_12_inner col span_12  left\">\n\t<div  class=\"vc_col-sm-12 wpb_column column_container vc_column_container col child_column col-overflow-hidden mask_shape_circle-rect mask_size_contain top_padding_desktop_20pct bottom_padding_desktop_20pct\"   data-border-radius=\"15px\" data-video-bg=\"true\" data-overlay-color=\"true\" data-padding-pos=\"all\" data-has-bg-color=\"false\" data-bg-color=\"\" data-bg-opacity=\"1\" data-animation=\"\" data-delay=\"0\" >\n\t\t<div class=\"vc_column-inner\" >\n  <div class=\"nectar-video-wrap column-bg-layer column-video\">\n        <video class=\"nectar-video-bg\" width=\"1800\" height=\"700\" preload=\"auto\" loop autoplay muted playsinline><source src=\"https:\/\/www.nordshark.com\/wp-content\/uploads\/2024\/02\/faq2.mp4\"  type=\"video\/mp4\"><\/video><\/div><div class=\"column-bg-overlay-wrap column-bg-layer\" data-bg-animation=\"none\"><div class=\"column-bg-overlay\"><\/div><div class=\"column-overlay-layer\" style=\"\"><\/div><\/div>\n\t\t<div class=\"wpb_wrapper\">\n\t\t\t\n\t\t<\/div> \n\t<\/div>\n\t<\/div> \n<\/div><\/div>\n\t\t\t<\/div> \n\t\t<\/div>\n\t<\/div> \n<\/div><\/div>\n\t\t<div id=\"fws_69fb7507d9bbc\"  data-column-margin=\"default\" data-midnight=\"dark\" data-top-percent=\"5%\" data-bottom-percent=\"5%\"  class=\"wpb_row vc_row-fluid vc_row  right_padding_5pct left_padding_5pct\"  style=\"padding-top: calc(100vw * 0.05); padding-bottom: calc(100vw * 0.05); \"><div class=\"row-bg-wrap\" data-bg-animation=\"none\" data-bg-animation-delay=\"\" data-bg-overlay=\"false\"><div class=\"inner-wrap row-bg-layer\" ><div class=\"row-bg viewport-desktop\"  style=\"\"><\/div><\/div><\/div><div class=\"row_col_wrap_12 col span_12 dark left\">\n\t<div  class=\"vc_col-sm-12 wpb_column column_container vc_column_container col no-extra-padding inherit_tablet inherit_phone\"  data-padding-pos=\"all\" data-has-bg-color=\"false\" data-bg-color=\"\" data-bg-opacity=\"1\" data-animation=\"\" data-delay=\"0\" >\n\t\t<div class=\"vc_column-inner\" >\n\t\t\t<div class=\"wpb_wrapper\">\n\t\t\t\t\n<div class=\"wpb_text_column wpb_content_element\" >\n\t<div class=\"wpb_wrapper\">\n\t\t<h1 style=\"font-size: 36px;\">Buy Italian Instagram Highlights Views<\/h1>\n<p>Do you want to make your Instagram highlights stand out? Look no further &#8211; Nordshark has got you covered! We offer the best quality Italian Instagram Highlights Views that will boost your profile and attract more followers. Don&#8217;t miss out on this incredible opportunity to take your Instagram game to the next level!<\/p>\n<h2 style=\"font-size: 24px;\">Pourquoi choisir Nordshark ?<\/h2>\n<p>At Nordshark, we prioritize quality and customer satisfaction above everything else. When you buy Italian Instagram Highlights Views from us, you can expect:<\/p>\n<ul>\n<li><strong>Real Italian Views:<\/strong>\u00a0Our views come from real Italian users, ensuring the authenticity and credibility of your profile.<\/li>\n<li><strong>Booste l'engagement:<\/strong>\u00a0Increasing your highlight views can significantly boost engagement on your Instagram profile, helping you reach a wider audience.<\/li>\n<li><strong>Livraison rapide:<\/strong>\u00a0We understand that time is valuable. That&#8217;s why we guarantee fast and efficient delivery of your Italian Instagram Highlights Views.<\/li>\n<li><strong>S\u00e9curis\u00e9 et confidentiel :<\/strong>\u00a0We value your privacy. When you buy from Nordshark, your information is kept secure and confidential.<\/li>\n<li><strong>Excellent Service Client:<\/strong>\u00a0Our dedicated customer support team is available 24\/7 to assist you with any queries or concerns you may have.<\/li>\n<\/ul>\n<h2 style=\"font-size: 24px;\">Comment \u00e7a marche<\/h2>\n<p>Buying Italian Instagram Highlights Views from Nordshark is a simple and hassle-free process. Just follow these steps:<\/p>\n<ol>\n<li><strong>Choose Your Package:<\/strong>\u00a0Select the package that best suits your needs. We offer a range of options to accommodate various budgets and requirements.<\/li>\n<li><strong>Enter Your Details:<\/strong>\u00a0Provide us with your Instagram username and email address.<\/li>\n<li><strong>Make a Payment:<\/strong>\u00a0Proceed to the secure payment gateway to complete your purchase. We accept all major credit cards.<\/li>\n<li><strong>Installe-toi et d\u00e9tends-toi :<\/strong>\u00a0Once your payment is confirmed, we will start delivering your Italian Instagram Highlights Views. Sit back, relax, and watch your profile grow!<\/li>\n<\/ol>\n<h2 style=\"font-size: 24px;\">Why Italian Instagram Highlights Views are Important<\/h2>\n<p>Instagram Highlights are a great way to showcase your best content and leave a lasting impression on your followers. Italian Instagram Highlights Views play a crucial role in attracting more viewers and increasing engagement. Here&#8217;s why they are important:<\/p>\n<ul>\n<li><strong>Cr\u00e9dibilit\u00e9 accrue<\/strong>\u00a0When your Instagram Highlights have a high view count, it creates a sense of credibility and authority, making your profile more attractive to potential followers.<\/li>\n<li><strong>Visibilit\u00e9 am\u00e9lior\u00e9e:<\/strong>\u00a0The more views your Italian Highlights have, the higher the chances of them appearing in the Explore page and reaching a wider audience.<\/li>\n<li><strong>Engagement Am\u00e9lior\u00e9:<\/strong>\u00a0Higher engagement on your Highlights can lead to increased likes, comments, and shares, helping you build a loyal community on Instagram.<\/li>\n<\/ul>\n<p>Don&#8217;t miss out on the opportunity to improve your Instagram presence with our Italian Instagram Highlights Views. Buy now and take your profile to new heights!<\/p>\n\t<\/div>\n<\/div>\n\n\n\n\n\t\t\t<\/div> \n\t\t<\/div>\n\t<\/div> \n<\/div><\/div>\n\t\t<div id=\"fws_69fb7507d9cc1\"  data-column-margin=\"default\" data-midnight=\"light\" data-top-percent=\"10%\" data-bottom-percent=\"10%\"  class=\"wpb_row vc_row-fluid vc_row full-width-content vc_row-o-equal-height vc_row-flex vc_row-o-content-top  zindex-set mobile-disable-bg-image-animation right_padding_8pct left_padding_8pct nectar-overflow-hidden top_padding_phone_25pct bottom_padding_phone_25pct\"  style=\"padding-top: calc(100vw * 0.10); padding-bottom: calc(100vw * 0.10);  z-index: 100;\"><div class=\"row-bg-wrap\" data-bg-animation=\"fade-in\" data-bg-animation-delay=\"\" data-bg-overlay=\"true\"><div class=\"inner-wrap row-bg-layer\" style=\"background-color: #2b323a;\" ><div class=\"row-bg viewport-desktop using-bg-color\"  style=\"background-color: #2b323a; \"><\/div><\/div><div class=\"row-bg-overlay row-bg-layer\" style=\"background-color:rgba(0,0,0,0.78);  opacity: 0.8; \"><\/div><\/div>\n\t\t\t<div class=\"video-color-overlay row-bg-layer\" data-color=\"\"><\/div>\n\t\t\t\n\t\t\t<div class=\"nectar-video-wrap row-bg-layer\" data-bg-alignment=\"\">\n\t\t\t\t<div class=\"nectar-video-inner\">\n\t\t\t\t<video class=\"nectar-video-bg\" width=\"1800\" height=\"700\" preload=\"auto\" loop autoplay muted playsinline><source src=\"https:\/\/www.nordshark.com\/wp-content\/uploads\/2024\/02\/AdobeStock_454354002.mp4\"  type=\"video\/mp4\"><\/video>    \t\t<\/div>\n\t\t\t <\/div>\n\n\t\t\t<div class=\"row_col_wrap_12 col span_12 light left\">\n\t<div  class=\"vc_col-sm-12 wpb_column column_container vc_column_container col no-extra-padding column_position_static el_spacing_0px inherit_tablet inherit_phone\"  data-padding-pos=\"top-bottom\" data-has-bg-color=\"false\" data-bg-color=\"\" data-bg-opacity=\"1\" data-animation=\"\" data-delay=\"0\" >\n\t\t<div class=\"vc_column-inner\" >\n\t\t\t<div class=\"wpb_wrapper\">\n\t\t\t\t<div id=\"fws_69fb7507d9d32\" data-midnight=\"\" data-column-margin=\"none\" class=\"wpb_row vc_row-fluid vc_row inner_row  right_padding_13vw left_padding_13vw\"  style=\" z-index: 10;\"><div class=\"row-bg-wrap\"> <div class=\"row-bg\" ><\/div> <\/div><div class=\"row_col_wrap_12_inner col span_12  left\">\n\t<div  class=\"vc_col-sm-12 wpb_column column_container vc_column_container col child_column centered-text no-extra-padding inherit_tablet inherit_phone\"   data-padding-pos=\"all\" data-has-bg-color=\"false\" data-bg-color=\"\" data-bg-opacity=\"1\" data-animation=\"\" data-delay=\"0\" >\n\t\t<div class=\"vc_column-inner\" >\n\t\t<div class=\"wpb_wrapper\">\n\t\t\t<div class=\"nectar-split-heading  font_size_9vw font_size_tablet_10vw font_line_height_0-95\" data-align=\"left\" data-m-align=\"inherit\" data-text-effect=\"letter-reveal-bottom\" data-animation-type=\"line-reveal-by-space\" data-animation-delay=\"150\" data-animation-offset=\"\" data-m-rm-animation=\"true\" data-stagger=\"true\" data-custom-font-size=\"true\" style=\"font-size: 9vw; line-height: 9.9vw;\"><h1 >Le meilleur.<\/h1><\/div>\n\t\t<\/div> \n\t<\/div>\n\t<\/div> \n<\/div><\/div>\n\t\t\t<\/div> \n\t\t<\/div>\n\t<\/div> \n<\/div><\/div>","protected":false},"excerpt":{"rendered":"<p>Comptes de haute qualit\u00e9 r\u00e9els.<br \/>\n\u2714 Add Username Only<br \/>\n\u2714 Start Time: 0-1 Hour<br \/>\n\u2714 Paiements uniques - Pas d'abonnement<\/p>\n<p>Pour <strong>International \n\nFrench translation: International<\/strong> Highlights Views <strong><span style=\"color: #0000ff;\"><a style=\"color: #0000ff;\" href=\"https:\/\/www.nordshark.com\/fr\/product\/buy-instagram-highlights-views\/\">Clique ici<\/a><\/span><\/strong><\/p>","protected":false},"featured_media":0,"comment_status":"open","ping_status":"closed","template":"","meta":{"inline_featured_image":false},"product_cat":[29,63,32],"product_tag":[64,28],"class_list":{"0":"post-2447","1":"product","2":"type-product","3":"status-publish","5":"product_cat-instagram","6":"product_cat-instagram-highlights-views","7":"product_cat-social-store","8":"product_tag-country-related-instagram-highlights-views","9":"product_tag-instagram-username","11":"first","12":"instock","13":"sale","14":"sold-individually","15":"shipping-taxable","16":"purchasable","17":"product-type-variable","18":"has-default-attributes"},"yoast_head":"<!-- This site is optimized with the Yoast SEO Premium plugin v23.6 (Yoast SEO v24.1) - https:\/\/yoast.com\/wordpress\/plugins\/seo\/ -->\n<title>Buy Italian Instagram Highlights Views - Gain Exposure<\/title>\n<meta name=\"description\" content=\"Enhance your Instagram profile in Italy with our Highlights Views. Boost your visibility and attract more Italian viewers today.\" \/>\n<meta name=\"robots\" content=\"index, follow, max-snippet:-1, max-image-preview:large, max-video-preview:-1\" \/>\n<link rel=\"canonical\" href=\"https:\/\/www.nordshark.com\/fr\/product\/buy-italian-instagram-highlights-views\/\" \/>\n<meta property=\"og:locale\" content=\"fr_FR\" \/>\n<meta property=\"og:type\" content=\"article\" \/>\n<meta property=\"og:title\" content=\"Italian Instagram Highlights Views\" \/>\n<meta property=\"og:description\" content=\"Enhance your Instagram profile in Italy with our Highlights Views. Boost your visibility and attract more Italian viewers today.\" \/>\n<meta property=\"og:url\" content=\"https:\/\/www.nordshark.com\/fr\/product\/buy-italian-instagram-highlights-views\/\" \/>\n<meta property=\"og:site_name\" content=\"Nordshark\" \/>\n<meta property=\"article:modified_time\" content=\"2024-03-06T13:07:58+00:00\" \/>\n<meta name=\"twitter:card\" content=\"summary_large_image\" \/>\n<meta name=\"twitter:label1\" content=\"Disponibilit\u00e9\" \/>\n\t<meta name=\"twitter:data1\" content=\"En stock\" \/>\n<script type=\"application\/ld+json\" class=\"yoast-schema-graph\">{\"@context\":\"https:\/\/schema.org\",\"@graph\":[{\"@type\":\"WebPage\",\"@id\":\"https:\/\/www.nordshark.com\/product\/buy-italian-instagram-highlights-views\/\",\"url\":\"https:\/\/www.nordshark.com\/product\/buy-italian-instagram-highlights-views\/\",\"name\":\"Buy Italian Instagram Highlights Views - Gain Exposure\",\"isPartOf\":{\"@id\":\"https:\/\/www.nordshark.com\/#website\"},\"datePublished\":\"2024-03-06T12:44:00+00:00\",\"dateModified\":\"2024-03-06T13:07:58+00:00\",\"description\":\"Enhance your Instagram profile in Italy with our Highlights Views. Boost your visibility and attract more Italian viewers today.\",\"breadcrumb\":{\"@id\":\"https:\/\/www.nordshark.com\/product\/buy-italian-instagram-highlights-views\/#breadcrumb\"},\"inLanguage\":\"fr-FR\",\"potentialAction\":[{\"@type\":\"ReadAction\",\"target\":[\"https:\/\/www.nordshark.com\/product\/buy-italian-instagram-highlights-views\/\"]}]},{\"@type\":\"BreadcrumbList\",\"@id\":\"https:\/\/www.nordshark.com\/product\/buy-italian-instagram-highlights-views\/#breadcrumb\",\"itemListElement\":[{\"@type\":\"ListItem\",\"position\":1,\"name\":\"Home\",\"item\":\"https:\/\/www.nordshark.com\/\"},{\"@type\":\"ListItem\",\"position\":2,\"name\":\"Shop\",\"item\":\"https:\/\/www.nordshark.com\/shop\/\"},{\"@type\":\"ListItem\",\"position\":3,\"name\":\"Italian Instagram Highlights Views\"}]},{\"@type\":\"WebSite\",\"@id\":\"https:\/\/www.nordshark.com\/#website\",\"url\":\"https:\/\/www.nordshark.com\/\",\"name\":\"Nordshark\",\"description\":\"\",\"potentialAction\":[{\"@type\":\"SearchAction\",\"target\":{\"@type\":\"EntryPoint\",\"urlTemplate\":\"https:\/\/www.nordshark.com\/?s={search_term_string}\"},\"query-input\":{\"@type\":\"PropertyValueSpecification\",\"valueRequired\":true,\"valueName\":\"search_term_string\"}}],\"inLanguage\":\"fr-FR\"}]}<\/script>\n<meta property=\"og:availability\" content=\"instock\" \/>\n<meta property=\"product:availability\" content=\"instock\" \/>\n<meta property=\"product:condition\" content=\"new\" \/>\n<!-- \/ Yoast SEO Premium plugin. -->","yoast_head_json":{"title":"Buy Italian Instagram Highlights Views - Gain Exposure","description":"Enhance your Instagram profile in Italy with our Highlights Views. Boost your visibility and attract more Italian viewers today.","robots":{"index":"index","follow":"follow","max-snippet":"max-snippet:-1","max-image-preview":"max-image-preview:large","max-video-preview":"max-video-preview:-1"},"canonical":"https:\/\/www.nordshark.com\/fr\/product\/buy-italian-instagram-highlights-views\/","og_locale":"fr_FR","og_type":"article","og_title":"Italian Instagram Highlights Views","og_description":"Enhance your Instagram profile in Italy with our Highlights Views. Boost your visibility and attract more Italian viewers today.","og_url":"https:\/\/www.nordshark.com\/fr\/product\/buy-italian-instagram-highlights-views\/","og_site_name":"Nordshark","article_modified_time":"2024-03-06T13:07:58+00:00","twitter_card":"summary_large_image","twitter_misc":{"Disponibilit\u00e9":"En stock"},"schema":{"@context":"https:\/\/schema.org","@graph":[{"@type":"WebPage","@id":"https:\/\/www.nordshark.com\/product\/buy-italian-instagram-highlights-views\/","url":"https:\/\/www.nordshark.com\/product\/buy-italian-instagram-highlights-views\/","name":"Buy Italian Instagram Highlights Views - Gain Exposure","isPartOf":{"@id":"https:\/\/www.nordshark.com\/#website"},"datePublished":"2024-03-06T12:44:00+00:00","dateModified":"2024-03-06T13:07:58+00:00","description":"Enhance your Instagram profile in Italy with our Highlights Views. Boost your visibility and attract more Italian viewers today.","breadcrumb":{"@id":"https:\/\/www.nordshark.com\/product\/buy-italian-instagram-highlights-views\/#breadcrumb"},"inLanguage":"fr-FR","potentialAction":[{"@type":"ReadAction","target":["https:\/\/www.nordshark.com\/product\/buy-italian-instagram-highlights-views\/"]}]},{"@type":"BreadcrumbList","@id":"https:\/\/www.nordshark.com\/product\/buy-italian-instagram-highlights-views\/#breadcrumb","itemListElement":[{"@type":"ListItem","position":1,"name":"Home","item":"https:\/\/www.nordshark.com\/"},{"@type":"ListItem","position":2,"name":"Shop","item":"https:\/\/www.nordshark.com\/shop\/"},{"@type":"ListItem","position":3,"name":"Italian Instagram Highlights Views"}]},{"@type":"WebSite","@id":"https:\/\/www.nordshark.com\/#website","url":"https:\/\/www.nordshark.com\/","name":"Nordshark","description":"","potentialAction":[{"@type":"SearchAction","target":{"@type":"EntryPoint","urlTemplate":"https:\/\/www.nordshark.com\/?s={search_term_string}"},"query-input":{"@type":"PropertyValueSpecification","valueRequired":true,"valueName":"search_term_string"}}],"inLanguage":"fr-FR"}]},"og_availability":"instock","product_availability":"instock","product_condition":"new"},"_links":{"self":[{"href":"https:\/\/www.nordshark.com\/fr\/wp-json\/wp\/v2\/product\/2447","targetHints":{"allow":["GET"]}}],"collection":[{"href":"https:\/\/www.nordshark.com\/fr\/wp-json\/wp\/v2\/product"}],"about":[{"href":"https:\/\/www.nordshark.com\/fr\/wp-json\/wp\/v2\/types\/product"}],"replies":[{"embeddable":true,"href":"https:\/\/www.nordshark.com\/fr\/wp-json\/wp\/v2\/comments?post=2447"}],"wp:attachment":[{"href":"https:\/\/www.nordshark.com\/fr\/wp-json\/wp\/v2\/media?parent=2447"}],"wp:term":[{"taxonomy":"product_cat","embeddable":true,"href":"https:\/\/www.nordshark.com\/fr\/wp-json\/wp\/v2\/product_cat?post=2447"},{"taxonomy":"product_tag","embeddable":true,"href":"https:\/\/www.nordshark.com\/fr\/wp-json\/wp\/v2\/product_tag?post=2447"}],"curies":[{"name":"wp","href":"https:\/\/api.w.org\/{rel}","templated":true}]}}