{"id":2258,"date":"2024-03-03T17:21:33","date_gmt":"2024-03-03T16:21:33","guid":{"rendered":"https:\/\/www.nordshark.com\/?post_type=product&#038;p=2258"},"modified":"2024-03-04T13:45:50","modified_gmt":"2024-03-04T12:45:50","slug":"buy-german-instagram-saves","status":"publish","type":"product","link":"https:\/\/www.nordshark.com\/fr\/product\/buy-german-instagram-saves\/","title":{"rendered":"German Instagram Saves"},"content":{"rendered":"<div id=\"fws_69fb728d24756\"  data-column-margin=\"default\" data-midnight=\"dark\" data-top-percent=\"8%\"  class=\"wpb_row vc_row-fluid vc_row full-width-section  right_padding_10pct left_padding_10pct\"  style=\"padding-top: calc(100vw * 0.08); padding-bottom: 0px; \"><div class=\"row-bg-wrap\" data-bg-animation=\"none\" data-bg-animation-delay=\"\" data-bg-overlay=\"false\"><div class=\"inner-wrap row-bg-layer\" ><div class=\"row-bg viewport-desktop\"  style=\"\"><\/div><\/div><\/div><div class=\"row_col_wrap_12 col span_12 dark left\">\n\t<div  class=\"vc_col-sm-12 wpb_column column_container vc_column_container col no-extra-padding inherit_tablet inherit_phone\"  data-padding-pos=\"all\" data-has-bg-color=\"false\" data-bg-color=\"\" data-bg-opacity=\"1\" data-animation=\"\" data-delay=\"0\" >\n\t\t<div class=\"vc_column-inner\" >\n\t\t\t<div class=\"wpb_wrapper\">\n\t\t\t\t<div id=\"fws_69fb728d24843\" data-midnight=\"\" data-column-margin=\"default\" class=\"wpb_row vc_row-fluid vc_row inner_row\"  style=\"padding-bottom: 4%; \"><div class=\"row-bg-wrap\"> <div class=\"row-bg\" ><\/div> <\/div><div class=\"row_col_wrap_12_inner col span_12  left\">\n\t<div  class=\"vc_col-sm-12 wpb_column column_container vc_column_container col child_column centered-text no-extra-padding inherit_tablet inherit_phone\"   data-padding-pos=\"all\" data-has-bg-color=\"false\" data-bg-color=\"\" data-bg-opacity=\"1\" data-animation=\"\" data-delay=\"0\" >\n\t\t<div class=\"vc_column-inner\" >\n\t\t<div class=\"wpb_wrapper\">\n\t\t\t<div class=\"nectar-highlighted-text font_size_2vw font_size_tablet_6vw font_line_height_1-0\" data-style=\"none\" data-exp=\"default\" data-using-custom-color=\"false\" data-animation-delay=\"false\" data-color=\"\" data-color-gradient=\"\" style=\"\"><h3>Questions fr\u00e9quemment pos\u00e9es<\/h3>\n<\/div>\n\t\t<\/div> \n\t<\/div>\n\t<\/div> \n<\/div><\/div>\n\t\t\t<\/div> \n\t\t<\/div>\n\t<\/div> \n<\/div><\/div>\n\t\t<div id=\"fws_69fb728d24967\"  data-column-margin=\"custom\" data-midnight=\"dark\" data-top-percent=\"3%\" data-bottom-percent=\"3%\"  class=\"wpb_row vc_row-fluid vc_row full-width-content vc_row-o-equal-height vc_row-flex vc_row-o-content-middle  right_padding_7vw left_padding_7vw column-margin-7vw\"  style=\"padding-top: calc(100vw * 0.03); padding-bottom: calc(100vw * 0.03); \"><div class=\"row-bg-wrap\" data-bg-animation=\"none\" data-bg-animation-delay=\"\" data-bg-overlay=\"false\"><div class=\"inner-wrap row-bg-layer\" ><div class=\"row-bg viewport-desktop using-bg-color\"  style=\"background-color: #f8f8f8; \"><\/div><\/div><\/div><div class=\"row_col_wrap_12 col span_12 dark left\">\n\t<div  class=\"vc_col-sm-6 wpb_column column_container vc_column_container col left_padding_desktop_2vw\"  data-padding-pos=\"all\" data-has-bg-color=\"false\" data-bg-color=\"\" data-bg-opacity=\"1\" data-animation=\"\" data-delay=\"0\" >\n\t\t<div class=\"vc_column-inner\" >\n\t\t\t<div class=\"wpb_wrapper\">\n\t\t\t\t<div class=\"toggles accordion\" data-br=\"\" data-starting=\"default\" data-style=\"minimal\"><div class=\"toggle accent-color\" data-inner-wrap=\"true\"><h3 class=\"toggle-title\"><a href=\"#\" role=\"button\" class=\"nectar-inherit-h4 toggle-heading\"><i role=\"presentation\" class=\"fa fa-plus-circle\"><\/i>Why should I buy German Instagram Saves?<\/a><\/h3><div><div class=\"inner-toggle-wrap\">\n<div class=\"wpb_text_column wpb_content_element\" >\n\t<div class=\"wpb_wrapper\">\n\t\t<p>Buying German Instagram Saves can enhance the engagement and credibility of your posts specifically within the German-speaking audience, increasing their visibility.<\/p>\n\t<\/div>\n<\/div>\n\n\n\n<\/div><\/div><\/div><div class=\"toggle accent-color\" data-inner-wrap=\"true\"><h3 class=\"toggle-title\"><a href=\"#\" role=\"button\" class=\"nectar-inherit-h4 toggle-heading\"><i role=\"presentation\" class=\"fa fa-plus-circle\"><\/i>How long does the delivery of German Instagram Saves take?<\/a><\/h3><div><div class=\"inner-toggle-wrap\">\n<div class=\"wpb_text_column wpb_content_element\" >\n\t<div class=\"wpb_wrapper\">\n\t\t<p>The delivery time for German Instagram Saves varies depending on the chosen package, you can expect the process to start within 10 minutes to 1 hour after your purchase. We strive to complete all orders as quickly as possible.<\/p>\n\t<\/div>\n<\/div>\n\n\n\n<\/div><\/div><\/div><div class=\"toggle accent-color\" data-inner-wrap=\"true\"><h3 class=\"toggle-title\"><a href=\"#\" role=\"button\" class=\"nectar-inherit-h4 toggle-heading\"><i role=\"presentation\" class=\"fa fa-plus-circle\"><\/i>Do buying German Instagram Saves increase the chances of ranking on the Explore page?<\/a><\/h3><div><div class=\"inner-toggle-wrap\">\n<div class=\"wpb_text_column wpb_content_element\" >\n\t<div class=\"wpb_wrapper\">\n\t\t<p>Having more Saves from a targeted audience like Germany can indicate to Instagram&#8217;s algorithm that your content is engaging, potentially boosting your chances of appearing on the Explore page.<\/p>\n\t<\/div>\n<\/div>\n\n\n\n<\/div><\/div><\/div><\/div>\n\n\n\n\n\n\n\n\n\n\n\n\n\n\n\n\n\n\n\n\n\t\t\t<\/div> \n\t\t<\/div>\n\t<\/div> \n\n\t<div  class=\"vc_col-sm-6 wpb_column column_container vc_column_container col top_margin_tablet_10pct right_padding_desktop_2vw\"  data-padding-pos=\"all\" data-has-bg-color=\"false\" data-bg-color=\"\" data-bg-opacity=\"1\" data-animation=\"\" data-delay=\"0\" >\n\t\t<div class=\"vc_column-inner\" >\n\t\t\t<div class=\"wpb_wrapper\">\n\t\t\t\t<div id=\"fws_69fb728d24b43\" data-midnight=\"\" data-column-margin=\"default\" class=\"wpb_row vc_row-fluid vc_row inner_row\"  style=\"\"><div class=\"row-bg-wrap\"> <div class=\"row-bg\" ><\/div> <\/div><div class=\"row_col_wrap_12_inner col span_12  left\">\n\t<div  class=\"vc_col-sm-12 wpb_column column_container vc_column_container col child_column col-overflow-hidden mask_shape_circle-rect mask_size_contain top_padding_desktop_20pct bottom_padding_desktop_20pct\"   data-border-radius=\"15px\" data-video-bg=\"true\" data-overlay-color=\"true\" data-padding-pos=\"all\" data-has-bg-color=\"false\" data-bg-color=\"\" data-bg-opacity=\"1\" data-animation=\"\" data-delay=\"0\" >\n\t\t<div class=\"vc_column-inner\" >\n  <div class=\"nectar-video-wrap column-bg-layer column-video\">\n        <video class=\"nectar-video-bg\" width=\"1800\" height=\"700\" preload=\"auto\" loop autoplay muted playsinline><source src=\"https:\/\/www.nordshark.com\/wp-content\/uploads\/2024\/02\/faq2.mp4\"  type=\"video\/mp4\"><\/video><\/div><div class=\"column-bg-overlay-wrap column-bg-layer\" data-bg-animation=\"none\"><div class=\"column-bg-overlay\"><\/div><div class=\"column-overlay-layer\" style=\"\"><\/div><\/div>\n\t\t<div class=\"wpb_wrapper\">\n\t\t\t\n\t\t<\/div> \n\t<\/div>\n\t<\/div> \n<\/div><\/div>\n\t\t\t<\/div> \n\t\t<\/div>\n\t<\/div> \n<\/div><\/div>\n\t\t<div id=\"fws_69fb728d24bd0\"  data-column-margin=\"default\" data-midnight=\"dark\" data-top-percent=\"5%\" data-bottom-percent=\"5%\"  class=\"wpb_row vc_row-fluid vc_row  right_padding_5pct left_padding_5pct\"  style=\"padding-top: calc(100vw * 0.05); padding-bottom: calc(100vw * 0.05); \"><div class=\"row-bg-wrap\" data-bg-animation=\"none\" data-bg-animation-delay=\"\" data-bg-overlay=\"false\"><div class=\"inner-wrap row-bg-layer\" ><div class=\"row-bg viewport-desktop\"  style=\"\"><\/div><\/div><\/div><div class=\"row_col_wrap_12 col span_12 dark left\">\n\t<div  class=\"vc_col-sm-12 wpb_column column_container vc_column_container col no-extra-padding inherit_tablet inherit_phone\"  data-padding-pos=\"all\" data-has-bg-color=\"false\" data-bg-color=\"\" data-bg-opacity=\"1\" data-animation=\"\" data-delay=\"0\" >\n\t\t<div class=\"vc_column-inner\" >\n\t\t\t<div class=\"wpb_wrapper\">\n\t\t\t\t\n<div class=\"wpb_text_column wpb_content_element\" >\n\t<div class=\"wpb_wrapper\">\n\t\t<h1>Welcome to Nordshark &#8211; Boost your Instagram Saves!<\/h1>\n<p>Are you looking to increase your Instagram Saves and engagement? Look no further! Nordshark is your one-stop shop for buying German Instagram Saves. With our high-quality and reliable service, you can take your Instagram presence to the next level.<\/p>\n<h2>Why Buy German Instagram Saves?<\/h2>\n<p>Instagram Saves are an important metric to measure the success of your content. The more Saves you have, the higher your reach and engagement. Buying German Instagram Saves can give your profile the boost it needs to stand out from the crowd. Here&#8217;s why it&#8217;s beneficial:<\/p>\n<ul>\n<li><strong>Improve Credibility:<\/strong>\u00a0When your Instagram Saves count increases, it creates a positive impression on your audience. People are more likely to trust and engage with content that has a high number of Saves.<\/li>\n<li><strong>Increase Visibility:<\/strong>\u00a0Higher Saves count can improve your content&#8217;s visibility on Instagram. It signals to the algorithm that your content is valuable and worth promoting to a wider audience.<\/li>\n<li><strong>Boost Organic Growth:<\/strong>\u00a0With more Saves, your content has a higher chance of being discovered by new users. This can lead to increased followers, likes, comments, and overall engagement on your profile.<\/li>\n<li><strong>Stay Ahead of Competitors:<\/strong>\u00a0Buying German Instagram Saves gives you an edge over your competitors. It helps you stand out in a crowded market and make a strong impression on potential followers and customers.<\/li>\n<\/ul>\n<h2>Pourquoi choisir Nordshark ?<\/h2>\n<p>At Nordshark, we prioritize quality and customer satisfaction. When you choose us to buy German Instagram Saves, you can expect:<\/p>\n<ul>\n<li><strong>Real and High-Quality Saves:<\/strong>\u00a0We provide genuine and high-quality Saves from active German Instagram users. You can rest assured that your Saves count will increase with real engagement.<\/li>\n<li><strong>Quick and Secure Delivery:<\/strong>\u00a0We understand the importance of a fast turnaround time. Once you place your order, our team works diligently to deliver your Saves promptly and securely.<\/li>\n<li><strong>Privacy Protection:<\/strong>\u00a0Your privacy is our top priority. We never ask for sensitive information or passwords. Your account is safe with us.<\/li>\n<li><strong>Assistance client disponible 24h\/24 et 7j\/7 :<\/strong>\u00a0Notre \u00e9quipe de support d\u00e9vou\u00e9e est disponible 24h\/24 pour t'aider avec toutes tes questions ou pr\u00e9occupations. On fait tout notre possible pour t'offrir la meilleure exp\u00e9rience client.<\/li>\n<\/ul>\n<h2>How to Buy German Instagram Saves from Nordshark<\/h2>\n<p>Buying German Instagram Saves from Nordshark is quick and easy. Follow these simple steps to get started:<\/p>\n<ol>\n<li><strong>Choisis le package :<\/strong>\u00a0Choose the package that suits your needs. We offer different packages with varying Saves quantities.<\/li>\n<li><strong>Provide Instagram URL:<\/strong>\u00a0Enter your Instagram post URL for which you want to buy Saves. Please ensure that your account is public.<\/li>\n<li><strong>Paiement effectu\u00e9 :<\/strong>\u00a0Complete the payment process using our secure payment gateway. We accept various payment methods for your convenience.<\/li>\n<li><strong>Watch your Saves Grow:<\/strong>\u00a0Sit back and relax as your Saves count starts to increase. You&#8217;ll notice a boost in engagement and visibility on Instagram.<\/li>\n<\/ol>\n<p>So, what are you waiting for? Don&#8217;t miss out on the opportunity to enhance your Instagram presence with German Instagram Saves. Choose Nordshark and take your profile to new heights!<\/p>\n\t<\/div>\n<\/div>\n\n\n\n\n\t\t\t<\/div> \n\t\t<\/div>\n\t<\/div> \n<\/div><\/div>\n\t\t<div id=\"fws_69fb728d24cc8\"  data-column-margin=\"default\" data-midnight=\"light\" data-top-percent=\"10%\" data-bottom-percent=\"10%\"  class=\"wpb_row vc_row-fluid vc_row full-width-content vc_row-o-equal-height vc_row-flex vc_row-o-content-top  zindex-set mobile-disable-bg-image-animation right_padding_8pct left_padding_8pct nectar-overflow-hidden top_padding_phone_25pct bottom_padding_phone_25pct\"  style=\"padding-top: calc(100vw * 0.10); padding-bottom: calc(100vw * 0.10);  z-index: 100;\"><div class=\"row-bg-wrap\" data-bg-animation=\"fade-in\" data-bg-animation-delay=\"\" data-bg-overlay=\"true\"><div class=\"inner-wrap row-bg-layer\" style=\"background-color: #2b323a;\" ><div class=\"row-bg viewport-desktop using-bg-color\"  style=\"background-color: #2b323a; \"><\/div><\/div><div class=\"row-bg-overlay row-bg-layer\" style=\"background-color:rgba(0,0,0,0.78);  opacity: 0.8; \"><\/div><\/div>\n\t\t\t<div class=\"video-color-overlay row-bg-layer\" data-color=\"\"><\/div>\n\t\t\t\n\t\t\t<div class=\"nectar-video-wrap row-bg-layer\" data-bg-alignment=\"\">\n\t\t\t\t<div class=\"nectar-video-inner\">\n\t\t\t\t<video class=\"nectar-video-bg\" width=\"1800\" height=\"700\" preload=\"auto\" loop autoplay muted playsinline><source src=\"https:\/\/www.nordshark.com\/wp-content\/uploads\/2024\/02\/AdobeStock_454354002.mp4\"  type=\"video\/mp4\"><\/video>    \t\t<\/div>\n\t\t\t <\/div>\n\n\t\t\t<div class=\"row_col_wrap_12 col span_12 light left\">\n\t<div  class=\"vc_col-sm-12 wpb_column column_container vc_column_container col no-extra-padding column_position_static el_spacing_0px inherit_tablet inherit_phone\"  data-padding-pos=\"top-bottom\" data-has-bg-color=\"false\" data-bg-color=\"\" data-bg-opacity=\"1\" data-animation=\"\" data-delay=\"0\" >\n\t\t<div class=\"vc_column-inner\" >\n\t\t\t<div class=\"wpb_wrapper\">\n\t\t\t\t<div id=\"fws_69fb728d24d30\" data-midnight=\"\" data-column-margin=\"none\" class=\"wpb_row vc_row-fluid vc_row inner_row  right_padding_13vw left_padding_13vw\"  style=\" z-index: 10;\"><div class=\"row-bg-wrap\"> <div class=\"row-bg\" ><\/div> <\/div><div class=\"row_col_wrap_12_inner col span_12  left\">\n\t<div  class=\"vc_col-sm-12 wpb_column column_container vc_column_container col child_column centered-text no-extra-padding inherit_tablet inherit_phone\"   data-padding-pos=\"all\" data-has-bg-color=\"false\" data-bg-color=\"\" data-bg-opacity=\"1\" data-animation=\"\" data-delay=\"0\" >\n\t\t<div class=\"vc_column-inner\" >\n\t\t<div class=\"wpb_wrapper\">\n\t\t\t<div class=\"nectar-split-heading  font_size_9vw font_size_tablet_10vw font_line_height_0-95\" data-align=\"left\" data-m-align=\"inherit\" data-text-effect=\"letter-reveal-bottom\" data-animation-type=\"line-reveal-by-space\" data-animation-delay=\"150\" data-animation-offset=\"\" data-m-rm-animation=\"true\" data-stagger=\"true\" data-custom-font-size=\"true\" style=\"font-size: 9vw; line-height: 9.9vw;\"><h1 >Le meilleur.<\/h1><\/div>\n\t\t<\/div> \n\t<\/div>\n\t<\/div> \n<\/div><\/div>\n\t\t\t<\/div> \n\t\t<\/div>\n\t<\/div> \n<\/div><\/div>","protected":false},"excerpt":{"rendered":"<p>\u2714 Real Active Accounts<br \/>\n\u2714 Delivery Time 0-60 Minutes<br \/>\n\u2714 Paiements uniques - Pas d'abonnement<\/p>\n<p>Pour <strong>International \n\nFrench translation: International<\/strong> Saves <a href=\"https:\/\/www.nordshark.com\/fr\/product\/buy-instagram-saves\/\"><strong><span style=\"color: #0000ff;\">Clique ici<\/span><\/strong><\/a><\/p>","protected":false},"featured_media":0,"comment_status":"open","ping_status":"closed","template":"","meta":{"inline_featured_image":false},"product_cat":[29,55,32],"product_tag":[58,33],"class_list":{"0":"post-2258","1":"product","2":"type-product","3":"status-publish","5":"product_cat-instagram","6":"product_cat-instagram-saves","7":"product_cat-social-store","8":"product_tag-country-related-instagram-saves","9":"product_tag-instagram-link","11":"first","12":"instock","13":"sale","14":"sold-individually","15":"shipping-taxable","16":"purchasable","17":"product-type-variable","18":"has-default-attributes"},"yoast_head":"<!-- This site is optimized with the Yoast SEO Premium plugin v23.6 (Yoast SEO v24.1) - https:\/\/yoast.com\/wordpress\/plugins\/seo\/ -->\n<title>Get Quality Boost: Buy German Instagram Saves Today<\/title>\n<meta name=\"description\" content=\"Boost your Instagram with authentic German Saves. Increase your reach and credibility. Buy German Instagram Saves for instant impact!\" \/>\n<meta name=\"robots\" content=\"index, follow, max-snippet:-1, max-image-preview:large, max-video-preview:-1\" \/>\n<link rel=\"canonical\" href=\"https:\/\/www.nordshark.com\/fr\/product\/buy-german-instagram-saves\/\" \/>\n<meta property=\"og:locale\" content=\"fr_FR\" \/>\n<meta property=\"og:type\" content=\"article\" \/>\n<meta property=\"og:title\" content=\"German Instagram Saves\" \/>\n<meta property=\"og:description\" content=\"Boost your Instagram with authentic German Saves. Increase your reach and credibility. Buy German Instagram Saves for instant impact!\" \/>\n<meta property=\"og:url\" content=\"https:\/\/www.nordshark.com\/fr\/product\/buy-german-instagram-saves\/\" \/>\n<meta property=\"og:site_name\" content=\"Nordshark\" \/>\n<meta property=\"article:modified_time\" content=\"2024-03-04T12:45:50+00:00\" \/>\n<meta name=\"twitter:card\" content=\"summary_large_image\" \/>\n<meta name=\"twitter:label1\" content=\"Disponibilit\u00e9\" \/>\n\t<meta name=\"twitter:data1\" content=\"En stock\" \/>\n<script type=\"application\/ld+json\" class=\"yoast-schema-graph\">{\"@context\":\"https:\/\/schema.org\",\"@graph\":[{\"@type\":\"WebPage\",\"@id\":\"https:\/\/www.nordshark.com\/product\/buy-german-instagram-saves\/\",\"url\":\"https:\/\/www.nordshark.com\/product\/buy-german-instagram-saves\/\",\"name\":\"Get Quality Boost: Buy German Instagram Saves Today\",\"isPartOf\":{\"@id\":\"https:\/\/www.nordshark.com\/#website\"},\"datePublished\":\"2024-03-03T16:21:33+00:00\",\"dateModified\":\"2024-03-04T12:45:50+00:00\",\"description\":\"Boost your Instagram with authentic German Saves. Increase your reach and credibility. Buy German Instagram Saves for instant impact!\",\"breadcrumb\":{\"@id\":\"https:\/\/www.nordshark.com\/product\/buy-german-instagram-saves\/#breadcrumb\"},\"inLanguage\":\"fr-FR\",\"potentialAction\":[{\"@type\":\"ReadAction\",\"target\":[\"https:\/\/www.nordshark.com\/product\/buy-german-instagram-saves\/\"]}]},{\"@type\":\"BreadcrumbList\",\"@id\":\"https:\/\/www.nordshark.com\/product\/buy-german-instagram-saves\/#breadcrumb\",\"itemListElement\":[{\"@type\":\"ListItem\",\"position\":1,\"name\":\"Home\",\"item\":\"https:\/\/www.nordshark.com\/\"},{\"@type\":\"ListItem\",\"position\":2,\"name\":\"Shop\",\"item\":\"https:\/\/www.nordshark.com\/shop\/\"},{\"@type\":\"ListItem\",\"position\":3,\"name\":\"German Instagram Saves\"}]},{\"@type\":\"WebSite\",\"@id\":\"https:\/\/www.nordshark.com\/#website\",\"url\":\"https:\/\/www.nordshark.com\/\",\"name\":\"Nordshark\",\"description\":\"\",\"potentialAction\":[{\"@type\":\"SearchAction\",\"target\":{\"@type\":\"EntryPoint\",\"urlTemplate\":\"https:\/\/www.nordshark.com\/?s={search_term_string}\"},\"query-input\":{\"@type\":\"PropertyValueSpecification\",\"valueRequired\":true,\"valueName\":\"search_term_string\"}}],\"inLanguage\":\"fr-FR\"}]}<\/script>\n<meta property=\"og:availability\" content=\"instock\" \/>\n<meta property=\"product:availability\" content=\"instock\" \/>\n<meta property=\"product:condition\" content=\"new\" \/>\n<!-- \/ Yoast SEO Premium plugin. -->","yoast_head_json":{"title":"Get Quality Boost: Buy German Instagram Saves Today","description":"Boost your Instagram with authentic German Saves. Increase your reach and credibility. Buy German Instagram Saves for instant impact!","robots":{"index":"index","follow":"follow","max-snippet":"max-snippet:-1","max-image-preview":"max-image-preview:large","max-video-preview":"max-video-preview:-1"},"canonical":"https:\/\/www.nordshark.com\/fr\/product\/buy-german-instagram-saves\/","og_locale":"fr_FR","og_type":"article","og_title":"German Instagram Saves","og_description":"Boost your Instagram with authentic German Saves. Increase your reach and credibility. Buy German Instagram Saves for instant impact!","og_url":"https:\/\/www.nordshark.com\/fr\/product\/buy-german-instagram-saves\/","og_site_name":"Nordshark","article_modified_time":"2024-03-04T12:45:50+00:00","twitter_card":"summary_large_image","twitter_misc":{"Disponibilit\u00e9":"En stock"},"schema":{"@context":"https:\/\/schema.org","@graph":[{"@type":"WebPage","@id":"https:\/\/www.nordshark.com\/product\/buy-german-instagram-saves\/","url":"https:\/\/www.nordshark.com\/product\/buy-german-instagram-saves\/","name":"Get Quality Boost: Buy German Instagram Saves Today","isPartOf":{"@id":"https:\/\/www.nordshark.com\/#website"},"datePublished":"2024-03-03T16:21:33+00:00","dateModified":"2024-03-04T12:45:50+00:00","description":"Boost your Instagram with authentic German Saves. Increase your reach and credibility. Buy German Instagram Saves for instant impact!","breadcrumb":{"@id":"https:\/\/www.nordshark.com\/product\/buy-german-instagram-saves\/#breadcrumb"},"inLanguage":"fr-FR","potentialAction":[{"@type":"ReadAction","target":["https:\/\/www.nordshark.com\/product\/buy-german-instagram-saves\/"]}]},{"@type":"BreadcrumbList","@id":"https:\/\/www.nordshark.com\/product\/buy-german-instagram-saves\/#breadcrumb","itemListElement":[{"@type":"ListItem","position":1,"name":"Home","item":"https:\/\/www.nordshark.com\/"},{"@type":"ListItem","position":2,"name":"Shop","item":"https:\/\/www.nordshark.com\/shop\/"},{"@type":"ListItem","position":3,"name":"German Instagram Saves"}]},{"@type":"WebSite","@id":"https:\/\/www.nordshark.com\/#website","url":"https:\/\/www.nordshark.com\/","name":"Nordshark","description":"","potentialAction":[{"@type":"SearchAction","target":{"@type":"EntryPoint","urlTemplate":"https:\/\/www.nordshark.com\/?s={search_term_string}"},"query-input":{"@type":"PropertyValueSpecification","valueRequired":true,"valueName":"search_term_string"}}],"inLanguage":"fr-FR"}]},"og_availability":"instock","product_availability":"instock","product_condition":"new"},"_links":{"self":[{"href":"https:\/\/www.nordshark.com\/fr\/wp-json\/wp\/v2\/product\/2258","targetHints":{"allow":["GET"]}}],"collection":[{"href":"https:\/\/www.nordshark.com\/fr\/wp-json\/wp\/v2\/product"}],"about":[{"href":"https:\/\/www.nordshark.com\/fr\/wp-json\/wp\/v2\/types\/product"}],"replies":[{"embeddable":true,"href":"https:\/\/www.nordshark.com\/fr\/wp-json\/wp\/v2\/comments?post=2258"}],"wp:attachment":[{"href":"https:\/\/www.nordshark.com\/fr\/wp-json\/wp\/v2\/media?parent=2258"}],"wp:term":[{"taxonomy":"product_cat","embeddable":true,"href":"https:\/\/www.nordshark.com\/fr\/wp-json\/wp\/v2\/product_cat?post=2258"},{"taxonomy":"product_tag","embeddable":true,"href":"https:\/\/www.nordshark.com\/fr\/wp-json\/wp\/v2\/product_tag?post=2258"}],"curies":[{"name":"wp","href":"https:\/\/api.w.org\/{rel}","templated":true}]}}