{"id":2014,"date":"2024-02-28T21:37:29","date_gmt":"2024-02-28T20:37:29","guid":{"rendered":"https:\/\/www.nordshark.com\/?post_type=product&#038;p=2014"},"modified":"2024-03-04T14:00:17","modified_gmt":"2024-03-04T13:00:17","slug":"buy-dutch-instagram-impressions","status":"publish","type":"product","link":"https:\/\/www.nordshark.com\/fr\/product\/buy-dutch-instagram-impressions\/","title":{"rendered":"Impressions sur Instagram en n\u00e9erlandais"},"content":{"rendered":"<div id=\"fws_69fb7205d6d32\"  data-column-margin=\"default\" data-midnight=\"dark\" data-top-percent=\"8%\"  class=\"wpb_row vc_row-fluid vc_row full-width-section  right_padding_10pct left_padding_10pct\"  style=\"padding-top: calc(100vw * 0.08); padding-bottom: 0px; \"><div class=\"row-bg-wrap\" data-bg-animation=\"none\" data-bg-animation-delay=\"\" data-bg-overlay=\"false\"><div class=\"inner-wrap row-bg-layer\" ><div class=\"row-bg viewport-desktop\"  style=\"\"><\/div><\/div><\/div><div class=\"row_col_wrap_12 col span_12 dark left\">\n\t<div  class=\"vc_col-sm-12 wpb_column column_container vc_column_container col no-extra-padding inherit_tablet inherit_phone\"  data-padding-pos=\"all\" data-has-bg-color=\"false\" data-bg-color=\"\" data-bg-opacity=\"1\" data-animation=\"\" data-delay=\"0\" >\n\t\t<div class=\"vc_column-inner\" >\n\t\t\t<div class=\"wpb_wrapper\">\n\t\t\t\t<div id=\"fws_69fb7205d6e9c\" data-midnight=\"\" data-column-margin=\"default\" class=\"wpb_row vc_row-fluid vc_row inner_row\"  style=\"padding-bottom: 4%; \"><div class=\"row-bg-wrap\"> <div class=\"row-bg\" ><\/div> <\/div><div class=\"row_col_wrap_12_inner col span_12  left\">\n\t<div  class=\"vc_col-sm-12 wpb_column column_container vc_column_container col child_column centered-text no-extra-padding inherit_tablet inherit_phone\"   data-padding-pos=\"all\" data-has-bg-color=\"false\" data-bg-color=\"\" data-bg-opacity=\"1\" data-animation=\"\" data-delay=\"0\" >\n\t\t<div class=\"vc_column-inner\" >\n\t\t<div class=\"wpb_wrapper\">\n\t\t\t<div class=\"nectar-highlighted-text font_size_2vw font_size_tablet_6vw font_line_height_1-0\" data-style=\"none\" data-exp=\"default\" data-using-custom-color=\"false\" data-animation-delay=\"false\" data-color=\"\" data-color-gradient=\"\" style=\"\"><h3>Questions fr\u00e9quemment pos\u00e9es<\/h3>\n<\/div>\n\t\t<\/div> \n\t<\/div>\n\t<\/div> \n<\/div><\/div>\n\t\t\t<\/div> \n\t\t<\/div>\n\t<\/div> \n<\/div><\/div>\n\t\t<div id=\"fws_69fb7205d7023\"  data-column-margin=\"custom\" data-midnight=\"dark\" data-top-percent=\"3%\" data-bottom-percent=\"3%\"  class=\"wpb_row vc_row-fluid vc_row full-width-content vc_row-o-equal-height vc_row-flex vc_row-o-content-middle  right_padding_7vw left_padding_7vw column-margin-7vw\"  style=\"padding-top: calc(100vw * 0.03); padding-bottom: calc(100vw * 0.03); \"><div class=\"row-bg-wrap\" data-bg-animation=\"none\" data-bg-animation-delay=\"\" data-bg-overlay=\"false\"><div class=\"inner-wrap row-bg-layer\" ><div class=\"row-bg viewport-desktop using-bg-color\"  style=\"background-color: #f8f8f8; \"><\/div><\/div><\/div><div class=\"row_col_wrap_12 col span_12 dark left\">\n\t<div  class=\"vc_col-sm-6 wpb_column column_container vc_column_container col left_padding_desktop_2vw\"  data-padding-pos=\"all\" data-has-bg-color=\"false\" data-bg-color=\"\" data-bg-opacity=\"1\" data-animation=\"\" data-delay=\"0\" >\n\t\t<div class=\"vc_column-inner\" >\n\t\t\t<div class=\"wpb_wrapper\">\n\t\t\t\t<div class=\"toggles accordion\" data-br=\"\" data-starting=\"default\" data-style=\"minimal\"><div class=\"toggle accent-color\" data-inner-wrap=\"true\"><h3 class=\"toggle-title\"><a href=\"#\" role=\"button\" class=\"nectar-inherit-h4 toggle-heading\"><i role=\"presentation\" class=\"fa fa-plus-circle\"><\/i>Pourquoi devrais-je acheter des impressions Instagram n\u00e9erlandaises ?<\/a><\/h3><div><div class=\"inner-toggle-wrap\">\n<div class=\"wpb_text_column wpb_content_element\" >\n\t<div class=\"wpb_wrapper\">\n\t\t<p>Acheter des impressions Instagram n\u00e9erlandaises peut aider \u00e0 augmenter la visibilit\u00e9 et la cr\u00e9dibilit\u00e9 de vos publications aupr\u00e8s d'un public n\u00e9erlandophone. Cela peut \u00e9galement stimuler les taux d'engagement et attirer davantage de followers organiques.<\/p>\n\t<\/div>\n<\/div>\n\n\n\n<\/div><\/div><\/div><div class=\"toggle accent-color\" data-inner-wrap=\"true\"><h3 class=\"toggle-title\"><a href=\"#\" role=\"button\" class=\"nectar-inherit-h4 toggle-heading\"><i role=\"presentation\" class=\"fa fa-plus-circle\"><\/i>Combien de temps faut-il pour la livraison des impressions Instagram en n\u00e9erlandais ?<\/a><\/h3><div><div class=\"inner-toggle-wrap\">\n<div class=\"wpb_text_column wpb_content_element\" >\n\t<div class=\"wpb_wrapper\">\n\t\t<p>Le d\u00e9lai de livraison des impressions Instagram n\u00e9erlandaises varie g\u00e9n\u00e9ralement de quelques minutes \u00e0 1 heure apr\u00e8s la confirmation de l'achat. Nous nous effor\u00e7ons de fournir un service rapide et efficace pour am\u00e9liorer rapidement votre pr\u00e9sence sur Instagram.<\/p>\n\t<\/div>\n<\/div>\n\n\n\n<\/div><\/div><\/div><div class=\"toggle accent-color\" data-inner-wrap=\"true\"><h3 class=\"toggle-title\"><a href=\"#\" role=\"button\" class=\"nectar-inherit-h4 toggle-heading\"><i role=\"presentation\" class=\"fa fa-plus-circle\"><\/i>Est-ce que l'achat d'impressions augmente les chances de se classer sur la page Explore ?<\/a><\/h3><div><div class=\"inner-toggle-wrap\">\n<div class=\"wpb_text_column wpb_content_element\" >\n\t<div class=\"wpb_wrapper\">\n\t\t<p>Acheter des impressions peut am\u00e9liorer l'engagement global et la visibilit\u00e9 de vos publications, mais ce n'est qu'un des nombreux facteurs qui contribuent au classement sur la page Explorer. Un contenu de haute qualit\u00e9 et une interaction active avec votre public sont \u00e9galement essentiels pour augmenter vos chances d'\u00eatre pr\u00e9sent\u00e9.<\/p>\n\t<\/div>\n<\/div>\n\n\n\n<\/div><\/div><\/div><\/div>\n\n\n\n\n\n\n\n\n\n\n\n\n\n\n\n\n\n\n\n\n\t\t\t<\/div> \n\t\t<\/div>\n\t<\/div> \n\n\t<div  class=\"vc_col-sm-6 wpb_column column_container vc_column_container col top_margin_tablet_10pct right_padding_desktop_2vw\"  data-padding-pos=\"all\" data-has-bg-color=\"false\" data-bg-color=\"\" data-bg-opacity=\"1\" data-animation=\"\" data-delay=\"0\" >\n\t\t<div class=\"vc_column-inner\" >\n\t\t\t<div class=\"wpb_wrapper\">\n\t\t\t\t<div id=\"fws_69fb7205d72ac\" data-midnight=\"\" data-column-margin=\"default\" class=\"wpb_row vc_row-fluid vc_row inner_row\"  style=\"\"><div class=\"row-bg-wrap\"> <div class=\"row-bg\" ><\/div> <\/div><div class=\"row_col_wrap_12_inner col span_12  left\">\n\t<div  class=\"vc_col-sm-12 wpb_column column_container vc_column_container col child_column col-overflow-hidden mask_shape_circle-rect mask_size_contain top_padding_desktop_20pct bottom_padding_desktop_20pct\"   data-border-radius=\"15px\" data-video-bg=\"true\" data-overlay-color=\"true\" data-padding-pos=\"all\" data-has-bg-color=\"false\" data-bg-color=\"\" data-bg-opacity=\"1\" data-animation=\"\" data-delay=\"0\" >\n\t\t<div class=\"vc_column-inner\" >\n  <div class=\"nectar-video-wrap column-bg-layer column-video\">\n        <video class=\"nectar-video-bg\" width=\"1800\" height=\"700\" preload=\"auto\" loop autoplay muted playsinline><source src=\"https:\/\/www.nordshark.com\/wp-content\/uploads\/2024\/02\/faq2.mp4\"  type=\"video\/mp4\"><\/video><\/div><div class=\"column-bg-overlay-wrap column-bg-layer\" data-bg-animation=\"none\"><div class=\"column-bg-overlay\"><\/div><div class=\"column-overlay-layer\" style=\"\"><\/div><\/div>\n\t\t<div class=\"wpb_wrapper\">\n\t\t\t\n\t\t<\/div> \n\t<\/div>\n\t<\/div> \n<\/div><\/div>\n\t\t\t<\/div> \n\t\t<\/div>\n\t<\/div> \n<\/div><\/div>\n\t\t<div id=\"fws_69fb7205d735a\"  data-column-margin=\"default\" data-midnight=\"dark\" data-top-percent=\"5%\" data-bottom-percent=\"5%\"  class=\"wpb_row vc_row-fluid vc_row  right_padding_5pct left_padding_5pct\"  style=\"padding-top: calc(100vw * 0.05); padding-bottom: calc(100vw * 0.05); \"><div class=\"row-bg-wrap\" data-bg-animation=\"none\" data-bg-animation-delay=\"\" data-bg-overlay=\"false\"><div class=\"inner-wrap row-bg-layer\" ><div class=\"row-bg viewport-desktop\"  style=\"\"><\/div><\/div><\/div><div class=\"row_col_wrap_12 col span_12 dark left\">\n\t<div  class=\"vc_col-sm-12 wpb_column column_container vc_column_container col no-extra-padding inherit_tablet inherit_phone\"  data-padding-pos=\"all\" data-has-bg-color=\"false\" data-bg-color=\"\" data-bg-opacity=\"1\" data-animation=\"\" data-delay=\"0\" >\n\t\t<div class=\"vc_column-inner\" >\n\t\t\t<div class=\"wpb_wrapper\">\n\t\t\t\t\n<div class=\"wpb_text_column wpb_content_element\" >\n\t<div class=\"wpb_wrapper\">\n\t\t<h1>Am\u00e9liorez votre pr\u00e9sence sur Instagram avec des impressions n\u00e9erlandaises<\/h1>\n<p>Bienvenue chez Nordshark, ta source de confiance pour les services Instagram et les solutions de marketing. Tu es un influenceur en herbe ou une entreprise cherchant \u00e0 augmenter ta visibilit\u00e9 sur Instagram ? On a tout ce qu'il te faut ! Avec nos impressions de haute qualit\u00e9 sur Instagram en n\u00e9erlandais, tu peux obtenir plus de vues et d'engagement sur tes publications, ce qui t'aidera \u00e0 te d\u00e9marquer de la concurrence.<\/p>\n<h2>Pourquoi acheter des impressions Instagram n\u00e9erlandaises ?<\/h2>\n<p>Instagram est l'une des plateformes de m\u00e9dias sociaux les plus populaires, avec des millions d'utilisateurs actifs chaque jour. Se d\u00e9marquer dans un tel espace bond\u00e9 peut \u00eatre un d\u00e9fi. C'est l\u00e0 que Nordshark intervient. Notre service d'impressions Instagram n\u00e9erlandais vous permet de renforcer votre visibilit\u00e9 et d'attirer des followers organiques, cr\u00e9ant ainsi un effet d'entra\u00eenement qui peut contribuer \u00e0 une plus grande notori\u00e9t\u00e9 de votre marque et, en fin de compte, \u00e0 plus de ventes.<\/p>\n<p>En achetant des impressions Instagram n\u00e9erlandaises, tu peux :<\/p>\n<ul>\n<li>Augmente la visibilit\u00e9 de tes publications : les impressions repr\u00e9sentent le nombre de fois o\u00f9 tes publications apparaissent sur les flux des utilisateurs. Plus tu as d'impressions, plus tu as de chances d'attirer de nouveaux abonn\u00e9s et des clients potentiels.<\/li>\n<li>Augmenter l'engagement : Des impressions plus \u00e9lev\u00e9es entra\u00eenent souvent plus de \"j'aime\", de commentaires et de partages, ce qui peut cr\u00e9er une boucle de r\u00e9troaction positive et am\u00e9liorer les performances de vos publications.<\/li>\n<li>Attirer des followers organiques : quand les gens voient que tes publications sont populaires, ils sont plus susceptibles de te suivre et d'interagir avec ton contenu, ce qui entra\u00eene une audience grandissante et engag\u00e9e.<\/li>\n<li>Gagner en cr\u00e9dibilit\u00e9 : Avoir un grand nombre d'impressions peut donner \u00e0 votre compte une apparence plus authentique et fiable, attirant ainsi encore plus l'attention des collaborateurs potentiels et des clients.<\/li>\n<\/ul>\n<h2>Pourquoi choisir Nordshark ?<\/h2>\n<p>Chez Nordshark, nous accordons une grande importance \u00e0 la qualit\u00e9 et \u00e0 la satisfaction de nos clients. Lorsque vous achetez des impressions Instagram n\u00e9erlandaises chez nous, voici ce que vous pouvez attendre :<\/p>\n<ul>\n<li>Utilisateurs r\u00e9els et actifs : Nous livrons des impressions provenant de v\u00e9ritables utilisateurs Instagram aux Pays-Bas, garantissant ainsi \u00e0 vos publications une v\u00e9ritable visibilit\u00e9 et une v\u00e9ritable interaction. Pas de bots ni de comptes fictifs.<\/li>\n<li>Livraison rapide : Nous comprenons le besoin de rapidit\u00e9 dans le monde num\u00e9rique. D\u00e8s que vous passez une commande, nous travaillons assid\u00fbment pour vous livrer vos impressions le plus rapidement possible.<\/li>\n<li>Service s\u00fbr et s\u00e9curis\u00e9 : Nous prenons votre vie priv\u00e9e au s\u00e9rieux. Vos informations de compte sont confidentielles et nos m\u00e9thodes sont conformes aux conditions de service d'Instagram.<\/li>\n<li>Assistance client\u00e8le 24\/7 : Vous avez une question ou besoin d'aide ? Notre \u00e9quipe de support d\u00e9vou\u00e9e est disponible en permanence pour vous aider avec toutes vos pr\u00e9occupations ou demandes d'information.<\/li>\n<\/ul>\n<h2>Comment acheter des impressions Instagram n\u00e9erlandaises.<\/h2>\n<p>Commencer avec Nordshark, c'est simple:<\/p>\n<ol>\n<li>Visite notre site Web et choisissez le forfait souhait\u00e9 d'impressions Instagram n\u00e9erlandaises.<\/li>\n<li>Fournissez les informations n\u00e9cessaires, y compris votre nom d'utilisateur Instagram et les publications que vous souhaitez promouvoir.<\/li>\n<li>Proc\u00e9dez au paiement s\u00e9curis\u00e9 \u00e0 la caisse.<\/li>\n<li>Installe-toi et d\u00e9tends-toi pendant que nous commen\u00e7ons \u00e0 te livrer tes impressions Instagram en n\u00e9erlandais rapidement.<\/li>\n<\/ol>\n<p>Une fois que ta commande est termin\u00e9e, tu commenceras \u00e0 voir l'impact sur tes publications Instagram. Pr\u00e9pare-toi \u00e0 voir ton engagement et ton nombre de followers augmenter, te donnant l'avantage dont tu as besoin dans le monde comp\u00e9titif du marketing sur Instagram.<\/p>\n<h2>Booste ton succ\u00e8s sur Instagram d\u00e8s aujourd'hui<\/h2>\n<p>Ne manque pas l'occasion de valoriser ta pr\u00e9sence sur Instagram. Que tu sois un.e influenceur.euse en herbe ou une entreprise souhaitant \u00e9tendre ta port\u00e9e, l'achat d'impressions Instagram n\u00e9erlandaises chez Nordshark est un investissement judicieux. Lance-toi d\u00e8s maintenant et commence \u00e0 profiter des avantages d'une visibilit\u00e9 accrue, d'une plus grande interaction et d'une cr\u00e9dibilit\u00e9 renforc\u00e9e.<\/p>\n<p>Pour toute question ou information suppl\u00e9mentaire, contactez notre \u00e9quipe sympathique de support client. Nous sommes l\u00e0 pour vous accompagner \u00e0 chaque \u00e9tape. Rejoignez Nordshark d\u00e8s aujourd'hui et d\u00e9couvrez la puissance des impressions Instagram n\u00e9erlandaises !<\/p>\n\t<\/div>\n<\/div>\n\n\n\n\n\t\t\t<\/div> \n\t\t<\/div>\n\t<\/div> \n<\/div><\/div>\n\t\t<div id=\"fws_69fb7205d7472\"  data-column-margin=\"default\" data-midnight=\"light\" data-top-percent=\"10%\" data-bottom-percent=\"10%\"  class=\"wpb_row vc_row-fluid vc_row full-width-content vc_row-o-equal-height vc_row-flex vc_row-o-content-top  zindex-set mobile-disable-bg-image-animation right_padding_8pct left_padding_8pct nectar-overflow-hidden top_padding_phone_25pct bottom_padding_phone_25pct\"  style=\"padding-top: calc(100vw * 0.10); padding-bottom: calc(100vw * 0.10);  z-index: 100;\"><div class=\"row-bg-wrap\" data-bg-animation=\"fade-in\" data-bg-animation-delay=\"\" data-bg-overlay=\"true\"><div class=\"inner-wrap row-bg-layer\" style=\"background-color: #2b323a;\" ><div class=\"row-bg viewport-desktop using-bg-color\"  style=\"background-color: #2b323a; \"><\/div><\/div><div class=\"row-bg-overlay row-bg-layer\" style=\"background-color:rgba(0,0,0,0.78);  opacity: 0.8; \"><\/div><\/div>\n\t\t\t<div class=\"video-color-overlay row-bg-layer\" data-color=\"\"><\/div>\n\t\t\t\n\t\t\t<div class=\"nectar-video-wrap row-bg-layer\" data-bg-alignment=\"\">\n\t\t\t\t<div class=\"nectar-video-inner\">\n\t\t\t\t<video class=\"nectar-video-bg\" width=\"1800\" height=\"700\" preload=\"auto\" loop autoplay muted playsinline><source src=\"https:\/\/www.nordshark.com\/wp-content\/uploads\/2024\/02\/AdobeStock_454354002.mp4\"  type=\"video\/mp4\"><\/video>    \t\t<\/div>\n\t\t\t <\/div>\n\n\t\t\t<div class=\"row_col_wrap_12 col span_12 light left\">\n\t<div  class=\"vc_col-sm-12 wpb_column column_container vc_column_container col no-extra-padding column_position_static el_spacing_0px inherit_tablet inherit_phone\"  data-padding-pos=\"top-bottom\" data-has-bg-color=\"false\" data-bg-color=\"\" data-bg-opacity=\"1\" data-animation=\"\" data-delay=\"0\" >\n\t\t<div class=\"vc_column-inner\" >\n\t\t\t<div class=\"wpb_wrapper\">\n\t\t\t\t<div id=\"fws_69fb7205d751a\" data-midnight=\"\" data-column-margin=\"none\" class=\"wpb_row vc_row-fluid vc_row inner_row  right_padding_13vw left_padding_13vw\"  style=\" z-index: 10;\"><div class=\"row-bg-wrap\"> <div class=\"row-bg\" ><\/div> <\/div><div class=\"row_col_wrap_12_inner col span_12  left\">\n\t<div  class=\"vc_col-sm-12 wpb_column column_container vc_column_container col child_column centered-text no-extra-padding inherit_tablet inherit_phone\"   data-padding-pos=\"all\" data-has-bg-color=\"false\" data-bg-color=\"\" data-bg-opacity=\"1\" data-animation=\"\" data-delay=\"0\" >\n\t\t<div class=\"vc_column-inner\" >\n\t\t<div class=\"wpb_wrapper\">\n\t\t\t<div class=\"nectar-split-heading  font_size_9vw font_size_tablet_10vw font_line_height_0-95\" data-align=\"left\" data-m-align=\"inherit\" data-text-effect=\"letter-reveal-bottom\" data-animation-type=\"line-reveal-by-space\" data-animation-delay=\"150\" data-animation-offset=\"\" data-m-rm-animation=\"true\" data-stagger=\"true\" data-custom-font-size=\"true\" style=\"font-size: 9vw; line-height: 9.9vw;\"><h1 >Le meilleur.<\/h1><\/div>\n\t\t<\/div> \n\t<\/div>\n\t<\/div> \n<\/div><\/div>\n\t\t\t<\/div> \n\t\t<\/div>\n\t<\/div> \n<\/div><\/div>","protected":false},"excerpt":{"rendered":"<p>\u2714 D'apr\u00e8s des t\u00e9moignages authentiques<br \/>\n\u2714 Meilleur service sur le march\u00e9.<br \/>\n\u2714 Paiements uniques - Pas d'abonnement<\/p>\n<p>Pour <strong>International \n\nFrench translation: International <\/strong>Impressions\u00a0<a href=\"\/fr\/product\/instagram-impressions\/\"><strong><span style=\"color: #0000ff;\">Clique ici<\/span><\/strong><\/a><\/p>","protected":false},"featured_media":2025,"comment_status":"open","ping_status":"closed","template":"","meta":{"inline_featured_image":false},"product_cat":[29,53,32],"product_tag":[60,33],"class_list":{"0":"post-2014","1":"product","2":"type-product","3":"status-publish","4":"has-post-thumbnail","6":"product_cat-instagram","7":"product_cat-instagram-impressions","8":"product_cat-social-store","9":"product_tag-country-related-instagram-impressions","10":"product_tag-instagram-link","12":"first","13":"instock","14":"sale","15":"sold-individually","16":"shipping-taxable","17":"purchasable","18":"product-type-variable","19":"has-default-attributes"},"yoast_head":"<!-- This site is optimized with the Yoast SEO Premium plugin v23.6 (Yoast SEO v24.1) - https:\/\/yoast.com\/wordpress\/plugins\/seo\/ -->\n<title>Buy Dutch Instagram Impressions | Boost Your Visibility<\/title>\n<meta name=\"description\" content=\"Get high-quality Dutch Instagram Impressions to enhance your profile&#039;s visibility and engagement. Fast delivery and reliable service.\" \/>\n<meta name=\"robots\" content=\"index, follow, max-snippet:-1, max-image-preview:large, max-video-preview:-1\" \/>\n<link rel=\"canonical\" href=\"https:\/\/www.nordshark.com\/fr\/product\/buy-dutch-instagram-impressions\/\" \/>\n<meta property=\"og:locale\" content=\"fr_FR\" \/>\n<meta property=\"og:type\" content=\"article\" \/>\n<meta property=\"og:title\" content=\"Dutch Instagram Impressions\" \/>\n<meta property=\"og:description\" content=\"Get high-quality Dutch Instagram Impressions to enhance your profile&#039;s visibility and engagement. Fast delivery and reliable service.\" \/>\n<meta property=\"og:url\" content=\"https:\/\/www.nordshark.com\/fr\/product\/buy-dutch-instagram-impressions\/\" \/>\n<meta property=\"og:site_name\" content=\"Nordshark\" \/>\n<meta property=\"article:modified_time\" content=\"2024-03-04T13:00:17+00:00\" \/>\n<meta property=\"og:image\" content=\"https:\/\/www.nordshark.com\/wp-content\/uploads\/2024\/02\/Dutch.Impressions.jpg\" \/>\n\t<meta property=\"og:image:width\" content=\"800\" \/>\n\t<meta property=\"og:image:height\" content=\"800\" \/>\n\t<meta property=\"og:image:type\" content=\"image\/jpeg\" \/>\n<meta name=\"twitter:card\" content=\"summary_large_image\" \/>\n<meta name=\"twitter:label1\" content=\"Disponibilit\u00e9\" \/>\n\t<meta name=\"twitter:data1\" content=\"En stock\" \/>\n<script type=\"application\/ld+json\" class=\"yoast-schema-graph\">{\"@context\":\"https:\/\/schema.org\",\"@graph\":[{\"@type\":\"WebPage\",\"@id\":\"https:\/\/www.nordshark.com\/product\/buy-dutch-instagram-impressions\/\",\"url\":\"https:\/\/www.nordshark.com\/product\/buy-dutch-instagram-impressions\/\",\"name\":\"Buy Dutch Instagram Impressions | Boost Your Visibility\",\"isPartOf\":{\"@id\":\"https:\/\/www.nordshark.com\/#website\"},\"primaryImageOfPage\":{\"@id\":\"https:\/\/www.nordshark.com\/product\/buy-dutch-instagram-impressions\/#primaryimage\"},\"image\":{\"@id\":\"https:\/\/www.nordshark.com\/product\/buy-dutch-instagram-impressions\/#primaryimage\"},\"thumbnailUrl\":\"https:\/\/www.nordshark.com\/wp-content\/uploads\/2024\/02\/Dutch.Impressions.jpg\",\"datePublished\":\"2024-02-28T20:37:29+00:00\",\"dateModified\":\"2024-03-04T13:00:17+00:00\",\"description\":\"Get high-quality Dutch Instagram Impressions to enhance your profile's visibility and engagement. Fast delivery and reliable service.\",\"breadcrumb\":{\"@id\":\"https:\/\/www.nordshark.com\/product\/buy-dutch-instagram-impressions\/#breadcrumb\"},\"inLanguage\":\"fr-FR\",\"potentialAction\":[{\"@type\":\"ReadAction\",\"target\":[\"https:\/\/www.nordshark.com\/product\/buy-dutch-instagram-impressions\/\"]}]},{\"@type\":\"ImageObject\",\"inLanguage\":\"fr-FR\",\"@id\":\"https:\/\/www.nordshark.com\/product\/buy-dutch-instagram-impressions\/#primaryimage\",\"url\":\"https:\/\/www.nordshark.com\/wp-content\/uploads\/2024\/02\/Dutch.Impressions.jpg\",\"contentUrl\":\"https:\/\/www.nordshark.com\/wp-content\/uploads\/2024\/02\/Dutch.Impressions.jpg\",\"width\":800,\"height\":800,\"caption\":\"Buy Dutch Instagram Impressions\"},{\"@type\":\"BreadcrumbList\",\"@id\":\"https:\/\/www.nordshark.com\/product\/buy-dutch-instagram-impressions\/#breadcrumb\",\"itemListElement\":[{\"@type\":\"ListItem\",\"position\":1,\"name\":\"Home\",\"item\":\"https:\/\/www.nordshark.com\/\"},{\"@type\":\"ListItem\",\"position\":2,\"name\":\"Shop\",\"item\":\"https:\/\/www.nordshark.com\/shop\/\"},{\"@type\":\"ListItem\",\"position\":3,\"name\":\"Dutch Instagram Impressions\"}]},{\"@type\":\"WebSite\",\"@id\":\"https:\/\/www.nordshark.com\/#website\",\"url\":\"https:\/\/www.nordshark.com\/\",\"name\":\"Nordshark\",\"description\":\"\",\"potentialAction\":[{\"@type\":\"SearchAction\",\"target\":{\"@type\":\"EntryPoint\",\"urlTemplate\":\"https:\/\/www.nordshark.com\/?s={search_term_string}\"},\"query-input\":{\"@type\":\"PropertyValueSpecification\",\"valueRequired\":true,\"valueName\":\"search_term_string\"}}],\"inLanguage\":\"fr-FR\"}]}<\/script>\n<meta property=\"og:availability\" content=\"instock\" \/>\n<meta property=\"product:availability\" content=\"instock\" \/>\n<meta property=\"product:condition\" content=\"new\" \/>\n<!-- \/ Yoast SEO Premium plugin. -->","yoast_head_json":{"title":"Buy Dutch Instagram Impressions | Boost Your Visibility","description":"Get high-quality Dutch Instagram Impressions to enhance your profile's visibility and engagement. Fast delivery and reliable service.","robots":{"index":"index","follow":"follow","max-snippet":"max-snippet:-1","max-image-preview":"max-image-preview:large","max-video-preview":"max-video-preview:-1"},"canonical":"https:\/\/www.nordshark.com\/fr\/product\/buy-dutch-instagram-impressions\/","og_locale":"fr_FR","og_type":"article","og_title":"Dutch Instagram Impressions","og_description":"Get high-quality Dutch Instagram Impressions to enhance your profile's visibility and engagement. Fast delivery and reliable service.","og_url":"https:\/\/www.nordshark.com\/fr\/product\/buy-dutch-instagram-impressions\/","og_site_name":"Nordshark","article_modified_time":"2024-03-04T13:00:17+00:00","og_image":[{"width":800,"height":800,"url":"https:\/\/www.nordshark.com\/wp-content\/uploads\/2024\/02\/Dutch.Impressions.jpg","type":"image\/jpeg"}],"twitter_card":"summary_large_image","twitter_misc":{"Disponibilit\u00e9":"En stock"},"schema":{"@context":"https:\/\/schema.org","@graph":[{"@type":"WebPage","@id":"https:\/\/www.nordshark.com\/product\/buy-dutch-instagram-impressions\/","url":"https:\/\/www.nordshark.com\/product\/buy-dutch-instagram-impressions\/","name":"Buy Dutch Instagram Impressions | Boost Your Visibility","isPartOf":{"@id":"https:\/\/www.nordshark.com\/#website"},"primaryImageOfPage":{"@id":"https:\/\/www.nordshark.com\/product\/buy-dutch-instagram-impressions\/#primaryimage"},"image":{"@id":"https:\/\/www.nordshark.com\/product\/buy-dutch-instagram-impressions\/#primaryimage"},"thumbnailUrl":"https:\/\/www.nordshark.com\/wp-content\/uploads\/2024\/02\/Dutch.Impressions.jpg","datePublished":"2024-02-28T20:37:29+00:00","dateModified":"2024-03-04T13:00:17+00:00","description":"Get high-quality Dutch Instagram Impressions to enhance your profile's visibility and engagement. Fast delivery and reliable service.","breadcrumb":{"@id":"https:\/\/www.nordshark.com\/product\/buy-dutch-instagram-impressions\/#breadcrumb"},"inLanguage":"fr-FR","potentialAction":[{"@type":"ReadAction","target":["https:\/\/www.nordshark.com\/product\/buy-dutch-instagram-impressions\/"]}]},{"@type":"ImageObject","inLanguage":"fr-FR","@id":"https:\/\/www.nordshark.com\/product\/buy-dutch-instagram-impressions\/#primaryimage","url":"https:\/\/www.nordshark.com\/wp-content\/uploads\/2024\/02\/Dutch.Impressions.jpg","contentUrl":"https:\/\/www.nordshark.com\/wp-content\/uploads\/2024\/02\/Dutch.Impressions.jpg","width":800,"height":800,"caption":"Buy Dutch Instagram Impressions"},{"@type":"BreadcrumbList","@id":"https:\/\/www.nordshark.com\/product\/buy-dutch-instagram-impressions\/#breadcrumb","itemListElement":[{"@type":"ListItem","position":1,"name":"Home","item":"https:\/\/www.nordshark.com\/"},{"@type":"ListItem","position":2,"name":"Shop","item":"https:\/\/www.nordshark.com\/shop\/"},{"@type":"ListItem","position":3,"name":"Dutch Instagram Impressions"}]},{"@type":"WebSite","@id":"https:\/\/www.nordshark.com\/#website","url":"https:\/\/www.nordshark.com\/","name":"Nordshark","description":"","potentialAction":[{"@type":"SearchAction","target":{"@type":"EntryPoint","urlTemplate":"https:\/\/www.nordshark.com\/?s={search_term_string}"},"query-input":{"@type":"PropertyValueSpecification","valueRequired":true,"valueName":"search_term_string"}}],"inLanguage":"fr-FR"}]},"og_availability":"instock","product_availability":"instock","product_condition":"new"},"_links":{"self":[{"href":"https:\/\/www.nordshark.com\/fr\/wp-json\/wp\/v2\/product\/2014","targetHints":{"allow":["GET"]}}],"collection":[{"href":"https:\/\/www.nordshark.com\/fr\/wp-json\/wp\/v2\/product"}],"about":[{"href":"https:\/\/www.nordshark.com\/fr\/wp-json\/wp\/v2\/types\/product"}],"replies":[{"embeddable":true,"href":"https:\/\/www.nordshark.com\/fr\/wp-json\/wp\/v2\/comments?post=2014"}],"wp:featuredmedia":[{"embeddable":true,"href":"https:\/\/www.nordshark.com\/fr\/wp-json\/wp\/v2\/media\/2025"}],"wp:attachment":[{"href":"https:\/\/www.nordshark.com\/fr\/wp-json\/wp\/v2\/media?parent=2014"}],"wp:term":[{"taxonomy":"product_cat","embeddable":true,"href":"https:\/\/www.nordshark.com\/fr\/wp-json\/wp\/v2\/product_cat?post=2014"},{"taxonomy":"product_tag","embeddable":true,"href":"https:\/\/www.nordshark.com\/fr\/wp-json\/wp\/v2\/product_tag?post=2014"}],"curies":[{"name":"wp","href":"https:\/\/api.w.org\/{rel}","templated":true}]}}