{"id":1330,"date":"2024-02-22T22:51:22","date_gmt":"2024-02-22T21:51:22","guid":{"rendered":"https:\/\/www.nordshark.com\/?page_id=1330"},"modified":"2024-02-22T23:27:31","modified_gmt":"2024-02-22T22:27:31","slug":"cookie-policy","status":"publish","type":"page","link":"https:\/\/www.nordshark.com\/fr\/policies\/cookie-policy\/","title":{"rendered":"Politique des cookies"},"content":{"rendered":"<div id=\"fws_69fb438d6ed02\"  data-column-margin=\"default\" data-midnight=\"dark\" data-nectar-animated-gradient-settings=\"{&quot;color_1&quot;:&quot;#000000&quot;,&quot;color_2&quot;:&quot;#080035&quot;,&quot;speed&quot;:&quot;850&quot;,&quot;blending_mode&quot;:&quot;organic&quot;}\"  class=\"wpb_row vc_row-fluid vc_row full-width-content vc_row-o-equal-height vc_row-flex vc_row-o-content-middle  clip-path-start-desktop-0-0-0-0-0 clip-path-end-desktop-0-0-0-0-0 clip-path-start-tablet-0-0-0-0-0 clip-path-end-tablet-0-0-0-0-0 clip-path-start-phone-0-0-0-0-0 clip-path-end-phone-50px-24px-24px-24px-0 clip-path-entire-row nectar-overflow-hidden\"  style=\"padding-top: 0px; padding-bottom: 0px; \"><div class=\"row-bg-wrap has-animated-gradient\" data-bg-animation=\"clip-path\" data-bg-animation-delay=\"1000\" data-bg-overlay=\"false\"><div class=\"inner-wrap row-bg-layer\" style=\"background-color: #0a0a0a;\" ><div class=\"row-bg viewport-desktop using-bg-color\"  style=\"background-color: #0a0a0a; \"><\/div><\/div><\/div><div class=\"row_col_wrap_12 col span_12 dark left\">\n\t<div  class=\"vc_col-sm-12 wpb_column column_container vc_column_container col no-extra-padding column_position_static el_spacing_0px inherit_tablet inherit_phone\"  data-padding-pos=\"all\" data-has-bg-color=\"false\" data-bg-color=\"\" data-bg-opacity=\"1\" data-animation=\"\" data-delay=\"0\" data-scroll-animation=\"true\" data-scroll-animation-movement=\"default\" data-scroll-animation-mobile=\"\" data-scroll-animation-intensity=\"-4\" >\n\t\t<div class=\"vc_column-inner\" >\n\t\t\t<div class=\"wpb_wrapper\">\n\t\t\t\t<div id=\"fws_69fb438d6ee2d\" data-midnight=\"\" data-column-margin=\"default\" class=\"wpb_row vc_row-fluid vc_row inner_row  right_padding_phone_14pct left_padding_phone_14pct\"  style=\"padding-top: 10%; padding-bottom: 10%; \"><div class=\"row-bg-wrap\"> <div class=\"row-bg\" ><\/div> <\/div><div class=\"row_col_wrap_12_inner col span_12  left\">\n\t<div style=\" color: #ffffff;\" class=\"vc_col-sm-12 wpb_column column_container vc_column_container col child_column centered-text has-animation\" data-cfc=\"true\"  data-padding-pos=\"all\" data-has-bg-color=\"false\" data-bg-color=\"\" data-bg-opacity=\"1\" data-animation=\"slight-twist\" data-delay=\"200\" data-animation-easing=\"easeInOutCubic\" >\n\t\t<div class=\"vc_column-inner\" >\n\t\t<div class=\"wpb_wrapper\">\n\t\t\t<div class=\"nectar-highlighted-text font_size_6vw font_size_tablet_6vw font_size_phone_10vw font_line_height_1-1 ease_out\" data-style=\"scribble\" data-exp=\"default\" data-using-custom-color=\"false\" data-animation-delay=\"1000\" data-color=\"\" data-color-gradient=\"\" style=\"\"><h1><strong><em>Politique des cookies<svg class=\"nectar-scribble basic-underline\" role=\"presentation\" viewbox=\"-400 -55 730 60\" preserveaspectratio=\"none\"><path style=\"animation-duration: 1.8s;\" d=\"m -383.25 -6 c 55.25 -22 130.75 -33.5 293.25 -38 c 54.5 -0.5 195 -2.5 401 15\" stroke=\"#ffffff\" pathlength=\"1\" stroke-width=\"8\" fill=\"none\"\/><\/svg><\/em><\/strong><\/h1>\n<\/div>\n\t\t<\/div> \n\t<\/div>\n\t<\/div> \n<\/div><\/div><div id=\"fws_69fb438d6ef60\" data-midnight=\"\" data-column-margin=\"none\" class=\"wpb_row vc_row-fluid vc_row inner_row  row_position_absolute bottom_position_desktop_60px right_position_desktop_60px\"  style=\" z-index: 10;\"><div class=\"row-bg-wrap\"> <div class=\"row-bg\" ><\/div> <\/div><div class=\"row_col_wrap_12_inner col span_12  left\">\n\t<div style=\" color: #ffffff;\" class=\"vc_col-sm-12 vc_hidden-sm vc_hidden-xs wpb_column column_container vc_column_container col child_column centered-text has-animation no-extra-padding el_spacing_0px inherit_tablet inherit_phone\" data-cfc=\"true\"  data-padding-pos=\"all\" data-has-bg-color=\"false\" data-bg-color=\"\" data-bg-opacity=\"1\" data-animation=\"fade-in\" data-delay=\"1300\" data-animation-offset=\"100%\" >\n\t\t<div class=\"vc_column-inner\" >\n\t\t<div class=\"wpb_wrapper\">\n\t\t\t<div class=\"nectar-lottie-wrap width_desktop_55px alignment_center\"><div class=\"nectar-lottie\" data-lottie-settings=\"{&quot;trigger_type&quot;:&quot;play&quot;,&quot;mobile_func&quot;:&quot;default&quot;,&quot;loop&quot;:&quot;true&quot;,&quot;trigger_offset&quot;:&quot;0.00,100.00&quot;,&quot;frame_constraint&quot;:&quot;0.00,100.00&quot;,&quot;speed&quot;:&quot;0.8&quot;,&quot;width_desktop&quot;:&quot;55px&quot;,&quot;alignment&quot;:&quot;center&quot;,&quot;preserve_aspect_ratio&quot;:&quot;xMidYMid meet&quot;,&quot;json_url&quot;:&quot;https:\\\/\\\/assets1.lottiefiles.com\\\/packages\\\/lf20_9r65d17y.json&quot;,&quot;box_shadow_method&quot;:&quot;filter&quot;}\"><\/div><\/div><div class=\"nectar-responsive-text font_line_height_1-3 nectar-link-underline-effect\"><p><strong>Nordshark.<\/strong><\/p>\n<\/div><div class=\"nectar-responsive-text font_size_desktop_0-9em font_line_height_1-3 nectar-link-underline-effect\"><p><i>Derni\u00e8re mise \u00e0 jour: <strong>12.12.2023<\/strong><\/i><\/p>\n<\/div>\n\t\t<\/div> \n\t<\/div>\n\t<\/div> \n<\/div><\/div>\n\t\t\t<\/div> \n\t\t<\/div>\n\t<\/div> \n<\/div><\/div>\n\t\t<div id=\"fws_69fb438d6f0c8\"  data-column-margin=\"default\" data-midnight=\"dark\"  class=\"wpb_row vc_row-fluid vc_row full-width-section\"  style=\"padding-top: 0px; padding-bottom: 0px; \"><div class=\"row-bg-wrap\" data-bg-animation=\"none\" data-bg-animation-delay=\"\" data-bg-overlay=\"false\"><div class=\"inner-wrap row-bg-layer\" ><div class=\"row-bg viewport-desktop using-bg-color\"  style=\"background-color: #000000; \"><\/div><\/div><\/div><div class=\"row_col_wrap_12 col span_12 dark left\">\n\t<div style=\" color: #ffffff;\" class=\"vc_col-sm-12 wpb_column column_container vc_column_container col no-extra-padding inherit_tablet inherit_phone\" data-cfc=\"true\"  data-padding-pos=\"all\" data-has-bg-color=\"false\" data-bg-color=\"\" data-bg-opacity=\"1\" data-animation=\"\" data-delay=\"0\" >\n\t\t<div class=\"vc_column-inner\" >\n\t\t\t<div class=\"wpb_wrapper\">\n\t\t\t\t<div id=\"fws_69fb438d6f1a2\" data-midnight=\"\" data-column-margin=\"default\" class=\"wpb_row vc_row-fluid vc_row inner_row  right_padding_10pct left_padding_10pct\"  style=\"padding-top: 5%; padding-bottom: 5%; \"><div class=\"row-bg-wrap\"> <div class=\"row-bg\" ><\/div> <\/div><div class=\"row_col_wrap_12_inner col span_12  left\">\n\t<div  class=\"vc_col-sm-12 wpb_column column_container vc_column_container col child_column no-extra-padding inherit_tablet inherit_phone\"   data-padding-pos=\"all\" data-has-bg-color=\"false\" data-bg-color=\"\" data-bg-opacity=\"1\" data-animation=\"\" data-delay=\"0\" >\n\t\t<div class=\"vc_column-inner\" >\n\t\t<div class=\"wpb_wrapper\">\n\t\t\t\n<div class=\"wpb_text_column wpb_content_element\" >\n\t<div class=\"wpb_wrapper\">\n\t\t<div data-custom-class=\"body\">\n<div><strong><span data-custom-class=\"subtitle\">Derni\u00e8re mise \u00e0 jour le 28 d\u00e9cembre 2023<\/span><\/strong><\/div>\n<div><\/div>\n<div><span data-custom-class=\"body_text\">Cette politique sur les cookies explique comment NordShark (&#8220;<strong>Entreprise<\/strong>,&#8221; &#8220;<strong>nous<\/strong>,&#8221; &#8220;<strong>nous<\/strong>\u00ab and \u00bb<strong>notre<\/strong>&amp;) utilise des cookies et des technologies similaires pour te reconna\u00eetre lorsque tu visites notre site web \u00e0 \u00a0<\/span><span data-custom-class=\"body_text\">https:\/\/www.NordShark.com<\/span><span data-custom-class=\"body_text\"> (&#8220;<strong>Site web<\/strong>&quot;). Cela explique ce que sont ces technologies et pourquoi nous les utilisons, ainsi que vos droits pour contr\u00f4ler leur utilisation de notre part.<\/span><\/div>\n<div><\/div>\n<div><span data-custom-class=\"body_text\">Dans certains cas, nous pouvons utiliser des cookies pour collecter des informations personnelles, ou des informations qui deviennent personnelles lorsqu'elles sont combin\u00e9es avec d'autres informations.<\/span><\/div>\n<div><\/div>\n<div><strong><span data-custom-class=\"heading_1\">Qu'est-ce que les cookies ?<\/span><\/strong><\/div>\n<div><\/div>\n<div><span data-custom-class=\"body_text\">Les cookies sont de petits fichiers de donn\u00e9es qui sont plac\u00e9s sur votre ordinateur ou votre appareil mobile lorsque vous visitez un site web. Les cookies sont largement utilis\u00e9s par les propri\u00e9taires de sites web pour que leurs sites fonctionnent, ou pour fonctionner de mani\u00e8re plus efficace, ainsi que pour fournir des informations de rapport.<\/span><\/div>\n<div><\/div>\n<div><span data-custom-class=\"body_text\">Les cookies d\u00e9finis par le propri\u00e9taire du site web (dans ce cas, NordShark) sont appel\u00e9s des \"cookies de premi\u00e8re partie\". Les cookies d\u00e9finis par des parties autres que le propri\u00e9taire du site web sont appel\u00e9s des \"cookies de tiers\". Les cookies de tiers permettent d'activer des fonctionnalit\u00e9s ou des fonctionnalit\u00e9s tierces sur le site web (par exemple, la publicit\u00e9, le contenu interactif et les analyses). Les parties qui d\u00e9finissent ces cookies de tiers peuvent reconna\u00eetre votre ordinateur \u00e0 la fois lorsqu'il visite le site web en question et lorsqu'il visite certains autres sites web.<\/span><\/div>\n<div><\/div>\n<div><strong><span data-custom-class=\"heading_1\">Pourquoi est-ce qu'on utilise des cookies ?<\/span><\/strong><\/div>\n<div><\/div>\n<div><span data-custom-class=\"body_text\">Nous utilisons des cookies internes et externes pour plusieurs raisons. Certains cookies sont n\u00e9cessaires pour des raisons techniques afin que notre site Web fonctionne, et nous les appelons des cookies \"essentiels\" ou \"strictement n\u00e9cessaires\". D'autres cookies nous permettent \u00e9galement de suivre et de cibler les int\u00e9r\u00eats de nos utilisateurs pour am\u00e9liorer l'exp\u00e9rience sur nos propri\u00e9t\u00e9s en ligne. Des tiers servent des cookies via notre site Web \u00e0 des fins publicitaires, d'analyse et autres. Cela est d\u00e9crit plus en d\u00e9tail ci-dessous.<\/span><\/div>\n<div><\/div>\n<div><span id=\"control\"><strong><span data-custom-class=\"heading_1\">Comment puis-je contr\u00f4ler les cookies ?<\/span><\/strong><\/span><\/div>\n<div><\/div>\n<div><span data-custom-class=\"body_text\">Tu as le droit de d\u00e9cider si tu acceptes ou rej\u00e8tes les cookies. Tu peux exercer tes droits en mati\u00e8re de cookies en configurant tes pr\u00e9f\u00e9rences dans le Gestionnaire de consentement aux cookies. Le Gestionnaire de consentement aux cookies te permet de s\u00e9lectionner les cat\u00e9gories de cookies que tu acceptes ou rej\u00e8tes. Les cookies essentiels ne peuvent pas \u00eatre rejet\u00e9s car ils sont strictement n\u00e9cessaires pour te fournir des services.<\/span><\/div>\n<div><\/div>\n<div><span data-custom-class=\"body_text\">Le Gestionnaire de consentement de cookies peut \u00eatre trouv\u00e9 dans la banni\u00e8re de notification et sur notre site web. Si tu choisis de refuser les cookies, tu pourras quand m\u00eame utiliser notre site web, bien que ton acc\u00e8s \u00e0 certaines fonctionnalit\u00e9s et zones de notre site web puisse \u00eatre restreint. Tu peux \u00e9galement configurer ou modifier les param\u00e8tres de ton navigateur web pour accepter ou refuser les cookies.<\/span><\/div>\n<div><\/div>\n<div><span data-custom-class=\"body_text\">Les types sp\u00e9cifiques de cookies internes et tiers servis par le biais de notre site internet, ainsi que les objectifs qu'ils poursuivent, sont d\u00e9crits dans le tableau ci-dessous (veuillez noter que les d\u00e9tails sp\u00e9cifiques...)\u00a0<\/span><span data-custom-class=\"body_text\">Les cookies servis peuvent varier en fonction des propri\u00e9t\u00e9s en ligne sp\u00e9cifiques que vous visitez.<\/span><\/div>\n<div><span data-custom-class=\"heading_2\"><strong><u><br \/>\nCookies publicitaires<\/u><\/strong><\/span><\/div>\n<div>\n<p><span data-custom-class=\"body_text\">Ces cookies sont utilis\u00e9s pour rendre les messages publicitaires plus pertinents pour toi. Ils remplissent des fonctions comme emp\u00eacher la m\u00eame annonce de r\u00e9appara\u00eetre continuellement, s'assurer que les annonces sont correctement affich\u00e9es pour les annonceurs, et dans certains cas s\u00e9lectionner des publicit\u00e9s bas\u00e9es sur tes int\u00e9r\u00eats.<\/span><\/p>\n<div><\/div>\n<\/div>\n<div><span data-custom-class=\"heading_2\"><strong><u>Cookies non classifi\u00e9s:<\/u><\/strong><\/span><\/div>\n<div>\n<p><span data-custom-class=\"body_text\">Ce sont des cookies qui n'ont pas encore \u00e9t\u00e9 cat\u00e9goris\u00e9s. Nous sommes en train de les classifier avec l'aide de leurs fournisseurs.<\/span><\/p>\n<\/div>\n<div><strong><span data-custom-class=\"heading_1\">Comment puis-je contr\u00f4ler les cookies sur mon navigateur ?<\/span><\/strong><\/div>\n<div><\/div>\n<div><span data-custom-class=\"body_text\">Comme les moyens par lesquels vous pouvez refuser les cookies \u00e0 travers les contr\u00f4les de votre navigateur web varient d'un navigateur \u00e0 l'autre, vous devriez consulter le menu d'aide de votre navigateur pour plus d'informations. Voici des informations sur la gestion des cookies sur les navigateurs les plus populaires :<\/span><\/div>\n<ul>\n<li><span data-custom-class=\"link\">Google Chrome<\/span><\/li>\n<li><span data-custom-class=\"link\">Internet Explorer<\/span><\/li>\n<li><span data-custom-class=\"link\">Renard de feu<\/span><\/li>\n<li><span data-custom-class=\"link\">Safari<\/span><\/li>\n<li><span data-custom-class=\"link\">Franchement<\/span><\/li>\n<li><span data-custom-class=\"link\">Op\u00e9ra<\/span><\/li>\n<\/ul>\n<div><span data-custom-class=\"body_text\">De plus, la plupart des r\u00e9seaux publicitaires vous offrent la possibilit\u00e9 de vous d\u00e9sengager de la publicit\u00e9 cibl\u00e9e. Si vous souhaitez obtenir plus d'informations, veuillez visiter :<\/span><\/div>\n<ul>\n<li><span data-custom-class=\"link\">Alliance de la Publicit\u00e9 Digitale<\/span><\/li>\n<li><span data-custom-class=\"link\">Alliance de la publicit\u00e9 num\u00e9rique du Canada<\/span><\/li>\n<li><span data-custom-class=\"body_text\">Alliance europ\u00e9enne de la publicit\u00e9 num\u00e9rique interactive.<\/span><\/li>\n<\/ul>\n<div><\/div>\n<div><strong><span data-custom-class=\"heading_1\">Et qu'en est-il des autres technologies de suivi, comme les balises web ?<\/span><\/strong><\/div>\n<div><\/div>\n<div><span data-custom-class=\"body_text\">Les cookies ne sont pas la seule option.\u00a0<\/span><span data-custom-class=\"body_text\">pour reconna\u00eetre ou suivre les visiteurs d'un site web. Nous pouvons utiliser d'autres technologies similaires de temps en temps, comme les balises web (parfois appel\u00e9es \"pixels de suivi\" ou \"gifs transparents\"). Ce sont de petits fichiers graphiques qui contiennent un identifiant unique qui nous permet de reconna\u00eetre quand quelqu'un a visit\u00e9 notre site web ou ouvert un email les incluant. Cela nous permet, par exemple, de surveiller\u00a0<\/span><span data-custom-class=\"body_text\">les habitudes de trafic des utilisateurs d'une page \u00e0 l'autre d'un site web, pour d\u00e9livrer ou communiquer avec des cookies, pour comprendre si vous \u00eates arriv\u00e9 sur le site \u00e0 partir d'une publicit\u00e9 en ligne affich\u00e9e sur un site tiers, pour am\u00e9liorer les performances du site et mesurer le succ\u00e8s des campagnes de marketing par email. Dans de nombreux cas, ces technologies d\u00e9pendent des cookies pour fonctionner correctement, et refuser les cookies affectera leur fonctionnement.<\/span><\/div>\n<div><\/div>\n<div><strong><span data-custom-class=\"heading_1\">Utilises-tu des cookies Flash ou des objets partag\u00e9s locaux ?<\/span><\/strong><\/div>\n<div><\/div>\n<div><span data-custom-class=\"body_text\">Les sites Web peuvent \u00e9galement utiliser ce qu'on appelle des \u00ab Flash Cookies \u00bb (\u00e9galement connus sous le nom d'objets partag\u00e9s locaux ou \u00ab LSO \u00bb) pour, entre autres, recueillir et stocker des informations sur votre utilisation de nos services, pr\u00e9venir la fraude et pour d'autres op\u00e9rations sur le site.<\/span><\/div>\n<div><\/div>\n<div><span data-custom-class=\"body_text\">Si tu veux pas que des Flash Cookies soient stock\u00e9s sur ton ordinateur, tu peux modifier les r\u00e9glages de ton lecteur Flash pour bloquer le stockage des Flash Cookies en utilisant les outils inclus dans le logiciel.\u00a0<\/span><span data-custom-class=\"body_text\">Panneau des param\u00e8tres de stockage du site web. Vous pouvez \u00e9galement contr\u00f4ler les cookies Flash en acc\u00e9dant au panneau des param\u00e8tres de stockage global.<\/span><span data-custom-class=\"body_text\">\u00a0et\u00a0<\/span><span data-custom-class=\"body_text\">Suivant les instructions (qui peuvent inclure des instructions expliquant, par exemple, comment supprimer les Flash Cookies existants (appel\u00e9s \"information\" sur le site de Macromedia), comment emp\u00eacher l'installation de Flash LSOs sur votre ordinateur sans votre accord, et (pour Flash Player 8 et ult\u00e9rieurs) comment bloquer les Flash Cookies qui ne sont pas d\u00e9livr\u00e9s par l'op\u00e9rateur de la page sur laquelle vous vous trouvez \u00e0 ce moment-l\u00e0).<\/span><\/div>\n<div><\/div>\n<div><span data-custom-class=\"body_text\">Notez s'il vous pla\u00eet que param\u00e9trer le Flash Player pour restreindre ou limiter l'acceptation des t\u00e9moins Flash peut r\u00e9duire ou g\u00eaner le fonctionnement de certaines applications Flash, y compris potentiellement les applications Flash utilis\u00e9es en relation avec nos services ou notre contenu en ligne.<\/span><\/div>\n<div><\/div>\n<div><strong><span data-custom-class=\"heading_1\">Est-ce que tu diffuses de la publicit\u00e9 cibl\u00e9e ?<\/span><\/strong><\/div>\n<div><\/div>\n<div><span data-custom-class=\"body_text\">Des tiers peuvent placer des cookies sur votre ordinateur ou votre appareil mobile afin de diffuser des publicit\u00e9s via notre site Web. Ces entreprises peuvent utiliser des informations sur vos visites sur ce site et d'autres sites pour diffuser des publicit\u00e9s pertinentes sur des biens et services qui pourraient vous int\u00e9resser. Elles peuvent \u00e9galement utiliser des technologies permettant de mesurer l'efficacit\u00e9 des publicit\u00e9s. Elles le font en utilisant des cookies ou des balises web pour collecter des informations sur vos visites sur ce site et d'autres sites afin de diffuser des publicit\u00e9s pertinentes sur des biens et services susceptibles de vous int\u00e9resser. Les informations collect\u00e9es par ce processus ne nous permettent pas, ni \u00e0 eux, de conna\u00eetre votre nom, vos coordonn\u00e9es ou d'autres informations vous identifiant directement, \u00e0 moins que vous ne choisissiez de les fournir.<\/span><\/div>\n<div><\/div>\n<div><strong><span data-custom-class=\"heading_1\">\u00c0 quelle fr\u00e9quence allez-vous mettre \u00e0 jour cette politique relative aux cookies ?<\/span><\/strong><\/div>\n<div><\/div>\n<div><span data-custom-class=\"body_text\">On pourrait mettre \u00e0 jour.\u00a0<\/span><span data-custom-class=\"body_text\">Cette Politique relative aux cookies est susceptible d'\u00eatre modifi\u00e9e de temps en temps afin de refl\u00e9ter, par exemple, les changements dans les cookies que nous utilisons ou pour d'autres raisons op\u00e9rationnelles, l\u00e9gales ou r\u00e9glementaires. Veuillez donc consulter r\u00e9guli\u00e8rement cette Politique relative aux cookies pour vous tenir inform\u00e9 de notre utilisation des cookies et des technologies associ\u00e9es.<\/span><\/div>\n<div><\/div>\n<div><span data-custom-class=\"body_text\">La date en haut de cette Politique relative aux cookies indique quand elle a \u00e9t\u00e9 mise \u00e0 jour pour la derni\u00e8re fois.<\/span><\/div>\n<div><\/div>\n<div><strong><span data-custom-class=\"heading_1\">O\u00f9 est-ce que je peux trouver plus d'infos ?<\/span><\/strong><\/div>\n<div><\/div>\n<div><span data-custom-class=\"body_text\">Si tu as des questions sur notre utilisation des cookies ou d'autres technologies, n'h\u00e9site pas \u00e0 nous envoyer un email \u00e0 support@NordShark.com ou par courrier \u00e0 l'adresse suivante :<\/span><\/div>\n<div><span data-custom-class=\"body_text\">\u00a0<\/span><\/div>\n<div>NordShark<\/div>\n<div><span data-custom-class=\"body_text\">An d. Welle 4, 60322 Frankfurt am Main, Germany<\/span><\/div>\n<div><span data-custom-class=\"body_text\">Frankfurt am Main, Hessen 60322<\/span><\/div>\n<div><span data-custom-class=\"body_text\">Allemagne<\/span><\/div>\n<div><span data-custom-class=\"body_text\">T\u00e9l\u00e9phone : (+49)69 2044 6662<\/span><\/div>\n<div><span data-custom-class=\"body_text\">Fax : (+49)69 2044 6662<\/span><\/div>\n<\/div>\n\t<\/div>\n<\/div>\n\n\n\n\n\t\t<\/div> \n\t<\/div>\n\t<\/div> \n<\/div><\/div>\n\t\t\t<\/div> \n\t\t<\/div>\n\t<\/div> \n<\/div><\/div>","protected":false},"excerpt":{"rendered":"Cookie Policy Nordshark Last Update: 12.12.2023 Last updated December 28, 2023 This Cookie Policy explains how NordShark (\"Company,\" \"we,\" \"us,\" and \"our\") uses cookies and similar technologies to recognize you...","protected":false},"author":1,"featured_media":0,"parent":1304,"menu_order":0,"comment_status":"closed","ping_status":"closed","template":"","meta":{"inline_featured_image":false,"footnotes":""},"class_list":["post-1330","page","type-page","status-publish"],"yoast_head":"<!-- This site is optimized with the Yoast SEO Premium plugin v23.6 (Yoast SEO v24.1) - https:\/\/yoast.com\/wordpress\/plugins\/seo\/ -->\n<title>Cookie Policy - Nordshark<\/title>\n<meta name=\"robots\" content=\"index, follow, max-snippet:-1, max-image-preview:large, max-video-preview:-1\" \/>\n<link rel=\"canonical\" href=\"https:\/\/www.nordshark.com\/fr\/policies\/cookie-policy\/\" \/>\n<meta property=\"og:locale\" content=\"fr_FR\" \/>\n<meta property=\"og:type\" content=\"article\" \/>\n<meta property=\"og:title\" content=\"Cookie Policy\" \/>\n<meta property=\"og:url\" content=\"https:\/\/www.nordshark.com\/fr\/policies\/cookie-policy\/\" \/>\n<meta property=\"og:site_name\" content=\"Nordshark\" \/>\n<meta property=\"article:modified_time\" content=\"2024-02-22T22:27:31+00:00\" \/>\n<meta name=\"twitter:card\" content=\"summary_large_image\" \/>\n<meta name=\"twitter:label1\" content=\"Dur\u00e9e de lecture estim\u00e9e\" \/>\n\t<meta name=\"twitter:data1\" content=\"7 minutes\" \/>\n<script type=\"application\/ld+json\" class=\"yoast-schema-graph\">{\"@context\":\"https:\/\/schema.org\",\"@graph\":[{\"@type\":\"WebPage\",\"@id\":\"https:\/\/www.nordshark.com\/policies\/cookie-policy\/\",\"url\":\"https:\/\/www.nordshark.com\/policies\/cookie-policy\/\",\"name\":\"Cookie Policy - Nordshark\",\"isPartOf\":{\"@id\":\"https:\/\/www.nordshark.com\/#website\"},\"datePublished\":\"2024-02-22T21:51:22+00:00\",\"dateModified\":\"2024-02-22T22:27:31+00:00\",\"breadcrumb\":{\"@id\":\"https:\/\/www.nordshark.com\/policies\/cookie-policy\/#breadcrumb\"},\"inLanguage\":\"fr-FR\",\"potentialAction\":[{\"@type\":\"ReadAction\",\"target\":[\"https:\/\/www.nordshark.com\/policies\/cookie-policy\/\"]}]},{\"@type\":\"BreadcrumbList\",\"@id\":\"https:\/\/www.nordshark.com\/policies\/cookie-policy\/#breadcrumb\",\"itemListElement\":[{\"@type\":\"ListItem\",\"position\":1,\"name\":\"Home\",\"item\":\"https:\/\/www.nordshark.com\/\"},{\"@type\":\"ListItem\",\"position\":2,\"name\":\"Policies\",\"item\":\"https:\/\/www.nordshark.com\/policies\/\"},{\"@type\":\"ListItem\",\"position\":3,\"name\":\"Cookie Policy\"}]},{\"@type\":\"WebSite\",\"@id\":\"https:\/\/www.nordshark.com\/#website\",\"url\":\"https:\/\/www.nordshark.com\/\",\"name\":\"Nordshark\",\"description\":\"\",\"potentialAction\":[{\"@type\":\"SearchAction\",\"target\":{\"@type\":\"EntryPoint\",\"urlTemplate\":\"https:\/\/www.nordshark.com\/?s={search_term_string}\"},\"query-input\":{\"@type\":\"PropertyValueSpecification\",\"valueRequired\":true,\"valueName\":\"search_term_string\"}}],\"inLanguage\":\"fr-FR\"}]}<\/script>\n<!-- \/ Yoast SEO Premium plugin. -->","yoast_head_json":{"title":"Cookie Policy - Nordshark","robots":{"index":"index","follow":"follow","max-snippet":"max-snippet:-1","max-image-preview":"max-image-preview:large","max-video-preview":"max-video-preview:-1"},"canonical":"https:\/\/www.nordshark.com\/fr\/policies\/cookie-policy\/","og_locale":"fr_FR","og_type":"article","og_title":"Cookie Policy","og_url":"https:\/\/www.nordshark.com\/fr\/policies\/cookie-policy\/","og_site_name":"Nordshark","article_modified_time":"2024-02-22T22:27:31+00:00","twitter_card":"summary_large_image","twitter_misc":{"Dur\u00e9e de lecture estim\u00e9e":"7 minutes"},"schema":{"@context":"https:\/\/schema.org","@graph":[{"@type":"WebPage","@id":"https:\/\/www.nordshark.com\/policies\/cookie-policy\/","url":"https:\/\/www.nordshark.com\/policies\/cookie-policy\/","name":"Cookie Policy - Nordshark","isPartOf":{"@id":"https:\/\/www.nordshark.com\/#website"},"datePublished":"2024-02-22T21:51:22+00:00","dateModified":"2024-02-22T22:27:31+00:00","breadcrumb":{"@id":"https:\/\/www.nordshark.com\/policies\/cookie-policy\/#breadcrumb"},"inLanguage":"fr-FR","potentialAction":[{"@type":"ReadAction","target":["https:\/\/www.nordshark.com\/policies\/cookie-policy\/"]}]},{"@type":"BreadcrumbList","@id":"https:\/\/www.nordshark.com\/policies\/cookie-policy\/#breadcrumb","itemListElement":[{"@type":"ListItem","position":1,"name":"Home","item":"https:\/\/www.nordshark.com\/"},{"@type":"ListItem","position":2,"name":"Policies","item":"https:\/\/www.nordshark.com\/policies\/"},{"@type":"ListItem","position":3,"name":"Cookie Policy"}]},{"@type":"WebSite","@id":"https:\/\/www.nordshark.com\/#website","url":"https:\/\/www.nordshark.com\/","name":"Nordshark","description":"","potentialAction":[{"@type":"SearchAction","target":{"@type":"EntryPoint","urlTemplate":"https:\/\/www.nordshark.com\/?s={search_term_string}"},"query-input":{"@type":"PropertyValueSpecification","valueRequired":true,"valueName":"search_term_string"}}],"inLanguage":"fr-FR"}]}},"_links":{"self":[{"href":"https:\/\/www.nordshark.com\/fr\/wp-json\/wp\/v2\/pages\/1330","targetHints":{"allow":["GET"]}}],"collection":[{"href":"https:\/\/www.nordshark.com\/fr\/wp-json\/wp\/v2\/pages"}],"about":[{"href":"https:\/\/www.nordshark.com\/fr\/wp-json\/wp\/v2\/types\/page"}],"author":[{"embeddable":true,"href":"https:\/\/www.nordshark.com\/fr\/wp-json\/wp\/v2\/users\/1"}],"replies":[{"embeddable":true,"href":"https:\/\/www.nordshark.com\/fr\/wp-json\/wp\/v2\/comments?post=1330"}],"version-history":[{"count":8,"href":"https:\/\/www.nordshark.com\/fr\/wp-json\/wp\/v2\/pages\/1330\/revisions"}],"predecessor-version":[{"id":1358,"href":"https:\/\/www.nordshark.com\/fr\/wp-json\/wp\/v2\/pages\/1330\/revisions\/1358"}],"up":[{"embeddable":true,"href":"https:\/\/www.nordshark.com\/fr\/wp-json\/wp\/v2\/pages\/1304"}],"wp:attachment":[{"href":"https:\/\/www.nordshark.com\/fr\/wp-json\/wp\/v2\/media?parent=1330"}],"curies":[{"name":"wp","href":"https:\/\/api.w.org\/{rel}","templated":true}]}}