{"id":1306,"date":"2024-02-22T22:04:24","date_gmt":"2024-02-22T21:04:24","guid":{"rendered":"https:\/\/www.nordshark.com\/?page_id=1306"},"modified":"2024-02-22T22:22:55","modified_gmt":"2024-02-22T21:22:55","slug":"imprint","status":"publish","type":"page","link":"https:\/\/www.nordshark.com\/fr\/policies\/imprint\/","title":{"rendered":"Empreinte"},"content":{"rendered":"<div id=\"fws_69fb43731e750\"  data-column-margin=\"default\" data-midnight=\"dark\" data-nectar-animated-gradient-settings=\"{&quot;color_1&quot;:&quot;#000000&quot;,&quot;color_2&quot;:&quot;#080035&quot;,&quot;speed&quot;:&quot;850&quot;,&quot;blending_mode&quot;:&quot;organic&quot;}\"  class=\"wpb_row vc_row-fluid vc_row full-width-content vc_row-o-equal-height vc_row-flex vc_row-o-content-middle  clip-path-start-desktop-0-0-0-0-0 clip-path-end-desktop-0-0-0-0-0 clip-path-start-tablet-0-0-0-0-0 clip-path-end-tablet-0-0-0-0-0 clip-path-start-phone-0-0-0-0-0 clip-path-end-phone-50px-24px-24px-24px-0 clip-path-entire-row nectar-overflow-hidden\"  style=\"padding-top: 0px; padding-bottom: 0px; \"><div class=\"row-bg-wrap has-animated-gradient\" data-bg-animation=\"clip-path\" data-bg-animation-delay=\"1000\" data-bg-overlay=\"false\"><div class=\"inner-wrap row-bg-layer\" style=\"background-color: #0a0a0a;\" ><div class=\"row-bg viewport-desktop using-bg-color\"  style=\"background-color: #0a0a0a; \"><\/div><\/div><\/div><div class=\"row_col_wrap_12 col span_12 dark left\">\n\t<div  class=\"vc_col-sm-12 wpb_column column_container vc_column_container col no-extra-padding column_position_static el_spacing_0px inherit_tablet inherit_phone\"  data-padding-pos=\"all\" data-has-bg-color=\"false\" data-bg-color=\"\" data-bg-opacity=\"1\" data-animation=\"\" data-delay=\"0\" data-scroll-animation=\"true\" data-scroll-animation-movement=\"default\" data-scroll-animation-mobile=\"\" data-scroll-animation-intensity=\"-4\" >\n\t\t<div class=\"vc_column-inner\" >\n\t\t\t<div class=\"wpb_wrapper\">\n\t\t\t\t<div id=\"fws_69fb43731e867\" data-midnight=\"\" data-column-margin=\"default\" class=\"wpb_row vc_row-fluid vc_row inner_row  right_padding_phone_14pct left_padding_phone_14pct\"  style=\"padding-top: 10%; padding-bottom: 10%; \"><div class=\"row-bg-wrap\"> <div class=\"row-bg\" ><\/div> <\/div><div class=\"row_col_wrap_12_inner col span_12  left\">\n\t<div style=\" color: #ffffff;\" class=\"vc_col-sm-12 wpb_column column_container vc_column_container col child_column centered-text has-animation\" data-cfc=\"true\"  data-padding-pos=\"all\" data-has-bg-color=\"false\" data-bg-color=\"\" data-bg-opacity=\"1\" data-animation=\"slight-twist\" data-delay=\"200\" data-animation-easing=\"easeInOutCubic\" >\n\t\t<div class=\"vc_column-inner\" >\n\t\t<div class=\"wpb_wrapper\">\n\t\t\t<div class=\"nectar-highlighted-text font_size_6vw font_size_tablet_6vw font_size_phone_10vw font_line_height_1-1 ease_out\" data-style=\"scribble\" data-exp=\"default\" data-using-custom-color=\"false\" data-animation-delay=\"1000\" data-color=\"\" data-color-gradient=\"\" style=\"\"><h1><strong><em>Empreinte<svg class=\"nectar-scribble basic-underline\" role=\"presentation\" viewbox=\"-400 -55 730 60\" preserveaspectratio=\"none\"><path style=\"animation-duration: 1.8s;\" d=\"m -383.25 -6 c 55.25 -22 130.75 -33.5 293.25 -38 c 54.5 -0.5 195 -2.5 401 15\" stroke=\"#ffffff\" pathlength=\"1\" stroke-width=\"8\" fill=\"none\"\/><\/svg><\/em><\/strong><\/h1>\n<\/div>\n\t\t<\/div> \n\t<\/div>\n\t<\/div> \n<\/div><\/div><div id=\"fws_69fb43731e982\" data-midnight=\"\" data-column-margin=\"none\" class=\"wpb_row vc_row-fluid vc_row inner_row  row_position_absolute bottom_position_desktop_60px right_position_desktop_60px\"  style=\" z-index: 10;\"><div class=\"row-bg-wrap\"> <div class=\"row-bg\" ><\/div> <\/div><div class=\"row_col_wrap_12_inner col span_12  left\">\n\t<div style=\" color: #ffffff;\" class=\"vc_col-sm-12 vc_hidden-sm vc_hidden-xs wpb_column column_container vc_column_container col child_column centered-text has-animation no-extra-padding el_spacing_0px inherit_tablet inherit_phone\" data-cfc=\"true\"  data-padding-pos=\"all\" data-has-bg-color=\"false\" data-bg-color=\"\" data-bg-opacity=\"1\" data-animation=\"fade-in\" data-delay=\"1300\" data-animation-offset=\"100%\" >\n\t\t<div class=\"vc_column-inner\" >\n\t\t<div class=\"wpb_wrapper\">\n\t\t\t<div class=\"nectar-lottie-wrap width_desktop_55px alignment_center\"><div class=\"nectar-lottie\" data-lottie-settings=\"{&quot;trigger_type&quot;:&quot;play&quot;,&quot;mobile_func&quot;:&quot;default&quot;,&quot;loop&quot;:&quot;true&quot;,&quot;trigger_offset&quot;:&quot;0.00,100.00&quot;,&quot;frame_constraint&quot;:&quot;0.00,100.00&quot;,&quot;speed&quot;:&quot;0.8&quot;,&quot;width_desktop&quot;:&quot;55px&quot;,&quot;alignment&quot;:&quot;center&quot;,&quot;preserve_aspect_ratio&quot;:&quot;xMidYMid meet&quot;,&quot;json_url&quot;:&quot;https:\\\/\\\/assets1.lottiefiles.com\\\/packages\\\/lf20_9r65d17y.json&quot;,&quot;box_shadow_method&quot;:&quot;filter&quot;}\"><\/div><\/div><div class=\"nectar-responsive-text font_line_height_1-3 nectar-link-underline-effect\"><p><strong>Nordshark.<\/strong><\/p>\n<\/div><div class=\"nectar-responsive-text font_size_desktop_0-9em font_line_height_1-3 nectar-link-underline-effect\"><p><i>Derni\u00e8re mise \u00e0 jour: <strong>05.01.2024<\/strong><\/i><\/p>\n<\/div>\n\t\t<\/div> \n\t<\/div>\n\t<\/div> \n<\/div><\/div>\n\t\t\t<\/div> \n\t\t<\/div>\n\t<\/div> \n<\/div><\/div>\n\t\t<div id=\"fws_69fb43731eade\"  data-column-margin=\"default\" data-midnight=\"dark\"  class=\"wpb_row vc_row-fluid vc_row full-width-section\"  style=\"padding-top: 0px; padding-bottom: 0px; \"><div class=\"row-bg-wrap\" data-bg-animation=\"none\" data-bg-animation-delay=\"\" data-bg-overlay=\"false\"><div class=\"inner-wrap row-bg-layer\" ><div class=\"row-bg viewport-desktop using-bg-color\"  style=\"background-color: #000000; \"><\/div><\/div><\/div><div class=\"row_col_wrap_12 col span_12 dark left\">\n\t<div style=\" color: #ffffff;\" class=\"vc_col-sm-12 wpb_column column_container vc_column_container col no-extra-padding inherit_tablet inherit_phone\" data-cfc=\"true\"  data-padding-pos=\"all\" data-has-bg-color=\"false\" data-bg-color=\"\" data-bg-opacity=\"1\" data-animation=\"\" data-delay=\"0\" >\n\t\t<div class=\"vc_column-inner\" >\n\t\t\t<div class=\"wpb_wrapper\">\n\t\t\t\t<div id=\"fws_69fb43731eb71\" data-midnight=\"\" data-column-margin=\"default\" class=\"wpb_row vc_row-fluid vc_row inner_row  right_padding_10pct left_padding_10pct\"  style=\"padding-top: 5%; padding-bottom: 5%; \"><div class=\"row-bg-wrap\"> <div class=\"row-bg\" ><\/div> <\/div><div class=\"row_col_wrap_12_inner col span_12  left\">\n\t<div  class=\"vc_col-sm-12 wpb_column column_container vc_column_container col child_column no-extra-padding inherit_tablet inherit_phone\"   data-padding-pos=\"all\" data-has-bg-color=\"false\" data-bg-color=\"\" data-bg-opacity=\"1\" data-animation=\"\" data-delay=\"0\" >\n\t\t<div class=\"vc_column-inner\" >\n\t\t<div class=\"wpb_wrapper\">\n\t\t\t\n<div class=\"wpb_text_column wpb_content_element\" >\n\t<div class=\"wpb_wrapper\">\n\t\t<div class=\"imprint\">\n<h2><strong>Informations conform\u00e9ment \u00e0 l'article 5 TMG<\/strong><\/h2>\n<p><strong>NordShark<\/strong><br \/>\nAn der Welle 4<br \/>\n60322 Frankfurt am Main<\/p>\n<p><strong>Repr\u00e9sent\u00e9 par: <\/strong><br \/>\nSoci\u00e9t\u00e9 NordShark<\/p>\n<p><strong>Contact:\nContacte :<\/strong><br \/>\nT\u00e9l\u00e9phone : 0800-5555555<br \/>\nEmail : info \"at\" NordShark.com<\/p>\n<p><strong>Avertissement : <\/strong><\/p>\n<p><strong>Responsabilit\u00e9 du contenu<\/strong><\/p>\n<p>The contents of our pages were created with the utmost care. However, we cannot assume any liability for the correctness, completeness, and timeliness of the content. As a service provider, we are responsible according to \u00a7 7 Abs.1 TMG for our own content on these pages under the general laws. According to \u00a7\u00a7 8 to 10 TMG, however, we as a service provider are not obligated to monitor transmitted or stored third-party information or to investigate circumstances that indicate illegal activity. Obligations to remove or block the use of information under general laws remain unaffected. However, any liability in this regard is only possible from the time of knowledge of a specific infringement. Upon notification of such violations, we will remove this content immediately.<\/p>\n<p><strong>Responsabilit\u00e9 des liens<\/strong><\/p>\n<p>Notre offre contient des liens vers des sites Web externes de tiers, sur lesquels nous n'avons aucune influence. Par cons\u00e9quent, nous ne pouvons assumer aucune responsabilit\u00e9 quant au contenu de ces pages externes. Le fournisseur ou l'exploitant respectif des pages est toujours responsable du contenu des pages li\u00e9es. Les pages li\u00e9es ont \u00e9t\u00e9 v\u00e9rifi\u00e9es pour d'\u00e9ventuelles violations l\u00e9gales au moment de la mise en lien. Aucun contenu ill\u00e9gal n'\u00e9tait identifiable au moment de la mise en lien. Un suivi permanent du contenu des pages li\u00e9es n'est pas raisonnable sans preuve concr\u00e8te d'une infraction. Sur notification de violations, nous supprimerons imm\u00e9diatement ces liens.<\/p>\n<p><strong>Droit d'auteur<\/strong><\/p>\n<p>Le contenu et les travaux cr\u00e9\u00e9s par les op\u00e9rateurs du site sont soumis au droit d'auteur allemand. La duplication, la modification, la distribution et toute forme d'exploitation en dehors des limites du droit d'auteur n\u00e9cessitent le consentement \u00e9crit de l'auteur ou du cr\u00e9ateur respectif. Les t\u00e9l\u00e9chargements et les copies de cette page sont uniquement autoris\u00e9s pour un usage priv\u00e9 et non commercial. En ce qui concerne le contenu de cette page qui n'est pas cr\u00e9\u00e9 par l'op\u00e9rateur, les droits d'auteur des tiers sont respect\u00e9s. En particulier, le contenu tiers est clairement identifi\u00e9 en tant que tel. Si vous constatez toutefois une violation du droit d'auteur, veuillez nous en informer. Apr\u00e8s r\u00e9ception d'une notification de violation, nous supprimerons imm\u00e9diatement le contenu en question.<\/p>\n<p><strong>Protection des donn\u00e9es<\/strong><\/p>\n<p>L'utilisation de notre site web est g\u00e9n\u00e9ralement possible sans fournir de donn\u00e9es personnelles. Dans la mesure o\u00f9 des donn\u00e9es personnelles (telles que nom, adresse ou adresses \u00e9lectroniques) sont collect\u00e9es sur nos pages, cela se fait toujours sur une base volontaire autant que possible. Ces donn\u00e9es ne seront pas communiqu\u00e9es \u00e0 des tiers sans votre consentement explicite.<br \/>\nOn souligne que la transmission des donn\u00e9es sur Internet (par exemple, la communication par email) peut pr\u00e9senter des failles de s\u00e9curit\u00e9. Il n'est pas possible de prot\u00e9ger compl\u00e8tement les donn\u00e9es contre l'acc\u00e8s par des tiers.<br \/>\nL'utilisation des donn\u00e9es de contact publi\u00e9es dans le cadre de l'obligation d'impression par des tiers dans le but d'envoyer des publicit\u00e9s non sollicit\u00e9es et des documents d'information est express\u00e9ment exclue. Les exploitants des pages se r\u00e9servent express\u00e9ment le droit d'engager des poursuites judiciaires en cas d'envoi non sollicit\u00e9 d'informations publicitaires, telles que des courriels ind\u00e9sirables.<\/p>\n<p><strong>Google Analytics<\/strong><\/p>\n<p>Ce site utilise Google Analytics, un service d'analyse Web fourni par Google Inc. (\"Google\"). Google Analytics utilise des \"cookies\", des fichiers texte qui sont stock\u00e9s sur votre ordinateur et qui permettent une analyse de l'utilisation du site web par vous. Les informations g\u00e9n\u00e9r\u00e9es par le cookie concernant votre utilisation de ce site web (y compris votre adresse IP) sont transmises \u00e0 Google et stock\u00e9es sur des serveurs aux \u00c9tats-Unis. Google utilisera ces informations dans le but d'\u00e9valuer votre utilisation du site web, de compiler des rapports sur l'activit\u00e9 du site web pour les op\u00e9rateurs de site web et de fournir d'autres services li\u00e9s \u00e0 l'activit\u00e9 du site web et \u00e0 l'utilisation d'Internet. Google peut \u00e9galement transf\u00e9rer ces informations \u00e0 des tiers lorsque la loi l'exige, ou lorsque ces tiers traitent les informations pour le compte de Google. Google n'associera pas votre adresse IP \u00e0 d'autres donn\u00e9es d\u00e9tenues par Google. Vous pouvez refuser l'utilisation de cookies en s\u00e9lectionnant les param\u00e8tres appropri\u00e9s de votre navigateur ; cependant, veuillez noter que si vous le faites, vous pourriez ne pas pouvoir utiliser toutes les fonctionnalit\u00e9s de ce site web. En utilisant ce site web, vous consentez au traitement des donn\u00e9es vous concernant par Google de la mani\u00e8re et aux fins d\u00e9crites ci-dessus.<\/p>\n<p><strong>Google AdSense<\/strong><\/p>\n<p>Ce site web utilise Google Adsense, un service de publicit\u00e9 en ligne de Google Inc., USA (\"Google\"). Google Adsense utilise des \"cookies\" (fichiers texte) qui sont stock\u00e9s sur votre ordinateur et qui permettent une analyse de votre utilisation du site web. Google Adsense utilise \u00e9galement des \"balises web\" (petites images invisibles) pour collecter des informations. L'utilisation de la balise web permet d'enregistrer et de rassembler des actions simples, telles que le trafic de visiteurs sur le site web. Les informations g\u00e9n\u00e9r\u00e9es par les cookies et\/ou les balises web concernant votre utilisation de ce site web (y compris votre adresse IP) seront transmises \u00e0 et stock\u00e9es par Google sur des serveurs aux \u00c9tats-Unis. Google utilisera ces informations pour \u00e9valuer votre utilisation du site web en termes de publicit\u00e9s, compiler des rapports sur l'activit\u00e9 du site web et les publicit\u00e9s pour les op\u00e9rateurs de sites web, et fournir d'autres services li\u00e9s \u00e0 l'utilisation du site web et \u00e0 l'utilisation d'internet. Google peut \u00e9galement transf\u00e9rer ces informations \u00e0 des tiers lorsque cela est requis par la loi, ou lorsque de tels tiers traitent les informations pour le compte de Google. Google n'associera pas votre adresse IP \u00e0 d'autres donn\u00e9es d\u00e9tenues par Google. Vous pouvez emp\u00eacher le stockage de cookies sur votre disque dur et l'affichage des balises web en choisissant l'option \"ne pas accepter les cookies\" dans les param\u00e8tres de votre navigateur (\"Extras &gt; Options Internet &gt; Confidentialit\u00e9 &gt; Param\u00e8tres\" ; dans Firefox, sous \"Extras &gt; Options &gt; Vie priv\u00e9e &gt; Cookies\") ; cependant, veuillez noter que si vous le faites, vous risquez de ne pas pouvoir utiliser toutes les fonctionnalit\u00e9s de ce site web. En utilisant ce site web, vous consentez au traitement de vos donn\u00e9es par Google de la mani\u00e8re et aux fins d\u00e9crites ci-dessus.<\/p>\n<\/div>\n\t<\/div>\n<\/div>\n\n\n\n\n\t\t<\/div> \n\t<\/div>\n\t<\/div> \n<\/div><\/div>\n\t\t\t<\/div> \n\t\t<\/div>\n\t<\/div> \n<\/div><\/div>","protected":false},"excerpt":{"rendered":"Imprint Nordshark Last Update: 05.01.2024 Information in accordance with \u00a7 5 TMG NordShark An der Welle 4 60322 Frankfurt am Main Represented by: NordShark Company Contact: Phone: 0800-5555555 Email: info...","protected":false},"author":1,"featured_media":0,"parent":1304,"menu_order":0,"comment_status":"closed","ping_status":"closed","template":"","meta":{"inline_featured_image":false,"footnotes":""},"class_list":["post-1306","page","type-page","status-publish"],"yoast_head":"<!-- This site is optimized with the Yoast SEO Premium plugin v23.6 (Yoast SEO v24.1) - https:\/\/yoast.com\/wordpress\/plugins\/seo\/ -->\n<title>Imprint - Nordshark<\/title>\n<meta name=\"robots\" content=\"index, follow, max-snippet:-1, max-image-preview:large, max-video-preview:-1\" \/>\n<link rel=\"canonical\" href=\"https:\/\/www.nordshark.com\/fr\/policies\/imprint\/\" \/>\n<meta property=\"og:locale\" content=\"fr_FR\" \/>\n<meta property=\"og:type\" content=\"article\" \/>\n<meta property=\"og:title\" content=\"Imprint\" \/>\n<meta property=\"og:url\" content=\"https:\/\/www.nordshark.com\/fr\/policies\/imprint\/\" \/>\n<meta property=\"og:site_name\" content=\"Nordshark\" \/>\n<meta property=\"article:modified_time\" content=\"2024-02-22T21:22:55+00:00\" \/>\n<meta name=\"twitter:card\" content=\"summary_large_image\" \/>\n<meta name=\"twitter:label1\" content=\"Dur\u00e9e de lecture estim\u00e9e\" \/>\n\t<meta name=\"twitter:data1\" content=\"6 minutes\" \/>\n<script type=\"application\/ld+json\" class=\"yoast-schema-graph\">{\"@context\":\"https:\/\/schema.org\",\"@graph\":[{\"@type\":\"WebPage\",\"@id\":\"https:\/\/www.nordshark.com\/policies\/imprint\/\",\"url\":\"https:\/\/www.nordshark.com\/policies\/imprint\/\",\"name\":\"Imprint - Nordshark\",\"isPartOf\":{\"@id\":\"https:\/\/www.nordshark.com\/#website\"},\"datePublished\":\"2024-02-22T21:04:24+00:00\",\"dateModified\":\"2024-02-22T21:22:55+00:00\",\"breadcrumb\":{\"@id\":\"https:\/\/www.nordshark.com\/policies\/imprint\/#breadcrumb\"},\"inLanguage\":\"fr-FR\",\"potentialAction\":[{\"@type\":\"ReadAction\",\"target\":[\"https:\/\/www.nordshark.com\/policies\/imprint\/\"]}]},{\"@type\":\"BreadcrumbList\",\"@id\":\"https:\/\/www.nordshark.com\/policies\/imprint\/#breadcrumb\",\"itemListElement\":[{\"@type\":\"ListItem\",\"position\":1,\"name\":\"Home\",\"item\":\"https:\/\/www.nordshark.com\/\"},{\"@type\":\"ListItem\",\"position\":2,\"name\":\"Policies\",\"item\":\"https:\/\/www.nordshark.com\/policies\/\"},{\"@type\":\"ListItem\",\"position\":3,\"name\":\"Imprint\"}]},{\"@type\":\"WebSite\",\"@id\":\"https:\/\/www.nordshark.com\/#website\",\"url\":\"https:\/\/www.nordshark.com\/\",\"name\":\"Nordshark\",\"description\":\"\",\"potentialAction\":[{\"@type\":\"SearchAction\",\"target\":{\"@type\":\"EntryPoint\",\"urlTemplate\":\"https:\/\/www.nordshark.com\/?s={search_term_string}\"},\"query-input\":{\"@type\":\"PropertyValueSpecification\",\"valueRequired\":true,\"valueName\":\"search_term_string\"}}],\"inLanguage\":\"fr-FR\"}]}<\/script>\n<!-- \/ Yoast SEO Premium plugin. -->","yoast_head_json":{"title":"Imprint - Nordshark","robots":{"index":"index","follow":"follow","max-snippet":"max-snippet:-1","max-image-preview":"max-image-preview:large","max-video-preview":"max-video-preview:-1"},"canonical":"https:\/\/www.nordshark.com\/fr\/policies\/imprint\/","og_locale":"fr_FR","og_type":"article","og_title":"Imprint","og_url":"https:\/\/www.nordshark.com\/fr\/policies\/imprint\/","og_site_name":"Nordshark","article_modified_time":"2024-02-22T21:22:55+00:00","twitter_card":"summary_large_image","twitter_misc":{"Dur\u00e9e de lecture estim\u00e9e":"6 minutes"},"schema":{"@context":"https:\/\/schema.org","@graph":[{"@type":"WebPage","@id":"https:\/\/www.nordshark.com\/policies\/imprint\/","url":"https:\/\/www.nordshark.com\/policies\/imprint\/","name":"Imprint - Nordshark","isPartOf":{"@id":"https:\/\/www.nordshark.com\/#website"},"datePublished":"2024-02-22T21:04:24+00:00","dateModified":"2024-02-22T21:22:55+00:00","breadcrumb":{"@id":"https:\/\/www.nordshark.com\/policies\/imprint\/#breadcrumb"},"inLanguage":"fr-FR","potentialAction":[{"@type":"ReadAction","target":["https:\/\/www.nordshark.com\/policies\/imprint\/"]}]},{"@type":"BreadcrumbList","@id":"https:\/\/www.nordshark.com\/policies\/imprint\/#breadcrumb","itemListElement":[{"@type":"ListItem","position":1,"name":"Home","item":"https:\/\/www.nordshark.com\/"},{"@type":"ListItem","position":2,"name":"Policies","item":"https:\/\/www.nordshark.com\/policies\/"},{"@type":"ListItem","position":3,"name":"Imprint"}]},{"@type":"WebSite","@id":"https:\/\/www.nordshark.com\/#website","url":"https:\/\/www.nordshark.com\/","name":"Nordshark","description":"","potentialAction":[{"@type":"SearchAction","target":{"@type":"EntryPoint","urlTemplate":"https:\/\/www.nordshark.com\/?s={search_term_string}"},"query-input":{"@type":"PropertyValueSpecification","valueRequired":true,"valueName":"search_term_string"}}],"inLanguage":"fr-FR"}]}},"_links":{"self":[{"href":"https:\/\/www.nordshark.com\/fr\/wp-json\/wp\/v2\/pages\/1306","targetHints":{"allow":["GET"]}}],"collection":[{"href":"https:\/\/www.nordshark.com\/fr\/wp-json\/wp\/v2\/pages"}],"about":[{"href":"https:\/\/www.nordshark.com\/fr\/wp-json\/wp\/v2\/types\/page"}],"author":[{"embeddable":true,"href":"https:\/\/www.nordshark.com\/fr\/wp-json\/wp\/v2\/users\/1"}],"replies":[{"embeddable":true,"href":"https:\/\/www.nordshark.com\/fr\/wp-json\/wp\/v2\/comments?post=1306"}],"version-history":[{"count":21,"href":"https:\/\/www.nordshark.com\/fr\/wp-json\/wp\/v2\/pages\/1306\/revisions"}],"predecessor-version":[{"id":1329,"href":"https:\/\/www.nordshark.com\/fr\/wp-json\/wp\/v2\/pages\/1306\/revisions\/1329"}],"up":[{"embeddable":true,"href":"https:\/\/www.nordshark.com\/fr\/wp-json\/wp\/v2\/pages\/1304"}],"wp:attachment":[{"href":"https:\/\/www.nordshark.com\/fr\/wp-json\/wp\/v2\/media?parent=1306"}],"curies":[{"name":"wp","href":"https:\/\/api.w.org\/{rel}","templated":true}]}}