{"id":439,"date":"2024-02-18T02:06:13","date_gmt":"2024-02-18T01:06:13","guid":{"rendered":"https:\/\/www.nordshark.com\/?post_type=product&#038;p=439"},"modified":"2024-03-04T14:03:43","modified_gmt":"2024-03-04T13:03:43","slug":"buy-dutch-instagram-story-views","status":"publish","type":"product","link":"https:\/\/www.nordshark.com\/de\/product\/niederlandische-instagram-story-views-kaufen\/","title":{"rendered":"Niederl\u00e4ndische Instagram Story Views"},"content":{"rendered":"<div id=\"fws_69fb65e6e4d2e\"  data-column-margin=\"default\" data-midnight=\"dark\" data-top-percent=\"8%\"  class=\"wpb_row vc_row-fluid vc_row full-width-section  right_padding_10pct left_padding_10pct\"  style=\"padding-top: calc(100vw * 0.08); padding-bottom: 0px; \"><div class=\"row-bg-wrap\" data-bg-animation=\"none\" data-bg-animation-delay=\"\" data-bg-overlay=\"false\"><div class=\"inner-wrap row-bg-layer\" ><div class=\"row-bg viewport-desktop\"  style=\"\"><\/div><\/div><\/div><div class=\"row_col_wrap_12 col span_12 dark left\">\n\t<div  class=\"vc_col-sm-12 wpb_column column_container vc_column_container col no-extra-padding inherit_tablet inherit_phone\"  data-padding-pos=\"all\" data-has-bg-color=\"false\" data-bg-color=\"\" data-bg-opacity=\"1\" data-animation=\"\" data-delay=\"0\" >\n\t\t<div class=\"vc_column-inner\" >\n\t\t\t<div class=\"wpb_wrapper\">\n\t\t\t\t<div id=\"fws_69fb65e6e4ead\" data-midnight=\"\" data-column-margin=\"default\" class=\"wpb_row vc_row-fluid vc_row inner_row\"  style=\"padding-bottom: 4%; \"><div class=\"row-bg-wrap\"> <div class=\"row-bg\" ><\/div> <\/div><div class=\"row_col_wrap_12_inner col span_12  left\">\n\t<div  class=\"vc_col-sm-12 wpb_column column_container vc_column_container col child_column centered-text no-extra-padding inherit_tablet inherit_phone\"   data-padding-pos=\"all\" data-has-bg-color=\"false\" data-bg-color=\"\" data-bg-opacity=\"1\" data-animation=\"\" data-delay=\"0\" >\n\t\t<div class=\"vc_column-inner\" >\n\t\t<div class=\"wpb_wrapper\">\n\t\t\t<div class=\"nectar-highlighted-text font_size_2vw font_size_tablet_6vw font_line_height_1-0\" data-style=\"none\" data-exp=\"default\" data-using-custom-color=\"false\" data-animation-delay=\"false\" data-color=\"\" data-color-gradient=\"\" style=\"\"><h3>H\u00e4ufig gestellte Fragen<\/h3>\n<\/div>\n\t\t<\/div> \n\t<\/div>\n\t<\/div> \n<\/div><\/div>\n\t\t\t<\/div> \n\t\t<\/div>\n\t<\/div> \n<\/div><\/div>\n\t\t<div id=\"fws_69fb65e6e5053\"  data-column-margin=\"custom\" data-midnight=\"dark\" data-top-percent=\"3%\" data-bottom-percent=\"3%\"  class=\"wpb_row vc_row-fluid vc_row full-width-content vc_row-o-equal-height vc_row-flex vc_row-o-content-middle  right_padding_7vw left_padding_7vw column-margin-7vw top_padding_phone_10pct bottom_padding_phone_10pct\"  style=\"padding-top: calc(100vw * 0.03); padding-bottom: calc(100vw * 0.03); \"><div class=\"row-bg-wrap\" data-bg-animation=\"none\" data-bg-animation-delay=\"\" data-bg-overlay=\"false\"><div class=\"inner-wrap row-bg-layer\" ><div class=\"row-bg viewport-desktop using-bg-color\"  style=\"background-color: #f8f8f8; \"><\/div><\/div><\/div><div class=\"row_col_wrap_12 col span_12 dark left\">\n\t<div  class=\"vc_col-sm-6 wpb_column column_container vc_column_container col left_padding_desktop_2vw\"  data-padding-pos=\"all\" data-has-bg-color=\"false\" data-bg-color=\"\" data-bg-opacity=\"1\" data-animation=\"\" data-delay=\"0\" >\n\t\t<div class=\"vc_column-inner\" >\n\t\t\t<div class=\"wpb_wrapper\">\n\t\t\t\t<div class=\"toggles accordion\" data-br=\"\" data-starting=\"default\" data-style=\"minimal\"><div class=\"toggle accent-color\" data-inner-wrap=\"true\"><h3 class=\"toggle-title\"><a href=\"#\" role=\"button\" class=\"nectar-inherit-h4 toggle-heading\"><i role=\"presentation\" class=\"fa fa-plus-circle\"><\/i>Wie lange dauert die Lieferung von niederl\u00e4ndischen Instagram Story Views?<\/a><\/h3><div><div class=\"inner-toggle-wrap\">\n<div class=\"wpb_text_column wpb_content_element\" >\n\t<div class=\"wpb_wrapper\">\n\t\t<p>Die Lieferung von niederl\u00e4ndischen Instagram Story Views beginnt normalerweise innerhalb von 1 Stunde nach der Bestellung, und die genaue Dauer kann je nach gew\u00e4hltem Paket und Bestellmenge variieren.<\/p>\n\t<\/div>\n<\/div>\n\n\n\n<\/div><\/div><\/div><div class=\"toggle accent-color\" data-inner-wrap=\"true\"><h3 class=\"toggle-title\"><a href=\"#\" role=\"button\" class=\"nectar-inherit-h4 toggle-heading\"><i role=\"presentation\" class=\"fa fa-plus-circle\"><\/i>Warum solltest du niederl\u00e4ndische Instagram-Story Views kaufen?<\/a><\/h3><div><div class=\"inner-toggle-wrap\">\n<div class=\"wpb_text_column wpb_content_element\" >\n\t<div class=\"wpb_wrapper\">\n\t\t<p>Der Kauf von niederl\u00e4ndischen Instagram Story Views kann deine Sichtbarkeit erh\u00f6hen und mehr Aufmerksamkeit auf dein Profil ziehen, besonders wenn du ein niederl\u00e4ndisches Publikum ansprechen m\u00f6chtest.<\/p>\n\t<\/div>\n<\/div>\n\n\n\n<\/div><\/div><\/div><div class=\"toggle accent-color\" data-inner-wrap=\"true\"><h3 class=\"toggle-title\"><a href=\"#\" role=\"button\" class=\"nectar-inherit-h4 toggle-heading\"><i role=\"presentation\" class=\"fa fa-plus-circle\"><\/i>Sind die Instagram-Story-Views von echten Benutzern?<\/a><\/h3><div><div class=\"inner-toggle-wrap\">\n<div class=\"wpb_text_column wpb_content_element\" >\n\t<div class=\"wpb_wrapper\">\n\t\t<p>Ja, bei Nordshark stellen wir sicher, dass die Instagram Story Aufrufe, die du erh\u00e4ltst, von echten und aktiven Nutzern stammen. Wir legen Wert darauf, unseren Kunden authentisches Engagement zu bieten.<\/p>\n\t<\/div>\n<\/div>\n\n\n\n<\/div><\/div><\/div><\/div>\n\n\n\n\n\n\n\n\n\n\n\n\n\n\n\n\n\n\n\n\n\t\t\t<\/div> \n\t\t<\/div>\n\t<\/div> \n\n\t<div  class=\"vc_col-sm-6 vc_hidden-sm vc_hidden-xs wpb_column column_container vc_column_container col top_margin_tablet_10pct right_padding_desktop_2vw\"  data-padding-pos=\"all\" data-has-bg-color=\"false\" data-bg-color=\"\" data-bg-opacity=\"1\" data-animation=\"\" data-delay=\"0\" >\n\t\t<div class=\"vc_column-inner\" >\n\t\t\t<div class=\"wpb_wrapper\">\n\t\t\t\t<div id=\"fws_69fb65e6e52f4\" data-midnight=\"\" data-column-margin=\"default\" class=\"wpb_row vc_row-fluid vc_row inner_row\"  style=\"\"><div class=\"row-bg-wrap\"> <div class=\"row-bg\" ><\/div> <\/div><div class=\"row_col_wrap_12_inner col span_12  left\">\n\t<div  class=\"vc_col-sm-12 wpb_column column_container vc_column_container col child_column col-overflow-hidden mask_shape_circle-rect mask_size_contain top_padding_desktop_20pct bottom_padding_desktop_20pct\"   data-border-radius=\"15px\" data-video-bg=\"true\" data-overlay-color=\"true\" data-padding-pos=\"all\" data-has-bg-color=\"false\" data-bg-color=\"\" data-bg-opacity=\"1\" data-animation=\"\" data-delay=\"0\" >\n\t\t<div class=\"vc_column-inner\" >\n  <div class=\"nectar-video-wrap column-bg-layer column-video\">\n        <video class=\"nectar-video-bg\" width=\"1800\" height=\"700\" preload=\"auto\" loop autoplay muted playsinline><source src=\"https:\/\/www.nordshark.com\/wp-content\/uploads\/2024\/02\/faq2.mp4\"  type=\"video\/mp4\"><\/video><\/div><div class=\"column-bg-overlay-wrap column-bg-layer\" data-bg-animation=\"none\"><div class=\"column-bg-overlay\"><\/div><div class=\"column-overlay-layer\" style=\"\"><\/div><\/div>\n\t\t<div class=\"wpb_wrapper\">\n\t\t\t\n\t\t<\/div> \n\t<\/div>\n\t<\/div> \n<\/div><\/div>\n\t\t\t<\/div> \n\t\t<\/div>\n\t<\/div> \n<\/div><\/div>\n\t\t<div id=\"fws_69fb65e6e53b2\"  data-column-margin=\"default\" data-midnight=\"dark\" data-top-percent=\"5%\" data-bottom-percent=\"5%\"  class=\"wpb_row vc_row-fluid vc_row  right_padding_5pct left_padding_5pct\"  style=\"padding-top: calc(100vw * 0.05); padding-bottom: calc(100vw * 0.05); \"><div class=\"row-bg-wrap\" data-bg-animation=\"none\" data-bg-animation-delay=\"\" data-bg-overlay=\"false\"><div class=\"inner-wrap row-bg-layer\" ><div class=\"row-bg viewport-desktop\"  style=\"\"><\/div><\/div><\/div><div class=\"row_col_wrap_12 col span_12 dark left\">\n\t<div  class=\"vc_col-sm-12 wpb_column column_container vc_column_container col no-extra-padding inherit_tablet inherit_phone\"  data-padding-pos=\"all\" data-has-bg-color=\"false\" data-bg-color=\"\" data-bg-opacity=\"1\" data-animation=\"\" data-delay=\"0\" >\n\t\t<div class=\"vc_column-inner\" >\n\t\t\t<div class=\"wpb_wrapper\">\n\t\t\t\t\n<div class=\"wpb_text_column wpb_content_element\" >\n\t<div class=\"wpb_wrapper\">\n\t\t<h1>Willkommen bei Nordshark: Kaufe niederl\u00e4ndische Instagram-Story-Views.<\/h1>\n<p>M\u00f6chtest du deine Instagram Stories interessanter gestalten und ein breiteres Publikum in den Niederlanden erreichen? Dann bist du hier genau richtig! Bei Nordshark bieten wir eine bequeme und effektive L\u00f6sung, um die Ansichten deiner Instagram Stories f\u00fcr das niederl\u00e4ndische Publikum zu steigern. Mit unseren erstklassigen Services kannst du ganz einfach deine Sichtbarkeit erh\u00f6hen und deine Pr\u00e4senz auf Instagram ausbauen.<\/p>\n<h2>Warum niederl\u00e4ndische Instagram Story Views kaufen?<\/h2>\n<p>Die Macht der Instagram Stories darf nicht untersch\u00e4tzt werden. Sie erm\u00f6glichen es dir, Ausschnitte aus deinem t\u00e4glichen Leben zu teilen, mit deiner Zielgruppe in Verbindung zu treten und deine Marke auf eine pers\u00f6nlichere und authentischere Weise zu bewerben. Wenn es dir jedoch schwerf\u00e4llt, gen\u00fcgend Ansichten f\u00fcr deine Instagram Stories zu bekommen, k\u00f6nnten deine Bem\u00fchungen unbemerkt bleiben. Genau dort kann der Kauf von niederl\u00e4ndischen Instagram Story-Views einen signifikanten Unterschied machen.<\/p>\n<p>Instagram Story-Views von Nordshark kaufen hilft dir, dein Instagram-Spiel aufzupeppen und sicherzustellen, dass deine Stories von mehr Leuten in den Niederlanden gesehen werden. Wenn deine Stories mehr Views haben, steigt nicht nur deine Glaubw\u00fcrdigkeit, sondern auch die Chancen, neue Follower und potenzielle Kunden anzulocken.<\/p>\n<h3>Die Vorteile, Instagram Story Views von Nordshark zu kaufen.<\/h3>\n<ul>\n<li><strong>Erh\u00f6hte Sichtbarkeit.<\/strong>\u00a0Durch den Kauf von niederl\u00e4ndischen Instagram-Story-Ansichten erh\u00f6hst du die Sichtbarkeit deines Inhalts bei deiner Zielgruppe. Dies kann zu einer verbesserten Interaktion und h\u00f6heren Konversionsraten f\u00fchren.<\/li>\n<li><strong>Spare Zeit und M\u00fche:<\/strong>\u00a0Anstatt unz\u00e4hlige Stunden damit zu verbringen, deine Story-Views organisch zu steigern, spar Zeit und M\u00fche, indem du Views von Nordshark kaufst. Wir bieten dir eine schnelle und stressfreie L\u00f6sung, um deine Ziele zu erreichen.<\/li>\n<li><strong>Echte und hochwertige Aufrufe:<\/strong>\u00a0Wir garantieren, dass die Ansichten, die Sie erhalten, von echten Konten stammen und somit die Authentizit\u00e4t Ihrer Interaktion gew\u00e4hrleisten. Unsere hochwertigen Ansichten werden auf nat\u00fcrliche und organische Weise geliefert.<\/li>\n<li><strong>Vertraulich und sicher:<\/strong>\u00a0Bei Nordshark haben wir h\u00f6chste Priorit\u00e4t f\u00fcr die Privatsph\u00e4re und Sicherheit unserer Kunden. Deine Informationen sind bei uns sicher und wir verlangen niemals dein Kontopasswort.<\/li>\n<li><strong>Kundenservice:<\/strong>\u00a0Unser engagiertes Kundensupport-Team steht Ihnen zur Verf\u00fcgung, um Ihnen bei Fragen oder Anliegen behilflich zu sein. Wir bem\u00fchen uns, unseren Kunden die bestm\u00f6gliche Erfahrung zu bieten.<\/li>\n<\/ul>\n<h4>Wie es funktioniert<\/h4>\n<p>Den Kauf von niederl\u00e4ndischen Instagram Story Views bei Nordshark ist unglaublich einfach:<\/p>\n<ol>\n<li>W\u00e4hle das Paket, das deinen Bed\u00fcrfnissen entspricht, und klicke auf die Schaltfl\u00e4che \"Jetzt kaufen\".<\/li>\n<li>Gib uns deinen Instagram-Benutzernamen oder die URL zu deinem Instagram-Profil.<\/li>\n<li>Schlie\u00dfe den Zahlungsvorgang sicher ab.<\/li>\n<li>Lehn dich zur\u00fcck und entspann dich, w\u00e4hrend wir dir innerhalb des festgelegten Zeitrahmens deine Story-Views liefern.<\/li>\n<li>Sieh zu, wie sich deine Instagram-Story-Ansichten steigern und genie\u00dfe das erh\u00f6hte Engagement mit deinem Publikum!<\/li>\n<\/ol>\n<p>Vergiss nicht, holl\u00e4ndische Instagram-Story-Aufrufe zu kaufen, um deine organischen Wachstumsstrategien zu erg\u00e4nzen. Es ist wichtig, weiterhin \u00fcberzeugenden Inhalt zu erstellen, relevante Hashtags zu verwenden und mit deinen Followern zu interagieren, um eine treue Community aufzubauen.<\/p>\n<h5>Warum Nordshark w\u00e4hlen?<\/h5>\n<p>Nordshark ist eine vertrauensw\u00fcrdige Plattform, die sich auf die Verbesserung deiner Pr\u00e4senz in den sozialen Medien spezialisiert hat. Hier ist, warum du uns w\u00e4hlen solltest:<\/p>\n<ul>\n<li><strong>Erfahrung:<\/strong>\u00a0Mit jahrelanger Erfahrung in der Branche verstehen wir die Dynamik von sozialen Medienplattformen und wissen, wie man deine Sichtbarkeit steigert.<\/li>\n<li><strong>Qualit\u00e4tssicherung<\/strong>\u00a0Unser Team arbeitet flei\u00dfig daran, sicherzustellen, dass du den besten Service erh\u00e4ltst. Wir streben nach Exzellenz und halten immer unsere Versprechen ein.<\/li>\n<li><strong>Bezahlbarkeit:<\/strong>\u00a0Wir bieten wettbewerbsf\u00e4hige Preise, ohne die Qualit\u00e4t unserer Dienstleistungen zu beeintr\u00e4chtigen. Wir sind der Meinung, dass es f\u00fcr jeden m\u00f6glich sein sollte, die Pr\u00e4senz auf Instagram zu steigern.<\/li>\n<li><strong>Kundenzufriedenheit:<\/strong>\u00a0Unsere zufriedenen Kunden sind unsere gr\u00f6\u00dften Unterst\u00fctzer. Wir sind darauf bedacht, au\u00dfergew\u00f6hnlichen Kundenservice zu bieten und Ihnen dabei zu helfen, Ihre Ziele zu erreichen.<\/li>\n<\/ul>\n<p>Bereit, deine Instagram Stories in den Niederlanden auf ein neues Level zu bringen? Kaufe noch heute niederl\u00e4ndische Instagram Story Views von Nordshark und erlebe die bemerkenswerte Auswirkung, die es auf deine Pr\u00e4senz in den sozialen Medien haben kann!<\/p>\n\t<\/div>\n<\/div>\n\n\n\n\n\t\t\t<\/div> \n\t\t<\/div>\n\t<\/div> \n<\/div><\/div>\n\t\t<div id=\"fws_69fb65e6e54f4\"  data-column-margin=\"default\" data-midnight=\"light\" data-top-percent=\"10%\" data-bottom-percent=\"10%\"  class=\"wpb_row vc_row-fluid vc_row full-width-content vc_row-o-equal-height vc_row-flex vc_row-o-content-top  zindex-set mobile-disable-bg-image-animation right_padding_8pct left_padding_8pct nectar-overflow-hidden top_padding_phone_25pct bottom_padding_phone_25pct\"  style=\"padding-top: calc(100vw * 0.10); padding-bottom: calc(100vw * 0.10);  z-index: 100;\"><div class=\"row-bg-wrap\" data-bg-animation=\"fade-in\" data-bg-animation-delay=\"\" data-bg-overlay=\"true\"><div class=\"inner-wrap row-bg-layer\" style=\"background-color: #2b323a;\" ><div class=\"row-bg viewport-desktop using-bg-color\"  style=\"background-color: #2b323a; \"><\/div><\/div><div class=\"row-bg-overlay row-bg-layer\" style=\"background-color:rgba(0,0,0,0.78);  opacity: 0.8; \"><\/div><\/div>\n\t\t\t<div class=\"video-color-overlay row-bg-layer\" data-color=\"\"><\/div>\n\t\t\t\n\t\t\t<div class=\"nectar-video-wrap row-bg-layer\" data-bg-alignment=\"\">\n\t\t\t\t<div class=\"nectar-video-inner\">\n\t\t\t\t<video class=\"nectar-video-bg\" width=\"1800\" height=\"700\" preload=\"auto\" loop autoplay muted playsinline><source src=\"https:\/\/www.nordshark.com\/wp-content\/uploads\/2024\/02\/AdobeStock_454354002.mp4\"  type=\"video\/mp4\"><\/video>    \t\t<\/div>\n\t\t\t <\/div>\n\n\t\t\t<div class=\"row_col_wrap_12 col span_12 light left\">\n\t<div  class=\"vc_col-sm-12 wpb_column column_container vc_column_container col no-extra-padding column_position_static el_spacing_0px inherit_tablet inherit_phone\"  data-padding-pos=\"top-bottom\" data-has-bg-color=\"false\" data-bg-color=\"\" data-bg-opacity=\"1\" data-animation=\"\" data-delay=\"0\" >\n\t\t<div class=\"vc_column-inner\" >\n\t\t\t<div class=\"wpb_wrapper\">\n\t\t\t\t<div id=\"fws_69fb65e6e55a5\" data-midnight=\"\" data-column-margin=\"none\" class=\"wpb_row vc_row-fluid vc_row inner_row  right_padding_13vw left_padding_13vw\"  style=\" z-index: 10;\"><div class=\"row-bg-wrap\"> <div class=\"row-bg\" ><\/div> <\/div><div class=\"row_col_wrap_12_inner col span_12  left\">\n\t<div  class=\"vc_col-sm-12 wpb_column column_container vc_column_container col child_column centered-text no-extra-padding inherit_tablet inherit_phone\"   data-padding-pos=\"all\" data-has-bg-color=\"false\" data-bg-color=\"\" data-bg-opacity=\"1\" data-animation=\"\" data-delay=\"0\" >\n\t\t<div class=\"vc_column-inner\" >\n\t\t<div class=\"wpb_wrapper\">\n\t\t\t<div class=\"nectar-split-heading  font_size_9vw font_size_tablet_10vw font_line_height_0-95\" data-align=\"left\" data-m-align=\"inherit\" data-text-effect=\"letter-reveal-bottom\" data-animation-type=\"line-reveal-by-space\" data-animation-delay=\"150\" data-animation-offset=\"\" data-m-rm-animation=\"true\" data-stagger=\"true\" data-custom-font-size=\"true\" style=\"font-size: 9vw; line-height: 9.9vw;\"><h1 >Der Beste.<\/h1><\/div>\n\t\t<\/div> \n\t<\/div>\n\t<\/div> \n<\/div><\/div>\n\t\t\t<\/div> \n\t\t<\/div>\n\t<\/div> \n<\/div><\/div>","protected":false},"excerpt":{"rendered":"<p>\u2714 Echte hochwertige Konten<br \/>\n\u2714 Startzeit: 0\u20131 Stunde (Meistens Sofort)<br \/>\n\u2714 Bester Service auf dem Markt<br \/>\n\u2714 Einmalzahlungen \u2013 Kein Abonnement<\/p>\n<p>F\u00fcr <strong>International<\/strong> Story Views <strong><span style=\"color: #0000ff;\"><a style=\"color: #0000ff;\" href=\"\/de\/product\/instagram-story-views-kaufen\/\">Klick hier<\/a><\/span><\/strong><\/p>\n<p>&nbsp;<\/p>","protected":false},"featured_media":806,"comment_status":"open","ping_status":"closed","template":"","meta":{"inline_featured_image":false},"product_cat":[29,44,32],"product_tag":[38,33],"class_list":{"0":"post-439","1":"product","2":"type-product","3":"status-publish","4":"has-post-thumbnail","6":"product_cat-instagram","7":"product_cat-instagram-story-views","8":"product_cat-social-store","9":"product_tag-country-related-instagram-story-views","10":"product_tag-instagram-link","12":"first","13":"instock","14":"sale","15":"sold-individually","16":"shipping-taxable","17":"purchasable","18":"product-type-variable","19":"has-default-attributes"},"yoast_head":"<!-- This site is optimized with the Yoast SEO Premium plugin v23.6 (Yoast SEO v24.1) - https:\/\/yoast.com\/wordpress\/plugins\/seo\/ -->\n<title>Buy Dutch Instagram Story Views - Increase Your Reach Today!<\/title>\n<meta name=\"description\" content=\"Buy real Dutch Instagram story views to boost your reach and engagement. Fast and reliable service. Order now for instant delivery!\" \/>\n<meta name=\"robots\" content=\"index, follow, max-snippet:-1, max-image-preview:large, max-video-preview:-1\" \/>\n<link rel=\"canonical\" href=\"https:\/\/www.nordshark.com\/de\/product\/niederlandische-instagram-story-views-kaufen\/\" \/>\n<meta property=\"og:locale\" content=\"de_DE\" \/>\n<meta property=\"og:type\" content=\"article\" \/>\n<meta property=\"og:title\" content=\"Dutch Instagram Story Views\" \/>\n<meta property=\"og:description\" content=\"Buy real Dutch Instagram story views to boost your reach and engagement. Fast and reliable service. Order now for instant delivery!\" \/>\n<meta property=\"og:url\" content=\"https:\/\/www.nordshark.com\/de\/product\/niederlandische-instagram-story-views-kaufen\/\" \/>\n<meta property=\"og:site_name\" content=\"Nordshark\" \/>\n<meta property=\"article:modified_time\" content=\"2024-03-04T13:03:43+00:00\" \/>\n<meta property=\"og:image\" content=\"https:\/\/www.nordshark.com\/wp-content\/uploads\/2024\/02\/Dutch.Storyviews.jpg\" \/>\n\t<meta property=\"og:image:width\" content=\"800\" \/>\n\t<meta property=\"og:image:height\" content=\"800\" \/>\n\t<meta property=\"og:image:type\" content=\"image\/jpeg\" \/>\n<meta name=\"twitter:card\" content=\"summary_large_image\" \/>\n<meta name=\"twitter:label1\" content=\"Verf\u00fcgbarkeit\" \/>\n\t<meta name=\"twitter:data1\" content=\"Auf Lager\" \/>\n<script type=\"application\/ld+json\" class=\"yoast-schema-graph\">{\"@context\":\"https:\/\/schema.org\",\"@graph\":[{\"@type\":\"WebPage\",\"@id\":\"https:\/\/www.nordshark.com\/product\/buy-dutch-instagram-story-views\/\",\"url\":\"https:\/\/www.nordshark.com\/product\/buy-dutch-instagram-story-views\/\",\"name\":\"Buy Dutch Instagram Story Views - Increase Your Reach Today!\",\"isPartOf\":{\"@id\":\"https:\/\/www.nordshark.com\/#website\"},\"primaryImageOfPage\":{\"@id\":\"https:\/\/www.nordshark.com\/product\/buy-dutch-instagram-story-views\/#primaryimage\"},\"image\":{\"@id\":\"https:\/\/www.nordshark.com\/product\/buy-dutch-instagram-story-views\/#primaryimage\"},\"thumbnailUrl\":\"https:\/\/www.nordshark.com\/wp-content\/uploads\/2024\/02\/Dutch.Storyviews.jpg\",\"datePublished\":\"2024-02-18T01:06:13+00:00\",\"dateModified\":\"2024-03-04T13:03:43+00:00\",\"description\":\"Buy real Dutch Instagram story views to boost your reach and engagement. Fast and reliable service. Order now for instant delivery!\",\"breadcrumb\":{\"@id\":\"https:\/\/www.nordshark.com\/product\/buy-dutch-instagram-story-views\/#breadcrumb\"},\"inLanguage\":\"de\",\"potentialAction\":[{\"@type\":\"ReadAction\",\"target\":[\"https:\/\/www.nordshark.com\/product\/buy-dutch-instagram-story-views\/\"]}]},{\"@type\":\"ImageObject\",\"inLanguage\":\"de\",\"@id\":\"https:\/\/www.nordshark.com\/product\/buy-dutch-instagram-story-views\/#primaryimage\",\"url\":\"https:\/\/www.nordshark.com\/wp-content\/uploads\/2024\/02\/Dutch.Storyviews.jpg\",\"contentUrl\":\"https:\/\/www.nordshark.com\/wp-content\/uploads\/2024\/02\/Dutch.Storyviews.jpg\",\"width\":800,\"height\":800,\"caption\":\"Buy Dutch Instagram Story Views\"},{\"@type\":\"BreadcrumbList\",\"@id\":\"https:\/\/www.nordshark.com\/product\/buy-dutch-instagram-story-views\/#breadcrumb\",\"itemListElement\":[{\"@type\":\"ListItem\",\"position\":1,\"name\":\"Home\",\"item\":\"https:\/\/www.nordshark.com\/\"},{\"@type\":\"ListItem\",\"position\":2,\"name\":\"Shop\",\"item\":\"https:\/\/www.nordshark.com\/shop\/\"},{\"@type\":\"ListItem\",\"position\":3,\"name\":\"Dutch Instagram Story Views\"}]},{\"@type\":\"WebSite\",\"@id\":\"https:\/\/www.nordshark.com\/#website\",\"url\":\"https:\/\/www.nordshark.com\/\",\"name\":\"Nordshark\",\"description\":\"\",\"potentialAction\":[{\"@type\":\"SearchAction\",\"target\":{\"@type\":\"EntryPoint\",\"urlTemplate\":\"https:\/\/www.nordshark.com\/?s={search_term_string}\"},\"query-input\":{\"@type\":\"PropertyValueSpecification\",\"valueRequired\":true,\"valueName\":\"search_term_string\"}}],\"inLanguage\":\"de\"}]}<\/script>\n<meta property=\"og:availability\" content=\"instock\" \/>\n<meta property=\"product:availability\" content=\"instock\" \/>\n<meta property=\"product:condition\" content=\"new\" \/>\n<!-- \/ Yoast SEO Premium plugin. -->","yoast_head_json":{"title":"Buy Dutch Instagram Story Views - Increase Your Reach Today!","description":"Buy real Dutch Instagram story views to boost your reach and engagement. Fast and reliable service. Order now for instant delivery!","robots":{"index":"index","follow":"follow","max-snippet":"max-snippet:-1","max-image-preview":"max-image-preview:large","max-video-preview":"max-video-preview:-1"},"canonical":"https:\/\/www.nordshark.com\/de\/product\/niederlandische-instagram-story-views-kaufen\/","og_locale":"de_DE","og_type":"article","og_title":"Dutch Instagram Story Views","og_description":"Buy real Dutch Instagram story views to boost your reach and engagement. Fast and reliable service. Order now for instant delivery!","og_url":"https:\/\/www.nordshark.com\/de\/product\/niederlandische-instagram-story-views-kaufen\/","og_site_name":"Nordshark","article_modified_time":"2024-03-04T13:03:43+00:00","og_image":[{"width":800,"height":800,"url":"https:\/\/www.nordshark.com\/wp-content\/uploads\/2024\/02\/Dutch.Storyviews.jpg","type":"image\/jpeg"}],"twitter_card":"summary_large_image","twitter_misc":{"Verf\u00fcgbarkeit":"Auf Lager"},"schema":{"@context":"https:\/\/schema.org","@graph":[{"@type":"WebPage","@id":"https:\/\/www.nordshark.com\/product\/buy-dutch-instagram-story-views\/","url":"https:\/\/www.nordshark.com\/product\/buy-dutch-instagram-story-views\/","name":"Buy Dutch Instagram Story Views - Increase Your Reach Today!","isPartOf":{"@id":"https:\/\/www.nordshark.com\/#website"},"primaryImageOfPage":{"@id":"https:\/\/www.nordshark.com\/product\/buy-dutch-instagram-story-views\/#primaryimage"},"image":{"@id":"https:\/\/www.nordshark.com\/product\/buy-dutch-instagram-story-views\/#primaryimage"},"thumbnailUrl":"https:\/\/www.nordshark.com\/wp-content\/uploads\/2024\/02\/Dutch.Storyviews.jpg","datePublished":"2024-02-18T01:06:13+00:00","dateModified":"2024-03-04T13:03:43+00:00","description":"Buy real Dutch Instagram story views to boost your reach and engagement. Fast and reliable service. Order now for instant delivery!","breadcrumb":{"@id":"https:\/\/www.nordshark.com\/product\/buy-dutch-instagram-story-views\/#breadcrumb"},"inLanguage":"de","potentialAction":[{"@type":"ReadAction","target":["https:\/\/www.nordshark.com\/product\/buy-dutch-instagram-story-views\/"]}]},{"@type":"ImageObject","inLanguage":"de","@id":"https:\/\/www.nordshark.com\/product\/buy-dutch-instagram-story-views\/#primaryimage","url":"https:\/\/www.nordshark.com\/wp-content\/uploads\/2024\/02\/Dutch.Storyviews.jpg","contentUrl":"https:\/\/www.nordshark.com\/wp-content\/uploads\/2024\/02\/Dutch.Storyviews.jpg","width":800,"height":800,"caption":"Buy Dutch Instagram Story Views"},{"@type":"BreadcrumbList","@id":"https:\/\/www.nordshark.com\/product\/buy-dutch-instagram-story-views\/#breadcrumb","itemListElement":[{"@type":"ListItem","position":1,"name":"Home","item":"https:\/\/www.nordshark.com\/"},{"@type":"ListItem","position":2,"name":"Shop","item":"https:\/\/www.nordshark.com\/shop\/"},{"@type":"ListItem","position":3,"name":"Dutch Instagram Story Views"}]},{"@type":"WebSite","@id":"https:\/\/www.nordshark.com\/#website","url":"https:\/\/www.nordshark.com\/","name":"Nordshark","description":"","potentialAction":[{"@type":"SearchAction","target":{"@type":"EntryPoint","urlTemplate":"https:\/\/www.nordshark.com\/?s={search_term_string}"},"query-input":{"@type":"PropertyValueSpecification","valueRequired":true,"valueName":"search_term_string"}}],"inLanguage":"de"}]},"og_availability":"instock","product_availability":"instock","product_condition":"new"},"_links":{"self":[{"href":"https:\/\/www.nordshark.com\/de\/wp-json\/wp\/v2\/product\/439","targetHints":{"allow":["GET"]}}],"collection":[{"href":"https:\/\/www.nordshark.com\/de\/wp-json\/wp\/v2\/product"}],"about":[{"href":"https:\/\/www.nordshark.com\/de\/wp-json\/wp\/v2\/types\/product"}],"replies":[{"embeddable":true,"href":"https:\/\/www.nordshark.com\/de\/wp-json\/wp\/v2\/comments?post=439"}],"wp:featuredmedia":[{"embeddable":true,"href":"https:\/\/www.nordshark.com\/de\/wp-json\/wp\/v2\/media\/806"}],"wp:attachment":[{"href":"https:\/\/www.nordshark.com\/de\/wp-json\/wp\/v2\/media?parent=439"}],"wp:term":[{"taxonomy":"product_cat","embeddable":true,"href":"https:\/\/www.nordshark.com\/de\/wp-json\/wp\/v2\/product_cat?post=439"},{"taxonomy":"product_tag","embeddable":true,"href":"https:\/\/www.nordshark.com\/de\/wp-json\/wp\/v2\/product_tag?post=439"}],"curies":[{"name":"wp","href":"https:\/\/api.w.org\/{rel}","templated":true}]}}