{"id":430,"date":"2024-02-18T02:02:09","date_gmt":"2024-02-18T01:02:09","guid":{"rendered":"https:\/\/www.nordshark.com\/?post_type=product&#038;p=430"},"modified":"2026-01-23T18:06:17","modified_gmt":"2026-01-23T17:06:17","slug":"buy-italian-instagram-story-views","status":"publish","type":"product","link":"https:\/\/www.nordshark.com\/de\/product\/italienische-instagram-story-views-kaufen\/","title":{"rendered":"Italienische Instagram Story Views"},"content":{"rendered":"<div id=\"fws_69fb65055fc93\"  data-column-margin=\"default\" data-midnight=\"dark\" data-top-percent=\"8%\"  class=\"wpb_row vc_row-fluid vc_row full-width-section  right_padding_10pct left_padding_10pct\"  style=\"padding-top: calc(100vw * 0.08); padding-bottom: 0px; \"><div class=\"row-bg-wrap\" data-bg-animation=\"none\" data-bg-animation-delay=\"\" data-bg-overlay=\"false\"><div class=\"inner-wrap row-bg-layer\" ><div class=\"row-bg viewport-desktop\"  style=\"\"><\/div><\/div><\/div><div class=\"row_col_wrap_12 col span_12 dark left\">\n\t<div  class=\"vc_col-sm-12 wpb_column column_container vc_column_container col no-extra-padding inherit_tablet inherit_phone\"  data-padding-pos=\"all\" data-has-bg-color=\"false\" data-bg-color=\"\" data-bg-opacity=\"1\" data-animation=\"\" data-delay=\"0\" >\n\t\t<div class=\"vc_column-inner\" >\n\t\t\t<div class=\"wpb_wrapper\">\n\t\t\t\t<div id=\"fws_69fb65055fdf4\" data-midnight=\"\" data-column-margin=\"default\" class=\"wpb_row vc_row-fluid vc_row inner_row\"  style=\"padding-bottom: 4%; \"><div class=\"row-bg-wrap\"> <div class=\"row-bg\" ><\/div> <\/div><div class=\"row_col_wrap_12_inner col span_12  left\">\n\t<div  class=\"vc_col-sm-12 wpb_column column_container vc_column_container col child_column centered-text no-extra-padding inherit_tablet inherit_phone\"   data-padding-pos=\"all\" data-has-bg-color=\"false\" data-bg-color=\"\" data-bg-opacity=\"1\" data-animation=\"\" data-delay=\"0\" >\n\t\t<div class=\"vc_column-inner\" >\n\t\t<div class=\"wpb_wrapper\">\n\t\t\t<div class=\"nectar-highlighted-text font_size_2vw font_size_tablet_6vw font_line_height_1-0\" data-style=\"none\" data-exp=\"default\" data-using-custom-color=\"false\" data-animation-delay=\"false\" data-color=\"\" data-color-gradient=\"\" style=\"\"><h3>H\u00e4ufig gestellte Fragen<\/h3>\n<\/div>\n\t\t<\/div> \n\t<\/div>\n\t<\/div> \n<\/div><\/div>\n\t\t\t<\/div> \n\t\t<\/div>\n\t<\/div> \n<\/div><\/div>\n\t\t<div id=\"fws_69fb65055ff89\"  data-column-margin=\"custom\" data-midnight=\"dark\" data-top-percent=\"3%\" data-bottom-percent=\"3%\"  class=\"wpb_row vc_row-fluid vc_row full-width-content vc_row-o-equal-height vc_row-flex vc_row-o-content-middle  right_padding_7vw left_padding_7vw column-margin-7vw top_padding_phone_10pct bottom_padding_phone_10pct\"  style=\"padding-top: calc(100vw * 0.03); padding-bottom: calc(100vw * 0.03); \"><div class=\"row-bg-wrap\" data-bg-animation=\"none\" data-bg-animation-delay=\"\" data-bg-overlay=\"false\"><div class=\"inner-wrap row-bg-layer\" ><div class=\"row-bg viewport-desktop using-bg-color\"  style=\"background-color: #f8f8f8; \"><\/div><\/div><\/div><div class=\"row_col_wrap_12 col span_12 dark left\">\n\t<div  class=\"vc_col-sm-6 wpb_column column_container vc_column_container col left_padding_desktop_2vw\"  data-padding-pos=\"all\" data-has-bg-color=\"false\" data-bg-color=\"\" data-bg-opacity=\"1\" data-animation=\"\" data-delay=\"0\" >\n\t\t<div class=\"vc_column-inner\" >\n\t\t\t<div class=\"wpb_wrapper\">\n\t\t\t\t<div class=\"toggles accordion\" data-br=\"\" data-starting=\"default\" data-style=\"minimal\"><div class=\"toggle accent-color\" data-inner-wrap=\"true\"><h3 class=\"toggle-title\"><a href=\"#\" role=\"button\" class=\"nectar-inherit-h4 toggle-heading\"><i role=\"presentation\" class=\"fa fa-plus-circle\"><\/i>Wie lange dauert die Lieferung von italienischen Instagram-Story-Views?<\/a><\/h3><div><div class=\"inner-toggle-wrap\">\n<div class=\"wpb_text_column wpb_content_element\" >\n\t<div class=\"wpb_wrapper\">\n\t\t<p>Die Lieferung von italienischen Instagram Story Views beginnt normalerweise innerhalb von 1 Stunde nach der Bestellung und die genaue Dauer kann je nach gew\u00e4hltem Paket und Bestellmenge variieren.<\/p>\n\t<\/div>\n<\/div>\n\n\n\n<\/div><\/div><\/div><div class=\"toggle accent-color\" data-inner-wrap=\"true\"><h3 class=\"toggle-title\"><a href=\"#\" role=\"button\" class=\"nectar-inherit-h4 toggle-heading\"><i role=\"presentation\" class=\"fa fa-plus-circle\"><\/i>Warum solltest du italienische Instagram Story Views kaufen?<\/a><\/h3><div><div class=\"inner-toggle-wrap\">\n<div class=\"wpb_text_column wpb_content_element\" >\n\t<div class=\"wpb_wrapper\">\n\t\t<p>Der Kauf von italienischen Instagram Story Views kann deine Sichtbarkeit erh\u00f6hen und mehr Aufmerksamkeit auf dein Profil ziehen, besonders wenn du ein italienisches Publikum ansprichst.<\/p>\n\t<\/div>\n<\/div>\n\n\n\n<\/div><\/div><\/div><div class=\"toggle accent-color\" data-inner-wrap=\"true\"><h3 class=\"toggle-title\"><a href=\"#\" role=\"button\" class=\"nectar-inherit-h4 toggle-heading\"><i role=\"presentation\" class=\"fa fa-plus-circle\"><\/i>Sind die Instagram-Story-Views von echten Benutzern?<\/a><\/h3><div><div class=\"inner-toggle-wrap\">\n<div class=\"wpb_text_column wpb_content_element\" >\n\t<div class=\"wpb_wrapper\">\n\t\t<p>Ja, bei Nordshark stellen wir sicher, dass die Instagram Story Aufrufe, die du erh\u00e4ltst, von echten und aktiven Nutzern stammen. Wir legen Wert darauf, unseren Kunden authentisches Engagement zu bieten.<\/p>\n\t<\/div>\n<\/div>\n\n\n\n<\/div><\/div><\/div><\/div>\n\n\n\n\n\n\n\n\n\n\n\n\n\n\n\n\n\n\n\n\n\t\t\t<\/div> \n\t\t<\/div>\n\t<\/div> \n\n\t<div  class=\"vc_col-sm-6 vc_hidden-sm vc_hidden-xs wpb_column column_container vc_column_container col top_margin_tablet_10pct right_padding_desktop_2vw\"  data-padding-pos=\"all\" data-has-bg-color=\"false\" data-bg-color=\"\" data-bg-opacity=\"1\" data-animation=\"\" data-delay=\"0\" >\n\t\t<div class=\"vc_column-inner\" >\n\t\t\t<div class=\"wpb_wrapper\">\n\t\t\t\t<div id=\"fws_69fb65056022d\" data-midnight=\"\" data-column-margin=\"default\" class=\"wpb_row vc_row-fluid vc_row inner_row\"  style=\"\"><div class=\"row-bg-wrap\"> <div class=\"row-bg\" ><\/div> <\/div><div class=\"row_col_wrap_12_inner col span_12  left\">\n\t<div  class=\"vc_col-sm-12 wpb_column column_container vc_column_container col child_column col-overflow-hidden mask_shape_circle-rect mask_size_contain top_padding_desktop_20pct bottom_padding_desktop_20pct\"   data-border-radius=\"15px\" data-video-bg=\"true\" data-overlay-color=\"true\" data-padding-pos=\"all\" data-has-bg-color=\"false\" data-bg-color=\"\" data-bg-opacity=\"1\" data-animation=\"\" data-delay=\"0\" >\n\t\t<div class=\"vc_column-inner\" >\n  <div class=\"nectar-video-wrap column-bg-layer column-video\">\n        <video class=\"nectar-video-bg\" width=\"1800\" height=\"700\" preload=\"auto\" loop autoplay muted playsinline><source src=\"https:\/\/www.nordshark.com\/wp-content\/uploads\/2024\/02\/faq2.mp4\"  type=\"video\/mp4\"><\/video><\/div><div class=\"column-bg-overlay-wrap column-bg-layer\" data-bg-animation=\"none\"><div class=\"column-bg-overlay\"><\/div><div class=\"column-overlay-layer\" style=\"\"><\/div><\/div>\n\t\t<div class=\"wpb_wrapper\">\n\t\t\t\n\t\t<\/div> \n\t<\/div>\n\t<\/div> \n<\/div><\/div>\n\t\t\t<\/div> \n\t\t<\/div>\n\t<\/div> \n<\/div><\/div>\n\t\t<div id=\"fws_69fb6505602ed\"  data-column-margin=\"default\" data-midnight=\"dark\" data-top-percent=\"5%\" data-bottom-percent=\"5%\"  class=\"wpb_row vc_row-fluid vc_row  right_padding_5pct left_padding_5pct\"  style=\"padding-top: calc(100vw * 0.05); padding-bottom: calc(100vw * 0.05); \"><div class=\"row-bg-wrap\" data-bg-animation=\"none\" data-bg-animation-delay=\"\" data-bg-overlay=\"false\"><div class=\"inner-wrap row-bg-layer\" ><div class=\"row-bg viewport-desktop\"  style=\"\"><\/div><\/div><\/div><div class=\"row_col_wrap_12 col span_12 dark left\">\n\t<div  class=\"vc_col-sm-12 wpb_column column_container vc_column_container col no-extra-padding inherit_tablet inherit_phone\"  data-padding-pos=\"all\" data-has-bg-color=\"false\" data-bg-color=\"\" data-bg-opacity=\"1\" data-animation=\"\" data-delay=\"0\" >\n\t\t<div class=\"vc_column-inner\" >\n\t\t\t<div class=\"wpb_wrapper\">\n\t\t\t\t\n<div class=\"wpb_text_column wpb_content_element\" >\n\t<div class=\"wpb_wrapper\">\n\t\t<h1>Willkommen bei Nordshark - Deine Quelle f\u00fcr italienische Instagram Story Views<\/h1>\n<h2>Warum italienische Instagram Story-Views kaufen?<\/h2>\n<p>Wenn du deine Pr\u00e4senz auf Instagram verbessern und eine gr\u00f6\u00dfere Zielgruppe erreichen m\u00f6chtest, ist der Kauf von italienischen Instagram-Story-Ansichten eine clevere Entscheidung. Mit unserem zuverl\u00e4ssigen Service bei Nordshark kannst du ganz einfach die Anzahl der Aufrufe deiner Instagram-Stories erh\u00f6hen, um dich abzuheben und mehr organische Interaktionen zu erhalten.<\/p>\n<h2>Vorteile des Kaufens von italienischen Instagram Story Views bei Nordshark<\/h2>\n<ul>\n<li><strong>Qualit\u00e4tsansichten<\/strong>\u00a0Bei Nordshark stellen wir sicher, dass alle Ansichten, die du erh\u00e4ltst, von echten italienischen Benutzern stammen. Dies garantiert, dass dein Story-Engagement echt ist und Vertrauen bei deinem Publikum aufbaut.<\/li>\n<li><strong>Erh\u00f6hte Sichtbarkeit.<\/strong>\u00a0Wenn sich die Aufrufe deiner Story erh\u00f6hen, bekommt dein Profil mehr Sichtbarkeit, was zu potenziellen Followern, Zusammenarbeiten und Gesch\u00e4ftsm\u00f6glichkeiten f\u00fchren kann.<\/li>\n<li><strong>Verbesserte Glaubw\u00fcrdigkeit:<\/strong>\u00a0Eine hohe Anzahl von Story-Views erzeugt ein Gef\u00fchl von Glaubw\u00fcrdigkeit und Beliebtheit, was andere dazu bringt, sich mit deinem Inhalt zu besch\u00e4ftigen.<\/li>\n<li><strong>Schneller und einfacher Prozess:<\/strong>\u00a0Unsere Plattform bietet eine benutzerfreundliche Oberfl\u00e4che, auf der Du die gew\u00fcnschte Anzahl von italienischen Instagram Story-Aufrufen ausw\u00e4hlen und Deinen Kauf innerhalb von Minuten abschlie\u00dfen kannst.<\/li>\n<li><strong>Datenschutz und Sicherheit:<\/strong>\u00a0Wir legen Wert auf deine Privatsph\u00e4re und stellen sicher, dass alle Transaktionen und pers\u00f6nlichen Informationen sicher und vertraulich behandelt werden.<\/li>\n<\/ul>\n<h2>Warum Nordshark w\u00e4hlen?<\/h2>\n<p>Es gibt mehrere Gr\u00fcnde, warum Nordshark die beste Wahl f\u00fcr den Kauf von italienischen Instagram Story Views ist:<\/p>\n<ol>\n<li>Wir haben jahrelange Erfahrung in der Branche und haben zahlreichen Kunden geholfen, ihre Instagram-Ziele zu erreichen.<\/li>\n<li>Unser Team besteht aus Experten, die die sich st\u00e4ndig ver\u00e4ndernden Dynamiken der sozialen Medien verstehen und st\u00e4ndig unsere Dienstleistungen anpassen, um optimale Ergebnisse zu garantieren.<\/li>\n<li>Wir bieten wettbewerbsf\u00e4hige Preise, ohne dabei die Qualit\u00e4t unserer Dienstleistungen zu beeintr\u00e4chtigen. Wir sind der Ansicht, dass wir Ihnen einen Mehrwert f\u00fcr Ihr Geld bieten.<\/li>\n<li>Unser Kundensupport ist rund um die Uhr verf\u00fcgbar, um dir bei Fragen oder Bedenken behilflich zu sein.<\/li>\n<li>Wir liefern dir prompt und effizient Instagram Story-Views aus Italien. Du wirst schon bald eine Zunahme an Views in deinen Stories bemerken!<\/li>\n<\/ol>\n<h2>Bereit, um die Anzahl der Instagram-Story-Aufrufe in Italien zu erh\u00f6hen?<\/h2>\n<p>Verpass nicht die Gelegenheit, deine Pr\u00e4senz auf Instagram zu st\u00e4rken und mehr Sichtbarkeit auf dem italienischen Markt zu erlangen. Besuche Nordshark noch heute und fang an, deine Instagram Story Views organisch zu steigern!<\/p>\n\t<\/div>\n<\/div>\n\n\n\n\n\t\t\t<\/div> \n\t\t<\/div>\n\t<\/div> \n<\/div><\/div>\n\t\t<div id=\"fws_69fb6505603f6\"  data-column-margin=\"default\" data-midnight=\"light\" data-top-percent=\"10%\" data-bottom-percent=\"10%\"  class=\"wpb_row vc_row-fluid vc_row full-width-content vc_row-o-equal-height vc_row-flex vc_row-o-content-top  zindex-set mobile-disable-bg-image-animation right_padding_8pct left_padding_8pct nectar-overflow-hidden top_padding_phone_25pct bottom_padding_phone_25pct\"  style=\"padding-top: calc(100vw * 0.10); padding-bottom: calc(100vw * 0.10);  z-index: 100;\"><div class=\"row-bg-wrap\" data-bg-animation=\"fade-in\" data-bg-animation-delay=\"\" data-bg-overlay=\"true\"><div class=\"inner-wrap row-bg-layer\" style=\"background-color: #2b323a;\" ><div class=\"row-bg viewport-desktop using-bg-color\"  style=\"background-color: #2b323a; \"><\/div><\/div><div class=\"row-bg-overlay row-bg-layer\" style=\"background-color:rgba(0,0,0,0.78);  opacity: 0.8; \"><\/div><\/div>\n\t\t\t<div class=\"video-color-overlay row-bg-layer\" data-color=\"\"><\/div>\n\t\t\t\n\t\t\t<div class=\"nectar-video-wrap row-bg-layer\" data-bg-alignment=\"\">\n\t\t\t\t<div class=\"nectar-video-inner\">\n\t\t\t\t<video class=\"nectar-video-bg\" width=\"1800\" height=\"700\" preload=\"auto\" loop autoplay muted playsinline><source src=\"https:\/\/www.nordshark.com\/wp-content\/uploads\/2024\/02\/AdobeStock_454354002.mp4\"  type=\"video\/mp4\"><\/video>    \t\t<\/div>\n\t\t\t <\/div>\n\n\t\t\t<div class=\"row_col_wrap_12 col span_12 light left\">\n\t<div  class=\"vc_col-sm-12 wpb_column column_container vc_column_container col no-extra-padding column_position_static el_spacing_0px inherit_tablet inherit_phone\"  data-padding-pos=\"top-bottom\" data-has-bg-color=\"false\" data-bg-color=\"\" data-bg-opacity=\"1\" data-animation=\"\" data-delay=\"0\" >\n\t\t<div class=\"vc_column-inner\" >\n\t\t\t<div class=\"wpb_wrapper\">\n\t\t\t\t<div id=\"fws_69fb6505604a3\" data-midnight=\"\" data-column-margin=\"none\" class=\"wpb_row vc_row-fluid vc_row inner_row  right_padding_13vw left_padding_13vw\"  style=\" z-index: 10;\"><div class=\"row-bg-wrap\"> <div class=\"row-bg\" ><\/div> <\/div><div class=\"row_col_wrap_12_inner col span_12  left\">\n\t<div  class=\"vc_col-sm-12 wpb_column column_container vc_column_container col child_column centered-text no-extra-padding inherit_tablet inherit_phone\"   data-padding-pos=\"all\" data-has-bg-color=\"false\" data-bg-color=\"\" data-bg-opacity=\"1\" data-animation=\"\" data-delay=\"0\" >\n\t\t<div class=\"vc_column-inner\" >\n\t\t<div class=\"wpb_wrapper\">\n\t\t\t<div class=\"nectar-split-heading  font_size_9vw font_size_tablet_10vw font_line_height_0-95\" data-align=\"left\" data-m-align=\"inherit\" data-text-effect=\"letter-reveal-bottom\" data-animation-type=\"line-reveal-by-space\" data-animation-delay=\"150\" data-animation-offset=\"\" data-m-rm-animation=\"true\" data-stagger=\"true\" data-custom-font-size=\"true\" style=\"font-size: 9vw; line-height: 9.9vw;\"><h1 >Der Beste.<\/h1><\/div>\n\t\t<\/div> \n\t<\/div>\n\t<\/div> \n<\/div><\/div>\n\t\t\t<\/div> \n\t\t<\/div>\n\t<\/div> \n<\/div><\/div>","protected":false},"excerpt":{"rendered":"<p>\u2714 Echte hochwertige Konten<br \/>\n\u2714 Startzeit: 0\u20131 Stunde (Meistens Sofort)<br \/>\n\u2714 Bester Service auf dem Markt<br \/>\n\u2714 Einmalzahlungen \u2013 Kein Abonnement<\/p>\n<p>F\u00fcr <strong>International<\/strong> Story Views <strong><span style=\"color: #0000ff;\"><a style=\"color: #0000ff;\" href=\"\/de\/product\/instagram-story-views-kaufen\/\">Klick hier<\/a><\/span><\/strong><\/p>\n<p>&nbsp;<\/p>","protected":false},"featured_media":805,"comment_status":"open","ping_status":"closed","template":"","meta":{"inline_featured_image":false},"product_cat":[29,44,32],"product_tag":[38,33],"class_list":{"0":"post-430","1":"product","2":"type-product","3":"status-publish","4":"has-post-thumbnail","6":"product_cat-instagram","7":"product_cat-instagram-story-views","8":"product_cat-social-store","9":"product_tag-country-related-instagram-story-views","10":"product_tag-instagram-link","12":"first","13":"instock","14":"sale","15":"sold-individually","16":"shipping-taxable","17":"purchasable","18":"product-type-variable","19":"has-default-attributes"},"yoast_head":"<!-- This site is optimized with the Yoast SEO Premium plugin v23.6 (Yoast SEO v24.1) - https:\/\/yoast.com\/wordpress\/plugins\/seo\/ -->\n<title>Buy Italian Instagram Story Views - Boost Your Visibility Now!<\/title>\n<meta name=\"description\" content=\"Boost your Instagram with Italian Story Views. Buy now to increase visibility and engagement. Fast delivery and secure payment.\" \/>\n<meta name=\"robots\" content=\"index, follow, max-snippet:-1, max-image-preview:large, max-video-preview:-1\" \/>\n<link rel=\"canonical\" href=\"https:\/\/www.nordshark.com\/de\/product\/italienische-instagram-story-views-kaufen\/\" \/>\n<meta property=\"og:locale\" content=\"de_DE\" \/>\n<meta property=\"og:type\" content=\"article\" \/>\n<meta property=\"og:title\" content=\"Italian Instagram Story Views\" \/>\n<meta property=\"og:description\" content=\"Boost your Instagram with Italian Story Views. Buy now to increase visibility and engagement. Fast delivery and secure payment.\" \/>\n<meta property=\"og:url\" content=\"https:\/\/www.nordshark.com\/de\/product\/italienische-instagram-story-views-kaufen\/\" \/>\n<meta property=\"og:site_name\" content=\"Nordshark\" \/>\n<meta property=\"article:modified_time\" content=\"2026-01-23T17:06:17+00:00\" \/>\n<meta property=\"og:image\" content=\"https:\/\/www.nordshark.com\/wp-content\/uploads\/2024\/02\/Italian.Storyviews.jpg\" \/>\n\t<meta property=\"og:image:width\" content=\"800\" \/>\n\t<meta property=\"og:image:height\" content=\"800\" \/>\n\t<meta property=\"og:image:type\" content=\"image\/jpeg\" \/>\n<meta name=\"twitter:card\" content=\"summary_large_image\" \/>\n<meta name=\"twitter:label1\" content=\"Verf\u00fcgbarkeit\" \/>\n\t<meta name=\"twitter:data1\" content=\"Auf Lager\" \/>\n<script type=\"application\/ld+json\" class=\"yoast-schema-graph\">{\"@context\":\"https:\/\/schema.org\",\"@graph\":[{\"@type\":\"WebPage\",\"@id\":\"https:\/\/www.nordshark.com\/product\/buy-italian-instagram-story-views\/\",\"url\":\"https:\/\/www.nordshark.com\/product\/buy-italian-instagram-story-views\/\",\"name\":\"Buy Italian Instagram Story Views - Boost Your Visibility Now!\",\"isPartOf\":{\"@id\":\"https:\/\/www.nordshark.com\/#website\"},\"primaryImageOfPage\":{\"@id\":\"https:\/\/www.nordshark.com\/product\/buy-italian-instagram-story-views\/#primaryimage\"},\"image\":{\"@id\":\"https:\/\/www.nordshark.com\/product\/buy-italian-instagram-story-views\/#primaryimage\"},\"thumbnailUrl\":\"https:\/\/www.nordshark.com\/wp-content\/uploads\/2024\/02\/Italian.Storyviews.jpg\",\"datePublished\":\"2024-02-18T01:02:09+00:00\",\"dateModified\":\"2026-01-23T17:06:17+00:00\",\"description\":\"Boost your Instagram with Italian Story Views. Buy now to increase visibility and engagement. Fast delivery and secure payment.\",\"breadcrumb\":{\"@id\":\"https:\/\/www.nordshark.com\/product\/buy-italian-instagram-story-views\/#breadcrumb\"},\"inLanguage\":\"de\",\"potentialAction\":[{\"@type\":\"ReadAction\",\"target\":[\"https:\/\/www.nordshark.com\/product\/buy-italian-instagram-story-views\/\"]}]},{\"@type\":\"ImageObject\",\"inLanguage\":\"de\",\"@id\":\"https:\/\/www.nordshark.com\/product\/buy-italian-instagram-story-views\/#primaryimage\",\"url\":\"https:\/\/www.nordshark.com\/wp-content\/uploads\/2024\/02\/Italian.Storyviews.jpg\",\"contentUrl\":\"https:\/\/www.nordshark.com\/wp-content\/uploads\/2024\/02\/Italian.Storyviews.jpg\",\"width\":800,\"height\":800,\"caption\":\"Buy Italian Instagram Story Views\"},{\"@type\":\"BreadcrumbList\",\"@id\":\"https:\/\/www.nordshark.com\/product\/buy-italian-instagram-story-views\/#breadcrumb\",\"itemListElement\":[{\"@type\":\"ListItem\",\"position\":1,\"name\":\"Home\",\"item\":\"https:\/\/www.nordshark.com\/\"},{\"@type\":\"ListItem\",\"position\":2,\"name\":\"Shop\",\"item\":\"https:\/\/www.nordshark.com\/shop\/\"},{\"@type\":\"ListItem\",\"position\":3,\"name\":\"Italian Instagram Story Views\"}]},{\"@type\":\"WebSite\",\"@id\":\"https:\/\/www.nordshark.com\/#website\",\"url\":\"https:\/\/www.nordshark.com\/\",\"name\":\"Nordshark\",\"description\":\"\",\"potentialAction\":[{\"@type\":\"SearchAction\",\"target\":{\"@type\":\"EntryPoint\",\"urlTemplate\":\"https:\/\/www.nordshark.com\/?s={search_term_string}\"},\"query-input\":{\"@type\":\"PropertyValueSpecification\",\"valueRequired\":true,\"valueName\":\"search_term_string\"}}],\"inLanguage\":\"de\"}]}<\/script>\n<meta property=\"og:availability\" content=\"instock\" \/>\n<meta property=\"product:availability\" content=\"instock\" \/>\n<meta property=\"product:condition\" content=\"new\" \/>\n<!-- \/ Yoast SEO Premium plugin. -->","yoast_head_json":{"title":"Buy Italian Instagram Story Views - Boost Your Visibility Now!","description":"Boost your Instagram with Italian Story Views. Buy now to increase visibility and engagement. Fast delivery and secure payment.","robots":{"index":"index","follow":"follow","max-snippet":"max-snippet:-1","max-image-preview":"max-image-preview:large","max-video-preview":"max-video-preview:-1"},"canonical":"https:\/\/www.nordshark.com\/de\/product\/italienische-instagram-story-views-kaufen\/","og_locale":"de_DE","og_type":"article","og_title":"Italian Instagram Story Views","og_description":"Boost your Instagram with Italian Story Views. Buy now to increase visibility and engagement. Fast delivery and secure payment.","og_url":"https:\/\/www.nordshark.com\/de\/product\/italienische-instagram-story-views-kaufen\/","og_site_name":"Nordshark","article_modified_time":"2026-01-23T17:06:17+00:00","og_image":[{"width":800,"height":800,"url":"https:\/\/www.nordshark.com\/wp-content\/uploads\/2024\/02\/Italian.Storyviews.jpg","type":"image\/jpeg"}],"twitter_card":"summary_large_image","twitter_misc":{"Verf\u00fcgbarkeit":"Auf Lager"},"schema":{"@context":"https:\/\/schema.org","@graph":[{"@type":"WebPage","@id":"https:\/\/www.nordshark.com\/product\/buy-italian-instagram-story-views\/","url":"https:\/\/www.nordshark.com\/product\/buy-italian-instagram-story-views\/","name":"Buy Italian Instagram Story Views - Boost Your Visibility Now!","isPartOf":{"@id":"https:\/\/www.nordshark.com\/#website"},"primaryImageOfPage":{"@id":"https:\/\/www.nordshark.com\/product\/buy-italian-instagram-story-views\/#primaryimage"},"image":{"@id":"https:\/\/www.nordshark.com\/product\/buy-italian-instagram-story-views\/#primaryimage"},"thumbnailUrl":"https:\/\/www.nordshark.com\/wp-content\/uploads\/2024\/02\/Italian.Storyviews.jpg","datePublished":"2024-02-18T01:02:09+00:00","dateModified":"2026-01-23T17:06:17+00:00","description":"Boost your Instagram with Italian Story Views. Buy now to increase visibility and engagement. Fast delivery and secure payment.","breadcrumb":{"@id":"https:\/\/www.nordshark.com\/product\/buy-italian-instagram-story-views\/#breadcrumb"},"inLanguage":"de","potentialAction":[{"@type":"ReadAction","target":["https:\/\/www.nordshark.com\/product\/buy-italian-instagram-story-views\/"]}]},{"@type":"ImageObject","inLanguage":"de","@id":"https:\/\/www.nordshark.com\/product\/buy-italian-instagram-story-views\/#primaryimage","url":"https:\/\/www.nordshark.com\/wp-content\/uploads\/2024\/02\/Italian.Storyviews.jpg","contentUrl":"https:\/\/www.nordshark.com\/wp-content\/uploads\/2024\/02\/Italian.Storyviews.jpg","width":800,"height":800,"caption":"Buy Italian Instagram Story Views"},{"@type":"BreadcrumbList","@id":"https:\/\/www.nordshark.com\/product\/buy-italian-instagram-story-views\/#breadcrumb","itemListElement":[{"@type":"ListItem","position":1,"name":"Home","item":"https:\/\/www.nordshark.com\/"},{"@type":"ListItem","position":2,"name":"Shop","item":"https:\/\/www.nordshark.com\/shop\/"},{"@type":"ListItem","position":3,"name":"Italian Instagram Story Views"}]},{"@type":"WebSite","@id":"https:\/\/www.nordshark.com\/#website","url":"https:\/\/www.nordshark.com\/","name":"Nordshark","description":"","potentialAction":[{"@type":"SearchAction","target":{"@type":"EntryPoint","urlTemplate":"https:\/\/www.nordshark.com\/?s={search_term_string}"},"query-input":{"@type":"PropertyValueSpecification","valueRequired":true,"valueName":"search_term_string"}}],"inLanguage":"de"}]},"og_availability":"instock","product_availability":"instock","product_condition":"new"},"_links":{"self":[{"href":"https:\/\/www.nordshark.com\/de\/wp-json\/wp\/v2\/product\/430","targetHints":{"allow":["GET"]}}],"collection":[{"href":"https:\/\/www.nordshark.com\/de\/wp-json\/wp\/v2\/product"}],"about":[{"href":"https:\/\/www.nordshark.com\/de\/wp-json\/wp\/v2\/types\/product"}],"replies":[{"embeddable":true,"href":"https:\/\/www.nordshark.com\/de\/wp-json\/wp\/v2\/comments?post=430"}],"wp:featuredmedia":[{"embeddable":true,"href":"https:\/\/www.nordshark.com\/de\/wp-json\/wp\/v2\/media\/805"}],"wp:attachment":[{"href":"https:\/\/www.nordshark.com\/de\/wp-json\/wp\/v2\/media?parent=430"}],"wp:term":[{"taxonomy":"product_cat","embeddable":true,"href":"https:\/\/www.nordshark.com\/de\/wp-json\/wp\/v2\/product_cat?post=430"},{"taxonomy":"product_tag","embeddable":true,"href":"https:\/\/www.nordshark.com\/de\/wp-json\/wp\/v2\/product_tag?post=430"}],"curies":[{"name":"wp","href":"https:\/\/api.w.org\/{rel}","templated":true}]}}