{"id":404,"date":"2024-02-17T23:36:50","date_gmt":"2024-02-17T22:36:50","guid":{"rendered":"https:\/\/www.nordshark.com\/?post_type=product&#038;p=404"},"modified":"2024-10-20T12:35:59","modified_gmt":"2024-10-20T11:35:59","slug":"buy-instagram-story-views","status":"publish","type":"product","link":"https:\/\/www.nordshark.com\/de\/product\/instagram-story-views-kaufen\/","title":{"rendered":"Instagram Story Views"},"content":{"rendered":"<div id=\"fws_69fb6049d9c00\"  data-column-margin=\"default\" data-midnight=\"dark\" data-top-percent=\"8%\"  class=\"wpb_row vc_row-fluid vc_row full-width-section  right_padding_10pct left_padding_10pct\"  style=\"padding-top: calc(100vw * 0.08); padding-bottom: 0px; \"><div class=\"row-bg-wrap\" data-bg-animation=\"none\" data-bg-animation-delay=\"\" data-bg-overlay=\"false\"><div class=\"inner-wrap row-bg-layer\" ><div class=\"row-bg viewport-desktop\"  style=\"\"><\/div><\/div><\/div><div class=\"row_col_wrap_12 col span_12 dark left\">\n\t<div  class=\"vc_col-sm-12 wpb_column column_container vc_column_container col no-extra-padding inherit_tablet inherit_phone\"  data-padding-pos=\"all\" data-has-bg-color=\"false\" data-bg-color=\"\" data-bg-opacity=\"1\" data-animation=\"\" data-delay=\"0\" >\n\t\t<div class=\"vc_column-inner\" >\n\t\t\t<div class=\"wpb_wrapper\">\n\t\t\t\t<div id=\"fws_69fb6049d9cd3\" data-midnight=\"\" data-column-margin=\"default\" class=\"wpb_row vc_row-fluid vc_row inner_row\"  style=\"padding-bottom: 4%; \"><div class=\"row-bg-wrap\"> <div class=\"row-bg\" ><\/div> <\/div><div class=\"row_col_wrap_12_inner col span_12  left\">\n\t<div  class=\"vc_col-sm-12 wpb_column column_container vc_column_container col child_column centered-text no-extra-padding inherit_tablet inherit_phone\"   data-padding-pos=\"all\" data-has-bg-color=\"false\" data-bg-color=\"\" data-bg-opacity=\"1\" data-animation=\"\" data-delay=\"0\" >\n\t\t<div class=\"vc_column-inner\" >\n\t\t<div class=\"wpb_wrapper\">\n\t\t\t<div class=\"nectar-highlighted-text font_size_2vw font_size_tablet_6vw font_line_height_1-0\" data-style=\"none\" data-exp=\"default\" data-using-custom-color=\"false\" data-animation-delay=\"false\" data-color=\"\" data-color-gradient=\"\" style=\"\"><h3>H\u00e4ufig gestellte Fragen<\/h3>\n<\/div>\n\t\t<\/div> \n\t<\/div>\n\t<\/div> \n<\/div><\/div>\n\t\t\t<\/div> \n\t\t<\/div>\n\t<\/div> \n<\/div><\/div>\n\t\t<div id=\"fws_69fb6049d9dce\"  data-column-margin=\"custom\" data-midnight=\"dark\" data-top-percent=\"3%\" data-bottom-percent=\"3%\"  class=\"wpb_row vc_row-fluid vc_row full-width-content vc_row-o-equal-height vc_row-flex vc_row-o-content-middle  right_padding_7vw left_padding_7vw column-margin-7vw top_padding_phone_10pct bottom_padding_phone_10pct\"  style=\"padding-top: calc(100vw * 0.03); padding-bottom: calc(100vw * 0.03); \"><div class=\"row-bg-wrap\" data-bg-animation=\"none\" data-bg-animation-delay=\"\" data-bg-overlay=\"false\"><div class=\"inner-wrap row-bg-layer\" ><div class=\"row-bg viewport-desktop using-bg-color\"  style=\"background-color: #f8f8f8; \"><\/div><\/div><\/div><div class=\"row_col_wrap_12 col span_12 dark left\">\n\t<div  class=\"vc_col-sm-6 wpb_column column_container vc_column_container col left_padding_desktop_2vw\"  data-padding-pos=\"all\" data-has-bg-color=\"false\" data-bg-color=\"\" data-bg-opacity=\"1\" data-animation=\"\" data-delay=\"0\" >\n\t\t<div class=\"vc_column-inner\" >\n\t\t\t<div class=\"wpb_wrapper\">\n\t\t\t\t<div class=\"toggles accordion\" data-br=\"\" data-starting=\"default\" data-style=\"minimal\"><div class=\"toggle accent-color\" data-inner-wrap=\"true\"><h3 class=\"toggle-title\"><a href=\"#\" role=\"button\" class=\"nectar-inherit-h4 toggle-heading\"><i role=\"presentation\" class=\"fa fa-plus-circle\"><\/i>Warum sollte man Instagram Story Views kaufen?<\/a><\/h3><div><div class=\"inner-toggle-wrap\">\n<div class=\"wpb_text_column wpb_content_element\" >\n\t<div class=\"wpb_wrapper\">\n\t\t<p>Die Erh\u00f6hung der Anzahl der Instagram Story Views kann die Sichtbarkeit und Reichweite deines Inhalts erh\u00f6hen. Es hilft, das Engagement zu steigern und sicherzustellen, dass deine Stories von einer breiteren Zielgruppe gesehen werden. Dies kann besonders n\u00fctzlich sein, um neue Follower zu gewinnen, das Bewusstsein f\u00fcr deine Marke zu verbessern oder einfach deine Online-Pr\u00e4senz zu steigern.<\/p>\n\t<\/div>\n<\/div>\n\n\n\n<\/div><\/div><\/div><div class=\"toggle accent-color\" data-inner-wrap=\"true\"><h3 class=\"toggle-title\"><a href=\"#\" role=\"button\" class=\"nectar-inherit-h4 toggle-heading\"><i role=\"presentation\" class=\"fa fa-plus-circle\"><\/i>Wie lange dauert die Lieferung von Instagram Story Views?<\/a><\/h3><div><div class=\"inner-toggle-wrap\">\n<div class=\"wpb_text_column wpb_content_element\" >\n\t<div class=\"wpb_wrapper\">\n\t\t<p>Die Lieferung von Instagram Story Views erfolgt in der Regel sehr schnell. Sobald deine Bestellung best\u00e4tigt wurde, beginnen wir sofort mit der Auslieferung der Views. Die meisten Kunden bemerken innerhalb von 1 Stunde eine deutliche Steigerung der Views. Die genaue Zeit kann jedoch je nach bestellter Menge variieren.<\/p>\n\t<\/div>\n<\/div>\n\n\n\n<\/div><\/div><\/div><div class=\"toggle accent-color\" data-inner-wrap=\"true\"><h3 class=\"toggle-title\"><a href=\"#\" role=\"button\" class=\"nectar-inherit-h4 toggle-heading\"><i role=\"presentation\" class=\"fa fa-plus-circle\"><\/i>Wie ist die Qualit\u00e4t der Accounts, die die Ansichten bieten?<\/a><\/h3><div><div class=\"inner-toggle-wrap\">\n<div class=\"wpb_text_column wpb_content_element\" >\n\t<div class=\"wpb_wrapper\">\n\t\t<p>Wir legen Wert auf Qualit\u00e4t und stellen sicher, dass die Aufrufe von echten und aktiven Instagram-Accounts stammen. Unsere Dienstleistungen sind darauf ausgelegt, Ihnen einen nat\u00fcrlichen und authentischen Anstieg der Story-Aufrufe zu bieten, ohne Ihr Konto zu gef\u00e4hrden. Wir verwenden keine Bots oder falsche Konten, um die Aufrufe zu generieren.<\/p>\n\t<\/div>\n<\/div>\n\n\n\n<\/div><\/div><\/div><\/div>\n\n\n\n\n\n\n\n\n\n\n\n\n\n\n\n\n\n\n\n\n\t\t\t<\/div> \n\t\t<\/div>\n\t<\/div> \n\n\t<div  class=\"vc_col-sm-6 vc_hidden-sm vc_hidden-xs wpb_column column_container vc_column_container col top_margin_tablet_10pct right_padding_desktop_2vw\"  data-padding-pos=\"all\" data-has-bg-color=\"false\" data-bg-color=\"\" data-bg-opacity=\"1\" data-animation=\"\" data-delay=\"0\" >\n\t\t<div class=\"vc_column-inner\" >\n\t\t\t<div class=\"wpb_wrapper\">\n\t\t\t\t<div id=\"fws_69fb6049d9faa\" data-midnight=\"\" data-column-margin=\"default\" class=\"wpb_row vc_row-fluid vc_row inner_row\"  style=\"\"><div class=\"row-bg-wrap\"> <div class=\"row-bg\" ><\/div> <\/div><div class=\"row_col_wrap_12_inner col span_12  left\">\n\t<div  class=\"vc_col-sm-12 wpb_column column_container vc_column_container col child_column col-overflow-hidden mask_shape_circle-rect mask_size_contain top_padding_desktop_20pct bottom_padding_desktop_20pct\"   data-border-radius=\"15px\" data-video-bg=\"true\" data-overlay-color=\"true\" data-padding-pos=\"all\" data-has-bg-color=\"false\" data-bg-color=\"\" data-bg-opacity=\"1\" data-animation=\"\" data-delay=\"0\" >\n\t\t<div class=\"vc_column-inner\" >\n  <div class=\"nectar-video-wrap column-bg-layer column-video\">\n        <video class=\"nectar-video-bg\" width=\"1800\" height=\"700\" preload=\"auto\" loop autoplay muted playsinline><source src=\"https:\/\/www.nordshark.com\/wp-content\/uploads\/2024\/02\/faq2.mp4\"  type=\"video\/mp4\"><\/video><\/div><div class=\"column-bg-overlay-wrap column-bg-layer\" data-bg-animation=\"none\"><div class=\"column-bg-overlay\"><\/div><div class=\"column-overlay-layer\" style=\"\"><\/div><\/div>\n\t\t<div class=\"wpb_wrapper\">\n\t\t\t\n\t\t<\/div> \n\t<\/div>\n\t<\/div> \n<\/div><\/div>\n\t\t\t<\/div> \n\t\t<\/div>\n\t<\/div> \n<\/div><\/div>\n\t\t<div id=\"fws_69fb6049da039\"  data-column-margin=\"default\" data-midnight=\"dark\" data-top-percent=\"5%\" data-bottom-percent=\"5%\"  class=\"wpb_row vc_row-fluid vc_row  right_padding_5pct left_padding_5pct\"  style=\"padding-top: calc(100vw * 0.05); padding-bottom: calc(100vw * 0.05); \"><div class=\"row-bg-wrap\" data-bg-animation=\"none\" data-bg-animation-delay=\"\" data-bg-overlay=\"false\"><div class=\"inner-wrap row-bg-layer\" ><div class=\"row-bg viewport-desktop\"  style=\"\"><\/div><\/div><\/div><div class=\"row_col_wrap_12 col span_12 dark left\">\n\t<div  class=\"vc_col-sm-12 wpb_column column_container vc_column_container col no-extra-padding inherit_tablet inherit_phone\"  data-padding-pos=\"all\" data-has-bg-color=\"false\" data-bg-color=\"\" data-bg-opacity=\"1\" data-animation=\"\" data-delay=\"0\" >\n\t\t<div class=\"vc_column-inner\" >\n\t\t\t<div class=\"wpb_wrapper\">\n\t\t\t\t\n<div class=\"wpb_text_column wpb_content_element\" >\n\t<div class=\"wpb_wrapper\">\n\t\t<h1>Steigere deine Instagram Story Views mit Nordshark<\/h1>\n<p>Hast du Schwierigkeiten, mehr Aufrufe auf deinen Instagram Stories zu bekommen? Da bist du bei uns genau richtig! Nordshark hat die L\u00f6sung f\u00fcr dich parat. Mit unserem erstklassigen Service kannst du ganz einfach die Anzahl der Aufrufe deiner Instagram Stories erh\u00f6hen und ein gr\u00f6\u00dferes Publikum erreichen. Verpasse nicht diese Gelegenheit, um deine Pr\u00e4senz in den sozialen Medien zu verbessern und deine Stories hervorstechen zu lassen.<\/p>\n<h2>Warum Instagram Story Views kaufen?<\/h2>\n<p>Instagram Stories sind zu einem integralen Bestandteil der Engagement-Strategie der Plattform geworden. Sie bieten eine einzigartige und tempor\u00e4re M\u00f6glichkeit, mit deinem Publikum zu interagieren. Es kann jedoch eine Herausforderung sein, mehr Ansichten f\u00fcr deine Stories zu bekommen, besonders wenn dein Account noch w\u00e4chst oder wenn du gerade erst in der Welt des Instagram-Marketings anf\u00e4ngst.<\/p>\n<p>Wenn du Instagram Story Views bei Nordshark kaufst, kannst du deine Sichtbarkeit effektiv steigern und mehr organische Zuschauer anlocken. Mit mehr Views haben deine Stories eine h\u00f6here Chance, auf der Entdecken-Seite vorgestellt zu werden, was zu noch mehr Sichtbarkeit und potenziellen Followern f\u00fchrt.<\/p>\n<h2>Wie funktioniert Nordshark?<\/h2>\n<p>Nordshark macht den Prozess des Kaufs von Instagram Story Views einfach und unkompliziert. Wir haben eine benutzerfreundliche Oberfl\u00e4che, die es Ihnen erm\u00f6glicht, die Anzahl der Views auszuw\u00e4hlen, die Sie m\u00f6chten, und Ihren Kauf mit nur wenigen Klicks abzuschlie\u00dfen.<\/p>\n<p>So funktioniert's:<\/p>\n<ol>\n<li>W\u00e4hle das Paket, das am besten zu deinen Bed\u00fcrfnissen passt. Wir bieten verschiedene Optionen basierend auf der Anzahl der Aufrufe, die du kaufen m\u00f6chtest.<\/li>\n<li>Gib uns deinen Instagram-Benutzernamen oder die URL der Story, die du pushen m\u00f6chtest.<\/li>\n<li>W\u00e4hle deine bevorzugte Zahlungsmethode aus und gehe zur Kasse.<\/li>\n<li>Sobald deine Zahlung best\u00e4tigt ist, werden wir damit beginnen, die Aufrufe zu deiner ausgew\u00e4hlten Story zu liefern.<\/li>\n<\/ol>\n<p>Bei Nordshark haben die Privatsph\u00e4re und Sicherheit unserer Kunden h\u00f6chste Priorit\u00e4t. Du kannst sicher sein, dass deine Informationen sicher behandelt werden und niemals an Dritte weitergegeben werden.<\/p>\n<h2>Warum Nordshark w\u00e4hlen?<\/h2>\n<p>Nordshark ist nicht einfach ein gew\u00f6hnlicher Instagram-Story-Views-Anbieter. Wir haben uns einen Ruf f\u00fcr die Bereitstellung hochwertiger Views und au\u00dfergew\u00f6hnlichen Kundenservice aufgebaut. Hier sind einige Gr\u00fcnde, warum du uns w\u00e4hlen solltest:<\/p>\n<ul>\n<li>Schneller und zuverl\u00e4ssiger Service: Wir verstehen, dass Zeit entscheidend ist, also stellen wir sicher, dass wir Ihre Ansichten zeitnah liefern.<\/li>\n<li>Echte und mitrei\u00dfende Ansichten: Unsere Ansichten stammen von echten und aktiven Instagram-Benutzern und sorgen f\u00fcr echtes Engagement mit Ihrem Inhalt.<\/li>\n<li>Bezahlbare Preise: Wir bieten wettbewerbsf\u00e4hige Preisoptionen an, die verschiedenen Budgetbereichen entgegenkommen.<\/li>\n<li>24\/7 Kundensupport: Unser engagiertes Support-Team ist rund um die Uhr verf\u00fcgbar, um alle Anliegen oder Fragen zu beantworten, die du haben k\u00f6nntest.<\/li>\n<li>Zufriedenheitsgarantie: Wir geben unser Bestes, um allen unseren Kunden eine positive Erfahrung zu bieten. Falls du mit unserem Service nicht zufrieden bist, bieten wir eine Geld-zur\u00fcck-Garantie an.<\/li>\n<\/ul>\n<p>Verpasse nicht die Gelegenheit, die Anzahl deiner Instagram-Story-Views zu steigern. Gib noch heute deine Bestellung bei Nordshark auf und bringe deine Instagram-Marketingbem\u00fchungen auf das n\u00e4chste Level!<\/p>\n\t<\/div>\n<\/div>\n\n\n\n\n\t\t\t<\/div> \n\t\t<\/div>\n\t<\/div> \n<\/div><\/div>\n\t\t<div id=\"fws_69fb6049da11f\"  data-column-margin=\"default\" data-midnight=\"light\" data-top-percent=\"10%\" data-bottom-percent=\"10%\"  class=\"wpb_row vc_row-fluid vc_row full-width-content vc_row-o-equal-height vc_row-flex vc_row-o-content-top  zindex-set mobile-disable-bg-image-animation right_padding_8pct left_padding_8pct nectar-overflow-hidden top_padding_phone_25pct bottom_padding_phone_25pct\"  style=\"padding-top: calc(100vw * 0.10); padding-bottom: calc(100vw * 0.10);  z-index: 100;\"><div class=\"row-bg-wrap\" data-bg-animation=\"fade-in\" data-bg-animation-delay=\"\" data-bg-overlay=\"true\"><div class=\"inner-wrap row-bg-layer\" style=\"background-color: #2b323a;\" ><div class=\"row-bg viewport-desktop using-bg-color\"  style=\"background-color: #2b323a; \"><\/div><\/div><div class=\"row-bg-overlay row-bg-layer\" style=\"background-color:rgba(0,0,0,0.78);  opacity: 0.8; \"><\/div><\/div>\n\t\t\t<div class=\"video-color-overlay row-bg-layer\" data-color=\"\"><\/div>\n\t\t\t\n\t\t\t<div class=\"nectar-video-wrap row-bg-layer\" data-bg-alignment=\"\">\n\t\t\t\t<div class=\"nectar-video-inner\">\n\t\t\t\t<video class=\"nectar-video-bg\" width=\"1800\" height=\"700\" preload=\"auto\" loop autoplay muted playsinline><source src=\"https:\/\/www.nordshark.com\/wp-content\/uploads\/2024\/02\/AdobeStock_454354002.mp4\"  type=\"video\/mp4\"><\/video>    \t\t<\/div>\n\t\t\t <\/div>\n\n\t\t\t<div class=\"row_col_wrap_12 col span_12 light left\">\n\t<div  class=\"vc_col-sm-12 wpb_column column_container vc_column_container col no-extra-padding column_position_static el_spacing_0px inherit_tablet inherit_phone\"  data-padding-pos=\"top-bottom\" data-has-bg-color=\"false\" data-bg-color=\"\" data-bg-opacity=\"1\" data-animation=\"\" data-delay=\"0\" >\n\t\t<div class=\"vc_column-inner\" >\n\t\t\t<div class=\"wpb_wrapper\">\n\t\t\t\t<div id=\"fws_69fb6049da18e\" data-midnight=\"\" data-column-margin=\"none\" class=\"wpb_row vc_row-fluid vc_row inner_row  right_padding_13vw left_padding_13vw\"  style=\" z-index: 10;\"><div class=\"row-bg-wrap\"> <div class=\"row-bg\" ><\/div> <\/div><div class=\"row_col_wrap_12_inner col span_12  left\">\n\t<div  class=\"vc_col-sm-12 wpb_column column_container vc_column_container col child_column centered-text no-extra-padding inherit_tablet inherit_phone\"   data-padding-pos=\"all\" data-has-bg-color=\"false\" data-bg-color=\"\" data-bg-opacity=\"1\" data-animation=\"\" data-delay=\"0\" >\n\t\t<div class=\"vc_column-inner\" >\n\t\t<div class=\"wpb_wrapper\">\n\t\t\t<div class=\"nectar-split-heading  font_size_9vw font_size_tablet_10vw font_line_height_0-95\" data-align=\"left\" data-m-align=\"inherit\" data-text-effect=\"letter-reveal-bottom\" data-animation-type=\"line-reveal-by-space\" data-animation-delay=\"150\" data-animation-offset=\"\" data-m-rm-animation=\"true\" data-stagger=\"true\" data-custom-font-size=\"true\" style=\"font-size: 9vw; line-height: 9.9vw;\"><h1 >Der Beste.<\/h1><\/div>\n\t\t<\/div> \n\t<\/div>\n\t<\/div> \n<\/div><\/div>\n\t\t\t<\/div> \n\t\t<\/div>\n\t<\/div> \n<\/div><\/div>","protected":false},"excerpt":{"rendered":"<p>\u2714 Echte hochwertige Konten<br \/>\n\u2714 Schnelle Lieferung!<br \/>\n\u2714 Einmalzahlungen \u2013 Kein Abonnement<\/p>\n<p>F\u00fcr <strong>International<\/strong> Story Views <strong><span style=\"color: #0000ff;\"><a style=\"color: #0000ff;\" href=\"\/de\/product\/instagram-story-views-kaufen\/\">Klick hier<\/a><\/span><\/strong><\/p>\n<p>&nbsp;<\/p>","protected":false},"featured_media":803,"comment_status":"open","ping_status":"closed","template":"","meta":{"inline_featured_image":false},"product_cat":[29,44,32],"product_tag":[33],"class_list":{"0":"post-404","1":"product","2":"type-product","3":"status-publish","4":"has-post-thumbnail","6":"product_cat-instagram","7":"product_cat-instagram-story-views","8":"product_cat-social-store","9":"product_tag-instagram-link","11":"first","12":"instock","13":"sale","14":"sold-individually","15":"shipping-taxable","16":"purchasable","17":"product-type-variable","18":"has-default-attributes"},"yoast_head":"<!-- This site is optimized with the Yoast SEO Premium plugin v23.6 (Yoast SEO v24.1) - https:\/\/yoast.com\/wordpress\/plugins\/seo\/ -->\n<title>Buy Instagram Story Views - Boost Your Stories<\/title>\n<meta name=\"description\" content=\"Looking to buy Instagram Story Views? Increase your story&#039;s visibility with real views. Explore our affordable packages now!\" \/>\n<meta name=\"robots\" content=\"index, follow, max-snippet:-1, max-image-preview:large, max-video-preview:-1\" \/>\n<link rel=\"canonical\" href=\"https:\/\/www.nordshark.com\/de\/product\/instagram-story-views-kaufen\/\" \/>\n<meta property=\"og:locale\" content=\"de_DE\" \/>\n<meta property=\"og:type\" content=\"article\" \/>\n<meta property=\"og:title\" content=\"Instagram Story Views\" \/>\n<meta property=\"og:description\" content=\"Looking to buy Instagram Story Views? Increase your story&#039;s visibility with real views. Explore our affordable packages now!\" \/>\n<meta property=\"og:url\" content=\"https:\/\/www.nordshark.com\/de\/product\/instagram-story-views-kaufen\/\" \/>\n<meta property=\"og:site_name\" content=\"Nordshark\" \/>\n<meta property=\"article:modified_time\" content=\"2024-10-20T11:35:59+00:00\" \/>\n<meta property=\"og:image\" content=\"https:\/\/www.nordshark.com\/wp-content\/uploads\/2024\/02\/International.Storyviews.jpg\" \/>\n\t<meta property=\"og:image:width\" content=\"800\" \/>\n\t<meta property=\"og:image:height\" content=\"800\" \/>\n\t<meta property=\"og:image:type\" content=\"image\/jpeg\" \/>\n<meta name=\"twitter:card\" content=\"summary_large_image\" \/>\n<meta name=\"twitter:label1\" content=\"Verf\u00fcgbarkeit\" \/>\n\t<meta name=\"twitter:data1\" content=\"Auf Lager\" \/>\n<script type=\"application\/ld+json\" class=\"yoast-schema-graph\">{\"@context\":\"https:\/\/schema.org\",\"@graph\":[{\"@type\":\"WebPage\",\"@id\":\"https:\/\/www.nordshark.com\/product\/buy-instagram-story-views\/\",\"url\":\"https:\/\/www.nordshark.com\/product\/buy-instagram-story-views\/\",\"name\":\"Buy Instagram Story Views - Boost Your Stories\",\"isPartOf\":{\"@id\":\"https:\/\/www.nordshark.com\/#website\"},\"primaryImageOfPage\":{\"@id\":\"https:\/\/www.nordshark.com\/product\/buy-instagram-story-views\/#primaryimage\"},\"image\":{\"@id\":\"https:\/\/www.nordshark.com\/product\/buy-instagram-story-views\/#primaryimage\"},\"thumbnailUrl\":\"https:\/\/www.nordshark.com\/wp-content\/uploads\/2024\/02\/International.Storyviews.jpg\",\"datePublished\":\"2024-02-17T22:36:50+00:00\",\"dateModified\":\"2024-10-20T11:35:59+00:00\",\"description\":\"Looking to buy Instagram Story Views? Increase your story's visibility with real views. Explore our affordable packages now!\",\"breadcrumb\":{\"@id\":\"https:\/\/www.nordshark.com\/product\/buy-instagram-story-views\/#breadcrumb\"},\"inLanguage\":\"de\",\"potentialAction\":[{\"@type\":\"ReadAction\",\"target\":[\"https:\/\/www.nordshark.com\/product\/buy-instagram-story-views\/\"]}]},{\"@type\":\"ImageObject\",\"inLanguage\":\"de\",\"@id\":\"https:\/\/www.nordshark.com\/product\/buy-instagram-story-views\/#primaryimage\",\"url\":\"https:\/\/www.nordshark.com\/wp-content\/uploads\/2024\/02\/International.Storyviews.jpg\",\"contentUrl\":\"https:\/\/www.nordshark.com\/wp-content\/uploads\/2024\/02\/International.Storyviews.jpg\",\"width\":800,\"height\":800,\"caption\":\"Buy Instagram Story Views\"},{\"@type\":\"BreadcrumbList\",\"@id\":\"https:\/\/www.nordshark.com\/product\/buy-instagram-story-views\/#breadcrumb\",\"itemListElement\":[{\"@type\":\"ListItem\",\"position\":1,\"name\":\"Home\",\"item\":\"https:\/\/www.nordshark.com\/\"},{\"@type\":\"ListItem\",\"position\":2,\"name\":\"Shop\",\"item\":\"https:\/\/www.nordshark.com\/shop\/\"},{\"@type\":\"ListItem\",\"position\":3,\"name\":\"Instagram Story Views\"}]},{\"@type\":\"WebSite\",\"@id\":\"https:\/\/www.nordshark.com\/#website\",\"url\":\"https:\/\/www.nordshark.com\/\",\"name\":\"Nordshark\",\"description\":\"\",\"potentialAction\":[{\"@type\":\"SearchAction\",\"target\":{\"@type\":\"EntryPoint\",\"urlTemplate\":\"https:\/\/www.nordshark.com\/?s={search_term_string}\"},\"query-input\":{\"@type\":\"PropertyValueSpecification\",\"valueRequired\":true,\"valueName\":\"search_term_string\"}}],\"inLanguage\":\"de\"}]}<\/script>\n<meta property=\"og:availability\" content=\"instock\" \/>\n<meta property=\"product:availability\" content=\"instock\" \/>\n<meta property=\"product:condition\" content=\"new\" \/>\n<!-- \/ Yoast SEO Premium plugin. -->","yoast_head_json":{"title":"Buy Instagram Story Views - Boost Your Stories","description":"Looking to buy Instagram Story Views? Increase your story's visibility with real views. Explore our affordable packages now!","robots":{"index":"index","follow":"follow","max-snippet":"max-snippet:-1","max-image-preview":"max-image-preview:large","max-video-preview":"max-video-preview:-1"},"canonical":"https:\/\/www.nordshark.com\/de\/product\/instagram-story-views-kaufen\/","og_locale":"de_DE","og_type":"article","og_title":"Instagram Story Views","og_description":"Looking to buy Instagram Story Views? Increase your story's visibility with real views. Explore our affordable packages now!","og_url":"https:\/\/www.nordshark.com\/de\/product\/instagram-story-views-kaufen\/","og_site_name":"Nordshark","article_modified_time":"2024-10-20T11:35:59+00:00","og_image":[{"width":800,"height":800,"url":"https:\/\/www.nordshark.com\/wp-content\/uploads\/2024\/02\/International.Storyviews.jpg","type":"image\/jpeg"}],"twitter_card":"summary_large_image","twitter_misc":{"Verf\u00fcgbarkeit":"Auf Lager"},"schema":{"@context":"https:\/\/schema.org","@graph":[{"@type":"WebPage","@id":"https:\/\/www.nordshark.com\/product\/buy-instagram-story-views\/","url":"https:\/\/www.nordshark.com\/product\/buy-instagram-story-views\/","name":"Buy Instagram Story Views - Boost Your Stories","isPartOf":{"@id":"https:\/\/www.nordshark.com\/#website"},"primaryImageOfPage":{"@id":"https:\/\/www.nordshark.com\/product\/buy-instagram-story-views\/#primaryimage"},"image":{"@id":"https:\/\/www.nordshark.com\/product\/buy-instagram-story-views\/#primaryimage"},"thumbnailUrl":"https:\/\/www.nordshark.com\/wp-content\/uploads\/2024\/02\/International.Storyviews.jpg","datePublished":"2024-02-17T22:36:50+00:00","dateModified":"2024-10-20T11:35:59+00:00","description":"Looking to buy Instagram Story Views? Increase your story's visibility with real views. Explore our affordable packages now!","breadcrumb":{"@id":"https:\/\/www.nordshark.com\/product\/buy-instagram-story-views\/#breadcrumb"},"inLanguage":"de","potentialAction":[{"@type":"ReadAction","target":["https:\/\/www.nordshark.com\/product\/buy-instagram-story-views\/"]}]},{"@type":"ImageObject","inLanguage":"de","@id":"https:\/\/www.nordshark.com\/product\/buy-instagram-story-views\/#primaryimage","url":"https:\/\/www.nordshark.com\/wp-content\/uploads\/2024\/02\/International.Storyviews.jpg","contentUrl":"https:\/\/www.nordshark.com\/wp-content\/uploads\/2024\/02\/International.Storyviews.jpg","width":800,"height":800,"caption":"Buy Instagram Story Views"},{"@type":"BreadcrumbList","@id":"https:\/\/www.nordshark.com\/product\/buy-instagram-story-views\/#breadcrumb","itemListElement":[{"@type":"ListItem","position":1,"name":"Home","item":"https:\/\/www.nordshark.com\/"},{"@type":"ListItem","position":2,"name":"Shop","item":"https:\/\/www.nordshark.com\/shop\/"},{"@type":"ListItem","position":3,"name":"Instagram Story Views"}]},{"@type":"WebSite","@id":"https:\/\/www.nordshark.com\/#website","url":"https:\/\/www.nordshark.com\/","name":"Nordshark","description":"","potentialAction":[{"@type":"SearchAction","target":{"@type":"EntryPoint","urlTemplate":"https:\/\/www.nordshark.com\/?s={search_term_string}"},"query-input":{"@type":"PropertyValueSpecification","valueRequired":true,"valueName":"search_term_string"}}],"inLanguage":"de"}]},"og_availability":"instock","product_availability":"instock","product_condition":"new"},"_links":{"self":[{"href":"https:\/\/www.nordshark.com\/de\/wp-json\/wp\/v2\/product\/404","targetHints":{"allow":["GET"]}}],"collection":[{"href":"https:\/\/www.nordshark.com\/de\/wp-json\/wp\/v2\/product"}],"about":[{"href":"https:\/\/www.nordshark.com\/de\/wp-json\/wp\/v2\/types\/product"}],"replies":[{"embeddable":true,"href":"https:\/\/www.nordshark.com\/de\/wp-json\/wp\/v2\/comments?post=404"}],"wp:featuredmedia":[{"embeddable":true,"href":"https:\/\/www.nordshark.com\/de\/wp-json\/wp\/v2\/media\/803"}],"wp:attachment":[{"href":"https:\/\/www.nordshark.com\/de\/wp-json\/wp\/v2\/media?parent=404"}],"wp:term":[{"taxonomy":"product_cat","embeddable":true,"href":"https:\/\/www.nordshark.com\/de\/wp-json\/wp\/v2\/product_cat?post=404"},{"taxonomy":"product_tag","embeddable":true,"href":"https:\/\/www.nordshark.com\/de\/wp-json\/wp\/v2\/product_tag?post=404"}],"curies":[{"name":"wp","href":"https:\/\/api.w.org\/{rel}","templated":true}]}}