{"id":345,"date":"2024-02-17T21:02:56","date_gmt":"2024-02-17T20:02:56","guid":{"rendered":"https:\/\/www.nordshark.com\/?post_type=product&#038;p=345"},"modified":"2024-03-04T14:05:35","modified_gmt":"2024-03-04T13:05:35","slug":"buy-instagram-views","status":"publish","type":"product","link":"https:\/\/www.nordshark.com\/de\/product\/instagram-views-kaufen\/","title":{"rendered":"Instagram Aufrufe"},"content":{"rendered":"<div id=\"fws_69fb608da45ac\"  data-column-margin=\"default\" data-midnight=\"dark\" data-top-percent=\"8%\"  class=\"wpb_row vc_row-fluid vc_row full-width-section  right_padding_10pct left_padding_10pct\"  style=\"padding-top: calc(100vw * 0.08); padding-bottom: 0px; \"><div class=\"row-bg-wrap\" data-bg-animation=\"none\" data-bg-animation-delay=\"\" data-bg-overlay=\"false\"><div class=\"inner-wrap row-bg-layer\" ><div class=\"row-bg viewport-desktop\"  style=\"\"><\/div><\/div><\/div><div class=\"row_col_wrap_12 col span_12 dark left\">\n\t<div  class=\"vc_col-sm-12 wpb_column column_container vc_column_container col no-extra-padding inherit_tablet inherit_phone\"  data-padding-pos=\"all\" data-has-bg-color=\"false\" data-bg-color=\"\" data-bg-opacity=\"1\" data-animation=\"\" data-delay=\"0\" >\n\t\t<div class=\"vc_column-inner\" >\n\t\t\t<div class=\"wpb_wrapper\">\n\t\t\t\t<div id=\"fws_69fb608da4687\" data-midnight=\"\" data-column-margin=\"default\" class=\"wpb_row vc_row-fluid vc_row inner_row\"  style=\"padding-bottom: 4%; \"><div class=\"row-bg-wrap\"> <div class=\"row-bg\" ><\/div> <\/div><div class=\"row_col_wrap_12_inner col span_12  left\">\n\t<div  class=\"vc_col-sm-12 wpb_column column_container vc_column_container col child_column centered-text no-extra-padding inherit_tablet inherit_phone\"   data-padding-pos=\"all\" data-has-bg-color=\"false\" data-bg-color=\"\" data-bg-opacity=\"1\" data-animation=\"\" data-delay=\"0\" >\n\t\t<div class=\"vc_column-inner\" >\n\t\t<div class=\"wpb_wrapper\">\n\t\t\t<div class=\"nectar-highlighted-text font_size_2vw font_size_tablet_6vw font_line_height_1-0\" data-style=\"none\" data-exp=\"default\" data-using-custom-color=\"false\" data-animation-delay=\"false\" data-color=\"\" data-color-gradient=\"\" style=\"\"><h3>H\u00e4ufig gestellte Fragen<\/h3>\n<\/div>\n\t\t<\/div> \n\t<\/div>\n\t<\/div> \n<\/div><\/div>\n\t\t\t<\/div> \n\t\t<\/div>\n\t<\/div> \n<\/div><\/div>\n\t\t<div id=\"fws_69fb608da47ac\"  data-column-margin=\"custom\" data-midnight=\"dark\" data-top-percent=\"3%\" data-bottom-percent=\"3%\"  class=\"wpb_row vc_row-fluid vc_row full-width-content vc_row-o-equal-height vc_row-flex vc_row-o-content-middle  right_padding_7vw left_padding_7vw column-margin-7vw top_padding_phone_10pct bottom_padding_phone_10pct\"  style=\"padding-top: calc(100vw * 0.03); padding-bottom: calc(100vw * 0.03); \"><div class=\"row-bg-wrap\" data-bg-animation=\"none\" data-bg-animation-delay=\"\" data-bg-overlay=\"false\"><div class=\"inner-wrap row-bg-layer\" ><div class=\"row-bg viewport-desktop using-bg-color\"  style=\"background-color: #f8f8f8; \"><\/div><\/div><\/div><div class=\"row_col_wrap_12 col span_12 dark left\">\n\t<div  class=\"vc_col-sm-6 wpb_column column_container vc_column_container col left_padding_desktop_2vw\"  data-padding-pos=\"all\" data-has-bg-color=\"false\" data-bg-color=\"\" data-bg-opacity=\"1\" data-animation=\"\" data-delay=\"0\" >\n\t\t<div class=\"vc_column-inner\" >\n\t\t\t<div class=\"wpb_wrapper\">\n\t\t\t\t<div class=\"toggles accordion\" data-br=\"\" data-starting=\"default\" data-style=\"minimal\"><div class=\"toggle accent-color\" data-inner-wrap=\"true\"><h3 class=\"toggle-title\"><a href=\"#\" role=\"button\" class=\"nectar-inherit-h4 toggle-heading\"><i role=\"presentation\" class=\"fa fa-plus-circle\"><\/i>Wie lange dauert es, die gekauften Views zu erhalten?<\/a><\/h3><div><div class=\"inner-toggle-wrap\">\n<div class=\"wpb_text_column wpb_content_element\" >\n\t<div class=\"wpb_wrapper\">\n\t\t<p>Die Lieferung der gekauften Ansichten beginnt normalerweise innerhalb von 0 bis 10 Minuten nach der Bearbeitung Ihrer Bestellung. Wir legen Wert auf Authentizit\u00e4t und Qualit\u00e4t, um sicherzustellen, dass Ihre Pr\u00e4senz in den sozialen Medien mit echtem Engagement verbessert wird.<\/p>\n\t<\/div>\n<\/div>\n\n\n\n<\/div><\/div><\/div><div class=\"toggle accent-color\" data-inner-wrap=\"true\"><h3 class=\"toggle-title\"><a href=\"#\" role=\"button\" class=\"nectar-inherit-h4 toggle-heading\"><i role=\"presentation\" class=\"fa fa-plus-circle\"><\/i>Warum lohnt es sich, Instagram-Aufrufe zu kaufen?<\/a><\/h3><div><div class=\"inner-toggle-wrap\">\n<div class=\"wpb_text_column wpb_content_element\" >\n\t<div class=\"wpb_wrapper\">\n\t\t<p>Den Kauf von Instagram Views kann dazu beitragen, deine Pr\u00e4senz auf der Plattform zu erweitern. Wenn du ein angehender Influencer bist, k\u00f6nnen erh\u00f6hte Views die Sichtbarkeit deines Accounts verbessern. F\u00fcr Unternehmen oder Profilinhaber erleichtert es die Bewerbung deiner Produkte oder Dienstleistungen.<\/p>\n\t<\/div>\n<\/div>\n\n\n\n<\/div><\/div><\/div><div class=\"toggle accent-color\" data-inner-wrap=\"true\"><h3 class=\"toggle-title\"><a href=\"#\" role=\"button\" class=\"nectar-inherit-h4 toggle-heading\"><i role=\"presentation\" class=\"fa fa-plus-circle\"><\/i>Sind die Ansichten von NordShark von echten und authentischen Konten?<\/a><\/h3><div><div class=\"inner-toggle-wrap\">\n<div class=\"wpb_text_column wpb_content_element\" >\n\t<div class=\"wpb_wrapper\">\n\t\t<p>Ja, NordShark bietet hochwertige Klicks von echten und aktiven Instagram-Accounts. Ihre Dienste sind bew\u00e4hrt und vertrauensw\u00fcrdig, und stellen sicher, dass die Klicks von legitimen Quellen stammen.<\/p>\n\t<\/div>\n<\/div>\n\n\n\n<\/div><\/div><\/div><\/div>\n\n\n\n\n\n\n\n\n\n\n\n\n\n\n\n\n\n\n\n\n\t\t\t<\/div> \n\t\t<\/div>\n\t<\/div> \n\n\t<div  class=\"vc_col-sm-6 vc_hidden-sm vc_hidden-xs wpb_column column_container vc_column_container col top_margin_tablet_10pct right_padding_desktop_2vw\"  data-padding-pos=\"all\" data-has-bg-color=\"false\" data-bg-color=\"\" data-bg-opacity=\"1\" data-animation=\"\" data-delay=\"0\" >\n\t\t<div class=\"vc_column-inner\" >\n\t\t\t<div class=\"wpb_wrapper\">\n\t\t\t\t<div id=\"fws_69fb608da498e\" data-midnight=\"\" data-column-margin=\"default\" class=\"wpb_row vc_row-fluid vc_row inner_row\"  style=\"\"><div class=\"row-bg-wrap\"> <div class=\"row-bg\" ><\/div> <\/div><div class=\"row_col_wrap_12_inner col span_12  left\">\n\t<div  class=\"vc_col-sm-12 wpb_column column_container vc_column_container col child_column col-overflow-hidden mask_shape_circle-rect mask_size_contain top_padding_desktop_20pct bottom_padding_desktop_20pct\"   data-border-radius=\"15px\" data-video-bg=\"true\" data-overlay-color=\"true\" data-padding-pos=\"all\" data-has-bg-color=\"false\" data-bg-color=\"\" data-bg-opacity=\"1\" data-animation=\"\" data-delay=\"0\" >\n\t\t<div class=\"vc_column-inner\" >\n  <div class=\"nectar-video-wrap column-bg-layer column-video\">\n        <video class=\"nectar-video-bg\" width=\"1800\" height=\"700\" preload=\"auto\" loop autoplay muted playsinline><source src=\"https:\/\/www.nordshark.com\/wp-content\/uploads\/2024\/02\/faq2.mp4\"  type=\"video\/mp4\"><\/video><\/div><div class=\"column-bg-overlay-wrap column-bg-layer\" data-bg-animation=\"none\"><div class=\"column-bg-overlay\"><\/div><div class=\"column-overlay-layer\" style=\"\"><\/div><\/div>\n\t\t<div class=\"wpb_wrapper\">\n\t\t\t\n\t\t<\/div> \n\t<\/div>\n\t<\/div> \n<\/div><\/div>\n\t\t\t<\/div> \n\t\t<\/div>\n\t<\/div> \n<\/div><\/div>\n\t\t<div id=\"fws_69fb608da4a22\"  data-column-margin=\"default\" data-midnight=\"dark\" data-top-percent=\"5%\" data-bottom-percent=\"5%\"  class=\"wpb_row vc_row-fluid vc_row  right_padding_5pct left_padding_5pct\"  style=\"padding-top: calc(100vw * 0.05); padding-bottom: calc(100vw * 0.05); \"><div class=\"row-bg-wrap\" data-bg-animation=\"none\" data-bg-animation-delay=\"\" data-bg-overlay=\"false\"><div class=\"inner-wrap row-bg-layer\" ><div class=\"row-bg viewport-desktop\"  style=\"\"><\/div><\/div><\/div><div class=\"row_col_wrap_12 col span_12 dark left\">\n\t<div  class=\"vc_col-sm-12 wpb_column column_container vc_column_container col no-extra-padding inherit_tablet inherit_phone\"  data-padding-pos=\"all\" data-has-bg-color=\"false\" data-bg-color=\"\" data-bg-opacity=\"1\" data-animation=\"\" data-delay=\"0\" >\n\t\t<div class=\"vc_column-inner\" >\n\t\t\t<div class=\"wpb_wrapper\">\n\t\t\t\t\n<div class=\"wpb_text_column wpb_content_element\" >\n\t<div class=\"wpb_wrapper\">\n\t\t<h1>Hole dir mehr Sichtbarkeit auf Instagram: Kaufe Instagram Views mit Nordshark.<\/h1>\n<p>Willkommen bei Nordshark, deinem ultimativen Ziel, um deine Instagram-Pr\u00e4senz zu boosten. Wenn du deine Sichtbarkeit erh\u00f6hen und deine Instagram-Followerzahl steigern m\u00f6chtest, bist du hier an der richtigen Stelle. Mit unseren erstklassigen Services kannst du Instagram-Views kaufen und dein Profil auf neue H\u00f6hen bringen.<\/p>\n<h2>Warum Instagram Views kaufen?<\/h2>\n<p>Instagram ist eine mega-beliebte Social-Media-Plattform mit Millionen von Nutzern weltweit. Bei so viel Konkurrenz kann es schwierig sein, aus der Menge herauszustechen. Da kommt der Kauf von Instagram-Views ins Spiel, der einen sp\u00fcrbaren Unterschied machen kann. Hier ist warum:<\/p>\n<ul>\n<li><strong>Verbesserte Glaubw\u00fcrdigkeit:<\/strong>\u00a0Wenn deine Instagram-Videos viele Aufrufe haben, entsteht der Eindruck, dass dein Inhalt beliebt und ansprechend ist. Leute neigen eher dazu, Konten mit einer gro\u00dfen Anzahl an Aufrufen zu vertrauen und ihnen zu folgen.<\/li>\n<li><strong>Mehr Reichweite:<\/strong>\u00a0H\u00f6here Aufrufzahlen k\u00f6nnen dazu beitragen, die Sichtbarkeit deines Beitrags im Instagram-Algorithmus zu steigern, was wahrscheinlicher macht, dass er auf der Entdecken-Seite oder in den Feeds der Nutzer erscheint. Das kann zu organischem Wachstum f\u00fchren und mehr Follower anziehen.<\/li>\n<li><strong>Verbesserte Interaktion:<\/strong>\u00a0Wenn Benutzer hohe Anzahl von Aufrufen sehen, werden sie eher deine Videos ansehen und sich mit deinem Inhalt besch\u00e4ftigen. Dadurch kann es zu mehr Likes, Kommentaren und Shares kommen, was deine Sichtbarkeit auf der Plattform weiter erh\u00f6ht.<\/li>\n<\/ul>\n<h2>Warum Nordshark w\u00e4hlen?<\/h2>\n<p>Bei Nordshark legen wir Wert auf Qualit\u00e4t und Kundenzufriedenheit. Hier ist, warum du unsere Dienstleistungen w\u00e4hlen solltest:<\/p>\n<ol>\n<li><strong>Echte Aufrufe:<\/strong>\u00a0Wir bieten echte, hochwertige Views von echten Instagram-Nutzern an. Du kannst sicher sein, dass deine Views von realen Accounts stammen, was zur Glaubw\u00fcrdigkeit deines Profils beitr\u00e4gt.<\/li>\n<li><strong>Schnelle Lieferung:<\/strong>\u00a0Wir verstehen den Wunsch nach schnellen Ergebnissen. Unsere Lieferzeit ist prompt, um sicherzustellen, dass du deine Instagram-Aufrufe zeitnah erh\u00e4ltst.<\/li>\n<li><strong>Bezahlbare Preise:<\/strong>\u00a0Unsere Services sind preislich wettbewerbsf\u00e4hig und passen zu verschiedenen Budgets. Wir bieten verschiedene Pakete an, die speziell auf deine Bed\u00fcrfnisse zugeschnitten sind und sicherstellen, dass du das beste Preis-Leistungs-Verh\u00e4ltnis erh\u00e4ltst.<\/li>\n<li><strong>Sicher und vertraulich:<\/strong>\u00a0Wir achten auf deine Privatsph\u00e4re. Deine Informationen und Kontodetails sind bei uns sicher. Wir ben\u00f6tigen keine Anmeldedaten, um den Vorgang unkompliziert zu gestalten.<\/li>\n<li><strong>24\/7 Kundensupport:<\/strong>\u00a0Unser engagiertes Support-Team ist rund um die Uhr f\u00fcr dich da, um dir bei allen Fragen und Anliegen zu helfen. Wir geben unser Bestes, um dir bei jedem Schritt einen exzellenten Kundenservice zu bieten.<\/li>\n<\/ol>\n<h2>Wie du Instagram Views mit Nordshark kaufen kannst<\/h2>\n<p>Das Kaufen von Instagram-Aufrufen mit Nordshark ist einfach und problemlos. Folge diesen Schritten, um deine Instagram-Sichtbarkeit zu erh\u00f6hen:<\/p>\n<ol>\n<li>Besuche unsere Website unter\u00a0<a href=\"https:\/\/www.nordshark.com\/de\/\">https:\/\/nordshark.com<\/a>\u00a0und gehe zu unserem Instagram Views Bereich.<\/li>\n<li>W\u00e4hle das Paket, das am besten zu deinen Bed\u00fcrfnissen passt. Wir bieten eine Auswahl an Optionen, damit du die Anzahl der Views w\u00e4hlen kannst, die du m\u00f6chtest.<\/li>\n<li>Gib den Link zu deinem Instagram-Video an oder gib deinen Profil-Benutzernamen ein.<\/li>\n<li>Gehe zur Kasse und schlie\u00dfe den Bezahlvorgang ab.<\/li>\n<li>Lehn dich zur\u00fcck und schau zu, wie sich deine Instagram Views auf nat\u00fcrliche Weise erh\u00f6hen, w\u00e4hrend unser Team deine Bestellung ausf\u00fchrt.<\/li>\n<\/ol>\n<p>Mit Nordshark kannst du Instagram-Ansichten kaufen und dein Instagram-Profil auf ein neues Level bringen. Steigere deine Sichtbarkeit, st\u00e4rke deine Glaubw\u00fcrdigkeit und ziehe mit unseren hochwertigen Services mehr Follower an. Verpasse nicht die Chance, einen bleibenden Eindruck auf der weltweit gr\u00f6\u00dften visuellen Plattform zu hinterlassen. Starte noch heute mit Nordshark!<\/p>\n\t<\/div>\n<\/div>\n\n\n\n\n\t\t\t<\/div> \n\t\t<\/div>\n\t<\/div> \n<\/div><\/div>\n\t\t<div id=\"fws_69fb608da4b37\"  data-column-margin=\"default\" data-midnight=\"light\" data-top-percent=\"10%\" data-bottom-percent=\"10%\"  class=\"wpb_row vc_row-fluid vc_row full-width-content vc_row-o-equal-height vc_row-flex vc_row-o-content-top  zindex-set mobile-disable-bg-image-animation right_padding_8pct left_padding_8pct nectar-overflow-hidden top_padding_phone_25pct bottom_padding_phone_25pct\"  style=\"padding-top: calc(100vw * 0.10); padding-bottom: calc(100vw * 0.10);  z-index: 100;\"><div class=\"row-bg-wrap\" data-bg-animation=\"fade-in\" data-bg-animation-delay=\"\" data-bg-overlay=\"true\"><div class=\"inner-wrap row-bg-layer\" style=\"background-color: #2b323a;\" ><div class=\"row-bg viewport-desktop using-bg-color\"  style=\"background-color: #2b323a; \"><\/div><\/div><div class=\"row-bg-overlay row-bg-layer\" style=\"background-color:rgba(0,0,0,0.78);  opacity: 0.8; \"><\/div><\/div>\n\t\t\t<div class=\"video-color-overlay row-bg-layer\" data-color=\"\"><\/div>\n\t\t\t\n\t\t\t<div class=\"nectar-video-wrap row-bg-layer\" data-bg-alignment=\"\">\n\t\t\t\t<div class=\"nectar-video-inner\">\n\t\t\t\t<video class=\"nectar-video-bg\" width=\"1800\" height=\"700\" preload=\"auto\" loop autoplay muted playsinline><source src=\"https:\/\/www.nordshark.com\/wp-content\/uploads\/2024\/02\/AdobeStock_454354002.mp4\"  type=\"video\/mp4\"><\/video>    \t\t<\/div>\n\t\t\t <\/div>\n\n\t\t\t<div class=\"row_col_wrap_12 col span_12 light left\">\n\t<div  class=\"vc_col-sm-12 wpb_column column_container vc_column_container col no-extra-padding column_position_static el_spacing_0px inherit_tablet inherit_phone\"  data-padding-pos=\"top-bottom\" data-has-bg-color=\"false\" data-bg-color=\"\" data-bg-opacity=\"1\" data-animation=\"\" data-delay=\"0\" >\n\t\t<div class=\"vc_column-inner\" >\n\t\t\t<div class=\"wpb_wrapper\">\n\t\t\t\t<div id=\"fws_69fb608da4ba8\" data-midnight=\"\" data-column-margin=\"none\" class=\"wpb_row vc_row-fluid vc_row inner_row  right_padding_13vw left_padding_13vw\"  style=\" z-index: 10;\"><div class=\"row-bg-wrap\"> <div class=\"row-bg\" ><\/div> <\/div><div class=\"row_col_wrap_12_inner col span_12  left\">\n\t<div  class=\"vc_col-sm-12 wpb_column column_container vc_column_container col child_column centered-text no-extra-padding inherit_tablet inherit_phone\"   data-padding-pos=\"all\" data-has-bg-color=\"false\" data-bg-color=\"\" data-bg-opacity=\"1\" data-animation=\"\" data-delay=\"0\" >\n\t\t<div class=\"vc_column-inner\" >\n\t\t<div class=\"wpb_wrapper\">\n\t\t\t<div class=\"nectar-split-heading  font_size_9vw font_size_tablet_10vw font_line_height_0-95\" data-align=\"left\" data-m-align=\"inherit\" data-text-effect=\"letter-reveal-bottom\" data-animation-type=\"line-reveal-by-space\" data-animation-delay=\"150\" data-animation-offset=\"\" data-m-rm-animation=\"true\" data-stagger=\"true\" data-custom-font-size=\"true\" style=\"font-size: 9vw; line-height: 9.9vw;\"><h1 >Der Beste.<\/h1><\/div>\n\t\t<\/div> \n\t<\/div>\n\t<\/div> \n<\/div><\/div>\n\t\t\t<\/div> \n\t\t<\/div>\n\t<\/div> \n<\/div><\/div>","protected":false},"excerpt":{"rendered":"<p>\u2714 Echte hochwertige Konten<br \/>\n\u2714 Schnelle Lieferung!<br \/>\n\u2714 Einmalzahlungen \u2013 Kein Abonnement<\/p>\n<p>F\u00fcr <strong>Landbezogen<\/strong> Aufrufe <strong><span style=\"color: #0000ff;\"><a style=\"color: #0000ff;\" href=\"\/de\/product-tag\/country-related-instagram-Views\/\">Klick hier<\/a><\/span><\/strong><\/p>\n<p>&nbsp;<\/p>","protected":false},"featured_media":798,"comment_status":"open","ping_status":"closed","template":"","meta":{"inline_featured_image":false},"product_cat":[29,43,32],"product_tag":[33],"class_list":{"0":"post-345","1":"product","2":"type-product","3":"status-publish","4":"has-post-thumbnail","6":"product_cat-instagram","7":"product_cat-instagram-views","8":"product_cat-social-store","9":"product_tag-instagram-link","11":"first","12":"instock","13":"sale","14":"sold-individually","15":"shipping-taxable","16":"purchasable","17":"product-type-variable","18":"has-default-attributes"},"yoast_head":"<!-- This site is optimized with the Yoast SEO Premium plugin v23.6 (Yoast SEO v24.1) - https:\/\/yoast.com\/wordpress\/plugins\/seo\/ -->\n<title>Buy Instagram Views - Boost Your Video Visibility<\/title>\n<meta name=\"description\" content=\"Looking to buy Instagram views? Increase the visibility of your videos with real views. Explore our affordable packages now!\" \/>\n<meta name=\"robots\" content=\"index, follow, max-snippet:-1, max-image-preview:large, max-video-preview:-1\" \/>\n<link rel=\"canonical\" href=\"https:\/\/www.nordshark.com\/de\/product\/instagram-views-kaufen\/\" \/>\n<meta property=\"og:locale\" content=\"de_DE\" \/>\n<meta property=\"og:type\" content=\"article\" \/>\n<meta property=\"og:title\" content=\"Instagram Views\" \/>\n<meta property=\"og:description\" content=\"Looking to buy Instagram views? Increase the visibility of your videos with real views. Explore our affordable packages now!\" \/>\n<meta property=\"og:url\" content=\"https:\/\/www.nordshark.com\/de\/product\/instagram-views-kaufen\/\" \/>\n<meta property=\"og:site_name\" content=\"Nordshark\" \/>\n<meta property=\"article:modified_time\" content=\"2024-03-04T13:05:35+00:00\" \/>\n<meta property=\"og:image\" content=\"https:\/\/www.nordshark.com\/wp-content\/uploads\/2024\/02\/International.View_.jpg\" \/>\n\t<meta property=\"og:image:width\" content=\"800\" \/>\n\t<meta property=\"og:image:height\" content=\"800\" \/>\n\t<meta property=\"og:image:type\" content=\"image\/jpeg\" \/>\n<meta name=\"twitter:card\" content=\"summary_large_image\" \/>\n<meta name=\"twitter:label1\" content=\"Verf\u00fcgbarkeit\" \/>\n\t<meta name=\"twitter:data1\" content=\"Auf Lager\" \/>\n<script type=\"application\/ld+json\" class=\"yoast-schema-graph\">{\"@context\":\"https:\/\/schema.org\",\"@graph\":[{\"@type\":\"WebPage\",\"@id\":\"https:\/\/www.nordshark.com\/product\/buy-instagram-views\/\",\"url\":\"https:\/\/www.nordshark.com\/product\/buy-instagram-views\/\",\"name\":\"Buy Instagram Views - Boost Your Video Visibility\",\"isPartOf\":{\"@id\":\"https:\/\/www.nordshark.com\/#website\"},\"primaryImageOfPage\":{\"@id\":\"https:\/\/www.nordshark.com\/product\/buy-instagram-views\/#primaryimage\"},\"image\":{\"@id\":\"https:\/\/www.nordshark.com\/product\/buy-instagram-views\/#primaryimage\"},\"thumbnailUrl\":\"https:\/\/www.nordshark.com\/wp-content\/uploads\/2024\/02\/International.View_.jpg\",\"datePublished\":\"2024-02-17T20:02:56+00:00\",\"dateModified\":\"2024-03-04T13:05:35+00:00\",\"description\":\"Looking to buy Instagram views? Increase the visibility of your videos with real views. Explore our affordable packages now!\",\"breadcrumb\":{\"@id\":\"https:\/\/www.nordshark.com\/product\/buy-instagram-views\/#breadcrumb\"},\"inLanguage\":\"de\",\"potentialAction\":[{\"@type\":\"ReadAction\",\"target\":[\"https:\/\/www.nordshark.com\/product\/buy-instagram-views\/\"]}]},{\"@type\":\"ImageObject\",\"inLanguage\":\"de\",\"@id\":\"https:\/\/www.nordshark.com\/product\/buy-instagram-views\/#primaryimage\",\"url\":\"https:\/\/www.nordshark.com\/wp-content\/uploads\/2024\/02\/International.View_.jpg\",\"contentUrl\":\"https:\/\/www.nordshark.com\/wp-content\/uploads\/2024\/02\/International.View_.jpg\",\"width\":800,\"height\":800,\"caption\":\"Buy Instagram Views\"},{\"@type\":\"BreadcrumbList\",\"@id\":\"https:\/\/www.nordshark.com\/product\/buy-instagram-views\/#breadcrumb\",\"itemListElement\":[{\"@type\":\"ListItem\",\"position\":1,\"name\":\"Home\",\"item\":\"https:\/\/www.nordshark.com\/\"},{\"@type\":\"ListItem\",\"position\":2,\"name\":\"Shop\",\"item\":\"https:\/\/www.nordshark.com\/shop\/\"},{\"@type\":\"ListItem\",\"position\":3,\"name\":\"Instagram Views\"}]},{\"@type\":\"WebSite\",\"@id\":\"https:\/\/www.nordshark.com\/#website\",\"url\":\"https:\/\/www.nordshark.com\/\",\"name\":\"Nordshark\",\"description\":\"\",\"potentialAction\":[{\"@type\":\"SearchAction\",\"target\":{\"@type\":\"EntryPoint\",\"urlTemplate\":\"https:\/\/www.nordshark.com\/?s={search_term_string}\"},\"query-input\":{\"@type\":\"PropertyValueSpecification\",\"valueRequired\":true,\"valueName\":\"search_term_string\"}}],\"inLanguage\":\"de\"}]}<\/script>\n<meta property=\"og:availability\" content=\"instock\" \/>\n<meta property=\"product:availability\" content=\"instock\" \/>\n<meta property=\"product:condition\" content=\"new\" \/>\n<!-- \/ Yoast SEO Premium plugin. -->","yoast_head_json":{"title":"Buy Instagram Views - Boost Your Video Visibility","description":"Looking to buy Instagram views? Increase the visibility of your videos with real views. Explore our affordable packages now!","robots":{"index":"index","follow":"follow","max-snippet":"max-snippet:-1","max-image-preview":"max-image-preview:large","max-video-preview":"max-video-preview:-1"},"canonical":"https:\/\/www.nordshark.com\/de\/product\/instagram-views-kaufen\/","og_locale":"de_DE","og_type":"article","og_title":"Instagram Views","og_description":"Looking to buy Instagram views? Increase the visibility of your videos with real views. Explore our affordable packages now!","og_url":"https:\/\/www.nordshark.com\/de\/product\/instagram-views-kaufen\/","og_site_name":"Nordshark","article_modified_time":"2024-03-04T13:05:35+00:00","og_image":[{"width":800,"height":800,"url":"https:\/\/www.nordshark.com\/wp-content\/uploads\/2024\/02\/International.View_.jpg","type":"image\/jpeg"}],"twitter_card":"summary_large_image","twitter_misc":{"Verf\u00fcgbarkeit":"Auf Lager"},"schema":{"@context":"https:\/\/schema.org","@graph":[{"@type":"WebPage","@id":"https:\/\/www.nordshark.com\/product\/buy-instagram-views\/","url":"https:\/\/www.nordshark.com\/product\/buy-instagram-views\/","name":"Buy Instagram Views - Boost Your Video Visibility","isPartOf":{"@id":"https:\/\/www.nordshark.com\/#website"},"primaryImageOfPage":{"@id":"https:\/\/www.nordshark.com\/product\/buy-instagram-views\/#primaryimage"},"image":{"@id":"https:\/\/www.nordshark.com\/product\/buy-instagram-views\/#primaryimage"},"thumbnailUrl":"https:\/\/www.nordshark.com\/wp-content\/uploads\/2024\/02\/International.View_.jpg","datePublished":"2024-02-17T20:02:56+00:00","dateModified":"2024-03-04T13:05:35+00:00","description":"Looking to buy Instagram views? Increase the visibility of your videos with real views. Explore our affordable packages now!","breadcrumb":{"@id":"https:\/\/www.nordshark.com\/product\/buy-instagram-views\/#breadcrumb"},"inLanguage":"de","potentialAction":[{"@type":"ReadAction","target":["https:\/\/www.nordshark.com\/product\/buy-instagram-views\/"]}]},{"@type":"ImageObject","inLanguage":"de","@id":"https:\/\/www.nordshark.com\/product\/buy-instagram-views\/#primaryimage","url":"https:\/\/www.nordshark.com\/wp-content\/uploads\/2024\/02\/International.View_.jpg","contentUrl":"https:\/\/www.nordshark.com\/wp-content\/uploads\/2024\/02\/International.View_.jpg","width":800,"height":800,"caption":"Buy Instagram Views"},{"@type":"BreadcrumbList","@id":"https:\/\/www.nordshark.com\/product\/buy-instagram-views\/#breadcrumb","itemListElement":[{"@type":"ListItem","position":1,"name":"Home","item":"https:\/\/www.nordshark.com\/"},{"@type":"ListItem","position":2,"name":"Shop","item":"https:\/\/www.nordshark.com\/shop\/"},{"@type":"ListItem","position":3,"name":"Instagram Views"}]},{"@type":"WebSite","@id":"https:\/\/www.nordshark.com\/#website","url":"https:\/\/www.nordshark.com\/","name":"Nordshark","description":"","potentialAction":[{"@type":"SearchAction","target":{"@type":"EntryPoint","urlTemplate":"https:\/\/www.nordshark.com\/?s={search_term_string}"},"query-input":{"@type":"PropertyValueSpecification","valueRequired":true,"valueName":"search_term_string"}}],"inLanguage":"de"}]},"og_availability":"instock","product_availability":"instock","product_condition":"new"},"_links":{"self":[{"href":"https:\/\/www.nordshark.com\/de\/wp-json\/wp\/v2\/product\/345","targetHints":{"allow":["GET"]}}],"collection":[{"href":"https:\/\/www.nordshark.com\/de\/wp-json\/wp\/v2\/product"}],"about":[{"href":"https:\/\/www.nordshark.com\/de\/wp-json\/wp\/v2\/types\/product"}],"replies":[{"embeddable":true,"href":"https:\/\/www.nordshark.com\/de\/wp-json\/wp\/v2\/comments?post=345"}],"wp:featuredmedia":[{"embeddable":true,"href":"https:\/\/www.nordshark.com\/de\/wp-json\/wp\/v2\/media\/798"}],"wp:attachment":[{"href":"https:\/\/www.nordshark.com\/de\/wp-json\/wp\/v2\/media?parent=345"}],"wp:term":[{"taxonomy":"product_cat","embeddable":true,"href":"https:\/\/www.nordshark.com\/de\/wp-json\/wp\/v2\/product_cat?post=345"},{"taxonomy":"product_tag","embeddable":true,"href":"https:\/\/www.nordshark.com\/de\/wp-json\/wp\/v2\/product_tag?post=345"}],"curies":[{"name":"wp","href":"https:\/\/api.w.org\/{rel}","templated":true}]}}