{"id":337,"date":"2024-02-17T20:56:26","date_gmt":"2024-02-17T19:56:26","guid":{"rendered":"https:\/\/www.nordshark.com\/?post_type=product&#038;p=337"},"modified":"2024-03-04T14:08:54","modified_gmt":"2024-03-04T13:08:54","slug":"buy-french-instagram-comments","status":"publish","type":"product","link":"https:\/\/www.nordshark.com\/de\/product\/franzosische-instagram-kommentare-kaufen\/","title":{"rendered":"Franz\u00f6sische Instagram Kommentare"},"content":{"rendered":"<div id=\"fws_69fb71ae50a82\"  data-column-margin=\"default\" data-midnight=\"dark\" data-top-percent=\"8%\"  class=\"wpb_row vc_row-fluid vc_row full-width-section  right_padding_10pct left_padding_10pct\"  style=\"padding-top: calc(100vw * 0.08); padding-bottom: 0px; \"><div class=\"row-bg-wrap\" data-bg-animation=\"none\" data-bg-animation-delay=\"\" data-bg-overlay=\"false\"><div class=\"inner-wrap row-bg-layer\" ><div class=\"row-bg viewport-desktop\"  style=\"\"><\/div><\/div><\/div><div class=\"row_col_wrap_12 col span_12 dark left\">\n\t<div  class=\"vc_col-sm-12 wpb_column column_container vc_column_container col no-extra-padding inherit_tablet inherit_phone\"  data-padding-pos=\"all\" data-has-bg-color=\"false\" data-bg-color=\"\" data-bg-opacity=\"1\" data-animation=\"\" data-delay=\"0\" >\n\t\t<div class=\"vc_column-inner\" >\n\t\t\t<div class=\"wpb_wrapper\">\n\t\t\t\t<div id=\"fws_69fb71ae50b6b\" data-midnight=\"\" data-column-margin=\"default\" class=\"wpb_row vc_row-fluid vc_row inner_row\"  style=\"padding-bottom: 4%; \"><div class=\"row-bg-wrap\"> <div class=\"row-bg\" ><\/div> <\/div><div class=\"row_col_wrap_12_inner col span_12  left\">\n\t<div  class=\"vc_col-sm-12 wpb_column column_container vc_column_container col child_column centered-text no-extra-padding inherit_tablet inherit_phone\"   data-padding-pos=\"all\" data-has-bg-color=\"false\" data-bg-color=\"\" data-bg-opacity=\"1\" data-animation=\"\" data-delay=\"0\" >\n\t\t<div class=\"vc_column-inner\" >\n\t\t<div class=\"wpb_wrapper\">\n\t\t\t<div class=\"nectar-highlighted-text font_size_2vw font_size_tablet_6vw font_line_height_1-0\" data-style=\"none\" data-exp=\"default\" data-using-custom-color=\"false\" data-animation-delay=\"false\" data-color=\"\" data-color-gradient=\"\" style=\"\"><h3>H\u00e4ufig gestellte Fragen<\/h3>\n<\/div>\n\t\t<\/div> \n\t<\/div>\n\t<\/div> \n<\/div><\/div>\n\t\t\t<\/div> \n\t\t<\/div>\n\t<\/div> \n<\/div><\/div>\n\t\t<div id=\"fws_69fb71ae50c99\"  data-column-margin=\"custom\" data-midnight=\"dark\" data-top-percent=\"3%\" data-bottom-percent=\"3%\"  class=\"wpb_row vc_row-fluid vc_row full-width-content vc_row-o-equal-height vc_row-flex vc_row-o-content-middle  right_padding_7vw left_padding_7vw column-margin-7vw top_padding_phone_10pct bottom_padding_phone_10pct\"  style=\"padding-top: calc(100vw * 0.03); padding-bottom: calc(100vw * 0.03); \"><div class=\"row-bg-wrap\" data-bg-animation=\"none\" data-bg-animation-delay=\"\" data-bg-overlay=\"false\"><div class=\"inner-wrap row-bg-layer\" ><div class=\"row-bg viewport-desktop using-bg-color\"  style=\"background-color: #f8f8f8; \"><\/div><\/div><\/div><div class=\"row_col_wrap_12 col span_12 dark left\">\n\t<div  class=\"vc_col-sm-6 wpb_column column_container vc_column_container col left_padding_desktop_2vw\"  data-padding-pos=\"all\" data-has-bg-color=\"false\" data-bg-color=\"\" data-bg-opacity=\"1\" data-animation=\"\" data-delay=\"0\" >\n\t\t<div class=\"vc_column-inner\" >\n\t\t\t<div class=\"wpb_wrapper\">\n\t\t\t\t<div class=\"toggles accordion\" data-br=\"\" data-starting=\"default\" data-style=\"minimal\"><div class=\"toggle accent-color\" data-inner-wrap=\"true\"><h3 class=\"toggle-title\"><a href=\"#\" role=\"button\" class=\"nectar-inherit-h4 toggle-heading\"><i role=\"presentation\" class=\"fa fa-plus-circle\"><\/i>Wie lange dauert es, bis die gekauften franz\u00f6sischen Kommentare geliefert werden?<\/a><\/h3><div><div class=\"inner-toggle-wrap\">\n<div class=\"wpb_text_column wpb_content_element\" >\n\t<div class=\"wpb_wrapper\">\n\t\t<p>Ja, unser Service bietet echte Follower. Wir legen Wert auf Authentizit\u00e4t und Qualit\u00e4t, um sicherzustellen, dass deine Pr\u00e4senz in den sozialen Medien durch echtes Engagement verbessert wird.<\/p>\n\t<\/div>\n<\/div>\n\n\n\n<\/div><\/div><\/div><div class=\"toggle accent-color\" data-inner-wrap=\"true\"><h3 class=\"toggle-title\"><a href=\"#\" role=\"button\" class=\"nectar-inherit-h4 toggle-heading\"><i role=\"presentation\" class=\"fa fa-plus-circle\"><\/i>Welche Art von franz\u00f6sischen Kommentaren kann ich erwarten, wenn ich Ihren Service kaufe?<\/a><\/h3><div><div class=\"inner-toggle-wrap\">\n<div class=\"wpb_text_column wpb_content_element\" >\n\t<div class=\"wpb_wrapper\">\n\t\t<p>Positive und themenbezogene Kommentare, die zu deinem Beitrag passen und Engagement f\u00f6rdern.<\/p>\n\t<\/div>\n<\/div>\n\n\n\n<\/div><\/div><\/div><div class=\"toggle accent-color\" data-inner-wrap=\"true\"><h3 class=\"toggle-title\"><a href=\"#\" role=\"button\" class=\"nectar-inherit-h4 toggle-heading\"><i role=\"presentation\" class=\"fa fa-plus-circle\"><\/i>Qualit\u00e4t der franz\u00f6sischen Kommentare auf Instagram?<\/a><\/h3><div><div class=\"inner-toggle-wrap\">\n<div class=\"wpb_text_column wpb_content_element\" >\n\t<div class=\"wpb_wrapper\">\n\t\t<p>Hochwertige Kommentare von echten, aktiven franz\u00f6sischen Instagram-Nutzern, die nat\u00fcrlich und relevant sind.<\/p>\n\t<\/div>\n<\/div>\n\n\n\n<\/div><\/div><\/div><\/div>\n\n\n\n\n\n\n\n\n\n\n\n\n\n\n\n\n\n\n\n\n\t\t\t<\/div> \n\t\t<\/div>\n\t<\/div> \n\n\t<div  class=\"vc_col-sm-6 vc_hidden-sm vc_hidden-xs wpb_column column_container vc_column_container col top_margin_tablet_10pct right_padding_desktop_2vw\"  data-padding-pos=\"all\" data-has-bg-color=\"false\" data-bg-color=\"\" data-bg-opacity=\"1\" data-animation=\"\" data-delay=\"0\" >\n\t\t<div class=\"vc_column-inner\" >\n\t\t\t<div class=\"wpb_wrapper\">\n\t\t\t\t<div id=\"fws_69fb71ae50e6e\" data-midnight=\"\" data-column-margin=\"default\" class=\"wpb_row vc_row-fluid vc_row inner_row\"  style=\"\"><div class=\"row-bg-wrap\"> <div class=\"row-bg\" ><\/div> <\/div><div class=\"row_col_wrap_12_inner col span_12  left\">\n\t<div  class=\"vc_col-sm-12 wpb_column column_container vc_column_container col child_column col-overflow-hidden mask_shape_circle-rect mask_size_contain top_padding_desktop_20pct bottom_padding_desktop_20pct\"   data-border-radius=\"15px\" data-video-bg=\"true\" data-overlay-color=\"true\" data-padding-pos=\"all\" data-has-bg-color=\"false\" data-bg-color=\"\" data-bg-opacity=\"1\" data-animation=\"\" data-delay=\"0\" >\n\t\t<div class=\"vc_column-inner\" >\n  <div class=\"nectar-video-wrap column-bg-layer column-video\">\n        <video class=\"nectar-video-bg\" width=\"1800\" height=\"700\" preload=\"auto\" loop autoplay muted playsinline><source src=\"https:\/\/www.nordshark.com\/wp-content\/uploads\/2024\/02\/faq2.mp4\"  type=\"video\/mp4\"><\/video><\/div><div class=\"column-bg-overlay-wrap column-bg-layer\" data-bg-animation=\"none\"><div class=\"column-bg-overlay\"><\/div><div class=\"column-overlay-layer\" style=\"\"><\/div><\/div>\n\t\t<div class=\"wpb_wrapper\">\n\t\t\t\n\t\t<\/div> \n\t<\/div>\n\t<\/div> \n<\/div><\/div>\n\t\t\t<\/div> \n\t\t<\/div>\n\t<\/div> \n<\/div><\/div>\n\t\t<div id=\"fws_69fb71ae50ef7\"  data-column-margin=\"default\" data-midnight=\"dark\" data-top-percent=\"5%\" data-bottom-percent=\"5%\"  class=\"wpb_row vc_row-fluid vc_row  right_padding_5pct left_padding_5pct\"  style=\"padding-top: calc(100vw * 0.05); padding-bottom: calc(100vw * 0.05); \"><div class=\"row-bg-wrap\" data-bg-animation=\"none\" data-bg-animation-delay=\"\" data-bg-overlay=\"false\"><div class=\"inner-wrap row-bg-layer\" ><div class=\"row-bg viewport-desktop\"  style=\"\"><\/div><\/div><\/div><div class=\"row_col_wrap_12 col span_12 dark left\">\n\t<div  class=\"vc_col-sm-12 wpb_column column_container vc_column_container col no-extra-padding inherit_tablet inherit_phone\"  data-padding-pos=\"all\" data-has-bg-color=\"false\" data-bg-color=\"\" data-bg-opacity=\"1\" data-animation=\"\" data-delay=\"0\" >\n\t\t<div class=\"vc_column-inner\" >\n\t\t\t<div class=\"wpb_wrapper\">\n\t\t\t\t\n<div class=\"wpb_text_column wpb_content_element\" >\n\t<div class=\"wpb_wrapper\">\n\t\t<h1>Willkommen bei Nordshark: Kaufe franz\u00f6sische Instagram-Kommentare<\/h1>\n<h2>Warum franz\u00f6sische Instagram-Kommentare kaufen?<\/h2>\n<p>M\u00f6chtest du deine Pr\u00e4senz in den sozialen Medien auf Instagram verbessern? Willst du mehr franz\u00f6sischsprachige Nutzer auf deine Beitr\u00e4ge aufmerksam machen? Such nicht weiter! Nordshark bietet dir die M\u00f6glichkeit, franz\u00f6sische Instagram-Kommentare zu kaufen, die dein Engagement in die H\u00f6he treiben und deine Reichweite steigern werden.<\/p>\n<h2>Vorteile des Kaufs von franz\u00f6sischen Instagram-Kommentaren<\/h2>\n<ul>\n<li><strong>Verbesserte Glaubw\u00fcrdigkeit:<\/strong>\u00a0Franz\u00f6sische Kommentare auf deinen Instagram-Fotos oder -Videos verleihen deinem Account eine gewisse Authentizit\u00e4t und machen deinen Inhalt glaubw\u00fcrdiger und vertrauensw\u00fcrdiger.<\/li>\n<li><strong>Erh\u00f6hte Sichtbarkeit.<\/strong>\u00a0Franz\u00f6sische Instagram-Kommentare k\u00f6nnen dazu beitragen, dass deine Beitr\u00e4ge eine gr\u00f6\u00dfere Zielgruppe erreichen, insbesondere wenn du franz\u00f6sischsprachige Benutzer ansprechen m\u00f6chtest. Dies kann zu mehr Followern, Likes und allgemeiner Interaktion f\u00fchren.<\/li>\n<li><strong>Verbesserte Interaktion:<\/strong>\u00a0Wenn du franz\u00f6sische Instagram-Kommentare kaufst, ermutigst du andere dazu, mit deinem Inhalt zu interagieren. Diese Interaktion kann zu bedeutsameren Gespr\u00e4chen, Zusammenarbeit und Partnerschaften f\u00fchren.<\/li>\n<li><strong>Zielgruppe:<\/strong>\u00a0Wenn dein Gesch\u00e4ft auf den franz\u00f6sischsprachigen Markt ausgerichtet ist, kann der Kauf von franz\u00f6sischen Instagram-Kommentaren dir helfen, eine Verbindung zu potenziellen Kunden herzustellen und eine treue Fanbasis aufzubauen.<\/li>\n<li><strong>Zeitersparnis-L\u00f6sung:<\/strong>\u00a0Anstatt auf organische Kommentare zu warten, bietet der Kauf von franz\u00f6sischen Instagram-Kommentaren einen sofortigen Schub und spart dir Zeit und Aufwand beim Aufbau deiner Pr\u00e4senz auf Instagram.<\/li>\n<\/ul>\n<h2>Warum Nordshark w\u00e4hlen?<\/h2>\n<p>Bei Nordshark legen wir Wert auf Qualit\u00e4t, Authentizit\u00e4t und Kundenzufriedenheit. Wenn du bei uns franz\u00f6sische Instagram-Kommentare kaufst, kannst du Folgendes erwarten:<\/p>\n<ul>\n<li><strong>Echte und organische Kommentare:<\/strong>\u00a0Wir liefern echte franz\u00f6sische Kommentare von aktiven Instagram-Nutzern, um sicherzustellen, dass Ihr Engagement authentisch und wertvoll ist.<\/li>\n<li><strong>Anpassungsoptionen:<\/strong>\u00a0Du hast die M\u00f6glichkeit, die Kommentare nach deinen Vorlieben anzupassen, sodass sie sich nahtlos in deine Beitr\u00e4ge einf\u00fcgen.<\/li>\n<li><strong>Schnelle Lieferung:<\/strong>\u00a0Wir verstehen, wie wichtig es ist, schnelle Ergebnisse zu erhalten. Sobald du deine Bestellung aufgibst, liefern wir dir umgehend die franz\u00f6sischen Kommentare auf deinem Instagram-Konto.<\/li>\n<li><strong>Bezahlbare Preise:<\/strong>\u00a0Unsere Preispl\u00e4ne sind so gestaltet, dass sie in jedes Budget passen und es Ihnen erm\u00f6glichen, Ihr Instagram-Engagement zu steigern, ohne dabei Ihr Konto zu sprengen.<\/li>\n<li><strong>Ausgezeichneter Kundenservice.<\/strong>\u00a0Unser engagiertes Kundensupport-Team ist hier, um alle Bedenken oder Fragen zu beantworten, die du hast, und stellt sicher, dass du eine reibungslose und stressfreie Erfahrung hast.<\/li>\n<\/ul>\n<h2>Wie man franz\u00f6sische Instagram-Kommentare kauft<\/h2>\n<p>Franz\u00f6sische Instagram-Kommentare von Nordshark zu kaufen ist einfach und unkompliziert.<\/p>\n<ol>\n<li>Besuch unsere Website und geh zum Abschnitt der franz\u00f6sischen Instagram-Kommentare.<\/li>\n<li>W\u00e4hle die gew\u00fcnschte Anzahl von Kommentaren, die du kaufen m\u00f6chtest.<\/li>\n<li>W\u00e4hle alle individuellen Anpassungsoptionen aus, falls verf\u00fcgbar.<\/li>\n<li>Klicke auf den \"Jetzt kaufen\" Button und gehe zum Checkout.<\/li>\n<li>Bitte gib deinen Instagram-Benutzernamen an, um eine genaue Lieferung zu gew\u00e4hrleisten.<\/li>\n<li>Mach eine sichere Zahlung \u00fcber unser vertrauensw\u00fcrdiges Zahlungs-Gateway.<\/li>\n<li>Lehn dich zur\u00fcck, entspann dich und schau zu, wie deine franz\u00f6sischen Instagram-Kommentare hereinstr\u00f6men!<\/li>\n<\/ol>\n<h2>Letzte Gedanken<\/h2>\n<p>Bereit, dein Instagram-Spiel auf die n\u00e4chste Stufe zu bringen? Den Kauf von franz\u00f6sischen Instagram-Kommentaren bei Nordshark ist die perfekte Strategie, um deine Glaubw\u00fcrdigkeit zu steigern, die Sichtbarkeit zu erh\u00f6hen und mit deiner Zielgruppe in Kontakt zu treten. Verpasse nicht die Gelegenheit, deine Instagram-Pr\u00e4senz zu st\u00e4rken und deinen Online-Einfluss zu erh\u00f6hen. Bestelle noch heute und erlebe den Unterschied mit Nordshark!<\/p>\n\t<\/div>\n<\/div>\n\n\n\n\n\t\t\t<\/div> \n\t\t<\/div>\n\t<\/div> \n<\/div><\/div>\n\t\t<div id=\"fws_69fb71ae5100f\"  data-column-margin=\"default\" data-midnight=\"light\" data-top-percent=\"10%\" data-bottom-percent=\"10%\"  class=\"wpb_row vc_row-fluid vc_row full-width-content vc_row-o-equal-height vc_row-flex vc_row-o-content-top  zindex-set mobile-disable-bg-image-animation right_padding_8pct left_padding_8pct nectar-overflow-hidden top_padding_phone_25pct bottom_padding_phone_25pct\"  style=\"padding-top: calc(100vw * 0.10); padding-bottom: calc(100vw * 0.10);  z-index: 100;\"><div class=\"row-bg-wrap\" data-bg-animation=\"fade-in\" data-bg-animation-delay=\"\" data-bg-overlay=\"true\"><div class=\"inner-wrap row-bg-layer\" style=\"background-color: #2b323a;\" ><div class=\"row-bg viewport-desktop using-bg-color\"  style=\"background-color: #2b323a; \"><\/div><\/div><div class=\"row-bg-overlay row-bg-layer\" style=\"background-color:rgba(0,0,0,0.78);  opacity: 0.8; \"><\/div><\/div>\n\t\t\t<div class=\"video-color-overlay row-bg-layer\" data-color=\"\"><\/div>\n\t\t\t\n\t\t\t<div class=\"nectar-video-wrap row-bg-layer\" data-bg-alignment=\"\">\n\t\t\t\t<div class=\"nectar-video-inner\">\n\t\t\t\t<video class=\"nectar-video-bg\" width=\"1800\" height=\"700\" preload=\"auto\" loop autoplay muted playsinline><source src=\"https:\/\/www.nordshark.com\/wp-content\/uploads\/2024\/02\/AdobeStock_454354002.mp4\"  type=\"video\/mp4\"><\/video>    \t\t<\/div>\n\t\t\t <\/div>\n\n\t\t\t<div class=\"row_col_wrap_12 col span_12 light left\">\n\t<div  class=\"vc_col-sm-12 wpb_column column_container vc_column_container col no-extra-padding column_position_static el_spacing_0px inherit_tablet inherit_phone\"  data-padding-pos=\"top-bottom\" data-has-bg-color=\"false\" data-bg-color=\"\" data-bg-opacity=\"1\" data-animation=\"\" data-delay=\"0\" >\n\t\t<div class=\"vc_column-inner\" >\n\t\t\t<div class=\"wpb_wrapper\">\n\t\t\t\t<div id=\"fws_69fb71ae51078\" data-midnight=\"\" data-column-margin=\"none\" class=\"wpb_row vc_row-fluid vc_row inner_row  right_padding_13vw left_padding_13vw\"  style=\" z-index: 10;\"><div class=\"row-bg-wrap\"> <div class=\"row-bg\" ><\/div> <\/div><div class=\"row_col_wrap_12_inner col span_12  left\">\n\t<div  class=\"vc_col-sm-12 wpb_column column_container vc_column_container col child_column centered-text no-extra-padding inherit_tablet inherit_phone\"   data-padding-pos=\"all\" data-has-bg-color=\"false\" data-bg-color=\"\" data-bg-opacity=\"1\" data-animation=\"\" data-delay=\"0\" >\n\t\t<div class=\"vc_column-inner\" >\n\t\t<div class=\"wpb_wrapper\">\n\t\t\t<div class=\"nectar-split-heading  font_size_9vw font_size_tablet_10vw font_line_height_0-95\" data-align=\"left\" data-m-align=\"inherit\" data-text-effect=\"letter-reveal-bottom\" data-animation-type=\"line-reveal-by-space\" data-animation-delay=\"150\" data-animation-offset=\"\" data-m-rm-animation=\"true\" data-stagger=\"true\" data-custom-font-size=\"true\" style=\"font-size: 9vw; line-height: 9.9vw;\"><h1 >Der Beste.<\/h1><\/div>\n\t\t<\/div> \n\t<\/div>\n\t<\/div> \n<\/div><\/div>\n\t\t\t<\/div> \n\t\t<\/div>\n\t<\/div> \n<\/div><\/div>","protected":false},"excerpt":{"rendered":"<p>\u2714 Echte hochwertige franz\u00f6sische Kommentare<br \/>\n\u2714 Startzeit: 0-4 Stunden (meistens sofort)<br \/>\n\u2714 Bester Service auf dem Markt<br \/>\n\u2714 Kein Abfall<br \/>\n\u2714 Einmalzahlungen \u2013 Kein Abonnement<\/p>\n<p>F\u00fcr <strong>International<\/strong> Kommentare <strong><span style=\"color: #0000ff;\"><a style=\"color: #0000ff;\" href=\"\/de\/product\/instagram-kommentare-kaufen\/\">Klick hier<\/a><\/span><\/strong><\/p>\n<p>&nbsp;<\/p>","protected":false},"featured_media":797,"comment_status":"open","ping_status":"closed","template":"","meta":{"inline_featured_image":false},"product_cat":[29,42,32],"product_tag":[39,34],"class_list":{"0":"post-337","1":"product","2":"type-product","3":"status-publish","4":"has-post-thumbnail","6":"product_cat-instagram","7":"product_cat-instagram-comments","8":"product_cat-social-store","9":"product_tag-country-related-instagram-comments","10":"product_tag-instagram-comments","12":"first","13":"instock","14":"sale","15":"sold-individually","16":"shipping-taxable","17":"purchasable","18":"product-type-variable","19":"has-default-attributes"},"yoast_head":"<!-- This site is optimized with the Yoast SEO Premium plugin v23.6 (Yoast SEO v24.1) - https:\/\/yoast.com\/wordpress\/plugins\/seo\/ -->\n<title>Buy French Instagram Comments - High-Quality &amp; Fast Delivery<\/title>\n<meta name=\"description\" content=\"Looking to buy French Instagram comments? Get high-quality comments with fast delivery to boost engagement on your Instagram posts. Order now!\" \/>\n<meta name=\"robots\" content=\"index, follow, max-snippet:-1, max-image-preview:large, max-video-preview:-1\" \/>\n<link rel=\"canonical\" href=\"https:\/\/www.nordshark.com\/de\/product\/franzosische-instagram-kommentare-kaufen\/\" \/>\n<meta property=\"og:locale\" content=\"de_DE\" \/>\n<meta property=\"og:type\" content=\"article\" \/>\n<meta property=\"og:title\" content=\"French Instagram Comments\" \/>\n<meta property=\"og:description\" content=\"Looking to buy French Instagram comments? Get high-quality comments with fast delivery to boost engagement on your Instagram posts. Order now!\" \/>\n<meta property=\"og:url\" content=\"https:\/\/www.nordshark.com\/de\/product\/franzosische-instagram-kommentare-kaufen\/\" \/>\n<meta property=\"og:site_name\" content=\"Nordshark\" \/>\n<meta property=\"article:modified_time\" content=\"2024-03-04T13:08:54+00:00\" \/>\n<meta property=\"og:image\" content=\"https:\/\/www.nordshark.com\/wp-content\/uploads\/2024\/02\/French.Comments.jpg\" \/>\n\t<meta property=\"og:image:width\" content=\"800\" \/>\n\t<meta property=\"og:image:height\" content=\"800\" \/>\n\t<meta property=\"og:image:type\" content=\"image\/jpeg\" \/>\n<meta name=\"twitter:card\" content=\"summary_large_image\" \/>\n<meta name=\"twitter:label1\" content=\"Verf\u00fcgbarkeit\" \/>\n\t<meta name=\"twitter:data1\" content=\"Auf Lager\" \/>\n<script type=\"application\/ld+json\" class=\"yoast-schema-graph\">{\"@context\":\"https:\/\/schema.org\",\"@graph\":[{\"@type\":\"WebPage\",\"@id\":\"https:\/\/www.nordshark.com\/product\/buy-french-instagram-comments\/\",\"url\":\"https:\/\/www.nordshark.com\/product\/buy-french-instagram-comments\/\",\"name\":\"Buy French Instagram Comments - High-Quality & Fast Delivery\",\"isPartOf\":{\"@id\":\"https:\/\/www.nordshark.com\/#website\"},\"primaryImageOfPage\":{\"@id\":\"https:\/\/www.nordshark.com\/product\/buy-french-instagram-comments\/#primaryimage\"},\"image\":{\"@id\":\"https:\/\/www.nordshark.com\/product\/buy-french-instagram-comments\/#primaryimage\"},\"thumbnailUrl\":\"https:\/\/www.nordshark.com\/wp-content\/uploads\/2024\/02\/French.Comments.jpg\",\"datePublished\":\"2024-02-17T19:56:26+00:00\",\"dateModified\":\"2024-03-04T13:08:54+00:00\",\"description\":\"Looking to buy French Instagram comments? Get high-quality comments with fast delivery to boost engagement on your Instagram posts. Order now!\",\"breadcrumb\":{\"@id\":\"https:\/\/www.nordshark.com\/product\/buy-french-instagram-comments\/#breadcrumb\"},\"inLanguage\":\"de\",\"potentialAction\":[{\"@type\":\"ReadAction\",\"target\":[\"https:\/\/www.nordshark.com\/product\/buy-french-instagram-comments\/\"]}]},{\"@type\":\"ImageObject\",\"inLanguage\":\"de\",\"@id\":\"https:\/\/www.nordshark.com\/product\/buy-french-instagram-comments\/#primaryimage\",\"url\":\"https:\/\/www.nordshark.com\/wp-content\/uploads\/2024\/02\/French.Comments.jpg\",\"contentUrl\":\"https:\/\/www.nordshark.com\/wp-content\/uploads\/2024\/02\/French.Comments.jpg\",\"width\":800,\"height\":800,\"caption\":\"Buy French Instagram Comments\"},{\"@type\":\"BreadcrumbList\",\"@id\":\"https:\/\/www.nordshark.com\/product\/buy-french-instagram-comments\/#breadcrumb\",\"itemListElement\":[{\"@type\":\"ListItem\",\"position\":1,\"name\":\"Home\",\"item\":\"https:\/\/www.nordshark.com\/\"},{\"@type\":\"ListItem\",\"position\":2,\"name\":\"Shop\",\"item\":\"https:\/\/www.nordshark.com\/shop\/\"},{\"@type\":\"ListItem\",\"position\":3,\"name\":\"French Instagram Comments\"}]},{\"@type\":\"WebSite\",\"@id\":\"https:\/\/www.nordshark.com\/#website\",\"url\":\"https:\/\/www.nordshark.com\/\",\"name\":\"Nordshark\",\"description\":\"\",\"potentialAction\":[{\"@type\":\"SearchAction\",\"target\":{\"@type\":\"EntryPoint\",\"urlTemplate\":\"https:\/\/www.nordshark.com\/?s={search_term_string}\"},\"query-input\":{\"@type\":\"PropertyValueSpecification\",\"valueRequired\":true,\"valueName\":\"search_term_string\"}}],\"inLanguage\":\"de\"}]}<\/script>\n<meta property=\"og:availability\" content=\"instock\" \/>\n<meta property=\"product:availability\" content=\"instock\" \/>\n<meta property=\"product:condition\" content=\"new\" \/>\n<!-- \/ Yoast SEO Premium plugin. -->","yoast_head_json":{"title":"Buy French Instagram Comments - High-Quality & Fast Delivery","description":"Looking to buy French Instagram comments? Get high-quality comments with fast delivery to boost engagement on your Instagram posts. Order now!","robots":{"index":"index","follow":"follow","max-snippet":"max-snippet:-1","max-image-preview":"max-image-preview:large","max-video-preview":"max-video-preview:-1"},"canonical":"https:\/\/www.nordshark.com\/de\/product\/franzosische-instagram-kommentare-kaufen\/","og_locale":"de_DE","og_type":"article","og_title":"French Instagram Comments","og_description":"Looking to buy French Instagram comments? Get high-quality comments with fast delivery to boost engagement on your Instagram posts. Order now!","og_url":"https:\/\/www.nordshark.com\/de\/product\/franzosische-instagram-kommentare-kaufen\/","og_site_name":"Nordshark","article_modified_time":"2024-03-04T13:08:54+00:00","og_image":[{"width":800,"height":800,"url":"https:\/\/www.nordshark.com\/wp-content\/uploads\/2024\/02\/French.Comments.jpg","type":"image\/jpeg"}],"twitter_card":"summary_large_image","twitter_misc":{"Verf\u00fcgbarkeit":"Auf Lager"},"schema":{"@context":"https:\/\/schema.org","@graph":[{"@type":"WebPage","@id":"https:\/\/www.nordshark.com\/product\/buy-french-instagram-comments\/","url":"https:\/\/www.nordshark.com\/product\/buy-french-instagram-comments\/","name":"Buy French Instagram Comments - High-Quality & Fast Delivery","isPartOf":{"@id":"https:\/\/www.nordshark.com\/#website"},"primaryImageOfPage":{"@id":"https:\/\/www.nordshark.com\/product\/buy-french-instagram-comments\/#primaryimage"},"image":{"@id":"https:\/\/www.nordshark.com\/product\/buy-french-instagram-comments\/#primaryimage"},"thumbnailUrl":"https:\/\/www.nordshark.com\/wp-content\/uploads\/2024\/02\/French.Comments.jpg","datePublished":"2024-02-17T19:56:26+00:00","dateModified":"2024-03-04T13:08:54+00:00","description":"Looking to buy French Instagram comments? Get high-quality comments with fast delivery to boost engagement on your Instagram posts. Order now!","breadcrumb":{"@id":"https:\/\/www.nordshark.com\/product\/buy-french-instagram-comments\/#breadcrumb"},"inLanguage":"de","potentialAction":[{"@type":"ReadAction","target":["https:\/\/www.nordshark.com\/product\/buy-french-instagram-comments\/"]}]},{"@type":"ImageObject","inLanguage":"de","@id":"https:\/\/www.nordshark.com\/product\/buy-french-instagram-comments\/#primaryimage","url":"https:\/\/www.nordshark.com\/wp-content\/uploads\/2024\/02\/French.Comments.jpg","contentUrl":"https:\/\/www.nordshark.com\/wp-content\/uploads\/2024\/02\/French.Comments.jpg","width":800,"height":800,"caption":"Buy French Instagram Comments"},{"@type":"BreadcrumbList","@id":"https:\/\/www.nordshark.com\/product\/buy-french-instagram-comments\/#breadcrumb","itemListElement":[{"@type":"ListItem","position":1,"name":"Home","item":"https:\/\/www.nordshark.com\/"},{"@type":"ListItem","position":2,"name":"Shop","item":"https:\/\/www.nordshark.com\/shop\/"},{"@type":"ListItem","position":3,"name":"French Instagram Comments"}]},{"@type":"WebSite","@id":"https:\/\/www.nordshark.com\/#website","url":"https:\/\/www.nordshark.com\/","name":"Nordshark","description":"","potentialAction":[{"@type":"SearchAction","target":{"@type":"EntryPoint","urlTemplate":"https:\/\/www.nordshark.com\/?s={search_term_string}"},"query-input":{"@type":"PropertyValueSpecification","valueRequired":true,"valueName":"search_term_string"}}],"inLanguage":"de"}]},"og_availability":"instock","product_availability":"instock","product_condition":"new"},"_links":{"self":[{"href":"https:\/\/www.nordshark.com\/de\/wp-json\/wp\/v2\/product\/337","targetHints":{"allow":["GET"]}}],"collection":[{"href":"https:\/\/www.nordshark.com\/de\/wp-json\/wp\/v2\/product"}],"about":[{"href":"https:\/\/www.nordshark.com\/de\/wp-json\/wp\/v2\/types\/product"}],"replies":[{"embeddable":true,"href":"https:\/\/www.nordshark.com\/de\/wp-json\/wp\/v2\/comments?post=337"}],"wp:featuredmedia":[{"embeddable":true,"href":"https:\/\/www.nordshark.com\/de\/wp-json\/wp\/v2\/media\/797"}],"wp:attachment":[{"href":"https:\/\/www.nordshark.com\/de\/wp-json\/wp\/v2\/media?parent=337"}],"wp:term":[{"taxonomy":"product_cat","embeddable":true,"href":"https:\/\/www.nordshark.com\/de\/wp-json\/wp\/v2\/product_cat?post=337"},{"taxonomy":"product_tag","embeddable":true,"href":"https:\/\/www.nordshark.com\/de\/wp-json\/wp\/v2\/product_tag?post=337"}],"curies":[{"name":"wp","href":"https:\/\/api.w.org\/{rel}","templated":true}]}}