{"id":329,"date":"2024-02-17T20:52:04","date_gmt":"2024-02-17T19:52:04","guid":{"rendered":"https:\/\/www.nordshark.com\/?post_type=product&#038;p=329"},"modified":"2025-04-23T12:35:46","modified_gmt":"2025-04-23T11:35:46","slug":"buy-dutch-instagram-comments","status":"publish","type":"product","link":"https:\/\/www.nordshark.com\/de\/product\/niederlandische-instagram-kommentare-kaufen\/","title":{"rendered":"Holl\u00e4ndische Instagram Kommentare"},"content":{"rendered":"<div id=\"fws_69fb609f4967d\"  data-column-margin=\"default\" data-midnight=\"dark\" data-top-percent=\"8%\"  class=\"wpb_row vc_row-fluid vc_row full-width-section  right_padding_10pct left_padding_10pct\"  style=\"padding-top: calc(100vw * 0.08); padding-bottom: 0px; \"><div class=\"row-bg-wrap\" data-bg-animation=\"none\" data-bg-animation-delay=\"\" data-bg-overlay=\"false\"><div class=\"inner-wrap row-bg-layer\" ><div class=\"row-bg viewport-desktop\"  style=\"\"><\/div><\/div><\/div><div class=\"row_col_wrap_12 col span_12 dark left\">\n\t<div  class=\"vc_col-sm-12 wpb_column column_container vc_column_container col no-extra-padding inherit_tablet inherit_phone\"  data-padding-pos=\"all\" data-has-bg-color=\"false\" data-bg-color=\"\" data-bg-opacity=\"1\" data-animation=\"\" data-delay=\"0\" >\n\t\t<div class=\"vc_column-inner\" >\n\t\t\t<div class=\"wpb_wrapper\">\n\t\t\t\t<div id=\"fws_69fb609f49779\" data-midnight=\"\" data-column-margin=\"default\" class=\"wpb_row vc_row-fluid vc_row inner_row\"  style=\"padding-bottom: 4%; \"><div class=\"row-bg-wrap\"> <div class=\"row-bg\" ><\/div> <\/div><div class=\"row_col_wrap_12_inner col span_12  left\">\n\t<div  class=\"vc_col-sm-12 wpb_column column_container vc_column_container col child_column centered-text no-extra-padding inherit_tablet inherit_phone\"   data-padding-pos=\"all\" data-has-bg-color=\"false\" data-bg-color=\"\" data-bg-opacity=\"1\" data-animation=\"\" data-delay=\"0\" >\n\t\t<div class=\"vc_column-inner\" >\n\t\t<div class=\"wpb_wrapper\">\n\t\t\t<div class=\"nectar-highlighted-text font_size_2vw font_size_tablet_6vw font_line_height_1-0\" data-style=\"none\" data-exp=\"default\" data-using-custom-color=\"false\" data-animation-delay=\"false\" data-color=\"\" data-color-gradient=\"\" style=\"\"><h3>H\u00e4ufig gestellte Fragen<\/h3>\n<\/div>\n\t\t<\/div> \n\t<\/div>\n\t<\/div> \n<\/div><\/div>\n\t\t\t<\/div> \n\t\t<\/div>\n\t<\/div> \n<\/div><\/div>\n\t\t<div id=\"fws_69fb609f498b0\"  data-column-margin=\"custom\" data-midnight=\"dark\" data-top-percent=\"3%\" data-bottom-percent=\"3%\"  class=\"wpb_row vc_row-fluid vc_row full-width-content vc_row-o-equal-height vc_row-flex vc_row-o-content-middle  right_padding_7vw left_padding_7vw column-margin-7vw top_padding_phone_10pct bottom_padding_phone_10pct\"  style=\"padding-top: calc(100vw * 0.03); padding-bottom: calc(100vw * 0.03); \"><div class=\"row-bg-wrap\" data-bg-animation=\"none\" data-bg-animation-delay=\"\" data-bg-overlay=\"false\"><div class=\"inner-wrap row-bg-layer\" ><div class=\"row-bg viewport-desktop using-bg-color\"  style=\"background-color: #f8f8f8; \"><\/div><\/div><\/div><div class=\"row_col_wrap_12 col span_12 dark left\">\n\t<div  class=\"vc_col-sm-6 wpb_column column_container vc_column_container col left_padding_desktop_2vw\"  data-padding-pos=\"all\" data-has-bg-color=\"false\" data-bg-color=\"\" data-bg-opacity=\"1\" data-animation=\"\" data-delay=\"0\" >\n\t\t<div class=\"vc_column-inner\" >\n\t\t\t<div class=\"wpb_wrapper\">\n\t\t\t\t<div class=\"toggles accordion\" data-br=\"\" data-starting=\"default\" data-style=\"minimal\"><div class=\"toggle accent-color\" data-inner-wrap=\"true\"><h3 class=\"toggle-title\"><a href=\"#\" role=\"button\" class=\"nectar-inherit-h4 toggle-heading\"><i role=\"presentation\" class=\"fa fa-plus-circle\"><\/i>Wie lange dauert es, bis die gekauften niederl\u00e4ndischen Kommentare ankommen?<\/a><\/h3><div><div class=\"inner-toggle-wrap\">\n<div class=\"wpb_text_column wpb_content_element\" >\n\t<div class=\"wpb_wrapper\">\n\t\t<p>Die Auslieferung der gekauften Kommentare beginnt normalerweise innerhalb von 0 bis 1 Stunden nach dem Kauf. Die vollst\u00e4ndige Erf\u00fcllung der Bestellung kann jedoch je nach der Anzahl der gekauften Kommentare variieren. Wir bem\u00fchen uns, alle Bestellungen so schnell wie m\u00f6glich abzuschlie\u00dfen, dabei aber die Qualit\u00e4t der Kommentare zu gew\u00e4hrleisten.<\/p>\n\t<\/div>\n<\/div>\n\n\n\n<\/div><\/div><\/div><div class=\"toggle accent-color\" data-inner-wrap=\"true\"><h3 class=\"toggle-title\"><a href=\"#\" role=\"button\" class=\"nectar-inherit-h4 toggle-heading\"><i role=\"presentation\" class=\"fa fa-plus-circle\"><\/i>Was f\u00fcr niederl\u00e4ndische Kommentare kann ich erwarten, wenn ich deinen Service kaufe?<\/a><\/h3><div><div class=\"inner-toggle-wrap\">\n<div class=\"wpb_text_column wpb_content_element\" >\n\t<div class=\"wpb_wrapper\">\n\t\t<p>Positive und themenbezogene Kommentare, die zu deinem Beitrag passen und Engagement f\u00f6rdern.<\/p>\n\t<\/div>\n<\/div>\n\n\n\n<\/div><\/div><\/div><div class=\"toggle accent-color\" data-inner-wrap=\"true\"><h3 class=\"toggle-title\"><a href=\"#\" role=\"button\" class=\"nectar-inherit-h4 toggle-heading\"><i role=\"presentation\" class=\"fa fa-plus-circle\"><\/i>Qualit\u00e4t der niederl\u00e4ndischen Instagram-Kommentare?<\/a><\/h3><div><div class=\"inner-toggle-wrap\">\n<div class=\"wpb_text_column wpb_content_element\" >\n\t<div class=\"wpb_wrapper\">\n\t\t<p>Hochwertige Kommentare von echten, aktiven niederl\u00e4ndischen Instagram-Nutzern, die nat\u00fcrlich und relevant sind.<\/p>\n\t<\/div>\n<\/div>\n\n\n\n<\/div><\/div><\/div><\/div>\n\n\n\n\n\n\n\n\n\n\n\n\n\n\n\n\n\n\n\n\n\t\t\t<\/div> \n\t\t<\/div>\n\t<\/div> \n\n\t<div  class=\"vc_col-sm-6 vc_hidden-sm vc_hidden-xs wpb_column column_container vc_column_container col top_margin_tablet_10pct right_padding_desktop_2vw\"  data-padding-pos=\"all\" data-has-bg-color=\"false\" data-bg-color=\"\" data-bg-opacity=\"1\" data-animation=\"\" data-delay=\"0\" >\n\t\t<div class=\"vc_column-inner\" >\n\t\t\t<div class=\"wpb_wrapper\">\n\t\t\t\t<div id=\"fws_69fb609f49aa1\" data-midnight=\"\" data-column-margin=\"default\" class=\"wpb_row vc_row-fluid vc_row inner_row\"  style=\"\"><div class=\"row-bg-wrap\"> <div class=\"row-bg\" ><\/div> <\/div><div class=\"row_col_wrap_12_inner col span_12  left\">\n\t<div  class=\"vc_col-sm-12 wpb_column column_container vc_column_container col child_column col-overflow-hidden mask_shape_circle-rect mask_size_contain top_padding_desktop_20pct bottom_padding_desktop_20pct\"   data-border-radius=\"15px\" data-video-bg=\"true\" data-overlay-color=\"true\" data-padding-pos=\"all\" data-has-bg-color=\"false\" data-bg-color=\"\" data-bg-opacity=\"1\" data-animation=\"\" data-delay=\"0\" >\n\t\t<div class=\"vc_column-inner\" >\n  <div class=\"nectar-video-wrap column-bg-layer column-video\">\n        <video class=\"nectar-video-bg\" width=\"1800\" height=\"700\" preload=\"auto\" loop autoplay muted playsinline><source src=\"https:\/\/www.nordshark.com\/wp-content\/uploads\/2024\/02\/faq2.mp4\"  type=\"video\/mp4\"><\/video><\/div><div class=\"column-bg-overlay-wrap column-bg-layer\" data-bg-animation=\"none\"><div class=\"column-bg-overlay\"><\/div><div class=\"column-overlay-layer\" style=\"\"><\/div><\/div>\n\t\t<div class=\"wpb_wrapper\">\n\t\t\t\n\t\t<\/div> \n\t<\/div>\n\t<\/div> \n<\/div><\/div>\n\t\t\t<\/div> \n\t\t<\/div>\n\t<\/div> \n<\/div><\/div>\n\t\t<div id=\"fws_69fb609f49b39\"  data-column-margin=\"default\" data-midnight=\"dark\" data-top-percent=\"5%\" data-bottom-percent=\"5%\"  class=\"wpb_row vc_row-fluid vc_row  right_padding_5pct left_padding_5pct\"  style=\"padding-top: calc(100vw * 0.05); padding-bottom: calc(100vw * 0.05); \"><div class=\"row-bg-wrap\" data-bg-animation=\"none\" data-bg-animation-delay=\"\" data-bg-overlay=\"false\"><div class=\"inner-wrap row-bg-layer\" ><div class=\"row-bg viewport-desktop\"  style=\"\"><\/div><\/div><\/div><div class=\"row_col_wrap_12 col span_12 dark left\">\n\t<div  class=\"vc_col-sm-12 wpb_column column_container vc_column_container col no-extra-padding inherit_tablet inherit_phone\"  data-padding-pos=\"all\" data-has-bg-color=\"false\" data-bg-color=\"\" data-bg-opacity=\"1\" data-animation=\"\" data-delay=\"0\" >\n\t\t<div class=\"vc_column-inner\" >\n\t\t\t<div class=\"wpb_wrapper\">\n\t\t\t\t\n<div class=\"wpb_text_column wpb_content_element\" >\n\t<div class=\"wpb_wrapper\">\n\t\t<h1>Willkommen bei Nordshark - dem besten Ort, um niederl\u00e4ndische Instagram-Kommentare zu kaufen.<\/h1>\n<p>M\u00f6chtest du dein Instagram-Engagement mit authentischen niederl\u00e4ndischen Kommentaren steigern? Suche nicht weiter! Nordshark ist der f\u00fchrende Anbieter von hochwertigen niederl\u00e4ndischen Instagram-Kommentaren, die dir helfen werden, deine Sichtbarkeit zu erh\u00f6hen, mehr Follower anzuziehen und deine Pr\u00e4senz auf den sozialen Medien zu verbessern.<\/p>\n<h2>Warum Nordshark w\u00e4hlen?<\/h2>\n<p>Wenn es darum geht, Instagram-Kommentare zu kaufen, sticht Nordshark aus der Masse heraus. Hier sind einige Gr\u00fcnde, warum du uns w\u00e4hlen solltest:<\/p>\n<ul>\n<li>Hochwertige niederl\u00e4ndische Kommentare: Unser Team erfahrener Social-Media-Experten sorgt daf\u00fcr, dass alle Kommentare in nat\u00fcrlichem, flie\u00dfendem Niederl\u00e4ndisch verfasst werden. Dadurch wirken sie authentisch und erh\u00f6hen die Echtheit Ihres Instagram-Profils.<\/li>\n<li>Schnelle Lieferung: Wir verstehen die Bedeutung eines schnellen Kundenservice. Sobald Sie Ihre Bestellung aufgeben, bem\u00fchen wir uns, Ihre niederl\u00e4ndischen Kommentare innerhalb k\u00fcrzester Zeit zu liefern.<\/li>\n<li>Echte und aktive Konten: Wir stellen nur Kommentare von echten und aktiven Instagram-Konten zur Verf\u00fcgung, um sicherzustellen, dass dein Engagement authentisch wirkt und keine Verdachtsmomente beim Instagram-Algorithmus aufkommen.<\/li>\n<li>Bezahlbare Preise: Bei Nordshark sind wir der Meinung, dass die Steigerung Ihres Instagram-Engagements nicht die Bank sprengen sollte. Unsere Preispl\u00e4ne sind darauf ausgelegt, f\u00fcr Privatpersonen und Unternehmen jeder Gr\u00f6\u00dfe erschwinglich zu sein.<\/li>\n<\/ul>\n<h2>Wie es funktioniert<\/h2>\n<p>Den Kauf von niederl\u00e4ndischen Instagram-Kommentaren bei Nordshark zu erledigen, ist ein einfacher und unkomplizierter Prozess. Hier ist eine schrittweise Anleitung:<\/p>\n<ol>\n<li>W\u00e4hle die Anzahl der Kommentare: W\u00e4hle das Paket aus, das deinen Bed\u00fcrfnissen entspricht. Wir bieten eine Vielzahl von Optionen an, um verschiedenen Budgets und Engagement-Zielen gerecht zu werden.<\/li>\n<li>Gib die URL deines Instagram-Beitrags ein, auf dem du niederl\u00e4ndische Kommentare erhalten m\u00f6chtest.<\/li>\n<li>Zahlung sicher t\u00e4tigen: Wir haben erstklassige Sicherheitsma\u00dfnahmen implementiert, um sicherzustellen, dass Ihre Zahlungsinformationen gesch\u00fctzt sind. W\u00e4hlen Sie Ihre bevorzugte Zahlungsmethode und schlie\u00dfen Sie den Kauf ab.<\/li>\n<li>Genie\u00dfe den Anstieg des Engagements: Lehn dich zur\u00fcck und entspann dich, w\u00e4hrend wir qualitativ hochwertige niederl\u00e4ndische Kommentare zu deinem Instagram-Beitrag liefern. Beobachte, wie dein Engagement steigt und deine Sichtbarkeit zunimmt!<\/li>\n<\/ol>\n<h2>Die Vorteile des Kaufens von niederl\u00e4ndischen Instagram-Kommentaren<\/h2>\n<p>Investieren in niederl\u00e4ndische Instagram-Kommentare kann zahlreiche Vorteile f\u00fcr dein pers\u00f6nliches oder gesch\u00e4ftliches Instagram-Konto haben. Einige Vorteile sind:<\/p>\n<ul>\n<li>Erh\u00f6hte Interaktion: Echte und ansprechende Kommentare von niederl\u00e4ndischen Benutzern k\u00f6nnen mehr Aufmerksamkeit auf Ihre Beitr\u00e4ge lenken und andere Benutzer dazu ermutigen, zu interagieren und Ihrem Account zu folgen.<\/li>\n<li>Verbesserte soziale Best\u00e4tigung: Eine hohe Anzahl von Kommentaren l\u00e4sst dein Instagram-Profil beliebt und angesehen aussehen, verbessert deine Glaubw\u00fcrdigkeit und lockt mehr organische Follower an.<\/li>\n<li>Bessere Sichtbarkeit: Der Instagram-Algorithmus ber\u00fccksichtigt das Engagement, um zu entscheiden, welche Beitr\u00e4ge den Benutzern angezeigt werden sollen. Durch eine h\u00f6here Anzahl von Kommentaren wird es wahrscheinlicher, dass deine Beitr\u00e4ge im Feed potenzieller Follower angezeigt werden.<\/li>\n<li>Zielgruppe: Durch den Kauf von niederl\u00e4ndischen Instagram-Kommentaren kannst du eine spezifische Zielgruppe in den Niederlanden erreichen und die Chancen erh\u00f6hen, relevante Follower und potenzielle Kunden anzulocken.<\/li>\n<\/ul>\n<h2>Leg jetzt los mit Nordshark!<\/h2>\n<p>Bereit, das Engagement auf Instagram mit niederl\u00e4ndischen Kommentaren zu steigern? Besuche jetzt Nordshark und w\u00e4hle das Paket, das am besten zu dir passt. Steigere deine Sichtbarkeit, ziehe mehr Follower an und bringe deinen Instagram-Account auf die n\u00e4chste Stufe!<\/p>\n\t<\/div>\n<\/div>\n\n\n\n\n\t\t\t<\/div> \n\t\t<\/div>\n\t<\/div> \n<\/div><\/div>\n\t\t<div id=\"fws_69fb609f49c3d\"  data-column-margin=\"default\" data-midnight=\"light\" data-top-percent=\"10%\" data-bottom-percent=\"10%\"  class=\"wpb_row vc_row-fluid vc_row full-width-content vc_row-o-equal-height vc_row-flex vc_row-o-content-top  zindex-set mobile-disable-bg-image-animation right_padding_8pct left_padding_8pct nectar-overflow-hidden top_padding_phone_25pct bottom_padding_phone_25pct\"  style=\"padding-top: calc(100vw * 0.10); padding-bottom: calc(100vw * 0.10);  z-index: 100;\"><div class=\"row-bg-wrap\" data-bg-animation=\"fade-in\" data-bg-animation-delay=\"\" data-bg-overlay=\"true\"><div class=\"inner-wrap row-bg-layer\" style=\"background-color: #2b323a;\" ><div class=\"row-bg viewport-desktop using-bg-color\"  style=\"background-color: #2b323a; \"><\/div><\/div><div class=\"row-bg-overlay row-bg-layer\" style=\"background-color:rgba(0,0,0,0.78);  opacity: 0.8; \"><\/div><\/div>\n\t\t\t<div class=\"video-color-overlay row-bg-layer\" data-color=\"\"><\/div>\n\t\t\t\n\t\t\t<div class=\"nectar-video-wrap row-bg-layer\" data-bg-alignment=\"\">\n\t\t\t\t<div class=\"nectar-video-inner\">\n\t\t\t\t<video class=\"nectar-video-bg\" width=\"1800\" height=\"700\" preload=\"auto\" loop autoplay muted playsinline><source src=\"https:\/\/www.nordshark.com\/wp-content\/uploads\/2024\/02\/AdobeStock_454354002.mp4\"  type=\"video\/mp4\"><\/video>    \t\t<\/div>\n\t\t\t <\/div>\n\n\t\t\t<div class=\"row_col_wrap_12 col span_12 light left\">\n\t<div  class=\"vc_col-sm-12 wpb_column column_container vc_column_container col no-extra-padding column_position_static el_spacing_0px inherit_tablet inherit_phone\"  data-padding-pos=\"top-bottom\" data-has-bg-color=\"false\" data-bg-color=\"\" data-bg-opacity=\"1\" data-animation=\"\" data-delay=\"0\" >\n\t\t<div class=\"vc_column-inner\" >\n\t\t\t<div class=\"wpb_wrapper\">\n\t\t\t\t<div id=\"fws_69fb609f49cad\" data-midnight=\"\" data-column-margin=\"none\" class=\"wpb_row vc_row-fluid vc_row inner_row  right_padding_13vw left_padding_13vw\"  style=\" z-index: 10;\"><div class=\"row-bg-wrap\"> <div class=\"row-bg\" ><\/div> <\/div><div class=\"row_col_wrap_12_inner col span_12  left\">\n\t<div  class=\"vc_col-sm-12 wpb_column column_container vc_column_container col child_column centered-text no-extra-padding inherit_tablet inherit_phone\"   data-padding-pos=\"all\" data-has-bg-color=\"false\" data-bg-color=\"\" data-bg-opacity=\"1\" data-animation=\"\" data-delay=\"0\" >\n\t\t<div class=\"vc_column-inner\" >\n\t\t<div class=\"wpb_wrapper\">\n\t\t\t<div class=\"nectar-split-heading  font_size_9vw font_size_tablet_10vw font_line_height_0-95\" data-align=\"left\" data-m-align=\"inherit\" data-text-effect=\"letter-reveal-bottom\" data-animation-type=\"line-reveal-by-space\" data-animation-delay=\"150\" data-animation-offset=\"\" data-m-rm-animation=\"true\" data-stagger=\"true\" data-custom-font-size=\"true\" style=\"font-size: 9vw; line-height: 9.9vw;\"><h1 >Der Beste.<\/h1><\/div>\n\t\t<\/div> \n\t<\/div>\n\t<\/div> \n<\/div><\/div>\n\t\t\t<\/div> \n\t\t<\/div>\n\t<\/div> \n<\/div><\/div>","protected":false},"excerpt":{"rendered":"<p>\u2714 Echte hochwertige niederl\u00e4ndische Kommentare<br \/>\n\u2714 Startzeit: 0-4 Stunden (meistens sofort)<br \/>\n\u2714 Bester Service auf dem Markt<br \/>\n\u2714 Kein Abfall<br \/>\n\u2714 Einmalzahlungen \u2013 Kein Abonnement<\/p>\n<p>F\u00fcr <strong>International<\/strong> Kommentare <strong><span style=\"color: #0000ff;\"><a style=\"color: #0000ff;\" href=\"\/de\/product\/instagram-kommentare-kaufen\/\">Klick hier<\/a><\/span><\/strong><\/p>\n<p>&nbsp;<\/p>","protected":false},"featured_media":796,"comment_status":"open","ping_status":"closed","template":"","meta":{"inline_featured_image":false},"product_cat":[29,42,32],"product_tag":[39,34],"class_list":{"0":"post-329","1":"product","2":"type-product","3":"status-publish","4":"has-post-thumbnail","6":"product_cat-instagram","7":"product_cat-instagram-comments","8":"product_cat-social-store","9":"product_tag-country-related-instagram-comments","10":"product_tag-instagram-comments","12":"first","13":"instock","14":"sale","15":"sold-individually","16":"shipping-taxable","17":"purchasable","18":"product-type-variable","19":"has-default-attributes"},"yoast_head":"<!-- This site is optimized with the Yoast SEO Premium plugin v23.6 (Yoast SEO v24.1) - https:\/\/yoast.com\/wordpress\/plugins\/seo\/ -->\n<title>Buy Dutch Instagram Comments - Engagement by Nordshark<\/title>\n<meta name=\"description\" content=\"Boost your Instagram presence with Dutch comments. Buy real and authentic Dutch Instagram comments for genuine engagement.\" \/>\n<meta name=\"robots\" content=\"index, follow, max-snippet:-1, max-image-preview:large, max-video-preview:-1\" \/>\n<link rel=\"canonical\" href=\"https:\/\/www.nordshark.com\/de\/product\/niederlandische-instagram-kommentare-kaufen\/\" \/>\n<meta property=\"og:locale\" content=\"de_DE\" \/>\n<meta property=\"og:type\" content=\"article\" \/>\n<meta property=\"og:title\" content=\"Dutch Instagram Comments\" \/>\n<meta property=\"og:description\" content=\"Boost your Instagram presence with Dutch comments. Buy real and authentic Dutch Instagram comments for genuine engagement.\" \/>\n<meta property=\"og:url\" content=\"https:\/\/www.nordshark.com\/de\/product\/niederlandische-instagram-kommentare-kaufen\/\" \/>\n<meta property=\"og:site_name\" content=\"Nordshark\" \/>\n<meta property=\"article:modified_time\" content=\"2025-04-23T11:35:46+00:00\" \/>\n<meta property=\"og:image\" content=\"https:\/\/www.nordshark.com\/wp-content\/uploads\/2024\/02\/Dutch.Comments.jpg\" \/>\n\t<meta property=\"og:image:width\" content=\"800\" \/>\n\t<meta property=\"og:image:height\" content=\"800\" \/>\n\t<meta property=\"og:image:type\" content=\"image\/jpeg\" \/>\n<meta name=\"twitter:card\" content=\"summary_large_image\" \/>\n<meta name=\"twitter:label1\" content=\"Verf\u00fcgbarkeit\" \/>\n\t<meta name=\"twitter:data1\" content=\"Auf Lager\" \/>\n<script type=\"application\/ld+json\" class=\"yoast-schema-graph\">{\"@context\":\"https:\/\/schema.org\",\"@graph\":[{\"@type\":\"WebPage\",\"@id\":\"https:\/\/www.nordshark.com\/product\/buy-dutch-instagram-comments\/\",\"url\":\"https:\/\/www.nordshark.com\/product\/buy-dutch-instagram-comments\/\",\"name\":\"Buy Dutch Instagram Comments - Engagement by Nordshark\",\"isPartOf\":{\"@id\":\"https:\/\/www.nordshark.com\/#website\"},\"primaryImageOfPage\":{\"@id\":\"https:\/\/www.nordshark.com\/product\/buy-dutch-instagram-comments\/#primaryimage\"},\"image\":{\"@id\":\"https:\/\/www.nordshark.com\/product\/buy-dutch-instagram-comments\/#primaryimage\"},\"thumbnailUrl\":\"https:\/\/www.nordshark.com\/wp-content\/uploads\/2024\/02\/Dutch.Comments.jpg\",\"datePublished\":\"2024-02-17T19:52:04+00:00\",\"dateModified\":\"2025-04-23T11:35:46+00:00\",\"description\":\"Boost your Instagram presence with Dutch comments. Buy real and authentic Dutch Instagram comments for genuine engagement.\",\"breadcrumb\":{\"@id\":\"https:\/\/www.nordshark.com\/product\/buy-dutch-instagram-comments\/#breadcrumb\"},\"inLanguage\":\"de\",\"potentialAction\":[{\"@type\":\"ReadAction\",\"target\":[\"https:\/\/www.nordshark.com\/product\/buy-dutch-instagram-comments\/\"]}]},{\"@type\":\"ImageObject\",\"inLanguage\":\"de\",\"@id\":\"https:\/\/www.nordshark.com\/product\/buy-dutch-instagram-comments\/#primaryimage\",\"url\":\"https:\/\/www.nordshark.com\/wp-content\/uploads\/2024\/02\/Dutch.Comments.jpg\",\"contentUrl\":\"https:\/\/www.nordshark.com\/wp-content\/uploads\/2024\/02\/Dutch.Comments.jpg\",\"width\":800,\"height\":800,\"caption\":\"Buy Dutch Instagram Comments\"},{\"@type\":\"BreadcrumbList\",\"@id\":\"https:\/\/www.nordshark.com\/product\/buy-dutch-instagram-comments\/#breadcrumb\",\"itemListElement\":[{\"@type\":\"ListItem\",\"position\":1,\"name\":\"Home\",\"item\":\"https:\/\/www.nordshark.com\/\"},{\"@type\":\"ListItem\",\"position\":2,\"name\":\"Shop\",\"item\":\"https:\/\/www.nordshark.com\/shop\/\"},{\"@type\":\"ListItem\",\"position\":3,\"name\":\"Dutch Instagram Comments\"}]},{\"@type\":\"WebSite\",\"@id\":\"https:\/\/www.nordshark.com\/#website\",\"url\":\"https:\/\/www.nordshark.com\/\",\"name\":\"Nordshark\",\"description\":\"\",\"potentialAction\":[{\"@type\":\"SearchAction\",\"target\":{\"@type\":\"EntryPoint\",\"urlTemplate\":\"https:\/\/www.nordshark.com\/?s={search_term_string}\"},\"query-input\":{\"@type\":\"PropertyValueSpecification\",\"valueRequired\":true,\"valueName\":\"search_term_string\"}}],\"inLanguage\":\"de\"}]}<\/script>\n<meta property=\"og:availability\" content=\"instock\" \/>\n<meta property=\"product:availability\" content=\"instock\" \/>\n<meta property=\"product:condition\" content=\"new\" \/>\n<!-- \/ Yoast SEO Premium plugin. -->","yoast_head_json":{"title":"Buy Dutch Instagram Comments - Engagement by Nordshark","description":"Boost your Instagram presence with Dutch comments. Buy real and authentic Dutch Instagram comments for genuine engagement.","robots":{"index":"index","follow":"follow","max-snippet":"max-snippet:-1","max-image-preview":"max-image-preview:large","max-video-preview":"max-video-preview:-1"},"canonical":"https:\/\/www.nordshark.com\/de\/product\/niederlandische-instagram-kommentare-kaufen\/","og_locale":"de_DE","og_type":"article","og_title":"Dutch Instagram Comments","og_description":"Boost your Instagram presence with Dutch comments. Buy real and authentic Dutch Instagram comments for genuine engagement.","og_url":"https:\/\/www.nordshark.com\/de\/product\/niederlandische-instagram-kommentare-kaufen\/","og_site_name":"Nordshark","article_modified_time":"2025-04-23T11:35:46+00:00","og_image":[{"width":800,"height":800,"url":"https:\/\/www.nordshark.com\/wp-content\/uploads\/2024\/02\/Dutch.Comments.jpg","type":"image\/jpeg"}],"twitter_card":"summary_large_image","twitter_misc":{"Verf\u00fcgbarkeit":"Auf Lager"},"schema":{"@context":"https:\/\/schema.org","@graph":[{"@type":"WebPage","@id":"https:\/\/www.nordshark.com\/product\/buy-dutch-instagram-comments\/","url":"https:\/\/www.nordshark.com\/product\/buy-dutch-instagram-comments\/","name":"Buy Dutch Instagram Comments - Engagement by Nordshark","isPartOf":{"@id":"https:\/\/www.nordshark.com\/#website"},"primaryImageOfPage":{"@id":"https:\/\/www.nordshark.com\/product\/buy-dutch-instagram-comments\/#primaryimage"},"image":{"@id":"https:\/\/www.nordshark.com\/product\/buy-dutch-instagram-comments\/#primaryimage"},"thumbnailUrl":"https:\/\/www.nordshark.com\/wp-content\/uploads\/2024\/02\/Dutch.Comments.jpg","datePublished":"2024-02-17T19:52:04+00:00","dateModified":"2025-04-23T11:35:46+00:00","description":"Boost your Instagram presence with Dutch comments. Buy real and authentic Dutch Instagram comments for genuine engagement.","breadcrumb":{"@id":"https:\/\/www.nordshark.com\/product\/buy-dutch-instagram-comments\/#breadcrumb"},"inLanguage":"de","potentialAction":[{"@type":"ReadAction","target":["https:\/\/www.nordshark.com\/product\/buy-dutch-instagram-comments\/"]}]},{"@type":"ImageObject","inLanguage":"de","@id":"https:\/\/www.nordshark.com\/product\/buy-dutch-instagram-comments\/#primaryimage","url":"https:\/\/www.nordshark.com\/wp-content\/uploads\/2024\/02\/Dutch.Comments.jpg","contentUrl":"https:\/\/www.nordshark.com\/wp-content\/uploads\/2024\/02\/Dutch.Comments.jpg","width":800,"height":800,"caption":"Buy Dutch Instagram Comments"},{"@type":"BreadcrumbList","@id":"https:\/\/www.nordshark.com\/product\/buy-dutch-instagram-comments\/#breadcrumb","itemListElement":[{"@type":"ListItem","position":1,"name":"Home","item":"https:\/\/www.nordshark.com\/"},{"@type":"ListItem","position":2,"name":"Shop","item":"https:\/\/www.nordshark.com\/shop\/"},{"@type":"ListItem","position":3,"name":"Dutch Instagram Comments"}]},{"@type":"WebSite","@id":"https:\/\/www.nordshark.com\/#website","url":"https:\/\/www.nordshark.com\/","name":"Nordshark","description":"","potentialAction":[{"@type":"SearchAction","target":{"@type":"EntryPoint","urlTemplate":"https:\/\/www.nordshark.com\/?s={search_term_string}"},"query-input":{"@type":"PropertyValueSpecification","valueRequired":true,"valueName":"search_term_string"}}],"inLanguage":"de"}]},"og_availability":"instock","product_availability":"instock","product_condition":"new"},"_links":{"self":[{"href":"https:\/\/www.nordshark.com\/de\/wp-json\/wp\/v2\/product\/329","targetHints":{"allow":["GET"]}}],"collection":[{"href":"https:\/\/www.nordshark.com\/de\/wp-json\/wp\/v2\/product"}],"about":[{"href":"https:\/\/www.nordshark.com\/de\/wp-json\/wp\/v2\/types\/product"}],"replies":[{"embeddable":true,"href":"https:\/\/www.nordshark.com\/de\/wp-json\/wp\/v2\/comments?post=329"}],"wp:featuredmedia":[{"embeddable":true,"href":"https:\/\/www.nordshark.com\/de\/wp-json\/wp\/v2\/media\/796"}],"wp:attachment":[{"href":"https:\/\/www.nordshark.com\/de\/wp-json\/wp\/v2\/media?parent=329"}],"wp:term":[{"taxonomy":"product_cat","embeddable":true,"href":"https:\/\/www.nordshark.com\/de\/wp-json\/wp\/v2\/product_cat?post=329"},{"taxonomy":"product_tag","embeddable":true,"href":"https:\/\/www.nordshark.com\/de\/wp-json\/wp\/v2\/product_tag?post=329"}],"curies":[{"name":"wp","href":"https:\/\/api.w.org\/{rel}","templated":true}]}}