{"id":321,"date":"2024-02-17T20:47:02","date_gmt":"2024-02-17T19:47:02","guid":{"rendered":"https:\/\/www.nordshark.com\/?post_type=product&#038;p=321"},"modified":"2024-03-04T14:08:37","modified_gmt":"2024-03-04T13:08:37","slug":"buy-italian-instagram-comments","status":"publish","type":"product","link":"https:\/\/www.nordshark.com\/de\/product\/italienische-instagram-kommentare-kaufen\/","title":{"rendered":"Italienische Instagram-Kommentare"},"content":{"rendered":"<div id=\"fws_69fb6033e1830\"  data-column-margin=\"default\" data-midnight=\"dark\" data-top-percent=\"8%\"  class=\"wpb_row vc_row-fluid vc_row full-width-section  right_padding_10pct left_padding_10pct\"  style=\"padding-top: calc(100vw * 0.08); padding-bottom: 0px; \"><div class=\"row-bg-wrap\" data-bg-animation=\"none\" data-bg-animation-delay=\"\" data-bg-overlay=\"false\"><div class=\"inner-wrap row-bg-layer\" ><div class=\"row-bg viewport-desktop\"  style=\"\"><\/div><\/div><\/div><div class=\"row_col_wrap_12 col span_12 dark left\">\n\t<div  class=\"vc_col-sm-12 wpb_column column_container vc_column_container col no-extra-padding inherit_tablet inherit_phone\"  data-padding-pos=\"all\" data-has-bg-color=\"false\" data-bg-color=\"\" data-bg-opacity=\"1\" data-animation=\"\" data-delay=\"0\" >\n\t\t<div class=\"vc_column-inner\" >\n\t\t\t<div class=\"wpb_wrapper\">\n\t\t\t\t<div id=\"fws_69fb6033e1914\" data-midnight=\"\" data-column-margin=\"default\" class=\"wpb_row vc_row-fluid vc_row inner_row\"  style=\"padding-bottom: 4%; \"><div class=\"row-bg-wrap\"> <div class=\"row-bg\" ><\/div> <\/div><div class=\"row_col_wrap_12_inner col span_12  left\">\n\t<div  class=\"vc_col-sm-12 wpb_column column_container vc_column_container col child_column centered-text no-extra-padding inherit_tablet inherit_phone\"   data-padding-pos=\"all\" data-has-bg-color=\"false\" data-bg-color=\"\" data-bg-opacity=\"1\" data-animation=\"\" data-delay=\"0\" >\n\t\t<div class=\"vc_column-inner\" >\n\t\t<div class=\"wpb_wrapper\">\n\t\t\t<div class=\"nectar-highlighted-text font_size_2vw font_size_tablet_6vw font_line_height_1-0\" data-style=\"none\" data-exp=\"default\" data-using-custom-color=\"false\" data-animation-delay=\"false\" data-color=\"\" data-color-gradient=\"\" style=\"\"><h3>H\u00e4ufig gestellte Fragen<\/h3>\n<\/div>\n\t\t<\/div> \n\t<\/div>\n\t<\/div> \n<\/div><\/div>\n\t\t\t<\/div> \n\t\t<\/div>\n\t<\/div> \n<\/div><\/div>\n\t\t<div id=\"fws_69fb6033e1a28\"  data-column-margin=\"custom\" data-midnight=\"dark\" data-top-percent=\"3%\" data-bottom-percent=\"3%\"  class=\"wpb_row vc_row-fluid vc_row full-width-content vc_row-o-equal-height vc_row-flex vc_row-o-content-middle  right_padding_7vw left_padding_7vw column-margin-7vw top_padding_phone_10pct bottom_padding_phone_10pct\"  style=\"padding-top: calc(100vw * 0.03); padding-bottom: calc(100vw * 0.03); \"><div class=\"row-bg-wrap\" data-bg-animation=\"none\" data-bg-animation-delay=\"\" data-bg-overlay=\"false\"><div class=\"inner-wrap row-bg-layer\" ><div class=\"row-bg viewport-desktop using-bg-color\"  style=\"background-color: #f8f8f8; \"><\/div><\/div><\/div><div class=\"row_col_wrap_12 col span_12 dark left\">\n\t<div  class=\"vc_col-sm-6 wpb_column column_container vc_column_container col left_padding_desktop_2vw\"  data-padding-pos=\"all\" data-has-bg-color=\"false\" data-bg-color=\"\" data-bg-opacity=\"1\" data-animation=\"\" data-delay=\"0\" >\n\t\t<div class=\"vc_column-inner\" >\n\t\t\t<div class=\"wpb_wrapper\">\n\t\t\t\t<div class=\"toggles accordion\" data-br=\"\" data-starting=\"default\" data-style=\"minimal\"><div class=\"toggle accent-color\" data-inner-wrap=\"true\"><h3 class=\"toggle-title\"><a href=\"#\" role=\"button\" class=\"nectar-inherit-h4 toggle-heading\"><i role=\"presentation\" class=\"fa fa-plus-circle\"><\/i>Wie lange dauert es, bis die gekauften italienischen Kommentare geliefert werden?<\/a><\/h3><div><div class=\"inner-toggle-wrap\">\n<div class=\"wpb_text_column wpb_content_element\" >\n\t<div class=\"wpb_wrapper\">\n\t\t<p>Die Auslieferung der gekauften Kommentare beginnt normalerweise innerhalb von 0 bis 1 Stunden nach dem Kauf. Die vollst\u00e4ndige Erf\u00fcllung der Bestellung kann jedoch je nach der Anzahl der gekauften Kommentare variieren. Wir bem\u00fchen uns, alle Bestellungen so schnell wie m\u00f6glich abzuschlie\u00dfen, dabei aber die Qualit\u00e4t der Kommentare zu gew\u00e4hrleisten.<\/p>\n\t<\/div>\n<\/div>\n\n\n\n<\/div><\/div><\/div><div class=\"toggle accent-color\" data-inner-wrap=\"true\"><h3 class=\"toggle-title\"><a href=\"#\" role=\"button\" class=\"nectar-inherit-h4 toggle-heading\"><i role=\"presentation\" class=\"fa fa-plus-circle\"><\/i>Welche Art von italienischen Kommentaren kann ich erwarten, wenn ich Ihren Service kaufe?<\/a><\/h3><div><div class=\"inner-toggle-wrap\">\n<div class=\"wpb_text_column wpb_content_element\" >\n\t<div class=\"wpb_wrapper\">\n\t\t<p>Positive und themenbezogene Kommentare, die zu deinem Beitrag passen und Engagement f\u00f6rdern.<\/p>\n\t<\/div>\n<\/div>\n\n\n\n<\/div><\/div><\/div><div class=\"toggle accent-color\" data-inner-wrap=\"true\"><h3 class=\"toggle-title\"><a href=\"#\" role=\"button\" class=\"nectar-inherit-h4 toggle-heading\"><i role=\"presentation\" class=\"fa fa-plus-circle\"><\/i>Qualit\u00e4t der italienischen Instagram-Kommentare?<\/a><\/h3><div><div class=\"inner-toggle-wrap\">\n<div class=\"wpb_text_column wpb_content_element\" >\n\t<div class=\"wpb_wrapper\">\n\t\t<p>Hochwertige Kommentare von echten, aktiven italienischen Instagram-Nutzern, die nat\u00fcrlich und relevant sind.<\/p>\n\t<\/div>\n<\/div>\n\n\n\n<\/div><\/div><\/div><\/div>\n\n\n\n\n\n\n\n\n\n\n\n\n\n\n\n\n\n\n\n\n\t\t\t<\/div> \n\t\t<\/div>\n\t<\/div> \n\n\t<div  class=\"vc_col-sm-6 vc_hidden-sm vc_hidden-xs wpb_column column_container vc_column_container col top_margin_tablet_10pct right_padding_desktop_2vw\"  data-padding-pos=\"all\" data-has-bg-color=\"false\" data-bg-color=\"\" data-bg-opacity=\"1\" data-animation=\"\" data-delay=\"0\" >\n\t\t<div class=\"vc_column-inner\" >\n\t\t\t<div class=\"wpb_wrapper\">\n\t\t\t\t<div id=\"fws_69fb6033e1c00\" data-midnight=\"\" data-column-margin=\"default\" class=\"wpb_row vc_row-fluid vc_row inner_row\"  style=\"\"><div class=\"row-bg-wrap\"> <div class=\"row-bg\" ><\/div> <\/div><div class=\"row_col_wrap_12_inner col span_12  left\">\n\t<div  class=\"vc_col-sm-12 wpb_column column_container vc_column_container col child_column col-overflow-hidden mask_shape_circle-rect mask_size_contain top_padding_desktop_20pct bottom_padding_desktop_20pct\"   data-border-radius=\"15px\" data-video-bg=\"true\" data-overlay-color=\"true\" data-padding-pos=\"all\" data-has-bg-color=\"false\" data-bg-color=\"\" data-bg-opacity=\"1\" data-animation=\"\" data-delay=\"0\" >\n\t\t<div class=\"vc_column-inner\" >\n  <div class=\"nectar-video-wrap column-bg-layer column-video\">\n        <video class=\"nectar-video-bg\" width=\"1800\" height=\"700\" preload=\"auto\" loop autoplay muted playsinline><source src=\"https:\/\/www.nordshark.com\/wp-content\/uploads\/2024\/02\/faq2.mp4\"  type=\"video\/mp4\"><\/video><\/div><div class=\"column-bg-overlay-wrap column-bg-layer\" data-bg-animation=\"none\"><div class=\"column-bg-overlay\"><\/div><div class=\"column-overlay-layer\" style=\"\"><\/div><\/div>\n\t\t<div class=\"wpb_wrapper\">\n\t\t\t\n\t\t<\/div> \n\t<\/div>\n\t<\/div> \n<\/div><\/div>\n\t\t\t<\/div> \n\t\t<\/div>\n\t<\/div> \n<\/div><\/div>\n\t\t<div id=\"fws_69fb6033e1c8b\"  data-column-margin=\"default\" data-midnight=\"dark\" data-top-percent=\"5%\" data-bottom-percent=\"5%\"  class=\"wpb_row vc_row-fluid vc_row  right_padding_5pct left_padding_5pct\"  style=\"padding-top: calc(100vw * 0.05); padding-bottom: calc(100vw * 0.05); \"><div class=\"row-bg-wrap\" data-bg-animation=\"none\" data-bg-animation-delay=\"\" data-bg-overlay=\"false\"><div class=\"inner-wrap row-bg-layer\" ><div class=\"row-bg viewport-desktop\"  style=\"\"><\/div><\/div><\/div><div class=\"row_col_wrap_12 col span_12 dark left\">\n\t<div  class=\"vc_col-sm-12 wpb_column column_container vc_column_container col no-extra-padding inherit_tablet inherit_phone\"  data-padding-pos=\"all\" data-has-bg-color=\"false\" data-bg-color=\"\" data-bg-opacity=\"1\" data-animation=\"\" data-delay=\"0\" >\n\t\t<div class=\"vc_column-inner\" >\n\t\t\t<div class=\"wpb_wrapper\">\n\t\t\t\t\n<div class=\"wpb_text_column wpb_content_element\" >\n\t<div class=\"wpb_wrapper\">\n\t\t<h1>Willkommen bei Nordshark!<\/h1>\n<h2>Steigere dein Instagram-Engagement mit italienischen Kommentaren bei Instagram.<\/h2>\n<p>Du m\u00f6chtest deine Instagram-Interaktionen steigern und deine Online-Pr\u00e4senz ausbauen? Suche nicht weiter! Nordshark ist hier, um dir bei der Erreichung deiner Ziele zu helfen. Mit unseren hochwertigen italienischen Instagram-Kommentaren kannst du dein Instagram-Spiel auf die n\u00e4chste Stufe heben.<\/p>\n<h3>Warum Italienische Instagram-Kommentare w\u00e4hlen?<\/h3>\n<p>Italienische Instagram-Kommentare sind eine gro\u00dfartige M\u00f6glichkeit, um mit Ihrem Publikum in Kontakt zu treten und Ihre Beitr\u00e4ge interaktiver zu gestalten. Wenn Sie italienische Instagram-Kommentare von Nordshark kaufen, erhalten Sie echte, engagierte Kommentare von echten italienischen Benutzern. Dies tr\u00e4gt dazu bei, ein Gef\u00fchl von Authentizit\u00e4t und Glaubw\u00fcrdigkeit f\u00fcr Ihren Instagram-Account zu schaffen.<\/p>\n<h3>Wie italienische Instagram-Kommentare Ihnen zugutekommen k\u00f6nnen<\/h3>\n<p>Italienische Instagram-Kommentare bieten mehrere Vorteile f\u00fcr dein Instagram-Profil:<\/p>\n<ul>\n<li><strong>Steigerung der Beteiligung:<\/strong>\u00a0Italienische Instagram-Kommentare k\u00f6nnen Ihr Engagement steigern, indem sie Gespr\u00e4che und Diskussionen unter Ihren Beitr\u00e4gen f\u00f6rdern.<\/li>\n<li><strong>Verbesserte Sichtbarkeit:<\/strong>\u00a0Wenn deine Beitr\u00e4ge Kommentare auf Italienisch erhalten, zieht das mehr Aufmerksamkeit von Nutzern in Italien an und hilft, deine Sichtbarkeit auf dem italienischen Markt zu erh\u00f6hen.<\/li>\n<li><strong>Verbesserte Markenreputation<\/strong>\u00a0Echte italienische Kommentare zeigen, dass deine Marke von einem internationalen Publikum vertraut und gesch\u00e4tzt wird.<\/li>\n<li><strong>Mehr soziale Beweise:<\/strong>\u00a0Italienische Instagram-Kommentare dienen als sozialer Beweis und zeigen potenziellen Followern, dass dein Inhalt bei verschiedenen Zielgruppen Anklang findet.<\/li>\n<\/ul>\n<h3>Wie Nordshark die besten italienischen Instagram-Kommentare bereitstellt<\/h3>\n<p>Bei Nordshark sind wir der \u00dcberzeugung, unseren Kunden die hochwertigsten italienischen Instagram-Kommentare zu liefern. Hier ist, was uns auszeichnet:<\/p>\n<ol>\n<li><strong>Echte italienische Benutzer:<\/strong>\u00a0Wir haben ein Netzwerk echter italienischer Benutzer, die echte Kommentare auf deinen Instagram-Beitr\u00e4gen hinterlassen werden.<\/li>\n<li><strong>Anpassbare Kommentare:<\/strong>\u00a0Du kannst spezifische Kommentare ausw\u00e4hlen oder wir k\u00f6nnen eine Vielzahl relevanter und ansprechender Kommentare auf Italienisch bereitstellen.<\/li>\n<li><strong>Schnelle Lieferung:<\/strong>\u00a0Unsere italienischen Instagram-Kommentare werden schnell geliefert, damit du sofort von den Vorteilen profitieren kannst.<\/li>\n<li><strong>Sicher und gesch\u00fctzt:<\/strong>\u00a0Wir legen Wert auf die Privatsph\u00e4re und Sicherheit unserer Kunden. Deine Instagram-Kontodaten werden vertraulich behandelt.<\/li>\n<\/ol>\n<p>Verpasse nicht die Gelegenheit, deine Instagram-Pr\u00e4senz mit italienischen Instagram-Kommentaren zu verbessern. Steigere dein Engagement, erh\u00f6he deine Sichtbarkeit und etabliere eine starke Markenreputation in Italien mit Nordshark.<\/p>\n<h2>Warum Nordshark w\u00e4hlen?<\/h2>\n<p>Bei den vielen Anbietern da drau\u00dfen fragst du dich vielleicht, warum du Nordshark w\u00e4hlen solltest. Hier sind ein paar Gr\u00fcnde daf\u00fcr:<\/p>\n<ul>\n<li><strong>Erfahrung:<\/strong>\u00a0Wir haben jahrelange Erfahrung darin, qualitativ hochwertige Social-Media-Dienste anzubieten.<\/li>\n<li><strong>Kundenzufriedenheit:<\/strong>\u00a0Die Zufriedenheit unserer Kunden hat f\u00fcr uns oberste Priorit\u00e4t. Wir bem\u00fchen uns, ihre Erwartungen zu \u00fcbertreffen.<\/li>\n<li><strong>G\u00fcnstige Preise:<\/strong>\u00a0Wir bieten wettbewerbsf\u00e4hige Preise f\u00fcr unsere italienischen Instagram-Kommentare, ohne die Qualit\u00e4t zu beeintr\u00e4chtigen.<\/li>\n<li><strong>24\/7 Kundensupport:<\/strong>\u00a0Unser freundliches und kompetentes Support-Team steht Ihnen rund um die Uhr zur Verf\u00fcgung, um Ihnen zu helfen.<\/li>\n<\/ul>\n<p>Bereit, dein Instagram-Engagement auf ein h\u00f6heres Level zu bringen? Kaufe jetzt italienische Instagram-Kommentare von Nordshark und sp\u00fcr den Unterschied, den es macht!<\/p>\n\t<\/div>\n<\/div>\n\n\n\n\n\t\t\t<\/div> \n\t\t<\/div>\n\t<\/div> \n<\/div><\/div>\n\t\t<div id=\"fws_69fb6033e1d86\"  data-column-margin=\"default\" data-midnight=\"light\" data-top-percent=\"10%\" data-bottom-percent=\"10%\"  class=\"wpb_row vc_row-fluid vc_row full-width-content vc_row-o-equal-height vc_row-flex vc_row-o-content-top  zindex-set mobile-disable-bg-image-animation right_padding_8pct left_padding_8pct nectar-overflow-hidden top_padding_phone_25pct bottom_padding_phone_25pct\"  style=\"padding-top: calc(100vw * 0.10); padding-bottom: calc(100vw * 0.10);  z-index: 100;\"><div class=\"row-bg-wrap\" data-bg-animation=\"fade-in\" data-bg-animation-delay=\"\" data-bg-overlay=\"true\"><div class=\"inner-wrap row-bg-layer\" style=\"background-color: #2b323a;\" ><div class=\"row-bg viewport-desktop using-bg-color\"  style=\"background-color: #2b323a; \"><\/div><\/div><div class=\"row-bg-overlay row-bg-layer\" style=\"background-color:rgba(0,0,0,0.78);  opacity: 0.8; \"><\/div><\/div>\n\t\t\t<div class=\"video-color-overlay row-bg-layer\" data-color=\"\"><\/div>\n\t\t\t\n\t\t\t<div class=\"nectar-video-wrap row-bg-layer\" data-bg-alignment=\"\">\n\t\t\t\t<div class=\"nectar-video-inner\">\n\t\t\t\t<video class=\"nectar-video-bg\" width=\"1800\" height=\"700\" preload=\"auto\" loop autoplay muted playsinline><source src=\"https:\/\/www.nordshark.com\/wp-content\/uploads\/2024\/02\/AdobeStock_454354002.mp4\"  type=\"video\/mp4\"><\/video>    \t\t<\/div>\n\t\t\t <\/div>\n\n\t\t\t<div class=\"row_col_wrap_12 col span_12 light left\">\n\t<div  class=\"vc_col-sm-12 wpb_column column_container vc_column_container col no-extra-padding column_position_static el_spacing_0px inherit_tablet inherit_phone\"  data-padding-pos=\"top-bottom\" data-has-bg-color=\"false\" data-bg-color=\"\" data-bg-opacity=\"1\" data-animation=\"\" data-delay=\"0\" >\n\t\t<div class=\"vc_column-inner\" >\n\t\t\t<div class=\"wpb_wrapper\">\n\t\t\t\t<div id=\"fws_69fb6033e1df0\" data-midnight=\"\" data-column-margin=\"none\" class=\"wpb_row vc_row-fluid vc_row inner_row  right_padding_13vw left_padding_13vw\"  style=\" z-index: 10;\"><div class=\"row-bg-wrap\"> <div class=\"row-bg\" ><\/div> <\/div><div class=\"row_col_wrap_12_inner col span_12  left\">\n\t<div  class=\"vc_col-sm-12 wpb_column column_container vc_column_container col child_column centered-text no-extra-padding inherit_tablet inherit_phone\"   data-padding-pos=\"all\" data-has-bg-color=\"false\" data-bg-color=\"\" data-bg-opacity=\"1\" data-animation=\"\" data-delay=\"0\" >\n\t\t<div class=\"vc_column-inner\" >\n\t\t<div class=\"wpb_wrapper\">\n\t\t\t<div class=\"nectar-split-heading  font_size_9vw font_size_tablet_10vw font_line_height_0-95\" data-align=\"left\" data-m-align=\"inherit\" data-text-effect=\"letter-reveal-bottom\" data-animation-type=\"line-reveal-by-space\" data-animation-delay=\"150\" data-animation-offset=\"\" data-m-rm-animation=\"true\" data-stagger=\"true\" data-custom-font-size=\"true\" style=\"font-size: 9vw; line-height: 9.9vw;\"><h1 >Der Beste.<\/h1><\/div>\n\t\t<\/div> \n\t<\/div>\n\t<\/div> \n<\/div><\/div>\n\t\t\t<\/div> \n\t\t<\/div>\n\t<\/div> \n<\/div><\/div>","protected":false},"excerpt":{"rendered":"<p>\u2714 Echte hochwertige italienische Kommentare<br \/>\n\u2714 Startzeit: 0-4 Stunden (meistens sofort)<br \/>\n\u2714 Bester Service auf dem Markt<br \/>\n\u2714 Kein Abfall<br \/>\n\u2714 Einmalzahlungen \u2013 Kein Abonnement<\/p>\n<p>F\u00fcr <strong>International<\/strong> Kommentare <strong><span style=\"color: #0000ff;\"><a style=\"color: #0000ff;\" href=\"\/de\/product\/instagram-kommentare-kaufen\/\">Klick hier<\/a><\/span><\/strong><\/p>\n<p>&nbsp;<\/p>","protected":false},"featured_media":795,"comment_status":"open","ping_status":"closed","template":"","meta":{"inline_featured_image":false},"product_cat":[29,42,32],"product_tag":[39,34],"class_list":{"0":"post-321","1":"product","2":"type-product","3":"status-publish","4":"has-post-thumbnail","6":"product_cat-instagram","7":"product_cat-instagram-comments","8":"product_cat-social-store","9":"product_tag-country-related-instagram-comments","10":"product_tag-instagram-comments","12":"first","13":"instock","14":"sale","15":"sold-individually","16":"shipping-taxable","17":"purchasable","18":"product-type-variable","19":"has-default-attributes"},"yoast_head":"<!-- This site is optimized with the Yoast SEO Premium plugin v23.6 (Yoast SEO v24.1) - https:\/\/yoast.com\/wordpress\/plugins\/seo\/ -->\n<title>Buy Italian Instagram Comments - Boost Engagement<\/title>\n<meta name=\"description\" content=\"Enhance engagement with authentic Italian Instagram comments. Instant delivery, secure payment. Buy Italian Instagram comments now!\" \/>\n<meta name=\"robots\" content=\"index, follow, max-snippet:-1, max-image-preview:large, max-video-preview:-1\" \/>\n<link rel=\"canonical\" href=\"https:\/\/www.nordshark.com\/de\/product\/italienische-instagram-kommentare-kaufen\/\" \/>\n<meta property=\"og:locale\" content=\"de_DE\" \/>\n<meta property=\"og:type\" content=\"article\" \/>\n<meta property=\"og:title\" content=\"Italian Instagram Comments\" \/>\n<meta property=\"og:description\" content=\"Enhance engagement with authentic Italian Instagram comments. Instant delivery, secure payment. Buy Italian Instagram comments now!\" \/>\n<meta property=\"og:url\" content=\"https:\/\/www.nordshark.com\/de\/product\/italienische-instagram-kommentare-kaufen\/\" \/>\n<meta property=\"og:site_name\" content=\"Nordshark\" \/>\n<meta property=\"article:modified_time\" content=\"2024-03-04T13:08:37+00:00\" \/>\n<meta property=\"og:image\" content=\"https:\/\/www.nordshark.com\/wp-content\/uploads\/2024\/02\/Italian.Comments.jpg\" \/>\n\t<meta property=\"og:image:width\" content=\"800\" \/>\n\t<meta property=\"og:image:height\" content=\"800\" \/>\n\t<meta property=\"og:image:type\" content=\"image\/jpeg\" \/>\n<meta name=\"twitter:card\" content=\"summary_large_image\" \/>\n<meta name=\"twitter:label1\" content=\"Verf\u00fcgbarkeit\" \/>\n\t<meta name=\"twitter:data1\" content=\"Auf Lager\" \/>\n<script type=\"application\/ld+json\" class=\"yoast-schema-graph\">{\"@context\":\"https:\/\/schema.org\",\"@graph\":[{\"@type\":\"WebPage\",\"@id\":\"https:\/\/www.nordshark.com\/product\/buy-italian-instagram-comments\/\",\"url\":\"https:\/\/www.nordshark.com\/product\/buy-italian-instagram-comments\/\",\"name\":\"Buy Italian Instagram Comments - Boost Engagement\",\"isPartOf\":{\"@id\":\"https:\/\/www.nordshark.com\/#website\"},\"primaryImageOfPage\":{\"@id\":\"https:\/\/www.nordshark.com\/product\/buy-italian-instagram-comments\/#primaryimage\"},\"image\":{\"@id\":\"https:\/\/www.nordshark.com\/product\/buy-italian-instagram-comments\/#primaryimage\"},\"thumbnailUrl\":\"https:\/\/www.nordshark.com\/wp-content\/uploads\/2024\/02\/Italian.Comments.jpg\",\"datePublished\":\"2024-02-17T19:47:02+00:00\",\"dateModified\":\"2024-03-04T13:08:37+00:00\",\"description\":\"Enhance engagement with authentic Italian Instagram comments. Instant delivery, secure payment. Buy Italian Instagram comments now!\",\"breadcrumb\":{\"@id\":\"https:\/\/www.nordshark.com\/product\/buy-italian-instagram-comments\/#breadcrumb\"},\"inLanguage\":\"de\",\"potentialAction\":[{\"@type\":\"ReadAction\",\"target\":[\"https:\/\/www.nordshark.com\/product\/buy-italian-instagram-comments\/\"]}]},{\"@type\":\"ImageObject\",\"inLanguage\":\"de\",\"@id\":\"https:\/\/www.nordshark.com\/product\/buy-italian-instagram-comments\/#primaryimage\",\"url\":\"https:\/\/www.nordshark.com\/wp-content\/uploads\/2024\/02\/Italian.Comments.jpg\",\"contentUrl\":\"https:\/\/www.nordshark.com\/wp-content\/uploads\/2024\/02\/Italian.Comments.jpg\",\"width\":800,\"height\":800,\"caption\":\"Buy Italian Instagram Comments\"},{\"@type\":\"BreadcrumbList\",\"@id\":\"https:\/\/www.nordshark.com\/product\/buy-italian-instagram-comments\/#breadcrumb\",\"itemListElement\":[{\"@type\":\"ListItem\",\"position\":1,\"name\":\"Home\",\"item\":\"https:\/\/www.nordshark.com\/\"},{\"@type\":\"ListItem\",\"position\":2,\"name\":\"Shop\",\"item\":\"https:\/\/www.nordshark.com\/shop\/\"},{\"@type\":\"ListItem\",\"position\":3,\"name\":\"Italian Instagram Comments\"}]},{\"@type\":\"WebSite\",\"@id\":\"https:\/\/www.nordshark.com\/#website\",\"url\":\"https:\/\/www.nordshark.com\/\",\"name\":\"Nordshark\",\"description\":\"\",\"potentialAction\":[{\"@type\":\"SearchAction\",\"target\":{\"@type\":\"EntryPoint\",\"urlTemplate\":\"https:\/\/www.nordshark.com\/?s={search_term_string}\"},\"query-input\":{\"@type\":\"PropertyValueSpecification\",\"valueRequired\":true,\"valueName\":\"search_term_string\"}}],\"inLanguage\":\"de\"}]}<\/script>\n<meta property=\"og:availability\" content=\"instock\" \/>\n<meta property=\"product:availability\" content=\"instock\" \/>\n<meta property=\"product:condition\" content=\"new\" \/>\n<!-- \/ Yoast SEO Premium plugin. -->","yoast_head_json":{"title":"Buy Italian Instagram Comments - Boost Engagement","description":"Enhance engagement with authentic Italian Instagram comments. Instant delivery, secure payment. Buy Italian Instagram comments now!","robots":{"index":"index","follow":"follow","max-snippet":"max-snippet:-1","max-image-preview":"max-image-preview:large","max-video-preview":"max-video-preview:-1"},"canonical":"https:\/\/www.nordshark.com\/de\/product\/italienische-instagram-kommentare-kaufen\/","og_locale":"de_DE","og_type":"article","og_title":"Italian Instagram Comments","og_description":"Enhance engagement with authentic Italian Instagram comments. Instant delivery, secure payment. Buy Italian Instagram comments now!","og_url":"https:\/\/www.nordshark.com\/de\/product\/italienische-instagram-kommentare-kaufen\/","og_site_name":"Nordshark","article_modified_time":"2024-03-04T13:08:37+00:00","og_image":[{"width":800,"height":800,"url":"https:\/\/www.nordshark.com\/wp-content\/uploads\/2024\/02\/Italian.Comments.jpg","type":"image\/jpeg"}],"twitter_card":"summary_large_image","twitter_misc":{"Verf\u00fcgbarkeit":"Auf Lager"},"schema":{"@context":"https:\/\/schema.org","@graph":[{"@type":"WebPage","@id":"https:\/\/www.nordshark.com\/product\/buy-italian-instagram-comments\/","url":"https:\/\/www.nordshark.com\/product\/buy-italian-instagram-comments\/","name":"Buy Italian Instagram Comments - Boost Engagement","isPartOf":{"@id":"https:\/\/www.nordshark.com\/#website"},"primaryImageOfPage":{"@id":"https:\/\/www.nordshark.com\/product\/buy-italian-instagram-comments\/#primaryimage"},"image":{"@id":"https:\/\/www.nordshark.com\/product\/buy-italian-instagram-comments\/#primaryimage"},"thumbnailUrl":"https:\/\/www.nordshark.com\/wp-content\/uploads\/2024\/02\/Italian.Comments.jpg","datePublished":"2024-02-17T19:47:02+00:00","dateModified":"2024-03-04T13:08:37+00:00","description":"Enhance engagement with authentic Italian Instagram comments. Instant delivery, secure payment. Buy Italian Instagram comments now!","breadcrumb":{"@id":"https:\/\/www.nordshark.com\/product\/buy-italian-instagram-comments\/#breadcrumb"},"inLanguage":"de","potentialAction":[{"@type":"ReadAction","target":["https:\/\/www.nordshark.com\/product\/buy-italian-instagram-comments\/"]}]},{"@type":"ImageObject","inLanguage":"de","@id":"https:\/\/www.nordshark.com\/product\/buy-italian-instagram-comments\/#primaryimage","url":"https:\/\/www.nordshark.com\/wp-content\/uploads\/2024\/02\/Italian.Comments.jpg","contentUrl":"https:\/\/www.nordshark.com\/wp-content\/uploads\/2024\/02\/Italian.Comments.jpg","width":800,"height":800,"caption":"Buy Italian Instagram Comments"},{"@type":"BreadcrumbList","@id":"https:\/\/www.nordshark.com\/product\/buy-italian-instagram-comments\/#breadcrumb","itemListElement":[{"@type":"ListItem","position":1,"name":"Home","item":"https:\/\/www.nordshark.com\/"},{"@type":"ListItem","position":2,"name":"Shop","item":"https:\/\/www.nordshark.com\/shop\/"},{"@type":"ListItem","position":3,"name":"Italian Instagram Comments"}]},{"@type":"WebSite","@id":"https:\/\/www.nordshark.com\/#website","url":"https:\/\/www.nordshark.com\/","name":"Nordshark","description":"","potentialAction":[{"@type":"SearchAction","target":{"@type":"EntryPoint","urlTemplate":"https:\/\/www.nordshark.com\/?s={search_term_string}"},"query-input":{"@type":"PropertyValueSpecification","valueRequired":true,"valueName":"search_term_string"}}],"inLanguage":"de"}]},"og_availability":"instock","product_availability":"instock","product_condition":"new"},"_links":{"self":[{"href":"https:\/\/www.nordshark.com\/de\/wp-json\/wp\/v2\/product\/321","targetHints":{"allow":["GET"]}}],"collection":[{"href":"https:\/\/www.nordshark.com\/de\/wp-json\/wp\/v2\/product"}],"about":[{"href":"https:\/\/www.nordshark.com\/de\/wp-json\/wp\/v2\/types\/product"}],"replies":[{"embeddable":true,"href":"https:\/\/www.nordshark.com\/de\/wp-json\/wp\/v2\/comments?post=321"}],"wp:featuredmedia":[{"embeddable":true,"href":"https:\/\/www.nordshark.com\/de\/wp-json\/wp\/v2\/media\/795"}],"wp:attachment":[{"href":"https:\/\/www.nordshark.com\/de\/wp-json\/wp\/v2\/media?parent=321"}],"wp:term":[{"taxonomy":"product_cat","embeddable":true,"href":"https:\/\/www.nordshark.com\/de\/wp-json\/wp\/v2\/product_cat?post=321"},{"taxonomy":"product_tag","embeddable":true,"href":"https:\/\/www.nordshark.com\/de\/wp-json\/wp\/v2\/product_tag?post=321"}],"curies":[{"name":"wp","href":"https:\/\/api.w.org\/{rel}","templated":true}]}}