{"id":313,"date":"2024-02-17T20:38:51","date_gmt":"2024-02-17T19:38:51","guid":{"rendered":"https:\/\/www.nordshark.com\/?post_type=product&#038;p=313"},"modified":"2024-03-04T14:08:29","modified_gmt":"2024-03-04T13:08:29","slug":"buy-german-instagram-comments","status":"publish","type":"product","link":"https:\/\/www.nordshark.com\/de\/product\/deutsche-instagram-kommentare-kaufen\/","title":{"rendered":"Deutsche Instagram-Kommentare"},"content":{"rendered":"<div id=\"fws_69fb604c363a8\"  data-column-margin=\"default\" data-midnight=\"dark\" data-top-percent=\"8%\"  class=\"wpb_row vc_row-fluid vc_row full-width-section  right_padding_10pct left_padding_10pct\"  style=\"padding-top: calc(100vw * 0.08); padding-bottom: 0px; \"><div class=\"row-bg-wrap\" data-bg-animation=\"none\" data-bg-animation-delay=\"\" data-bg-overlay=\"false\"><div class=\"inner-wrap row-bg-layer\" ><div class=\"row-bg viewport-desktop\"  style=\"\"><\/div><\/div><\/div><div class=\"row_col_wrap_12 col span_12 dark left\">\n\t<div  class=\"vc_col-sm-12 wpb_column column_container vc_column_container col no-extra-padding inherit_tablet inherit_phone\"  data-padding-pos=\"all\" data-has-bg-color=\"false\" data-bg-color=\"\" data-bg-opacity=\"1\" data-animation=\"\" data-delay=\"0\" >\n\t\t<div class=\"vc_column-inner\" >\n\t\t\t<div class=\"wpb_wrapper\">\n\t\t\t\t<div id=\"fws_69fb604c36509\" data-midnight=\"\" data-column-margin=\"default\" class=\"wpb_row vc_row-fluid vc_row inner_row\"  style=\"padding-bottom: 4%; \"><div class=\"row-bg-wrap\"> <div class=\"row-bg\" ><\/div> <\/div><div class=\"row_col_wrap_12_inner col span_12  left\">\n\t<div  class=\"vc_col-sm-12 wpb_column column_container vc_column_container col child_column centered-text no-extra-padding inherit_tablet inherit_phone\"   data-padding-pos=\"all\" data-has-bg-color=\"false\" data-bg-color=\"\" data-bg-opacity=\"1\" data-animation=\"\" data-delay=\"0\" >\n\t\t<div class=\"vc_column-inner\" >\n\t\t<div class=\"wpb_wrapper\">\n\t\t\t<div class=\"nectar-highlighted-text font_size_2vw font_size_tablet_6vw font_line_height_1-0\" data-style=\"none\" data-exp=\"default\" data-using-custom-color=\"false\" data-animation-delay=\"false\" data-color=\"\" data-color-gradient=\"\" style=\"\"><h3>H\u00e4ufig gestellte Fragen<\/h3>\n<\/div>\n\t\t<\/div> \n\t<\/div>\n\t<\/div> \n<\/div><\/div>\n\t\t\t<\/div> \n\t\t<\/div>\n\t<\/div> \n<\/div><\/div>\n\t\t<div id=\"fws_69fb604c366aa\"  data-column-margin=\"custom\" data-midnight=\"dark\" data-top-percent=\"3%\" data-bottom-percent=\"3%\"  class=\"wpb_row vc_row-fluid vc_row full-width-content vc_row-o-equal-height vc_row-flex vc_row-o-content-middle  right_padding_7vw left_padding_7vw column-margin-7vw top_padding_phone_10pct bottom_padding_phone_10pct\"  style=\"padding-top: calc(100vw * 0.03); padding-bottom: calc(100vw * 0.03); \"><div class=\"row-bg-wrap\" data-bg-animation=\"none\" data-bg-animation-delay=\"\" data-bg-overlay=\"false\"><div class=\"inner-wrap row-bg-layer\" ><div class=\"row-bg viewport-desktop using-bg-color\"  style=\"background-color: #f8f8f8; \"><\/div><\/div><\/div><div class=\"row_col_wrap_12 col span_12 dark left\">\n\t<div  class=\"vc_col-sm-6 wpb_column column_container vc_column_container col left_padding_desktop_2vw\"  data-padding-pos=\"all\" data-has-bg-color=\"false\" data-bg-color=\"\" data-bg-opacity=\"1\" data-animation=\"\" data-delay=\"0\" >\n\t\t<div class=\"vc_column-inner\" >\n\t\t\t<div class=\"wpb_wrapper\">\n\t\t\t\t<div class=\"toggles accordion\" data-br=\"\" data-starting=\"default\" data-style=\"minimal\"><div class=\"toggle accent-color\" data-inner-wrap=\"true\"><h3 class=\"toggle-title\"><a href=\"#\" role=\"button\" class=\"nectar-inherit-h4 toggle-heading\"><i role=\"presentation\" class=\"fa fa-plus-circle\"><\/i>Wie lange dauert es, bis die gekauften deutschen Kommentare geliefert werden?<\/a><\/h3><div><div class=\"inner-toggle-wrap\">\n<div class=\"wpb_text_column wpb_content_element\" >\n\t<div class=\"wpb_wrapper\">\n\t\t<p>Die Auslieferung der gekauften Kommentare beginnt normalerweise innerhalb von 0 bis 1 Stunden nach dem Kauf. Die vollst\u00e4ndige Erf\u00fcllung der Bestellung kann jedoch je nach der Anzahl der gekauften Kommentare variieren. Wir bem\u00fchen uns, alle Bestellungen so schnell wie m\u00f6glich abzuschlie\u00dfen, dabei aber die Qualit\u00e4t der Kommentare zu gew\u00e4hrleisten.<\/p>\n\t<\/div>\n<\/div>\n\n\n\n<\/div><\/div><\/div><div class=\"toggle accent-color\" data-inner-wrap=\"true\"><h3 class=\"toggle-title\"><a href=\"#\" role=\"button\" class=\"nectar-inherit-h4 toggle-heading\"><i role=\"presentation\" class=\"fa fa-plus-circle\"><\/i>Welche Art von deutschen Kommentaren kann ich erwarten, wenn ich Ihren Service kaufe?<\/a><\/h3><div><div class=\"inner-toggle-wrap\">\n<div class=\"wpb_text_column wpb_content_element\" >\n\t<div class=\"wpb_wrapper\">\n\t\t<p>Positive und themenbezogene Kommentare, die zu deinem Beitrag passen und Engagement f\u00f6rdern.<\/p>\n\t<\/div>\n<\/div>\n\n\n\n<\/div><\/div><\/div><div class=\"toggle accent-color\" data-inner-wrap=\"true\"><h3 class=\"toggle-title\"><a href=\"#\" role=\"button\" class=\"nectar-inherit-h4 toggle-heading\"><i role=\"presentation\" class=\"fa fa-plus-circle\"><\/i>Qualit\u00e4t von deutschen Instagram-Kommentaren?<\/a><\/h3><div><div class=\"inner-toggle-wrap\">\n<div class=\"wpb_text_column wpb_content_element\" >\n\t<div class=\"wpb_wrapper\">\n\t\t<p>Hochwertige Kommentare von echten, aktiven deutschen Instagram-Nutzern, die nat\u00fcrlich und relevant sind.<\/p>\n\t<\/div>\n<\/div>\n\n\n\n<\/div><\/div><\/div><\/div>\n\n\n\n\n\n\n\n\n\n\n\n\n\n\n\n\n\n\n\n\n\t\t\t<\/div> \n\t\t<\/div>\n\t<\/div> \n\n\t<div  class=\"vc_col-sm-6 vc_hidden-sm vc_hidden-xs wpb_column column_container vc_column_container col top_margin_tablet_10pct right_padding_desktop_2vw\"  data-padding-pos=\"all\" data-has-bg-color=\"false\" data-bg-color=\"\" data-bg-opacity=\"1\" data-animation=\"\" data-delay=\"0\" >\n\t\t<div class=\"vc_column-inner\" >\n\t\t\t<div class=\"wpb_wrapper\">\n\t\t\t\t<div id=\"fws_69fb604c36945\" data-midnight=\"\" data-column-margin=\"default\" class=\"wpb_row vc_row-fluid vc_row inner_row\"  style=\"\"><div class=\"row-bg-wrap\"> <div class=\"row-bg\" ><\/div> <\/div><div class=\"row_col_wrap_12_inner col span_12  left\">\n\t<div  class=\"vc_col-sm-12 wpb_column column_container vc_column_container col child_column col-overflow-hidden mask_shape_circle-rect mask_size_contain top_padding_desktop_20pct bottom_padding_desktop_20pct\"   data-border-radius=\"15px\" data-video-bg=\"true\" data-overlay-color=\"true\" data-padding-pos=\"all\" data-has-bg-color=\"false\" data-bg-color=\"\" data-bg-opacity=\"1\" data-animation=\"\" data-delay=\"0\" >\n\t\t<div class=\"vc_column-inner\" >\n  <div class=\"nectar-video-wrap column-bg-layer column-video\">\n        <video class=\"nectar-video-bg\" width=\"1800\" height=\"700\" preload=\"auto\" loop autoplay muted playsinline><source src=\"https:\/\/www.nordshark.com\/wp-content\/uploads\/2024\/02\/faq2.mp4\"  type=\"video\/mp4\"><\/video><\/div><div class=\"column-bg-overlay-wrap column-bg-layer\" data-bg-animation=\"none\"><div class=\"column-bg-overlay\"><\/div><div class=\"column-overlay-layer\" style=\"\"><\/div><\/div>\n\t\t<div class=\"wpb_wrapper\">\n\t\t\t\n\t\t<\/div> \n\t<\/div>\n\t<\/div> \n<\/div><\/div>\n\t\t\t<\/div> \n\t\t<\/div>\n\t<\/div> \n<\/div><\/div>\n\t\t<div id=\"fws_69fb604c36a0c\"  data-column-margin=\"default\" data-midnight=\"dark\" data-top-percent=\"5%\" data-bottom-percent=\"5%\"  class=\"wpb_row vc_row-fluid vc_row  right_padding_5pct left_padding_5pct\"  style=\"padding-top: calc(100vw * 0.05); padding-bottom: calc(100vw * 0.05); \"><div class=\"row-bg-wrap\" data-bg-animation=\"none\" data-bg-animation-delay=\"\" data-bg-overlay=\"false\"><div class=\"inner-wrap row-bg-layer\" ><div class=\"row-bg viewport-desktop\"  style=\"\"><\/div><\/div><\/div><div class=\"row_col_wrap_12 col span_12 dark left\">\n\t<div  class=\"vc_col-sm-12 wpb_column column_container vc_column_container col no-extra-padding inherit_tablet inherit_phone\"  data-padding-pos=\"all\" data-has-bg-color=\"false\" data-bg-color=\"\" data-bg-opacity=\"1\" data-animation=\"\" data-delay=\"0\" >\n\t\t<div class=\"vc_column-inner\" >\n\t\t\t<div class=\"wpb_wrapper\">\n\t\t\t\t\n<div class=\"wpb_text_column wpb_content_element\" >\n\t<div class=\"wpb_wrapper\">\n\t\t<h1>Kaufe deutsche Instagram-Kommentare \u2013 Steigere dein Engagement!<\/h1>\n<p>Suchst du nach M\u00f6glichkeiten, um deine Pr\u00e4senz auf Instagram zu verbessern? M\u00f6chtest du dein Engagement steigern und eine gr\u00f6\u00dfere Zielgruppe erreichen? Dann bist du hier genau richtig! Nordshark bietet einen einzigartigen Service, der es dir erm\u00f6glicht,\u00a0<strong>Kaufe deutsche Instagram Kommentare.<\/strong>\u00a0um dein Profil auf das n\u00e4chste Level zu bringen.<\/p>\n<h2>Warum deutsche Instagram-Kommentare kaufen?<\/h2>\n<p>Instagram ist eine der beliebtesten Social-Media-Plattformen mit Millionen von Nutzern weltweit. Es ist ein m\u00e4chtiges Werkzeug, um deine Marke, Produkte oder Dienstleistungen zu vermarkten. Jedoch kann es angesichts der steigenden Konkurrenz eine Herausforderung sein, aus der Masse hervorzustechen. Genau da kommt es drauf an.\u00a0<strong>Nordshark<\/strong>\u00a0tritt ein.<\/p>\n<p>Durch den Kauf\u00a0<strong>German Instagram-Kommentare<\/strong>, you can:<\/p>\n<ul>\n<li><strong>Steigere deine Interaktion:<\/strong>\u00a0Kommentare spielen eine entscheidende Rolle f\u00fcr die Engagement-Rate. Wenn deine Beitr\u00e4ge Kommentare erhalten, signalisiert dies dem Algorithmus von Instagram, dass dein Inhalt interessant und wertvoll ist. Dadurch kann die Sichtbarkeit und Reichweite deines Profils erh\u00f6ht werden.<\/li>\n<li><strong>Glaubw\u00fcrdigkeit aufbauen<\/strong>\u00a0Wenn du viele deutsche Kommentare hast, zeigt das, dass dein Inhalt bei einem internationalen Publikum Anklang findet. Das verleiht deiner Marke Glaubw\u00fcrdigkeit und kann mehr Follower und potenzielle Kunden anziehen.<\/li>\n<li><strong>Eine Gemeinschaft gr\u00fcnden:<\/strong>\u00a0Ermutigende Kommentare von deutschen Sprechern helfen dabei, ein Gemeinschaftsgef\u00fchl rund um deine Marke zu f\u00f6rdern. Sie f\u00f6rdern Interaktion und Gespr\u00e4che und machen dein Profil ansprechender und interessanter.<\/li>\n<li><strong>Gewinne soziale Best\u00e4tigung:<\/strong>\u00a0Wenn potenzielle Kunden sehen, dass deine Beitr\u00e4ge viele Kommentare auf Deutsch haben, wirkt das als sozialer Beweis daf\u00fcr, dass deine Marke vertrauensw\u00fcrdig und zuverl\u00e4ssig ist. Das kann zu einer h\u00f6heren Umwandlungsrate und mehr Verk\u00e4ufen f\u00fchren.<\/li>\n<\/ul>\n<h2>Warum Nordshark w\u00e4hlen?<\/h2>\n<p>Bei Nordshark verstehen wir die Herausforderungen, mit denen Unternehmen und Influencer konfrontiert sind, um ihre Pr\u00e4senz auf Instagram zu steigern. Wir sind stolz darauf, einen ausgezeichneten Service anzubieten und echte, qualitativ hochwertige deutsche Kommentare f\u00fcr deine Instagram-Beitr\u00e4ge zu liefern.<\/p>\n<p>Wenn du Nordshark w\u00e4hlst, kannst du Folgendes erwarten:<\/p>\n<ul>\n<li><strong>Echte deutsche Kommentare:<\/strong>\u00a0Wir liefern echte Kommentare von deutschen Nutzern. Unser Netzwerk besteht aus aktiven Instagram-Nutzern, die an verschiedenen Nischenm\u00e4rkten interessiert sind.<\/li>\n<li><strong>Sicher und gesch\u00fctzt:<\/strong>\u00a0Deine Privatsph\u00e4re und Sicherheit sind unsere obersten Anliegen. Wir verwenden verschl\u00fcsselte Zahlungsgateways und stellen sicher, dass deine Informationen vertraulich bleiben. Unsere Methoden entsprechen den Richtlinien von Instagram.<\/li>\n<li><strong>Schnelle Lieferung:<\/strong>\u00a0Wir verstehen die Bedeutung einer p\u00fcnktlichen Lieferung. Sobald du deine Bestellung aufgibst, fangen unser Team sofort an, daran zu arbeiten, deine gew\u00fcnschten deutschen Kommentare auf deinen Posts zu bekommen.<\/li>\n<li><strong>24\/7 Kundensupport:<\/strong>\u00a0Wir sind hier, um dir bei jedem Schritt zu helfen. Wenn du Fragen oder Probleme hast, steht unser freundliches Kundensupport-Team rund um die Uhr zur Verf\u00fcgung, um dir zu helfen.<\/li>\n<\/ul>\n<h2>Leg heute los!<\/h2>\n<p>Bereit, um deine Pr\u00e4senz auf Instagram zu st\u00e4rken und mehr Engagement zu gewinnen? Schau bei Nordshark vorbei und kaufe jetzt deutsche Instagram-Kommentare! Bringe dein Profil auf neue H\u00f6hen und ziehe ein deutschsprachiges Publikum an.<\/p>\n<p>Lass dich nicht von deinen Konkurrenten \u00fcberschatten. Stich aus der Menge heraus und beeindrucke mit dem erstklassigen Service von Nordshark. Fang heute an, deutsche Instagram-Kommentare zu kaufen!<\/p>\n\t<\/div>\n<\/div>\n\n\n\n\n\t\t\t<\/div> \n\t\t<\/div>\n\t<\/div> \n<\/div><\/div>\n\t\t<div id=\"fws_69fb604c36b42\"  data-column-margin=\"default\" data-midnight=\"light\" data-top-percent=\"10%\" data-bottom-percent=\"10%\"  class=\"wpb_row vc_row-fluid vc_row full-width-content vc_row-o-equal-height vc_row-flex vc_row-o-content-top  zindex-set mobile-disable-bg-image-animation right_padding_8pct left_padding_8pct nectar-overflow-hidden top_padding_phone_25pct bottom_padding_phone_25pct\"  style=\"padding-top: calc(100vw * 0.10); padding-bottom: calc(100vw * 0.10);  z-index: 100;\"><div class=\"row-bg-wrap\" data-bg-animation=\"fade-in\" data-bg-animation-delay=\"\" data-bg-overlay=\"true\"><div class=\"inner-wrap row-bg-layer\" style=\"background-color: #2b323a;\" ><div class=\"row-bg viewport-desktop using-bg-color\"  style=\"background-color: #2b323a; \"><\/div><\/div><div class=\"row-bg-overlay row-bg-layer\" style=\"background-color:rgba(0,0,0,0.78);  opacity: 0.8; \"><\/div><\/div>\n\t\t\t<div class=\"video-color-overlay row-bg-layer\" data-color=\"\"><\/div>\n\t\t\t\n\t\t\t<div class=\"nectar-video-wrap row-bg-layer\" data-bg-alignment=\"\">\n\t\t\t\t<div class=\"nectar-video-inner\">\n\t\t\t\t<video class=\"nectar-video-bg\" width=\"1800\" height=\"700\" preload=\"auto\" loop autoplay muted playsinline><source src=\"https:\/\/www.nordshark.com\/wp-content\/uploads\/2024\/02\/AdobeStock_454354002.mp4\"  type=\"video\/mp4\"><\/video>    \t\t<\/div>\n\t\t\t <\/div>\n\n\t\t\t<div class=\"row_col_wrap_12 col span_12 light left\">\n\t<div  class=\"vc_col-sm-12 wpb_column column_container vc_column_container col no-extra-padding column_position_static el_spacing_0px inherit_tablet inherit_phone\"  data-padding-pos=\"top-bottom\" data-has-bg-color=\"false\" data-bg-color=\"\" data-bg-opacity=\"1\" data-animation=\"\" data-delay=\"0\" >\n\t\t<div class=\"vc_column-inner\" >\n\t\t\t<div class=\"wpb_wrapper\">\n\t\t\t\t<div id=\"fws_69fb604c36bf6\" data-midnight=\"\" data-column-margin=\"none\" class=\"wpb_row vc_row-fluid vc_row inner_row  right_padding_13vw left_padding_13vw\"  style=\" z-index: 10;\"><div class=\"row-bg-wrap\"> <div class=\"row-bg\" ><\/div> <\/div><div class=\"row_col_wrap_12_inner col span_12  left\">\n\t<div  class=\"vc_col-sm-12 wpb_column column_container vc_column_container col child_column centered-text no-extra-padding inherit_tablet inherit_phone\"   data-padding-pos=\"all\" data-has-bg-color=\"false\" data-bg-color=\"\" data-bg-opacity=\"1\" data-animation=\"\" data-delay=\"0\" >\n\t\t<div class=\"vc_column-inner\" >\n\t\t<div class=\"wpb_wrapper\">\n\t\t\t<div class=\"nectar-split-heading  font_size_9vw font_size_tablet_10vw font_line_height_0-95\" data-align=\"left\" data-m-align=\"inherit\" data-text-effect=\"letter-reveal-bottom\" data-animation-type=\"line-reveal-by-space\" data-animation-delay=\"150\" data-animation-offset=\"\" data-m-rm-animation=\"true\" data-stagger=\"true\" data-custom-font-size=\"true\" style=\"font-size: 9vw; line-height: 9.9vw;\"><h1 >Der Beste.<\/h1><\/div>\n\t\t<\/div> \n\t<\/div>\n\t<\/div> \n<\/div><\/div>\n\t\t\t<\/div> \n\t\t<\/div>\n\t<\/div> \n<\/div><\/div>","protected":false},"excerpt":{"rendered":"<p>\u2714 Echte hochwertige deutsche Kommentare<br \/>\n\u2714 Startzeit: 0-4 Stunden (meistens sofort)<br \/>\n\u2714 Bester Service auf dem Markt<br \/>\n\u2714 Kein Abfall<br \/>\n\u2714 Einmalzahlungen \u2013 Kein Abonnement<\/p>\n<p>F\u00fcr <strong>International<\/strong> Kommentare <strong><span style=\"color: #0000ff;\"><a style=\"color: #0000ff;\" href=\"\/de\/product\/instagram-kommentare-kaufen\/\">Klick hier<\/a><\/span><\/strong><\/p>\n<p>&nbsp;<\/p>","protected":false},"featured_media":794,"comment_status":"open","ping_status":"closed","template":"","meta":{"inline_featured_image":false},"product_cat":[29,42,32],"product_tag":[39,34],"class_list":{"0":"post-313","1":"product","2":"type-product","3":"status-publish","4":"has-post-thumbnail","6":"product_cat-instagram","7":"product_cat-instagram-comments","8":"product_cat-social-store","9":"product_tag-country-related-instagram-comments","10":"product_tag-instagram-comments","12":"first","13":"instock","14":"sale","15":"sold-individually","16":"shipping-taxable","17":"purchasable","18":"product-type-variable","19":"has-default-attributes"},"yoast_head":"<!-- This site is optimized with the Yoast SEO Premium plugin v23.6 (Yoast SEO v24.1) - https:\/\/yoast.com\/wordpress\/plugins\/seo\/ -->\n<title>Buy German Instagram Comments - Boost Your Engagement<\/title>\n<meta name=\"description\" content=\"Buy German Instagram comments to increase engagement. Get real comments from German users. Instant delivery, secure payment. Buy now!\" \/>\n<meta name=\"robots\" content=\"index, follow, max-snippet:-1, max-image-preview:large, max-video-preview:-1\" \/>\n<link rel=\"canonical\" href=\"https:\/\/www.nordshark.com\/de\/product\/deutsche-instagram-kommentare-kaufen\/\" \/>\n<meta property=\"og:locale\" content=\"de_DE\" \/>\n<meta property=\"og:type\" content=\"article\" \/>\n<meta property=\"og:title\" content=\"German Instagram Comments\" \/>\n<meta property=\"og:description\" content=\"Buy German Instagram comments to increase engagement. Get real comments from German users. Instant delivery, secure payment. Buy now!\" \/>\n<meta property=\"og:url\" content=\"https:\/\/www.nordshark.com\/de\/product\/deutsche-instagram-kommentare-kaufen\/\" \/>\n<meta property=\"og:site_name\" content=\"Nordshark\" \/>\n<meta property=\"article:modified_time\" content=\"2024-03-04T13:08:29+00:00\" \/>\n<meta property=\"og:image\" content=\"https:\/\/www.nordshark.com\/wp-content\/uploads\/2024\/02\/German.Comments.jpg\" \/>\n\t<meta property=\"og:image:width\" content=\"800\" \/>\n\t<meta property=\"og:image:height\" content=\"800\" \/>\n\t<meta property=\"og:image:type\" content=\"image\/jpeg\" \/>\n<meta name=\"twitter:card\" content=\"summary_large_image\" \/>\n<meta name=\"twitter:label1\" content=\"Verf\u00fcgbarkeit\" \/>\n\t<meta name=\"twitter:data1\" content=\"Auf Lager\" \/>\n<script type=\"application\/ld+json\" class=\"yoast-schema-graph\">{\"@context\":\"https:\/\/schema.org\",\"@graph\":[{\"@type\":\"WebPage\",\"@id\":\"https:\/\/www.nordshark.com\/product\/buy-german-instagram-comments\/\",\"url\":\"https:\/\/www.nordshark.com\/product\/buy-german-instagram-comments\/\",\"name\":\"Buy German Instagram Comments - Boost Your Engagement\",\"isPartOf\":{\"@id\":\"https:\/\/www.nordshark.com\/#website\"},\"primaryImageOfPage\":{\"@id\":\"https:\/\/www.nordshark.com\/product\/buy-german-instagram-comments\/#primaryimage\"},\"image\":{\"@id\":\"https:\/\/www.nordshark.com\/product\/buy-german-instagram-comments\/#primaryimage\"},\"thumbnailUrl\":\"https:\/\/www.nordshark.com\/wp-content\/uploads\/2024\/02\/German.Comments.jpg\",\"datePublished\":\"2024-02-17T19:38:51+00:00\",\"dateModified\":\"2024-03-04T13:08:29+00:00\",\"description\":\"Buy German Instagram comments to increase engagement. Get real comments from German users. Instant delivery, secure payment. Buy now!\",\"breadcrumb\":{\"@id\":\"https:\/\/www.nordshark.com\/product\/buy-german-instagram-comments\/#breadcrumb\"},\"inLanguage\":\"de\",\"potentialAction\":[{\"@type\":\"ReadAction\",\"target\":[\"https:\/\/www.nordshark.com\/product\/buy-german-instagram-comments\/\"]}]},{\"@type\":\"ImageObject\",\"inLanguage\":\"de\",\"@id\":\"https:\/\/www.nordshark.com\/product\/buy-german-instagram-comments\/#primaryimage\",\"url\":\"https:\/\/www.nordshark.com\/wp-content\/uploads\/2024\/02\/German.Comments.jpg\",\"contentUrl\":\"https:\/\/www.nordshark.com\/wp-content\/uploads\/2024\/02\/German.Comments.jpg\",\"width\":800,\"height\":800,\"caption\":\"Buy German Instagram Comments\"},{\"@type\":\"BreadcrumbList\",\"@id\":\"https:\/\/www.nordshark.com\/product\/buy-german-instagram-comments\/#breadcrumb\",\"itemListElement\":[{\"@type\":\"ListItem\",\"position\":1,\"name\":\"Home\",\"item\":\"https:\/\/www.nordshark.com\/\"},{\"@type\":\"ListItem\",\"position\":2,\"name\":\"Shop\",\"item\":\"https:\/\/www.nordshark.com\/shop\/\"},{\"@type\":\"ListItem\",\"position\":3,\"name\":\"German Instagram Comments\"}]},{\"@type\":\"WebSite\",\"@id\":\"https:\/\/www.nordshark.com\/#website\",\"url\":\"https:\/\/www.nordshark.com\/\",\"name\":\"Nordshark\",\"description\":\"\",\"potentialAction\":[{\"@type\":\"SearchAction\",\"target\":{\"@type\":\"EntryPoint\",\"urlTemplate\":\"https:\/\/www.nordshark.com\/?s={search_term_string}\"},\"query-input\":{\"@type\":\"PropertyValueSpecification\",\"valueRequired\":true,\"valueName\":\"search_term_string\"}}],\"inLanguage\":\"de\"}]}<\/script>\n<meta property=\"og:availability\" content=\"instock\" \/>\n<meta property=\"product:availability\" content=\"instock\" \/>\n<meta property=\"product:condition\" content=\"new\" \/>\n<!-- \/ Yoast SEO Premium plugin. -->","yoast_head_json":{"title":"Buy German Instagram Comments - Boost Your Engagement","description":"Buy German Instagram comments to increase engagement. Get real comments from German users. Instant delivery, secure payment. Buy now!","robots":{"index":"index","follow":"follow","max-snippet":"max-snippet:-1","max-image-preview":"max-image-preview:large","max-video-preview":"max-video-preview:-1"},"canonical":"https:\/\/www.nordshark.com\/de\/product\/deutsche-instagram-kommentare-kaufen\/","og_locale":"de_DE","og_type":"article","og_title":"German Instagram Comments","og_description":"Buy German Instagram comments to increase engagement. Get real comments from German users. Instant delivery, secure payment. Buy now!","og_url":"https:\/\/www.nordshark.com\/de\/product\/deutsche-instagram-kommentare-kaufen\/","og_site_name":"Nordshark","article_modified_time":"2024-03-04T13:08:29+00:00","og_image":[{"width":800,"height":800,"url":"https:\/\/www.nordshark.com\/wp-content\/uploads\/2024\/02\/German.Comments.jpg","type":"image\/jpeg"}],"twitter_card":"summary_large_image","twitter_misc":{"Verf\u00fcgbarkeit":"Auf Lager"},"schema":{"@context":"https:\/\/schema.org","@graph":[{"@type":"WebPage","@id":"https:\/\/www.nordshark.com\/product\/buy-german-instagram-comments\/","url":"https:\/\/www.nordshark.com\/product\/buy-german-instagram-comments\/","name":"Buy German Instagram Comments - Boost Your Engagement","isPartOf":{"@id":"https:\/\/www.nordshark.com\/#website"},"primaryImageOfPage":{"@id":"https:\/\/www.nordshark.com\/product\/buy-german-instagram-comments\/#primaryimage"},"image":{"@id":"https:\/\/www.nordshark.com\/product\/buy-german-instagram-comments\/#primaryimage"},"thumbnailUrl":"https:\/\/www.nordshark.com\/wp-content\/uploads\/2024\/02\/German.Comments.jpg","datePublished":"2024-02-17T19:38:51+00:00","dateModified":"2024-03-04T13:08:29+00:00","description":"Buy German Instagram comments to increase engagement. Get real comments from German users. Instant delivery, secure payment. Buy now!","breadcrumb":{"@id":"https:\/\/www.nordshark.com\/product\/buy-german-instagram-comments\/#breadcrumb"},"inLanguage":"de","potentialAction":[{"@type":"ReadAction","target":["https:\/\/www.nordshark.com\/product\/buy-german-instagram-comments\/"]}]},{"@type":"ImageObject","inLanguage":"de","@id":"https:\/\/www.nordshark.com\/product\/buy-german-instagram-comments\/#primaryimage","url":"https:\/\/www.nordshark.com\/wp-content\/uploads\/2024\/02\/German.Comments.jpg","contentUrl":"https:\/\/www.nordshark.com\/wp-content\/uploads\/2024\/02\/German.Comments.jpg","width":800,"height":800,"caption":"Buy German Instagram Comments"},{"@type":"BreadcrumbList","@id":"https:\/\/www.nordshark.com\/product\/buy-german-instagram-comments\/#breadcrumb","itemListElement":[{"@type":"ListItem","position":1,"name":"Home","item":"https:\/\/www.nordshark.com\/"},{"@type":"ListItem","position":2,"name":"Shop","item":"https:\/\/www.nordshark.com\/shop\/"},{"@type":"ListItem","position":3,"name":"German Instagram Comments"}]},{"@type":"WebSite","@id":"https:\/\/www.nordshark.com\/#website","url":"https:\/\/www.nordshark.com\/","name":"Nordshark","description":"","potentialAction":[{"@type":"SearchAction","target":{"@type":"EntryPoint","urlTemplate":"https:\/\/www.nordshark.com\/?s={search_term_string}"},"query-input":{"@type":"PropertyValueSpecification","valueRequired":true,"valueName":"search_term_string"}}],"inLanguage":"de"}]},"og_availability":"instock","product_availability":"instock","product_condition":"new"},"_links":{"self":[{"href":"https:\/\/www.nordshark.com\/de\/wp-json\/wp\/v2\/product\/313","targetHints":{"allow":["GET"]}}],"collection":[{"href":"https:\/\/www.nordshark.com\/de\/wp-json\/wp\/v2\/product"}],"about":[{"href":"https:\/\/www.nordshark.com\/de\/wp-json\/wp\/v2\/types\/product"}],"replies":[{"embeddable":true,"href":"https:\/\/www.nordshark.com\/de\/wp-json\/wp\/v2\/comments?post=313"}],"wp:featuredmedia":[{"embeddable":true,"href":"https:\/\/www.nordshark.com\/de\/wp-json\/wp\/v2\/media\/794"}],"wp:attachment":[{"href":"https:\/\/www.nordshark.com\/de\/wp-json\/wp\/v2\/media?parent=313"}],"wp:term":[{"taxonomy":"product_cat","embeddable":true,"href":"https:\/\/www.nordshark.com\/de\/wp-json\/wp\/v2\/product_cat?post=313"},{"taxonomy":"product_tag","embeddable":true,"href":"https:\/\/www.nordshark.com\/de\/wp-json\/wp\/v2\/product_tag?post=313"}],"curies":[{"name":"wp","href":"https:\/\/api.w.org\/{rel}","templated":true}]}}