{"id":286,"date":"2024-02-17T17:57:51","date_gmt":"2024-02-17T16:57:51","guid":{"rendered":"https:\/\/www.nordshark.com\/?post_type=product&#038;p=286"},"modified":"2024-02-27T20:21:35","modified_gmt":"2024-02-27T19:21:35","slug":"buy-dutch-instagram-likes","status":"publish","type":"product","link":"https:\/\/www.nordshark.com\/de\/product\/niederlandische-likes-follower-kaufen\/","title":{"rendered":"Holl\u00e4ndische Instagram-Likes"},"content":{"rendered":"<div id=\"fws_69fb604b59f17\"  data-column-margin=\"default\" data-midnight=\"dark\" data-top-percent=\"8%\"  class=\"wpb_row vc_row-fluid vc_row full-width-section  right_padding_10pct left_padding_10pct\"  style=\"padding-top: calc(100vw * 0.08); padding-bottom: 0px; \"><div class=\"row-bg-wrap\" data-bg-animation=\"none\" data-bg-animation-delay=\"\" data-bg-overlay=\"false\"><div class=\"inner-wrap row-bg-layer\" ><div class=\"row-bg viewport-desktop\"  style=\"\"><\/div><\/div><\/div><div class=\"row_col_wrap_12 col span_12 dark left\">\n\t<div  class=\"vc_col-sm-12 wpb_column column_container vc_column_container col no-extra-padding inherit_tablet inherit_phone\"  data-padding-pos=\"all\" data-has-bg-color=\"false\" data-bg-color=\"\" data-bg-opacity=\"1\" data-animation=\"\" data-delay=\"0\" >\n\t\t<div class=\"vc_column-inner\" >\n\t\t\t<div class=\"wpb_wrapper\">\n\t\t\t\t<div id=\"fws_69fb604b5a002\" data-midnight=\"\" data-column-margin=\"default\" class=\"wpb_row vc_row-fluid vc_row inner_row\"  style=\"padding-bottom: 4%; \"><div class=\"row-bg-wrap\"> <div class=\"row-bg\" ><\/div> <\/div><div class=\"row_col_wrap_12_inner col span_12  left\">\n\t<div  class=\"vc_col-sm-12 wpb_column column_container vc_column_container col child_column centered-text no-extra-padding inherit_tablet inherit_phone\"   data-padding-pos=\"all\" data-has-bg-color=\"false\" data-bg-color=\"\" data-bg-opacity=\"1\" data-animation=\"\" data-delay=\"0\" >\n\t\t<div class=\"vc_column-inner\" >\n\t\t<div class=\"wpb_wrapper\">\n\t\t\t<div class=\"nectar-highlighted-text font_size_2vw font_size_tablet_6vw font_line_height_1-0\" data-style=\"none\" data-exp=\"default\" data-using-custom-color=\"false\" data-animation-delay=\"false\" data-color=\"\" data-color-gradient=\"\" style=\"\"><h3>H\u00e4ufig gestellte Fragen<\/h3>\n<\/div>\n\t\t<\/div> \n\t<\/div>\n\t<\/div> \n<\/div><\/div>\n\t\t\t<\/div> \n\t\t<\/div>\n\t<\/div> \n<\/div><\/div>\n\t\t<div id=\"fws_69fb604b5a116\"  data-column-margin=\"custom\" data-midnight=\"dark\" data-top-percent=\"3%\" data-bottom-percent=\"3%\"  class=\"wpb_row vc_row-fluid vc_row full-width-content vc_row-o-equal-height vc_row-flex vc_row-o-content-middle  right_padding_7vw left_padding_7vw column-margin-7vw top_padding_phone_10pct bottom_padding_phone_10pct\"  style=\"padding-top: calc(100vw * 0.03); padding-bottom: calc(100vw * 0.03); \"><div class=\"row-bg-wrap\" data-bg-animation=\"none\" data-bg-animation-delay=\"\" data-bg-overlay=\"false\"><div class=\"inner-wrap row-bg-layer\" ><div class=\"row-bg viewport-desktop using-bg-color\"  style=\"background-color: #f8f8f8; \"><\/div><\/div><\/div><div class=\"row_col_wrap_12 col span_12 dark left\">\n\t<div  class=\"vc_col-sm-6 wpb_column column_container vc_column_container col left_padding_desktop_2vw\"  data-padding-pos=\"all\" data-has-bg-color=\"false\" data-bg-color=\"\" data-bg-opacity=\"1\" data-animation=\"\" data-delay=\"0\" >\n\t\t<div class=\"vc_column-inner\" >\n\t\t\t<div class=\"wpb_wrapper\">\n\t\t\t\t<div class=\"toggles accordion\" data-br=\"\" data-starting=\"default\" data-style=\"minimal\"><div class=\"toggle accent-color\" data-inner-wrap=\"true\"><h3 class=\"toggle-title\"><a href=\"#\" role=\"button\" class=\"nectar-inherit-h4 toggle-heading\"><i role=\"presentation\" class=\"fa fa-plus-circle\"><\/i>Warum sollte man niederl\u00e4ndische Instagram Likes kaufen?<\/a><\/h3><div><div class=\"inner-toggle-wrap\">\n<div class=\"wpb_text_column wpb_content_element\" >\n\t<div class=\"wpb_wrapper\">\n\t\t<p>Der Kauf von niederl\u00e4ndischen Instagram-Likes kann deine Pr\u00e4senz st\u00e4rken, Glaubw\u00fcrdigkeit aufbauen und die Sichtbarkeit bei einem niederl\u00e4ndischsprachigen Publikum erh\u00f6hen.<\/p>\n\t<\/div>\n<\/div>\n\n\n\n<\/div><\/div><\/div><div class=\"toggle accent-color\" data-inner-wrap=\"true\"><h3 class=\"toggle-title\"><a href=\"#\" role=\"button\" class=\"nectar-inherit-h4 toggle-heading\"><i role=\"presentation\" class=\"fa fa-plus-circle\"><\/i>Wie lange dauert die Lieferung von niederl\u00e4ndischen Instagram Likes?<\/a><\/h3><div><div class=\"inner-toggle-wrap\">\n<div class=\"wpb_text_column wpb_content_element\" >\n\t<div class=\"wpb_wrapper\">\n\t\t<p>Die Lieferung von niederl\u00e4ndischen Instagram Likes erfolgt normalerweise schnell, und die meisten Kunden sehen innerhalb weniger Stunden einen Anstieg. Die genaue Zeit kann je nach Bestellmenge und Nachfrage variieren.<\/p>\n\t<\/div>\n<\/div>\n\n\n\n<\/div><\/div><\/div><div class=\"toggle accent-color\" data-inner-wrap=\"true\"><h3 class=\"toggle-title\"><a href=\"#\" role=\"button\" class=\"nectar-inherit-h4 toggle-heading\"><i role=\"presentation\" class=\"fa fa-plus-circle\"><\/i>Wie ist die Qualit\u00e4t der Accounts, die die Likes bereitstellen?<\/a><\/h3><div><div class=\"inner-toggle-wrap\">\n<div class=\"wpb_text_column wpb_content_element\" >\n\t<div class=\"wpb_wrapper\">\n\t\t<p>Wir stellen sicher, dass die Likes von echten und aktiven niederl\u00e4ndischen Instagram-Accounts stammen. Unser Service konzentriert sich darauf, hochwertige Likes von echten Nutzern bereitzustellen, was nicht nur die Authentizit\u00e4t Ihres Engagements verbessert, sondern auch zur Integrit\u00e4t Ihres Instagram-Kontos beitr\u00e4gt. Wir vermeiden strengstens den Einsatz von Bots oder gef\u00e4lschten Accounts, um Likes bereitzustellen.<\/p>\n\t<\/div>\n<\/div>\n\n\n\n<\/div><\/div><\/div><\/div>\n\n\n\n\n\n\n\n\n\n\n\n\n\n\n\n\n\n\n\n\n\t\t\t<\/div> \n\t\t<\/div>\n\t<\/div> \n\n\t<div  class=\"vc_col-sm-6 vc_hidden-sm vc_hidden-xs wpb_column column_container vc_column_container col top_margin_tablet_10pct right_padding_desktop_2vw\"  data-padding-pos=\"all\" data-has-bg-color=\"false\" data-bg-color=\"\" data-bg-opacity=\"1\" data-animation=\"\" data-delay=\"0\" >\n\t\t<div class=\"vc_column-inner\" >\n\t\t\t<div class=\"wpb_wrapper\">\n\t\t\t\t<div id=\"fws_69fb604b5a2f6\" data-midnight=\"\" data-column-margin=\"default\" class=\"wpb_row vc_row-fluid vc_row inner_row\"  style=\"\"><div class=\"row-bg-wrap\"> <div class=\"row-bg\" ><\/div> <\/div><div class=\"row_col_wrap_12_inner col span_12  left\">\n\t<div  class=\"vc_col-sm-12 wpb_column column_container vc_column_container col child_column col-overflow-hidden mask_shape_circle-rect mask_size_contain top_padding_desktop_20pct bottom_padding_desktop_20pct\"   data-border-radius=\"15px\" data-video-bg=\"true\" data-overlay-color=\"true\" data-padding-pos=\"all\" data-has-bg-color=\"false\" data-bg-color=\"\" data-bg-opacity=\"1\" data-animation=\"\" data-delay=\"0\" >\n\t\t<div class=\"vc_column-inner\" >\n  <div class=\"nectar-video-wrap column-bg-layer column-video\">\n        <video class=\"nectar-video-bg\" width=\"1800\" height=\"700\" preload=\"auto\" loop autoplay muted playsinline><source src=\"https:\/\/www.nordshark.com\/wp-content\/uploads\/2024\/02\/faq2.mp4\"  type=\"video\/mp4\"><\/video><\/div><div class=\"column-bg-overlay-wrap column-bg-layer\" data-bg-animation=\"none\"><div class=\"column-bg-overlay\"><\/div><div class=\"column-overlay-layer\" style=\"\"><\/div><\/div>\n\t\t<div class=\"wpb_wrapper\">\n\t\t\t\n\t\t<\/div> \n\t<\/div>\n\t<\/div> \n<\/div><\/div>\n\t\t\t<\/div> \n\t\t<\/div>\n\t<\/div> \n<\/div><\/div>\n\t\t<div id=\"fws_69fb604b5a383\"  data-column-margin=\"default\" data-midnight=\"dark\" data-top-percent=\"5%\" data-bottom-percent=\"5%\"  class=\"wpb_row vc_row-fluid vc_row  right_padding_5pct left_padding_5pct\"  style=\"padding-top: calc(100vw * 0.05); padding-bottom: calc(100vw * 0.05); \"><div class=\"row-bg-wrap\" data-bg-animation=\"none\" data-bg-animation-delay=\"\" data-bg-overlay=\"false\"><div class=\"inner-wrap row-bg-layer\" ><div class=\"row-bg viewport-desktop\"  style=\"\"><\/div><\/div><\/div><div class=\"row_col_wrap_12 col span_12 dark left\">\n\t<div  class=\"vc_col-sm-12 wpb_column column_container vc_column_container col no-extra-padding inherit_tablet inherit_phone\"  data-padding-pos=\"all\" data-has-bg-color=\"false\" data-bg-color=\"\" data-bg-opacity=\"1\" data-animation=\"\" data-delay=\"0\" >\n\t\t<div class=\"vc_column-inner\" >\n\t\t\t<div class=\"wpb_wrapper\">\n\t\t\t\t\n<div class=\"wpb_text_column wpb_content_element\" >\n\t<div class=\"wpb_wrapper\">\n\t\t<h1>Kaufe niederl\u00e4ndische Instagram Likes<\/h1>\n<p>Willkommen bei Nordshark, deiner ultimativen Anlaufstelle f\u00fcr alle deine Instagram-Wachstumsbed\u00fcrfnisse. Du m\u00f6chtest dein Instagram-Profil mit Likes aus einer bestimmten Lage aufpeppen? Hier bist du genau richtig!<\/p>\n<h2>Warum Nordshark w\u00e4hlen?<\/h2>\n<p>Bei Nordshark sind wir spezialisiert auf echte und hochwertige Instagram-Likes von niederl\u00e4ndischen Accounts. Im Gegensatz zu anderen Diensten, die sich auf gef\u00e4lschte Likes oder Bots verlassen, garantieren wir authentisches Engagement von echten Benutzern aus den Niederlanden.<\/p>\n<p>Hier sind ein paar Gr\u00fcnde, warum du Nordshark w\u00e4hlen solltest:<\/p>\n<ul>\n<li><strong>Zielgruppe<\/strong>Durch den Kauf von niederl\u00e4ndischen Instagram-Likes kannst du eine spezifische Zielgruppe in den Niederlanden erreichen. Wenn du ein lokales Unternehmen, Influencer oder Content Creator bist und den niederl\u00e4ndischen Markt ansprichst, ist dies eine gro\u00dfartige M\u00f6glichkeit, deine Sichtbarkeit und Glaubw\u00fcrdigkeit innerhalb der Community zu steigern.<\/li>\n<li><strong>Verbesserte Beteiligung<\/strong>Das Algorithmus von Instagram ber\u00fccksichtigt das Engagement, wenn es darum geht, wie weit deine Beitr\u00e4ge verbreitet werden. Wenn du mehr Likes von niederl\u00e4ndischen Benutzern erh\u00e4ltst, ist es wahrscheinlich, dass du einen deutlichen Anstieg des Engagements siehst, was zu mehr Sichtbarkeit und Wachstum f\u00fchrt.<\/li>\n<li><strong>Schnell und Einfach<\/strong>Unser Vorgehen ist einfach und unkompliziert. W\u00e4hle einfach das Paket, das deinen Bed\u00fcrfnissen entspricht, gib uns den Link zu deinem Instagram-Beitrag und lass uns den Rest erledigen. Wir garantieren dir schnelle Lieferung und ausgezeichneten Kundensupport w\u00e4hrend des gesamten Prozesses.<\/li>\n<li><strong>Sicher und gesch\u00fctzt<\/strong>Wir legen Wert auf die Sicherheit und Privatsph\u00e4re deines Accounts. Unsere Methoden entsprechen den Nutzungsbedingungen von Instagram, um sicherzustellen, dass dein Account in gutem Zustand bleibt. Du kannst uns vertrauen, dass wir einen sicheren und zuverl\u00e4ssigen Service bieten.<\/li>\n<\/ul>\n<h2>Wie es funktioniert<\/h2>\n<p>Holl\u00e4ndische Instagram-Likes von Nordshark zu bekommen ist so einfach wie 1-2-3:<\/p>\n<ol>\n<li><strong>W\u00e4hle ein Paket aus:<\/strong>\u00a0W\u00e4hle aus unserem Angebot an Paketen, basierend auf der Anzahl der niederl\u00e4ndischen Likes, die du m\u00f6chtest. Wir haben verschiedene Optionen, die zu deinem Budget und deinen Zielen passen.<\/li>\n<li><strong>Gib deinen Post-Link an:<\/strong>\u00a0Teile den Link zum Instagram-Beitrag, den du mit niederl\u00e4ndischen Likes pushen m\u00f6chtest. Keine Sorge, wir respektieren deine Privatsph\u00e4re und sorgen daf\u00fcr, dass alle Informationen sicher behandelt werden.<\/li>\n<li><strong>Mach es dir bequem und entspanne dich:<\/strong>\u00a0Sobald wir deine Bestellung erhalten, fangen unser Team an, niederl\u00e4ndische Likes f\u00fcr deinen Beitrag zu liefern. Du wirst schon bald eine Ver\u00e4nderung in deinem Engagement und deiner Sichtbarkeit bemerken.<\/li>\n<\/ol>\n<h2>Unser Versprechen<\/h2>\n<p>Kundenzufriedenheit steht bei Nordshark an erster Stelle. Wir garantieren:<\/p>\n<ul>\n<li><strong>Echte niederl\u00e4ndische Instagram Likes<\/strong>Wir liefern echte Likes von echten niederl\u00e4ndischen Instagram-Nutzern, um Authentizit\u00e4t und Interaktion sicherzustellen.<\/li>\n<li><strong>Schnelle Lieferung<\/strong>Wir verstehen, wie wichtig schnelle Ergebnisse sind. Unser Team arbeitet effizient, um Ihre niederl\u00e4ndischen Likes zeitnah zu liefern.<\/li>\n<li><strong>24\/7 Kundensupport<\/strong>Hast du irgendwelche Fragen oder Bedenken? Unser engagiertes Support-Team ist rund um die Uhr verf\u00fcgbar, um dir zu helfen.<\/li>\n<li><strong>Kein Passwort erforderlich<\/strong>Um holl\u00e4ndische Instagram-Likes von Nordshark zu kaufen, musst du dein Instagram-Passwort nicht teilen. Dein Account bleibt sicher.<\/li>\n<\/ul>\n<h2>Steigere dein Instagram-Profil noch heute!<\/h2>\n<p>Bereit, deine Instagram-Pr\u00e4senz mit niederl\u00e4ndischen Likes zu verbessern? Kaufe niederl\u00e4ndische Instagram-Likes von Nordshark und bringe dein Profil auf ein neues Level. Erh\u00f6he deine Reichweite, steigere die Interaktion und etabliere deine Autorit\u00e4t bei der niederl\u00e4ndischen Zielgruppe.<\/p>\n<p>Verpass nicht diese Gelegenheit, um deinen Instagram-Account zu vergr\u00f6\u00dfern. Fang heute noch an!<\/p>\n\t<\/div>\n<\/div>\n\n\n\n\n\t\t\t<\/div> \n\t\t<\/div>\n\t<\/div> \n<\/div><\/div>\n\t\t<div id=\"fws_69fb604b5a47e\"  data-column-margin=\"default\" data-midnight=\"light\" data-top-percent=\"10%\" data-bottom-percent=\"10%\"  class=\"wpb_row vc_row-fluid vc_row full-width-content vc_row-o-equal-height vc_row-flex vc_row-o-content-top  zindex-set mobile-disable-bg-image-animation right_padding_8pct left_padding_8pct nectar-overflow-hidden top_padding_phone_25pct bottom_padding_phone_25pct\"  style=\"padding-top: calc(100vw * 0.10); padding-bottom: calc(100vw * 0.10);  z-index: 100;\"><div class=\"row-bg-wrap\" data-bg-animation=\"fade-in\" data-bg-animation-delay=\"\" data-bg-overlay=\"true\"><div class=\"inner-wrap row-bg-layer\" style=\"background-color: #2b323a;\" ><div class=\"row-bg viewport-desktop using-bg-color\"  style=\"background-color: #2b323a; \"><\/div><\/div><div class=\"row-bg-overlay row-bg-layer\" style=\"background-color:rgba(0,0,0,0.78);  opacity: 0.8; \"><\/div><\/div>\n\t\t\t<div class=\"video-color-overlay row-bg-layer\" data-color=\"\"><\/div>\n\t\t\t\n\t\t\t<div class=\"nectar-video-wrap row-bg-layer\" data-bg-alignment=\"\">\n\t\t\t\t<div class=\"nectar-video-inner\">\n\t\t\t\t<video class=\"nectar-video-bg\" width=\"1800\" height=\"700\" preload=\"auto\" loop autoplay muted playsinline><source src=\"https:\/\/www.nordshark.com\/wp-content\/uploads\/2024\/02\/AdobeStock_454354002.mp4\"  type=\"video\/mp4\"><\/video>    \t\t<\/div>\n\t\t\t <\/div>\n\n\t\t\t<div class=\"row_col_wrap_12 col span_12 light left\">\n\t<div  class=\"vc_col-sm-12 wpb_column column_container vc_column_container col no-extra-padding column_position_static el_spacing_0px inherit_tablet inherit_phone\"  data-padding-pos=\"top-bottom\" data-has-bg-color=\"false\" data-bg-color=\"\" data-bg-opacity=\"1\" data-animation=\"\" data-delay=\"0\" >\n\t\t<div class=\"vc_column-inner\" >\n\t\t\t<div class=\"wpb_wrapper\">\n\t\t\t\t<div id=\"fws_69fb604b5a4e9\" data-midnight=\"\" data-column-margin=\"none\" class=\"wpb_row vc_row-fluid vc_row inner_row  right_padding_13vw left_padding_13vw\"  style=\" z-index: 10;\"><div class=\"row-bg-wrap\"> <div class=\"row-bg\" ><\/div> <\/div><div class=\"row_col_wrap_12_inner col span_12  left\">\n\t<div  class=\"vc_col-sm-12 wpb_column column_container vc_column_container col child_column centered-text no-extra-padding inherit_tablet inherit_phone\"   data-padding-pos=\"all\" data-has-bg-color=\"false\" data-bg-color=\"\" data-bg-opacity=\"1\" data-animation=\"\" data-delay=\"0\" >\n\t\t<div class=\"vc_column-inner\" >\n\t\t<div class=\"wpb_wrapper\">\n\t\t\t<div class=\"nectar-split-heading  font_size_9vw font_size_tablet_10vw font_line_height_0-95\" data-align=\"left\" data-m-align=\"inherit\" data-text-effect=\"letter-reveal-bottom\" data-animation-type=\"line-reveal-by-space\" data-animation-delay=\"150\" data-animation-offset=\"\" data-m-rm-animation=\"true\" data-stagger=\"true\" data-custom-font-size=\"true\" style=\"font-size: 9vw; line-height: 9.9vw;\"><h1 >Der Beste.<\/h1><\/div>\n\t\t<\/div> \n\t<\/div>\n\t<\/div> \n<\/div><\/div>\n\t\t\t<\/div> \n\t\t<\/div>\n\t<\/div> \n<\/div><\/div>","protected":false},"excerpt":{"rendered":"<p>\u2714 Echte hochwertige niederl\u00e4ndische Likes<br \/>\n\u2714 Startzeit: 0-4 Stunden (meistens sofort)<br \/>\n\u2714 Bester Service auf dem Markt<br \/>\n\u2714 Kein Abfall<br \/>\n\u2714 Einmalzahlungen \u2013 Kein Abonnement<\/p>\n<p>F\u00fcr <strong>International<\/strong> Likes <strong><span style=\"color: #0000ff;\"><a style=\"color: #0000ff;\" href=\"\/de\/product\/instagram-likes-kaufen\/\">Klick hier<\/a><\/span><\/strong><\/p>\n<p>&nbsp;<\/p>","protected":false},"featured_media":790,"comment_status":"open","ping_status":"closed","template":"","meta":{"inline_featured_image":false},"product_cat":[29,41,32],"product_tag":[36,33],"class_list":{"0":"post-286","1":"product","2":"type-product","3":"status-publish","4":"has-post-thumbnail","6":"product_cat-instagram","7":"product_cat-instagram-likes","8":"product_cat-social-store","9":"product_tag-country-related-instagram-likes","10":"product_tag-instagram-link","12":"first","13":"instock","14":"sale","15":"sold-individually","16":"shipping-taxable","17":"purchasable","18":"product-type-variable","19":"has-default-attributes"},"yoast_head":"<!-- This site is optimized with the Yoast SEO Premium plugin v23.6 (Yoast SEO v24.1) - https:\/\/yoast.com\/wordpress\/plugins\/seo\/ -->\n<title>Buy Dutch Instagram Likes - Boost Your Social Presence Today<\/title>\n<meta name=\"description\" content=\"Buy Dutch Instagram likes to enhance your social media presence. Get real likes from Dutch users. Instant delivery. Secure payment. Buy now!\" \/>\n<meta name=\"robots\" content=\"index, follow, max-snippet:-1, max-image-preview:large, max-video-preview:-1\" \/>\n<link rel=\"canonical\" href=\"https:\/\/www.nordshark.com\/de\/product\/niederlandische-likes-follower-kaufen\/\" \/>\n<meta property=\"og:locale\" content=\"de_DE\" \/>\n<meta property=\"og:type\" content=\"article\" \/>\n<meta property=\"og:title\" content=\"Dutch Instagram Likes\" \/>\n<meta property=\"og:description\" content=\"Buy Dutch Instagram likes to enhance your social media presence. Get real likes from Dutch users. Instant delivery. Secure payment. Buy now!\" \/>\n<meta property=\"og:url\" content=\"https:\/\/www.nordshark.com\/de\/product\/niederlandische-likes-follower-kaufen\/\" \/>\n<meta property=\"og:site_name\" content=\"Nordshark\" \/>\n<meta property=\"article:modified_time\" content=\"2024-02-27T19:21:35+00:00\" \/>\n<meta property=\"og:image\" content=\"https:\/\/www.nordshark.com\/wp-content\/uploads\/2024\/02\/Dutch.Likes_.jpg\" \/>\n\t<meta property=\"og:image:width\" content=\"800\" \/>\n\t<meta property=\"og:image:height\" content=\"800\" \/>\n\t<meta property=\"og:image:type\" content=\"image\/jpeg\" \/>\n<meta name=\"twitter:card\" content=\"summary_large_image\" \/>\n<meta name=\"twitter:label1\" content=\"Verf\u00fcgbarkeit\" \/>\n\t<meta name=\"twitter:data1\" content=\"Auf Lager\" \/>\n<script type=\"application\/ld+json\" class=\"yoast-schema-graph\">{\"@context\":\"https:\/\/schema.org\",\"@graph\":[{\"@type\":\"WebPage\",\"@id\":\"https:\/\/www.nordshark.com\/product\/buy-dutch-instagram-likes\/\",\"url\":\"https:\/\/www.nordshark.com\/product\/buy-dutch-instagram-likes\/\",\"name\":\"Buy Dutch Instagram Likes - Boost Your Social Presence Today\",\"isPartOf\":{\"@id\":\"https:\/\/www.nordshark.com\/#website\"},\"primaryImageOfPage\":{\"@id\":\"https:\/\/www.nordshark.com\/product\/buy-dutch-instagram-likes\/#primaryimage\"},\"image\":{\"@id\":\"https:\/\/www.nordshark.com\/product\/buy-dutch-instagram-likes\/#primaryimage\"},\"thumbnailUrl\":\"https:\/\/www.nordshark.com\/wp-content\/uploads\/2024\/02\/Dutch.Likes_.jpg\",\"datePublished\":\"2024-02-17T16:57:51+00:00\",\"dateModified\":\"2024-02-27T19:21:35+00:00\",\"description\":\"Buy Dutch Instagram likes to enhance your social media presence. Get real likes from Dutch users. Instant delivery. Secure payment. Buy now!\",\"breadcrumb\":{\"@id\":\"https:\/\/www.nordshark.com\/product\/buy-dutch-instagram-likes\/#breadcrumb\"},\"inLanguage\":\"de\",\"potentialAction\":[{\"@type\":\"ReadAction\",\"target\":[\"https:\/\/www.nordshark.com\/product\/buy-dutch-instagram-likes\/\"]}]},{\"@type\":\"ImageObject\",\"inLanguage\":\"de\",\"@id\":\"https:\/\/www.nordshark.com\/product\/buy-dutch-instagram-likes\/#primaryimage\",\"url\":\"https:\/\/www.nordshark.com\/wp-content\/uploads\/2024\/02\/Dutch.Likes_.jpg\",\"contentUrl\":\"https:\/\/www.nordshark.com\/wp-content\/uploads\/2024\/02\/Dutch.Likes_.jpg\",\"width\":800,\"height\":800,\"caption\":\"Buy Dutch Instagram Likes\"},{\"@type\":\"BreadcrumbList\",\"@id\":\"https:\/\/www.nordshark.com\/product\/buy-dutch-instagram-likes\/#breadcrumb\",\"itemListElement\":[{\"@type\":\"ListItem\",\"position\":1,\"name\":\"Home\",\"item\":\"https:\/\/www.nordshark.com\/\"},{\"@type\":\"ListItem\",\"position\":2,\"name\":\"Shop\",\"item\":\"https:\/\/www.nordshark.com\/shop\/\"},{\"@type\":\"ListItem\",\"position\":3,\"name\":\"Dutch Instagram Likes\"}]},{\"@type\":\"WebSite\",\"@id\":\"https:\/\/www.nordshark.com\/#website\",\"url\":\"https:\/\/www.nordshark.com\/\",\"name\":\"Nordshark\",\"description\":\"\",\"potentialAction\":[{\"@type\":\"SearchAction\",\"target\":{\"@type\":\"EntryPoint\",\"urlTemplate\":\"https:\/\/www.nordshark.com\/?s={search_term_string}\"},\"query-input\":{\"@type\":\"PropertyValueSpecification\",\"valueRequired\":true,\"valueName\":\"search_term_string\"}}],\"inLanguage\":\"de\"}]}<\/script>\n<meta property=\"og:availability\" content=\"instock\" \/>\n<meta property=\"product:availability\" content=\"instock\" \/>\n<meta property=\"product:condition\" content=\"new\" \/>\n<!-- \/ Yoast SEO Premium plugin. -->","yoast_head_json":{"title":"Buy Dutch Instagram Likes - Boost Your Social Presence Today","description":"Buy Dutch Instagram likes to enhance your social media presence. Get real likes from Dutch users. Instant delivery. Secure payment. Buy now!","robots":{"index":"index","follow":"follow","max-snippet":"max-snippet:-1","max-image-preview":"max-image-preview:large","max-video-preview":"max-video-preview:-1"},"canonical":"https:\/\/www.nordshark.com\/de\/product\/niederlandische-likes-follower-kaufen\/","og_locale":"de_DE","og_type":"article","og_title":"Dutch Instagram Likes","og_description":"Buy Dutch Instagram likes to enhance your social media presence. Get real likes from Dutch users. Instant delivery. Secure payment. Buy now!","og_url":"https:\/\/www.nordshark.com\/de\/product\/niederlandische-likes-follower-kaufen\/","og_site_name":"Nordshark","article_modified_time":"2024-02-27T19:21:35+00:00","og_image":[{"width":800,"height":800,"url":"https:\/\/www.nordshark.com\/wp-content\/uploads\/2024\/02\/Dutch.Likes_.jpg","type":"image\/jpeg"}],"twitter_card":"summary_large_image","twitter_misc":{"Verf\u00fcgbarkeit":"Auf Lager"},"schema":{"@context":"https:\/\/schema.org","@graph":[{"@type":"WebPage","@id":"https:\/\/www.nordshark.com\/product\/buy-dutch-instagram-likes\/","url":"https:\/\/www.nordshark.com\/product\/buy-dutch-instagram-likes\/","name":"Buy Dutch Instagram Likes - Boost Your Social Presence Today","isPartOf":{"@id":"https:\/\/www.nordshark.com\/#website"},"primaryImageOfPage":{"@id":"https:\/\/www.nordshark.com\/product\/buy-dutch-instagram-likes\/#primaryimage"},"image":{"@id":"https:\/\/www.nordshark.com\/product\/buy-dutch-instagram-likes\/#primaryimage"},"thumbnailUrl":"https:\/\/www.nordshark.com\/wp-content\/uploads\/2024\/02\/Dutch.Likes_.jpg","datePublished":"2024-02-17T16:57:51+00:00","dateModified":"2024-02-27T19:21:35+00:00","description":"Buy Dutch Instagram likes to enhance your social media presence. Get real likes from Dutch users. Instant delivery. Secure payment. Buy now!","breadcrumb":{"@id":"https:\/\/www.nordshark.com\/product\/buy-dutch-instagram-likes\/#breadcrumb"},"inLanguage":"de","potentialAction":[{"@type":"ReadAction","target":["https:\/\/www.nordshark.com\/product\/buy-dutch-instagram-likes\/"]}]},{"@type":"ImageObject","inLanguage":"de","@id":"https:\/\/www.nordshark.com\/product\/buy-dutch-instagram-likes\/#primaryimage","url":"https:\/\/www.nordshark.com\/wp-content\/uploads\/2024\/02\/Dutch.Likes_.jpg","contentUrl":"https:\/\/www.nordshark.com\/wp-content\/uploads\/2024\/02\/Dutch.Likes_.jpg","width":800,"height":800,"caption":"Buy Dutch Instagram Likes"},{"@type":"BreadcrumbList","@id":"https:\/\/www.nordshark.com\/product\/buy-dutch-instagram-likes\/#breadcrumb","itemListElement":[{"@type":"ListItem","position":1,"name":"Home","item":"https:\/\/www.nordshark.com\/"},{"@type":"ListItem","position":2,"name":"Shop","item":"https:\/\/www.nordshark.com\/shop\/"},{"@type":"ListItem","position":3,"name":"Dutch Instagram Likes"}]},{"@type":"WebSite","@id":"https:\/\/www.nordshark.com\/#website","url":"https:\/\/www.nordshark.com\/","name":"Nordshark","description":"","potentialAction":[{"@type":"SearchAction","target":{"@type":"EntryPoint","urlTemplate":"https:\/\/www.nordshark.com\/?s={search_term_string}"},"query-input":{"@type":"PropertyValueSpecification","valueRequired":true,"valueName":"search_term_string"}}],"inLanguage":"de"}]},"og_availability":"instock","product_availability":"instock","product_condition":"new"},"_links":{"self":[{"href":"https:\/\/www.nordshark.com\/de\/wp-json\/wp\/v2\/product\/286","targetHints":{"allow":["GET"]}}],"collection":[{"href":"https:\/\/www.nordshark.com\/de\/wp-json\/wp\/v2\/product"}],"about":[{"href":"https:\/\/www.nordshark.com\/de\/wp-json\/wp\/v2\/types\/product"}],"replies":[{"embeddable":true,"href":"https:\/\/www.nordshark.com\/de\/wp-json\/wp\/v2\/comments?post=286"}],"wp:featuredmedia":[{"embeddable":true,"href":"https:\/\/www.nordshark.com\/de\/wp-json\/wp\/v2\/media\/790"}],"wp:attachment":[{"href":"https:\/\/www.nordshark.com\/de\/wp-json\/wp\/v2\/media?parent=286"}],"wp:term":[{"taxonomy":"product_cat","embeddable":true,"href":"https:\/\/www.nordshark.com\/de\/wp-json\/wp\/v2\/product_cat?post=286"},{"taxonomy":"product_tag","embeddable":true,"href":"https:\/\/www.nordshark.com\/de\/wp-json\/wp\/v2\/product_tag?post=286"}],"curies":[{"name":"wp","href":"https:\/\/api.w.org\/{rel}","templated":true}]}}