{"id":2787,"date":"2024-03-12T12:40:28","date_gmt":"2024-03-12T11:40:28","guid":{"rendered":"https:\/\/www.nordshark.com\/?post_type=product&#038;p=2787"},"modified":"2024-03-12T12:49:45","modified_gmt":"2024-03-12T11:49:45","slug":"buy-french-instagram-engagement","status":"publish","type":"product","link":"https:\/\/www.nordshark.com\/de\/product\/buy-french-instagram-engagement\/","title":{"rendered":"French Instagram Engagement"},"content":{"rendered":"<div id=\"fws_69fb7468e886c\"  data-column-margin=\"default\" data-midnight=\"dark\" data-top-percent=\"8%\"  class=\"wpb_row vc_row-fluid vc_row full-width-section  right_padding_10pct left_padding_10pct\"  style=\"padding-top: calc(100vw * 0.08); padding-bottom: 0px; \"><div class=\"row-bg-wrap\" data-bg-animation=\"none\" data-bg-animation-delay=\"\" data-bg-overlay=\"false\"><div class=\"inner-wrap row-bg-layer\" ><div class=\"row-bg viewport-desktop\"  style=\"\"><\/div><\/div><\/div><div class=\"row_col_wrap_12 col span_12 dark left\">\n\t<div  class=\"vc_col-sm-12 wpb_column column_container vc_column_container col no-extra-padding inherit_tablet inherit_phone\"  data-padding-pos=\"all\" data-has-bg-color=\"false\" data-bg-color=\"\" data-bg-opacity=\"1\" data-animation=\"\" data-delay=\"0\" >\n\t\t<div class=\"vc_column-inner\" >\n\t\t\t<div class=\"wpb_wrapper\">\n\t\t\t\t<div id=\"fws_69fb7468e8967\" data-midnight=\"\" data-column-margin=\"default\" class=\"wpb_row vc_row-fluid vc_row inner_row\"  style=\"padding-bottom: 4%; \"><div class=\"row-bg-wrap\"> <div class=\"row-bg\" ><\/div> <\/div><div class=\"row_col_wrap_12_inner col span_12  left\">\n\t<div  class=\"vc_col-sm-12 wpb_column column_container vc_column_container col child_column centered-text no-extra-padding inherit_tablet inherit_phone\"   data-padding-pos=\"all\" data-has-bg-color=\"false\" data-bg-color=\"\" data-bg-opacity=\"1\" data-animation=\"\" data-delay=\"0\" >\n\t\t<div class=\"vc_column-inner\" >\n\t\t<div class=\"wpb_wrapper\">\n\t\t\t<div class=\"nectar-highlighted-text font_size_2vw font_size_tablet_6vw font_line_height_1-0\" data-style=\"none\" data-exp=\"default\" data-using-custom-color=\"false\" data-animation-delay=\"false\" data-color=\"\" data-color-gradient=\"\" style=\"\"><h3>H\u00e4ufig gestellte Fragen<\/h3>\n<\/div>\n\t\t<\/div> \n\t<\/div>\n\t<\/div> \n<\/div><\/div>\n\t\t\t<\/div> \n\t\t<\/div>\n\t<\/div> \n<\/div><\/div>\n\t\t<div id=\"fws_69fb7468e8a88\"  data-column-margin=\"custom\" data-midnight=\"dark\" data-top-percent=\"3%\" data-bottom-percent=\"3%\"  class=\"wpb_row vc_row-fluid vc_row full-width-content vc_row-o-equal-height vc_row-flex vc_row-o-content-middle  right_padding_7vw left_padding_7vw column-margin-7vw\"  style=\"padding-top: calc(100vw * 0.03); padding-bottom: calc(100vw * 0.03); \"><div class=\"row-bg-wrap\" data-bg-animation=\"none\" data-bg-animation-delay=\"\" data-bg-overlay=\"false\"><div class=\"inner-wrap row-bg-layer\" ><div class=\"row-bg viewport-desktop using-bg-color\"  style=\"background-color: #f8f8f8; \"><\/div><\/div><\/div><div class=\"row_col_wrap_12 col span_12 dark left\">\n\t<div  class=\"vc_col-sm-6 wpb_column column_container vc_column_container col left_padding_desktop_2vw\"  data-padding-pos=\"all\" data-has-bg-color=\"false\" data-bg-color=\"\" data-bg-opacity=\"1\" data-animation=\"\" data-delay=\"0\" >\n\t\t<div class=\"vc_column-inner\" >\n\t\t\t<div class=\"wpb_wrapper\">\n\t\t\t\t<div class=\"toggles accordion\" data-br=\"\" data-starting=\"default\" data-style=\"minimal\"><div class=\"toggle accent-color\" data-inner-wrap=\"true\"><h3 class=\"toggle-title\"><a href=\"#\" role=\"button\" class=\"nectar-inherit-h4 toggle-heading\"><i role=\"presentation\" class=\"fa fa-plus-circle\"><\/i>Why should I buy French Instagram Engagement?<\/a><\/h3><div><div class=\"inner-toggle-wrap\">\n<div class=\"wpb_text_column wpb_content_element\" >\n\t<div class=\"wpb_wrapper\">\n\t\t<p>Purchasing French Instagram Engagement can enhance your visibility and credibility within the French market, making your content more attractive to this specific audience.<\/p>\n\t<\/div>\n<\/div>\n\n\n\n<\/div><\/div><\/div><div class=\"toggle accent-color\" data-inner-wrap=\"true\"><h3 class=\"toggle-title\"><a href=\"#\" role=\"button\" class=\"nectar-inherit-h4 toggle-heading\"><i role=\"presentation\" class=\"fa fa-plus-circle\"><\/i>Wie lange dauert die Lieferung?<\/a><\/h3><div><div class=\"inner-toggle-wrap\">\n<div class=\"wpb_text_column wpb_content_element\" >\n\t<div class=\"wpb_wrapper\">\n\t\t<p>Delivery typically begins within 1-12 hours of your purchase, with full completion depending on the size of the order.<\/p>\n\t<\/div>\n<\/div>\n\n\n\n<\/div><\/div><\/div><div class=\"toggle accent-color\" data-inner-wrap=\"true\"><h3 class=\"toggle-title\"><a href=\"#\" role=\"button\" class=\"nectar-inherit-h4 toggle-heading\"><i role=\"presentation\" class=\"fa fa-plus-circle\"><\/i>Is it safe to buy French Instagram Engagement for my account?<\/a><\/h3><div><div class=\"inner-toggle-wrap\">\n<div class=\"wpb_text_column wpb_content_element\" >\n\t<div class=\"wpb_wrapper\">\n\t\t<p>Yes, it&#8217;s safe. We utilize genuine methods to boost engagement, ensuring your account remains compliant with Instagram&#8217;s policies.<\/p>\n\t<\/div>\n<\/div>\n\n\n\n<\/div><\/div><\/div><\/div>\n\n\n\n\n\n\n\n\n\n\n\n\n\n\n\n\n\n\n\n\n\t\t\t<\/div> \n\t\t<\/div>\n\t<\/div> \n\n\t<div  class=\"vc_col-sm-6 wpb_column column_container vc_column_container col top_margin_tablet_10pct right_padding_desktop_2vw\"  data-padding-pos=\"all\" data-has-bg-color=\"false\" data-bg-color=\"\" data-bg-opacity=\"1\" data-animation=\"\" data-delay=\"0\" >\n\t\t<div class=\"vc_column-inner\" >\n\t\t\t<div class=\"wpb_wrapper\">\n\t\t\t\t<div id=\"fws_69fb7468e8c7a\" data-midnight=\"\" data-column-margin=\"default\" class=\"wpb_row vc_row-fluid vc_row inner_row\"  style=\"\"><div class=\"row-bg-wrap\"> <div class=\"row-bg\" ><\/div> <\/div><div class=\"row_col_wrap_12_inner col span_12  left\">\n\t<div  class=\"vc_col-sm-12 wpb_column column_container vc_column_container col child_column col-overflow-hidden mask_shape_circle-rect mask_size_contain top_padding_desktop_20pct bottom_padding_desktop_20pct\"   data-border-radius=\"15px\" data-video-bg=\"true\" data-overlay-color=\"true\" data-padding-pos=\"all\" data-has-bg-color=\"false\" data-bg-color=\"\" data-bg-opacity=\"1\" data-animation=\"\" data-delay=\"0\" >\n\t\t<div class=\"vc_column-inner\" >\n  <div class=\"nectar-video-wrap column-bg-layer column-video\">\n        <video class=\"nectar-video-bg\" width=\"1800\" height=\"700\" preload=\"auto\" loop autoplay muted playsinline><source src=\"https:\/\/www.nordshark.com\/wp-content\/uploads\/2024\/02\/faq2.mp4\"  type=\"video\/mp4\"><\/video><\/div><div class=\"column-bg-overlay-wrap column-bg-layer\" data-bg-animation=\"none\"><div class=\"column-bg-overlay\"><\/div><div class=\"column-overlay-layer\" style=\"\"><\/div><\/div>\n\t\t<div class=\"wpb_wrapper\">\n\t\t\t\n\t\t<\/div> \n\t<\/div>\n\t<\/div> \n<\/div><\/div>\n\t\t\t<\/div> \n\t\t<\/div>\n\t<\/div> \n<\/div><\/div>\n\t\t<div id=\"fws_69fb7468e8d0e\"  data-column-margin=\"default\" data-midnight=\"dark\" data-top-percent=\"5%\" data-bottom-percent=\"5%\"  class=\"wpb_row vc_row-fluid vc_row  right_padding_5pct left_padding_5pct\"  style=\"padding-top: calc(100vw * 0.05); padding-bottom: calc(100vw * 0.05); \"><div class=\"row-bg-wrap\" data-bg-animation=\"none\" data-bg-animation-delay=\"\" data-bg-overlay=\"false\"><div class=\"inner-wrap row-bg-layer\" ><div class=\"row-bg viewport-desktop\"  style=\"\"><\/div><\/div><\/div><div class=\"row_col_wrap_12 col span_12 dark left\">\n\t<div  class=\"vc_col-sm-12 wpb_column column_container vc_column_container col no-extra-padding inherit_tablet inherit_phone\"  data-padding-pos=\"all\" data-has-bg-color=\"false\" data-bg-color=\"\" data-bg-opacity=\"1\" data-animation=\"\" data-delay=\"0\" >\n\t\t<div class=\"vc_column-inner\" >\n\t\t\t<div class=\"wpb_wrapper\">\n\t\t\t\t\n<div class=\"wpb_text_column wpb_content_element\" >\n\t<div class=\"wpb_wrapper\">\n\t\t<h1><span style=\"color: #333333;\">Steigere deine Instagram-Pr\u00e4senz mit Nordshark!<\/span><\/h1>\n<p><span style=\"color: #333333;\">Suchst du nach M\u00f6glichkeiten, deine Instagram Follower zu erh\u00f6hen? Such nicht weiter! Nordshark bietet eine unkomplizierte L\u00f6sung unter nordshark.com, um\u00a0<strong>Kaufe Instagram Follower.<\/strong>\u00a0und steigere deinen Social-Media-Auftritt in die H\u00f6he.<\/span><\/p>\n<h2><span style=\"color: #333333;\">Warum Instagram-Follower kaufen?<\/span><\/h2>\n<p><span style=\"color: #333333;\">Das Wachstum deines Instagram-Followings auf nat\u00fcrliche Weise kann ein langsamer und herausfordernder Prozess sein. Indem du jedoch Instagram-Follower von Nordshark kaufst, kannst du dein Social-Media-Wachstum turboaufladen und deine Zielgruppe effektiver erreichen.<\/span><\/p>\n<h3><span style=\"color: #333333;\">Vorteile des Kaufens von Instagram-Followern<\/span><\/h3>\n<ul>\n<li><span style=\"color: #333333;\">Sofortiger Boost: Mit unseren Services kannst du sofort deinen Follower-Z\u00e4hler erh\u00f6hen und deine Glaubw\u00fcrdigkeit auf Instagram verbessern.<\/span><\/li>\n<li><span style=\"color: #333333;\">Erh\u00f6hte Interaktion: Mehr Follower f\u00fchren zu einer h\u00f6heren Sichtbarkeit, Likes, Kommentaren und generell mehr Interaktion auf deinen Posts.<\/span><\/li>\n<li><span style=\"color: #333333;\">Erh\u00f6hter sozialer Anspruch: Eine h\u00f6here Anzahl von Followern zieht nicht nur neue Follower an, sondern beeindruckt auch potenzielle Markenpartner und Kunden.<\/span><\/li>\n<li><span style=\"color: #333333;\">Schnelle Ergebnisse: Verschwende keine Zeit damit, auf organisches Wachstum zu warten. Beginne sofort Ergebnisse zu sehen mit den Instagram-Follower-Paketen von Nordshark.<\/span><\/li>\n<li><span style=\"color: #333333;\">Wettbewerbsvorteil: Stich aus der Menge heraus und erlange einen Wettbewerbsvorteil im Instagram Marketing-Spiel.<\/span><\/li>\n<\/ul>\n<h2><span style=\"color: #333333;\">Warum Nordshark w\u00e4hlen?<\/span><\/h2>\n<p><span style=\"color: #333333;\">Bei Nordshark ist Kundenzufriedenheit unsere oberste Priorit\u00e4t, und wir bieten hochwertige Instagram-Follower, die echt und aktiv sind. Hier ist, warum du uns w\u00e4hlen solltest:<\/span><\/p>\n<ul>\n<li><span style=\"color: #333333;\">Echte Instagram Follower: Wir verlassen uns nicht auf Bots oder Fake-Accounts. Alle unsere Follower sind authentisch und interagieren mit deinem Inhalt.<\/span><\/li>\n<li><span style=\"color: #333333;\">Sicher und gesch\u00fctzt: Wir verwenden hochentwickelte Sicherheitsma\u00dfnahmen, um sicherzustellen, dass dein Instagram-Konto niemals kompromittiert wird.<\/span><\/li>\n<li><span style=\"color: #333333;\">Schnelle Lieferung: Sobald du ein Paket kaufst, wirst du sofort eine Verbesserung bei der Anzahl deiner Follower sehen.<\/span><\/li>\n<li><span style=\"color: #333333;\">Preiswertes Angebot: Wir bieten wettbewerbsf\u00e4hige Preise an, um Unternehmen und Influencer jeder Gr\u00f6\u00dfe zu erreichen.<\/span><\/li>\n<li><span style=\"color: #333333;\">Ausgezeichneter Kundensupport: Unser engagiertes Support-Team steht Ihnen rund um die Uhr zur Verf\u00fcgung, um Ihnen bei Fragen oder Anliegen behilflich zu sein.<\/span><\/li>\n<\/ul>\n<h3><span style=\"color: #333333;\">Wie man mit Nordshark Instagram-Follower kauft<\/span><\/h3>\n<ol>\n<li><span style=\"color: #333333;\">Besuche unsere Website unter www.nordshark.com.<\/span><\/li>\n<li><span style=\"color: #333333;\">W\u00e4hle das Paket aus, das deinen Bed\u00fcrfnissen und deinem Budget entspricht.<\/span><\/li>\n<li><span style=\"color: #333333;\">Gib uns deinen Instagram-Benutzernamen.<\/span><\/li>\n<li><span style=\"color: #333333;\">W\u00e4hle eine passende Zahlungsmethode und schlie\u00dfe deinen Kauf ab.<\/span><\/li>\n<li><span style=\"color: #333333;\">Lehn dich zur\u00fcck und schau zu, wie deine Follower-Zahl w\u00e4chst!<\/span><\/li>\n<\/ol>\n<h2><span style=\"color: #333333;\">Leg heute los!<\/span><\/h2>\n<p><span style=\"color: #333333;\">Verpass nicht die unglaublichen Chancen, die mit einer starken Instagram-Pr\u00e4senz einhergehen. Bring dein Social-Media-Spiel auf die n\u00e4chste Stufe und kaufe Instagram-Follower von Nordshark. Leg heute los und erlebe die Macht des Social-Media-Wachstums!<\/span><\/p>\n<p><span style=\"color: #333333;\">Haftungsausschluss: Es ist wichtig zu beachten, dass der Kauf von Instagram-Followern durch authentischen Inhalt und kontinuierliche Interaktion erg\u00e4nzt werden sollte, um langfristigen Erfolg zu gew\u00e4hrleisten.<\/span><\/p>\n\t<\/div>\n<\/div>\n\n\n\n\n\t\t\t<\/div> \n\t\t<\/div>\n\t<\/div> \n<\/div><\/div>\n\t\t<div id=\"fws_69fb7468e8e28\"  data-column-margin=\"default\" data-midnight=\"light\" data-top-percent=\"10%\" data-bottom-percent=\"10%\"  class=\"wpb_row vc_row-fluid vc_row full-width-content vc_row-o-equal-height vc_row-flex vc_row-o-content-top  zindex-set mobile-disable-bg-image-animation right_padding_8pct left_padding_8pct nectar-overflow-hidden top_padding_phone_25pct bottom_padding_phone_25pct\"  style=\"padding-top: calc(100vw * 0.10); padding-bottom: calc(100vw * 0.10);  z-index: 100;\"><div class=\"row-bg-wrap\" data-bg-animation=\"fade-in\" data-bg-animation-delay=\"\" data-bg-overlay=\"true\"><div class=\"inner-wrap row-bg-layer\" style=\"background-color: #2b323a;\" ><div class=\"row-bg viewport-desktop using-bg-color\"  style=\"background-color: #2b323a; \"><\/div><\/div><div class=\"row-bg-overlay row-bg-layer\" style=\"background-color:rgba(0,0,0,0.78);  opacity: 0.8; \"><\/div><\/div>\n\t\t\t<div class=\"video-color-overlay row-bg-layer\" data-color=\"\"><\/div>\n\t\t\t\n\t\t\t<div class=\"nectar-video-wrap row-bg-layer\" data-bg-alignment=\"\">\n\t\t\t\t<div class=\"nectar-video-inner\">\n\t\t\t\t<video class=\"nectar-video-bg\" width=\"1800\" height=\"700\" preload=\"auto\" loop autoplay muted playsinline><source src=\"https:\/\/www.nordshark.com\/wp-content\/uploads\/2024\/02\/AdobeStock_454354002.mp4\"  type=\"video\/mp4\"><\/video>    \t\t<\/div>\n\t\t\t <\/div>\n\n\t\t\t<div class=\"row_col_wrap_12 col span_12 light left\">\n\t<div  class=\"vc_col-sm-12 wpb_column column_container vc_column_container col no-extra-padding column_position_static el_spacing_0px inherit_tablet inherit_phone\"  data-padding-pos=\"top-bottom\" data-has-bg-color=\"false\" data-bg-color=\"\" data-bg-opacity=\"1\" data-animation=\"\" data-delay=\"0\" >\n\t\t<div class=\"vc_column-inner\" >\n\t\t\t<div class=\"wpb_wrapper\">\n\t\t\t\t<div id=\"fws_69fb7468e8e96\" data-midnight=\"\" data-column-margin=\"none\" class=\"wpb_row vc_row-fluid vc_row inner_row  right_padding_13vw left_padding_13vw\"  style=\" z-index: 10;\"><div class=\"row-bg-wrap\"> <div class=\"row-bg\" ><\/div> <\/div><div class=\"row_col_wrap_12_inner col span_12  left\">\n\t<div  class=\"vc_col-sm-12 wpb_column column_container vc_column_container col child_column centered-text no-extra-padding inherit_tablet inherit_phone\"   data-padding-pos=\"all\" data-has-bg-color=\"false\" data-bg-color=\"\" data-bg-opacity=\"1\" data-animation=\"\" data-delay=\"0\" >\n\t\t<div class=\"vc_column-inner\" >\n\t\t<div class=\"wpb_wrapper\">\n\t\t\t<div class=\"nectar-split-heading  font_size_9vw font_size_tablet_10vw font_line_height_0-95\" data-align=\"left\" data-m-align=\"inherit\" data-text-effect=\"letter-reveal-bottom\" data-animation-type=\"line-reveal-by-space\" data-animation-delay=\"150\" data-animation-offset=\"\" data-m-rm-animation=\"true\" data-stagger=\"true\" data-custom-font-size=\"true\" style=\"font-size: 9vw; line-height: 9.9vw;\"><h1 >Der Beste.<\/h1><\/div>\n\t\t<\/div> \n\t<\/div>\n\t<\/div> \n<\/div><\/div>\n\t\t\t<\/div> \n\t\t<\/div>\n\t<\/div> \n<\/div><\/div>","protected":false},"excerpt":{"rendered":"<p>\u2714 Echte hochwertige Konten<br \/>\n\u2714 Start Time: Instant<br \/>\n\u2714 Einmalzahlungen \u2013 Kein Abonnement<\/p>\n<p>F\u00fcr <strong>International<\/strong>\u00a0Engagement <strong><span style=\"color: #0000ff;\"><a style=\"color: #0000ff;\" href=\"https:\/\/www.nordshark.com\/de\/product\/buy-instagram-engagement\/\">Klick hier<\/a><\/span><\/strong><\/p>","protected":false},"featured_media":0,"comment_status":"open","ping_status":"closed","template":"","meta":{"inline_featured_image":false},"product_cat":[29,77,32],"product_tag":[74,33],"class_list":{"0":"post-2787","1":"product","2":"type-product","3":"status-publish","5":"product_cat-instagram","6":"product_cat-instagram-engagement","7":"product_cat-social-store","8":"product_tag-country-related-instagram-engagement","9":"product_tag-instagram-link","11":"first","12":"instock","13":"sale","14":"sold-individually","15":"shipping-taxable","16":"purchasable","17":"product-type-variable","18":"has-default-attributes"},"yoast_head":"<!-- This site is optimized with the Yoast SEO Premium plugin v23.6 (Yoast SEO v24.1) - https:\/\/yoast.com\/wordpress\/plugins\/seo\/ -->\n<title>Boost Your Profile with French Instagram Engagement<\/title>\n<meta name=\"description\" content=\"Elevate your Instagram with our French engagement services. Get more likes, comments, and followers to enhance your social media presence.\" \/>\n<meta name=\"robots\" content=\"index, follow, max-snippet:-1, max-image-preview:large, max-video-preview:-1\" \/>\n<link rel=\"canonical\" href=\"https:\/\/www.nordshark.com\/de\/product\/buy-french-instagram-engagement\/\" \/>\n<meta property=\"og:locale\" content=\"de_DE\" \/>\n<meta property=\"og:type\" content=\"article\" \/>\n<meta property=\"og:title\" content=\"French Instagram Engagement\" \/>\n<meta property=\"og:description\" content=\"Elevate your Instagram with our French engagement services. Get more likes, comments, and followers to enhance your social media presence.\" \/>\n<meta property=\"og:url\" content=\"https:\/\/www.nordshark.com\/de\/product\/buy-french-instagram-engagement\/\" \/>\n<meta property=\"og:site_name\" content=\"Nordshark\" \/>\n<meta property=\"article:modified_time\" content=\"2024-03-12T11:49:45+00:00\" \/>\n<meta name=\"twitter:card\" content=\"summary_large_image\" \/>\n<meta name=\"twitter:label1\" content=\"Verf\u00fcgbarkeit\" \/>\n\t<meta name=\"twitter:data1\" content=\"Auf Lager\" \/>\n<script type=\"application\/ld+json\" class=\"yoast-schema-graph\">{\"@context\":\"https:\/\/schema.org\",\"@graph\":[{\"@type\":\"WebPage\",\"@id\":\"https:\/\/www.nordshark.com\/product\/buy-french-instagram-engagement\/\",\"url\":\"https:\/\/www.nordshark.com\/product\/buy-french-instagram-engagement\/\",\"name\":\"Boost Your Profile with French Instagram Engagement\",\"isPartOf\":{\"@id\":\"https:\/\/www.nordshark.com\/#website\"},\"datePublished\":\"2024-03-12T11:40:28+00:00\",\"dateModified\":\"2024-03-12T11:49:45+00:00\",\"description\":\"Elevate your Instagram with our French engagement services. Get more likes, comments, and followers to enhance your social media presence.\",\"breadcrumb\":{\"@id\":\"https:\/\/www.nordshark.com\/product\/buy-french-instagram-engagement\/#breadcrumb\"},\"inLanguage\":\"de\",\"potentialAction\":[{\"@type\":\"ReadAction\",\"target\":[\"https:\/\/www.nordshark.com\/product\/buy-french-instagram-engagement\/\"]}]},{\"@type\":\"BreadcrumbList\",\"@id\":\"https:\/\/www.nordshark.com\/product\/buy-french-instagram-engagement\/#breadcrumb\",\"itemListElement\":[{\"@type\":\"ListItem\",\"position\":1,\"name\":\"Home\",\"item\":\"https:\/\/www.nordshark.com\/\"},{\"@type\":\"ListItem\",\"position\":2,\"name\":\"Shop\",\"item\":\"https:\/\/www.nordshark.com\/shop\/\"},{\"@type\":\"ListItem\",\"position\":3,\"name\":\"French Instagram Engagement\"}]},{\"@type\":\"WebSite\",\"@id\":\"https:\/\/www.nordshark.com\/#website\",\"url\":\"https:\/\/www.nordshark.com\/\",\"name\":\"Nordshark\",\"description\":\"\",\"potentialAction\":[{\"@type\":\"SearchAction\",\"target\":{\"@type\":\"EntryPoint\",\"urlTemplate\":\"https:\/\/www.nordshark.com\/?s={search_term_string}\"},\"query-input\":{\"@type\":\"PropertyValueSpecification\",\"valueRequired\":true,\"valueName\":\"search_term_string\"}}],\"inLanguage\":\"de\"}]}<\/script>\n<meta property=\"og:availability\" content=\"instock\" \/>\n<meta property=\"product:availability\" content=\"instock\" \/>\n<meta property=\"product:condition\" content=\"new\" \/>\n<!-- \/ Yoast SEO Premium plugin. -->","yoast_head_json":{"title":"Boost Your Profile with French Instagram Engagement","description":"Elevate your Instagram with our French engagement services. Get more likes, comments, and followers to enhance your social media presence.","robots":{"index":"index","follow":"follow","max-snippet":"max-snippet:-1","max-image-preview":"max-image-preview:large","max-video-preview":"max-video-preview:-1"},"canonical":"https:\/\/www.nordshark.com\/de\/product\/buy-french-instagram-engagement\/","og_locale":"de_DE","og_type":"article","og_title":"French Instagram Engagement","og_description":"Elevate your Instagram with our French engagement services. Get more likes, comments, and followers to enhance your social media presence.","og_url":"https:\/\/www.nordshark.com\/de\/product\/buy-french-instagram-engagement\/","og_site_name":"Nordshark","article_modified_time":"2024-03-12T11:49:45+00:00","twitter_card":"summary_large_image","twitter_misc":{"Verf\u00fcgbarkeit":"Auf Lager"},"schema":{"@context":"https:\/\/schema.org","@graph":[{"@type":"WebPage","@id":"https:\/\/www.nordshark.com\/product\/buy-french-instagram-engagement\/","url":"https:\/\/www.nordshark.com\/product\/buy-french-instagram-engagement\/","name":"Boost Your Profile with French Instagram Engagement","isPartOf":{"@id":"https:\/\/www.nordshark.com\/#website"},"datePublished":"2024-03-12T11:40:28+00:00","dateModified":"2024-03-12T11:49:45+00:00","description":"Elevate your Instagram with our French engagement services. Get more likes, comments, and followers to enhance your social media presence.","breadcrumb":{"@id":"https:\/\/www.nordshark.com\/product\/buy-french-instagram-engagement\/#breadcrumb"},"inLanguage":"de","potentialAction":[{"@type":"ReadAction","target":["https:\/\/www.nordshark.com\/product\/buy-french-instagram-engagement\/"]}]},{"@type":"BreadcrumbList","@id":"https:\/\/www.nordshark.com\/product\/buy-french-instagram-engagement\/#breadcrumb","itemListElement":[{"@type":"ListItem","position":1,"name":"Home","item":"https:\/\/www.nordshark.com\/"},{"@type":"ListItem","position":2,"name":"Shop","item":"https:\/\/www.nordshark.com\/shop\/"},{"@type":"ListItem","position":3,"name":"French Instagram Engagement"}]},{"@type":"WebSite","@id":"https:\/\/www.nordshark.com\/#website","url":"https:\/\/www.nordshark.com\/","name":"Nordshark","description":"","potentialAction":[{"@type":"SearchAction","target":{"@type":"EntryPoint","urlTemplate":"https:\/\/www.nordshark.com\/?s={search_term_string}"},"query-input":{"@type":"PropertyValueSpecification","valueRequired":true,"valueName":"search_term_string"}}],"inLanguage":"de"}]},"og_availability":"instock","product_availability":"instock","product_condition":"new"},"_links":{"self":[{"href":"https:\/\/www.nordshark.com\/de\/wp-json\/wp\/v2\/product\/2787","targetHints":{"allow":["GET"]}}],"collection":[{"href":"https:\/\/www.nordshark.com\/de\/wp-json\/wp\/v2\/product"}],"about":[{"href":"https:\/\/www.nordshark.com\/de\/wp-json\/wp\/v2\/types\/product"}],"replies":[{"embeddable":true,"href":"https:\/\/www.nordshark.com\/de\/wp-json\/wp\/v2\/comments?post=2787"}],"wp:attachment":[{"href":"https:\/\/www.nordshark.com\/de\/wp-json\/wp\/v2\/media?parent=2787"}],"wp:term":[{"taxonomy":"product_cat","embeddable":true,"href":"https:\/\/www.nordshark.com\/de\/wp-json\/wp\/v2\/product_cat?post=2787"},{"taxonomy":"product_tag","embeddable":true,"href":"https:\/\/www.nordshark.com\/de\/wp-json\/wp\/v2\/product_tag?post=2787"}],"curies":[{"name":"wp","href":"https:\/\/api.w.org\/{rel}","templated":true}]}}