{"id":2038,"date":"2024-02-28T23:24:24","date_gmt":"2024-02-28T22:24:24","guid":{"rendered":"https:\/\/www.nordshark.com\/?post_type=product&#038;p=2038"},"modified":"2024-03-04T13:52:08","modified_gmt":"2024-03-04T12:52:08","slug":"buy-german-instagram-story-likes","status":"publish","type":"product","link":"https:\/\/www.nordshark.com\/de\/product\/buy-german-instagram-story-likes\/","title":{"rendered":"Deutsche Instagram-Story Likes"},"content":{"rendered":"<div id=\"fws_69fb7472bb618\"  data-column-margin=\"default\" data-midnight=\"dark\" data-top-percent=\"8%\"  class=\"wpb_row vc_row-fluid vc_row full-width-section  right_padding_10pct left_padding_10pct\"  style=\"padding-top: calc(100vw * 0.08); padding-bottom: 0px; \"><div class=\"row-bg-wrap\" data-bg-animation=\"none\" data-bg-animation-delay=\"\" data-bg-overlay=\"false\"><div class=\"inner-wrap row-bg-layer\" ><div class=\"row-bg viewport-desktop\"  style=\"\"><\/div><\/div><\/div><div class=\"row_col_wrap_12 col span_12 dark left\">\n\t<div  class=\"vc_col-sm-12 wpb_column column_container vc_column_container col no-extra-padding inherit_tablet inherit_phone\"  data-padding-pos=\"all\" data-has-bg-color=\"false\" data-bg-color=\"\" data-bg-opacity=\"1\" data-animation=\"\" data-delay=\"0\" >\n\t\t<div class=\"vc_column-inner\" >\n\t\t\t<div class=\"wpb_wrapper\">\n\t\t\t\t<div id=\"fws_69fb7472bb6f6\" data-midnight=\"\" data-column-margin=\"default\" class=\"wpb_row vc_row-fluid vc_row inner_row\"  style=\"padding-bottom: 4%; \"><div class=\"row-bg-wrap\"> <div class=\"row-bg\" ><\/div> <\/div><div class=\"row_col_wrap_12_inner col span_12  left\">\n\t<div  class=\"vc_col-sm-12 wpb_column column_container vc_column_container col child_column centered-text no-extra-padding inherit_tablet inherit_phone\"   data-padding-pos=\"all\" data-has-bg-color=\"false\" data-bg-color=\"\" data-bg-opacity=\"1\" data-animation=\"\" data-delay=\"0\" >\n\t\t<div class=\"vc_column-inner\" >\n\t\t<div class=\"wpb_wrapper\">\n\t\t\t<div class=\"nectar-highlighted-text font_size_2vw font_size_tablet_6vw font_line_height_1-0\" data-style=\"none\" data-exp=\"default\" data-using-custom-color=\"false\" data-animation-delay=\"false\" data-color=\"\" data-color-gradient=\"\" style=\"\"><h3>H\u00e4ufig gestellte Fragen<\/h3>\n<\/div>\n\t\t<\/div> \n\t<\/div>\n\t<\/div> \n<\/div><\/div>\n\t\t\t<\/div> \n\t\t<\/div>\n\t<\/div> \n<\/div><\/div>\n\t\t<div id=\"fws_69fb7472bb80c\"  data-column-margin=\"custom\" data-midnight=\"dark\" data-top-percent=\"3%\" data-bottom-percent=\"3%\"  class=\"wpb_row vc_row-fluid vc_row full-width-content vc_row-o-equal-height vc_row-flex vc_row-o-content-middle  right_padding_7vw left_padding_7vw column-margin-7vw\"  style=\"padding-top: calc(100vw * 0.03); padding-bottom: calc(100vw * 0.03); \"><div class=\"row-bg-wrap\" data-bg-animation=\"none\" data-bg-animation-delay=\"\" data-bg-overlay=\"false\"><div class=\"inner-wrap row-bg-layer\" ><div class=\"row-bg viewport-desktop using-bg-color\"  style=\"background-color: #f8f8f8; \"><\/div><\/div><\/div><div class=\"row_col_wrap_12 col span_12 dark left\">\n\t<div  class=\"vc_col-sm-6 wpb_column column_container vc_column_container col left_padding_desktop_2vw\"  data-padding-pos=\"all\" data-has-bg-color=\"false\" data-bg-color=\"\" data-bg-opacity=\"1\" data-animation=\"\" data-delay=\"0\" >\n\t\t<div class=\"vc_column-inner\" >\n\t\t\t<div class=\"wpb_wrapper\">\n\t\t\t\t<div class=\"toggles accordion\" data-br=\"\" data-starting=\"default\" data-style=\"minimal\"><div class=\"toggle accent-color\" data-inner-wrap=\"true\"><h3 class=\"toggle-title\"><a href=\"#\" role=\"button\" class=\"nectar-inherit-h4 toggle-heading\"><i role=\"presentation\" class=\"fa fa-plus-circle\"><\/i>Warum sollte ich deutsche Instagram Story Likes kaufen?<\/a><\/h3><div><div class=\"inner-toggle-wrap\">\n<div class=\"wpb_text_column wpb_content_element\" >\n\t<div class=\"wpb_wrapper\">\n\t\t<p>Purchasing German Instagram Story Likes can boost your story&#8217;s engagement and visibility, making it more appealing to a German-speaking audience and increasing your reach in the German market.<\/p>\n\t<\/div>\n<\/div>\n\n\n\n<\/div><\/div><\/div><div class=\"toggle accent-color\" data-inner-wrap=\"true\"><h3 class=\"toggle-title\"><a href=\"#\" role=\"button\" class=\"nectar-inherit-h4 toggle-heading\"><i role=\"presentation\" class=\"fa fa-plus-circle\"><\/i>How long does the delivery take?<\/a><\/h3><div><div class=\"inner-toggle-wrap\">\n<div class=\"wpb_text_column wpb_content_element\" >\n\t<div class=\"wpb_wrapper\">\n\t\t<p>The delivery of German Instagram Story Likes usually starts within a few hours of your order and is typically completed within 15 minutes to 1 hours, depending on the quantity ordered.<\/p>\n\t<\/div>\n<\/div>\n\n\n\n<\/div><\/div><\/div><div class=\"toggle accent-color\" data-inner-wrap=\"true\"><h3 class=\"toggle-title\"><a href=\"#\" role=\"button\" class=\"nectar-inherit-h4 toggle-heading\"><i role=\"presentation\" class=\"fa fa-plus-circle\"><\/i>Do Story Likes increase the chance of ranking on the Explore page?<\/a><\/h3><div><div class=\"inner-toggle-wrap\">\n<div class=\"wpb_text_column wpb_content_element\" >\n\t<div class=\"wpb_wrapper\">\n\t\t<p>Yes, buying Story Likes can improve your chances of appearing on the Explore page, as it signals to Instagram&#8217;s algorithm that your content is engaging and worth promoting to a wider audience.<\/p>\n\t<\/div>\n<\/div>\n\n\n\n<\/div><\/div><\/div><\/div>\n\n\n\n\n\n\n\n\n\n\n\n\n\n\n\n\n\n\n\n\n\t\t\t<\/div> \n\t\t<\/div>\n\t<\/div> \n\n\t<div  class=\"vc_col-sm-6 wpb_column column_container vc_column_container col top_margin_tablet_10pct right_padding_desktop_2vw\"  data-padding-pos=\"all\" data-has-bg-color=\"false\" data-bg-color=\"\" data-bg-opacity=\"1\" data-animation=\"\" data-delay=\"0\" >\n\t\t<div class=\"vc_column-inner\" >\n\t\t\t<div class=\"wpb_wrapper\">\n\t\t\t\t<div id=\"fws_69fb7472bb9e9\" data-midnight=\"\" data-column-margin=\"default\" class=\"wpb_row vc_row-fluid vc_row inner_row\"  style=\"\"><div class=\"row-bg-wrap\"> <div class=\"row-bg\" ><\/div> <\/div><div class=\"row_col_wrap_12_inner col span_12  left\">\n\t<div  class=\"vc_col-sm-12 wpb_column column_container vc_column_container col child_column col-overflow-hidden mask_shape_circle-rect mask_size_contain top_padding_desktop_20pct bottom_padding_desktop_20pct\"   data-border-radius=\"15px\" data-video-bg=\"true\" data-overlay-color=\"true\" data-padding-pos=\"all\" data-has-bg-color=\"false\" data-bg-color=\"\" data-bg-opacity=\"1\" data-animation=\"\" data-delay=\"0\" >\n\t\t<div class=\"vc_column-inner\" >\n  <div class=\"nectar-video-wrap column-bg-layer column-video\">\n        <video class=\"nectar-video-bg\" width=\"1800\" height=\"700\" preload=\"auto\" loop autoplay muted playsinline><source src=\"https:\/\/www.nordshark.com\/wp-content\/uploads\/2024\/02\/faq2.mp4\"  type=\"video\/mp4\"><\/video><\/div><div class=\"column-bg-overlay-wrap column-bg-layer\" data-bg-animation=\"none\"><div class=\"column-bg-overlay\"><\/div><div class=\"column-overlay-layer\" style=\"\"><\/div><\/div>\n\t\t<div class=\"wpb_wrapper\">\n\t\t\t\n\t\t<\/div> \n\t<\/div>\n\t<\/div> \n<\/div><\/div>\n\t\t\t<\/div> \n\t\t<\/div>\n\t<\/div> \n<\/div><\/div>\n\t\t<div id=\"fws_69fb7472bba7d\"  data-column-margin=\"default\" data-midnight=\"dark\" data-top-percent=\"5%\" data-bottom-percent=\"5%\"  class=\"wpb_row vc_row-fluid vc_row  right_padding_5pct left_padding_5pct\"  style=\"padding-top: calc(100vw * 0.05); padding-bottom: calc(100vw * 0.05); \"><div class=\"row-bg-wrap\" data-bg-animation=\"none\" data-bg-animation-delay=\"\" data-bg-overlay=\"false\"><div class=\"inner-wrap row-bg-layer\" ><div class=\"row-bg viewport-desktop\"  style=\"\"><\/div><\/div><\/div><div class=\"row_col_wrap_12 col span_12 dark left\">\n\t<div  class=\"vc_col-sm-12 wpb_column column_container vc_column_container col no-extra-padding inherit_tablet inherit_phone\"  data-padding-pos=\"all\" data-has-bg-color=\"false\" data-bg-color=\"\" data-bg-opacity=\"1\" data-animation=\"\" data-delay=\"0\" >\n\t\t<div class=\"vc_column-inner\" >\n\t\t\t<div class=\"wpb_wrapper\">\n\t\t\t\t\n<div class=\"wpb_text_column wpb_content_element\" >\n\t<div class=\"wpb_wrapper\">\n\t\t<h1>Willkommen bei Nordshark<\/h1>\n<h2>Steigere die Interaktionen in deinen Instagram Stories mit deutschen Likes.<\/h2>\n<p>Willst du dein Instagram Story Engagement erh\u00f6hen? Such nicht weiter! Nordshark bietet dir die M\u00f6glichkeit, deutsche Instagram Story Likes zu kaufen und dein Instagram-Konto auf die n\u00e4chste Stufe zu bringen.<\/p>\n<h3>Warum Nordshark w\u00e4hlen?<\/h3>\n<p>Bei Nordshark verstehen wir, wie wichtig es ist, eine starke Online-Pr\u00e4senz zu haben. Mit dem Aufkommen von sozialen Medienplattformen wie Instagram ist es f\u00fcr Unternehmen und Privatpersonen entscheidend geworden, ein breiteres Publikum zu erreichen und mit ihren Followern zu interagieren.<\/p>\n<p>Wenn du bei uns deutsche Instagram-Story-Likes kaufst, kannst du sicher sein, dass du hochwertiges Engagement von echten deutschen Konten erh\u00e4ltst. Unser Team von Experten verwendet fortschrittliche Targeting-Techniken, um sicherzustellen, dass deine Instagram-Stories die richtige Zielgruppe erreichen.<\/p>\n<h3>Die Vorteile des Kaufens von deutschen Instagram Story Likes<\/h3>\n<p>Durch den Kauf von deutschen Instagram Story Likes kannst du eine Vielzahl von Vorteilen genie\u00dfen:<\/p>\n<ul>\n<li><strong>Erh\u00f6he deine Reichweite:<\/strong>\u00a0Geschichten auf Deutsch werden Ihnen helfen, Ihre Reichweite auf Instagram zu erweitern und ein breiteres Publikum anzuziehen.<\/li>\n<li><strong>Steigere die Interaktion:<\/strong>\u00a0Mehr Likes auf deinen Instagram Stories werden dazu f\u00fchren, dass mehr Nutzer mit deinem Inhalt interagieren und somit h\u00f6here Engagement-Raten erzielen.<\/li>\n<li><strong>Glaubw\u00fcrdigkeit verbessern:<\/strong>\u00a0Eine h\u00f6here Anzahl von Likes auf deinen Stories zeigt Glaubw\u00fcrdigkeit und Vertrauensw\u00fcrdigkeit, wodurch dein Profil attraktiver f\u00fcr potenzielle Follower wird.<\/li>\n<li><strong>Die Konkurrenz abh\u00e4ngen:<\/strong>\u00a0Der Kauf von deutschen Instagram Story Likes bietet Ihnen einen Vorteil gegen\u00fcber Ihren Konkurrenten, indem er Ihre Sichtbarkeit und Beliebtheit erh\u00f6ht.<\/li>\n<\/ul>\n<h3>Wie es funktioniert<\/h3>\n<p>Deutsche Instagram Story Likes von Nordshark zu bekommen, ist einfach:<\/p>\n<ol>\n<li><strong>W\u00e4hl dein Paket aus:<\/strong>\u00a0W\u00e4hle die Anzahl der deutschen Instagram Story Likes aus, die du kaufen m\u00f6chtest. Wir bieten verschiedene Pakete an, um jedem Budget und Bedarf gerecht zu werden.<\/li>\n<li><strong>Gib mir deinen Instagram-Benutzernamen:<\/strong>\u00a0W\u00e4hrend des Bezahlvorgangs wirst du aufgefordert, deinen Instagram-Benutzernamen einzugeben. Bitte stelle sicher, dass er korrekt ist.<\/li>\n<li><strong>Kauf abschlie\u00dfen:<\/strong>\u00a0Folge dem einfachen und sicheren Zahlungsprozess.<\/li>\n<li><strong>Schau zu, wie die Likes reinkommen:<\/strong>\u00a0Lehn dich zur\u00fcck und entspanne dich, w\u00e4hrend unser Team organisch deutsche Instagram-Story-Likes f\u00fcr dich liefert. Du wirst die Ergebnisse schon bald sehen!<\/li>\n<\/ol>\n<h3>Warum Nordshark f\u00fcr deine Instagram Engagement-Bed\u00fcrfnisse w\u00e4hlen?<\/h3>\n<p>Bei so vielen Optionen ist es wichtig, eine zuverl\u00e4ssige und vertrauensw\u00fcrdige Quelle f\u00fcr dein Instagram Engagement zu w\u00e4hlen. Hier ist, warum Nordshark die richtige Wahl f\u00fcr dich ist:<\/p>\n<ul>\n<li><strong>Hochwertige Beteiligung:<\/strong>\u00a0Wir bieten echte deutsche Likes von aktiven und authentischen Instagram-Accounts an und garantieren somit echtes Engagement.<\/li>\n<li><strong>Schnelle Lieferung:<\/strong>\u00a0Unser Team arbeitet unerm\u00fcdlich daran, dir deine deutschen Story-Likes schnell zuzustellen, damit du gleich von den Vorteilen profitieren kannst.<\/li>\n<li><strong>Sicherer Zahlungsprozess:<\/strong>\u00a0Wir legen gro\u00dfen Wert auf die Sicherheit Ihrer pers\u00f6nlichen Informationen und bieten einen sicheren und unkomplizierten Zahlungsprozess.<\/li>\n<li><strong>24\/7 Kundensupport:<\/strong>\u00a0Unser freundliches Kundensupport-Team steht Ihnen rund um die Uhr zur Verf\u00fcgung, um alle Fragen oder Bedenken zu beantworten, die Sie haben k\u00f6nnten.<\/li>\n<li><strong>100% Zufriedenheitsgarantie:<\/strong>\u00a0Wir sind \u00fcberzeugt von der Qualit\u00e4t unserer Dienstleistungen, und falls du aus irgendeinem Grund nicht zufrieden bist, bieten wir eine vollst\u00e4ndige R\u00fcckerstattung an.<\/li>\n<\/ul>\n<h3>Fang heute damit an, dein Instagram Story Engagement zu steigern.<\/h3>\n<p>Verpasse nicht die Gelegenheit, das Engagement deiner Instagram-Story zu erh\u00f6hen. W\u00e4hle Nordshark und kaufe dir noch heute deutsche Instagram-Story-Likes!<\/p>\n<p>Haftungsausschluss: Nordshark hat keinerlei Verbindung zu Instagram und verst\u00f6\u00dft in keiner Weise gegen seine Nutzungsbedingungen. Wir bieten einen legitimen Service zur Steigerung des Engagements auf Instagram an.<\/p>\n\t<\/div>\n<\/div>\n\n\n\n\n\t\t\t<\/div> \n\t\t<\/div>\n\t<\/div> \n<\/div><\/div>\n\t\t<div id=\"fws_69fb7472bbb9c\"  data-column-margin=\"default\" data-midnight=\"light\" data-top-percent=\"10%\" data-bottom-percent=\"10%\"  class=\"wpb_row vc_row-fluid vc_row full-width-content vc_row-o-equal-height vc_row-flex vc_row-o-content-top  zindex-set mobile-disable-bg-image-animation right_padding_8pct left_padding_8pct nectar-overflow-hidden top_padding_phone_25pct bottom_padding_phone_25pct\"  style=\"padding-top: calc(100vw * 0.10); padding-bottom: calc(100vw * 0.10);  z-index: 100;\"><div class=\"row-bg-wrap\" data-bg-animation=\"fade-in\" data-bg-animation-delay=\"\" data-bg-overlay=\"true\"><div class=\"inner-wrap row-bg-layer\" style=\"background-color: #2b323a;\" ><div class=\"row-bg viewport-desktop using-bg-color\"  style=\"background-color: #2b323a; \"><\/div><\/div><div class=\"row-bg-overlay row-bg-layer\" style=\"background-color:rgba(0,0,0,0.78);  opacity: 0.8; \"><\/div><\/div>\n\t\t\t<div class=\"video-color-overlay row-bg-layer\" data-color=\"\"><\/div>\n\t\t\t\n\t\t\t<div class=\"nectar-video-wrap row-bg-layer\" data-bg-alignment=\"\">\n\t\t\t\t<div class=\"nectar-video-inner\">\n\t\t\t\t<video class=\"nectar-video-bg\" width=\"1800\" height=\"700\" preload=\"auto\" loop autoplay muted playsinline><source src=\"https:\/\/www.nordshark.com\/wp-content\/uploads\/2024\/02\/AdobeStock_454354002.mp4\"  type=\"video\/mp4\"><\/video>    \t\t<\/div>\n\t\t\t <\/div>\n\n\t\t\t<div class=\"row_col_wrap_12 col span_12 light left\">\n\t<div  class=\"vc_col-sm-12 wpb_column column_container vc_column_container col no-extra-padding column_position_static el_spacing_0px inherit_tablet inherit_phone\"  data-padding-pos=\"top-bottom\" data-has-bg-color=\"false\" data-bg-color=\"\" data-bg-opacity=\"1\" data-animation=\"\" data-delay=\"0\" >\n\t\t<div class=\"vc_column-inner\" >\n\t\t\t<div class=\"wpb_wrapper\">\n\t\t\t\t<div id=\"fws_69fb7472bbc08\" data-midnight=\"\" data-column-margin=\"none\" class=\"wpb_row vc_row-fluid vc_row inner_row  right_padding_13vw left_padding_13vw\"  style=\" z-index: 10;\"><div class=\"row-bg-wrap\"> <div class=\"row-bg\" ><\/div> <\/div><div class=\"row_col_wrap_12_inner col span_12  left\">\n\t<div  class=\"vc_col-sm-12 wpb_column column_container vc_column_container col child_column centered-text no-extra-padding inherit_tablet inherit_phone\"   data-padding-pos=\"all\" data-has-bg-color=\"false\" data-bg-color=\"\" data-bg-opacity=\"1\" data-animation=\"\" data-delay=\"0\" >\n\t\t<div class=\"vc_column-inner\" >\n\t\t<div class=\"wpb_wrapper\">\n\t\t\t<div class=\"nectar-split-heading  font_size_9vw font_size_tablet_10vw font_line_height_0-95\" data-align=\"left\" data-m-align=\"inherit\" data-text-effect=\"letter-reveal-bottom\" data-animation-type=\"line-reveal-by-space\" data-animation-delay=\"150\" data-animation-offset=\"\" data-m-rm-animation=\"true\" data-stagger=\"true\" data-custom-font-size=\"true\" style=\"font-size: 9vw; line-height: 9.9vw;\"><h1 >Der Beste.<\/h1><\/div>\n\t\t<\/div> \n\t<\/div>\n\t<\/div> \n<\/div><\/div>\n\t\t\t<\/div> \n\t\t<\/div>\n\t<\/div> \n<\/div><\/div>","protected":false},"excerpt":{"rendered":"<p>\u2714 Real Active Accounts<br \/>\n\u2714 F\u00fcr alle Geschichten<br \/>\n\u2714 Einmalzahlungen \u2013 Kein Abonnement<\/p>\n<p>F\u00fcr <strong>International<\/strong> Geschichtslikes <strong><span style=\"color: #0000ff;\"><a style=\"color: #0000ff;\" href=\"https:\/\/www.nordshark.com\/de\/product\/buy-instagram-story-likes\/\">Klick hier<\/a><\/span><\/strong><\/p>","protected":false},"featured_media":2044,"comment_status":"open","ping_status":"closed","template":"","meta":{"inline_featured_image":false},"product_cat":[29,54,32],"product_tag":[57,33],"class_list":{"0":"post-2038","1":"product","2":"type-product","3":"status-publish","4":"has-post-thumbnail","6":"product_cat-instagram","7":"product_cat-instagram-story-likes","8":"product_cat-social-store","9":"product_tag-country-related-instagram-story-likes","10":"product_tag-instagram-link","12":"first","13":"instock","14":"sale","15":"sold-individually","16":"shipping-taxable","17":"purchasable","18":"product-type-variable","19":"has-default-attributes"},"yoast_head":"<!-- This site is optimized with the Yoast SEO Premium plugin v23.6 (Yoast SEO v24.1) - https:\/\/yoast.com\/wordpress\/plugins\/seo\/ -->\n<title>Buy German Instagram Story Likes | Boost Engagement<\/title>\n<meta name=\"description\" content=\"Elevate your Instagram presence with our genuine German Story Likes. Fast delivery and top-notch service to enhance your social media success.\" \/>\n<meta name=\"robots\" content=\"index, follow, max-snippet:-1, max-image-preview:large, max-video-preview:-1\" \/>\n<link rel=\"canonical\" href=\"https:\/\/www.nordshark.com\/de\/product\/buy-german-instagram-story-likes\/\" \/>\n<meta property=\"og:locale\" content=\"de_DE\" \/>\n<meta property=\"og:type\" content=\"article\" \/>\n<meta property=\"og:title\" content=\"German Instagram Story Likes\" \/>\n<meta property=\"og:description\" content=\"Elevate your Instagram presence with our genuine German Story Likes. Fast delivery and top-notch service to enhance your social media success.\" \/>\n<meta property=\"og:url\" content=\"https:\/\/www.nordshark.com\/de\/product\/buy-german-instagram-story-likes\/\" \/>\n<meta property=\"og:site_name\" content=\"Nordshark\" \/>\n<meta property=\"article:modified_time\" content=\"2024-03-04T12:52:08+00:00\" \/>\n<meta property=\"og:image\" content=\"https:\/\/www.nordshark.com\/wp-content\/uploads\/2024\/02\/German.Story_.Likes_.jpg\" \/>\n\t<meta property=\"og:image:width\" content=\"800\" \/>\n\t<meta property=\"og:image:height\" content=\"800\" \/>\n\t<meta property=\"og:image:type\" content=\"image\/jpeg\" \/>\n<meta name=\"twitter:card\" content=\"summary_large_image\" \/>\n<meta name=\"twitter:label1\" content=\"Verf\u00fcgbarkeit\" \/>\n\t<meta name=\"twitter:data1\" content=\"Auf Lager\" \/>\n<script type=\"application\/ld+json\" class=\"yoast-schema-graph\">{\"@context\":\"https:\/\/schema.org\",\"@graph\":[{\"@type\":\"WebPage\",\"@id\":\"https:\/\/www.nordshark.com\/product\/buy-german-instagram-story-likes\/\",\"url\":\"https:\/\/www.nordshark.com\/product\/buy-german-instagram-story-likes\/\",\"name\":\"Buy German Instagram Story Likes | Boost Engagement\",\"isPartOf\":{\"@id\":\"https:\/\/www.nordshark.com\/#website\"},\"primaryImageOfPage\":{\"@id\":\"https:\/\/www.nordshark.com\/product\/buy-german-instagram-story-likes\/#primaryimage\"},\"image\":{\"@id\":\"https:\/\/www.nordshark.com\/product\/buy-german-instagram-story-likes\/#primaryimage\"},\"thumbnailUrl\":\"https:\/\/www.nordshark.com\/wp-content\/uploads\/2024\/02\/German.Story_.Likes_.jpg\",\"datePublished\":\"2024-02-28T22:24:24+00:00\",\"dateModified\":\"2024-03-04T12:52:08+00:00\",\"description\":\"Elevate your Instagram presence with our genuine German Story Likes. Fast delivery and top-notch service to enhance your social media success.\",\"breadcrumb\":{\"@id\":\"https:\/\/www.nordshark.com\/product\/buy-german-instagram-story-likes\/#breadcrumb\"},\"inLanguage\":\"de\",\"potentialAction\":[{\"@type\":\"ReadAction\",\"target\":[\"https:\/\/www.nordshark.com\/product\/buy-german-instagram-story-likes\/\"]}]},{\"@type\":\"ImageObject\",\"inLanguage\":\"de\",\"@id\":\"https:\/\/www.nordshark.com\/product\/buy-german-instagram-story-likes\/#primaryimage\",\"url\":\"https:\/\/www.nordshark.com\/wp-content\/uploads\/2024\/02\/German.Story_.Likes_.jpg\",\"contentUrl\":\"https:\/\/www.nordshark.com\/wp-content\/uploads\/2024\/02\/German.Story_.Likes_.jpg\",\"width\":800,\"height\":800,\"caption\":\"Buy German Instagram Story Likes\"},{\"@type\":\"BreadcrumbList\",\"@id\":\"https:\/\/www.nordshark.com\/product\/buy-german-instagram-story-likes\/#breadcrumb\",\"itemListElement\":[{\"@type\":\"ListItem\",\"position\":1,\"name\":\"Home\",\"item\":\"https:\/\/www.nordshark.com\/\"},{\"@type\":\"ListItem\",\"position\":2,\"name\":\"Shop\",\"item\":\"https:\/\/www.nordshark.com\/shop\/\"},{\"@type\":\"ListItem\",\"position\":3,\"name\":\"German Instagram Story Likes\"}]},{\"@type\":\"WebSite\",\"@id\":\"https:\/\/www.nordshark.com\/#website\",\"url\":\"https:\/\/www.nordshark.com\/\",\"name\":\"Nordshark\",\"description\":\"\",\"potentialAction\":[{\"@type\":\"SearchAction\",\"target\":{\"@type\":\"EntryPoint\",\"urlTemplate\":\"https:\/\/www.nordshark.com\/?s={search_term_string}\"},\"query-input\":{\"@type\":\"PropertyValueSpecification\",\"valueRequired\":true,\"valueName\":\"search_term_string\"}}],\"inLanguage\":\"de\"}]}<\/script>\n<meta property=\"og:availability\" content=\"instock\" \/>\n<meta property=\"product:availability\" content=\"instock\" \/>\n<meta property=\"product:condition\" content=\"new\" \/>\n<!-- \/ Yoast SEO Premium plugin. -->","yoast_head_json":{"title":"Buy German Instagram Story Likes | Boost Engagement","description":"Elevate your Instagram presence with our genuine German Story Likes. Fast delivery and top-notch service to enhance your social media success.","robots":{"index":"index","follow":"follow","max-snippet":"max-snippet:-1","max-image-preview":"max-image-preview:large","max-video-preview":"max-video-preview:-1"},"canonical":"https:\/\/www.nordshark.com\/de\/product\/buy-german-instagram-story-likes\/","og_locale":"de_DE","og_type":"article","og_title":"German Instagram Story Likes","og_description":"Elevate your Instagram presence with our genuine German Story Likes. Fast delivery and top-notch service to enhance your social media success.","og_url":"https:\/\/www.nordshark.com\/de\/product\/buy-german-instagram-story-likes\/","og_site_name":"Nordshark","article_modified_time":"2024-03-04T12:52:08+00:00","og_image":[{"width":800,"height":800,"url":"https:\/\/www.nordshark.com\/wp-content\/uploads\/2024\/02\/German.Story_.Likes_.jpg","type":"image\/jpeg"}],"twitter_card":"summary_large_image","twitter_misc":{"Verf\u00fcgbarkeit":"Auf Lager"},"schema":{"@context":"https:\/\/schema.org","@graph":[{"@type":"WebPage","@id":"https:\/\/www.nordshark.com\/product\/buy-german-instagram-story-likes\/","url":"https:\/\/www.nordshark.com\/product\/buy-german-instagram-story-likes\/","name":"Buy German Instagram Story Likes | Boost Engagement","isPartOf":{"@id":"https:\/\/www.nordshark.com\/#website"},"primaryImageOfPage":{"@id":"https:\/\/www.nordshark.com\/product\/buy-german-instagram-story-likes\/#primaryimage"},"image":{"@id":"https:\/\/www.nordshark.com\/product\/buy-german-instagram-story-likes\/#primaryimage"},"thumbnailUrl":"https:\/\/www.nordshark.com\/wp-content\/uploads\/2024\/02\/German.Story_.Likes_.jpg","datePublished":"2024-02-28T22:24:24+00:00","dateModified":"2024-03-04T12:52:08+00:00","description":"Elevate your Instagram presence with our genuine German Story Likes. Fast delivery and top-notch service to enhance your social media success.","breadcrumb":{"@id":"https:\/\/www.nordshark.com\/product\/buy-german-instagram-story-likes\/#breadcrumb"},"inLanguage":"de","potentialAction":[{"@type":"ReadAction","target":["https:\/\/www.nordshark.com\/product\/buy-german-instagram-story-likes\/"]}]},{"@type":"ImageObject","inLanguage":"de","@id":"https:\/\/www.nordshark.com\/product\/buy-german-instagram-story-likes\/#primaryimage","url":"https:\/\/www.nordshark.com\/wp-content\/uploads\/2024\/02\/German.Story_.Likes_.jpg","contentUrl":"https:\/\/www.nordshark.com\/wp-content\/uploads\/2024\/02\/German.Story_.Likes_.jpg","width":800,"height":800,"caption":"Buy German Instagram Story Likes"},{"@type":"BreadcrumbList","@id":"https:\/\/www.nordshark.com\/product\/buy-german-instagram-story-likes\/#breadcrumb","itemListElement":[{"@type":"ListItem","position":1,"name":"Home","item":"https:\/\/www.nordshark.com\/"},{"@type":"ListItem","position":2,"name":"Shop","item":"https:\/\/www.nordshark.com\/shop\/"},{"@type":"ListItem","position":3,"name":"German Instagram Story Likes"}]},{"@type":"WebSite","@id":"https:\/\/www.nordshark.com\/#website","url":"https:\/\/www.nordshark.com\/","name":"Nordshark","description":"","potentialAction":[{"@type":"SearchAction","target":{"@type":"EntryPoint","urlTemplate":"https:\/\/www.nordshark.com\/?s={search_term_string}"},"query-input":{"@type":"PropertyValueSpecification","valueRequired":true,"valueName":"search_term_string"}}],"inLanguage":"de"}]},"og_availability":"instock","product_availability":"instock","product_condition":"new"},"_links":{"self":[{"href":"https:\/\/www.nordshark.com\/de\/wp-json\/wp\/v2\/product\/2038","targetHints":{"allow":["GET"]}}],"collection":[{"href":"https:\/\/www.nordshark.com\/de\/wp-json\/wp\/v2\/product"}],"about":[{"href":"https:\/\/www.nordshark.com\/de\/wp-json\/wp\/v2\/types\/product"}],"replies":[{"embeddable":true,"href":"https:\/\/www.nordshark.com\/de\/wp-json\/wp\/v2\/comments?post=2038"}],"wp:featuredmedia":[{"embeddable":true,"href":"https:\/\/www.nordshark.com\/de\/wp-json\/wp\/v2\/media\/2044"}],"wp:attachment":[{"href":"https:\/\/www.nordshark.com\/de\/wp-json\/wp\/v2\/media?parent=2038"}],"wp:term":[{"taxonomy":"product_cat","embeddable":true,"href":"https:\/\/www.nordshark.com\/de\/wp-json\/wp\/v2\/product_cat?post=2038"},{"taxonomy":"product_tag","embeddable":true,"href":"https:\/\/www.nordshark.com\/de\/wp-json\/wp\/v2\/product_tag?post=2038"}],"curies":[{"name":"wp","href":"https:\/\/api.w.org\/{rel}","templated":true}]}}