{"id":2014,"date":"2024-02-28T21:37:29","date_gmt":"2024-02-28T20:37:29","guid":{"rendered":"https:\/\/www.nordshark.com\/?post_type=product&#038;p=2014"},"modified":"2024-03-04T14:00:17","modified_gmt":"2024-03-04T13:00:17","slug":"buy-dutch-instagram-impressions","status":"publish","type":"product","link":"https:\/\/www.nordshark.com\/de\/product\/buy-dutch-instagram-impressions\/","title":{"rendered":"Niederl\u00e4ndische Instagram-Eindr\u00fccke"},"content":{"rendered":"<div id=\"fws_69fb73d3cf6e2\"  data-column-margin=\"default\" data-midnight=\"dark\" data-top-percent=\"8%\"  class=\"wpb_row vc_row-fluid vc_row full-width-section  right_padding_10pct left_padding_10pct\"  style=\"padding-top: calc(100vw * 0.08); padding-bottom: 0px; \"><div class=\"row-bg-wrap\" data-bg-animation=\"none\" data-bg-animation-delay=\"\" data-bg-overlay=\"false\"><div class=\"inner-wrap row-bg-layer\" ><div class=\"row-bg viewport-desktop\"  style=\"\"><\/div><\/div><\/div><div class=\"row_col_wrap_12 col span_12 dark left\">\n\t<div  class=\"vc_col-sm-12 wpb_column column_container vc_column_container col no-extra-padding inherit_tablet inherit_phone\"  data-padding-pos=\"all\" data-has-bg-color=\"false\" data-bg-color=\"\" data-bg-opacity=\"1\" data-animation=\"\" data-delay=\"0\" >\n\t\t<div class=\"vc_column-inner\" >\n\t\t\t<div class=\"wpb_wrapper\">\n\t\t\t\t<div id=\"fws_69fb73d3cf7cd\" data-midnight=\"\" data-column-margin=\"default\" class=\"wpb_row vc_row-fluid vc_row inner_row\"  style=\"padding-bottom: 4%; \"><div class=\"row-bg-wrap\"> <div class=\"row-bg\" ><\/div> <\/div><div class=\"row_col_wrap_12_inner col span_12  left\">\n\t<div  class=\"vc_col-sm-12 wpb_column column_container vc_column_container col child_column centered-text no-extra-padding inherit_tablet inherit_phone\"   data-padding-pos=\"all\" data-has-bg-color=\"false\" data-bg-color=\"\" data-bg-opacity=\"1\" data-animation=\"\" data-delay=\"0\" >\n\t\t<div class=\"vc_column-inner\" >\n\t\t<div class=\"wpb_wrapper\">\n\t\t\t<div class=\"nectar-highlighted-text font_size_2vw font_size_tablet_6vw font_line_height_1-0\" data-style=\"none\" data-exp=\"default\" data-using-custom-color=\"false\" data-animation-delay=\"false\" data-color=\"\" data-color-gradient=\"\" style=\"\"><h3>H\u00e4ufig gestellte Fragen<\/h3>\n<\/div>\n\t\t<\/div> \n\t<\/div>\n\t<\/div> \n<\/div><\/div>\n\t\t\t<\/div> \n\t\t<\/div>\n\t<\/div> \n<\/div><\/div>\n\t\t<div id=\"fws_69fb73d3cf8f6\"  data-column-margin=\"custom\" data-midnight=\"dark\" data-top-percent=\"3%\" data-bottom-percent=\"3%\"  class=\"wpb_row vc_row-fluid vc_row full-width-content vc_row-o-equal-height vc_row-flex vc_row-o-content-middle  right_padding_7vw left_padding_7vw column-margin-7vw\"  style=\"padding-top: calc(100vw * 0.03); padding-bottom: calc(100vw * 0.03); \"><div class=\"row-bg-wrap\" data-bg-animation=\"none\" data-bg-animation-delay=\"\" data-bg-overlay=\"false\"><div class=\"inner-wrap row-bg-layer\" ><div class=\"row-bg viewport-desktop using-bg-color\"  style=\"background-color: #f8f8f8; \"><\/div><\/div><\/div><div class=\"row_col_wrap_12 col span_12 dark left\">\n\t<div  class=\"vc_col-sm-6 wpb_column column_container vc_column_container col left_padding_desktop_2vw\"  data-padding-pos=\"all\" data-has-bg-color=\"false\" data-bg-color=\"\" data-bg-opacity=\"1\" data-animation=\"\" data-delay=\"0\" >\n\t\t<div class=\"vc_column-inner\" >\n\t\t\t<div class=\"wpb_wrapper\">\n\t\t\t\t<div class=\"toggles accordion\" data-br=\"\" data-starting=\"default\" data-style=\"minimal\"><div class=\"toggle accent-color\" data-inner-wrap=\"true\"><h3 class=\"toggle-title\"><a href=\"#\" role=\"button\" class=\"nectar-inherit-h4 toggle-heading\"><i role=\"presentation\" class=\"fa fa-plus-circle\"><\/i>Warum sollte ich niederl\u00e4ndische Instagram Impressions kaufen?<\/a><\/h3><div><div class=\"inner-toggle-wrap\">\n<div class=\"wpb_text_column wpb_content_element\" >\n\t<div class=\"wpb_wrapper\">\n\t\t<p>Wenn du niederl\u00e4ndische Instagram Impressions kaufst, kannst du die Sichtbarkeit und Glaubw\u00fcrdigkeit deiner Beitr\u00e4ge bei einem niederl\u00e4ndischsprachigen Publikum erh\u00f6hen. Das kann au\u00dferdem die Interaktionsraten steigern und mehr organische Follower anziehen.<\/p>\n\t<\/div>\n<\/div>\n\n\n\n<\/div><\/div><\/div><div class=\"toggle accent-color\" data-inner-wrap=\"true\"><h3 class=\"toggle-title\"><a href=\"#\" role=\"button\" class=\"nectar-inherit-h4 toggle-heading\"><i role=\"presentation\" class=\"fa fa-plus-circle\"><\/i>Wie lange dauert die Lieferung von niederl\u00e4ndischen Instagram Impressions?<\/a><\/h3><div><div class=\"inner-toggle-wrap\">\n<div class=\"wpb_text_column wpb_content_element\" >\n\t<div class=\"wpb_wrapper\">\n\t\t<p>Die Lieferzeit f\u00fcr niederl\u00e4ndische Instagram-Eindr\u00fccke liegt normalerweise zwischen wenigen Minuten und 1 Stunde nach Best\u00e4tigung des Kaufs. Wir bem\u00fchen uns, Ihnen einen schnellen und effizienten Service zu bieten, um Ihre Instagram-Pr\u00e4senz schnell zu verbessern.<\/p>\n\t<\/div>\n<\/div>\n\n\n\n<\/div><\/div><\/div><div class=\"toggle accent-color\" data-inner-wrap=\"true\"><h3 class=\"toggle-title\"><a href=\"#\" role=\"button\" class=\"nectar-inherit-h4 toggle-heading\"><i role=\"presentation\" class=\"fa fa-plus-circle\"><\/i>Erh\u00f6ht der Kauf von Impressions die Chancen, auf der Entdecken-Seite zu ranken?<\/a><\/h3><div><div class=\"inner-toggle-wrap\">\n<div class=\"wpb_text_column wpb_content_element\" >\n\t<div class=\"wpb_wrapper\">\n\t\t<p>Wenn du Impressions kaufst, kann dies insgesamt die Interaktion und Sichtbarkeit deiner Beitr\u00e4ge verbessern, aber es ist nur einer von vielen Faktoren, die zur Platzierung auf der Entdecken-Seite beitragen. Konsistenter hochwertiger Inhalt und aktive Interaktion mit deinem Publikum sind ebenfalls entscheidend, um deine Chancen auf eine Pr\u00e4sentation zu erh\u00f6hen.<\/p>\n\t<\/div>\n<\/div>\n\n\n\n<\/div><\/div><\/div><\/div>\n\n\n\n\n\n\n\n\n\n\n\n\n\n\n\n\n\n\n\n\n\t\t\t<\/div> \n\t\t<\/div>\n\t<\/div> \n\n\t<div  class=\"vc_col-sm-6 wpb_column column_container vc_column_container col top_margin_tablet_10pct right_padding_desktop_2vw\"  data-padding-pos=\"all\" data-has-bg-color=\"false\" data-bg-color=\"\" data-bg-opacity=\"1\" data-animation=\"\" data-delay=\"0\" >\n\t\t<div class=\"vc_column-inner\" >\n\t\t\t<div class=\"wpb_wrapper\">\n\t\t\t\t<div id=\"fws_69fb73d3cfac7\" data-midnight=\"\" data-column-margin=\"default\" class=\"wpb_row vc_row-fluid vc_row inner_row\"  style=\"\"><div class=\"row-bg-wrap\"> <div class=\"row-bg\" ><\/div> <\/div><div class=\"row_col_wrap_12_inner col span_12  left\">\n\t<div  class=\"vc_col-sm-12 wpb_column column_container vc_column_container col child_column col-overflow-hidden mask_shape_circle-rect mask_size_contain top_padding_desktop_20pct bottom_padding_desktop_20pct\"   data-border-radius=\"15px\" data-video-bg=\"true\" data-overlay-color=\"true\" data-padding-pos=\"all\" data-has-bg-color=\"false\" data-bg-color=\"\" data-bg-opacity=\"1\" data-animation=\"\" data-delay=\"0\" >\n\t\t<div class=\"vc_column-inner\" >\n  <div class=\"nectar-video-wrap column-bg-layer column-video\">\n        <video class=\"nectar-video-bg\" width=\"1800\" height=\"700\" preload=\"auto\" loop autoplay muted playsinline><source src=\"https:\/\/www.nordshark.com\/wp-content\/uploads\/2024\/02\/faq2.mp4\"  type=\"video\/mp4\"><\/video><\/div><div class=\"column-bg-overlay-wrap column-bg-layer\" data-bg-animation=\"none\"><div class=\"column-bg-overlay\"><\/div><div class=\"column-overlay-layer\" style=\"\"><\/div><\/div>\n\t\t<div class=\"wpb_wrapper\">\n\t\t\t\n\t\t<\/div> \n\t<\/div>\n\t<\/div> \n<\/div><\/div>\n\t\t\t<\/div> \n\t\t<\/div>\n\t<\/div> \n<\/div><\/div>\n\t\t<div id=\"fws_69fb73d3cfb50\"  data-column-margin=\"default\" data-midnight=\"dark\" data-top-percent=\"5%\" data-bottom-percent=\"5%\"  class=\"wpb_row vc_row-fluid vc_row  right_padding_5pct left_padding_5pct\"  style=\"padding-top: calc(100vw * 0.05); padding-bottom: calc(100vw * 0.05); \"><div class=\"row-bg-wrap\" data-bg-animation=\"none\" data-bg-animation-delay=\"\" data-bg-overlay=\"false\"><div class=\"inner-wrap row-bg-layer\" ><div class=\"row-bg viewport-desktop\"  style=\"\"><\/div><\/div><\/div><div class=\"row_col_wrap_12 col span_12 dark left\">\n\t<div  class=\"vc_col-sm-12 wpb_column column_container vc_column_container col no-extra-padding inherit_tablet inherit_phone\"  data-padding-pos=\"all\" data-has-bg-color=\"false\" data-bg-color=\"\" data-bg-opacity=\"1\" data-animation=\"\" data-delay=\"0\" >\n\t\t<div class=\"vc_column-inner\" >\n\t\t\t<div class=\"wpb_wrapper\">\n\t\t\t\t\n<div class=\"wpb_text_column wpb_content_element\" >\n\t<div class=\"wpb_wrapper\">\n\t\t<h1>Steigere deine Pr\u00e4senz auf Instagram mit niederl\u00e4ndischen Eindr\u00fccken<\/h1>\n<p>Willkommen bei Nordshark, deiner vertrauensw\u00fcrdigen Quelle f\u00fcr Instagram-Dienste und Marketingl\u00f6sungen. Bist du ein angehender Influencer oder ein Unternehmen, das seine Reichweite auf Instagram erh\u00f6hen m\u00f6chte? Wir haben dich abgedeckt! Mit unseren hochwertigen niederl\u00e4ndischen Instagram-Eindr\u00fccken kannst du mehr Aufrufe und Interaktionen auf deinen Beitr\u00e4gen erhalten und dich von der Konkurrenz abheben.<\/p>\n<h2>Warum holl\u00e4ndische Instagram-Impressionen kaufen?<\/h2>\n<p>Instagram ist eine der beliebtesten Social-Media-Plattformen mit Millionen von aktiven Nutzern t\u00e4glich. In einem so \u00fcberf\u00fcllten Bereich ist es herauszustechen eine Herausforderung. Genau hier kommt Nordshark ins Spiel. Unser niederl\u00e4ndischer Instagram-Abdruck-Service erm\u00f6glicht es Ihnen, Ihre Sichtbarkeit zu steigern und organische Follower anzuziehen. Dies erzeugt einen Dominoeffekt, der zu einer erh\u00f6hten Markenbekanntheit und letztendlich zu mehr Verk\u00e4ufen f\u00fchren kann.<\/p>\n<p>Indem du niederl\u00e4ndische Instagram Impressions kaufst, kannst du:<\/p>\n<ul>\n<li>Erh\u00f6he die Sichtbarkeit deiner Beitr\u00e4ge: Impressions sind die Anzahl der Male, in denen deine Beitr\u00e4ge in den Feeds der Benutzer angezeigt werden. Je mehr Impressions du hast, desto gr\u00f6\u00dfer sind deine Chancen, neue Follower und potenzielle Kunden anzuziehen.<\/li>\n<li>Mehr Engagement erzielen: H\u00f6here Impressionen f\u00fchren oft zu mehr Likes, Kommentaren und Shares, was einen positiven R\u00fcckkopplungseffekt erzeugen und die Leistung Ihrer Beitr\u00e4ge steigern kann.<\/li>\n<li>Ziehe organische Follower an: Wenn Leute sehen, dass deine Beitr\u00e4ge beliebt sind, werden sie eher dir folgen und mit deinem Inhalt interagieren, was zu einer wachsenden, engagierten Zuh\u00f6rerschaft f\u00fchrt.<\/li>\n<li>Glaubw\u00fcrdigkeit gewinnen: Eine hohe Anzahl von Impressionen kann deinem Account ein h\u00f6heres Ansehen und Vertrauen verleihen, was m\u00f6glicherweise noch mehr Aufmerksamkeit von potenziellen Mitwirkenden und Kunden anzieht.<\/li>\n<\/ul>\n<h2>Warum Nordshark w\u00e4hlen?<\/h2>\n<p>Bei Nordshark stehen Qualit\u00e4t und Kundenzufriedenheit an erster Stelle. Wenn Sie bei uns niederl\u00e4ndische Instagram-Impressionen kaufen, k\u00f6nnen Sie Folgendes erwarten:<\/p>\n<ul>\n<li>Echte und aktive Benutzer: Wir liefern Impressionen von realen Instagram-Benutzern in den Niederlanden, damit Ihre Beitr\u00e4ge echte Sichtbarkeit und Engagement erhalten. Keine Bots oder Fake-Konten.<\/li>\n<li>Schnelle Lieferung: Wir verstehen die Notwendigkeit von Schnelligkeit in der digitalen Welt. Sobald du eine Bestellung aufgibst, arbeiten wir flei\u00dfig daran, deine Eindr\u00fccke so schnell wie m\u00f6glich zu liefern.<\/li>\n<li>Sicherer und gesch\u00fctzter Service: Wir nehmen deine Privatsph\u00e4re ernst. Deine Kontoinformationen werden vertraulich behandelt und unsere Methoden entsprechen den Instagram-Nutzungsbedingungen.<\/li>\n<li>24\/7 Kundensupport: Hast du eine Frage oder brauchst du Hilfe? Unser engagiertes Supportteam steht rund um die Uhr zur Verf\u00fcgung, um dir bei jeglichen Anliegen oder Anfragen zu helfen.<\/li>\n<\/ul>\n<h2>Wie man niederl\u00e4ndische Instagram-Abdr\u00fccke kauft<\/h2>\n<p>Mit Nordshark anzufangen ist ganz einfach:<\/p>\n<ol>\n<li>Besuche unsere Website und w\u00e4hle das gew\u00fcnschte Paket niederl\u00e4ndischer Instagram-Impressionen aus.<\/li>\n<li>Gib die erforderlichen Informationen an, einschlie\u00dflich deines Instagram-Benutzernamens und den Beitr\u00e4gen, die du pushen m\u00f6chtest.<\/li>\n<li>Gehe zur Kasse und t\u00e4tige eine sichere Zahlung.<\/li>\n<li>Lehn dich zur\u00fcck und entspann dich, w\u00e4hrend wir prompte niederl\u00e4ndische Instagram-Impressionen liefern.<\/li>\n<\/ol>\n<p>Sobald deine Bestellung abgeschlossen ist, wirst du den Einfluss auf deine Instagram-Beitr\u00e4ge sehen. Mach dich bereit, zu beobachten, wie dein Engagement und deine Follower-Zahl steigen, und dadurch den Vorteil zu erhalten, den du im wettbewerbsintensiven Bereich des Instagram-Marketings brauchst.<\/p>\n<h2>Steigere deinen Instagram-Erfolg noch heute<\/h2>\n<p>Verpass nicht die Gelegenheit, deine Instagram-Pr\u00e4senz zu verbessern. Egal ob du ein aufstrebender Influencer oder ein Unternehmen bist, das seine Reichweite erweitern m\u00f6chte, der Kauf von niederl\u00e4ndischen Instagram-Abdr\u00fccken von Nordshark ist eine kluge Investition. Leg jetzt los und profitiere von erh\u00f6hter Sichtbarkeit, Engagement und Glaubw\u00fcrdigkeit.<\/p>\n<p>F\u00fcr Anfragen oder weitere Informationen wende dich an unser freundliches Kundensupport-Team. Wir sind hier, um dich bei jedem Schritt zu unterst\u00fctzen. Werde heute Mitglied bei Nordshark und erlebe die Kraft niederl\u00e4ndischer Instagram-Eindr\u00fccke!<\/p>\n\t<\/div>\n<\/div>\n\n\n\n\n\t\t\t<\/div> \n\t\t<\/div>\n\t<\/div> \n<\/div><\/div>\n\t\t<div id=\"fws_69fb73d3cfc47\"  data-column-margin=\"default\" data-midnight=\"light\" data-top-percent=\"10%\" data-bottom-percent=\"10%\"  class=\"wpb_row vc_row-fluid vc_row full-width-content vc_row-o-equal-height vc_row-flex vc_row-o-content-top  zindex-set mobile-disable-bg-image-animation right_padding_8pct left_padding_8pct nectar-overflow-hidden top_padding_phone_25pct bottom_padding_phone_25pct\"  style=\"padding-top: calc(100vw * 0.10); padding-bottom: calc(100vw * 0.10);  z-index: 100;\"><div class=\"row-bg-wrap\" data-bg-animation=\"fade-in\" data-bg-animation-delay=\"\" data-bg-overlay=\"true\"><div class=\"inner-wrap row-bg-layer\" style=\"background-color: #2b323a;\" ><div class=\"row-bg viewport-desktop using-bg-color\"  style=\"background-color: #2b323a; \"><\/div><\/div><div class=\"row-bg-overlay row-bg-layer\" style=\"background-color:rgba(0,0,0,0.78);  opacity: 0.8; \"><\/div><\/div>\n\t\t\t<div class=\"video-color-overlay row-bg-layer\" data-color=\"\"><\/div>\n\t\t\t\n\t\t\t<div class=\"nectar-video-wrap row-bg-layer\" data-bg-alignment=\"\">\n\t\t\t\t<div class=\"nectar-video-inner\">\n\t\t\t\t<video class=\"nectar-video-bg\" width=\"1800\" height=\"700\" preload=\"auto\" loop autoplay muted playsinline><source src=\"https:\/\/www.nordshark.com\/wp-content\/uploads\/2024\/02\/AdobeStock_454354002.mp4\"  type=\"video\/mp4\"><\/video>    \t\t<\/div>\n\t\t\t <\/div>\n\n\t\t\t<div class=\"row_col_wrap_12 col span_12 light left\">\n\t<div  class=\"vc_col-sm-12 wpb_column column_container vc_column_container col no-extra-padding column_position_static el_spacing_0px inherit_tablet inherit_phone\"  data-padding-pos=\"top-bottom\" data-has-bg-color=\"false\" data-bg-color=\"\" data-bg-opacity=\"1\" data-animation=\"\" data-delay=\"0\" >\n\t\t<div class=\"vc_column-inner\" >\n\t\t\t<div class=\"wpb_wrapper\">\n\t\t\t\t<div id=\"fws_69fb73d3cfcad\" data-midnight=\"\" data-column-margin=\"none\" class=\"wpb_row vc_row-fluid vc_row inner_row  right_padding_13vw left_padding_13vw\"  style=\" z-index: 10;\"><div class=\"row-bg-wrap\"> <div class=\"row-bg\" ><\/div> <\/div><div class=\"row_col_wrap_12_inner col span_12  left\">\n\t<div  class=\"vc_col-sm-12 wpb_column column_container vc_column_container col child_column centered-text no-extra-padding inherit_tablet inherit_phone\"   data-padding-pos=\"all\" data-has-bg-color=\"false\" data-bg-color=\"\" data-bg-opacity=\"1\" data-animation=\"\" data-delay=\"0\" >\n\t\t<div class=\"vc_column-inner\" >\n\t\t<div class=\"wpb_wrapper\">\n\t\t\t<div class=\"nectar-split-heading  font_size_9vw font_size_tablet_10vw font_line_height_0-95\" data-align=\"left\" data-m-align=\"inherit\" data-text-effect=\"letter-reveal-bottom\" data-animation-type=\"line-reveal-by-space\" data-animation-delay=\"150\" data-animation-offset=\"\" data-m-rm-animation=\"true\" data-stagger=\"true\" data-custom-font-size=\"true\" style=\"font-size: 9vw; line-height: 9.9vw;\"><h1 >Der Beste.<\/h1><\/div>\n\t\t<\/div> \n\t<\/div>\n\t<\/div> \n<\/div><\/div>\n\t\t\t<\/div> \n\t\t<\/div>\n\t<\/div> \n<\/div><\/div>","protected":false},"excerpt":{"rendered":"<p>\u2714 Aus authentischen Berichten<br \/>\n\u2714 Bester Service auf dem Markt<br \/>\n\u2714 Einmalzahlungen \u2013 Kein Abonnement<\/p>\n<p>F\u00fcr <strong>International <\/strong>Eindr\u00fccke\u00a0<a href=\"\/de\/product\/instagram-impressions\/\"><strong><span style=\"color: #0000ff;\">Klick hier<\/span><\/strong><\/a><\/p>","protected":false},"featured_media":2025,"comment_status":"open","ping_status":"closed","template":"","meta":{"inline_featured_image":false},"product_cat":[29,53,32],"product_tag":[60,33],"class_list":{"0":"post-2014","1":"product","2":"type-product","3":"status-publish","4":"has-post-thumbnail","6":"product_cat-instagram","7":"product_cat-instagram-impressions","8":"product_cat-social-store","9":"product_tag-country-related-instagram-impressions","10":"product_tag-instagram-link","12":"first","13":"instock","14":"sale","15":"sold-individually","16":"shipping-taxable","17":"purchasable","18":"product-type-variable","19":"has-default-attributes"},"yoast_head":"<!-- This site is optimized with the Yoast SEO Premium plugin v23.6 (Yoast SEO v24.1) - https:\/\/yoast.com\/wordpress\/plugins\/seo\/ -->\n<title>Buy Dutch Instagram Impressions | Boost Your Visibility<\/title>\n<meta name=\"description\" content=\"Get high-quality Dutch Instagram Impressions to enhance your profile&#039;s visibility and engagement. Fast delivery and reliable service.\" \/>\n<meta name=\"robots\" content=\"index, follow, max-snippet:-1, max-image-preview:large, max-video-preview:-1\" \/>\n<link rel=\"canonical\" href=\"https:\/\/www.nordshark.com\/de\/product\/buy-dutch-instagram-impressions\/\" \/>\n<meta property=\"og:locale\" content=\"de_DE\" \/>\n<meta property=\"og:type\" content=\"article\" \/>\n<meta property=\"og:title\" content=\"Dutch Instagram Impressions\" \/>\n<meta property=\"og:description\" content=\"Get high-quality Dutch Instagram Impressions to enhance your profile&#039;s visibility and engagement. Fast delivery and reliable service.\" \/>\n<meta property=\"og:url\" content=\"https:\/\/www.nordshark.com\/de\/product\/buy-dutch-instagram-impressions\/\" \/>\n<meta property=\"og:site_name\" content=\"Nordshark\" \/>\n<meta property=\"article:modified_time\" content=\"2024-03-04T13:00:17+00:00\" \/>\n<meta property=\"og:image\" content=\"https:\/\/www.nordshark.com\/wp-content\/uploads\/2024\/02\/Dutch.Impressions.jpg\" \/>\n\t<meta property=\"og:image:width\" content=\"800\" \/>\n\t<meta property=\"og:image:height\" content=\"800\" \/>\n\t<meta property=\"og:image:type\" content=\"image\/jpeg\" \/>\n<meta name=\"twitter:card\" content=\"summary_large_image\" \/>\n<meta name=\"twitter:label1\" content=\"Verf\u00fcgbarkeit\" \/>\n\t<meta name=\"twitter:data1\" content=\"Auf Lager\" \/>\n<script type=\"application\/ld+json\" class=\"yoast-schema-graph\">{\"@context\":\"https:\/\/schema.org\",\"@graph\":[{\"@type\":\"WebPage\",\"@id\":\"https:\/\/www.nordshark.com\/product\/buy-dutch-instagram-impressions\/\",\"url\":\"https:\/\/www.nordshark.com\/product\/buy-dutch-instagram-impressions\/\",\"name\":\"Buy Dutch Instagram Impressions | Boost Your Visibility\",\"isPartOf\":{\"@id\":\"https:\/\/www.nordshark.com\/#website\"},\"primaryImageOfPage\":{\"@id\":\"https:\/\/www.nordshark.com\/product\/buy-dutch-instagram-impressions\/#primaryimage\"},\"image\":{\"@id\":\"https:\/\/www.nordshark.com\/product\/buy-dutch-instagram-impressions\/#primaryimage\"},\"thumbnailUrl\":\"https:\/\/www.nordshark.com\/wp-content\/uploads\/2024\/02\/Dutch.Impressions.jpg\",\"datePublished\":\"2024-02-28T20:37:29+00:00\",\"dateModified\":\"2024-03-04T13:00:17+00:00\",\"description\":\"Get high-quality Dutch Instagram Impressions to enhance your profile's visibility and engagement. Fast delivery and reliable service.\",\"breadcrumb\":{\"@id\":\"https:\/\/www.nordshark.com\/product\/buy-dutch-instagram-impressions\/#breadcrumb\"},\"inLanguage\":\"de\",\"potentialAction\":[{\"@type\":\"ReadAction\",\"target\":[\"https:\/\/www.nordshark.com\/product\/buy-dutch-instagram-impressions\/\"]}]},{\"@type\":\"ImageObject\",\"inLanguage\":\"de\",\"@id\":\"https:\/\/www.nordshark.com\/product\/buy-dutch-instagram-impressions\/#primaryimage\",\"url\":\"https:\/\/www.nordshark.com\/wp-content\/uploads\/2024\/02\/Dutch.Impressions.jpg\",\"contentUrl\":\"https:\/\/www.nordshark.com\/wp-content\/uploads\/2024\/02\/Dutch.Impressions.jpg\",\"width\":800,\"height\":800,\"caption\":\"Buy Dutch Instagram Impressions\"},{\"@type\":\"BreadcrumbList\",\"@id\":\"https:\/\/www.nordshark.com\/product\/buy-dutch-instagram-impressions\/#breadcrumb\",\"itemListElement\":[{\"@type\":\"ListItem\",\"position\":1,\"name\":\"Home\",\"item\":\"https:\/\/www.nordshark.com\/\"},{\"@type\":\"ListItem\",\"position\":2,\"name\":\"Shop\",\"item\":\"https:\/\/www.nordshark.com\/shop\/\"},{\"@type\":\"ListItem\",\"position\":3,\"name\":\"Dutch Instagram Impressions\"}]},{\"@type\":\"WebSite\",\"@id\":\"https:\/\/www.nordshark.com\/#website\",\"url\":\"https:\/\/www.nordshark.com\/\",\"name\":\"Nordshark\",\"description\":\"\",\"potentialAction\":[{\"@type\":\"SearchAction\",\"target\":{\"@type\":\"EntryPoint\",\"urlTemplate\":\"https:\/\/www.nordshark.com\/?s={search_term_string}\"},\"query-input\":{\"@type\":\"PropertyValueSpecification\",\"valueRequired\":true,\"valueName\":\"search_term_string\"}}],\"inLanguage\":\"de\"}]}<\/script>\n<meta property=\"og:availability\" content=\"instock\" \/>\n<meta property=\"product:availability\" content=\"instock\" \/>\n<meta property=\"product:condition\" content=\"new\" \/>\n<!-- \/ Yoast SEO Premium plugin. -->","yoast_head_json":{"title":"Buy Dutch Instagram Impressions | Boost Your Visibility","description":"Get high-quality Dutch Instagram Impressions to enhance your profile's visibility and engagement. Fast delivery and reliable service.","robots":{"index":"index","follow":"follow","max-snippet":"max-snippet:-1","max-image-preview":"max-image-preview:large","max-video-preview":"max-video-preview:-1"},"canonical":"https:\/\/www.nordshark.com\/de\/product\/buy-dutch-instagram-impressions\/","og_locale":"de_DE","og_type":"article","og_title":"Dutch Instagram Impressions","og_description":"Get high-quality Dutch Instagram Impressions to enhance your profile's visibility and engagement. Fast delivery and reliable service.","og_url":"https:\/\/www.nordshark.com\/de\/product\/buy-dutch-instagram-impressions\/","og_site_name":"Nordshark","article_modified_time":"2024-03-04T13:00:17+00:00","og_image":[{"width":800,"height":800,"url":"https:\/\/www.nordshark.com\/wp-content\/uploads\/2024\/02\/Dutch.Impressions.jpg","type":"image\/jpeg"}],"twitter_card":"summary_large_image","twitter_misc":{"Verf\u00fcgbarkeit":"Auf Lager"},"schema":{"@context":"https:\/\/schema.org","@graph":[{"@type":"WebPage","@id":"https:\/\/www.nordshark.com\/product\/buy-dutch-instagram-impressions\/","url":"https:\/\/www.nordshark.com\/product\/buy-dutch-instagram-impressions\/","name":"Buy Dutch Instagram Impressions | Boost Your Visibility","isPartOf":{"@id":"https:\/\/www.nordshark.com\/#website"},"primaryImageOfPage":{"@id":"https:\/\/www.nordshark.com\/product\/buy-dutch-instagram-impressions\/#primaryimage"},"image":{"@id":"https:\/\/www.nordshark.com\/product\/buy-dutch-instagram-impressions\/#primaryimage"},"thumbnailUrl":"https:\/\/www.nordshark.com\/wp-content\/uploads\/2024\/02\/Dutch.Impressions.jpg","datePublished":"2024-02-28T20:37:29+00:00","dateModified":"2024-03-04T13:00:17+00:00","description":"Get high-quality Dutch Instagram Impressions to enhance your profile's visibility and engagement. Fast delivery and reliable service.","breadcrumb":{"@id":"https:\/\/www.nordshark.com\/product\/buy-dutch-instagram-impressions\/#breadcrumb"},"inLanguage":"de","potentialAction":[{"@type":"ReadAction","target":["https:\/\/www.nordshark.com\/product\/buy-dutch-instagram-impressions\/"]}]},{"@type":"ImageObject","inLanguage":"de","@id":"https:\/\/www.nordshark.com\/product\/buy-dutch-instagram-impressions\/#primaryimage","url":"https:\/\/www.nordshark.com\/wp-content\/uploads\/2024\/02\/Dutch.Impressions.jpg","contentUrl":"https:\/\/www.nordshark.com\/wp-content\/uploads\/2024\/02\/Dutch.Impressions.jpg","width":800,"height":800,"caption":"Buy Dutch Instagram Impressions"},{"@type":"BreadcrumbList","@id":"https:\/\/www.nordshark.com\/product\/buy-dutch-instagram-impressions\/#breadcrumb","itemListElement":[{"@type":"ListItem","position":1,"name":"Home","item":"https:\/\/www.nordshark.com\/"},{"@type":"ListItem","position":2,"name":"Shop","item":"https:\/\/www.nordshark.com\/shop\/"},{"@type":"ListItem","position":3,"name":"Dutch Instagram Impressions"}]},{"@type":"WebSite","@id":"https:\/\/www.nordshark.com\/#website","url":"https:\/\/www.nordshark.com\/","name":"Nordshark","description":"","potentialAction":[{"@type":"SearchAction","target":{"@type":"EntryPoint","urlTemplate":"https:\/\/www.nordshark.com\/?s={search_term_string}"},"query-input":{"@type":"PropertyValueSpecification","valueRequired":true,"valueName":"search_term_string"}}],"inLanguage":"de"}]},"og_availability":"instock","product_availability":"instock","product_condition":"new"},"_links":{"self":[{"href":"https:\/\/www.nordshark.com\/de\/wp-json\/wp\/v2\/product\/2014","targetHints":{"allow":["GET"]}}],"collection":[{"href":"https:\/\/www.nordshark.com\/de\/wp-json\/wp\/v2\/product"}],"about":[{"href":"https:\/\/www.nordshark.com\/de\/wp-json\/wp\/v2\/types\/product"}],"replies":[{"embeddable":true,"href":"https:\/\/www.nordshark.com\/de\/wp-json\/wp\/v2\/comments?post=2014"}],"wp:featuredmedia":[{"embeddable":true,"href":"https:\/\/www.nordshark.com\/de\/wp-json\/wp\/v2\/media\/2025"}],"wp:attachment":[{"href":"https:\/\/www.nordshark.com\/de\/wp-json\/wp\/v2\/media?parent=2014"}],"wp:term":[{"taxonomy":"product_cat","embeddable":true,"href":"https:\/\/www.nordshark.com\/de\/wp-json\/wp\/v2\/product_cat?post=2014"},{"taxonomy":"product_tag","embeddable":true,"href":"https:\/\/www.nordshark.com\/de\/wp-json\/wp\/v2\/product_tag?post=2014"}],"curies":[{"name":"wp","href":"https:\/\/api.w.org\/{rel}","templated":true}]}}