{"id":1330,"date":"2024-02-22T22:51:22","date_gmt":"2024-02-22T21:51:22","guid":{"rendered":"https:\/\/www.nordshark.com\/?page_id=1330"},"modified":"2024-02-22T23:27:31","modified_gmt":"2024-02-22T22:27:31","slug":"cookie-policy","status":"publish","type":"page","link":"https:\/\/www.nordshark.com\/de\/policies\/cookie-policy\/","title":{"rendered":"Cookie-Richtlinie"},"content":{"rendered":"<div id=\"fws_69fb44f3827d6\"  data-column-margin=\"default\" data-midnight=\"dark\" data-nectar-animated-gradient-settings=\"{&quot;color_1&quot;:&quot;#000000&quot;,&quot;color_2&quot;:&quot;#080035&quot;,&quot;speed&quot;:&quot;850&quot;,&quot;blending_mode&quot;:&quot;organic&quot;}\"  class=\"wpb_row vc_row-fluid vc_row full-width-content vc_row-o-equal-height vc_row-flex vc_row-o-content-middle  clip-path-start-desktop-0-0-0-0-0 clip-path-end-desktop-0-0-0-0-0 clip-path-start-tablet-0-0-0-0-0 clip-path-end-tablet-0-0-0-0-0 clip-path-start-phone-0-0-0-0-0 clip-path-end-phone-50px-24px-24px-24px-0 clip-path-entire-row nectar-overflow-hidden\"  style=\"padding-top: 0px; padding-bottom: 0px; \"><div class=\"row-bg-wrap has-animated-gradient\" data-bg-animation=\"clip-path\" data-bg-animation-delay=\"1000\" data-bg-overlay=\"false\"><div class=\"inner-wrap row-bg-layer\" style=\"background-color: #0a0a0a;\" ><div class=\"row-bg viewport-desktop using-bg-color\"  style=\"background-color: #0a0a0a; \"><\/div><\/div><\/div><div class=\"row_col_wrap_12 col span_12 dark left\">\n\t<div  class=\"vc_col-sm-12 wpb_column column_container vc_column_container col no-extra-padding column_position_static el_spacing_0px inherit_tablet inherit_phone\"  data-padding-pos=\"all\" data-has-bg-color=\"false\" data-bg-color=\"\" data-bg-opacity=\"1\" data-animation=\"\" data-delay=\"0\" data-scroll-animation=\"true\" data-scroll-animation-movement=\"default\" data-scroll-animation-mobile=\"\" data-scroll-animation-intensity=\"-4\" >\n\t\t<div class=\"vc_column-inner\" >\n\t\t\t<div class=\"wpb_wrapper\">\n\t\t\t\t<div id=\"fws_69fb44f38293b\" data-midnight=\"\" data-column-margin=\"default\" class=\"wpb_row vc_row-fluid vc_row inner_row  right_padding_phone_14pct left_padding_phone_14pct\"  style=\"padding-top: 10%; padding-bottom: 10%; \"><div class=\"row-bg-wrap\"> <div class=\"row-bg\" ><\/div> <\/div><div class=\"row_col_wrap_12_inner col span_12  left\">\n\t<div style=\" color: #ffffff;\" class=\"vc_col-sm-12 wpb_column column_container vc_column_container col child_column centered-text has-animation\" data-cfc=\"true\"  data-padding-pos=\"all\" data-has-bg-color=\"false\" data-bg-color=\"\" data-bg-opacity=\"1\" data-animation=\"slight-twist\" data-delay=\"200\" data-animation-easing=\"easeInOutCubic\" >\n\t\t<div class=\"vc_column-inner\" >\n\t\t<div class=\"wpb_wrapper\">\n\t\t\t<div class=\"nectar-highlighted-text font_size_6vw font_size_tablet_6vw font_size_phone_10vw font_line_height_1-1 ease_out\" data-style=\"scribble\" data-exp=\"default\" data-using-custom-color=\"false\" data-animation-delay=\"1000\" data-color=\"\" data-color-gradient=\"\" style=\"\"><h1><strong><em>Cookie-Richtlinie<svg class=\"nectar-scribble basic-underline\" role=\"presentation\" viewbox=\"-400 -55 730 60\" preserveaspectratio=\"none\"><path style=\"animation-duration: 1.8s;\" d=\"m -383.25 -6 c 55.25 -22 130.75 -33.5 293.25 -38 c 54.5 -0.5 195 -2.5 401 15\" stroke=\"#ffffff\" pathlength=\"1\" stroke-width=\"8\" fill=\"none\"\/><\/svg><\/em><\/strong><\/h1>\n<\/div>\n\t\t<\/div> \n\t<\/div>\n\t<\/div> \n<\/div><\/div><div id=\"fws_69fb44f382a5c\" data-midnight=\"\" data-column-margin=\"none\" class=\"wpb_row vc_row-fluid vc_row inner_row  row_position_absolute bottom_position_desktop_60px right_position_desktop_60px\"  style=\" z-index: 10;\"><div class=\"row-bg-wrap\"> <div class=\"row-bg\" ><\/div> <\/div><div class=\"row_col_wrap_12_inner col span_12  left\">\n\t<div style=\" color: #ffffff;\" class=\"vc_col-sm-12 vc_hidden-sm vc_hidden-xs wpb_column column_container vc_column_container col child_column centered-text has-animation no-extra-padding el_spacing_0px inherit_tablet inherit_phone\" data-cfc=\"true\"  data-padding-pos=\"all\" data-has-bg-color=\"false\" data-bg-color=\"\" data-bg-opacity=\"1\" data-animation=\"fade-in\" data-delay=\"1300\" data-animation-offset=\"100%\" >\n\t\t<div class=\"vc_column-inner\" >\n\t\t<div class=\"wpb_wrapper\">\n\t\t\t<div class=\"nectar-lottie-wrap width_desktop_55px alignment_center\"><div class=\"nectar-lottie\" data-lottie-settings=\"{&quot;trigger_type&quot;:&quot;play&quot;,&quot;mobile_func&quot;:&quot;default&quot;,&quot;loop&quot;:&quot;true&quot;,&quot;trigger_offset&quot;:&quot;0.00,100.00&quot;,&quot;frame_constraint&quot;:&quot;0.00,100.00&quot;,&quot;speed&quot;:&quot;0.8&quot;,&quot;width_desktop&quot;:&quot;55px&quot;,&quot;alignment&quot;:&quot;center&quot;,&quot;preserve_aspect_ratio&quot;:&quot;xMidYMid meet&quot;,&quot;json_url&quot;:&quot;https:\\\/\\\/assets1.lottiefiles.com\\\/packages\\\/lf20_9r65d17y.json&quot;,&quot;box_shadow_method&quot;:&quot;filter&quot;}\"><\/div><\/div><div class=\"nectar-responsive-text font_line_height_1-3 nectar-link-underline-effect\"><p><strong>Nordshark<\/strong><\/p>\n<\/div><div class=\"nectar-responsive-text font_size_desktop_0-9em font_line_height_1-3 nectar-link-underline-effect\"><p><i>Letztes Update: <strong>12.12.2023<\/strong><\/i><\/p>\n<\/div>\n\t\t<\/div> \n\t<\/div>\n\t<\/div> \n<\/div><\/div>\n\t\t\t<\/div> \n\t\t<\/div>\n\t<\/div> \n<\/div><\/div>\n\t\t<div id=\"fws_69fb44f382c2e\"  data-column-margin=\"default\" data-midnight=\"dark\"  class=\"wpb_row vc_row-fluid vc_row full-width-section\"  style=\"padding-top: 0px; padding-bottom: 0px; \"><div class=\"row-bg-wrap\" data-bg-animation=\"none\" data-bg-animation-delay=\"\" data-bg-overlay=\"false\"><div class=\"inner-wrap row-bg-layer\" ><div class=\"row-bg viewport-desktop using-bg-color\"  style=\"background-color: #000000; \"><\/div><\/div><\/div><div class=\"row_col_wrap_12 col span_12 dark left\">\n\t<div style=\" color: #ffffff;\" class=\"vc_col-sm-12 wpb_column column_container vc_column_container col no-extra-padding inherit_tablet inherit_phone\" data-cfc=\"true\"  data-padding-pos=\"all\" data-has-bg-color=\"false\" data-bg-color=\"\" data-bg-opacity=\"1\" data-animation=\"\" data-delay=\"0\" >\n\t\t<div class=\"vc_column-inner\" >\n\t\t\t<div class=\"wpb_wrapper\">\n\t\t\t\t<div id=\"fws_69fb44f382d82\" data-midnight=\"\" data-column-margin=\"default\" class=\"wpb_row vc_row-fluid vc_row inner_row  right_padding_10pct left_padding_10pct\"  style=\"padding-top: 5%; padding-bottom: 5%; \"><div class=\"row-bg-wrap\"> <div class=\"row-bg\" ><\/div> <\/div><div class=\"row_col_wrap_12_inner col span_12  left\">\n\t<div  class=\"vc_col-sm-12 wpb_column column_container vc_column_container col child_column no-extra-padding inherit_tablet inherit_phone\"   data-padding-pos=\"all\" data-has-bg-color=\"false\" data-bg-color=\"\" data-bg-opacity=\"1\" data-animation=\"\" data-delay=\"0\" >\n\t\t<div class=\"vc_column-inner\" >\n\t\t<div class=\"wpb_wrapper\">\n\t\t\t\n<div class=\"wpb_text_column wpb_content_element\" >\n\t<div class=\"wpb_wrapper\">\n\t\t<div data-custom-class=\"body\">\n<div><strong><span data-custom-class=\"subtitle\">Zuletzt aktualisiert am 28. Dezember 2023<\/span><\/strong><\/div>\n<div><\/div>\n<div><span data-custom-class=\"body_text\">Diese Cookie-Richtlinie erkl\u00e4rt, wie NordShark (&#8220;<strong>Firma<\/strong>,&#8221; &#8220;<strong>wir<\/strong>,&#8221; &#8220;<strong>uns<\/strong>, and<strong>unser<\/strong>Wir verwenden Cookies und \u00e4hnliche Technologien, um Sie zu erkennen, wenn Sie unsere Website besuchen. \u00a0<\/span><span data-custom-class=\"body_text\">https:\/\/www.NordShark.com<\/span><span data-custom-class=\"body_text\"> (&#8220;<strong>Website<\/strong>). Es erkl\u00e4rt, was diese Technologien sind und warum wir sie verwenden, sowie Ihre Rechte, unsere Verwendung von ihnen zu kontrollieren.<\/span><\/div>\n<div><\/div>\n<div><span data-custom-class=\"body_text\">In einigen F\u00e4llen k\u00f6nnen wir Cookies verwenden, um personenbezogene Informationen zu sammeln oder Informationen, die in Verbindung mit anderen Informationen personenbezogen werden k\u00f6nnen.<\/span><\/div>\n<div><\/div>\n<div><strong><span data-custom-class=\"heading_1\">Was sind Cookies?<\/span><\/strong><\/div>\n<div><\/div>\n<div><span data-custom-class=\"body_text\">Cookies sind kleine Daten-Dateien, die auf deinem Computer oder Mobilger\u00e4t platziert werden, wenn du eine Website besuchst. Cookies werden von Website-Besitzern weit verbreitet genutzt, um ihre Websites zum Laufen zu bringen oder effizienter zu machen und um Berichtsinformationen bereitzustellen.<\/span><\/div>\n<div><\/div>\n<div><span data-custom-class=\"body_text\">Cookies, die von der Website-Betreiberin (in diesem Fall NordShark) gesetzt werden, werden \"first-party cookies\" genannt. Cookies, die von anderen Parteien als der Website-Betreiberin gesetzt werden, werden \"third-party cookies\" genannt. Third-party cookies erm\u00f6glichen es, dass Funktionen oder Inhalte von Dritten auf der Website zur Verf\u00fcgung gestellt werden (z.B. Werbung, interaktive Inhalte und Analysen). Die Parteien, die diese third-party cookies setzen, k\u00f6nnen deinen Computer sowohl erkennen, wenn er die betreffende Website besucht, als auch wenn er bestimmte andere Websites besucht.<\/span><\/div>\n<div><\/div>\n<div><strong><span data-custom-class=\"heading_1\">Warum benutzen wir Cookies?<\/span><\/strong><\/div>\n<div><\/div>\n<div><span data-custom-class=\"body_text\">Wir verwenden Erst- und Drittanbieter-Cookies aus verschiedenen Gr\u00fcnden. Einige Cookies sind aus technischen Gr\u00fcnden erforderlich, damit unsere Website funktioniert, und wir bezeichnen diese als \"essentielle\" oder \"strikt notwendige\" Cookies. Andere Cookies erm\u00f6glichen es uns auch, die Interessen unserer Benutzer zu verfolgen und zu targeten, um die Erfahrung auf unseren Online-Plattformen zu verbessern. Dritte setzen Cookies \u00fcber unsere Website f\u00fcr Werbung, Analyse und andere Zwecke. Dies wird unten genauer beschrieben.<\/span><\/div>\n<div><\/div>\n<div><span id=\"control\"><strong><span data-custom-class=\"heading_1\">Wie kann ich Cookies kontrollieren?<\/span><\/strong><\/span><\/div>\n<div><\/div>\n<div><span data-custom-class=\"body_text\">Du hast das Recht zu entscheiden, ob du Cookies akzeptieren oder ablehnen m\u00f6chtest. Du kannst deine Cookie-Einstellungen im Cookie-Consent-Manager festlegen. Der Cookie-Consent-Manager erm\u00f6glicht es dir, auszuw\u00e4hlen, welche Kategorien von Cookies du akzeptierst oder ablehnst. Wesentliche Cookies k\u00f6nnen nicht abgelehnt werden, da sie f\u00fcr die Bereitstellung von Diensten unbedingt erforderlich sind.<\/span><\/div>\n<div><\/div>\n<div><span data-custom-class=\"body_text\">Der Cookie-Einwilligungsmanager befindet sich im Benachrichtigungsbanner und auf unserer Website. Wenn du dich daf\u00fcr entscheidest, Cookies abzulehnen, kannst du unsere Website dennoch nutzen, jedoch kann dein Zugriff auf bestimmte Funktionen und Bereiche unserer Website eingeschr\u00e4nkt sein. Du kannst auch deine Webbrowser-Einstellungen setzen oder \u00e4ndern, um Cookies zu akzeptieren oder abzulehnen.<\/span><\/div>\n<div><\/div>\n<div><span data-custom-class=\"body_text\">Die spezifischen Arten von First- und Third-Party-Cookies, die \u00fcber unsere Website bereitgestellt werden, sowie die Zwecke, die sie erf\u00fcllen, sind in der untenstehenden Tabelle beschrieben (bitte beachten Sie, dass die spezifischen\u00a0<\/span><span data-custom-class=\"body_text\">Die angebotenen Cookies k\u00f6nnen je nach den besuchten spezifischen Online-Eigenschaften variieren.<\/span><\/div>\n<div><span data-custom-class=\"heading_2\"><strong><u><br \/>\nWerbungscookies<\/u><\/strong><\/span><\/div>\n<div>\n<p><span data-custom-class=\"body_text\">Diese Cookies werden verwendet, um Werbenachrichten f\u00fcr dich relevanter zu machen. Sie erf\u00fcllen Funktionen wie das Verhindern, dass dieselbe Anzeige kontinuierlich wieder erscheint, das korrekte Anzeigen von Anzeigen f\u00fcr Werbetreibende und in einigen F\u00e4llen das Ausw\u00e4hlen von Anzeigen, die auf deinen Interessen basieren.<\/span><\/p>\n<div><\/div>\n<\/div>\n<div><span data-custom-class=\"heading_2\"><strong><u>Unklassifizierte Kekse:<\/u><\/strong><\/span><\/div>\n<div>\n<p><span data-custom-class=\"body_text\">Das sind Cookies, die noch nicht kategorisiert wurden. Wir sind gerade dabei, diese Cookies mithilfe ihrer Anbieter zu klassifizieren.<\/span><\/p>\n<\/div>\n<div><strong><span data-custom-class=\"heading_1\">Wie kann ich Cookies in meinem Browser kontrollieren?<\/span><\/strong><\/div>\n<div><\/div>\n<div><span data-custom-class=\"body_text\">Da die M\u00f6glichkeiten, Cookies \u00fcber die Webbrowser-Steuerungen abzulehnen, von Browser zu Browser variieren, solltest du das Hilfe-Men\u00fc deines Browsers besuchen, um weitere Informationen zu erhalten. Im Folgenden findest du Informationen zur Verwaltung von Cookies in den beliebtesten Browsern.<\/span><\/div>\n<ul>\n<li><span data-custom-class=\"link\">Chrome<\/span><\/li>\n<li><span data-custom-class=\"link\">Internet Explorer<\/span><\/li>\n<li><span data-custom-class=\"link\">Feuerfuchs<\/span><\/li>\n<li><span data-custom-class=\"link\">Safari<\/span><\/li>\n<li><span data-custom-class=\"link\">Kante<\/span><\/li>\n<li><span data-custom-class=\"link\">Oper<\/span><\/li>\n<\/ul>\n<div><span data-custom-class=\"body_text\">Au\u00dferdem bieten die meisten Werbenetzwerke eine M\u00f6glichkeit, sich von zielgerichteter Werbung abzumelden. Wenn du weitere Informationen erhalten m\u00f6chtest, besuche bitte:<\/span><\/div>\n<ul>\n<li><span data-custom-class=\"link\">Digitale Werbeallianz<\/span><\/li>\n<li><span data-custom-class=\"link\">Digitale Werbeallianz Kanadas<\/span><\/li>\n<li><span data-custom-class=\"body_text\">Europ\u00e4ische Interaktive Digitalwerbung Allianz<\/span><\/li>\n<\/ul>\n<div><\/div>\n<div><strong><span data-custom-class=\"heading_1\">Was ist mit anderen Tracking-Technologien wie Web-Beacons?<\/span><\/strong><\/div>\n<div><\/div>\n<div><span data-custom-class=\"body_text\">Kekse sind nicht der einzige Weg.\u00a0<\/span><span data-custom-class=\"body_text\">Besucher einer Website erkennen oder verfolgen. Gelegentlich nutzen wir auch \u00e4hnliche Technologien wie Web-Beacons (manchmal auch \"Tracking-Pixel\" oder \"Clear-Gifs\" genannt). Dabei handelt es sich um winzige Grafikdateien, die eine eindeutige Kennung enthalten und es uns erm\u00f6glichen, zu erkennen, wann jemand unsere Website besucht oder eine E-Mail \u00f6ffnet, die sie enth\u00e4lt. Dies erm\u00f6glicht es uns zum Beispiel, zu \u00fcberwachen...\u00a0<\/span><span data-custom-class=\"body_text\">Die Verkehrsverl\u00e4ufe der Nutzer von einer Seite innerhalb einer Website zur anderen, um Cookies zu \u00fcbermitteln oder zu kommunizieren, um herauszufinden, ob Sie \u00fcber eine Online-Anzeige auf einer Website von Drittanbietern auf die Website gelangt sind, um die Leistung der Website zu verbessern und den Erfolg von E-Mail-Marketing-Kampagnen zu messen. In vielen F\u00e4llen sind diese Technologien auf Cookies angewiesen, um ordnungsgem\u00e4\u00df zu funktionieren, und das Ablehnen von Cookies beeintr\u00e4chtigt ihre Funktion.<\/span><\/div>\n<div><\/div>\n<div><strong><span data-custom-class=\"heading_1\">Verwendest du Flash-Cookies oder lokale gemeinsam genutzte Objekte?<\/span><\/strong><\/div>\n<div><\/div>\n<div><span data-custom-class=\"body_text\">Websites k\u00f6nnen auch sogenannte \"Flash-Cookies\" (auch bekannt als Local Shared Objects oder \"LSOs\") verwenden, um unter anderem Informationen \u00fcber Ihre Nutzung unserer Dienste zu sammeln und zu speichern, Betrugsvorbeugung zu betreiben und andere Funktionen der Website durchzuf\u00fchren.<\/span><\/div>\n<div><\/div>\n<div><span data-custom-class=\"body_text\">Wenn du nicht m\u00f6chtest, dass Flash-Cookies auf deinem Computer gespeichert werden, kannst du die Einstellungen deines Flash-Players anpassen, um die Speicherung von Flash-Cookies mithilfe der in den Tools enthaltenen Funktionen zu blockieren.\u00a0<\/span><span data-custom-class=\"body_text\">Website-Einstellungen f\u00fcr den Speicher. Du kannst auch Flash-Cookies kontrollieren, indem du zum Globalen Speicher-Einstellungen-Panel gehst.<\/span><span data-custom-class=\"body_text\">\u00a0und\u00a0<\/span><span data-custom-class=\"body_text\">Den Anweisungen folgen (die m\u00f6glicherweise Anweisungen enthalten, die erkl\u00e4ren, wie vorhandene Flash-Cookies gel\u00f6scht werden k\u00f6nnen (als \"Informationen\" auf der Macromedia-Website bezeichnet), wie verhindert wird, dass Flash-LSOs ohne Ihre Zustimmung auf Ihrem Computer platziert werden, und (f\u00fcr Flash Player 8 und sp\u00e4ter) wie Flash-Cookies blockiert werden, die nicht vom Betreiber der Seite geliefert werden, auf der Sie sich gerade befinden).<\/span><\/div>\n<div><\/div>\n<div><span data-custom-class=\"body_text\">Bitte beachte, dass das Einschr\u00e4nken oder Begrenzen der Annahme von Flash-Cookies durch den Flash Player die Funktionalit\u00e4t einiger Flash-Anwendungen beeintr\u00e4chtigen kann, einschlie\u00dflich m\u00f6glicherweise von Flash-Anwendungen, die im Zusammenhang mit unseren Diensten oder Online-Inhalten verwendet werden.<\/span><\/div>\n<div><\/div>\n<div><strong><span data-custom-class=\"heading_1\">Bedienst du gezielte Werbung?<\/span><\/strong><\/div>\n<div><\/div>\n<div><span data-custom-class=\"body_text\">Dritte k\u00f6nnen Cookies auf Ihrem Computer oder mobilen Ger\u00e4t platzieren, um \u00fcber unsere Website Werbung zu schalten. Diese Unternehmen k\u00f6nnen Informationen \u00fcber Ihre Besuche auf dieser und anderen Websites verwenden, um relevante Anzeigen f\u00fcr Waren und Dienstleistungen, an denen Sie interessiert sein k\u00f6nnten, bereitzustellen. Sie k\u00f6nnen auch Technologien einsetzen, um die Effektivit\u00e4t von Anzeigen zu messen. Dies k\u00f6nnen sie erreichen, indem sie Cookies oder Web-Beacons verwenden, um Informationen \u00fcber Ihre Besuche auf dieser und anderen Websites zu sammeln und relevante Anzeigen f\u00fcr Waren und Dienstleistungen von potenziellem Interesse f\u00fcr Sie bereitzustellen. Die im Rahmen dieses Prozesses gesammelten Informationen erm\u00f6glichen es uns oder ihnen nicht, Ihren Namen, Ihre Kontaktdaten oder andere Informationen, die Sie direkt identifizieren, zu identifizieren, es sei denn, Sie entscheiden sich daf\u00fcr, diese Informationen bereitzustellen.<\/span><\/div>\n<div><\/div>\n<div><strong><span data-custom-class=\"heading_1\">Wie oft wirst du diese Cookie-Richtlinie aktualisieren?<\/span><\/strong><\/div>\n<div><\/div>\n<div><span data-custom-class=\"body_text\">Wir k\u00f6nnten ein Update machen.\u00a0<\/span><span data-custom-class=\"body_text\">Diese Cookie-Richtlinie wird von Zeit zu Zeit aktualisiert, um beispielsweise \u00c4nderungen an den von uns verwendeten Cookies oder aus betrieblichen, rechtlichen oder regulatorischen Gr\u00fcnden widerzuspiegeln. Bitte besuchen Sie daher regelm\u00e4\u00dfig diese Cookie-Richtlinie, um \u00fcber unsere Verwendung von Cookies und verwandten Technologien informiert zu bleiben.<\/span><\/div>\n<div><\/div>\n<div><span data-custom-class=\"body_text\">Das Datum oben in dieser Cookie-Richtlinie zeigt an, wann sie zuletzt aktualisiert wurde.<\/span><\/div>\n<div><\/div>\n<div><strong><span data-custom-class=\"heading_1\">Wo kann ich weitere Informationen bekommen?<\/span><\/strong><\/div>\n<div><\/div>\n<div><span data-custom-class=\"body_text\">Wenn du Fragen zu unserer Verwendung von Cookies oder anderen Technologien hast, schreibe uns bitte eine E-Mail an support@NordShark.com oder per Post an:<\/span><\/div>\n<div><span data-custom-class=\"body_text\">\u00a0<\/span><\/div>\n<div>NordShark<\/div>\n<div><span data-custom-class=\"body_text\">An d. Welle 4, 60322 Frankfurt am Main, Germany<\/span><\/div>\n<div><span data-custom-class=\"body_text\">Frankfurt am Main, Hessen 60322<\/span><\/div>\n<div><span data-custom-class=\"body_text\">Deutschland<\/span><\/div>\n<div><span data-custom-class=\"body_text\">Telefon: (+49)69 2044 6662<\/span><\/div>\n<div><span data-custom-class=\"body_text\">Fax: (+49)69 2044 6662<\/span><\/div>\n<\/div>\n\t<\/div>\n<\/div>\n\n\n\n\n\t\t<\/div> \n\t<\/div>\n\t<\/div> \n<\/div><\/div>\n\t\t\t<\/div> \n\t\t<\/div>\n\t<\/div> \n<\/div><\/div>","protected":false},"excerpt":{"rendered":"Cookie Policy Nordshark Last Update: 12.12.2023 Last updated December 28, 2023 This Cookie Policy explains how NordShark (\"Company,\" \"we,\" \"us,\" and \"our\") uses cookies and similar technologies to recognize you...","protected":false},"author":1,"featured_media":0,"parent":1304,"menu_order":0,"comment_status":"closed","ping_status":"closed","template":"","meta":{"inline_featured_image":false,"footnotes":""},"class_list":["post-1330","page","type-page","status-publish"],"yoast_head":"<!-- This site is optimized with the Yoast SEO Premium plugin v23.6 (Yoast SEO v24.1) - https:\/\/yoast.com\/wordpress\/plugins\/seo\/ -->\n<title>Cookie Policy - Nordshark<\/title>\n<meta name=\"robots\" content=\"index, follow, max-snippet:-1, max-image-preview:large, max-video-preview:-1\" \/>\n<link rel=\"canonical\" href=\"https:\/\/www.nordshark.com\/de\/policies\/cookie-policy\/\" \/>\n<meta property=\"og:locale\" content=\"de_DE\" \/>\n<meta property=\"og:type\" content=\"article\" \/>\n<meta property=\"og:title\" content=\"Cookie Policy\" \/>\n<meta property=\"og:url\" content=\"https:\/\/www.nordshark.com\/de\/policies\/cookie-policy\/\" \/>\n<meta property=\"og:site_name\" content=\"Nordshark\" \/>\n<meta property=\"article:modified_time\" content=\"2024-02-22T22:27:31+00:00\" \/>\n<meta name=\"twitter:card\" content=\"summary_large_image\" \/>\n<meta name=\"twitter:label1\" content=\"Gesch\u00e4tzte Lesezeit\" \/>\n\t<meta name=\"twitter:data1\" content=\"7\u00a0Minuten\" \/>\n<script type=\"application\/ld+json\" class=\"yoast-schema-graph\">{\"@context\":\"https:\/\/schema.org\",\"@graph\":[{\"@type\":\"WebPage\",\"@id\":\"https:\/\/www.nordshark.com\/policies\/cookie-policy\/\",\"url\":\"https:\/\/www.nordshark.com\/policies\/cookie-policy\/\",\"name\":\"Cookie Policy - Nordshark\",\"isPartOf\":{\"@id\":\"https:\/\/www.nordshark.com\/#website\"},\"datePublished\":\"2024-02-22T21:51:22+00:00\",\"dateModified\":\"2024-02-22T22:27:31+00:00\",\"breadcrumb\":{\"@id\":\"https:\/\/www.nordshark.com\/policies\/cookie-policy\/#breadcrumb\"},\"inLanguage\":\"de\",\"potentialAction\":[{\"@type\":\"ReadAction\",\"target\":[\"https:\/\/www.nordshark.com\/policies\/cookie-policy\/\"]}]},{\"@type\":\"BreadcrumbList\",\"@id\":\"https:\/\/www.nordshark.com\/policies\/cookie-policy\/#breadcrumb\",\"itemListElement\":[{\"@type\":\"ListItem\",\"position\":1,\"name\":\"Home\",\"item\":\"https:\/\/www.nordshark.com\/\"},{\"@type\":\"ListItem\",\"position\":2,\"name\":\"Policies\",\"item\":\"https:\/\/www.nordshark.com\/policies\/\"},{\"@type\":\"ListItem\",\"position\":3,\"name\":\"Cookie Policy\"}]},{\"@type\":\"WebSite\",\"@id\":\"https:\/\/www.nordshark.com\/#website\",\"url\":\"https:\/\/www.nordshark.com\/\",\"name\":\"Nordshark\",\"description\":\"\",\"potentialAction\":[{\"@type\":\"SearchAction\",\"target\":{\"@type\":\"EntryPoint\",\"urlTemplate\":\"https:\/\/www.nordshark.com\/?s={search_term_string}\"},\"query-input\":{\"@type\":\"PropertyValueSpecification\",\"valueRequired\":true,\"valueName\":\"search_term_string\"}}],\"inLanguage\":\"de\"}]}<\/script>\n<!-- \/ Yoast SEO Premium plugin. -->","yoast_head_json":{"title":"Cookie Policy - Nordshark","robots":{"index":"index","follow":"follow","max-snippet":"max-snippet:-1","max-image-preview":"max-image-preview:large","max-video-preview":"max-video-preview:-1"},"canonical":"https:\/\/www.nordshark.com\/de\/policies\/cookie-policy\/","og_locale":"de_DE","og_type":"article","og_title":"Cookie Policy","og_url":"https:\/\/www.nordshark.com\/de\/policies\/cookie-policy\/","og_site_name":"Nordshark","article_modified_time":"2024-02-22T22:27:31+00:00","twitter_card":"summary_large_image","twitter_misc":{"Gesch\u00e4tzte Lesezeit":"7\u00a0Minuten"},"schema":{"@context":"https:\/\/schema.org","@graph":[{"@type":"WebPage","@id":"https:\/\/www.nordshark.com\/policies\/cookie-policy\/","url":"https:\/\/www.nordshark.com\/policies\/cookie-policy\/","name":"Cookie Policy - Nordshark","isPartOf":{"@id":"https:\/\/www.nordshark.com\/#website"},"datePublished":"2024-02-22T21:51:22+00:00","dateModified":"2024-02-22T22:27:31+00:00","breadcrumb":{"@id":"https:\/\/www.nordshark.com\/policies\/cookie-policy\/#breadcrumb"},"inLanguage":"de","potentialAction":[{"@type":"ReadAction","target":["https:\/\/www.nordshark.com\/policies\/cookie-policy\/"]}]},{"@type":"BreadcrumbList","@id":"https:\/\/www.nordshark.com\/policies\/cookie-policy\/#breadcrumb","itemListElement":[{"@type":"ListItem","position":1,"name":"Home","item":"https:\/\/www.nordshark.com\/"},{"@type":"ListItem","position":2,"name":"Policies","item":"https:\/\/www.nordshark.com\/policies\/"},{"@type":"ListItem","position":3,"name":"Cookie Policy"}]},{"@type":"WebSite","@id":"https:\/\/www.nordshark.com\/#website","url":"https:\/\/www.nordshark.com\/","name":"Nordshark","description":"","potentialAction":[{"@type":"SearchAction","target":{"@type":"EntryPoint","urlTemplate":"https:\/\/www.nordshark.com\/?s={search_term_string}"},"query-input":{"@type":"PropertyValueSpecification","valueRequired":true,"valueName":"search_term_string"}}],"inLanguage":"de"}]}},"_links":{"self":[{"href":"https:\/\/www.nordshark.com\/de\/wp-json\/wp\/v2\/pages\/1330","targetHints":{"allow":["GET"]}}],"collection":[{"href":"https:\/\/www.nordshark.com\/de\/wp-json\/wp\/v2\/pages"}],"about":[{"href":"https:\/\/www.nordshark.com\/de\/wp-json\/wp\/v2\/types\/page"}],"author":[{"embeddable":true,"href":"https:\/\/www.nordshark.com\/de\/wp-json\/wp\/v2\/users\/1"}],"replies":[{"embeddable":true,"href":"https:\/\/www.nordshark.com\/de\/wp-json\/wp\/v2\/comments?post=1330"}],"version-history":[{"count":8,"href":"https:\/\/www.nordshark.com\/de\/wp-json\/wp\/v2\/pages\/1330\/revisions"}],"predecessor-version":[{"id":1358,"href":"https:\/\/www.nordshark.com\/de\/wp-json\/wp\/v2\/pages\/1330\/revisions\/1358"}],"up":[{"embeddable":true,"href":"https:\/\/www.nordshark.com\/de\/wp-json\/wp\/v2\/pages\/1304"}],"wp:attachment":[{"href":"https:\/\/www.nordshark.com\/de\/wp-json\/wp\/v2\/media?parent=1330"}],"curies":[{"name":"wp","href":"https:\/\/api.w.org\/{rel}","templated":true}]}}